{"id":18446,"date":"2022-02-11T12:01:41","date_gmt":"2022-02-11T10:01:41","guid":{"rendered":"https:\/\/drasanvi.com\/fr\/producto\/azucar-moreno-cana-golden-bio-500-g-ecosana\/"},"modified":"2022-03-10T14:15:47","modified_gmt":"2022-03-10T12:15:47","slug":"azucar-moreno-cana-golden-bio-500-g-ecosana","status":"publish","type":"product","link":"https:\/\/drasanvi.com\/fr\/producto\/azucar-moreno-cana-golden-bio-500-g-ecosana\/","title":{"rendered":"Az\u00facar Moreno Ca\u00f1a Golden Bio 500 g Ecosana"},"content":{"rendered":"<h2>Ingredientes<\/h2>\n<p>Az\u00facar moreno de ca\u00f1a golden*  * Procedente de Agricultura Ecol\u00f3gica.<\/p>\n<h2>Tabla nutricional<\/h2>\n<p>Por 100 g        Valor Energ\u00e9tico  1700 kJ \/ 400 kcal      Grasas  0 g      de las cuales saturadas  0 g      Hidratos de carbono  100 g      de los cuales az\u00facares  100 g      polialcoholes  0 g      Fibra alimentaria  0 g      Prote\u00ednas  0 g      Sal  0 g<\/p>\n<h3>Modo de uso<\/h3>\n<h3>Advertencias<\/h3>\n<p>Conservar en un lugar fresco y seco.&nbsp;<\/p>\n","protected":false},"excerpt":{"rendered":"<p>El az\u00facar de ca\u00f1a se obtiene a partir del jugo de ca\u00f1a de az\u00facar sin procesar ni refinar, procedente de cultivos ecol\u00f3gicos, mediante procesos mec\u00e1nicos que respetan el Medio Ambiente.  El jugo de ca\u00f1a de az\u00facar se evapora con tratamiento t\u00e9rmico para eliminar la humedad gener\u00e1ndose una melaza espesa a partir de la cual se obtienen los distintos tipos de az\u00facares. Despu\u00e9s se cristaliza el az\u00facar, se centrifuga para conseguir el az\u00facar granulado. Dependiendo de la velocidad de centrifugaci\u00f3n, el az\u00facar toma un color m\u00e1s o menos claro. Este az\u00facar moreno tiene un color m\u00e1s dorado que nuestro az\u00facar de ca\u00f1a de siempre. Por ello lo denominamos Golden.  \u00a0<br \/><strong>Contenido:<\/strong>Envase de 500 g<\/p>\n<p><a id=\"boton-ficha\" href=\"https:\/\/panel.drasanvi.com\/fichas\/1\/467010397\" target=\"_blank\" rel=\"noopener\">Ficha t\u00e9cnica<\/a><\/p>\n","protected":false},"featured_media":18448,"template":"","meta":{"inline_featured_image":false},"product_cat":[1309],"product_tag":[],"class_list":["post-18446","product","type-product","status-publish","has-post-thumbnail","hentry","product_cat-sucres-et-edulcorants"],"yoast_head":"<!-- This site is optimized with the Yoast SEO plugin v27.5 - https:\/\/yoast.com\/product\/yoast-seo-wordpress\/ -->\n<title>Az\u00facar Moreno Ca\u00f1a Golden Bio 500 g Ecosana - Drasanvi Francia<\/title>\n<meta name=\"robots\" content=\"index, follow, max-snippet:-1, max-image-preview:large, max-video-preview:-1\" \/>\n<link rel=\"canonical\" href=\"https:\/\/drasanvi.com\/fr\/producto\/azucar-moreno-cana-golden-bio-500-g-ecosana\/\" \/>\n<meta property=\"og:locale\" content=\"fr_FR\" \/>\n<meta property=\"og:type\" content=\"article\" \/>\n<meta property=\"og:title\" content=\"Az\u00facar Moreno Ca\u00f1a Golden Bio 500 g Ecosana - Drasanvi Francia\" \/>\n<meta property=\"og:description\" content=\"El az\u00facar de ca\u00f1a se obtiene a partir del jugo de ca\u00f1a de az\u00facar sin procesar ni refinar, procedente de cultivos ecol\u00f3gicos, mediante procesos mec\u00e1nicos que respetan el Medio Ambiente. El jugo de ca\u00f1a de az\u00facar se evapora con tratamiento t\u00e9rmico para eliminar la humedad gener\u00e1ndose una melaza espesa a partir de la cual se obtienen los distintos tipos de az\u00facares. Despu\u00e9s se cristaliza el az\u00facar, se centrifuga para conseguir el az\u00facar granulado. Dependiendo de la velocidad de centrifugaci\u00f3n, el az\u00facar toma un color m\u00e1s o menos claro. Este az\u00facar moreno tiene un color m\u00e1s dorado que nuestro az\u00facar de ca\u00f1a de siempre. Por ello lo denominamos Golden. \u00a0Contenido:Envase de 500 gFicha t\u00e9cnica\" \/>\n<meta property=\"og:url\" content=\"https:\/\/drasanvi.com\/fr\/producto\/azucar-moreno-cana-golden-bio-500-g-ecosana\/\" \/>\n<meta property=\"og:site_name\" content=\"Drasanvi Francia\" \/>\n<meta property=\"article:modified_time\" content=\"2022-03-10T12:15:47+00:00\" \/>\n<meta property=\"og:image\" content=\"https:\/\/drasanvi.com\/wp-content\/uploads\/sites\/7\/2022\/02\/467010397.png\" \/>\n\t<meta property=\"og:image:width\" content=\"1000\" \/>\n\t<meta property=\"og:image:height\" content=\"1000\" \/>\n\t<meta property=\"og:image:type\" content=\"image\/png\" \/>\n<meta name=\"twitter:card\" content=\"summary_large_image\" \/>\n<script type=\"application\/ld+json\" class=\"yoast-schema-graph\">{\"@context\":\"https:\\\/\\\/schema.org\",\"@graph\":[{\"@type\":\"WebPage\",\"@id\":\"https:\\\/\\\/drasanvi.com\\\/fr\\\/producto\\\/azucar-moreno-cana-golden-bio-500-g-ecosana\\\/\",\"url\":\"https:\\\/\\\/drasanvi.com\\\/fr\\\/producto\\\/azucar-moreno-cana-golden-bio-500-g-ecosana\\\/\",\"name\":\"Az\u00facar Moreno Ca\u00f1a Golden Bio 500 g Ecosana - Drasanvi Francia\",\"isPartOf\":{\"@id\":\"https:\\\/\\\/drasanvi.com\\\/fr\\\/#website\"},\"primaryImageOfPage\":{\"@id\":\"https:\\\/\\\/drasanvi.com\\\/fr\\\/producto\\\/azucar-moreno-cana-golden-bio-500-g-ecosana\\\/#primaryimage\"},\"image\":{\"@id\":\"https:\\\/\\\/drasanvi.com\\\/fr\\\/producto\\\/azucar-moreno-cana-golden-bio-500-g-ecosana\\\/#primaryimage\"},\"thumbnailUrl\":\"https:\\\/\\\/drasanvi.com\\\/fr\\\/wp-content\\\/uploads\\\/sites\\\/7\\\/2022\\\/02\\\/467010397.png\",\"datePublished\":\"2022-02-11T10:01:41+00:00\",\"dateModified\":\"2022-03-10T12:15:47+00:00\",\"breadcrumb\":{\"@id\":\"https:\\\/\\\/drasanvi.com\\\/fr\\\/producto\\\/azucar-moreno-cana-golden-bio-500-g-ecosana\\\/#breadcrumb\"},\"inLanguage\":\"fr-FR\",\"potentialAction\":[{\"@type\":\"ReadAction\",\"target\":[\"https:\\\/\\\/drasanvi.com\\\/fr\\\/producto\\\/azucar-moreno-cana-golden-bio-500-g-ecosana\\\/\"]}]},{\"@type\":\"ImageObject\",\"inLanguage\":\"fr-FR\",\"@id\":\"https:\\\/\\\/drasanvi.com\\\/fr\\\/producto\\\/azucar-moreno-cana-golden-bio-500-g-ecosana\\\/#primaryimage\",\"url\":\"https:\\\/\\\/drasanvi.com\\\/fr\\\/wp-content\\\/uploads\\\/sites\\\/7\\\/2022\\\/02\\\/467010397.png\",\"contentUrl\":\"https:\\\/\\\/drasanvi.com\\\/fr\\\/wp-content\\\/uploads\\\/sites\\\/7\\\/2022\\\/02\\\/467010397.png\",\"width\":1000,\"height\":1000},{\"@type\":\"BreadcrumbList\",\"@id\":\"https:\\\/\\\/drasanvi.com\\\/fr\\\/producto\\\/azucar-moreno-cana-golden-bio-500-g-ecosana\\\/#breadcrumb\",\"itemListElement\":[{\"@type\":\"ListItem\",\"position\":1,\"name\":\"Portada\",\"item\":\"https:\\\/\\\/drasanvi.com\\\/fr\\\/\"},{\"@type\":\"ListItem\",\"position\":2,\"name\":\"Tienda\",\"item\":\"https:\\\/\\\/drasanvi.com\\\/fr\\\/tienda\\\/\"},{\"@type\":\"ListItem\",\"position\":3,\"name\":\"Az\u00facar Moreno Ca\u00f1a Golden Bio 500 g Ecosana\"}]},{\"@type\":\"WebSite\",\"@id\":\"https:\\\/\\\/drasanvi.com\\\/fr\\\/#website\",\"url\":\"https:\\\/\\\/drasanvi.com\\\/fr\\\/\",\"name\":\"Drasanvi Francia\",\"description\":\"L\u00edder en complementos alimenticios y cosm\u00e9tica natural.\",\"publisher\":{\"@id\":\"https:\\\/\\\/drasanvi.com\\\/fr\\\/#organization\"},\"potentialAction\":[{\"@type\":\"SearchAction\",\"target\":{\"@type\":\"EntryPoint\",\"urlTemplate\":\"https:\\\/\\\/drasanvi.com\\\/fr\\\/?s={search_term_string}\"},\"query-input\":{\"@type\":\"PropertyValueSpecification\",\"valueRequired\":true,\"valueName\":\"search_term_string\"}}],\"inLanguage\":\"fr-FR\"},{\"@type\":\"Organization\",\"@id\":\"https:\\\/\\\/drasanvi.com\\\/fr\\\/#organization\",\"name\":\"Drasanvi\",\"url\":\"https:\\\/\\\/drasanvi.com\\\/fr\\\/\",\"logo\":{\"@type\":\"ImageObject\",\"inLanguage\":\"fr-FR\",\"@id\":\"https:\\\/\\\/drasanvi.com\\\/fr\\\/#\\\/schema\\\/logo\\\/image\\\/\",\"url\":\"https:\\\/\\\/drasanvi.com\\\/wp-content\\\/uploads\\\/sites\\\/7\\\/2021\\\/07\\\/logo-drasanvi.png\",\"contentUrl\":\"https:\\\/\\\/drasanvi.com\\\/wp-content\\\/uploads\\\/sites\\\/7\\\/2021\\\/07\\\/logo-drasanvi.png\",\"width\":900,\"height\":300,\"caption\":\"Drasanvi\"},\"image\":{\"@id\":\"https:\\\/\\\/drasanvi.com\\\/fr\\\/#\\\/schema\\\/logo\\\/image\\\/\"}}]}<\/script>\n<!-- \/ Yoast SEO plugin. -->","yoast_head_json":{"title":"Az\u00facar Moreno Ca\u00f1a Golden Bio 500 g Ecosana - Drasanvi Francia","robots":{"index":"index","follow":"follow","max-snippet":"max-snippet:-1","max-image-preview":"max-image-preview:large","max-video-preview":"max-video-preview:-1"},"canonical":"https:\/\/drasanvi.com\/fr\/producto\/azucar-moreno-cana-golden-bio-500-g-ecosana\/","og_locale":"fr_FR","og_type":"article","og_title":"Az\u00facar Moreno Ca\u00f1a Golden Bio 500 g Ecosana - Drasanvi Francia","og_description":"El az\u00facar de ca\u00f1a se obtiene a partir del jugo de ca\u00f1a de az\u00facar sin procesar ni refinar, procedente de cultivos ecol\u00f3gicos, mediante procesos mec\u00e1nicos que respetan el Medio Ambiente. El jugo de ca\u00f1a de az\u00facar se evapora con tratamiento t\u00e9rmico para eliminar la humedad gener\u00e1ndose una melaza espesa a partir de la cual se obtienen los distintos tipos de az\u00facares. Despu\u00e9s se cristaliza el az\u00facar, se centrifuga para conseguir el az\u00facar granulado. Dependiendo de la velocidad de centrifugaci\u00f3n, el az\u00facar toma un color m\u00e1s o menos claro. Este az\u00facar moreno tiene un color m\u00e1s dorado que nuestro az\u00facar de ca\u00f1a de siempre. Por ello lo denominamos Golden. \u00a0Contenido:Envase de 500 gFicha t\u00e9cnica","og_url":"https:\/\/drasanvi.com\/fr\/producto\/azucar-moreno-cana-golden-bio-500-g-ecosana\/","og_site_name":"Drasanvi Francia","article_modified_time":"2022-03-10T12:15:47+00:00","og_image":[{"width":1000,"height":1000,"url":"https:\/\/drasanvi.com\/wp-content\/uploads\/sites\/7\/2022\/02\/467010397.png","type":"image\/png"}],"twitter_card":"summary_large_image","schema":{"@context":"https:\/\/schema.org","@graph":[{"@type":"WebPage","@id":"https:\/\/drasanvi.com\/fr\/producto\/azucar-moreno-cana-golden-bio-500-g-ecosana\/","url":"https:\/\/drasanvi.com\/fr\/producto\/azucar-moreno-cana-golden-bio-500-g-ecosana\/","name":"Az\u00facar Moreno Ca\u00f1a Golden Bio 500 g Ecosana - Drasanvi Francia","isPartOf":{"@id":"https:\/\/drasanvi.com\/fr\/#website"},"primaryImageOfPage":{"@id":"https:\/\/drasanvi.com\/fr\/producto\/azucar-moreno-cana-golden-bio-500-g-ecosana\/#primaryimage"},"image":{"@id":"https:\/\/drasanvi.com\/fr\/producto\/azucar-moreno-cana-golden-bio-500-g-ecosana\/#primaryimage"},"thumbnailUrl":"https:\/\/drasanvi.com\/fr\/wp-content\/uploads\/sites\/7\/2022\/02\/467010397.png","datePublished":"2022-02-11T10:01:41+00:00","dateModified":"2022-03-10T12:15:47+00:00","breadcrumb":{"@id":"https:\/\/drasanvi.com\/fr\/producto\/azucar-moreno-cana-golden-bio-500-g-ecosana\/#breadcrumb"},"inLanguage":"fr-FR","potentialAction":[{"@type":"ReadAction","target":["https:\/\/drasanvi.com\/fr\/producto\/azucar-moreno-cana-golden-bio-500-g-ecosana\/"]}]},{"@type":"ImageObject","inLanguage":"fr-FR","@id":"https:\/\/drasanvi.com\/fr\/producto\/azucar-moreno-cana-golden-bio-500-g-ecosana\/#primaryimage","url":"https:\/\/drasanvi.com\/fr\/wp-content\/uploads\/sites\/7\/2022\/02\/467010397.png","contentUrl":"https:\/\/drasanvi.com\/fr\/wp-content\/uploads\/sites\/7\/2022\/02\/467010397.png","width":1000,"height":1000},{"@type":"BreadcrumbList","@id":"https:\/\/drasanvi.com\/fr\/producto\/azucar-moreno-cana-golden-bio-500-g-ecosana\/#breadcrumb","itemListElement":[{"@type":"ListItem","position":1,"name":"Portada","item":"https:\/\/drasanvi.com\/fr\/"},{"@type":"ListItem","position":2,"name":"Tienda","item":"https:\/\/drasanvi.com\/fr\/tienda\/"},{"@type":"ListItem","position":3,"name":"Az\u00facar Moreno Ca\u00f1a Golden Bio 500 g Ecosana"}]},{"@type":"WebSite","@id":"https:\/\/drasanvi.com\/fr\/#website","url":"https:\/\/drasanvi.com\/fr\/","name":"Drasanvi Francia","description":"L\u00edder en complementos alimenticios y cosm\u00e9tica natural.","publisher":{"@id":"https:\/\/drasanvi.com\/fr\/#organization"},"potentialAction":[{"@type":"SearchAction","target":{"@type":"EntryPoint","urlTemplate":"https:\/\/drasanvi.com\/fr\/?s={search_term_string}"},"query-input":{"@type":"PropertyValueSpecification","valueRequired":true,"valueName":"search_term_string"}}],"inLanguage":"fr-FR"},{"@type":"Organization","@id":"https:\/\/drasanvi.com\/fr\/#organization","name":"Drasanvi","url":"https:\/\/drasanvi.com\/fr\/","logo":{"@type":"ImageObject","inLanguage":"fr-FR","@id":"https:\/\/drasanvi.com\/fr\/#\/schema\/logo\/image\/","url":"https:\/\/drasanvi.com\/wp-content\/uploads\/sites\/7\/2021\/07\/logo-drasanvi.png","contentUrl":"https:\/\/drasanvi.com\/wp-content\/uploads\/sites\/7\/2021\/07\/logo-drasanvi.png","width":900,"height":300,"caption":"Drasanvi"},"image":{"@id":"https:\/\/drasanvi.com\/fr\/#\/schema\/logo\/image\/"}}]}},"_links":{"self":[{"href":"https:\/\/drasanvi.com\/fr\/wp-json\/wp\/v2\/product\/18446","targetHints":{"allow":["GET"]}}],"collection":[{"href":"https:\/\/drasanvi.com\/fr\/wp-json\/wp\/v2\/product"}],"about":[{"href":"https:\/\/drasanvi.com\/fr\/wp-json\/wp\/v2\/types\/product"}],"version-history":[{"count":0,"href":"https:\/\/drasanvi.com\/fr\/wp-json\/wp\/v2\/product\/18446\/revisions"}],"wp:featuredmedia":[{"embeddable":true,"href":"https:\/\/drasanvi.com\/fr\/wp-json\/wp\/v2\/media\/18448"}],"wp:attachment":[{"href":"https:\/\/drasanvi.com\/fr\/wp-json\/wp\/v2\/media?parent=18446"}],"wp:term":[{"taxonomy":"product_cat","embeddable":true,"href":"https:\/\/drasanvi.com\/fr\/wp-json\/wp\/v2\/product_cat?post=18446"},{"taxonomy":"product_tag","embeddable":true,"href":"https:\/\/drasanvi.com\/fr\/wp-json\/wp\/v2\/product_tag?post=18446"}],"curies":[{"name":"wp","href":"https:\/\/api.w.org\/{rel}","templated":true}]}}