{"id":18431,"date":"2022-02-11T12:01:41","date_gmt":"2022-02-11T10:01:41","guid":{"rendered":"https:\/\/drasanvi.com\/fr\/producto\/sirope-de-agave-crudo-bio-500-ml-ecosana\/"},"modified":"2022-03-10T14:15:46","modified_gmt":"2022-03-10T12:15:46","slug":"sirope-de-agave-crudo-bio-500-ml-ecosana","status":"publish","type":"product","link":"https:\/\/drasanvi.com\/fr\/producto\/sirope-de-agave-crudo-bio-500-ml-ecosana\/","title":{"rendered":"Sirope de Agave crudo Bio 500 ml Ecosana"},"content":{"rendered":"<h2>Ingredientes<\/h2>\n<p>Sirope de \u00c1gave crudo*  *Procedende de Agricultura Ecol\u00f3gica.<\/p>\n<h2>Tabla nutricional<\/h2>\n<p>Por 100 g        Valor energ\u00e9tico  1230 kJ \/ 294 kcal      Grasas  0 g      de las cuales saturadas  0 g      Hidratos de carbono  73 g      de los cuales az\u00facares  73 g      Fibra  0 g      Prote\u00ednas  0 g      Sal  0 g        \u00a0<\/p>\n<h3>Modo de uso<\/h3>\n<p>Tiene casi el doble de poder endulzante que el az\u00facar, por lo que con menos cantidad conseguimos el mismo dulzor.  Para endulzar, podemos a\u00f1adirlo directamente en bebidas, yogures o batidos. Tambi\u00e9n puedes utilizarlo como un ingrediente m\u00e1s (sustituto del az\u00facar) en tus recetas favoritas de reposter\u00eda.\u00a0<\/p>\n<h3>Advertencias<\/h3>\n<p>Conservar en un lugar fresco y secoSin al&eacute;rgenos<\/p>\n","protected":false},"excerpt":{"rendered":"<p>El Sirope de Agave es un edulcorante de origen natural procedente del Agave\u00a0 tequiliana variedad azul. El Sirope de Agave de ECOSANA presenta un bajo \u00edndice gluc\u00e9mico (17,1), el cual ha sido contrastado por Glycemic Index Laboratoires.\u00a0Aparte de la verificaci\u00f3n del \u00cdndice Gluc\u00e9mico, este sirope se caracteriza por ser crudo o Raw, es decir, durante todo el proceso de extracci\u00f3n, se mantiene una temperatura por debajo de los 45 \u00baC para mantener todas sus propiedades. Su agradable sabor y aroma lo convierten en un excelente sustituto del az\u00facar, utilizado directamente o mezclado en alimentos y bebidas.<br \/><strong>Contenido:<\/strong>Envase de 500 ml (720 g)<\/p>\n<p><a id=\"boton-ficha\" href=\"https:\/\/panel.drasanvi.com\/fichas\/1\/467010169\" target=\"_blank\" rel=\"noopener\">Ficha t\u00e9cnica<\/a><\/p>\n","protected":false},"featured_media":18433,"template":"","meta":{"inline_featured_image":false},"product_cat":[1309],"product_tag":[],"class_list":["post-18431","product","type-product","status-publish","has-post-thumbnail","hentry","product_cat-sucres-et-edulcorants"],"yoast_head":"<!-- This site is optimized with the Yoast SEO plugin v27.5 - https:\/\/yoast.com\/product\/yoast-seo-wordpress\/ -->\n<title>Sirope de Agave crudo Bio 500 ml Ecosana - Drasanvi Francia<\/title>\n<meta name=\"robots\" content=\"index, follow, max-snippet:-1, max-image-preview:large, max-video-preview:-1\" \/>\n<link rel=\"canonical\" href=\"https:\/\/drasanvi.com\/fr\/producto\/sirope-de-agave-crudo-bio-500-ml-ecosana\/\" \/>\n<meta property=\"og:locale\" content=\"fr_FR\" \/>\n<meta property=\"og:type\" content=\"article\" \/>\n<meta property=\"og:title\" content=\"Sirope de Agave crudo Bio 500 ml Ecosana - Drasanvi Francia\" \/>\n<meta property=\"og:description\" content=\"El Sirope de Agave es un edulcorante de origen natural procedente del Agave\u00a0 tequiliana variedad azul. El Sirope de Agave de ECOSANA presenta un bajo \u00edndice gluc\u00e9mico (17,1), el cual ha sido contrastado por Glycemic Index Laboratoires.\u00a0Aparte de la verificaci\u00f3n del \u00cdndice Gluc\u00e9mico, este sirope se caracteriza por ser crudo o Raw, es decir, durante todo el proceso de extracci\u00f3n, se mantiene una temperatura por debajo de los 45 \u00baC para mantener todas sus propiedades. Su agradable sabor y aroma lo convierten en un excelente sustituto del az\u00facar, utilizado directamente o mezclado en alimentos y bebidas.Contenido:Envase de 500 ml (720 g)Ficha t\u00e9cnica\" \/>\n<meta property=\"og:url\" content=\"https:\/\/drasanvi.com\/fr\/producto\/sirope-de-agave-crudo-bio-500-ml-ecosana\/\" \/>\n<meta property=\"og:site_name\" content=\"Drasanvi Francia\" \/>\n<meta property=\"article:modified_time\" content=\"2022-03-10T12:15:46+00:00\" \/>\n<meta property=\"og:image\" content=\"https:\/\/drasanvi.com\/wp-content\/uploads\/sites\/7\/2022\/02\/467010169.png\" \/>\n\t<meta property=\"og:image:width\" content=\"1000\" \/>\n\t<meta property=\"og:image:height\" content=\"1000\" \/>\n\t<meta property=\"og:image:type\" content=\"image\/png\" \/>\n<meta name=\"twitter:card\" content=\"summary_large_image\" \/>\n<script type=\"application\/ld+json\" class=\"yoast-schema-graph\">{\"@context\":\"https:\\\/\\\/schema.org\",\"@graph\":[{\"@type\":\"WebPage\",\"@id\":\"https:\\\/\\\/drasanvi.com\\\/fr\\\/producto\\\/sirope-de-agave-crudo-bio-500-ml-ecosana\\\/\",\"url\":\"https:\\\/\\\/drasanvi.com\\\/fr\\\/producto\\\/sirope-de-agave-crudo-bio-500-ml-ecosana\\\/\",\"name\":\"Sirope de Agave crudo Bio 500 ml Ecosana - Drasanvi Francia\",\"isPartOf\":{\"@id\":\"https:\\\/\\\/drasanvi.com\\\/fr\\\/#website\"},\"primaryImageOfPage\":{\"@id\":\"https:\\\/\\\/drasanvi.com\\\/fr\\\/producto\\\/sirope-de-agave-crudo-bio-500-ml-ecosana\\\/#primaryimage\"},\"image\":{\"@id\":\"https:\\\/\\\/drasanvi.com\\\/fr\\\/producto\\\/sirope-de-agave-crudo-bio-500-ml-ecosana\\\/#primaryimage\"},\"thumbnailUrl\":\"https:\\\/\\\/drasanvi.com\\\/fr\\\/wp-content\\\/uploads\\\/sites\\\/7\\\/2022\\\/02\\\/467010169.png\",\"datePublished\":\"2022-02-11T10:01:41+00:00\",\"dateModified\":\"2022-03-10T12:15:46+00:00\",\"breadcrumb\":{\"@id\":\"https:\\\/\\\/drasanvi.com\\\/fr\\\/producto\\\/sirope-de-agave-crudo-bio-500-ml-ecosana\\\/#breadcrumb\"},\"inLanguage\":\"fr-FR\",\"potentialAction\":[{\"@type\":\"ReadAction\",\"target\":[\"https:\\\/\\\/drasanvi.com\\\/fr\\\/producto\\\/sirope-de-agave-crudo-bio-500-ml-ecosana\\\/\"]}]},{\"@type\":\"ImageObject\",\"inLanguage\":\"fr-FR\",\"@id\":\"https:\\\/\\\/drasanvi.com\\\/fr\\\/producto\\\/sirope-de-agave-crudo-bio-500-ml-ecosana\\\/#primaryimage\",\"url\":\"https:\\\/\\\/drasanvi.com\\\/fr\\\/wp-content\\\/uploads\\\/sites\\\/7\\\/2022\\\/02\\\/467010169.png\",\"contentUrl\":\"https:\\\/\\\/drasanvi.com\\\/fr\\\/wp-content\\\/uploads\\\/sites\\\/7\\\/2022\\\/02\\\/467010169.png\",\"width\":1000,\"height\":1000},{\"@type\":\"BreadcrumbList\",\"@id\":\"https:\\\/\\\/drasanvi.com\\\/fr\\\/producto\\\/sirope-de-agave-crudo-bio-500-ml-ecosana\\\/#breadcrumb\",\"itemListElement\":[{\"@type\":\"ListItem\",\"position\":1,\"name\":\"Portada\",\"item\":\"https:\\\/\\\/drasanvi.com\\\/fr\\\/\"},{\"@type\":\"ListItem\",\"position\":2,\"name\":\"Tienda\",\"item\":\"https:\\\/\\\/drasanvi.com\\\/fr\\\/tienda\\\/\"},{\"@type\":\"ListItem\",\"position\":3,\"name\":\"Sirope de Agave crudo Bio 500 ml Ecosana\"}]},{\"@type\":\"WebSite\",\"@id\":\"https:\\\/\\\/drasanvi.com\\\/fr\\\/#website\",\"url\":\"https:\\\/\\\/drasanvi.com\\\/fr\\\/\",\"name\":\"Drasanvi Francia\",\"description\":\"L\u00edder en complementos alimenticios y cosm\u00e9tica natural.\",\"publisher\":{\"@id\":\"https:\\\/\\\/drasanvi.com\\\/fr\\\/#organization\"},\"potentialAction\":[{\"@type\":\"SearchAction\",\"target\":{\"@type\":\"EntryPoint\",\"urlTemplate\":\"https:\\\/\\\/drasanvi.com\\\/fr\\\/?s={search_term_string}\"},\"query-input\":{\"@type\":\"PropertyValueSpecification\",\"valueRequired\":true,\"valueName\":\"search_term_string\"}}],\"inLanguage\":\"fr-FR\"},{\"@type\":\"Organization\",\"@id\":\"https:\\\/\\\/drasanvi.com\\\/fr\\\/#organization\",\"name\":\"Drasanvi\",\"url\":\"https:\\\/\\\/drasanvi.com\\\/fr\\\/\",\"logo\":{\"@type\":\"ImageObject\",\"inLanguage\":\"fr-FR\",\"@id\":\"https:\\\/\\\/drasanvi.com\\\/fr\\\/#\\\/schema\\\/logo\\\/image\\\/\",\"url\":\"https:\\\/\\\/drasanvi.com\\\/wp-content\\\/uploads\\\/sites\\\/7\\\/2021\\\/07\\\/logo-drasanvi.png\",\"contentUrl\":\"https:\\\/\\\/drasanvi.com\\\/wp-content\\\/uploads\\\/sites\\\/7\\\/2021\\\/07\\\/logo-drasanvi.png\",\"width\":900,\"height\":300,\"caption\":\"Drasanvi\"},\"image\":{\"@id\":\"https:\\\/\\\/drasanvi.com\\\/fr\\\/#\\\/schema\\\/logo\\\/image\\\/\"}}]}<\/script>\n<!-- \/ Yoast SEO plugin. -->","yoast_head_json":{"title":"Sirope de Agave crudo Bio 500 ml Ecosana - Drasanvi Francia","robots":{"index":"index","follow":"follow","max-snippet":"max-snippet:-1","max-image-preview":"max-image-preview:large","max-video-preview":"max-video-preview:-1"},"canonical":"https:\/\/drasanvi.com\/fr\/producto\/sirope-de-agave-crudo-bio-500-ml-ecosana\/","og_locale":"fr_FR","og_type":"article","og_title":"Sirope de Agave crudo Bio 500 ml Ecosana - Drasanvi Francia","og_description":"El Sirope de Agave es un edulcorante de origen natural procedente del Agave\u00a0 tequiliana variedad azul. El Sirope de Agave de ECOSANA presenta un bajo \u00edndice gluc\u00e9mico (17,1), el cual ha sido contrastado por Glycemic Index Laboratoires.\u00a0Aparte de la verificaci\u00f3n del \u00cdndice Gluc\u00e9mico, este sirope se caracteriza por ser crudo o Raw, es decir, durante todo el proceso de extracci\u00f3n, se mantiene una temperatura por debajo de los 45 \u00baC para mantener todas sus propiedades. Su agradable sabor y aroma lo convierten en un excelente sustituto del az\u00facar, utilizado directamente o mezclado en alimentos y bebidas.Contenido:Envase de 500 ml (720 g)Ficha t\u00e9cnica","og_url":"https:\/\/drasanvi.com\/fr\/producto\/sirope-de-agave-crudo-bio-500-ml-ecosana\/","og_site_name":"Drasanvi Francia","article_modified_time":"2022-03-10T12:15:46+00:00","og_image":[{"width":1000,"height":1000,"url":"https:\/\/drasanvi.com\/wp-content\/uploads\/sites\/7\/2022\/02\/467010169.png","type":"image\/png"}],"twitter_card":"summary_large_image","schema":{"@context":"https:\/\/schema.org","@graph":[{"@type":"WebPage","@id":"https:\/\/drasanvi.com\/fr\/producto\/sirope-de-agave-crudo-bio-500-ml-ecosana\/","url":"https:\/\/drasanvi.com\/fr\/producto\/sirope-de-agave-crudo-bio-500-ml-ecosana\/","name":"Sirope de Agave crudo Bio 500 ml Ecosana - Drasanvi Francia","isPartOf":{"@id":"https:\/\/drasanvi.com\/fr\/#website"},"primaryImageOfPage":{"@id":"https:\/\/drasanvi.com\/fr\/producto\/sirope-de-agave-crudo-bio-500-ml-ecosana\/#primaryimage"},"image":{"@id":"https:\/\/drasanvi.com\/fr\/producto\/sirope-de-agave-crudo-bio-500-ml-ecosana\/#primaryimage"},"thumbnailUrl":"https:\/\/drasanvi.com\/fr\/wp-content\/uploads\/sites\/7\/2022\/02\/467010169.png","datePublished":"2022-02-11T10:01:41+00:00","dateModified":"2022-03-10T12:15:46+00:00","breadcrumb":{"@id":"https:\/\/drasanvi.com\/fr\/producto\/sirope-de-agave-crudo-bio-500-ml-ecosana\/#breadcrumb"},"inLanguage":"fr-FR","potentialAction":[{"@type":"ReadAction","target":["https:\/\/drasanvi.com\/fr\/producto\/sirope-de-agave-crudo-bio-500-ml-ecosana\/"]}]},{"@type":"ImageObject","inLanguage":"fr-FR","@id":"https:\/\/drasanvi.com\/fr\/producto\/sirope-de-agave-crudo-bio-500-ml-ecosana\/#primaryimage","url":"https:\/\/drasanvi.com\/fr\/wp-content\/uploads\/sites\/7\/2022\/02\/467010169.png","contentUrl":"https:\/\/drasanvi.com\/fr\/wp-content\/uploads\/sites\/7\/2022\/02\/467010169.png","width":1000,"height":1000},{"@type":"BreadcrumbList","@id":"https:\/\/drasanvi.com\/fr\/producto\/sirope-de-agave-crudo-bio-500-ml-ecosana\/#breadcrumb","itemListElement":[{"@type":"ListItem","position":1,"name":"Portada","item":"https:\/\/drasanvi.com\/fr\/"},{"@type":"ListItem","position":2,"name":"Tienda","item":"https:\/\/drasanvi.com\/fr\/tienda\/"},{"@type":"ListItem","position":3,"name":"Sirope de Agave crudo Bio 500 ml Ecosana"}]},{"@type":"WebSite","@id":"https:\/\/drasanvi.com\/fr\/#website","url":"https:\/\/drasanvi.com\/fr\/","name":"Drasanvi Francia","description":"L\u00edder en complementos alimenticios y cosm\u00e9tica natural.","publisher":{"@id":"https:\/\/drasanvi.com\/fr\/#organization"},"potentialAction":[{"@type":"SearchAction","target":{"@type":"EntryPoint","urlTemplate":"https:\/\/drasanvi.com\/fr\/?s={search_term_string}"},"query-input":{"@type":"PropertyValueSpecification","valueRequired":true,"valueName":"search_term_string"}}],"inLanguage":"fr-FR"},{"@type":"Organization","@id":"https:\/\/drasanvi.com\/fr\/#organization","name":"Drasanvi","url":"https:\/\/drasanvi.com\/fr\/","logo":{"@type":"ImageObject","inLanguage":"fr-FR","@id":"https:\/\/drasanvi.com\/fr\/#\/schema\/logo\/image\/","url":"https:\/\/drasanvi.com\/wp-content\/uploads\/sites\/7\/2021\/07\/logo-drasanvi.png","contentUrl":"https:\/\/drasanvi.com\/wp-content\/uploads\/sites\/7\/2021\/07\/logo-drasanvi.png","width":900,"height":300,"caption":"Drasanvi"},"image":{"@id":"https:\/\/drasanvi.com\/fr\/#\/schema\/logo\/image\/"}}]}},"_links":{"self":[{"href":"https:\/\/drasanvi.com\/fr\/wp-json\/wp\/v2\/product\/18431","targetHints":{"allow":["GET"]}}],"collection":[{"href":"https:\/\/drasanvi.com\/fr\/wp-json\/wp\/v2\/product"}],"about":[{"href":"https:\/\/drasanvi.com\/fr\/wp-json\/wp\/v2\/types\/product"}],"version-history":[{"count":0,"href":"https:\/\/drasanvi.com\/fr\/wp-json\/wp\/v2\/product\/18431\/revisions"}],"wp:featuredmedia":[{"embeddable":true,"href":"https:\/\/drasanvi.com\/fr\/wp-json\/wp\/v2\/media\/18433"}],"wp:attachment":[{"href":"https:\/\/drasanvi.com\/fr\/wp-json\/wp\/v2\/media?parent=18431"}],"wp:term":[{"taxonomy":"product_cat","embeddable":true,"href":"https:\/\/drasanvi.com\/fr\/wp-json\/wp\/v2\/product_cat?post=18431"},{"taxonomy":"product_tag","embeddable":true,"href":"https:\/\/drasanvi.com\/fr\/wp-json\/wp\/v2\/product_tag?post=18431"}],"curies":[{"name":"wp","href":"https:\/\/api.w.org\/{rel}","templated":true}]}}