{"id":18390,"date":"2022-02-11T12:01:09","date_gmt":"2022-02-11T10:01:09","guid":{"rendered":"https:\/\/drasanvi.com\/fr\/producto\/arroz-largo-integral-bio-1-kg-ecosana\/"},"modified":"2022-03-10T14:15:44","modified_gmt":"2022-03-10T12:15:44","slug":"arroz-largo-integral-bio-1-kg-ecosana","status":"publish","type":"product","link":"https:\/\/drasanvi.com\/fr\/producto\/arroz-largo-integral-bio-1-kg-ecosana\/","title":{"rendered":"Arroz Largo Integral Bio 1 kg Ecosana"},"content":{"rendered":"<h2>Ingredientes<\/h2>\n<p>Arroz largo integral*  *Procedente de Agricultura Ecol\u00f3gica.<\/p>\n<h2>Tabla nutricional<\/h2>\n<p>Por cada 100 g        \u00a0  Cantidad\u00a0      Valor energ\u00e9tico  1521 kJ\/ 361 kcal      Grasasde las cuales saturadas  2,90 g 0,60 g      Hidratos de carbonode los cuales az\u00facares  74 g 1\u00a0g      Fibra  3,50 g      Prote\u00ednas  8 g      Sal<\/p>\n<h3>Modo de uso<\/h3>\n<p>Es un alimento super\u00a0vers\u00e1til. Se pueden hacer infinidad de platos con \u00e9l (paellas, sopas, guisos, como acompa\u00f1amiento&#8230;). Tu decides como elaborarlo.\u00a0  Utiliza dos medidas de agua por 1 de arroz y deja cocer durante unos 35-45 minutos hasta que el arroz est\u00e9 en su punto. Deja reposar durante 10 minutos y estar\u00e1 listo para servir. Como sugerencia, puedes prepararlo con verduras, salteado con setas o pollo, hacer arroz a la cubana o un tres delicias&#8230;<\/p>\n<h3>Advertencias<\/h3>\n<p>Conservar en un lugar fresco y seco.Puede contener trazas de Soja, S&eacute;samo y Frutos de c&aacute;scara.<\/p>\n","protected":false},"excerpt":{"rendered":"<p>El\u00a0Arroz Integral Largo Bio\u00a0de\u00a0ECOSANA\u00a0\u00a0contiene exclusivamente granos de arroz integral largo de\u00a0origen 100% de agricultura ecol\u00f3gica\u00a0para conseguir un producto con el m\u00e1ximo aporte de nutrientes y al mismo tiempo respetuoso con el medio ambiente. Al conservar el pericarpio, una de las cubiertas del grano del cereal, es\u00a0fuente de fibra. Por su alto contenido en hidratos de carbono, es un alimento excepcional para todas las personas,\u00a0 ya hagan deporte o no, aport\u00e1ndoles energ\u00eda.\u00a0<br \/><strong>Contenido:<\/strong>Envase de 1 kg<\/p>\n<p><a id=\"boton-ficha\" href=\"https:\/\/panel.drasanvi.com\/fichas\/1\/467010007\" target=\"_blank\" rel=\"noopener\">Ficha t\u00e9cnica<\/a><\/p>\n","protected":false},"featured_media":18392,"template":"","meta":{"inline_featured_image":false},"product_cat":[1308],"product_tag":[],"class_list":["post-18390","product","type-product","status-publish","has-post-thumbnail","hentry","product_cat-riz"],"yoast_head":"<!-- This site is optimized with the Yoast SEO plugin v27.5 - https:\/\/yoast.com\/product\/yoast-seo-wordpress\/ -->\n<title>Arroz Largo Integral Bio 1 kg Ecosana - Drasanvi Francia<\/title>\n<meta name=\"robots\" content=\"index, follow, max-snippet:-1, max-image-preview:large, max-video-preview:-1\" \/>\n<link rel=\"canonical\" href=\"https:\/\/drasanvi.com\/fr\/producto\/arroz-largo-integral-bio-1-kg-ecosana\/\" \/>\n<meta property=\"og:locale\" content=\"fr_FR\" \/>\n<meta property=\"og:type\" content=\"article\" \/>\n<meta property=\"og:title\" content=\"Arroz Largo Integral Bio 1 kg Ecosana - Drasanvi Francia\" \/>\n<meta property=\"og:description\" content=\"El\u00a0Arroz Integral Largo Bio\u00a0de\u00a0ECOSANA\u00a0\u00a0contiene exclusivamente granos de arroz integral largo de\u00a0origen 100% de agricultura ecol\u00f3gica\u00a0para conseguir un producto con el m\u00e1ximo aporte de nutrientes y al mismo tiempo respetuoso con el medio ambiente. Al conservar el pericarpio, una de las cubiertas del grano del cereal, es\u00a0fuente de fibra. Por su alto contenido en hidratos de carbono, es un alimento excepcional para todas las personas,\u00a0 ya hagan deporte o no, aport\u00e1ndoles energ\u00eda.\u00a0Contenido:Envase de 1 kgFicha t\u00e9cnica\" \/>\n<meta property=\"og:url\" content=\"https:\/\/drasanvi.com\/fr\/producto\/arroz-largo-integral-bio-1-kg-ecosana\/\" \/>\n<meta property=\"og:site_name\" content=\"Drasanvi Francia\" \/>\n<meta property=\"article:modified_time\" content=\"2022-03-10T12:15:44+00:00\" \/>\n<meta property=\"og:image\" content=\"https:\/\/drasanvi.com\/wp-content\/uploads\/sites\/7\/2022\/02\/467010007.png\" \/>\n\t<meta property=\"og:image:width\" content=\"1000\" \/>\n\t<meta property=\"og:image:height\" content=\"1000\" \/>\n\t<meta property=\"og:image:type\" content=\"image\/png\" \/>\n<meta name=\"twitter:card\" content=\"summary_large_image\" \/>\n<script type=\"application\/ld+json\" class=\"yoast-schema-graph\">{\"@context\":\"https:\\\/\\\/schema.org\",\"@graph\":[{\"@type\":\"WebPage\",\"@id\":\"https:\\\/\\\/drasanvi.com\\\/fr\\\/producto\\\/arroz-largo-integral-bio-1-kg-ecosana\\\/\",\"url\":\"https:\\\/\\\/drasanvi.com\\\/fr\\\/producto\\\/arroz-largo-integral-bio-1-kg-ecosana\\\/\",\"name\":\"Arroz Largo Integral Bio 1 kg Ecosana - Drasanvi Francia\",\"isPartOf\":{\"@id\":\"https:\\\/\\\/drasanvi.com\\\/fr\\\/#website\"},\"primaryImageOfPage\":{\"@id\":\"https:\\\/\\\/drasanvi.com\\\/fr\\\/producto\\\/arroz-largo-integral-bio-1-kg-ecosana\\\/#primaryimage\"},\"image\":{\"@id\":\"https:\\\/\\\/drasanvi.com\\\/fr\\\/producto\\\/arroz-largo-integral-bio-1-kg-ecosana\\\/#primaryimage\"},\"thumbnailUrl\":\"https:\\\/\\\/drasanvi.com\\\/fr\\\/wp-content\\\/uploads\\\/sites\\\/7\\\/2022\\\/02\\\/467010007.png\",\"datePublished\":\"2022-02-11T10:01:09+00:00\",\"dateModified\":\"2022-03-10T12:15:44+00:00\",\"breadcrumb\":{\"@id\":\"https:\\\/\\\/drasanvi.com\\\/fr\\\/producto\\\/arroz-largo-integral-bio-1-kg-ecosana\\\/#breadcrumb\"},\"inLanguage\":\"fr-FR\",\"potentialAction\":[{\"@type\":\"ReadAction\",\"target\":[\"https:\\\/\\\/drasanvi.com\\\/fr\\\/producto\\\/arroz-largo-integral-bio-1-kg-ecosana\\\/\"]}]},{\"@type\":\"ImageObject\",\"inLanguage\":\"fr-FR\",\"@id\":\"https:\\\/\\\/drasanvi.com\\\/fr\\\/producto\\\/arroz-largo-integral-bio-1-kg-ecosana\\\/#primaryimage\",\"url\":\"https:\\\/\\\/drasanvi.com\\\/fr\\\/wp-content\\\/uploads\\\/sites\\\/7\\\/2022\\\/02\\\/467010007.png\",\"contentUrl\":\"https:\\\/\\\/drasanvi.com\\\/fr\\\/wp-content\\\/uploads\\\/sites\\\/7\\\/2022\\\/02\\\/467010007.png\",\"width\":1000,\"height\":1000},{\"@type\":\"BreadcrumbList\",\"@id\":\"https:\\\/\\\/drasanvi.com\\\/fr\\\/producto\\\/arroz-largo-integral-bio-1-kg-ecosana\\\/#breadcrumb\",\"itemListElement\":[{\"@type\":\"ListItem\",\"position\":1,\"name\":\"Portada\",\"item\":\"https:\\\/\\\/drasanvi.com\\\/fr\\\/\"},{\"@type\":\"ListItem\",\"position\":2,\"name\":\"Tienda\",\"item\":\"https:\\\/\\\/drasanvi.com\\\/fr\\\/tienda\\\/\"},{\"@type\":\"ListItem\",\"position\":3,\"name\":\"Arroz Largo Integral Bio 1 kg Ecosana\"}]},{\"@type\":\"WebSite\",\"@id\":\"https:\\\/\\\/drasanvi.com\\\/fr\\\/#website\",\"url\":\"https:\\\/\\\/drasanvi.com\\\/fr\\\/\",\"name\":\"Drasanvi Francia\",\"description\":\"L\u00edder en complementos alimenticios y cosm\u00e9tica natural.\",\"publisher\":{\"@id\":\"https:\\\/\\\/drasanvi.com\\\/fr\\\/#organization\"},\"potentialAction\":[{\"@type\":\"SearchAction\",\"target\":{\"@type\":\"EntryPoint\",\"urlTemplate\":\"https:\\\/\\\/drasanvi.com\\\/fr\\\/?s={search_term_string}\"},\"query-input\":{\"@type\":\"PropertyValueSpecification\",\"valueRequired\":true,\"valueName\":\"search_term_string\"}}],\"inLanguage\":\"fr-FR\"},{\"@type\":\"Organization\",\"@id\":\"https:\\\/\\\/drasanvi.com\\\/fr\\\/#organization\",\"name\":\"Drasanvi\",\"url\":\"https:\\\/\\\/drasanvi.com\\\/fr\\\/\",\"logo\":{\"@type\":\"ImageObject\",\"inLanguage\":\"fr-FR\",\"@id\":\"https:\\\/\\\/drasanvi.com\\\/fr\\\/#\\\/schema\\\/logo\\\/image\\\/\",\"url\":\"https:\\\/\\\/drasanvi.com\\\/wp-content\\\/uploads\\\/sites\\\/7\\\/2021\\\/07\\\/logo-drasanvi.png\",\"contentUrl\":\"https:\\\/\\\/drasanvi.com\\\/wp-content\\\/uploads\\\/sites\\\/7\\\/2021\\\/07\\\/logo-drasanvi.png\",\"width\":900,\"height\":300,\"caption\":\"Drasanvi\"},\"image\":{\"@id\":\"https:\\\/\\\/drasanvi.com\\\/fr\\\/#\\\/schema\\\/logo\\\/image\\\/\"}}]}<\/script>\n<!-- \/ Yoast SEO plugin. -->","yoast_head_json":{"title":"Arroz Largo Integral Bio 1 kg Ecosana - Drasanvi Francia","robots":{"index":"index","follow":"follow","max-snippet":"max-snippet:-1","max-image-preview":"max-image-preview:large","max-video-preview":"max-video-preview:-1"},"canonical":"https:\/\/drasanvi.com\/fr\/producto\/arroz-largo-integral-bio-1-kg-ecosana\/","og_locale":"fr_FR","og_type":"article","og_title":"Arroz Largo Integral Bio 1 kg Ecosana - Drasanvi Francia","og_description":"El\u00a0Arroz Integral Largo Bio\u00a0de\u00a0ECOSANA\u00a0\u00a0contiene exclusivamente granos de arroz integral largo de\u00a0origen 100% de agricultura ecol\u00f3gica\u00a0para conseguir un producto con el m\u00e1ximo aporte de nutrientes y al mismo tiempo respetuoso con el medio ambiente. Al conservar el pericarpio, una de las cubiertas del grano del cereal, es\u00a0fuente de fibra. Por su alto contenido en hidratos de carbono, es un alimento excepcional para todas las personas,\u00a0 ya hagan deporte o no, aport\u00e1ndoles energ\u00eda.\u00a0Contenido:Envase de 1 kgFicha t\u00e9cnica","og_url":"https:\/\/drasanvi.com\/fr\/producto\/arroz-largo-integral-bio-1-kg-ecosana\/","og_site_name":"Drasanvi Francia","article_modified_time":"2022-03-10T12:15:44+00:00","og_image":[{"width":1000,"height":1000,"url":"https:\/\/drasanvi.com\/wp-content\/uploads\/sites\/7\/2022\/02\/467010007.png","type":"image\/png"}],"twitter_card":"summary_large_image","schema":{"@context":"https:\/\/schema.org","@graph":[{"@type":"WebPage","@id":"https:\/\/drasanvi.com\/fr\/producto\/arroz-largo-integral-bio-1-kg-ecosana\/","url":"https:\/\/drasanvi.com\/fr\/producto\/arroz-largo-integral-bio-1-kg-ecosana\/","name":"Arroz Largo Integral Bio 1 kg Ecosana - Drasanvi Francia","isPartOf":{"@id":"https:\/\/drasanvi.com\/fr\/#website"},"primaryImageOfPage":{"@id":"https:\/\/drasanvi.com\/fr\/producto\/arroz-largo-integral-bio-1-kg-ecosana\/#primaryimage"},"image":{"@id":"https:\/\/drasanvi.com\/fr\/producto\/arroz-largo-integral-bio-1-kg-ecosana\/#primaryimage"},"thumbnailUrl":"https:\/\/drasanvi.com\/fr\/wp-content\/uploads\/sites\/7\/2022\/02\/467010007.png","datePublished":"2022-02-11T10:01:09+00:00","dateModified":"2022-03-10T12:15:44+00:00","breadcrumb":{"@id":"https:\/\/drasanvi.com\/fr\/producto\/arroz-largo-integral-bio-1-kg-ecosana\/#breadcrumb"},"inLanguage":"fr-FR","potentialAction":[{"@type":"ReadAction","target":["https:\/\/drasanvi.com\/fr\/producto\/arroz-largo-integral-bio-1-kg-ecosana\/"]}]},{"@type":"ImageObject","inLanguage":"fr-FR","@id":"https:\/\/drasanvi.com\/fr\/producto\/arroz-largo-integral-bio-1-kg-ecosana\/#primaryimage","url":"https:\/\/drasanvi.com\/fr\/wp-content\/uploads\/sites\/7\/2022\/02\/467010007.png","contentUrl":"https:\/\/drasanvi.com\/fr\/wp-content\/uploads\/sites\/7\/2022\/02\/467010007.png","width":1000,"height":1000},{"@type":"BreadcrumbList","@id":"https:\/\/drasanvi.com\/fr\/producto\/arroz-largo-integral-bio-1-kg-ecosana\/#breadcrumb","itemListElement":[{"@type":"ListItem","position":1,"name":"Portada","item":"https:\/\/drasanvi.com\/fr\/"},{"@type":"ListItem","position":2,"name":"Tienda","item":"https:\/\/drasanvi.com\/fr\/tienda\/"},{"@type":"ListItem","position":3,"name":"Arroz Largo Integral Bio 1 kg Ecosana"}]},{"@type":"WebSite","@id":"https:\/\/drasanvi.com\/fr\/#website","url":"https:\/\/drasanvi.com\/fr\/","name":"Drasanvi Francia","description":"L\u00edder en complementos alimenticios y cosm\u00e9tica natural.","publisher":{"@id":"https:\/\/drasanvi.com\/fr\/#organization"},"potentialAction":[{"@type":"SearchAction","target":{"@type":"EntryPoint","urlTemplate":"https:\/\/drasanvi.com\/fr\/?s={search_term_string}"},"query-input":{"@type":"PropertyValueSpecification","valueRequired":true,"valueName":"search_term_string"}}],"inLanguage":"fr-FR"},{"@type":"Organization","@id":"https:\/\/drasanvi.com\/fr\/#organization","name":"Drasanvi","url":"https:\/\/drasanvi.com\/fr\/","logo":{"@type":"ImageObject","inLanguage":"fr-FR","@id":"https:\/\/drasanvi.com\/fr\/#\/schema\/logo\/image\/","url":"https:\/\/drasanvi.com\/wp-content\/uploads\/sites\/7\/2021\/07\/logo-drasanvi.png","contentUrl":"https:\/\/drasanvi.com\/wp-content\/uploads\/sites\/7\/2021\/07\/logo-drasanvi.png","width":900,"height":300,"caption":"Drasanvi"},"image":{"@id":"https:\/\/drasanvi.com\/fr\/#\/schema\/logo\/image\/"}}]}},"_links":{"self":[{"href":"https:\/\/drasanvi.com\/fr\/wp-json\/wp\/v2\/product\/18390","targetHints":{"allow":["GET"]}}],"collection":[{"href":"https:\/\/drasanvi.com\/fr\/wp-json\/wp\/v2\/product"}],"about":[{"href":"https:\/\/drasanvi.com\/fr\/wp-json\/wp\/v2\/types\/product"}],"version-history":[{"count":0,"href":"https:\/\/drasanvi.com\/fr\/wp-json\/wp\/v2\/product\/18390\/revisions"}],"wp:featuredmedia":[{"embeddable":true,"href":"https:\/\/drasanvi.com\/fr\/wp-json\/wp\/v2\/media\/18392"}],"wp:attachment":[{"href":"https:\/\/drasanvi.com\/fr\/wp-json\/wp\/v2\/media?parent=18390"}],"wp:term":[{"taxonomy":"product_cat","embeddable":true,"href":"https:\/\/drasanvi.com\/fr\/wp-json\/wp\/v2\/product_cat?post=18390"},{"taxonomy":"product_tag","embeddable":true,"href":"https:\/\/drasanvi.com\/fr\/wp-json\/wp\/v2\/product_tag?post=18390"}],"curies":[{"name":"wp","href":"https:\/\/api.w.org\/{rel}","templated":true}]}}