{"id":18345,"date":"2022-02-11T12:01:09","date_gmt":"2022-02-11T10:01:09","guid":{"rendered":"https:\/\/drasanvi.com\/fr\/producto\/vinagre-de-manzana-sin-filtrar-bio-75-cl\/"},"modified":"2022-03-10T14:15:39","modified_gmt":"2022-03-10T12:15:39","slug":"vinagre-de-manzana-sin-filtrar-bio-75-cl","status":"publish","type":"product","link":"https:\/\/drasanvi.com\/fr\/producto\/vinagre-de-manzana-sin-filtrar-bio-75-cl\/","title":{"rendered":"Vinagre de manzana sin filtrar Bio 75 cl"},"content":{"rendered":"<h2>Ingredientes<\/h2>\n<p>Vinagre de manzana sin filtrar*  *Procedente de agricultura ecol\u00f3gica.  Sin colorantes, conservantes ni az\u00facares a\u00f1adidos.<\/p>\n<h2>Tabla nutricional<\/h2>\n<p>Por cada 100 g        Ingrediente  \u00a0      Valor energ\u00e9tico  19,2 KJ\/4,6 kcal      GrasasDe las cuales saturadas\u00a0  0 g0 g\u00a0      Hidratos de carbonoDe los cuales az\u00facares   1,1 g<\/p>\n<h3>Modo de uso<\/h3>\n<p>Aderezo de ensaladas, vinagretas.  Ingrediente fundamental en escabeches y marinados.  Conservante natural en los encurtidos.  Preparaci\u00f3n de bebida mezclado con agua y miel<\/p>\n<h3>Advertencias<\/h3>\n<p>Debido ha que no ha sido filtrado se pueden observar variaciones de color y turbidez<\/p>\n","protected":false},"excerpt":{"rendered":"<p>El vinagre de manzana de ECOSANA es elaborado a partir de manzanas procedentes de la agricultura ecol\u00f3gica, conservando de esta manera, los beneficios naturales del vinagre. Ademas nuestro vinagre de manzana ha sido envasado sin filtrar\u00a0y\u00a0sin pasteurizar para conservar todo su sabor y todas sus\u00a0 propiedades. Elaborado con manzanas 100% asturianas<br \/><strong>Contenido:<\/strong>Envase 750 ml\u00a0<\/p>\n<p><a id=\"boton-ficha\" href=\"https:\/\/panel.drasanvi.com\/fichas\/1\/467010404\" target=\"_blank\" rel=\"noopener\">Ficha t\u00e9cnica<\/a><\/p>\n","protected":false},"featured_media":18347,"template":"","meta":{"inline_featured_image":false},"product_cat":[1307],"product_tag":[],"class_list":["post-18345","product","type-product","status-publish","has-post-thumbnail","hentry","product_cat-huiles-et-vinaigres"],"yoast_head":"<!-- This site is optimized with the Yoast SEO plugin v27.5 - https:\/\/yoast.com\/product\/yoast-seo-wordpress\/ -->\n<title>Vinagre de manzana sin filtrar Bio 75 cl - Drasanvi Francia<\/title>\n<meta name=\"robots\" content=\"index, follow, max-snippet:-1, max-image-preview:large, max-video-preview:-1\" \/>\n<link rel=\"canonical\" href=\"https:\/\/drasanvi.com\/fr\/producto\/vinagre-de-manzana-sin-filtrar-bio-75-cl\/\" \/>\n<meta property=\"og:locale\" content=\"fr_FR\" \/>\n<meta property=\"og:type\" content=\"article\" \/>\n<meta property=\"og:title\" content=\"Vinagre de manzana sin filtrar Bio 75 cl - Drasanvi Francia\" \/>\n<meta property=\"og:description\" content=\"El vinagre de manzana de ECOSANA es elaborado a partir de manzanas procedentes de la agricultura ecol\u00f3gica, conservando de esta manera, los beneficios naturales del vinagre. Ademas nuestro vinagre de manzana ha sido envasado sin filtrar\u00a0y\u00a0sin pasteurizar para conservar todo su sabor y todas sus\u00a0 propiedades. Elaborado con manzanas 100% asturianasContenido:Envase 750 ml\u00a0Ficha t\u00e9cnica\" \/>\n<meta property=\"og:url\" content=\"https:\/\/drasanvi.com\/fr\/producto\/vinagre-de-manzana-sin-filtrar-bio-75-cl\/\" \/>\n<meta property=\"og:site_name\" content=\"Drasanvi Francia\" \/>\n<meta property=\"article:modified_time\" content=\"2022-03-10T12:15:39+00:00\" \/>\n<meta property=\"og:image\" content=\"https:\/\/drasanvi.com\/wp-content\/uploads\/sites\/7\/2022\/02\/467010404.png\" \/>\n\t<meta property=\"og:image:width\" content=\"1000\" \/>\n\t<meta property=\"og:image:height\" content=\"1000\" \/>\n\t<meta property=\"og:image:type\" content=\"image\/png\" \/>\n<meta name=\"twitter:card\" content=\"summary_large_image\" \/>\n<script type=\"application\/ld+json\" class=\"yoast-schema-graph\">{\"@context\":\"https:\\\/\\\/schema.org\",\"@graph\":[{\"@type\":\"WebPage\",\"@id\":\"https:\\\/\\\/drasanvi.com\\\/fr\\\/producto\\\/vinagre-de-manzana-sin-filtrar-bio-75-cl\\\/\",\"url\":\"https:\\\/\\\/drasanvi.com\\\/fr\\\/producto\\\/vinagre-de-manzana-sin-filtrar-bio-75-cl\\\/\",\"name\":\"Vinagre de manzana sin filtrar Bio 75 cl - Drasanvi Francia\",\"isPartOf\":{\"@id\":\"https:\\\/\\\/drasanvi.com\\\/fr\\\/#website\"},\"primaryImageOfPage\":{\"@id\":\"https:\\\/\\\/drasanvi.com\\\/fr\\\/producto\\\/vinagre-de-manzana-sin-filtrar-bio-75-cl\\\/#primaryimage\"},\"image\":{\"@id\":\"https:\\\/\\\/drasanvi.com\\\/fr\\\/producto\\\/vinagre-de-manzana-sin-filtrar-bio-75-cl\\\/#primaryimage\"},\"thumbnailUrl\":\"https:\\\/\\\/drasanvi.com\\\/fr\\\/wp-content\\\/uploads\\\/sites\\\/7\\\/2022\\\/02\\\/467010404.png\",\"datePublished\":\"2022-02-11T10:01:09+00:00\",\"dateModified\":\"2022-03-10T12:15:39+00:00\",\"breadcrumb\":{\"@id\":\"https:\\\/\\\/drasanvi.com\\\/fr\\\/producto\\\/vinagre-de-manzana-sin-filtrar-bio-75-cl\\\/#breadcrumb\"},\"inLanguage\":\"fr-FR\",\"potentialAction\":[{\"@type\":\"ReadAction\",\"target\":[\"https:\\\/\\\/drasanvi.com\\\/fr\\\/producto\\\/vinagre-de-manzana-sin-filtrar-bio-75-cl\\\/\"]}]},{\"@type\":\"ImageObject\",\"inLanguage\":\"fr-FR\",\"@id\":\"https:\\\/\\\/drasanvi.com\\\/fr\\\/producto\\\/vinagre-de-manzana-sin-filtrar-bio-75-cl\\\/#primaryimage\",\"url\":\"https:\\\/\\\/drasanvi.com\\\/fr\\\/wp-content\\\/uploads\\\/sites\\\/7\\\/2022\\\/02\\\/467010404.png\",\"contentUrl\":\"https:\\\/\\\/drasanvi.com\\\/fr\\\/wp-content\\\/uploads\\\/sites\\\/7\\\/2022\\\/02\\\/467010404.png\",\"width\":1000,\"height\":1000},{\"@type\":\"BreadcrumbList\",\"@id\":\"https:\\\/\\\/drasanvi.com\\\/fr\\\/producto\\\/vinagre-de-manzana-sin-filtrar-bio-75-cl\\\/#breadcrumb\",\"itemListElement\":[{\"@type\":\"ListItem\",\"position\":1,\"name\":\"Portada\",\"item\":\"https:\\\/\\\/drasanvi.com\\\/fr\\\/\"},{\"@type\":\"ListItem\",\"position\":2,\"name\":\"Tienda\",\"item\":\"https:\\\/\\\/drasanvi.com\\\/fr\\\/tienda\\\/\"},{\"@type\":\"ListItem\",\"position\":3,\"name\":\"Vinagre de manzana sin filtrar Bio 75 cl\"}]},{\"@type\":\"WebSite\",\"@id\":\"https:\\\/\\\/drasanvi.com\\\/fr\\\/#website\",\"url\":\"https:\\\/\\\/drasanvi.com\\\/fr\\\/\",\"name\":\"Drasanvi Francia\",\"description\":\"L\u00edder en complementos alimenticios y cosm\u00e9tica natural.\",\"publisher\":{\"@id\":\"https:\\\/\\\/drasanvi.com\\\/fr\\\/#organization\"},\"potentialAction\":[{\"@type\":\"SearchAction\",\"target\":{\"@type\":\"EntryPoint\",\"urlTemplate\":\"https:\\\/\\\/drasanvi.com\\\/fr\\\/?s={search_term_string}\"},\"query-input\":{\"@type\":\"PropertyValueSpecification\",\"valueRequired\":true,\"valueName\":\"search_term_string\"}}],\"inLanguage\":\"fr-FR\"},{\"@type\":\"Organization\",\"@id\":\"https:\\\/\\\/drasanvi.com\\\/fr\\\/#organization\",\"name\":\"Drasanvi\",\"url\":\"https:\\\/\\\/drasanvi.com\\\/fr\\\/\",\"logo\":{\"@type\":\"ImageObject\",\"inLanguage\":\"fr-FR\",\"@id\":\"https:\\\/\\\/drasanvi.com\\\/fr\\\/#\\\/schema\\\/logo\\\/image\\\/\",\"url\":\"https:\\\/\\\/drasanvi.com\\\/wp-content\\\/uploads\\\/sites\\\/7\\\/2021\\\/07\\\/logo-drasanvi.png\",\"contentUrl\":\"https:\\\/\\\/drasanvi.com\\\/wp-content\\\/uploads\\\/sites\\\/7\\\/2021\\\/07\\\/logo-drasanvi.png\",\"width\":900,\"height\":300,\"caption\":\"Drasanvi\"},\"image\":{\"@id\":\"https:\\\/\\\/drasanvi.com\\\/fr\\\/#\\\/schema\\\/logo\\\/image\\\/\"}}]}<\/script>\n<!-- \/ Yoast SEO plugin. -->","yoast_head_json":{"title":"Vinagre de manzana sin filtrar Bio 75 cl - Drasanvi Francia","robots":{"index":"index","follow":"follow","max-snippet":"max-snippet:-1","max-image-preview":"max-image-preview:large","max-video-preview":"max-video-preview:-1"},"canonical":"https:\/\/drasanvi.com\/fr\/producto\/vinagre-de-manzana-sin-filtrar-bio-75-cl\/","og_locale":"fr_FR","og_type":"article","og_title":"Vinagre de manzana sin filtrar Bio 75 cl - Drasanvi Francia","og_description":"El vinagre de manzana de ECOSANA es elaborado a partir de manzanas procedentes de la agricultura ecol\u00f3gica, conservando de esta manera, los beneficios naturales del vinagre. Ademas nuestro vinagre de manzana ha sido envasado sin filtrar\u00a0y\u00a0sin pasteurizar para conservar todo su sabor y todas sus\u00a0 propiedades. Elaborado con manzanas 100% asturianasContenido:Envase 750 ml\u00a0Ficha t\u00e9cnica","og_url":"https:\/\/drasanvi.com\/fr\/producto\/vinagre-de-manzana-sin-filtrar-bio-75-cl\/","og_site_name":"Drasanvi Francia","article_modified_time":"2022-03-10T12:15:39+00:00","og_image":[{"width":1000,"height":1000,"url":"https:\/\/drasanvi.com\/wp-content\/uploads\/sites\/7\/2022\/02\/467010404.png","type":"image\/png"}],"twitter_card":"summary_large_image","schema":{"@context":"https:\/\/schema.org","@graph":[{"@type":"WebPage","@id":"https:\/\/drasanvi.com\/fr\/producto\/vinagre-de-manzana-sin-filtrar-bio-75-cl\/","url":"https:\/\/drasanvi.com\/fr\/producto\/vinagre-de-manzana-sin-filtrar-bio-75-cl\/","name":"Vinagre de manzana sin filtrar Bio 75 cl - Drasanvi Francia","isPartOf":{"@id":"https:\/\/drasanvi.com\/fr\/#website"},"primaryImageOfPage":{"@id":"https:\/\/drasanvi.com\/fr\/producto\/vinagre-de-manzana-sin-filtrar-bio-75-cl\/#primaryimage"},"image":{"@id":"https:\/\/drasanvi.com\/fr\/producto\/vinagre-de-manzana-sin-filtrar-bio-75-cl\/#primaryimage"},"thumbnailUrl":"https:\/\/drasanvi.com\/fr\/wp-content\/uploads\/sites\/7\/2022\/02\/467010404.png","datePublished":"2022-02-11T10:01:09+00:00","dateModified":"2022-03-10T12:15:39+00:00","breadcrumb":{"@id":"https:\/\/drasanvi.com\/fr\/producto\/vinagre-de-manzana-sin-filtrar-bio-75-cl\/#breadcrumb"},"inLanguage":"fr-FR","potentialAction":[{"@type":"ReadAction","target":["https:\/\/drasanvi.com\/fr\/producto\/vinagre-de-manzana-sin-filtrar-bio-75-cl\/"]}]},{"@type":"ImageObject","inLanguage":"fr-FR","@id":"https:\/\/drasanvi.com\/fr\/producto\/vinagre-de-manzana-sin-filtrar-bio-75-cl\/#primaryimage","url":"https:\/\/drasanvi.com\/fr\/wp-content\/uploads\/sites\/7\/2022\/02\/467010404.png","contentUrl":"https:\/\/drasanvi.com\/fr\/wp-content\/uploads\/sites\/7\/2022\/02\/467010404.png","width":1000,"height":1000},{"@type":"BreadcrumbList","@id":"https:\/\/drasanvi.com\/fr\/producto\/vinagre-de-manzana-sin-filtrar-bio-75-cl\/#breadcrumb","itemListElement":[{"@type":"ListItem","position":1,"name":"Portada","item":"https:\/\/drasanvi.com\/fr\/"},{"@type":"ListItem","position":2,"name":"Tienda","item":"https:\/\/drasanvi.com\/fr\/tienda\/"},{"@type":"ListItem","position":3,"name":"Vinagre de manzana sin filtrar Bio 75 cl"}]},{"@type":"WebSite","@id":"https:\/\/drasanvi.com\/fr\/#website","url":"https:\/\/drasanvi.com\/fr\/","name":"Drasanvi Francia","description":"L\u00edder en complementos alimenticios y cosm\u00e9tica natural.","publisher":{"@id":"https:\/\/drasanvi.com\/fr\/#organization"},"potentialAction":[{"@type":"SearchAction","target":{"@type":"EntryPoint","urlTemplate":"https:\/\/drasanvi.com\/fr\/?s={search_term_string}"},"query-input":{"@type":"PropertyValueSpecification","valueRequired":true,"valueName":"search_term_string"}}],"inLanguage":"fr-FR"},{"@type":"Organization","@id":"https:\/\/drasanvi.com\/fr\/#organization","name":"Drasanvi","url":"https:\/\/drasanvi.com\/fr\/","logo":{"@type":"ImageObject","inLanguage":"fr-FR","@id":"https:\/\/drasanvi.com\/fr\/#\/schema\/logo\/image\/","url":"https:\/\/drasanvi.com\/wp-content\/uploads\/sites\/7\/2021\/07\/logo-drasanvi.png","contentUrl":"https:\/\/drasanvi.com\/wp-content\/uploads\/sites\/7\/2021\/07\/logo-drasanvi.png","width":900,"height":300,"caption":"Drasanvi"},"image":{"@id":"https:\/\/drasanvi.com\/fr\/#\/schema\/logo\/image\/"}}]}},"_links":{"self":[{"href":"https:\/\/drasanvi.com\/fr\/wp-json\/wp\/v2\/product\/18345","targetHints":{"allow":["GET"]}}],"collection":[{"href":"https:\/\/drasanvi.com\/fr\/wp-json\/wp\/v2\/product"}],"about":[{"href":"https:\/\/drasanvi.com\/fr\/wp-json\/wp\/v2\/types\/product"}],"version-history":[{"count":0,"href":"https:\/\/drasanvi.com\/fr\/wp-json\/wp\/v2\/product\/18345\/revisions"}],"wp:featuredmedia":[{"embeddable":true,"href":"https:\/\/drasanvi.com\/fr\/wp-json\/wp\/v2\/media\/18347"}],"wp:attachment":[{"href":"https:\/\/drasanvi.com\/fr\/wp-json\/wp\/v2\/media?parent=18345"}],"wp:term":[{"taxonomy":"product_cat","embeddable":true,"href":"https:\/\/drasanvi.com\/fr\/wp-json\/wp\/v2\/product_cat?post=18345"},{"taxonomy":"product_tag","embeddable":true,"href":"https:\/\/drasanvi.com\/fr\/wp-json\/wp\/v2\/product_tag?post=18345"}],"curies":[{"name":"wp","href":"https:\/\/api.w.org\/{rel}","templated":true}]}}