{"id":17575,"date":"2022-02-04T16:36:59","date_gmt":"2022-02-04T14:36:59","guid":{"rendered":"https:\/\/drasanvi.com\/fr\/producto\/relaxgreen-solucion-oral\/"},"modified":"2022-03-10T14:15:33","modified_gmt":"2022-03-10T12:15:33","slug":"relaxgreen-solucion-oral","status":"publish","type":"product","link":"https:\/\/drasanvi.com\/fr\/producto\/relaxgreen-solucion-oral\/","title":{"rendered":"RelaxGreen soluci\u00f3n oral"},"content":{"rendered":"<h2>\u00bfQu\u00e9 es RelaxGreen?<\/h2>\n<p>RelaxGreen favorece la relajaci\u00f3n en perros y gatos y controla la ansiedad y el estr\u00e9s.<\/p>\n<p>Est\u00e1 formulado a base de plantas y sustancias naturales para apoyar el bienestar mental y emocional de perros y gatos de una forma segura. Previene estados de ansiedad u estr\u00e9s asociados a problemas de comportamiento en estos animales, sin producir sedaci\u00f3n.<\/p>\n<p>Tratamientos de reducci\u00f3n de estr\u00e9s en perros y gatos, problemas de comportamiento derivados del estr\u00e9s y ansiedad, situaciones puntuales que supongan un desaf\u00edo para el animal como mudanzas, visitas al veterinario, viajes, etc. Apoyo en procesos de entrenamiento y modificaci\u00f3n de conducta<\/p>\n<p><strong>Composici\u00f3n: <\/strong>Agua, extracto seco de Ra\u00edz de Ashwagandha (<em>Withania somnifera<\/em>), L-teanina (procedente de extracto seco de t\u00e9 verde <em>Camellia sinensis<\/em>), \u00e1cido gamma-aminobut\u00edrico \u2013 GABA, extracto seco de pasiflora (<em>Passiflora incarnata<\/em>) (4% flavonoides), extracto seco de melisa (<em>Melissa officinalis<\/em>) (2,5% \u00e1cido rosmar\u00ednico) y extracto seco de espino blanco (<em>Crataegus oxyacantha<\/em>), Vitaminas B1, B3 y B6.<\/p>\n<h2>Descripci\u00f3n de los ingredientes<\/h2>\n<ul>\n<li><strong>GABA (\u00e1cido \u0263-aminobut\u00edrico)<\/strong>: se trata de un amino\u00e1cido no proteico presente, de forma natural, en el sistema nervioso de los mam\u00edferos y es encargado de inhibirlo o relajarlo, aportando relax y calma.<\/li>\n<li><strong><em>Passiflora incarnata<\/em><\/strong>: conocida com\u00fanmente como flor de la pasi\u00f3n. Se trata de una planta con virtudes ansiol\u00edticas y sedantes. Sus flavonoides activan el GABA e inhiben su recaptaci\u00f3n.<\/li>\n<li><strong><em>Crataegus oxycantha<\/em><\/strong>: el espino blanco act\u00faa en sinergia con la Passiflora, potenciando su acci\u00f3n. Ayuda en la prevenci\u00f3n del estr\u00e9s y la ansiedad y mejora la calidad de sue\u00f1o.<\/li>\n<li><strong><em>Melissa officinalis<\/em><\/strong>: planta que apoya la acci\u00f3n del GABA, permitiendo que permanezca m\u00e1s tiempo en el sistema nervioso al inhibir la enzima que lo metaboliza.<\/li>\n<li><strong><em>Withania somn\u00edfera<\/em><\/strong>: conocida como Ashwagandha o ginseng indio, tambi\u00e9n, act\u00faa apoyando la acci\u00f3n del GABA. En este caso activando, sus receptores, adem\u00e1s de reducir el cortisol en sangre, hormona del estr\u00e9s. Ayuda en la adaptaci\u00f3n a situaciones que pueden suponer un desaf\u00edo para el animal y, por ello, mejoran su resistencia al estr\u00e9s. Muy \u00fatil para animales que est\u00e9n en proceso de entrenamiento o aprendizaje.<\/li>\n<li><strong>L-teanina<\/strong>: es un amino\u00e1cido que se encuentra, naturalmente, en el t\u00e9 verde. Promueve la relajaci\u00f3n y reducci\u00f3n del estr\u00e9s sin producir sedaci\u00f3n y, a su vez, mejora la cognici\u00f3n, por lo que resulta un apoyo para ayudar en procesos de modificaci\u00f3n de conducta. Aumenta los niveles de GABA, serotonina y dopamina en el cerebro y compite con el \u00e1cido glut\u00e1mico a nivel cerebral, que es excitable.<\/li>\n<li><strong>Vitaminas del grupo B<\/strong>: necesarias para el buen funcionamiento del cerebro y de los neurotransmisores.<\/li>\n<\/ul>\n<h3>Modo de administraci\u00f3n:<\/h3>\n<p>Administrar 3 ml por cada 5 kg de peso, una vez al d\u00eda. Se puede administrar de forma continuada durante periodos prolongados en caso necesario. Consultar con un profesional veterinario para administraciones largas.<\/p>\n<p><strong>Presentaci\u00f3n<\/strong>: envases de 120 ml con jeringa dosificadora<\/p>\n","protected":false},"excerpt":{"rendered":"<p>RelaxGreen favorece la relajaci\u00f3n en perros y gatos y controla la ansiedad y el estr\u00e9s.<\/p>\n","protected":false},"featured_media":17577,"template":"","meta":{"inline_featured_image":false},"product_cat":[1302],"product_tag":[],"class_list":["post-17575","product","type-product","status-publish","has-post-thumbnail","hentry","product_cat-dr-green"],"yoast_head":"<!-- This site is optimized with the Yoast SEO plugin v27.5 - https:\/\/yoast.com\/product\/yoast-seo-wordpress\/ -->\n<title>RelaxGreen soluci\u00f3n oral - Drasanvi Francia<\/title>\n<meta name=\"robots\" content=\"index, follow, max-snippet:-1, max-image-preview:large, max-video-preview:-1\" \/>\n<link rel=\"canonical\" href=\"https:\/\/drasanvi.com\/fr\/producto\/relaxgreen-solucion-oral\/\" \/>\n<meta property=\"og:locale\" content=\"fr_FR\" \/>\n<meta property=\"og:type\" content=\"article\" \/>\n<meta property=\"og:title\" content=\"RelaxGreen soluci\u00f3n oral - Drasanvi Francia\" \/>\n<meta property=\"og:description\" content=\"RelaxGreen favorece la relajaci\u00f3n en perros y gatos y controla la ansiedad y el estr\u00e9s.\" \/>\n<meta property=\"og:url\" content=\"https:\/\/drasanvi.com\/fr\/producto\/relaxgreen-solucion-oral\/\" \/>\n<meta property=\"og:site_name\" content=\"Drasanvi Francia\" \/>\n<meta property=\"article:modified_time\" content=\"2022-03-10T12:15:33+00:00\" \/>\n<meta property=\"og:image\" content=\"https:\/\/drasanvi.com\/wp-content\/uploads\/sites\/7\/2022\/02\/relaxgreen-oral.jpg\" \/>\n\t<meta property=\"og:image:width\" content=\"500\" \/>\n\t<meta property=\"og:image:height\" content=\"500\" \/>\n\t<meta property=\"og:image:type\" content=\"image\/jpeg\" \/>\n<meta name=\"twitter:card\" content=\"summary_large_image\" \/>\n<script type=\"application\/ld+json\" class=\"yoast-schema-graph\">{\"@context\":\"https:\\\/\\\/schema.org\",\"@graph\":[{\"@type\":\"WebPage\",\"@id\":\"https:\\\/\\\/drasanvi.com\\\/fr\\\/producto\\\/relaxgreen-solucion-oral\\\/\",\"url\":\"https:\\\/\\\/drasanvi.com\\\/fr\\\/producto\\\/relaxgreen-solucion-oral\\\/\",\"name\":\"RelaxGreen soluci\u00f3n oral - Drasanvi Francia\",\"isPartOf\":{\"@id\":\"https:\\\/\\\/drasanvi.com\\\/fr\\\/#website\"},\"primaryImageOfPage\":{\"@id\":\"https:\\\/\\\/drasanvi.com\\\/fr\\\/producto\\\/relaxgreen-solucion-oral\\\/#primaryimage\"},\"image\":{\"@id\":\"https:\\\/\\\/drasanvi.com\\\/fr\\\/producto\\\/relaxgreen-solucion-oral\\\/#primaryimage\"},\"thumbnailUrl\":\"https:\\\/\\\/drasanvi.com\\\/fr\\\/wp-content\\\/uploads\\\/sites\\\/7\\\/2022\\\/02\\\/relaxgreen-oral.jpg\",\"datePublished\":\"2022-02-04T14:36:59+00:00\",\"dateModified\":\"2022-03-10T12:15:33+00:00\",\"breadcrumb\":{\"@id\":\"https:\\\/\\\/drasanvi.com\\\/fr\\\/producto\\\/relaxgreen-solucion-oral\\\/#breadcrumb\"},\"inLanguage\":\"fr-FR\",\"potentialAction\":[{\"@type\":\"ReadAction\",\"target\":[\"https:\\\/\\\/drasanvi.com\\\/fr\\\/producto\\\/relaxgreen-solucion-oral\\\/\"]}]},{\"@type\":\"ImageObject\",\"inLanguage\":\"fr-FR\",\"@id\":\"https:\\\/\\\/drasanvi.com\\\/fr\\\/producto\\\/relaxgreen-solucion-oral\\\/#primaryimage\",\"url\":\"https:\\\/\\\/drasanvi.com\\\/fr\\\/wp-content\\\/uploads\\\/sites\\\/7\\\/2022\\\/02\\\/relaxgreen-oral.jpg\",\"contentUrl\":\"https:\\\/\\\/drasanvi.com\\\/fr\\\/wp-content\\\/uploads\\\/sites\\\/7\\\/2022\\\/02\\\/relaxgreen-oral.jpg\",\"width\":500,\"height\":500},{\"@type\":\"BreadcrumbList\",\"@id\":\"https:\\\/\\\/drasanvi.com\\\/fr\\\/producto\\\/relaxgreen-solucion-oral\\\/#breadcrumb\",\"itemListElement\":[{\"@type\":\"ListItem\",\"position\":1,\"name\":\"Portada\",\"item\":\"https:\\\/\\\/drasanvi.com\\\/fr\\\/\"},{\"@type\":\"ListItem\",\"position\":2,\"name\":\"Tienda\",\"item\":\"https:\\\/\\\/drasanvi.com\\\/fr\\\/tienda\\\/\"},{\"@type\":\"ListItem\",\"position\":3,\"name\":\"RelaxGreen soluci\u00f3n oral\"}]},{\"@type\":\"WebSite\",\"@id\":\"https:\\\/\\\/drasanvi.com\\\/fr\\\/#website\",\"url\":\"https:\\\/\\\/drasanvi.com\\\/fr\\\/\",\"name\":\"Drasanvi Francia\",\"description\":\"L\u00edder en complementos alimenticios y cosm\u00e9tica natural.\",\"publisher\":{\"@id\":\"https:\\\/\\\/drasanvi.com\\\/fr\\\/#organization\"},\"potentialAction\":[{\"@type\":\"SearchAction\",\"target\":{\"@type\":\"EntryPoint\",\"urlTemplate\":\"https:\\\/\\\/drasanvi.com\\\/fr\\\/?s={search_term_string}\"},\"query-input\":{\"@type\":\"PropertyValueSpecification\",\"valueRequired\":true,\"valueName\":\"search_term_string\"}}],\"inLanguage\":\"fr-FR\"},{\"@type\":\"Organization\",\"@id\":\"https:\\\/\\\/drasanvi.com\\\/fr\\\/#organization\",\"name\":\"Drasanvi\",\"url\":\"https:\\\/\\\/drasanvi.com\\\/fr\\\/\",\"logo\":{\"@type\":\"ImageObject\",\"inLanguage\":\"fr-FR\",\"@id\":\"https:\\\/\\\/drasanvi.com\\\/fr\\\/#\\\/schema\\\/logo\\\/image\\\/\",\"url\":\"https:\\\/\\\/drasanvi.com\\\/wp-content\\\/uploads\\\/sites\\\/7\\\/2021\\\/07\\\/logo-drasanvi.png\",\"contentUrl\":\"https:\\\/\\\/drasanvi.com\\\/wp-content\\\/uploads\\\/sites\\\/7\\\/2021\\\/07\\\/logo-drasanvi.png\",\"width\":900,\"height\":300,\"caption\":\"Drasanvi\"},\"image\":{\"@id\":\"https:\\\/\\\/drasanvi.com\\\/fr\\\/#\\\/schema\\\/logo\\\/image\\\/\"}}]}<\/script>\n<!-- \/ Yoast SEO plugin. -->","yoast_head_json":{"title":"RelaxGreen soluci\u00f3n oral - Drasanvi Francia","robots":{"index":"index","follow":"follow","max-snippet":"max-snippet:-1","max-image-preview":"max-image-preview:large","max-video-preview":"max-video-preview:-1"},"canonical":"https:\/\/drasanvi.com\/fr\/producto\/relaxgreen-solucion-oral\/","og_locale":"fr_FR","og_type":"article","og_title":"RelaxGreen soluci\u00f3n oral - Drasanvi Francia","og_description":"RelaxGreen favorece la relajaci\u00f3n en perros y gatos y controla la ansiedad y el estr\u00e9s.","og_url":"https:\/\/drasanvi.com\/fr\/producto\/relaxgreen-solucion-oral\/","og_site_name":"Drasanvi Francia","article_modified_time":"2022-03-10T12:15:33+00:00","og_image":[{"width":500,"height":500,"url":"https:\/\/drasanvi.com\/wp-content\/uploads\/sites\/7\/2022\/02\/relaxgreen-oral.jpg","type":"image\/jpeg"}],"twitter_card":"summary_large_image","schema":{"@context":"https:\/\/schema.org","@graph":[{"@type":"WebPage","@id":"https:\/\/drasanvi.com\/fr\/producto\/relaxgreen-solucion-oral\/","url":"https:\/\/drasanvi.com\/fr\/producto\/relaxgreen-solucion-oral\/","name":"RelaxGreen soluci\u00f3n oral - Drasanvi Francia","isPartOf":{"@id":"https:\/\/drasanvi.com\/fr\/#website"},"primaryImageOfPage":{"@id":"https:\/\/drasanvi.com\/fr\/producto\/relaxgreen-solucion-oral\/#primaryimage"},"image":{"@id":"https:\/\/drasanvi.com\/fr\/producto\/relaxgreen-solucion-oral\/#primaryimage"},"thumbnailUrl":"https:\/\/drasanvi.com\/fr\/wp-content\/uploads\/sites\/7\/2022\/02\/relaxgreen-oral.jpg","datePublished":"2022-02-04T14:36:59+00:00","dateModified":"2022-03-10T12:15:33+00:00","breadcrumb":{"@id":"https:\/\/drasanvi.com\/fr\/producto\/relaxgreen-solucion-oral\/#breadcrumb"},"inLanguage":"fr-FR","potentialAction":[{"@type":"ReadAction","target":["https:\/\/drasanvi.com\/fr\/producto\/relaxgreen-solucion-oral\/"]}]},{"@type":"ImageObject","inLanguage":"fr-FR","@id":"https:\/\/drasanvi.com\/fr\/producto\/relaxgreen-solucion-oral\/#primaryimage","url":"https:\/\/drasanvi.com\/fr\/wp-content\/uploads\/sites\/7\/2022\/02\/relaxgreen-oral.jpg","contentUrl":"https:\/\/drasanvi.com\/fr\/wp-content\/uploads\/sites\/7\/2022\/02\/relaxgreen-oral.jpg","width":500,"height":500},{"@type":"BreadcrumbList","@id":"https:\/\/drasanvi.com\/fr\/producto\/relaxgreen-solucion-oral\/#breadcrumb","itemListElement":[{"@type":"ListItem","position":1,"name":"Portada","item":"https:\/\/drasanvi.com\/fr\/"},{"@type":"ListItem","position":2,"name":"Tienda","item":"https:\/\/drasanvi.com\/fr\/tienda\/"},{"@type":"ListItem","position":3,"name":"RelaxGreen soluci\u00f3n oral"}]},{"@type":"WebSite","@id":"https:\/\/drasanvi.com\/fr\/#website","url":"https:\/\/drasanvi.com\/fr\/","name":"Drasanvi Francia","description":"L\u00edder en complementos alimenticios y cosm\u00e9tica natural.","publisher":{"@id":"https:\/\/drasanvi.com\/fr\/#organization"},"potentialAction":[{"@type":"SearchAction","target":{"@type":"EntryPoint","urlTemplate":"https:\/\/drasanvi.com\/fr\/?s={search_term_string}"},"query-input":{"@type":"PropertyValueSpecification","valueRequired":true,"valueName":"search_term_string"}}],"inLanguage":"fr-FR"},{"@type":"Organization","@id":"https:\/\/drasanvi.com\/fr\/#organization","name":"Drasanvi","url":"https:\/\/drasanvi.com\/fr\/","logo":{"@type":"ImageObject","inLanguage":"fr-FR","@id":"https:\/\/drasanvi.com\/fr\/#\/schema\/logo\/image\/","url":"https:\/\/drasanvi.com\/wp-content\/uploads\/sites\/7\/2021\/07\/logo-drasanvi.png","contentUrl":"https:\/\/drasanvi.com\/wp-content\/uploads\/sites\/7\/2021\/07\/logo-drasanvi.png","width":900,"height":300,"caption":"Drasanvi"},"image":{"@id":"https:\/\/drasanvi.com\/fr\/#\/schema\/logo\/image\/"}}]}},"_links":{"self":[{"href":"https:\/\/drasanvi.com\/fr\/wp-json\/wp\/v2\/product\/17575","targetHints":{"allow":["GET"]}}],"collection":[{"href":"https:\/\/drasanvi.com\/fr\/wp-json\/wp\/v2\/product"}],"about":[{"href":"https:\/\/drasanvi.com\/fr\/wp-json\/wp\/v2\/types\/product"}],"version-history":[{"count":0,"href":"https:\/\/drasanvi.com\/fr\/wp-json\/wp\/v2\/product\/17575\/revisions"}],"wp:featuredmedia":[{"embeddable":true,"href":"https:\/\/drasanvi.com\/fr\/wp-json\/wp\/v2\/media\/17577"}],"wp:attachment":[{"href":"https:\/\/drasanvi.com\/fr\/wp-json\/wp\/v2\/media?parent=17575"}],"wp:term":[{"taxonomy":"product_cat","embeddable":true,"href":"https:\/\/drasanvi.com\/fr\/wp-json\/wp\/v2\/product_cat?post=17575"},{"taxonomy":"product_tag","embeddable":true,"href":"https:\/\/drasanvi.com\/fr\/wp-json\/wp\/v2\/product_tag?post=17575"}],"curies":[{"name":"wp","href":"https:\/\/api.w.org\/{rel}","templated":true}]}}