{"id":17572,"date":"2022-02-04T16:36:59","date_gmt":"2022-02-04T14:36:59","guid":{"rendered":"https:\/\/drasanvi.com\/fr\/producto\/renalgreen-solucion-oral\/"},"modified":"2022-03-10T14:15:33","modified_gmt":"2022-03-10T12:15:33","slug":"renalgreen-solucion-oral","status":"publish","type":"product","link":"https:\/\/drasanvi.com\/fr\/producto\/renalgreen-solucion-oral\/","title":{"rendered":"RenalGreen soluci\u00f3n oral"},"content":{"rendered":"<h2>\u00bfQu\u00e9 es Renalgreen?<\/h2>\n<p>RenalGreen contiene ingredientes naturales para el restablecimiento y mantenimiento de la salud renal de perros y gatos. Aporta nutrientes necesarios para los animales con necesidades renales especiales y ayuda en el proceso de detoxificaci\u00f3n de su organismo.<\/p>\n<p>Sus ingredientes han sido seleccionados para actual especificamente en las funciones renales, apoy\u00e1ndolas y mejor\u00e1ndolas, adem\u00e1s de corregir los desequilibrios derivados de un descenso en el funcionamiento renal.<\/p>\n<p>El <em>Cordyceps sinensis<\/em> es un ingrediente a destacar en RenalGreen, ya que se trata de un hongo usado en Medicina China que posee muchas propiedades para apoyar la salud de los perros y gatos con problemas renales y aumentar su energ\u00eda.<\/p>\n<p>Sus ingredientes han sido seleccionados para actuar espec\u00edficamente en las funciones renales, apoy\u00e1ndolas y mejor\u00e1ndolas, adem\u00e1s de corregir los desequilibrios derivados de un descenso en el funcionamiento renal.<\/p>\n<p><b>Composici\u00f3n:<\/b> Agua,<em> Cordyceps sinensis<\/em> en polvo, Extracto seco de: Mirtilo (<em>Vaccinium myrtillus<\/em>), <em>Lespedeza capitata<\/em> y Ortiga Verde (<em>Urtica dioica<\/em>), pectina de manzana, jalea real liofilizada, Omega 3 (aceite de sardina y caballa) y extracto seco de Espino blanco (<em>Crataegus oxyacantha<\/em>), Vitaminas B6, B9 y B12.<\/p>\n<h2>Descripci\u00f3n de los productos<\/h2>\n<ul>\n<li><strong><em>Lespedeza capitata<\/em><\/strong>: planta que apoya la funci\u00f3n renal de eliminaci\u00f3n de la urea en el organismo.<\/li>\n<li><strong>Crataegus pinnatifida<\/strong>: el espino blanco mantiene unos valores de presi\u00f3n arterial dentro de la normalidad.<\/li>\n<li><strong><em>Urtica dioica<\/em><\/strong>: planta que apoya a la Lespedeza en la eliminaci\u00f3n de l\u00edquidos, sin eliminar electrolitos, siendo, adem\u00e1s, muy rica en minerales.<\/li>\n<li><strong><em>Cordyceps sinensis<\/em><\/strong>: es un hongo utilizado en la medicina tradicional china. Ayuda en el funcionamiento normal del ri\u00f1\u00f3n y mantiene su salud. Aporta vitalidad y combate los radicales libres. Tambi\u00e9n, mantiene los valores de presi\u00f3n arterial normales.<\/li>\n<li><strong><em>Vaccinium myrtillus<\/em><\/strong>: el ar\u00e1ndano contiene antocian\u00f3sidos, como antioxidantes. Previene el da\u00f1o renal oxidativo y las infecciones urinarias por falta de concentraci\u00f3n en la orina.<\/li>\n<li><strong>Jalea real<\/strong>: aporta energ\u00eda, estimula las defensas y el apetito, lo cual es necesario en animales con enfermedad renal, ya que \u00e9ste se encuentra disminuido.<\/li>\n<li><strong>Omega 3<\/strong>: son \u00e1cidos grasos esenciales que act\u00faan como protectores del ri\u00f1\u00f3n, preventivos de inflamaci\u00f3n y antioxidantes. Ayudan a mantener la funci\u00f3n renal. Este aporte de EPA y DHA en gatos es importante, ya que no pueden sintetizarlos por s\u00ed mismos.<\/li>\n<li><strong>Pectina de manzana<\/strong>: esta fibra es un prebi\u00f3tico que sirve de alimento a las bacterias intestinales que se encargan del metabolismo de la urea en el organismo y, as\u00ed, ayudan al descenso de sus niveles en sangre, aumentando su excreci\u00f3n en las heces. Adem\u00e1s, esta fibra fermentable contribuye a regular los trastornos digestivos que acompa\u00f1an a la enfermedad renal.<\/li>\n<li><strong>Vitaminas del grupo B<\/strong>: para prevenir estados carenciales y anemia, ya que las vitaminas hidrosolubles se pierden m\u00e1s en casos de aumento de la diuresis y su carencia conduce a una disminuci\u00f3n del apetito. Su aporte externo restablece ese apetito y mejora, as\u00ed, la salud de los perros y gatos.<\/li>\n<\/ul>\n<h3>Modo de administraci\u00f3n:<\/h3>\n<p>Administrar 1 una vez al d\u00eda 2,5 ml por cada 5 kg de peso. Se puede administrar durante periodos m\u00e1s largos de forma continuada con supervisi\u00f3n veterinaria.<\/p>\n<p><strong>Presentaci\u00f3n<\/strong>: envases de 50 ml con jeringa dosificadora.<\/p>\n","protected":false},"excerpt":{"rendered":"<p>RenalGreen contiene ingredientes naturales para el restablecimiento y mantenimiento de la salud renal de perros y gatos. Aporta nutrientes necesarios para los animales con necesidades renales especiales y ayuda en el proceso de detoxificaci\u00f3n de su organismo.<\/p>\n","protected":false},"featured_media":17574,"template":"","meta":{"inline_featured_image":false},"product_cat":[1302],"product_tag":[],"class_list":["post-17572","product","type-product","status-publish","has-post-thumbnail","hentry","product_cat-dr-green"],"yoast_head":"<!-- This site is optimized with the Yoast SEO plugin v27.5 - https:\/\/yoast.com\/product\/yoast-seo-wordpress\/ -->\n<title>RenalGreen soluci\u00f3n oral - Drasanvi Francia<\/title>\n<meta name=\"robots\" content=\"index, follow, max-snippet:-1, max-image-preview:large, max-video-preview:-1\" \/>\n<link rel=\"canonical\" href=\"https:\/\/drasanvi.com\/fr\/producto\/renalgreen-solucion-oral\/\" \/>\n<meta property=\"og:locale\" content=\"fr_FR\" \/>\n<meta property=\"og:type\" content=\"article\" \/>\n<meta property=\"og:title\" content=\"RenalGreen soluci\u00f3n oral - Drasanvi Francia\" \/>\n<meta property=\"og:description\" content=\"RenalGreen contiene ingredientes naturales para el restablecimiento y mantenimiento de la salud renal de perros y gatos. Aporta nutrientes necesarios para los animales con necesidades renales especiales y ayuda en el proceso de detoxificaci\u00f3n de su organismo.\" \/>\n<meta property=\"og:url\" content=\"https:\/\/drasanvi.com\/fr\/producto\/renalgreen-solucion-oral\/\" \/>\n<meta property=\"og:site_name\" content=\"Drasanvi Francia\" \/>\n<meta property=\"article:modified_time\" content=\"2022-03-10T12:15:33+00:00\" \/>\n<meta property=\"og:image\" content=\"https:\/\/drasanvi.com\/wp-content\/uploads\/sites\/7\/2022\/02\/renalgreen-oral.jpg\" \/>\n\t<meta property=\"og:image:width\" content=\"500\" \/>\n\t<meta property=\"og:image:height\" content=\"500\" \/>\n\t<meta property=\"og:image:type\" content=\"image\/jpeg\" \/>\n<meta name=\"twitter:card\" content=\"summary_large_image\" \/>\n<script type=\"application\/ld+json\" class=\"yoast-schema-graph\">{\"@context\":\"https:\\\/\\\/schema.org\",\"@graph\":[{\"@type\":\"WebPage\",\"@id\":\"https:\\\/\\\/drasanvi.com\\\/fr\\\/producto\\\/renalgreen-solucion-oral\\\/\",\"url\":\"https:\\\/\\\/drasanvi.com\\\/fr\\\/producto\\\/renalgreen-solucion-oral\\\/\",\"name\":\"RenalGreen soluci\u00f3n oral - Drasanvi Francia\",\"isPartOf\":{\"@id\":\"https:\\\/\\\/drasanvi.com\\\/fr\\\/#website\"},\"primaryImageOfPage\":{\"@id\":\"https:\\\/\\\/drasanvi.com\\\/fr\\\/producto\\\/renalgreen-solucion-oral\\\/#primaryimage\"},\"image\":{\"@id\":\"https:\\\/\\\/drasanvi.com\\\/fr\\\/producto\\\/renalgreen-solucion-oral\\\/#primaryimage\"},\"thumbnailUrl\":\"https:\\\/\\\/drasanvi.com\\\/fr\\\/wp-content\\\/uploads\\\/sites\\\/7\\\/2022\\\/02\\\/renalgreen-oral.jpg\",\"datePublished\":\"2022-02-04T14:36:59+00:00\",\"dateModified\":\"2022-03-10T12:15:33+00:00\",\"breadcrumb\":{\"@id\":\"https:\\\/\\\/drasanvi.com\\\/fr\\\/producto\\\/renalgreen-solucion-oral\\\/#breadcrumb\"},\"inLanguage\":\"fr-FR\",\"potentialAction\":[{\"@type\":\"ReadAction\",\"target\":[\"https:\\\/\\\/drasanvi.com\\\/fr\\\/producto\\\/renalgreen-solucion-oral\\\/\"]}]},{\"@type\":\"ImageObject\",\"inLanguage\":\"fr-FR\",\"@id\":\"https:\\\/\\\/drasanvi.com\\\/fr\\\/producto\\\/renalgreen-solucion-oral\\\/#primaryimage\",\"url\":\"https:\\\/\\\/drasanvi.com\\\/fr\\\/wp-content\\\/uploads\\\/sites\\\/7\\\/2022\\\/02\\\/renalgreen-oral.jpg\",\"contentUrl\":\"https:\\\/\\\/drasanvi.com\\\/fr\\\/wp-content\\\/uploads\\\/sites\\\/7\\\/2022\\\/02\\\/renalgreen-oral.jpg\",\"width\":500,\"height\":500},{\"@type\":\"BreadcrumbList\",\"@id\":\"https:\\\/\\\/drasanvi.com\\\/fr\\\/producto\\\/renalgreen-solucion-oral\\\/#breadcrumb\",\"itemListElement\":[{\"@type\":\"ListItem\",\"position\":1,\"name\":\"Portada\",\"item\":\"https:\\\/\\\/drasanvi.com\\\/fr\\\/\"},{\"@type\":\"ListItem\",\"position\":2,\"name\":\"Tienda\",\"item\":\"https:\\\/\\\/drasanvi.com\\\/fr\\\/tienda\\\/\"},{\"@type\":\"ListItem\",\"position\":3,\"name\":\"RenalGreen soluci\u00f3n oral\"}]},{\"@type\":\"WebSite\",\"@id\":\"https:\\\/\\\/drasanvi.com\\\/fr\\\/#website\",\"url\":\"https:\\\/\\\/drasanvi.com\\\/fr\\\/\",\"name\":\"Drasanvi Francia\",\"description\":\"L\u00edder en complementos alimenticios y cosm\u00e9tica natural.\",\"publisher\":{\"@id\":\"https:\\\/\\\/drasanvi.com\\\/fr\\\/#organization\"},\"potentialAction\":[{\"@type\":\"SearchAction\",\"target\":{\"@type\":\"EntryPoint\",\"urlTemplate\":\"https:\\\/\\\/drasanvi.com\\\/fr\\\/?s={search_term_string}\"},\"query-input\":{\"@type\":\"PropertyValueSpecification\",\"valueRequired\":true,\"valueName\":\"search_term_string\"}}],\"inLanguage\":\"fr-FR\"},{\"@type\":\"Organization\",\"@id\":\"https:\\\/\\\/drasanvi.com\\\/fr\\\/#organization\",\"name\":\"Drasanvi\",\"url\":\"https:\\\/\\\/drasanvi.com\\\/fr\\\/\",\"logo\":{\"@type\":\"ImageObject\",\"inLanguage\":\"fr-FR\",\"@id\":\"https:\\\/\\\/drasanvi.com\\\/fr\\\/#\\\/schema\\\/logo\\\/image\\\/\",\"url\":\"https:\\\/\\\/drasanvi.com\\\/wp-content\\\/uploads\\\/sites\\\/7\\\/2021\\\/07\\\/logo-drasanvi.png\",\"contentUrl\":\"https:\\\/\\\/drasanvi.com\\\/wp-content\\\/uploads\\\/sites\\\/7\\\/2021\\\/07\\\/logo-drasanvi.png\",\"width\":900,\"height\":300,\"caption\":\"Drasanvi\"},\"image\":{\"@id\":\"https:\\\/\\\/drasanvi.com\\\/fr\\\/#\\\/schema\\\/logo\\\/image\\\/\"}}]}<\/script>\n<!-- \/ Yoast SEO plugin. -->","yoast_head_json":{"title":"RenalGreen soluci\u00f3n oral - Drasanvi Francia","robots":{"index":"index","follow":"follow","max-snippet":"max-snippet:-1","max-image-preview":"max-image-preview:large","max-video-preview":"max-video-preview:-1"},"canonical":"https:\/\/drasanvi.com\/fr\/producto\/renalgreen-solucion-oral\/","og_locale":"fr_FR","og_type":"article","og_title":"RenalGreen soluci\u00f3n oral - Drasanvi Francia","og_description":"RenalGreen contiene ingredientes naturales para el restablecimiento y mantenimiento de la salud renal de perros y gatos. Aporta nutrientes necesarios para los animales con necesidades renales especiales y ayuda en el proceso de detoxificaci\u00f3n de su organismo.","og_url":"https:\/\/drasanvi.com\/fr\/producto\/renalgreen-solucion-oral\/","og_site_name":"Drasanvi Francia","article_modified_time":"2022-03-10T12:15:33+00:00","og_image":[{"width":500,"height":500,"url":"https:\/\/drasanvi.com\/wp-content\/uploads\/sites\/7\/2022\/02\/renalgreen-oral.jpg","type":"image\/jpeg"}],"twitter_card":"summary_large_image","schema":{"@context":"https:\/\/schema.org","@graph":[{"@type":"WebPage","@id":"https:\/\/drasanvi.com\/fr\/producto\/renalgreen-solucion-oral\/","url":"https:\/\/drasanvi.com\/fr\/producto\/renalgreen-solucion-oral\/","name":"RenalGreen soluci\u00f3n oral - Drasanvi Francia","isPartOf":{"@id":"https:\/\/drasanvi.com\/fr\/#website"},"primaryImageOfPage":{"@id":"https:\/\/drasanvi.com\/fr\/producto\/renalgreen-solucion-oral\/#primaryimage"},"image":{"@id":"https:\/\/drasanvi.com\/fr\/producto\/renalgreen-solucion-oral\/#primaryimage"},"thumbnailUrl":"https:\/\/drasanvi.com\/fr\/wp-content\/uploads\/sites\/7\/2022\/02\/renalgreen-oral.jpg","datePublished":"2022-02-04T14:36:59+00:00","dateModified":"2022-03-10T12:15:33+00:00","breadcrumb":{"@id":"https:\/\/drasanvi.com\/fr\/producto\/renalgreen-solucion-oral\/#breadcrumb"},"inLanguage":"fr-FR","potentialAction":[{"@type":"ReadAction","target":["https:\/\/drasanvi.com\/fr\/producto\/renalgreen-solucion-oral\/"]}]},{"@type":"ImageObject","inLanguage":"fr-FR","@id":"https:\/\/drasanvi.com\/fr\/producto\/renalgreen-solucion-oral\/#primaryimage","url":"https:\/\/drasanvi.com\/fr\/wp-content\/uploads\/sites\/7\/2022\/02\/renalgreen-oral.jpg","contentUrl":"https:\/\/drasanvi.com\/fr\/wp-content\/uploads\/sites\/7\/2022\/02\/renalgreen-oral.jpg","width":500,"height":500},{"@type":"BreadcrumbList","@id":"https:\/\/drasanvi.com\/fr\/producto\/renalgreen-solucion-oral\/#breadcrumb","itemListElement":[{"@type":"ListItem","position":1,"name":"Portada","item":"https:\/\/drasanvi.com\/fr\/"},{"@type":"ListItem","position":2,"name":"Tienda","item":"https:\/\/drasanvi.com\/fr\/tienda\/"},{"@type":"ListItem","position":3,"name":"RenalGreen soluci\u00f3n oral"}]},{"@type":"WebSite","@id":"https:\/\/drasanvi.com\/fr\/#website","url":"https:\/\/drasanvi.com\/fr\/","name":"Drasanvi Francia","description":"L\u00edder en complementos alimenticios y cosm\u00e9tica natural.","publisher":{"@id":"https:\/\/drasanvi.com\/fr\/#organization"},"potentialAction":[{"@type":"SearchAction","target":{"@type":"EntryPoint","urlTemplate":"https:\/\/drasanvi.com\/fr\/?s={search_term_string}"},"query-input":{"@type":"PropertyValueSpecification","valueRequired":true,"valueName":"search_term_string"}}],"inLanguage":"fr-FR"},{"@type":"Organization","@id":"https:\/\/drasanvi.com\/fr\/#organization","name":"Drasanvi","url":"https:\/\/drasanvi.com\/fr\/","logo":{"@type":"ImageObject","inLanguage":"fr-FR","@id":"https:\/\/drasanvi.com\/fr\/#\/schema\/logo\/image\/","url":"https:\/\/drasanvi.com\/wp-content\/uploads\/sites\/7\/2021\/07\/logo-drasanvi.png","contentUrl":"https:\/\/drasanvi.com\/wp-content\/uploads\/sites\/7\/2021\/07\/logo-drasanvi.png","width":900,"height":300,"caption":"Drasanvi"},"image":{"@id":"https:\/\/drasanvi.com\/fr\/#\/schema\/logo\/image\/"}}]}},"_links":{"self":[{"href":"https:\/\/drasanvi.com\/fr\/wp-json\/wp\/v2\/product\/17572","targetHints":{"allow":["GET"]}}],"collection":[{"href":"https:\/\/drasanvi.com\/fr\/wp-json\/wp\/v2\/product"}],"about":[{"href":"https:\/\/drasanvi.com\/fr\/wp-json\/wp\/v2\/types\/product"}],"version-history":[{"count":0,"href":"https:\/\/drasanvi.com\/fr\/wp-json\/wp\/v2\/product\/17572\/revisions"}],"wp:featuredmedia":[{"embeddable":true,"href":"https:\/\/drasanvi.com\/fr\/wp-json\/wp\/v2\/media\/17574"}],"wp:attachment":[{"href":"https:\/\/drasanvi.com\/fr\/wp-json\/wp\/v2\/media?parent=17572"}],"wp:term":[{"taxonomy":"product_cat","embeddable":true,"href":"https:\/\/drasanvi.com\/fr\/wp-json\/wp\/v2\/product_cat?post=17572"},{"taxonomy":"product_tag","embeddable":true,"href":"https:\/\/drasanvi.com\/fr\/wp-json\/wp\/v2\/product_tag?post=17572"}],"curies":[{"name":"wp","href":"https:\/\/api.w.org\/{rel}","templated":true}]}}