{"id":17569,"date":"2022-02-04T16:36:59","date_gmt":"2022-02-04T14:36:59","guid":{"rendered":"https:\/\/drasanvi.com\/fr\/producto\/hepatogreen-solucion-oral\/"},"modified":"2022-03-10T14:15:33","modified_gmt":"2022-03-10T12:15:33","slug":"hepatogreen-solucion-oral","status":"publish","type":"product","link":"https:\/\/drasanvi.com\/fr\/producto\/hepatogreen-solucion-oral\/","title":{"rendered":"HepatoGreen soluci\u00f3n oral"},"content":{"rendered":"<h2>\u00bfQu\u00e9 es Hepatogreen?<\/h2>\n<p>HepatoGreen est\u00e1 indicado en perros y gatos con necesidades hep\u00e1ticas especiales. Sus ingredientes naturales apoyan las funciones del h\u00edgado y su detoxificaci\u00f3n.<\/p>\n<p>Es un producto muy completo en su composici\u00f3n para ayudar a la recuperaci\u00f3n o mantenimiento de la salud hep\u00e1tica. Hay que destacar la acci\u00f3n antioxidante de su composici\u00f3n, tan importante en animales con problemas hep\u00e1ticos para restablecer su salud y apoyar al resto de ingredientes en la protecci\u00f3n del h\u00edgado.<\/p>\n<p>Adem\u00e1s, contiene plantas como Desmodium y Bolbo que act\u00faan creando bienestar en el est\u00f3mago y mejorando el apetito, que se encuentra disminuido en caso de enfermedad hep\u00e1tica.<\/p>\n<p>Adem\u00e1s, contiene plantas como Desmodium y BolDo que act\u00faan creando bienestar en el est\u00f3mago y mejorando el apetito, que se encuentra disminuido en caso de enfermedad hep\u00e1tica.<\/p>\n<p><strong>La soluci\u00f3n oral<\/strong>\u00a0pensada para gatos y perros peque\u00f1os contiene Extracto seco de: Cardo mariano (<em>Sylibum marianum<\/em>) (\u226580% silimarina; \u226530% silibina + isosibilina), Ra\u00edz de diente de le\u00f3n (<em>Taraxacum officinale<\/em>), Rizoma de C\u00farcuma Cursol\u00ae, (<em>Curcuma longa L<\/em>.), Alcachofa (<em>Cynara scolymus<\/em>) (\u2265 2,5 % cinarina), <em>Desmodium ascendens<\/em>, Boldo (<em>Peumus Boldus<\/em>), Vitamina E, Vitamina B1, B6, B9 y B12 y sulfato de Zinc.<\/p>\n<h2>Descripci\u00f3n de los ingredientes<\/h2>\n<ul>\n<li><strong>Cardo mariano (<em>Sylibum marianum<\/em>)<\/strong>: es hepatoprotector y detoxificante. Contiene Silimarina, complejo flavonoide formado por varias sustancias (Silibina,silicristina y silidianina), que son antioxidantes y neutralizan los radicales libres.<\/li>\n<li><strong>Ra\u00edz de diente de le\u00f3n (<em>Taraxacum officinale<\/em>)<\/strong>: fuente de vitaminas A, C, E y K, adem\u00e1s de vitaminas del grupo B y minerales como el hierro. Protege al h\u00edgado de sustancias hepatot\u00f3xicas y mejora la digesti\u00f3n<\/li>\n<li><strong>Alcachofa (<em>Cynara scolymus<\/em>)<\/strong>: su cinarina favorece la secreci\u00f3n biliar y hace que \u00e9sta sea m\u00e1s fluida, por lo que descongestiona el h\u00edgado.<\/li>\n<li><strong><em>Desmodium adscendens<\/em><\/strong>: planta con acci\u00f3n hepatoprotectora, normaliza el metabolismo hep\u00e1tico y aumenta el apetito.<\/li>\n<li><strong>Boldo (<em>Peumus boldus<\/em>)<\/strong>: planta protectora del h\u00edgado y la ves\u00edcula biliar. Apoya el metabolismo de las grasas y es diur\u00e9tico. Act\u00faa junto con Desmodium favoreciendo el bienestar estomacal.<\/li>\n<li><strong>C\u00farcuma<\/strong>: en concreto una c\u00farcuma de elevada biodisponibilidad y solubilidad para que sea m\u00e1s efectiva en sus acciones. Protege al h\u00edgado y ayuda a eliminar toxinas. Previene la inflamaci\u00f3n. Estimula los procesos que generan nuevas c\u00e9lulas hep\u00e1ticas para su regeneraci\u00f3n. Es antioxidante, al estimular la producci\u00f3n de glutati\u00f3n en el h\u00edgado y ayuda en la digesti\u00f3n de las grasas.<\/li>\n<li><strong>Beta\u00edna<\/strong>: participa en la s\u00edntesis de Metionina en el h\u00edgado y en su ciclo, adem\u00e1s de ayudar en la s\u00edntesis de sustancias necesarias en el organismo como la L-carnitina.<\/li>\n<li><strong>L-Metionina<\/strong>: amino\u00e1cido necesario en el metabolismo hep\u00e1tico para la s\u00edntesis de antioxidantes como el glutati\u00f3n y la S-adenosilmetionina, que es hepatoprotectora. &#8211; Zinc: previene la inflamaci\u00f3n y fibrosis hep\u00e1ticas y protege al h\u00edgado de agresores externos con su funci\u00f3n antioxidante.<\/li>\n<li><strong>Vitamina E<\/strong>: como antioxidante. Act\u00faa junto con el Zinc y la Metionina, que funcionan de forma diferente pero sin\u00e9rgica.<\/li>\n<li><strong>Vitaminas del grupo B<\/strong>: para un correcto funcionamiento del h\u00edgado.<\/li>\n<\/ul>\n<h3>Modo de administraci\u00f3n:<\/h3>\n<p>Administrar una vez al d\u00eda 2,5 ml por cada 5 kg de peso durante al menos un mes. Descansar 5 d\u00edas y repetir la administraci\u00f3n 3 veces. Se puede administrar durante periodos m\u00e1s largos de forma continuada con supervisi\u00f3n veterinaria.<\/p>\n<p><strong>Presentaci\u00f3n<\/strong>: envases de 50 ml con jeringa dosificadora.<\/p>\n","protected":false},"excerpt":{"rendered":"<p>HepatoGreen est\u00e1 indicado en perros y gatos con necesidades hep\u00e1ticas especiales. Sus ingredientes naturales apoyan las funciones del h\u00edgado y su detoxificaci\u00f3n.<\/p>\n","protected":false},"featured_media":17571,"template":"","meta":{"inline_featured_image":false},"product_cat":[1302],"product_tag":[],"class_list":["post-17569","product","type-product","status-publish","has-post-thumbnail","hentry","product_cat-dr-green"],"yoast_head":"<!-- This site is optimized with the Yoast SEO plugin v27.4 - https:\/\/yoast.com\/product\/yoast-seo-wordpress\/ -->\n<title>HepatoGreen soluci\u00f3n oral - Drasanvi Francia<\/title>\n<meta name=\"robots\" content=\"index, follow, max-snippet:-1, max-image-preview:large, max-video-preview:-1\" \/>\n<link rel=\"canonical\" href=\"https:\/\/drasanvi.com\/fr\/producto\/hepatogreen-solucion-oral\/\" \/>\n<meta property=\"og:locale\" content=\"fr_FR\" \/>\n<meta property=\"og:type\" content=\"article\" \/>\n<meta property=\"og:title\" content=\"HepatoGreen soluci\u00f3n oral - Drasanvi Francia\" \/>\n<meta property=\"og:description\" content=\"HepatoGreen est\u00e1 indicado en perros y gatos con necesidades hep\u00e1ticas especiales. Sus ingredientes naturales apoyan las funciones del h\u00edgado y su detoxificaci\u00f3n.\" \/>\n<meta property=\"og:url\" content=\"https:\/\/drasanvi.com\/fr\/producto\/hepatogreen-solucion-oral\/\" \/>\n<meta property=\"og:site_name\" content=\"Drasanvi Francia\" \/>\n<meta property=\"article:modified_time\" content=\"2022-03-10T12:15:33+00:00\" \/>\n<meta property=\"og:image\" content=\"https:\/\/drasanvi.com\/wp-content\/uploads\/sites\/7\/2022\/02\/hepatogreen-oral.jpg\" \/>\n\t<meta property=\"og:image:width\" content=\"500\" \/>\n\t<meta property=\"og:image:height\" content=\"500\" \/>\n\t<meta property=\"og:image:type\" content=\"image\/jpeg\" \/>\n<meta name=\"twitter:card\" content=\"summary_large_image\" \/>\n<script type=\"application\/ld+json\" class=\"yoast-schema-graph\">{\"@context\":\"https:\\\/\\\/schema.org\",\"@graph\":[{\"@type\":\"WebPage\",\"@id\":\"https:\\\/\\\/drasanvi.com\\\/fr\\\/producto\\\/hepatogreen-solucion-oral\\\/\",\"url\":\"https:\\\/\\\/drasanvi.com\\\/fr\\\/producto\\\/hepatogreen-solucion-oral\\\/\",\"name\":\"HepatoGreen soluci\u00f3n oral - Drasanvi Francia\",\"isPartOf\":{\"@id\":\"https:\\\/\\\/drasanvi.com\\\/fr\\\/#website\"},\"primaryImageOfPage\":{\"@id\":\"https:\\\/\\\/drasanvi.com\\\/fr\\\/producto\\\/hepatogreen-solucion-oral\\\/#primaryimage\"},\"image\":{\"@id\":\"https:\\\/\\\/drasanvi.com\\\/fr\\\/producto\\\/hepatogreen-solucion-oral\\\/#primaryimage\"},\"thumbnailUrl\":\"https:\\\/\\\/drasanvi.com\\\/fr\\\/wp-content\\\/uploads\\\/sites\\\/7\\\/2022\\\/02\\\/hepatogreen-oral.jpg\",\"datePublished\":\"2022-02-04T14:36:59+00:00\",\"dateModified\":\"2022-03-10T12:15:33+00:00\",\"breadcrumb\":{\"@id\":\"https:\\\/\\\/drasanvi.com\\\/fr\\\/producto\\\/hepatogreen-solucion-oral\\\/#breadcrumb\"},\"inLanguage\":\"fr-FR\",\"potentialAction\":[{\"@type\":\"ReadAction\",\"target\":[\"https:\\\/\\\/drasanvi.com\\\/fr\\\/producto\\\/hepatogreen-solucion-oral\\\/\"]}]},{\"@type\":\"ImageObject\",\"inLanguage\":\"fr-FR\",\"@id\":\"https:\\\/\\\/drasanvi.com\\\/fr\\\/producto\\\/hepatogreen-solucion-oral\\\/#primaryimage\",\"url\":\"https:\\\/\\\/drasanvi.com\\\/fr\\\/wp-content\\\/uploads\\\/sites\\\/7\\\/2022\\\/02\\\/hepatogreen-oral.jpg\",\"contentUrl\":\"https:\\\/\\\/drasanvi.com\\\/fr\\\/wp-content\\\/uploads\\\/sites\\\/7\\\/2022\\\/02\\\/hepatogreen-oral.jpg\",\"width\":500,\"height\":500},{\"@type\":\"BreadcrumbList\",\"@id\":\"https:\\\/\\\/drasanvi.com\\\/fr\\\/producto\\\/hepatogreen-solucion-oral\\\/#breadcrumb\",\"itemListElement\":[{\"@type\":\"ListItem\",\"position\":1,\"name\":\"Portada\",\"item\":\"https:\\\/\\\/drasanvi.com\\\/fr\\\/\"},{\"@type\":\"ListItem\",\"position\":2,\"name\":\"Tienda\",\"item\":\"https:\\\/\\\/drasanvi.com\\\/fr\\\/tienda\\\/\"},{\"@type\":\"ListItem\",\"position\":3,\"name\":\"HepatoGreen soluci\u00f3n oral\"}]},{\"@type\":\"WebSite\",\"@id\":\"https:\\\/\\\/drasanvi.com\\\/fr\\\/#website\",\"url\":\"https:\\\/\\\/drasanvi.com\\\/fr\\\/\",\"name\":\"Drasanvi Francia\",\"description\":\"L\u00edder en complementos alimenticios y cosm\u00e9tica natural.\",\"publisher\":{\"@id\":\"https:\\\/\\\/drasanvi.com\\\/fr\\\/#organization\"},\"potentialAction\":[{\"@type\":\"SearchAction\",\"target\":{\"@type\":\"EntryPoint\",\"urlTemplate\":\"https:\\\/\\\/drasanvi.com\\\/fr\\\/?s={search_term_string}\"},\"query-input\":{\"@type\":\"PropertyValueSpecification\",\"valueRequired\":true,\"valueName\":\"search_term_string\"}}],\"inLanguage\":\"fr-FR\"},{\"@type\":\"Organization\",\"@id\":\"https:\\\/\\\/drasanvi.com\\\/fr\\\/#organization\",\"name\":\"Drasanvi\",\"url\":\"https:\\\/\\\/drasanvi.com\\\/fr\\\/\",\"logo\":{\"@type\":\"ImageObject\",\"inLanguage\":\"fr-FR\",\"@id\":\"https:\\\/\\\/drasanvi.com\\\/fr\\\/#\\\/schema\\\/logo\\\/image\\\/\",\"url\":\"https:\\\/\\\/drasanvi.com\\\/wp-content\\\/uploads\\\/sites\\\/7\\\/2021\\\/07\\\/logo-drasanvi.png\",\"contentUrl\":\"https:\\\/\\\/drasanvi.com\\\/wp-content\\\/uploads\\\/sites\\\/7\\\/2021\\\/07\\\/logo-drasanvi.png\",\"width\":900,\"height\":300,\"caption\":\"Drasanvi\"},\"image\":{\"@id\":\"https:\\\/\\\/drasanvi.com\\\/fr\\\/#\\\/schema\\\/logo\\\/image\\\/\"}}]}<\/script>\n<!-- \/ Yoast SEO plugin. -->","yoast_head_json":{"title":"HepatoGreen soluci\u00f3n oral - Drasanvi Francia","robots":{"index":"index","follow":"follow","max-snippet":"max-snippet:-1","max-image-preview":"max-image-preview:large","max-video-preview":"max-video-preview:-1"},"canonical":"https:\/\/drasanvi.com\/fr\/producto\/hepatogreen-solucion-oral\/","og_locale":"fr_FR","og_type":"article","og_title":"HepatoGreen soluci\u00f3n oral - Drasanvi Francia","og_description":"HepatoGreen est\u00e1 indicado en perros y gatos con necesidades hep\u00e1ticas especiales. Sus ingredientes naturales apoyan las funciones del h\u00edgado y su detoxificaci\u00f3n.","og_url":"https:\/\/drasanvi.com\/fr\/producto\/hepatogreen-solucion-oral\/","og_site_name":"Drasanvi Francia","article_modified_time":"2022-03-10T12:15:33+00:00","og_image":[{"width":500,"height":500,"url":"https:\/\/drasanvi.com\/wp-content\/uploads\/sites\/7\/2022\/02\/hepatogreen-oral.jpg","type":"image\/jpeg"}],"twitter_card":"summary_large_image","schema":{"@context":"https:\/\/schema.org","@graph":[{"@type":"WebPage","@id":"https:\/\/drasanvi.com\/fr\/producto\/hepatogreen-solucion-oral\/","url":"https:\/\/drasanvi.com\/fr\/producto\/hepatogreen-solucion-oral\/","name":"HepatoGreen soluci\u00f3n oral - Drasanvi Francia","isPartOf":{"@id":"https:\/\/drasanvi.com\/fr\/#website"},"primaryImageOfPage":{"@id":"https:\/\/drasanvi.com\/fr\/producto\/hepatogreen-solucion-oral\/#primaryimage"},"image":{"@id":"https:\/\/drasanvi.com\/fr\/producto\/hepatogreen-solucion-oral\/#primaryimage"},"thumbnailUrl":"https:\/\/drasanvi.com\/fr\/wp-content\/uploads\/sites\/7\/2022\/02\/hepatogreen-oral.jpg","datePublished":"2022-02-04T14:36:59+00:00","dateModified":"2022-03-10T12:15:33+00:00","breadcrumb":{"@id":"https:\/\/drasanvi.com\/fr\/producto\/hepatogreen-solucion-oral\/#breadcrumb"},"inLanguage":"fr-FR","potentialAction":[{"@type":"ReadAction","target":["https:\/\/drasanvi.com\/fr\/producto\/hepatogreen-solucion-oral\/"]}]},{"@type":"ImageObject","inLanguage":"fr-FR","@id":"https:\/\/drasanvi.com\/fr\/producto\/hepatogreen-solucion-oral\/#primaryimage","url":"https:\/\/drasanvi.com\/fr\/wp-content\/uploads\/sites\/7\/2022\/02\/hepatogreen-oral.jpg","contentUrl":"https:\/\/drasanvi.com\/fr\/wp-content\/uploads\/sites\/7\/2022\/02\/hepatogreen-oral.jpg","width":500,"height":500},{"@type":"BreadcrumbList","@id":"https:\/\/drasanvi.com\/fr\/producto\/hepatogreen-solucion-oral\/#breadcrumb","itemListElement":[{"@type":"ListItem","position":1,"name":"Portada","item":"https:\/\/drasanvi.com\/fr\/"},{"@type":"ListItem","position":2,"name":"Tienda","item":"https:\/\/drasanvi.com\/fr\/tienda\/"},{"@type":"ListItem","position":3,"name":"HepatoGreen soluci\u00f3n oral"}]},{"@type":"WebSite","@id":"https:\/\/drasanvi.com\/fr\/#website","url":"https:\/\/drasanvi.com\/fr\/","name":"Drasanvi Francia","description":"L\u00edder en complementos alimenticios y cosm\u00e9tica natural.","publisher":{"@id":"https:\/\/drasanvi.com\/fr\/#organization"},"potentialAction":[{"@type":"SearchAction","target":{"@type":"EntryPoint","urlTemplate":"https:\/\/drasanvi.com\/fr\/?s={search_term_string}"},"query-input":{"@type":"PropertyValueSpecification","valueRequired":true,"valueName":"search_term_string"}}],"inLanguage":"fr-FR"},{"@type":"Organization","@id":"https:\/\/drasanvi.com\/fr\/#organization","name":"Drasanvi","url":"https:\/\/drasanvi.com\/fr\/","logo":{"@type":"ImageObject","inLanguage":"fr-FR","@id":"https:\/\/drasanvi.com\/fr\/#\/schema\/logo\/image\/","url":"https:\/\/drasanvi.com\/wp-content\/uploads\/sites\/7\/2021\/07\/logo-drasanvi.png","contentUrl":"https:\/\/drasanvi.com\/wp-content\/uploads\/sites\/7\/2021\/07\/logo-drasanvi.png","width":900,"height":300,"caption":"Drasanvi"},"image":{"@id":"https:\/\/drasanvi.com\/fr\/#\/schema\/logo\/image\/"}}]}},"_links":{"self":[{"href":"https:\/\/drasanvi.com\/fr\/wp-json\/wp\/v2\/product\/17569","targetHints":{"allow":["GET"]}}],"collection":[{"href":"https:\/\/drasanvi.com\/fr\/wp-json\/wp\/v2\/product"}],"about":[{"href":"https:\/\/drasanvi.com\/fr\/wp-json\/wp\/v2\/types\/product"}],"version-history":[{"count":0,"href":"https:\/\/drasanvi.com\/fr\/wp-json\/wp\/v2\/product\/17569\/revisions"}],"wp:featuredmedia":[{"embeddable":true,"href":"https:\/\/drasanvi.com\/fr\/wp-json\/wp\/v2\/media\/17571"}],"wp:attachment":[{"href":"https:\/\/drasanvi.com\/fr\/wp-json\/wp\/v2\/media?parent=17569"}],"wp:term":[{"taxonomy":"product_cat","embeddable":true,"href":"https:\/\/drasanvi.com\/fr\/wp-json\/wp\/v2\/product_cat?post=17569"},{"taxonomy":"product_tag","embeddable":true,"href":"https:\/\/drasanvi.com\/fr\/wp-json\/wp\/v2\/product_tag?post=17569"}],"curies":[{"name":"wp","href":"https:\/\/api.w.org\/{rel}","templated":true}]}}