{"id":17566,"date":"2022-02-04T16:36:59","date_gmt":"2022-02-04T14:36:59","guid":{"rendered":"https:\/\/drasanvi.com\/fr\/producto\/movilgreen-solucion-oral\/"},"modified":"2022-03-10T14:15:33","modified_gmt":"2022-03-10T12:15:33","slug":"movilgreen-solucion-oral","status":"publish","type":"product","link":"https:\/\/drasanvi.com\/fr\/producto\/movilgreen-solucion-oral\/","title":{"rendered":"MovilGreen soluci\u00f3n oral"},"content":{"rendered":"<h2>\u00bfQu\u00e9 es Movilgreen?<\/h2>\n<p>Alimento complementario natural para el mantenimiento de la salud articular y movilidad en forma de comprimidos masticables y palatables para perros y en soluci\u00f3n oral para gatos y perros peque\u00f1os. Esta compuesto por sustancias que son constituyentes naturales del cart\u00edlago sano y que contribuyen a un correcto estado del mismo y formulado con ingredientes de muy alta calidad.<\/p>\n<p>Movilgreen contiene OptiMSM, un MSM con un 99,8% de pureza y gran biodisponibilidad, y harpagofito, que disminuye la inflamaci\u00f3n y el dolor articular.<\/p>\n<p>Su combinaci\u00f3n de ingredientes favorece el movimiento articular normal y facilita la actividad f\u00edsica en los animales con problemas articulares.<\/p>\n<p><strong>La soluci\u00f3n oral<\/strong>\u00a0pensada para gatos y perros peque\u00f1os contiene Glucosamina sulfato, sulfato de condroitina, MSM (OptiMSM\u00ae)*, \u00e1cido hialur\u00f3nico, extracto seco de\u00a0 Harpagofito <em>(Harpagophytum procumbens<\/em>), Vitamina C, Vitamina E (alfa-tocoferol), sulfato de manganeso, sulfato de zinc, selenito s\u00f3dico.<\/p>\n<h2>Descripci\u00f3n de los productos<\/h2>\n<ul>\n<li><strong>Glicosaminoglicanos<\/strong>: Sulfato de condroitina y glucosamina. Son constituyentes del cart\u00edlago articular de forma natural. De este modo, contribuyen al mantenimiento del mismo en condiciones saludables.<\/li>\n<li><strong>MSM (OptiMSM\u00ae)*<\/strong>: se trata de un MSM de elevada calidad, pureza y biodisponibilidad. El metilsulfonilmetano potencia la acci\u00f3n de los glicosaminoglicanos sobre las articulaciones, mejorando su movilidad y mantiene la salud de los ligamentos, tendones y piel. Es una fuente de azufre en el organismo que, adem\u00e1s de las acciones anteriores, act\u00faa como un potente antioxidante al participar en la producci\u00f3n de glutati\u00f3n y previniendo la inflamaci\u00f3n.<\/li>\n<li><strong>\u00c1cido hialur\u00f3nico<\/strong>: El \u00e1cido hialur\u00f3nico, junto con los glicosaminoglicanos, forma parte del cart\u00edlago articular, por lo que ayuda en la conservaci\u00f3n del mismo y en su buen estado.<\/li>\n<li><strong>Harpagofito<\/strong>: se trata de una planta que previene el dolor y la inflamaci\u00f3n, favoreciendo el bienestar articular.<\/li>\n<li>Vitaminas C y E: como antioxidantes.<\/li>\n<li><strong>Manganeso, Selenio y Zinc<\/strong>: el Manganeso y el Selenio act\u00faan, junto con las vitaminas, como antioxidantes. El Zinc favorece el buen mantenimiento y regeneraci\u00f3n de los tejidos, as\u00ed como el metabolismo celular y la formaci\u00f3n de col\u00e1geno.<\/li>\n<\/ul>\n<h3>Modo de administraci\u00f3n:<\/h3>\n<p>En gatos adultos administrar 3 ml al d\u00eda con ayuda de la jeringa dosificadora, gatitos mitad de dosis. Perros: 3 ml por cada 5-10 kg de peso al d\u00eda durante 2 meses. Posteriormente, administrar la mitad durante otros 15 d\u00edas. Repetir 2 \u00f3 3 veces al a\u00f1o. Puede administrarse durante largos per\u00edodos de tiempo, a la mitad de la dosis anterior, una vez realizada dicha pauta inicial. Consultar con un profesional para usos a m\u00e1s largo plazo a los indicados.<\/p>\n<p><strong>Presentaci\u00f3n<\/strong>: envase de soluci\u00f3n oral de 50 ml con jeringa dosificadora.<\/p>\n<p>*OptiMSM\u00ae es una marca registrada de Bergstrom Nutrition\u00ae<\/p>\n","protected":false},"excerpt":{"rendered":"<p>Alimento complementario natural para el mantenimiento de la salud articular y movilidad en forma de comprimidos masticables y palatables para perros y en soluci\u00f3n oral para gatos y perros peque\u00f1os.<\/p>\n","protected":false},"featured_media":17568,"template":"","meta":{"inline_featured_image":false},"product_cat":[1302],"product_tag":[],"class_list":["post-17566","product","type-product","status-publish","has-post-thumbnail","hentry","product_cat-dr-green"],"yoast_head":"<!-- This site is optimized with the Yoast SEO plugin v27.5 - https:\/\/yoast.com\/product\/yoast-seo-wordpress\/ -->\n<title>MovilGreen soluci\u00f3n oral - Drasanvi Francia<\/title>\n<meta name=\"robots\" content=\"index, follow, max-snippet:-1, max-image-preview:large, max-video-preview:-1\" \/>\n<link rel=\"canonical\" href=\"https:\/\/drasanvi.com\/fr\/producto\/movilgreen-solucion-oral\/\" \/>\n<meta property=\"og:locale\" content=\"fr_FR\" \/>\n<meta property=\"og:type\" content=\"article\" \/>\n<meta property=\"og:title\" content=\"MovilGreen soluci\u00f3n oral - Drasanvi Francia\" \/>\n<meta property=\"og:description\" content=\"Alimento complementario natural para el mantenimiento de la salud articular y movilidad en forma de comprimidos masticables y palatables para perros y en soluci\u00f3n oral para gatos y perros peque\u00f1os.\" \/>\n<meta property=\"og:url\" content=\"https:\/\/drasanvi.com\/fr\/producto\/movilgreen-solucion-oral\/\" \/>\n<meta property=\"og:site_name\" content=\"Drasanvi Francia\" \/>\n<meta property=\"article:modified_time\" content=\"2022-03-10T12:15:33+00:00\" \/>\n<meta property=\"og:image\" content=\"https:\/\/drasanvi.com\/wp-content\/uploads\/sites\/7\/2022\/02\/movilgreen-oral.jpg\" \/>\n\t<meta property=\"og:image:width\" content=\"500\" \/>\n\t<meta property=\"og:image:height\" content=\"500\" \/>\n\t<meta property=\"og:image:type\" content=\"image\/jpeg\" \/>\n<meta name=\"twitter:card\" content=\"summary_large_image\" \/>\n<script type=\"application\/ld+json\" class=\"yoast-schema-graph\">{\"@context\":\"https:\\\/\\\/schema.org\",\"@graph\":[{\"@type\":\"WebPage\",\"@id\":\"https:\\\/\\\/drasanvi.com\\\/fr\\\/producto\\\/movilgreen-solucion-oral\\\/\",\"url\":\"https:\\\/\\\/drasanvi.com\\\/fr\\\/producto\\\/movilgreen-solucion-oral\\\/\",\"name\":\"MovilGreen soluci\u00f3n oral - Drasanvi Francia\",\"isPartOf\":{\"@id\":\"https:\\\/\\\/drasanvi.com\\\/fr\\\/#website\"},\"primaryImageOfPage\":{\"@id\":\"https:\\\/\\\/drasanvi.com\\\/fr\\\/producto\\\/movilgreen-solucion-oral\\\/#primaryimage\"},\"image\":{\"@id\":\"https:\\\/\\\/drasanvi.com\\\/fr\\\/producto\\\/movilgreen-solucion-oral\\\/#primaryimage\"},\"thumbnailUrl\":\"https:\\\/\\\/drasanvi.com\\\/fr\\\/wp-content\\\/uploads\\\/sites\\\/7\\\/2022\\\/02\\\/movilgreen-oral.jpg\",\"datePublished\":\"2022-02-04T14:36:59+00:00\",\"dateModified\":\"2022-03-10T12:15:33+00:00\",\"breadcrumb\":{\"@id\":\"https:\\\/\\\/drasanvi.com\\\/fr\\\/producto\\\/movilgreen-solucion-oral\\\/#breadcrumb\"},\"inLanguage\":\"fr-FR\",\"potentialAction\":[{\"@type\":\"ReadAction\",\"target\":[\"https:\\\/\\\/drasanvi.com\\\/fr\\\/producto\\\/movilgreen-solucion-oral\\\/\"]}]},{\"@type\":\"ImageObject\",\"inLanguage\":\"fr-FR\",\"@id\":\"https:\\\/\\\/drasanvi.com\\\/fr\\\/producto\\\/movilgreen-solucion-oral\\\/#primaryimage\",\"url\":\"https:\\\/\\\/drasanvi.com\\\/fr\\\/wp-content\\\/uploads\\\/sites\\\/7\\\/2022\\\/02\\\/movilgreen-oral.jpg\",\"contentUrl\":\"https:\\\/\\\/drasanvi.com\\\/fr\\\/wp-content\\\/uploads\\\/sites\\\/7\\\/2022\\\/02\\\/movilgreen-oral.jpg\",\"width\":500,\"height\":500},{\"@type\":\"BreadcrumbList\",\"@id\":\"https:\\\/\\\/drasanvi.com\\\/fr\\\/producto\\\/movilgreen-solucion-oral\\\/#breadcrumb\",\"itemListElement\":[{\"@type\":\"ListItem\",\"position\":1,\"name\":\"Portada\",\"item\":\"https:\\\/\\\/drasanvi.com\\\/fr\\\/\"},{\"@type\":\"ListItem\",\"position\":2,\"name\":\"Tienda\",\"item\":\"https:\\\/\\\/drasanvi.com\\\/fr\\\/tienda\\\/\"},{\"@type\":\"ListItem\",\"position\":3,\"name\":\"MovilGreen soluci\u00f3n oral\"}]},{\"@type\":\"WebSite\",\"@id\":\"https:\\\/\\\/drasanvi.com\\\/fr\\\/#website\",\"url\":\"https:\\\/\\\/drasanvi.com\\\/fr\\\/\",\"name\":\"Drasanvi Francia\",\"description\":\"L\u00edder en complementos alimenticios y cosm\u00e9tica natural.\",\"publisher\":{\"@id\":\"https:\\\/\\\/drasanvi.com\\\/fr\\\/#organization\"},\"potentialAction\":[{\"@type\":\"SearchAction\",\"target\":{\"@type\":\"EntryPoint\",\"urlTemplate\":\"https:\\\/\\\/drasanvi.com\\\/fr\\\/?s={search_term_string}\"},\"query-input\":{\"@type\":\"PropertyValueSpecification\",\"valueRequired\":true,\"valueName\":\"search_term_string\"}}],\"inLanguage\":\"fr-FR\"},{\"@type\":\"Organization\",\"@id\":\"https:\\\/\\\/drasanvi.com\\\/fr\\\/#organization\",\"name\":\"Drasanvi\",\"url\":\"https:\\\/\\\/drasanvi.com\\\/fr\\\/\",\"logo\":{\"@type\":\"ImageObject\",\"inLanguage\":\"fr-FR\",\"@id\":\"https:\\\/\\\/drasanvi.com\\\/fr\\\/#\\\/schema\\\/logo\\\/image\\\/\",\"url\":\"https:\\\/\\\/drasanvi.com\\\/wp-content\\\/uploads\\\/sites\\\/7\\\/2021\\\/07\\\/logo-drasanvi.png\",\"contentUrl\":\"https:\\\/\\\/drasanvi.com\\\/wp-content\\\/uploads\\\/sites\\\/7\\\/2021\\\/07\\\/logo-drasanvi.png\",\"width\":900,\"height\":300,\"caption\":\"Drasanvi\"},\"image\":{\"@id\":\"https:\\\/\\\/drasanvi.com\\\/fr\\\/#\\\/schema\\\/logo\\\/image\\\/\"}}]}<\/script>\n<!-- \/ Yoast SEO plugin. -->","yoast_head_json":{"title":"MovilGreen soluci\u00f3n oral - Drasanvi Francia","robots":{"index":"index","follow":"follow","max-snippet":"max-snippet:-1","max-image-preview":"max-image-preview:large","max-video-preview":"max-video-preview:-1"},"canonical":"https:\/\/drasanvi.com\/fr\/producto\/movilgreen-solucion-oral\/","og_locale":"fr_FR","og_type":"article","og_title":"MovilGreen soluci\u00f3n oral - Drasanvi Francia","og_description":"Alimento complementario natural para el mantenimiento de la salud articular y movilidad en forma de comprimidos masticables y palatables para perros y en soluci\u00f3n oral para gatos y perros peque\u00f1os.","og_url":"https:\/\/drasanvi.com\/fr\/producto\/movilgreen-solucion-oral\/","og_site_name":"Drasanvi Francia","article_modified_time":"2022-03-10T12:15:33+00:00","og_image":[{"width":500,"height":500,"url":"https:\/\/drasanvi.com\/wp-content\/uploads\/sites\/7\/2022\/02\/movilgreen-oral.jpg","type":"image\/jpeg"}],"twitter_card":"summary_large_image","schema":{"@context":"https:\/\/schema.org","@graph":[{"@type":"WebPage","@id":"https:\/\/drasanvi.com\/fr\/producto\/movilgreen-solucion-oral\/","url":"https:\/\/drasanvi.com\/fr\/producto\/movilgreen-solucion-oral\/","name":"MovilGreen soluci\u00f3n oral - Drasanvi Francia","isPartOf":{"@id":"https:\/\/drasanvi.com\/fr\/#website"},"primaryImageOfPage":{"@id":"https:\/\/drasanvi.com\/fr\/producto\/movilgreen-solucion-oral\/#primaryimage"},"image":{"@id":"https:\/\/drasanvi.com\/fr\/producto\/movilgreen-solucion-oral\/#primaryimage"},"thumbnailUrl":"https:\/\/drasanvi.com\/fr\/wp-content\/uploads\/sites\/7\/2022\/02\/movilgreen-oral.jpg","datePublished":"2022-02-04T14:36:59+00:00","dateModified":"2022-03-10T12:15:33+00:00","breadcrumb":{"@id":"https:\/\/drasanvi.com\/fr\/producto\/movilgreen-solucion-oral\/#breadcrumb"},"inLanguage":"fr-FR","potentialAction":[{"@type":"ReadAction","target":["https:\/\/drasanvi.com\/fr\/producto\/movilgreen-solucion-oral\/"]}]},{"@type":"ImageObject","inLanguage":"fr-FR","@id":"https:\/\/drasanvi.com\/fr\/producto\/movilgreen-solucion-oral\/#primaryimage","url":"https:\/\/drasanvi.com\/fr\/wp-content\/uploads\/sites\/7\/2022\/02\/movilgreen-oral.jpg","contentUrl":"https:\/\/drasanvi.com\/fr\/wp-content\/uploads\/sites\/7\/2022\/02\/movilgreen-oral.jpg","width":500,"height":500},{"@type":"BreadcrumbList","@id":"https:\/\/drasanvi.com\/fr\/producto\/movilgreen-solucion-oral\/#breadcrumb","itemListElement":[{"@type":"ListItem","position":1,"name":"Portada","item":"https:\/\/drasanvi.com\/fr\/"},{"@type":"ListItem","position":2,"name":"Tienda","item":"https:\/\/drasanvi.com\/fr\/tienda\/"},{"@type":"ListItem","position":3,"name":"MovilGreen soluci\u00f3n oral"}]},{"@type":"WebSite","@id":"https:\/\/drasanvi.com\/fr\/#website","url":"https:\/\/drasanvi.com\/fr\/","name":"Drasanvi Francia","description":"L\u00edder en complementos alimenticios y cosm\u00e9tica natural.","publisher":{"@id":"https:\/\/drasanvi.com\/fr\/#organization"},"potentialAction":[{"@type":"SearchAction","target":{"@type":"EntryPoint","urlTemplate":"https:\/\/drasanvi.com\/fr\/?s={search_term_string}"},"query-input":{"@type":"PropertyValueSpecification","valueRequired":true,"valueName":"search_term_string"}}],"inLanguage":"fr-FR"},{"@type":"Organization","@id":"https:\/\/drasanvi.com\/fr\/#organization","name":"Drasanvi","url":"https:\/\/drasanvi.com\/fr\/","logo":{"@type":"ImageObject","inLanguage":"fr-FR","@id":"https:\/\/drasanvi.com\/fr\/#\/schema\/logo\/image\/","url":"https:\/\/drasanvi.com\/wp-content\/uploads\/sites\/7\/2021\/07\/logo-drasanvi.png","contentUrl":"https:\/\/drasanvi.com\/wp-content\/uploads\/sites\/7\/2021\/07\/logo-drasanvi.png","width":900,"height":300,"caption":"Drasanvi"},"image":{"@id":"https:\/\/drasanvi.com\/fr\/#\/schema\/logo\/image\/"}}]}},"_links":{"self":[{"href":"https:\/\/drasanvi.com\/fr\/wp-json\/wp\/v2\/product\/17566","targetHints":{"allow":["GET"]}}],"collection":[{"href":"https:\/\/drasanvi.com\/fr\/wp-json\/wp\/v2\/product"}],"about":[{"href":"https:\/\/drasanvi.com\/fr\/wp-json\/wp\/v2\/types\/product"}],"version-history":[{"count":0,"href":"https:\/\/drasanvi.com\/fr\/wp-json\/wp\/v2\/product\/17566\/revisions"}],"wp:featuredmedia":[{"embeddable":true,"href":"https:\/\/drasanvi.com\/fr\/wp-json\/wp\/v2\/media\/17568"}],"wp:attachment":[{"href":"https:\/\/drasanvi.com\/fr\/wp-json\/wp\/v2\/media?parent=17566"}],"wp:term":[{"taxonomy":"product_cat","embeddable":true,"href":"https:\/\/drasanvi.com\/fr\/wp-json\/wp\/v2\/product_cat?post=17566"},{"taxonomy":"product_tag","embeddable":true,"href":"https:\/\/drasanvi.com\/fr\/wp-json\/wp\/v2\/product_tag?post=17566"}],"curies":[{"name":"wp","href":"https:\/\/api.w.org\/{rel}","templated":true}]}}