{"id":17560,"date":"2022-02-04T16:36:59","date_gmt":"2022-02-04T14:36:59","guid":{"rendered":"https:\/\/drasanvi.com\/fr\/producto\/alergreen-skin\/"},"modified":"2022-03-10T14:15:32","modified_gmt":"2022-03-10T12:15:32","slug":"alergreen-skin","status":"publish","type":"product","link":"https:\/\/drasanvi.com\/fr\/producto\/alergreen-skin\/","title":{"rendered":"AlerGreen skin"},"content":{"rendered":"<h2>\u00bfQu\u00e9 es AlerGreen skin?<\/h2>\n<p>Crema formulada a base de plantas y aceites esenciales para la piel sensible o at\u00f3pica de perros y gatos, como complemento t\u00f3pico a la toma oral de Alergreen.<\/p>\n<p>AlerGreen Skin est\u00e1 indicado para favorecer el buen estado de la piel sensible o at\u00f3pica de perros y gatos, prevenir problemas dermatol\u00f3gicos e hidratar la piel. S\u00f3lo para uso externo en animales.<\/p>\n<p>Se trata de un producto novedoso ya que incluye aislado de CBD (cannabidiol), un compuesto extra\u00eddo del c\u00e1\u00f1amo muy eficaz previniendo la inflamaci\u00f3n y las reacciones al\u00e9rgicas de la piel. Mejora la nutrici\u00f3n de la piel, es un gran antioxidante y tiene propiedades antis\u00e9pticas. Tambi\u00e9n contiene extracto de grosellero negro y de regaliz, que act\u00faan como corticoides naturales en la piel.<\/p>\n<p><b>Composici\u00f3n: <\/b>contienen Aloe Vera puro, MSM cosm\u00e9tico (dimetil sulfona), CBD (isolado), Extracto de grosellero negro, extracto de regaliz, aceite de semilla de uva, Emulsionante, hidratantes, humectantes y conservante.<\/p>\n<h2>Descripci\u00f3n de los ingredientes<\/h2>\n<ul>\n<li><strong>Gel de aloe vera<\/strong>: de muy alta calidad y pureza. Previene la inflamaci\u00f3n, y tiene gran capacidad de regeneraci\u00f3n de los tejidos y act\u00faa como calmante. Contiene nutrientes que favorecen la cicatrizaci\u00f3n y se le considera un antis\u00e9ptico natural. Penetra, f\u00e1cilmente, en la piel, gracias a su contenido en saponinas. Tiene un alto contenido en col\u00e1geno y elastina, por lo que mejora la elasticidad de la piel y su buen estado.<\/li>\n<li><strong>MSM cosm\u00e9tico (dimetilsulfona)<\/strong>: con propiedades antioxidantes y antiinflamatorias. Previene la aparici\u00f3n de irritaciones por alergias. Es un compuesto org\u00e1nico del azufre, por lo que participa del buen estado de la piel, pelo y u\u00f1as, participando en la s\u00edntesis de col\u00e1geno y queratina.<\/li>\n<li><strong>CBD (aislado)<\/strong>: el cannabidiol es un compuesto, extra\u00eddo del c\u00e1\u00f1amo, muy eficaz, que evita la inflamaci\u00f3n. Mejora la nutrici\u00f3n de la piel, es un gran antioxidante y tiene propiedades antis\u00e9pticas.<\/li>\n<li><strong>Extracto de grosellero negro<\/strong>: el grosellero negro es un buen antioxidante y previene la inflamaci\u00f3n y las reacciones al\u00e9rgicas.<\/li>\n<li><strong>Extracto de regaliz<\/strong>: mejora, notablemente, la salud de la piel. Tiene propiedades antis\u00e9pticas y es muy eficaz contra la inflamaci\u00f3n y las reacciones al\u00e9rgicas, ya que se le conoce como un corticoide natural.<\/li>\n<li><strong>Aceite de semilla de uva<\/strong>: rico en \u00e1cidos grasos esenciales, reestructura la piel y tiene propiedades emolientes. Contiene compuestos fen\u00f3licos que act\u00faan como antioxidantes.<\/li>\n<\/ul>\n<h3>Modo de administraci\u00f3n:<\/h3>\n<p>Administrar una capa fina sobre la zona de piel limpia y seca previamente, dos veces al d\u00eda.<\/p>\n<p><strong>Presentaci\u00f3n<\/strong>: envase de 50 ml<\/p>\n","protected":false},"excerpt":{"rendered":"<p>Crema formulada a base de plantas y aceites esenciales para la piel sensible o at\u00f3pica de perros y gatos, como complemento t\u00f3pico a la toma oral de Alergreen.<\/p>\n","protected":false},"featured_media":17562,"template":"","meta":{"inline_featured_image":false},"product_cat":[1302],"product_tag":[],"class_list":["post-17560","product","type-product","status-publish","has-post-thumbnail","hentry","product_cat-dr-green"],"yoast_head":"<!-- This site is optimized with the Yoast SEO plugin v27.4 - https:\/\/yoast.com\/product\/yoast-seo-wordpress\/ -->\n<title>AlerGreen skin - Drasanvi Francia<\/title>\n<meta name=\"robots\" content=\"index, follow, max-snippet:-1, max-image-preview:large, max-video-preview:-1\" \/>\n<link rel=\"canonical\" href=\"https:\/\/drasanvi.com\/fr\/producto\/alergreen-skin\/\" \/>\n<meta property=\"og:locale\" content=\"fr_FR\" \/>\n<meta property=\"og:type\" content=\"article\" \/>\n<meta property=\"og:title\" content=\"AlerGreen skin - Drasanvi Francia\" \/>\n<meta property=\"og:description\" content=\"Crema formulada a base de plantas y aceites esenciales para la piel sensible o at\u00f3pica de perros y gatos, como complemento t\u00f3pico a la toma oral de Alergreen.\" \/>\n<meta property=\"og:url\" content=\"https:\/\/drasanvi.com\/fr\/producto\/alergreen-skin\/\" \/>\n<meta property=\"og:site_name\" content=\"Drasanvi Francia\" \/>\n<meta property=\"article:modified_time\" content=\"2022-03-10T12:15:32+00:00\" \/>\n<meta property=\"og:image\" content=\"https:\/\/drasanvi.com\/wp-content\/uploads\/sites\/7\/2022\/02\/alergreen-skin.jpg\" \/>\n\t<meta property=\"og:image:width\" content=\"500\" \/>\n\t<meta property=\"og:image:height\" content=\"500\" \/>\n\t<meta property=\"og:image:type\" content=\"image\/jpeg\" \/>\n<meta name=\"twitter:card\" content=\"summary_large_image\" \/>\n<script type=\"application\/ld+json\" class=\"yoast-schema-graph\">{\"@context\":\"https:\\\/\\\/schema.org\",\"@graph\":[{\"@type\":\"WebPage\",\"@id\":\"https:\\\/\\\/drasanvi.com\\\/fr\\\/producto\\\/alergreen-skin\\\/\",\"url\":\"https:\\\/\\\/drasanvi.com\\\/fr\\\/producto\\\/alergreen-skin\\\/\",\"name\":\"AlerGreen skin - Drasanvi Francia\",\"isPartOf\":{\"@id\":\"https:\\\/\\\/drasanvi.com\\\/fr\\\/#website\"},\"primaryImageOfPage\":{\"@id\":\"https:\\\/\\\/drasanvi.com\\\/fr\\\/producto\\\/alergreen-skin\\\/#primaryimage\"},\"image\":{\"@id\":\"https:\\\/\\\/drasanvi.com\\\/fr\\\/producto\\\/alergreen-skin\\\/#primaryimage\"},\"thumbnailUrl\":\"https:\\\/\\\/drasanvi.com\\\/fr\\\/wp-content\\\/uploads\\\/sites\\\/7\\\/2022\\\/02\\\/alergreen-skin.jpg\",\"datePublished\":\"2022-02-04T14:36:59+00:00\",\"dateModified\":\"2022-03-10T12:15:32+00:00\",\"breadcrumb\":{\"@id\":\"https:\\\/\\\/drasanvi.com\\\/fr\\\/producto\\\/alergreen-skin\\\/#breadcrumb\"},\"inLanguage\":\"fr-FR\",\"potentialAction\":[{\"@type\":\"ReadAction\",\"target\":[\"https:\\\/\\\/drasanvi.com\\\/fr\\\/producto\\\/alergreen-skin\\\/\"]}]},{\"@type\":\"ImageObject\",\"inLanguage\":\"fr-FR\",\"@id\":\"https:\\\/\\\/drasanvi.com\\\/fr\\\/producto\\\/alergreen-skin\\\/#primaryimage\",\"url\":\"https:\\\/\\\/drasanvi.com\\\/fr\\\/wp-content\\\/uploads\\\/sites\\\/7\\\/2022\\\/02\\\/alergreen-skin.jpg\",\"contentUrl\":\"https:\\\/\\\/drasanvi.com\\\/fr\\\/wp-content\\\/uploads\\\/sites\\\/7\\\/2022\\\/02\\\/alergreen-skin.jpg\",\"width\":500,\"height\":500},{\"@type\":\"BreadcrumbList\",\"@id\":\"https:\\\/\\\/drasanvi.com\\\/fr\\\/producto\\\/alergreen-skin\\\/#breadcrumb\",\"itemListElement\":[{\"@type\":\"ListItem\",\"position\":1,\"name\":\"Portada\",\"item\":\"https:\\\/\\\/drasanvi.com\\\/fr\\\/\"},{\"@type\":\"ListItem\",\"position\":2,\"name\":\"Tienda\",\"item\":\"https:\\\/\\\/drasanvi.com\\\/fr\\\/tienda\\\/\"},{\"@type\":\"ListItem\",\"position\":3,\"name\":\"AlerGreen skin\"}]},{\"@type\":\"WebSite\",\"@id\":\"https:\\\/\\\/drasanvi.com\\\/fr\\\/#website\",\"url\":\"https:\\\/\\\/drasanvi.com\\\/fr\\\/\",\"name\":\"Drasanvi Francia\",\"description\":\"L\u00edder en complementos alimenticios y cosm\u00e9tica natural.\",\"publisher\":{\"@id\":\"https:\\\/\\\/drasanvi.com\\\/fr\\\/#organization\"},\"potentialAction\":[{\"@type\":\"SearchAction\",\"target\":{\"@type\":\"EntryPoint\",\"urlTemplate\":\"https:\\\/\\\/drasanvi.com\\\/fr\\\/?s={search_term_string}\"},\"query-input\":{\"@type\":\"PropertyValueSpecification\",\"valueRequired\":true,\"valueName\":\"search_term_string\"}}],\"inLanguage\":\"fr-FR\"},{\"@type\":\"Organization\",\"@id\":\"https:\\\/\\\/drasanvi.com\\\/fr\\\/#organization\",\"name\":\"Drasanvi\",\"url\":\"https:\\\/\\\/drasanvi.com\\\/fr\\\/\",\"logo\":{\"@type\":\"ImageObject\",\"inLanguage\":\"fr-FR\",\"@id\":\"https:\\\/\\\/drasanvi.com\\\/fr\\\/#\\\/schema\\\/logo\\\/image\\\/\",\"url\":\"https:\\\/\\\/drasanvi.com\\\/wp-content\\\/uploads\\\/sites\\\/7\\\/2021\\\/07\\\/logo-drasanvi.png\",\"contentUrl\":\"https:\\\/\\\/drasanvi.com\\\/wp-content\\\/uploads\\\/sites\\\/7\\\/2021\\\/07\\\/logo-drasanvi.png\",\"width\":900,\"height\":300,\"caption\":\"Drasanvi\"},\"image\":{\"@id\":\"https:\\\/\\\/drasanvi.com\\\/fr\\\/#\\\/schema\\\/logo\\\/image\\\/\"}}]}<\/script>\n<!-- \/ Yoast SEO plugin. -->","yoast_head_json":{"title":"AlerGreen skin - Drasanvi Francia","robots":{"index":"index","follow":"follow","max-snippet":"max-snippet:-1","max-image-preview":"max-image-preview:large","max-video-preview":"max-video-preview:-1"},"canonical":"https:\/\/drasanvi.com\/fr\/producto\/alergreen-skin\/","og_locale":"fr_FR","og_type":"article","og_title":"AlerGreen skin - Drasanvi Francia","og_description":"Crema formulada a base de plantas y aceites esenciales para la piel sensible o at\u00f3pica de perros y gatos, como complemento t\u00f3pico a la toma oral de Alergreen.","og_url":"https:\/\/drasanvi.com\/fr\/producto\/alergreen-skin\/","og_site_name":"Drasanvi Francia","article_modified_time":"2022-03-10T12:15:32+00:00","og_image":[{"width":500,"height":500,"url":"https:\/\/drasanvi.com\/wp-content\/uploads\/sites\/7\/2022\/02\/alergreen-skin.jpg","type":"image\/jpeg"}],"twitter_card":"summary_large_image","schema":{"@context":"https:\/\/schema.org","@graph":[{"@type":"WebPage","@id":"https:\/\/drasanvi.com\/fr\/producto\/alergreen-skin\/","url":"https:\/\/drasanvi.com\/fr\/producto\/alergreen-skin\/","name":"AlerGreen skin - Drasanvi Francia","isPartOf":{"@id":"https:\/\/drasanvi.com\/fr\/#website"},"primaryImageOfPage":{"@id":"https:\/\/drasanvi.com\/fr\/producto\/alergreen-skin\/#primaryimage"},"image":{"@id":"https:\/\/drasanvi.com\/fr\/producto\/alergreen-skin\/#primaryimage"},"thumbnailUrl":"https:\/\/drasanvi.com\/fr\/wp-content\/uploads\/sites\/7\/2022\/02\/alergreen-skin.jpg","datePublished":"2022-02-04T14:36:59+00:00","dateModified":"2022-03-10T12:15:32+00:00","breadcrumb":{"@id":"https:\/\/drasanvi.com\/fr\/producto\/alergreen-skin\/#breadcrumb"},"inLanguage":"fr-FR","potentialAction":[{"@type":"ReadAction","target":["https:\/\/drasanvi.com\/fr\/producto\/alergreen-skin\/"]}]},{"@type":"ImageObject","inLanguage":"fr-FR","@id":"https:\/\/drasanvi.com\/fr\/producto\/alergreen-skin\/#primaryimage","url":"https:\/\/drasanvi.com\/fr\/wp-content\/uploads\/sites\/7\/2022\/02\/alergreen-skin.jpg","contentUrl":"https:\/\/drasanvi.com\/fr\/wp-content\/uploads\/sites\/7\/2022\/02\/alergreen-skin.jpg","width":500,"height":500},{"@type":"BreadcrumbList","@id":"https:\/\/drasanvi.com\/fr\/producto\/alergreen-skin\/#breadcrumb","itemListElement":[{"@type":"ListItem","position":1,"name":"Portada","item":"https:\/\/drasanvi.com\/fr\/"},{"@type":"ListItem","position":2,"name":"Tienda","item":"https:\/\/drasanvi.com\/fr\/tienda\/"},{"@type":"ListItem","position":3,"name":"AlerGreen skin"}]},{"@type":"WebSite","@id":"https:\/\/drasanvi.com\/fr\/#website","url":"https:\/\/drasanvi.com\/fr\/","name":"Drasanvi Francia","description":"L\u00edder en complementos alimenticios y cosm\u00e9tica natural.","publisher":{"@id":"https:\/\/drasanvi.com\/fr\/#organization"},"potentialAction":[{"@type":"SearchAction","target":{"@type":"EntryPoint","urlTemplate":"https:\/\/drasanvi.com\/fr\/?s={search_term_string}"},"query-input":{"@type":"PropertyValueSpecification","valueRequired":true,"valueName":"search_term_string"}}],"inLanguage":"fr-FR"},{"@type":"Organization","@id":"https:\/\/drasanvi.com\/fr\/#organization","name":"Drasanvi","url":"https:\/\/drasanvi.com\/fr\/","logo":{"@type":"ImageObject","inLanguage":"fr-FR","@id":"https:\/\/drasanvi.com\/fr\/#\/schema\/logo\/image\/","url":"https:\/\/drasanvi.com\/wp-content\/uploads\/sites\/7\/2021\/07\/logo-drasanvi.png","contentUrl":"https:\/\/drasanvi.com\/wp-content\/uploads\/sites\/7\/2021\/07\/logo-drasanvi.png","width":900,"height":300,"caption":"Drasanvi"},"image":{"@id":"https:\/\/drasanvi.com\/fr\/#\/schema\/logo\/image\/"}}]}},"_links":{"self":[{"href":"https:\/\/drasanvi.com\/fr\/wp-json\/wp\/v2\/product\/17560","targetHints":{"allow":["GET"]}}],"collection":[{"href":"https:\/\/drasanvi.com\/fr\/wp-json\/wp\/v2\/product"}],"about":[{"href":"https:\/\/drasanvi.com\/fr\/wp-json\/wp\/v2\/types\/product"}],"version-history":[{"count":0,"href":"https:\/\/drasanvi.com\/fr\/wp-json\/wp\/v2\/product\/17560\/revisions"}],"wp:featuredmedia":[{"embeddable":true,"href":"https:\/\/drasanvi.com\/fr\/wp-json\/wp\/v2\/media\/17562"}],"wp:attachment":[{"href":"https:\/\/drasanvi.com\/fr\/wp-json\/wp\/v2\/media?parent=17560"}],"wp:term":[{"taxonomy":"product_cat","embeddable":true,"href":"https:\/\/drasanvi.com\/fr\/wp-json\/wp\/v2\/product_cat?post=17560"},{"taxonomy":"product_tag","embeddable":true,"href":"https:\/\/drasanvi.com\/fr\/wp-json\/wp\/v2\/product_tag?post=17560"}],"curies":[{"name":"wp","href":"https:\/\/api.w.org\/{rel}","templated":true}]}}