{"id":17557,"date":"2022-02-04T16:36:31","date_gmt":"2022-02-04T14:36:31","guid":{"rendered":"https:\/\/drasanvi.com\/fr\/producto\/alergreen-solucion-oral\/"},"modified":"2022-03-10T14:15:32","modified_gmt":"2022-03-10T12:15:32","slug":"alergreen-solucion-oral","status":"publish","type":"product","link":"https:\/\/drasanvi.com\/fr\/producto\/alergreen-solucion-oral\/","title":{"rendered":"AlerGreen soluci\u00f3n oral"},"content":{"rendered":"<h2>\u00bfQu\u00e9 es AlerGreen?<\/h2>\n<p>Complemento para perros y gatos con pieles at\u00f3picas o al\u00e9rgicos. AlerGreen est\u00e1 formulado a base de ingredientes naturales para prevenir la inflamaci\u00f3n de la piel y el picor y mantener un estado sano de la misma. Su combinaci\u00f3n de ingredientes ayuda a disminuir la dosis de tratamiento convencional o incluso a eliminarlo, con el beneficio para la salud que conlleva, al tratarse de problemas cr\u00f3nicos.<\/p>\n<p>La PEA (palmitoiletanolamida), junto con el extracto de grosellero negro act\u00faan tratando reacciones al\u00e9rgicas en piel, ya que la primera disminuye el dolor, la acci\u00f3n de las c\u00e9lulas que participan en la reacci\u00f3n al\u00e9rgica y desactiva el proceso de inflamaci\u00f3n. El grosellero negro, por su parte, act\u00faa como un corticoide natural.<\/p>\n<p><b>Composici\u00f3n:<\/b> agua, palmitoiletanolamida (PEA), extracto s\u00f3lido de aceite de pescado (21% omega-3), aceite de onagra (4,5% GLA), extractos secos de <em>Sophora jap\u00f3nica<\/em> (98% quercetina), de ortiga verde (<em>Urtica dioica<\/em>) y de grosellero negro (<em>Ribes nigrum<\/em>).<\/p>\n<h2>Descripci\u00f3n de los ingredientes<\/h2>\n<ul>\n<li><strong>PEA<\/strong>: se trata de un compuesto lip\u00eddico natural presente en ciertos alimentos que previene la inflamaci\u00f3n y el dolor. Se produce en el organismo de forma natural, pero, en situaciones cr\u00f3nicas, deja de producirse en cantidades necesarias, por lo que su aporte externo en estos casos es de gran ayuda. Se han realizado estudios en gatos con alergia a la picadura de pulga, entre otros, con buenos resultados al administrarles PEA.<\/li>\n<li><strong>Omega 3 y 6<\/strong>: son \u00e1cidos grasos esenciales para el organismo en m\u00faltiples funciones. Los Omega 3 (EPA Y DHA) proceden del pescado, es decir, son de origen animal, por lo que son mejor asimilados por perros y gatos. Estos \u00e1cidos grasos previenen la inflamaci\u00f3n. Los \u00e1cidos grasos omega 6 favorecen el crecimiento del pelo y regeneraci\u00f3n de la piel. Ambos se encuentran en cantidades equilibradas, en mayor presencia los omega 3, para evitar los procesos inflamatorios.<\/li>\n<li><strong>Zinc<\/strong>: es un elemento necesario para la integridad de los tejidos y para el crecimiento del pelo y su correcta pigmentaci\u00f3n, previniendo su ca\u00edda. Adem\u00e1s, dificulta la aparici\u00f3n de infecciones d\u00e9rmicas al participar del correcto funcionamiento del sistema inmune.<\/li>\n<li><strong>Vitamina E<\/strong>: constituye un antioxidante para las c\u00e9lulas y participa de la integridad de la piel.<\/li>\n<li><strong>Vitaminas del grupo B<\/strong>: necesarias para el correcto estado y la nutrici\u00f3n de la piel y el pelo. Algunas son imprescindibles para la s\u00edntesis de prote\u00ednas y col\u00e1geno. Participan de la hidrataci\u00f3n de la piel y en el crecimiento del pelo.<\/li>\n<li><strong>Extracto de <em>Ribes nigrum<\/em><\/strong>: el grosellero negro es un buen antioxidante y previene la inflamaci\u00f3n y las reacciones al\u00e9rgicas.<\/li>\n<li><strong>Quercetina<\/strong>: es un pigmento que se encuentra en varios vegetales y constituye un gran antioxidante. Alivia los s\u00edntomas de alergia y previene la inflamaci\u00f3n y las infecciones d\u00e9rmicas.<\/li>\n<li><strong>Urtica dioica<\/strong>: la ortiga ayuda a purificar la piel al eliminar toxinas. Fortalece el pelo debido a los oligoelementos que contiene (hierro y azufre entre ellos) y vitaminas.<\/li>\n<\/ul>\n<h3>Modo de administraci\u00f3n:<\/h3>\n<p>Administrar dos veces al d\u00eda 3 ml por cada 10 kg de peso, directamente en la boca o mezclado con el alimento. Consultar con un profesional veterinario para un uso a largo plazo.<\/p>\n<p><strong>Presentaci\u00f3n<\/strong>: envases de 120 ml con jeringa dosificadora.<\/p>\n","protected":false},"excerpt":{"rendered":"<p>Complemento para perros y gatos con pieles at\u00f3picas o al\u00e9rgicos. AlerGreen est\u00e1 formulado a base de ingredientes naturales para prevenir la inflamaci\u00f3n de la piel y el picor y mantener un estado sano de la misma.<\/p>\n","protected":false},"featured_media":17559,"template":"","meta":{"inline_featured_image":false},"product_cat":[1302],"product_tag":[],"class_list":["post-17557","product","type-product","status-publish","has-post-thumbnail","hentry","product_cat-dr-green"],"yoast_head":"<!-- This site is optimized with the Yoast SEO plugin v27.4 - https:\/\/yoast.com\/product\/yoast-seo-wordpress\/ -->\n<title>AlerGreen soluci\u00f3n oral - Drasanvi Francia<\/title>\n<meta name=\"robots\" content=\"index, follow, max-snippet:-1, max-image-preview:large, max-video-preview:-1\" \/>\n<link rel=\"canonical\" href=\"https:\/\/drasanvi.com\/fr\/producto\/alergreen-solucion-oral\/\" \/>\n<meta property=\"og:locale\" content=\"fr_FR\" \/>\n<meta property=\"og:type\" content=\"article\" \/>\n<meta property=\"og:title\" content=\"AlerGreen soluci\u00f3n oral - Drasanvi Francia\" \/>\n<meta property=\"og:description\" content=\"Complemento para perros y gatos con pieles at\u00f3picas o al\u00e9rgicos. AlerGreen est\u00e1 formulado a base de ingredientes naturales para prevenir la inflamaci\u00f3n de la piel y el picor y mantener un estado sano de la misma.\" \/>\n<meta property=\"og:url\" content=\"https:\/\/drasanvi.com\/fr\/producto\/alergreen-solucion-oral\/\" \/>\n<meta property=\"og:site_name\" content=\"Drasanvi Francia\" \/>\n<meta property=\"article:modified_time\" content=\"2022-03-10T12:15:32+00:00\" \/>\n<meta property=\"og:image\" content=\"https:\/\/drasanvi.com\/wp-content\/uploads\/sites\/7\/2022\/02\/alergreen.jpg\" \/>\n\t<meta property=\"og:image:width\" content=\"500\" \/>\n\t<meta property=\"og:image:height\" content=\"500\" \/>\n\t<meta property=\"og:image:type\" content=\"image\/jpeg\" \/>\n<meta name=\"twitter:card\" content=\"summary_large_image\" \/>\n<script type=\"application\/ld+json\" class=\"yoast-schema-graph\">{\"@context\":\"https:\\\/\\\/schema.org\",\"@graph\":[{\"@type\":\"WebPage\",\"@id\":\"https:\\\/\\\/drasanvi.com\\\/fr\\\/producto\\\/alergreen-solucion-oral\\\/\",\"url\":\"https:\\\/\\\/drasanvi.com\\\/fr\\\/producto\\\/alergreen-solucion-oral\\\/\",\"name\":\"AlerGreen soluci\u00f3n oral - Drasanvi Francia\",\"isPartOf\":{\"@id\":\"https:\\\/\\\/drasanvi.com\\\/fr\\\/#website\"},\"primaryImageOfPage\":{\"@id\":\"https:\\\/\\\/drasanvi.com\\\/fr\\\/producto\\\/alergreen-solucion-oral\\\/#primaryimage\"},\"image\":{\"@id\":\"https:\\\/\\\/drasanvi.com\\\/fr\\\/producto\\\/alergreen-solucion-oral\\\/#primaryimage\"},\"thumbnailUrl\":\"https:\\\/\\\/drasanvi.com\\\/fr\\\/wp-content\\\/uploads\\\/sites\\\/7\\\/2022\\\/02\\\/alergreen.jpg\",\"datePublished\":\"2022-02-04T14:36:31+00:00\",\"dateModified\":\"2022-03-10T12:15:32+00:00\",\"breadcrumb\":{\"@id\":\"https:\\\/\\\/drasanvi.com\\\/fr\\\/producto\\\/alergreen-solucion-oral\\\/#breadcrumb\"},\"inLanguage\":\"fr-FR\",\"potentialAction\":[{\"@type\":\"ReadAction\",\"target\":[\"https:\\\/\\\/drasanvi.com\\\/fr\\\/producto\\\/alergreen-solucion-oral\\\/\"]}]},{\"@type\":\"ImageObject\",\"inLanguage\":\"fr-FR\",\"@id\":\"https:\\\/\\\/drasanvi.com\\\/fr\\\/producto\\\/alergreen-solucion-oral\\\/#primaryimage\",\"url\":\"https:\\\/\\\/drasanvi.com\\\/fr\\\/wp-content\\\/uploads\\\/sites\\\/7\\\/2022\\\/02\\\/alergreen.jpg\",\"contentUrl\":\"https:\\\/\\\/drasanvi.com\\\/fr\\\/wp-content\\\/uploads\\\/sites\\\/7\\\/2022\\\/02\\\/alergreen.jpg\",\"width\":500,\"height\":500},{\"@type\":\"BreadcrumbList\",\"@id\":\"https:\\\/\\\/drasanvi.com\\\/fr\\\/producto\\\/alergreen-solucion-oral\\\/#breadcrumb\",\"itemListElement\":[{\"@type\":\"ListItem\",\"position\":1,\"name\":\"Portada\",\"item\":\"https:\\\/\\\/drasanvi.com\\\/fr\\\/\"},{\"@type\":\"ListItem\",\"position\":2,\"name\":\"Tienda\",\"item\":\"https:\\\/\\\/drasanvi.com\\\/fr\\\/tienda\\\/\"},{\"@type\":\"ListItem\",\"position\":3,\"name\":\"AlerGreen soluci\u00f3n oral\"}]},{\"@type\":\"WebSite\",\"@id\":\"https:\\\/\\\/drasanvi.com\\\/fr\\\/#website\",\"url\":\"https:\\\/\\\/drasanvi.com\\\/fr\\\/\",\"name\":\"Drasanvi Francia\",\"description\":\"L\u00edder en complementos alimenticios y cosm\u00e9tica natural.\",\"publisher\":{\"@id\":\"https:\\\/\\\/drasanvi.com\\\/fr\\\/#organization\"},\"potentialAction\":[{\"@type\":\"SearchAction\",\"target\":{\"@type\":\"EntryPoint\",\"urlTemplate\":\"https:\\\/\\\/drasanvi.com\\\/fr\\\/?s={search_term_string}\"},\"query-input\":{\"@type\":\"PropertyValueSpecification\",\"valueRequired\":true,\"valueName\":\"search_term_string\"}}],\"inLanguage\":\"fr-FR\"},{\"@type\":\"Organization\",\"@id\":\"https:\\\/\\\/drasanvi.com\\\/fr\\\/#organization\",\"name\":\"Drasanvi\",\"url\":\"https:\\\/\\\/drasanvi.com\\\/fr\\\/\",\"logo\":{\"@type\":\"ImageObject\",\"inLanguage\":\"fr-FR\",\"@id\":\"https:\\\/\\\/drasanvi.com\\\/fr\\\/#\\\/schema\\\/logo\\\/image\\\/\",\"url\":\"https:\\\/\\\/drasanvi.com\\\/wp-content\\\/uploads\\\/sites\\\/7\\\/2021\\\/07\\\/logo-drasanvi.png\",\"contentUrl\":\"https:\\\/\\\/drasanvi.com\\\/wp-content\\\/uploads\\\/sites\\\/7\\\/2021\\\/07\\\/logo-drasanvi.png\",\"width\":900,\"height\":300,\"caption\":\"Drasanvi\"},\"image\":{\"@id\":\"https:\\\/\\\/drasanvi.com\\\/fr\\\/#\\\/schema\\\/logo\\\/image\\\/\"}}]}<\/script>\n<!-- \/ Yoast SEO plugin. -->","yoast_head_json":{"title":"AlerGreen soluci\u00f3n oral - Drasanvi Francia","robots":{"index":"index","follow":"follow","max-snippet":"max-snippet:-1","max-image-preview":"max-image-preview:large","max-video-preview":"max-video-preview:-1"},"canonical":"https:\/\/drasanvi.com\/fr\/producto\/alergreen-solucion-oral\/","og_locale":"fr_FR","og_type":"article","og_title":"AlerGreen soluci\u00f3n oral - Drasanvi Francia","og_description":"Complemento para perros y gatos con pieles at\u00f3picas o al\u00e9rgicos. AlerGreen est\u00e1 formulado a base de ingredientes naturales para prevenir la inflamaci\u00f3n de la piel y el picor y mantener un estado sano de la misma.","og_url":"https:\/\/drasanvi.com\/fr\/producto\/alergreen-solucion-oral\/","og_site_name":"Drasanvi Francia","article_modified_time":"2022-03-10T12:15:32+00:00","og_image":[{"width":500,"height":500,"url":"https:\/\/drasanvi.com\/wp-content\/uploads\/sites\/7\/2022\/02\/alergreen.jpg","type":"image\/jpeg"}],"twitter_card":"summary_large_image","schema":{"@context":"https:\/\/schema.org","@graph":[{"@type":"WebPage","@id":"https:\/\/drasanvi.com\/fr\/producto\/alergreen-solucion-oral\/","url":"https:\/\/drasanvi.com\/fr\/producto\/alergreen-solucion-oral\/","name":"AlerGreen soluci\u00f3n oral - Drasanvi Francia","isPartOf":{"@id":"https:\/\/drasanvi.com\/fr\/#website"},"primaryImageOfPage":{"@id":"https:\/\/drasanvi.com\/fr\/producto\/alergreen-solucion-oral\/#primaryimage"},"image":{"@id":"https:\/\/drasanvi.com\/fr\/producto\/alergreen-solucion-oral\/#primaryimage"},"thumbnailUrl":"https:\/\/drasanvi.com\/fr\/wp-content\/uploads\/sites\/7\/2022\/02\/alergreen.jpg","datePublished":"2022-02-04T14:36:31+00:00","dateModified":"2022-03-10T12:15:32+00:00","breadcrumb":{"@id":"https:\/\/drasanvi.com\/fr\/producto\/alergreen-solucion-oral\/#breadcrumb"},"inLanguage":"fr-FR","potentialAction":[{"@type":"ReadAction","target":["https:\/\/drasanvi.com\/fr\/producto\/alergreen-solucion-oral\/"]}]},{"@type":"ImageObject","inLanguage":"fr-FR","@id":"https:\/\/drasanvi.com\/fr\/producto\/alergreen-solucion-oral\/#primaryimage","url":"https:\/\/drasanvi.com\/fr\/wp-content\/uploads\/sites\/7\/2022\/02\/alergreen.jpg","contentUrl":"https:\/\/drasanvi.com\/fr\/wp-content\/uploads\/sites\/7\/2022\/02\/alergreen.jpg","width":500,"height":500},{"@type":"BreadcrumbList","@id":"https:\/\/drasanvi.com\/fr\/producto\/alergreen-solucion-oral\/#breadcrumb","itemListElement":[{"@type":"ListItem","position":1,"name":"Portada","item":"https:\/\/drasanvi.com\/fr\/"},{"@type":"ListItem","position":2,"name":"Tienda","item":"https:\/\/drasanvi.com\/fr\/tienda\/"},{"@type":"ListItem","position":3,"name":"AlerGreen soluci\u00f3n oral"}]},{"@type":"WebSite","@id":"https:\/\/drasanvi.com\/fr\/#website","url":"https:\/\/drasanvi.com\/fr\/","name":"Drasanvi Francia","description":"L\u00edder en complementos alimenticios y cosm\u00e9tica natural.","publisher":{"@id":"https:\/\/drasanvi.com\/fr\/#organization"},"potentialAction":[{"@type":"SearchAction","target":{"@type":"EntryPoint","urlTemplate":"https:\/\/drasanvi.com\/fr\/?s={search_term_string}"},"query-input":{"@type":"PropertyValueSpecification","valueRequired":true,"valueName":"search_term_string"}}],"inLanguage":"fr-FR"},{"@type":"Organization","@id":"https:\/\/drasanvi.com\/fr\/#organization","name":"Drasanvi","url":"https:\/\/drasanvi.com\/fr\/","logo":{"@type":"ImageObject","inLanguage":"fr-FR","@id":"https:\/\/drasanvi.com\/fr\/#\/schema\/logo\/image\/","url":"https:\/\/drasanvi.com\/wp-content\/uploads\/sites\/7\/2021\/07\/logo-drasanvi.png","contentUrl":"https:\/\/drasanvi.com\/wp-content\/uploads\/sites\/7\/2021\/07\/logo-drasanvi.png","width":900,"height":300,"caption":"Drasanvi"},"image":{"@id":"https:\/\/drasanvi.com\/fr\/#\/schema\/logo\/image\/"}}]}},"_links":{"self":[{"href":"https:\/\/drasanvi.com\/fr\/wp-json\/wp\/v2\/product\/17557","targetHints":{"allow":["GET"]}}],"collection":[{"href":"https:\/\/drasanvi.com\/fr\/wp-json\/wp\/v2\/product"}],"about":[{"href":"https:\/\/drasanvi.com\/fr\/wp-json\/wp\/v2\/types\/product"}],"version-history":[{"count":0,"href":"https:\/\/drasanvi.com\/fr\/wp-json\/wp\/v2\/product\/17557\/revisions"}],"wp:featuredmedia":[{"embeddable":true,"href":"https:\/\/drasanvi.com\/fr\/wp-json\/wp\/v2\/media\/17559"}],"wp:attachment":[{"href":"https:\/\/drasanvi.com\/fr\/wp-json\/wp\/v2\/media?parent=17557"}],"wp:term":[{"taxonomy":"product_cat","embeddable":true,"href":"https:\/\/drasanvi.com\/fr\/wp-json\/wp\/v2\/product_cat?post=17557"},{"taxonomy":"product_tag","embeddable":true,"href":"https:\/\/drasanvi.com\/fr\/wp-json\/wp\/v2\/product_tag?post=17557"}],"curies":[{"name":"wp","href":"https:\/\/api.w.org\/{rel}","templated":true}]}}