{"id":17540,"date":"2022-02-04T16:36:31","date_gmt":"2022-02-04T14:36:31","guid":{"rendered":"https:\/\/drasanvi.com\/fr\/producto\/vitalgreen-solucion-oral\/"},"modified":"2022-03-10T14:15:31","modified_gmt":"2022-03-10T12:15:31","slug":"vitalgreen-solucion-oral","status":"publish","type":"product","link":"https:\/\/drasanvi.com\/fr\/producto\/vitalgreen-solucion-oral\/","title":{"rendered":"VitalGreen soluci\u00f3n oral"},"content":{"rendered":"<h2>\u00bfQu\u00e9 es VitalGreen?<\/h2>\n<p>VitalGreen est\u00e1 constituido por ingredientes naturales que aportan gran cantidad de nutrientes, como amino\u00e1cidos esenciales, vitaminas y oligoelementos.<\/p>\n<p>Contiene, por un lado, dos ingredientes muy ricos en vitaminas, minerales y \u00e1cidos grasos y, por otro lado, aumenta el apetito para restaurar la vitalidad de los perros y gatos y favorecer su alimentaci\u00f3n voluntaria en los momentos necesarios.<\/p>\n<p><strong>Composici\u00f3n<\/strong>: Levadura de cerveza, Jalea real liofilizada, extractos secos de: Fenogreco <em>(Trigonella foenum-graecum<\/em>), Cardo mariano extracto seco (<em>Sylibum marianum<\/em>) (\u226580% silimarina; \u226530% silibina e isosilibina).<\/p>\n<h2>Descripci\u00f3n de los productos<\/h2>\n<ul>\n<li><strong>Levadura de cerveza<\/strong>: proviene de un hongo unicelular llamado <em>Saccharomyces<\/em> <em>cerevisiae<\/em>. Contiene gran cantidad de prote\u00ednas y es rica en vitaminas del grupo B (B1, B2, B3, B5, B6, B7 y B9), importantes para el sistema inmunitario de los animales y antioxidantes. Estos nutrientes promueven la salud de la piel, u\u00f1as, pelo y beneficios en \u00f3rganos vitales como el h\u00edgado. Es rica en minerales (selenio, potasio, cromo, hierro, zinc y magnesio), que son esenciales para el organismo, prevenci\u00f3n de anemias y para una buena salud general del perro o gato.<\/li>\n<li><strong>Jalea real<\/strong>: aporta energ\u00eda y vitalidad a los animales, gracias a su elevado contenido en vitaminas, lipoprote\u00ednas, enzimas y minerales, ya que se considera el alimento m\u00e1s concentrado de la naturaleza. Es antioxidante y aumenta la resistencia a infecciones por agentes externos, fortalece el pelo y favorece la digesti\u00f3n (se recomienda en animales con falta de apetito).<\/li>\n<li><strong>Semillas de cardo mariano<\/strong>: mejora la detoxificaci\u00f3n del organismo para permitir una mejor absorci\u00f3n de los nutrientes a nivel intestinal. Adem\u00e1s, es un buen antioxidante, apoyando a la jalea real.<\/li>\n<li><strong>Fenogreco<\/strong>: contiene alb\u00famina, grasas e hidratos de carbono, por lo que se considera un fortificante. Protege la mucosa digestiva y mejora el apetito<\/li>\n<\/ul>\n<h3>Modo de administraci\u00f3n:<\/h3>\n<p>Administrar 5 ml cada 10 kg de peso, dos veces al d\u00eda. Se recomienda consultar con un profesional veterinario para administraciones largas. Facilitar agua fresca a disposici\u00f3n de los animales siempre.<\/p>\n<p><strong>Presentaci\u00f3n<\/strong>: envases de 120 ml con jeringa dosificadora.<\/p>\n","protected":false},"excerpt":{"rendered":"<p>VitalGreen est\u00e1 constituido por ingredientes naturales que aportan gran cantidad de nutrientes, como amino\u00e1cidos esenciales, vitaminas y oligoelementos.<\/p>\n","protected":false},"featured_media":17542,"template":"","meta":{"inline_featured_image":false},"product_cat":[1302],"product_tag":[],"class_list":["post-17540","product","type-product","status-publish","has-post-thumbnail","hentry","product_cat-dr-green"],"yoast_head":"<!-- This site is optimized with the Yoast SEO plugin v27.5 - https:\/\/yoast.com\/product\/yoast-seo-wordpress\/ -->\n<title>VitalGreen soluci\u00f3n oral - Drasanvi Francia<\/title>\n<meta name=\"robots\" content=\"index, follow, max-snippet:-1, max-image-preview:large, max-video-preview:-1\" \/>\n<link rel=\"canonical\" href=\"https:\/\/drasanvi.com\/fr\/producto\/vitalgreen-solucion-oral\/\" \/>\n<meta property=\"og:locale\" content=\"fr_FR\" \/>\n<meta property=\"og:type\" content=\"article\" \/>\n<meta property=\"og:title\" content=\"VitalGreen soluci\u00f3n oral - Drasanvi Francia\" \/>\n<meta property=\"og:description\" content=\"VitalGreen est\u00e1 constituido por ingredientes naturales que aportan gran cantidad de nutrientes, como amino\u00e1cidos esenciales, vitaminas y oligoelementos.\" \/>\n<meta property=\"og:url\" content=\"https:\/\/drasanvi.com\/fr\/producto\/vitalgreen-solucion-oral\/\" \/>\n<meta property=\"og:site_name\" content=\"Drasanvi Francia\" \/>\n<meta property=\"article:modified_time\" content=\"2022-03-10T12:15:31+00:00\" \/>\n<meta property=\"og:image\" content=\"https:\/\/drasanvi.com\/wp-content\/uploads\/sites\/7\/2022\/02\/vitalgreen.jpg\" \/>\n\t<meta property=\"og:image:width\" content=\"500\" \/>\n\t<meta property=\"og:image:height\" content=\"500\" \/>\n\t<meta property=\"og:image:type\" content=\"image\/jpeg\" \/>\n<meta name=\"twitter:card\" content=\"summary_large_image\" \/>\n<script type=\"application\/ld+json\" class=\"yoast-schema-graph\">{\"@context\":\"https:\\\/\\\/schema.org\",\"@graph\":[{\"@type\":\"WebPage\",\"@id\":\"https:\\\/\\\/drasanvi.com\\\/fr\\\/producto\\\/vitalgreen-solucion-oral\\\/\",\"url\":\"https:\\\/\\\/drasanvi.com\\\/fr\\\/producto\\\/vitalgreen-solucion-oral\\\/\",\"name\":\"VitalGreen soluci\u00f3n oral - Drasanvi Francia\",\"isPartOf\":{\"@id\":\"https:\\\/\\\/drasanvi.com\\\/fr\\\/#website\"},\"primaryImageOfPage\":{\"@id\":\"https:\\\/\\\/drasanvi.com\\\/fr\\\/producto\\\/vitalgreen-solucion-oral\\\/#primaryimage\"},\"image\":{\"@id\":\"https:\\\/\\\/drasanvi.com\\\/fr\\\/producto\\\/vitalgreen-solucion-oral\\\/#primaryimage\"},\"thumbnailUrl\":\"https:\\\/\\\/drasanvi.com\\\/fr\\\/wp-content\\\/uploads\\\/sites\\\/7\\\/2022\\\/02\\\/vitalgreen.jpg\",\"datePublished\":\"2022-02-04T14:36:31+00:00\",\"dateModified\":\"2022-03-10T12:15:31+00:00\",\"breadcrumb\":{\"@id\":\"https:\\\/\\\/drasanvi.com\\\/fr\\\/producto\\\/vitalgreen-solucion-oral\\\/#breadcrumb\"},\"inLanguage\":\"fr-FR\",\"potentialAction\":[{\"@type\":\"ReadAction\",\"target\":[\"https:\\\/\\\/drasanvi.com\\\/fr\\\/producto\\\/vitalgreen-solucion-oral\\\/\"]}]},{\"@type\":\"ImageObject\",\"inLanguage\":\"fr-FR\",\"@id\":\"https:\\\/\\\/drasanvi.com\\\/fr\\\/producto\\\/vitalgreen-solucion-oral\\\/#primaryimage\",\"url\":\"https:\\\/\\\/drasanvi.com\\\/fr\\\/wp-content\\\/uploads\\\/sites\\\/7\\\/2022\\\/02\\\/vitalgreen.jpg\",\"contentUrl\":\"https:\\\/\\\/drasanvi.com\\\/fr\\\/wp-content\\\/uploads\\\/sites\\\/7\\\/2022\\\/02\\\/vitalgreen.jpg\",\"width\":500,\"height\":500},{\"@type\":\"BreadcrumbList\",\"@id\":\"https:\\\/\\\/drasanvi.com\\\/fr\\\/producto\\\/vitalgreen-solucion-oral\\\/#breadcrumb\",\"itemListElement\":[{\"@type\":\"ListItem\",\"position\":1,\"name\":\"Portada\",\"item\":\"https:\\\/\\\/drasanvi.com\\\/fr\\\/\"},{\"@type\":\"ListItem\",\"position\":2,\"name\":\"Tienda\",\"item\":\"https:\\\/\\\/drasanvi.com\\\/fr\\\/tienda\\\/\"},{\"@type\":\"ListItem\",\"position\":3,\"name\":\"VitalGreen soluci\u00f3n oral\"}]},{\"@type\":\"WebSite\",\"@id\":\"https:\\\/\\\/drasanvi.com\\\/fr\\\/#website\",\"url\":\"https:\\\/\\\/drasanvi.com\\\/fr\\\/\",\"name\":\"Drasanvi Francia\",\"description\":\"L\u00edder en complementos alimenticios y cosm\u00e9tica natural.\",\"publisher\":{\"@id\":\"https:\\\/\\\/drasanvi.com\\\/fr\\\/#organization\"},\"potentialAction\":[{\"@type\":\"SearchAction\",\"target\":{\"@type\":\"EntryPoint\",\"urlTemplate\":\"https:\\\/\\\/drasanvi.com\\\/fr\\\/?s={search_term_string}\"},\"query-input\":{\"@type\":\"PropertyValueSpecification\",\"valueRequired\":true,\"valueName\":\"search_term_string\"}}],\"inLanguage\":\"fr-FR\"},{\"@type\":\"Organization\",\"@id\":\"https:\\\/\\\/drasanvi.com\\\/fr\\\/#organization\",\"name\":\"Drasanvi\",\"url\":\"https:\\\/\\\/drasanvi.com\\\/fr\\\/\",\"logo\":{\"@type\":\"ImageObject\",\"inLanguage\":\"fr-FR\",\"@id\":\"https:\\\/\\\/drasanvi.com\\\/fr\\\/#\\\/schema\\\/logo\\\/image\\\/\",\"url\":\"https:\\\/\\\/drasanvi.com\\\/wp-content\\\/uploads\\\/sites\\\/7\\\/2021\\\/07\\\/logo-drasanvi.png\",\"contentUrl\":\"https:\\\/\\\/drasanvi.com\\\/wp-content\\\/uploads\\\/sites\\\/7\\\/2021\\\/07\\\/logo-drasanvi.png\",\"width\":900,\"height\":300,\"caption\":\"Drasanvi\"},\"image\":{\"@id\":\"https:\\\/\\\/drasanvi.com\\\/fr\\\/#\\\/schema\\\/logo\\\/image\\\/\"}}]}<\/script>\n<!-- \/ Yoast SEO plugin. -->","yoast_head_json":{"title":"VitalGreen soluci\u00f3n oral - Drasanvi Francia","robots":{"index":"index","follow":"follow","max-snippet":"max-snippet:-1","max-image-preview":"max-image-preview:large","max-video-preview":"max-video-preview:-1"},"canonical":"https:\/\/drasanvi.com\/fr\/producto\/vitalgreen-solucion-oral\/","og_locale":"fr_FR","og_type":"article","og_title":"VitalGreen soluci\u00f3n oral - Drasanvi Francia","og_description":"VitalGreen est\u00e1 constituido por ingredientes naturales que aportan gran cantidad de nutrientes, como amino\u00e1cidos esenciales, vitaminas y oligoelementos.","og_url":"https:\/\/drasanvi.com\/fr\/producto\/vitalgreen-solucion-oral\/","og_site_name":"Drasanvi Francia","article_modified_time":"2022-03-10T12:15:31+00:00","og_image":[{"width":500,"height":500,"url":"https:\/\/drasanvi.com\/wp-content\/uploads\/sites\/7\/2022\/02\/vitalgreen.jpg","type":"image\/jpeg"}],"twitter_card":"summary_large_image","schema":{"@context":"https:\/\/schema.org","@graph":[{"@type":"WebPage","@id":"https:\/\/drasanvi.com\/fr\/producto\/vitalgreen-solucion-oral\/","url":"https:\/\/drasanvi.com\/fr\/producto\/vitalgreen-solucion-oral\/","name":"VitalGreen soluci\u00f3n oral - Drasanvi Francia","isPartOf":{"@id":"https:\/\/drasanvi.com\/fr\/#website"},"primaryImageOfPage":{"@id":"https:\/\/drasanvi.com\/fr\/producto\/vitalgreen-solucion-oral\/#primaryimage"},"image":{"@id":"https:\/\/drasanvi.com\/fr\/producto\/vitalgreen-solucion-oral\/#primaryimage"},"thumbnailUrl":"https:\/\/drasanvi.com\/fr\/wp-content\/uploads\/sites\/7\/2022\/02\/vitalgreen.jpg","datePublished":"2022-02-04T14:36:31+00:00","dateModified":"2022-03-10T12:15:31+00:00","breadcrumb":{"@id":"https:\/\/drasanvi.com\/fr\/producto\/vitalgreen-solucion-oral\/#breadcrumb"},"inLanguage":"fr-FR","potentialAction":[{"@type":"ReadAction","target":["https:\/\/drasanvi.com\/fr\/producto\/vitalgreen-solucion-oral\/"]}]},{"@type":"ImageObject","inLanguage":"fr-FR","@id":"https:\/\/drasanvi.com\/fr\/producto\/vitalgreen-solucion-oral\/#primaryimage","url":"https:\/\/drasanvi.com\/fr\/wp-content\/uploads\/sites\/7\/2022\/02\/vitalgreen.jpg","contentUrl":"https:\/\/drasanvi.com\/fr\/wp-content\/uploads\/sites\/7\/2022\/02\/vitalgreen.jpg","width":500,"height":500},{"@type":"BreadcrumbList","@id":"https:\/\/drasanvi.com\/fr\/producto\/vitalgreen-solucion-oral\/#breadcrumb","itemListElement":[{"@type":"ListItem","position":1,"name":"Portada","item":"https:\/\/drasanvi.com\/fr\/"},{"@type":"ListItem","position":2,"name":"Tienda","item":"https:\/\/drasanvi.com\/fr\/tienda\/"},{"@type":"ListItem","position":3,"name":"VitalGreen soluci\u00f3n oral"}]},{"@type":"WebSite","@id":"https:\/\/drasanvi.com\/fr\/#website","url":"https:\/\/drasanvi.com\/fr\/","name":"Drasanvi Francia","description":"L\u00edder en complementos alimenticios y cosm\u00e9tica natural.","publisher":{"@id":"https:\/\/drasanvi.com\/fr\/#organization"},"potentialAction":[{"@type":"SearchAction","target":{"@type":"EntryPoint","urlTemplate":"https:\/\/drasanvi.com\/fr\/?s={search_term_string}"},"query-input":{"@type":"PropertyValueSpecification","valueRequired":true,"valueName":"search_term_string"}}],"inLanguage":"fr-FR"},{"@type":"Organization","@id":"https:\/\/drasanvi.com\/fr\/#organization","name":"Drasanvi","url":"https:\/\/drasanvi.com\/fr\/","logo":{"@type":"ImageObject","inLanguage":"fr-FR","@id":"https:\/\/drasanvi.com\/fr\/#\/schema\/logo\/image\/","url":"https:\/\/drasanvi.com\/wp-content\/uploads\/sites\/7\/2021\/07\/logo-drasanvi.png","contentUrl":"https:\/\/drasanvi.com\/wp-content\/uploads\/sites\/7\/2021\/07\/logo-drasanvi.png","width":900,"height":300,"caption":"Drasanvi"},"image":{"@id":"https:\/\/drasanvi.com\/fr\/#\/schema\/logo\/image\/"}}]}},"_links":{"self":[{"href":"https:\/\/drasanvi.com\/fr\/wp-json\/wp\/v2\/product\/17540","targetHints":{"allow":["GET"]}}],"collection":[{"href":"https:\/\/drasanvi.com\/fr\/wp-json\/wp\/v2\/product"}],"about":[{"href":"https:\/\/drasanvi.com\/fr\/wp-json\/wp\/v2\/types\/product"}],"version-history":[{"count":0,"href":"https:\/\/drasanvi.com\/fr\/wp-json\/wp\/v2\/product\/17540\/revisions"}],"wp:featuredmedia":[{"embeddable":true,"href":"https:\/\/drasanvi.com\/fr\/wp-json\/wp\/v2\/media\/17542"}],"wp:attachment":[{"href":"https:\/\/drasanvi.com\/fr\/wp-json\/wp\/v2\/media?parent=17540"}],"wp:term":[{"taxonomy":"product_cat","embeddable":true,"href":"https:\/\/drasanvi.com\/fr\/wp-json\/wp\/v2\/product_cat?post=17540"},{"taxonomy":"product_tag","embeddable":true,"href":"https:\/\/drasanvi.com\/fr\/wp-json\/wp\/v2\/product_tag?post=17540"}],"curies":[{"name":"wp","href":"https:\/\/api.w.org\/{rel}","templated":true}]}}