{"id":17537,"date":"2022-02-04T16:36:31","date_gmt":"2022-02-04T14:36:31","guid":{"rendered":"https:\/\/drasanvi.com\/fr\/producto\/dermagreen-skin\/"},"modified":"2022-03-10T14:15:30","modified_gmt":"2022-03-10T12:15:30","slug":"dermagreen-skin","status":"publish","type":"product","link":"https:\/\/drasanvi.com\/fr\/producto\/dermagreen-skin\/","title":{"rendered":"DermaGreen skin"},"content":{"rendered":"<h2>\u00bfQu\u00e9 es DermaGreen Skin?<\/h2>\n<p>Crema formulada a base de plantas y aceites esenciales para la piel de perros y gatos. Se presenta en envases airless y en spray muy c\u00f3modo de utilizar y que mantiene todas las propiedades de la crema.<\/p>\n<p><strong>Composici\u00f3n:<\/strong> Aloe Vera gel, Manteca de Karit\u00e9, Germen de trigo, Pr\u00f3polis, Pantenol, Aceite esencial de Romero, Aceite esencial de lavanda, Aceite de manzanilla, Extracto de \u00e1rnica, <em>Centella asiatica<\/em>.<\/p>\n<h2>Descripci\u00f3n de los ingredientes<\/h2>\n<ul>\n<li><strong>Gel de aloe vera<\/strong>: de muy alta calidad y pureza. Previene la inflamaci\u00f3n, tiene gran capacidad de regeneraci\u00f3n de los tejidos y act\u00faa como calmante. Contiene nutrientes que favorecen la cicatrizaci\u00f3n y se le considera un antis\u00e9ptico natural. Penetra, f\u00e1cilmente en la piel, gracias a su contenido en saponinas. Mejora la elasticidad de la piel y su buen estado.<\/li>\n<li><strong>Manteca de karit\u00e9<\/strong>: posee gran capacidad de hidrataci\u00f3n y calma las irritaciones. Adem\u00e1s, activa el col\u00e1geno propio de la piel y contiene elevado nivel de nutrientes, por lo que regenera los tejidos.<\/li>\n<li><strong>Germen de trigo<\/strong>: aceite cuyos \u00e1cidos grasos tienen gran capacidad antioxidante. Adem\u00e1s, es rico en vitaminas del grupo B y Zinc para un buen mantenimiento del estado de la piel. Hidrata y previene irritaciones.<\/li>\n<li><strong>Pr\u00f3polis<\/strong>: refuerza la barrera cut\u00e1nea, fomenta la regeneraci\u00f3n de la piel y la hidrata.<\/li>\n<li><strong>Aceites esenciales de romero, lavanda y manzanilla<\/strong>: hidratantes de la piel. El aceite esencial de romero contiene \u00e1cido cafeico y flavonoles que act\u00faan como antioxidantes. Ayuda en dermatitis, al prevenir la inflamaci\u00f3n y por ser antis\u00e9ptico. La lavanda tiene propiedades calmantes, adem\u00e1s de antis\u00e9pticas. Es muy suave, segura y potencia las acciones de los otros aceites. El aceite de manzanilla tiene efectos relajantes, antiinflamatorios, analg\u00e9sicos y antis\u00e9pticos. Calma irritaciones de la piel.<\/li>\n<li><strong>Extracto de \u00e1rnica<\/strong>: calma la piel, la inflamaci\u00f3n y las irritaciones.<\/li>\n<li><strong>Centella asi\u00e1tica<\/strong>: mejora la circulaci\u00f3n sangu\u00ednea y la producci\u00f3n de col\u00e1geno. Regenera los tejidos y promueve su hidrataci\u00f3n, adem\u00e1s de ser antioxidante.<\/li>\n<\/ul>\n<h3>Modo de administraci\u00f3n:<\/h3>\n<p>Aplicar una capa fina sobre la zona de piel limpia y seca previamente, dos veces al d\u00eda. En la presentaci\u00f3n en spray agitar antes de usar. S\u00f3lo para uso externo en animales.<\/p>\n<p><strong>Presentaci\u00f3n<\/strong>: envase de 50 ml y spray de 150 ml.<\/p>\n","protected":false},"excerpt":{"rendered":"<p>Crema formulada a base de plantas y aceites esenciales para la piel de perros y gatos. Se presenta en envases airless y en spray muy c\u00f3modo de utilizar y que mantiene todas las propiedades de la crema.<\/p>\n","protected":false},"featured_media":17539,"template":"","meta":{"inline_featured_image":false},"product_cat":[1302],"product_tag":[],"class_list":["post-17537","product","type-product","status-publish","has-post-thumbnail","hentry","product_cat-dr-green"],"yoast_head":"<!-- This site is optimized with the Yoast SEO plugin v27.5 - https:\/\/yoast.com\/product\/yoast-seo-wordpress\/ -->\n<title>DermaGreen skin - Drasanvi Francia<\/title>\n<meta name=\"robots\" content=\"index, follow, max-snippet:-1, max-image-preview:large, max-video-preview:-1\" \/>\n<link rel=\"canonical\" href=\"https:\/\/drasanvi.com\/fr\/producto\/dermagreen-skin\/\" \/>\n<meta property=\"og:locale\" content=\"fr_FR\" \/>\n<meta property=\"og:type\" content=\"article\" \/>\n<meta property=\"og:title\" content=\"DermaGreen skin - Drasanvi Francia\" \/>\n<meta property=\"og:description\" content=\"Crema formulada a base de plantas y aceites esenciales para la piel de perros y gatos. Se presenta en envases airless y en spray muy c\u00f3modo de utilizar y que mantiene todas las propiedades de la crema.\" \/>\n<meta property=\"og:url\" content=\"https:\/\/drasanvi.com\/fr\/producto\/dermagreen-skin\/\" \/>\n<meta property=\"og:site_name\" content=\"Drasanvi Francia\" \/>\n<meta property=\"article:modified_time\" content=\"2022-03-10T12:15:30+00:00\" \/>\n<meta property=\"og:image\" content=\"https:\/\/drasanvi.com\/wp-content\/uploads\/sites\/7\/2022\/02\/dermagreen.jpg\" \/>\n\t<meta property=\"og:image:width\" content=\"500\" \/>\n\t<meta property=\"og:image:height\" content=\"500\" \/>\n\t<meta property=\"og:image:type\" content=\"image\/jpeg\" \/>\n<meta name=\"twitter:card\" content=\"summary_large_image\" \/>\n<script type=\"application\/ld+json\" class=\"yoast-schema-graph\">{\"@context\":\"https:\\\/\\\/schema.org\",\"@graph\":[{\"@type\":\"WebPage\",\"@id\":\"https:\\\/\\\/drasanvi.com\\\/fr\\\/producto\\\/dermagreen-skin\\\/\",\"url\":\"https:\\\/\\\/drasanvi.com\\\/fr\\\/producto\\\/dermagreen-skin\\\/\",\"name\":\"DermaGreen skin - Drasanvi Francia\",\"isPartOf\":{\"@id\":\"https:\\\/\\\/drasanvi.com\\\/fr\\\/#website\"},\"primaryImageOfPage\":{\"@id\":\"https:\\\/\\\/drasanvi.com\\\/fr\\\/producto\\\/dermagreen-skin\\\/#primaryimage\"},\"image\":{\"@id\":\"https:\\\/\\\/drasanvi.com\\\/fr\\\/producto\\\/dermagreen-skin\\\/#primaryimage\"},\"thumbnailUrl\":\"https:\\\/\\\/drasanvi.com\\\/fr\\\/wp-content\\\/uploads\\\/sites\\\/7\\\/2022\\\/02\\\/dermagreen.jpg\",\"datePublished\":\"2022-02-04T14:36:31+00:00\",\"dateModified\":\"2022-03-10T12:15:30+00:00\",\"breadcrumb\":{\"@id\":\"https:\\\/\\\/drasanvi.com\\\/fr\\\/producto\\\/dermagreen-skin\\\/#breadcrumb\"},\"inLanguage\":\"fr-FR\",\"potentialAction\":[{\"@type\":\"ReadAction\",\"target\":[\"https:\\\/\\\/drasanvi.com\\\/fr\\\/producto\\\/dermagreen-skin\\\/\"]}]},{\"@type\":\"ImageObject\",\"inLanguage\":\"fr-FR\",\"@id\":\"https:\\\/\\\/drasanvi.com\\\/fr\\\/producto\\\/dermagreen-skin\\\/#primaryimage\",\"url\":\"https:\\\/\\\/drasanvi.com\\\/fr\\\/wp-content\\\/uploads\\\/sites\\\/7\\\/2022\\\/02\\\/dermagreen.jpg\",\"contentUrl\":\"https:\\\/\\\/drasanvi.com\\\/fr\\\/wp-content\\\/uploads\\\/sites\\\/7\\\/2022\\\/02\\\/dermagreen.jpg\",\"width\":500,\"height\":500},{\"@type\":\"BreadcrumbList\",\"@id\":\"https:\\\/\\\/drasanvi.com\\\/fr\\\/producto\\\/dermagreen-skin\\\/#breadcrumb\",\"itemListElement\":[{\"@type\":\"ListItem\",\"position\":1,\"name\":\"Portada\",\"item\":\"https:\\\/\\\/drasanvi.com\\\/fr\\\/\"},{\"@type\":\"ListItem\",\"position\":2,\"name\":\"Tienda\",\"item\":\"https:\\\/\\\/drasanvi.com\\\/fr\\\/tienda\\\/\"},{\"@type\":\"ListItem\",\"position\":3,\"name\":\"DermaGreen skin\"}]},{\"@type\":\"WebSite\",\"@id\":\"https:\\\/\\\/drasanvi.com\\\/fr\\\/#website\",\"url\":\"https:\\\/\\\/drasanvi.com\\\/fr\\\/\",\"name\":\"Drasanvi Francia\",\"description\":\"L\u00edder en complementos alimenticios y cosm\u00e9tica natural.\",\"publisher\":{\"@id\":\"https:\\\/\\\/drasanvi.com\\\/fr\\\/#organization\"},\"potentialAction\":[{\"@type\":\"SearchAction\",\"target\":{\"@type\":\"EntryPoint\",\"urlTemplate\":\"https:\\\/\\\/drasanvi.com\\\/fr\\\/?s={search_term_string}\"},\"query-input\":{\"@type\":\"PropertyValueSpecification\",\"valueRequired\":true,\"valueName\":\"search_term_string\"}}],\"inLanguage\":\"fr-FR\"},{\"@type\":\"Organization\",\"@id\":\"https:\\\/\\\/drasanvi.com\\\/fr\\\/#organization\",\"name\":\"Drasanvi\",\"url\":\"https:\\\/\\\/drasanvi.com\\\/fr\\\/\",\"logo\":{\"@type\":\"ImageObject\",\"inLanguage\":\"fr-FR\",\"@id\":\"https:\\\/\\\/drasanvi.com\\\/fr\\\/#\\\/schema\\\/logo\\\/image\\\/\",\"url\":\"https:\\\/\\\/drasanvi.com\\\/wp-content\\\/uploads\\\/sites\\\/7\\\/2021\\\/07\\\/logo-drasanvi.png\",\"contentUrl\":\"https:\\\/\\\/drasanvi.com\\\/wp-content\\\/uploads\\\/sites\\\/7\\\/2021\\\/07\\\/logo-drasanvi.png\",\"width\":900,\"height\":300,\"caption\":\"Drasanvi\"},\"image\":{\"@id\":\"https:\\\/\\\/drasanvi.com\\\/fr\\\/#\\\/schema\\\/logo\\\/image\\\/\"}}]}<\/script>\n<!-- \/ Yoast SEO plugin. -->","yoast_head_json":{"title":"DermaGreen skin - Drasanvi Francia","robots":{"index":"index","follow":"follow","max-snippet":"max-snippet:-1","max-image-preview":"max-image-preview:large","max-video-preview":"max-video-preview:-1"},"canonical":"https:\/\/drasanvi.com\/fr\/producto\/dermagreen-skin\/","og_locale":"fr_FR","og_type":"article","og_title":"DermaGreen skin - Drasanvi Francia","og_description":"Crema formulada a base de plantas y aceites esenciales para la piel de perros y gatos. Se presenta en envases airless y en spray muy c\u00f3modo de utilizar y que mantiene todas las propiedades de la crema.","og_url":"https:\/\/drasanvi.com\/fr\/producto\/dermagreen-skin\/","og_site_name":"Drasanvi Francia","article_modified_time":"2022-03-10T12:15:30+00:00","og_image":[{"width":500,"height":500,"url":"https:\/\/drasanvi.com\/wp-content\/uploads\/sites\/7\/2022\/02\/dermagreen.jpg","type":"image\/jpeg"}],"twitter_card":"summary_large_image","schema":{"@context":"https:\/\/schema.org","@graph":[{"@type":"WebPage","@id":"https:\/\/drasanvi.com\/fr\/producto\/dermagreen-skin\/","url":"https:\/\/drasanvi.com\/fr\/producto\/dermagreen-skin\/","name":"DermaGreen skin - Drasanvi Francia","isPartOf":{"@id":"https:\/\/drasanvi.com\/fr\/#website"},"primaryImageOfPage":{"@id":"https:\/\/drasanvi.com\/fr\/producto\/dermagreen-skin\/#primaryimage"},"image":{"@id":"https:\/\/drasanvi.com\/fr\/producto\/dermagreen-skin\/#primaryimage"},"thumbnailUrl":"https:\/\/drasanvi.com\/fr\/wp-content\/uploads\/sites\/7\/2022\/02\/dermagreen.jpg","datePublished":"2022-02-04T14:36:31+00:00","dateModified":"2022-03-10T12:15:30+00:00","breadcrumb":{"@id":"https:\/\/drasanvi.com\/fr\/producto\/dermagreen-skin\/#breadcrumb"},"inLanguage":"fr-FR","potentialAction":[{"@type":"ReadAction","target":["https:\/\/drasanvi.com\/fr\/producto\/dermagreen-skin\/"]}]},{"@type":"ImageObject","inLanguage":"fr-FR","@id":"https:\/\/drasanvi.com\/fr\/producto\/dermagreen-skin\/#primaryimage","url":"https:\/\/drasanvi.com\/fr\/wp-content\/uploads\/sites\/7\/2022\/02\/dermagreen.jpg","contentUrl":"https:\/\/drasanvi.com\/fr\/wp-content\/uploads\/sites\/7\/2022\/02\/dermagreen.jpg","width":500,"height":500},{"@type":"BreadcrumbList","@id":"https:\/\/drasanvi.com\/fr\/producto\/dermagreen-skin\/#breadcrumb","itemListElement":[{"@type":"ListItem","position":1,"name":"Portada","item":"https:\/\/drasanvi.com\/fr\/"},{"@type":"ListItem","position":2,"name":"Tienda","item":"https:\/\/drasanvi.com\/fr\/tienda\/"},{"@type":"ListItem","position":3,"name":"DermaGreen skin"}]},{"@type":"WebSite","@id":"https:\/\/drasanvi.com\/fr\/#website","url":"https:\/\/drasanvi.com\/fr\/","name":"Drasanvi Francia","description":"L\u00edder en complementos alimenticios y cosm\u00e9tica natural.","publisher":{"@id":"https:\/\/drasanvi.com\/fr\/#organization"},"potentialAction":[{"@type":"SearchAction","target":{"@type":"EntryPoint","urlTemplate":"https:\/\/drasanvi.com\/fr\/?s={search_term_string}"},"query-input":{"@type":"PropertyValueSpecification","valueRequired":true,"valueName":"search_term_string"}}],"inLanguage":"fr-FR"},{"@type":"Organization","@id":"https:\/\/drasanvi.com\/fr\/#organization","name":"Drasanvi","url":"https:\/\/drasanvi.com\/fr\/","logo":{"@type":"ImageObject","inLanguage":"fr-FR","@id":"https:\/\/drasanvi.com\/fr\/#\/schema\/logo\/image\/","url":"https:\/\/drasanvi.com\/wp-content\/uploads\/sites\/7\/2021\/07\/logo-drasanvi.png","contentUrl":"https:\/\/drasanvi.com\/wp-content\/uploads\/sites\/7\/2021\/07\/logo-drasanvi.png","width":900,"height":300,"caption":"Drasanvi"},"image":{"@id":"https:\/\/drasanvi.com\/fr\/#\/schema\/logo\/image\/"}}]}},"_links":{"self":[{"href":"https:\/\/drasanvi.com\/fr\/wp-json\/wp\/v2\/product\/17537","targetHints":{"allow":["GET"]}}],"collection":[{"href":"https:\/\/drasanvi.com\/fr\/wp-json\/wp\/v2\/product"}],"about":[{"href":"https:\/\/drasanvi.com\/fr\/wp-json\/wp\/v2\/types\/product"}],"version-history":[{"count":0,"href":"https:\/\/drasanvi.com\/fr\/wp-json\/wp\/v2\/product\/17537\/revisions"}],"wp:featuredmedia":[{"embeddable":true,"href":"https:\/\/drasanvi.com\/fr\/wp-json\/wp\/v2\/media\/17539"}],"wp:attachment":[{"href":"https:\/\/drasanvi.com\/fr\/wp-json\/wp\/v2\/media?parent=17537"}],"wp:term":[{"taxonomy":"product_cat","embeddable":true,"href":"https:\/\/drasanvi.com\/fr\/wp-json\/wp\/v2\/product_cat?post=17537"},{"taxonomy":"product_tag","embeddable":true,"href":"https:\/\/drasanvi.com\/fr\/wp-json\/wp\/v2\/product_tag?post=17537"}],"curies":[{"name":"wp","href":"https:\/\/api.w.org\/{rel}","templated":true}]}}