{"id":17534,"date":"2022-02-04T16:36:31","date_gmt":"2022-02-04T14:36:31","guid":{"rendered":"https:\/\/drasanvi.com\/fr\/producto\/dermagreen-solucion-oral\/"},"modified":"2022-03-10T14:15:30","modified_gmt":"2022-03-10T12:15:30","slug":"dermagreen-solucion-oral","status":"publish","type":"product","link":"https:\/\/drasanvi.com\/fr\/producto\/dermagreen-solucion-oral\/","title":{"rendered":"DermaGreen soluci\u00f3n oral"},"content":{"rendered":"<h2>\u00bfQu\u00e9 es DermaGreen?<\/h2>\n<p>DermaGreen aporta nutrientes naturales que la piel necesita para mantener su equilibrio e hidrataci\u00f3n y ayudan en el proceso de muda del pelo de perros y gatos. Sus \u00e1cidos grasos bien balanceados previenen la inflamaci\u00f3n y promueven una piel saludable, as\u00ed como sus nutrientes, entre ellos a destacar el MSM (OptiMSM)\u00a0 con un 99,8% de pureza.<\/p>\n<p><strong>Composici\u00f3n:<\/strong> MSM (OptiMSM\u00ae)*, omega 3 (EPA y DHA) (aceite de pescado), Omega 6 (GLA), Zinc, Vitamina E (alfatocoferol), Vitaminas del complejo B: B1, B2, B6, \u00e1cido f\u00f3lico, B12 y Biotina.<\/p>\n<h2>Descripci\u00f3n de los ingredientes<\/h2>\n<ul>\n<li><strong>OptiMSM\u00ae:<\/strong> se trata de un MSM de elevada calidad, pureza y biodisponibilidad. El MSM es una fuente importante de azufre, que tiene un papel fundamental en el mantenimiento de un manto, u\u00f1as y piel sanos. Adem\u00e1s, participa en la salud del sistema inmune, la permeabilidad de las membranas, regeneraci\u00f3n celular y promueve la inactivaci\u00f3n y excreci\u00f3n de toxinas. Act\u00faa como un potente antioxidante y previene la inflamaci\u00f3n.<\/li>\n<li><strong>Omega 3 y 6<\/strong>: son \u00e1cidos grasos esenciales para el organismo en m\u00faltiples funciones. Los Omega 3 (EPA Y DHA) proceden del pescado, es decir, son de origen animal, por lo que son mejor asimilados por perros y gatos. Estos \u00e1cidos grasos previenen la inflamaci\u00f3n. Los \u00e1cidos grasos omega 6 favorecen el crecimiento del pelo y regeneraci\u00f3n de la piel. Ambos se encuentran en cantidades equilibradas, en mayor presencia los omega 3, para evitar los procesos inflamatorios.<\/li>\n<li><strong>Zinc<\/strong>: es un elemento necesario para la integridad de los tejidos y para el crecimiento del pelo y su correcta pigmentaci\u00f3n, previniendo su ca\u00edda. Adem\u00e1s, dificulta la aparici\u00f3n de infecciones d\u00e9rmicas al participar del correcto funcionamiento del sistema inmune.<\/li>\n<li><strong>Vitamina E<\/strong>: constituye un antioxidante para las c\u00e9lulas y participa de la integridad de la piel.<\/li>\n<li><strong>Vitaminas del grupo B<\/strong>: necesarias para el correcto estado y la nutrici\u00f3n de la piel y el pelo. Algunas son imprescindibles para la s\u00edntesis de prote\u00ednas y col\u00e1geno. Participan de la hidrataci\u00f3n de la piel y en el crecimiento del pelo.<\/li>\n<\/ul>\n<h3>Modo de administraci\u00f3n:<\/h3>\n<p>Administrar una vez al d\u00eda 3,5 ml por cada 10 kg de peso, directamente en la boca o mezclando con el alimento.<\/p>\n<p><strong>Presentaci\u00f3n<\/strong>: envases de 120 ml con jeringa dosificadora.<\/p>\n","protected":false},"excerpt":{"rendered":"<p>DermaGreen aporta nutrientes naturales que la piel necesita para mantener su equilibrio e hidrataci\u00f3n y ayudan en el proceso de muda del pelo de perros y gatos. Sus \u00e1cidos grasos bien balanceados previenen la inflamaci\u00f3n y promueven una piel saludable, as\u00ed como sus nutrientes, entre ellos a destacar el MSM (OptiMSM)\u00a0 con un 99,8% de pureza.<\/p>\n","protected":false},"featured_media":17536,"template":"","meta":{"inline_featured_image":false},"product_cat":[1302],"product_tag":[],"class_list":["post-17534","product","type-product","status-publish","has-post-thumbnail","hentry","product_cat-dr-green"],"yoast_head":"<!-- This site is optimized with the Yoast SEO plugin v27.4 - https:\/\/yoast.com\/product\/yoast-seo-wordpress\/ -->\n<title>DermaGreen soluci\u00f3n oral - Drasanvi Francia<\/title>\n<meta name=\"robots\" content=\"index, follow, max-snippet:-1, max-image-preview:large, max-video-preview:-1\" \/>\n<link rel=\"canonical\" href=\"https:\/\/drasanvi.com\/fr\/producto\/dermagreen-solucion-oral\/\" \/>\n<meta property=\"og:locale\" content=\"fr_FR\" \/>\n<meta property=\"og:type\" content=\"article\" \/>\n<meta property=\"og:title\" content=\"DermaGreen soluci\u00f3n oral - Drasanvi Francia\" \/>\n<meta property=\"og:description\" content=\"DermaGreen aporta nutrientes naturales que la piel necesita para mantener su equilibrio e hidrataci\u00f3n y ayudan en el proceso de muda del pelo de perros y gatos. Sus \u00e1cidos grasos bien balanceados previenen la inflamaci\u00f3n y promueven una piel saludable, as\u00ed como sus nutrientes, entre ellos a destacar el MSM (OptiMSM)\u00a0 con un 99,8% de pureza.\" \/>\n<meta property=\"og:url\" content=\"https:\/\/drasanvi.com\/fr\/producto\/dermagreen-solucion-oral\/\" \/>\n<meta property=\"og:site_name\" content=\"Drasanvi Francia\" \/>\n<meta property=\"article:modified_time\" content=\"2022-03-10T12:15:30+00:00\" \/>\n<meta property=\"og:image\" content=\"https:\/\/drasanvi.com\/wp-content\/uploads\/sites\/7\/2022\/02\/dermagreen-oral.jpg\" \/>\n\t<meta property=\"og:image:width\" content=\"500\" \/>\n\t<meta property=\"og:image:height\" content=\"500\" \/>\n\t<meta property=\"og:image:type\" content=\"image\/jpeg\" \/>\n<meta name=\"twitter:card\" content=\"summary_large_image\" \/>\n<script type=\"application\/ld+json\" class=\"yoast-schema-graph\">{\"@context\":\"https:\\\/\\\/schema.org\",\"@graph\":[{\"@type\":\"WebPage\",\"@id\":\"https:\\\/\\\/drasanvi.com\\\/fr\\\/producto\\\/dermagreen-solucion-oral\\\/\",\"url\":\"https:\\\/\\\/drasanvi.com\\\/fr\\\/producto\\\/dermagreen-solucion-oral\\\/\",\"name\":\"DermaGreen soluci\u00f3n oral - Drasanvi Francia\",\"isPartOf\":{\"@id\":\"https:\\\/\\\/drasanvi.com\\\/fr\\\/#website\"},\"primaryImageOfPage\":{\"@id\":\"https:\\\/\\\/drasanvi.com\\\/fr\\\/producto\\\/dermagreen-solucion-oral\\\/#primaryimage\"},\"image\":{\"@id\":\"https:\\\/\\\/drasanvi.com\\\/fr\\\/producto\\\/dermagreen-solucion-oral\\\/#primaryimage\"},\"thumbnailUrl\":\"https:\\\/\\\/drasanvi.com\\\/fr\\\/wp-content\\\/uploads\\\/sites\\\/7\\\/2022\\\/02\\\/dermagreen-oral.jpg\",\"datePublished\":\"2022-02-04T14:36:31+00:00\",\"dateModified\":\"2022-03-10T12:15:30+00:00\",\"breadcrumb\":{\"@id\":\"https:\\\/\\\/drasanvi.com\\\/fr\\\/producto\\\/dermagreen-solucion-oral\\\/#breadcrumb\"},\"inLanguage\":\"fr-FR\",\"potentialAction\":[{\"@type\":\"ReadAction\",\"target\":[\"https:\\\/\\\/drasanvi.com\\\/fr\\\/producto\\\/dermagreen-solucion-oral\\\/\"]}]},{\"@type\":\"ImageObject\",\"inLanguage\":\"fr-FR\",\"@id\":\"https:\\\/\\\/drasanvi.com\\\/fr\\\/producto\\\/dermagreen-solucion-oral\\\/#primaryimage\",\"url\":\"https:\\\/\\\/drasanvi.com\\\/fr\\\/wp-content\\\/uploads\\\/sites\\\/7\\\/2022\\\/02\\\/dermagreen-oral.jpg\",\"contentUrl\":\"https:\\\/\\\/drasanvi.com\\\/fr\\\/wp-content\\\/uploads\\\/sites\\\/7\\\/2022\\\/02\\\/dermagreen-oral.jpg\",\"width\":500,\"height\":500},{\"@type\":\"BreadcrumbList\",\"@id\":\"https:\\\/\\\/drasanvi.com\\\/fr\\\/producto\\\/dermagreen-solucion-oral\\\/#breadcrumb\",\"itemListElement\":[{\"@type\":\"ListItem\",\"position\":1,\"name\":\"Portada\",\"item\":\"https:\\\/\\\/drasanvi.com\\\/fr\\\/\"},{\"@type\":\"ListItem\",\"position\":2,\"name\":\"Tienda\",\"item\":\"https:\\\/\\\/drasanvi.com\\\/fr\\\/tienda\\\/\"},{\"@type\":\"ListItem\",\"position\":3,\"name\":\"DermaGreen soluci\u00f3n oral\"}]},{\"@type\":\"WebSite\",\"@id\":\"https:\\\/\\\/drasanvi.com\\\/fr\\\/#website\",\"url\":\"https:\\\/\\\/drasanvi.com\\\/fr\\\/\",\"name\":\"Drasanvi Francia\",\"description\":\"L\u00edder en complementos alimenticios y cosm\u00e9tica natural.\",\"publisher\":{\"@id\":\"https:\\\/\\\/drasanvi.com\\\/fr\\\/#organization\"},\"potentialAction\":[{\"@type\":\"SearchAction\",\"target\":{\"@type\":\"EntryPoint\",\"urlTemplate\":\"https:\\\/\\\/drasanvi.com\\\/fr\\\/?s={search_term_string}\"},\"query-input\":{\"@type\":\"PropertyValueSpecification\",\"valueRequired\":true,\"valueName\":\"search_term_string\"}}],\"inLanguage\":\"fr-FR\"},{\"@type\":\"Organization\",\"@id\":\"https:\\\/\\\/drasanvi.com\\\/fr\\\/#organization\",\"name\":\"Drasanvi\",\"url\":\"https:\\\/\\\/drasanvi.com\\\/fr\\\/\",\"logo\":{\"@type\":\"ImageObject\",\"inLanguage\":\"fr-FR\",\"@id\":\"https:\\\/\\\/drasanvi.com\\\/fr\\\/#\\\/schema\\\/logo\\\/image\\\/\",\"url\":\"https:\\\/\\\/drasanvi.com\\\/wp-content\\\/uploads\\\/sites\\\/7\\\/2021\\\/07\\\/logo-drasanvi.png\",\"contentUrl\":\"https:\\\/\\\/drasanvi.com\\\/wp-content\\\/uploads\\\/sites\\\/7\\\/2021\\\/07\\\/logo-drasanvi.png\",\"width\":900,\"height\":300,\"caption\":\"Drasanvi\"},\"image\":{\"@id\":\"https:\\\/\\\/drasanvi.com\\\/fr\\\/#\\\/schema\\\/logo\\\/image\\\/\"}}]}<\/script>\n<!-- \/ Yoast SEO plugin. -->","yoast_head_json":{"title":"DermaGreen soluci\u00f3n oral - Drasanvi Francia","robots":{"index":"index","follow":"follow","max-snippet":"max-snippet:-1","max-image-preview":"max-image-preview:large","max-video-preview":"max-video-preview:-1"},"canonical":"https:\/\/drasanvi.com\/fr\/producto\/dermagreen-solucion-oral\/","og_locale":"fr_FR","og_type":"article","og_title":"DermaGreen soluci\u00f3n oral - Drasanvi Francia","og_description":"DermaGreen aporta nutrientes naturales que la piel necesita para mantener su equilibrio e hidrataci\u00f3n y ayudan en el proceso de muda del pelo de perros y gatos. Sus \u00e1cidos grasos bien balanceados previenen la inflamaci\u00f3n y promueven una piel saludable, as\u00ed como sus nutrientes, entre ellos a destacar el MSM (OptiMSM)\u00a0 con un 99,8% de pureza.","og_url":"https:\/\/drasanvi.com\/fr\/producto\/dermagreen-solucion-oral\/","og_site_name":"Drasanvi Francia","article_modified_time":"2022-03-10T12:15:30+00:00","og_image":[{"width":500,"height":500,"url":"https:\/\/drasanvi.com\/wp-content\/uploads\/sites\/7\/2022\/02\/dermagreen-oral.jpg","type":"image\/jpeg"}],"twitter_card":"summary_large_image","schema":{"@context":"https:\/\/schema.org","@graph":[{"@type":"WebPage","@id":"https:\/\/drasanvi.com\/fr\/producto\/dermagreen-solucion-oral\/","url":"https:\/\/drasanvi.com\/fr\/producto\/dermagreen-solucion-oral\/","name":"DermaGreen soluci\u00f3n oral - Drasanvi Francia","isPartOf":{"@id":"https:\/\/drasanvi.com\/fr\/#website"},"primaryImageOfPage":{"@id":"https:\/\/drasanvi.com\/fr\/producto\/dermagreen-solucion-oral\/#primaryimage"},"image":{"@id":"https:\/\/drasanvi.com\/fr\/producto\/dermagreen-solucion-oral\/#primaryimage"},"thumbnailUrl":"https:\/\/drasanvi.com\/fr\/wp-content\/uploads\/sites\/7\/2022\/02\/dermagreen-oral.jpg","datePublished":"2022-02-04T14:36:31+00:00","dateModified":"2022-03-10T12:15:30+00:00","breadcrumb":{"@id":"https:\/\/drasanvi.com\/fr\/producto\/dermagreen-solucion-oral\/#breadcrumb"},"inLanguage":"fr-FR","potentialAction":[{"@type":"ReadAction","target":["https:\/\/drasanvi.com\/fr\/producto\/dermagreen-solucion-oral\/"]}]},{"@type":"ImageObject","inLanguage":"fr-FR","@id":"https:\/\/drasanvi.com\/fr\/producto\/dermagreen-solucion-oral\/#primaryimage","url":"https:\/\/drasanvi.com\/fr\/wp-content\/uploads\/sites\/7\/2022\/02\/dermagreen-oral.jpg","contentUrl":"https:\/\/drasanvi.com\/fr\/wp-content\/uploads\/sites\/7\/2022\/02\/dermagreen-oral.jpg","width":500,"height":500},{"@type":"BreadcrumbList","@id":"https:\/\/drasanvi.com\/fr\/producto\/dermagreen-solucion-oral\/#breadcrumb","itemListElement":[{"@type":"ListItem","position":1,"name":"Portada","item":"https:\/\/drasanvi.com\/fr\/"},{"@type":"ListItem","position":2,"name":"Tienda","item":"https:\/\/drasanvi.com\/fr\/tienda\/"},{"@type":"ListItem","position":3,"name":"DermaGreen soluci\u00f3n oral"}]},{"@type":"WebSite","@id":"https:\/\/drasanvi.com\/fr\/#website","url":"https:\/\/drasanvi.com\/fr\/","name":"Drasanvi Francia","description":"L\u00edder en complementos alimenticios y cosm\u00e9tica natural.","publisher":{"@id":"https:\/\/drasanvi.com\/fr\/#organization"},"potentialAction":[{"@type":"SearchAction","target":{"@type":"EntryPoint","urlTemplate":"https:\/\/drasanvi.com\/fr\/?s={search_term_string}"},"query-input":{"@type":"PropertyValueSpecification","valueRequired":true,"valueName":"search_term_string"}}],"inLanguage":"fr-FR"},{"@type":"Organization","@id":"https:\/\/drasanvi.com\/fr\/#organization","name":"Drasanvi","url":"https:\/\/drasanvi.com\/fr\/","logo":{"@type":"ImageObject","inLanguage":"fr-FR","@id":"https:\/\/drasanvi.com\/fr\/#\/schema\/logo\/image\/","url":"https:\/\/drasanvi.com\/wp-content\/uploads\/sites\/7\/2021\/07\/logo-drasanvi.png","contentUrl":"https:\/\/drasanvi.com\/wp-content\/uploads\/sites\/7\/2021\/07\/logo-drasanvi.png","width":900,"height":300,"caption":"Drasanvi"},"image":{"@id":"https:\/\/drasanvi.com\/fr\/#\/schema\/logo\/image\/"}}]}},"_links":{"self":[{"href":"https:\/\/drasanvi.com\/fr\/wp-json\/wp\/v2\/product\/17534","targetHints":{"allow":["GET"]}}],"collection":[{"href":"https:\/\/drasanvi.com\/fr\/wp-json\/wp\/v2\/product"}],"about":[{"href":"https:\/\/drasanvi.com\/fr\/wp-json\/wp\/v2\/types\/product"}],"version-history":[{"count":0,"href":"https:\/\/drasanvi.com\/fr\/wp-json\/wp\/v2\/product\/17534\/revisions"}],"wp:featuredmedia":[{"embeddable":true,"href":"https:\/\/drasanvi.com\/fr\/wp-json\/wp\/v2\/media\/17536"}],"wp:attachment":[{"href":"https:\/\/drasanvi.com\/fr\/wp-json\/wp\/v2\/media?parent=17534"}],"wp:term":[{"taxonomy":"product_cat","embeddable":true,"href":"https:\/\/drasanvi.com\/fr\/wp-json\/wp\/v2\/product_cat?post=17534"},{"taxonomy":"product_tag","embeddable":true,"href":"https:\/\/drasanvi.com\/fr\/wp-json\/wp\/v2\/product_tag?post=17534"}],"curies":[{"name":"wp","href":"https:\/\/api.w.org\/{rel}","templated":true}]}}