{"id":17520,"date":"2022-02-04T16:36:31","date_gmt":"2022-02-04T14:36:31","guid":{"rendered":"https:\/\/drasanvi.com\/fr\/producto\/urogreen-cat\/"},"modified":"2022-03-10T14:15:28","modified_gmt":"2022-03-10T12:15:28","slug":"urogreen-cat","status":"publish","type":"product","link":"https:\/\/drasanvi.com\/fr\/producto\/urogreen-cat\/","title":{"rendered":"UroGreen cat"},"content":{"rendered":"<h2>\u00bfQu\u00e9 es Urogreen cat?<\/h2>\n<p>UroGreen Cat promueve un tracto urinario sano en gatos. Contiene plantas y sustancias naturales de elevada calidad para favorecer un buen estado del tracto urinario de los gatos. En su desarrollo hemos tenido en cuenta las particularidades del gato en el desarrollo de problemas urinarios y su manifestaci\u00f3n.<\/p>\n<p>UroGreen Cat facilita la diuresis al producir una orina m\u00e1s diluida (muy necesario en presencia de cristales en la orina) y previene la inflamaci\u00f3n. Contiene Passiflora, espino blanco y L-Teanina por lo que tambi\u00e9n act\u00faa sobre una de las posibles causas m\u00e1s importantes en la aparici\u00f3n de problemas urinarios en gatos como es el estr\u00e9s.<\/p>\n<p><b>Composici\u00f3n:\u00a0<\/b>Agua, Glucosamina sulfato, L-Teanina (procedente del extracto seco de t\u00e9 verde, <em>Camellia sinensis<\/em>, Extracto seco de: C\u00farcuma Cursol\u00ae (<em>Curcuma longa),<\/em>de <em>Sophora japonica<\/em> (98% quercetina), de Espino blanco (<em>Crataegus oxyacantha<\/em>),de ar\u00e1ndano rojo (<em>Vaccinium macrocarpon<\/em>), de <em>Lespedeza capitata<\/em> y de <em>Passiflora<\/em> <em>incarnata<\/em> (&gt;4% flavonoides).<\/p>\n<h2>Descripci\u00f3n de los ingredientes<\/h2>\n<ul>\n<li><strong><em>Vaccinium macrocarpon<\/em><\/strong>: el ar\u00e1ndano contiene antocian\u00f3sidos, adem\u00e1s de ser rico en Vitamina C, que act\u00faa como antioxidante. Favorece un tracto urinario est\u00e9ril.<\/li>\n<li><strong><em>Lespedeza capitata<\/em><\/strong>: planta que promueve la diuresis, adem\u00e1s de prevenir la inflamaci\u00f3n.<\/li>\n<li><strong>C\u00farcuma<\/strong>: contiene curcumina de elevada biodisponibilidad y solubilidad, que previene la inflamaci\u00f3n de forma eficaz y favorece un tracto urinario est\u00e9ril. Al ser una c\u00farcuma biodisponible, la cantidad necesaria a administrar es menor para conseguir la misma acci\u00f3n.<\/li>\n<li><strong>Quercetina<\/strong>: flavonoide con acci\u00f3n antioxidante y antiinflamatoria. Est\u00e1 presente de forma natural en varios vegetales.<\/li>\n<li><strong>Glucosamina<\/strong>: es un glicosaminoglicano que forma parte, de forma normal, de las c\u00e9lulas de la mucosa vesical, reforzando el epitelio y favoreciendo un tracto urinario sano al promover su integridad.<\/li>\n<li><strong><em>Passiflora incarnata<\/em><\/strong>: conocida com\u00fanmente como flor de la pasi\u00f3n. Se trata de una planta con virtudes ansiol\u00edticas y sedantes.<\/li>\n<li><strong><em>Crataegus monogyna oxyacantha<\/em><\/strong>: el espino blanco act\u00faa en sinergia con la pasiflora, potenciando su acci\u00f3n. Ayuda en la prevenci\u00f3n del estr\u00e9s y la ansiedad.<\/li>\n<li><strong>L-teanina<\/strong>: es un amino\u00e1cido que se encuentra, naturalmente, en el t\u00e9 verde. Promueve la relajaci\u00f3n y reducci\u00f3n del estr\u00e9s sin producir sedaci\u00f3n. Aumenta los niveles de GABA, serotonina y dopamina en el cerebro y compite con el \u00e1cido glut\u00e1mico a nivel cerebral, que es excitable.<\/li>\n<\/ul>\n<h3>Modo de administraci\u00f3n:<\/h3>\n<p>Administrar 2,5 ml por cada 5 kg de peso, una vez al d\u00eda. Consultar a un profesional veterinario para administraciones durante periodos largos de forma continuada.<\/p>\n<p><strong>Presentaci\u00f3n<\/strong>: envases de 50 ml con jeringa dosificadora.<\/p>\n","protected":false},"excerpt":{"rendered":"<p>UroGreen Cat promueve un tracto urinario sano en gatos. Contiene plantas y sustancias naturales de elevada calidad para favorecer un buen estado del tracto urinario de los gatos. En su desarrollo hemos tenido en cuenta las particularidades del gato en el desarrollo de problemas urinarios y su manifestaci\u00f3n.<\/p>\n","protected":false},"featured_media":17522,"template":"","meta":{"inline_featured_image":false},"product_cat":[1302],"product_tag":[],"class_list":["post-17520","product","type-product","status-publish","has-post-thumbnail","hentry","product_cat-dr-green"],"yoast_head":"<!-- This site is optimized with the Yoast SEO plugin v27.4 - https:\/\/yoast.com\/product\/yoast-seo-wordpress\/ -->\n<title>UroGreen cat - Drasanvi Francia<\/title>\n<meta name=\"robots\" content=\"index, follow, max-snippet:-1, max-image-preview:large, max-video-preview:-1\" \/>\n<link rel=\"canonical\" href=\"https:\/\/drasanvi.com\/fr\/producto\/urogreen-cat\/\" \/>\n<meta property=\"og:locale\" content=\"fr_FR\" \/>\n<meta property=\"og:type\" content=\"article\" \/>\n<meta property=\"og:title\" content=\"UroGreen cat - Drasanvi Francia\" \/>\n<meta property=\"og:description\" content=\"UroGreen Cat promueve un tracto urinario sano en gatos. Contiene plantas y sustancias naturales de elevada calidad para favorecer un buen estado del tracto urinario de los gatos. En su desarrollo hemos tenido en cuenta las particularidades del gato en el desarrollo de problemas urinarios y su manifestaci\u00f3n.\" \/>\n<meta property=\"og:url\" content=\"https:\/\/drasanvi.com\/fr\/producto\/urogreen-cat\/\" \/>\n<meta property=\"og:site_name\" content=\"Drasanvi Francia\" \/>\n<meta property=\"article:modified_time\" content=\"2022-03-10T12:15:28+00:00\" \/>\n<meta property=\"og:image\" content=\"https:\/\/drasanvi.com\/wp-content\/uploads\/sites\/7\/2022\/02\/urogreen-cat.jpg\" \/>\n\t<meta property=\"og:image:width\" content=\"500\" \/>\n\t<meta property=\"og:image:height\" content=\"500\" \/>\n\t<meta property=\"og:image:type\" content=\"image\/jpeg\" \/>\n<meta name=\"twitter:card\" content=\"summary_large_image\" \/>\n<script type=\"application\/ld+json\" class=\"yoast-schema-graph\">{\"@context\":\"https:\\\/\\\/schema.org\",\"@graph\":[{\"@type\":\"WebPage\",\"@id\":\"https:\\\/\\\/drasanvi.com\\\/fr\\\/producto\\\/urogreen-cat\\\/\",\"url\":\"https:\\\/\\\/drasanvi.com\\\/fr\\\/producto\\\/urogreen-cat\\\/\",\"name\":\"UroGreen cat - Drasanvi Francia\",\"isPartOf\":{\"@id\":\"https:\\\/\\\/drasanvi.com\\\/fr\\\/#website\"},\"primaryImageOfPage\":{\"@id\":\"https:\\\/\\\/drasanvi.com\\\/fr\\\/producto\\\/urogreen-cat\\\/#primaryimage\"},\"image\":{\"@id\":\"https:\\\/\\\/drasanvi.com\\\/fr\\\/producto\\\/urogreen-cat\\\/#primaryimage\"},\"thumbnailUrl\":\"https:\\\/\\\/drasanvi.com\\\/fr\\\/wp-content\\\/uploads\\\/sites\\\/7\\\/2022\\\/02\\\/urogreen-cat.jpg\",\"datePublished\":\"2022-02-04T14:36:31+00:00\",\"dateModified\":\"2022-03-10T12:15:28+00:00\",\"breadcrumb\":{\"@id\":\"https:\\\/\\\/drasanvi.com\\\/fr\\\/producto\\\/urogreen-cat\\\/#breadcrumb\"},\"inLanguage\":\"fr-FR\",\"potentialAction\":[{\"@type\":\"ReadAction\",\"target\":[\"https:\\\/\\\/drasanvi.com\\\/fr\\\/producto\\\/urogreen-cat\\\/\"]}]},{\"@type\":\"ImageObject\",\"inLanguage\":\"fr-FR\",\"@id\":\"https:\\\/\\\/drasanvi.com\\\/fr\\\/producto\\\/urogreen-cat\\\/#primaryimage\",\"url\":\"https:\\\/\\\/drasanvi.com\\\/fr\\\/wp-content\\\/uploads\\\/sites\\\/7\\\/2022\\\/02\\\/urogreen-cat.jpg\",\"contentUrl\":\"https:\\\/\\\/drasanvi.com\\\/fr\\\/wp-content\\\/uploads\\\/sites\\\/7\\\/2022\\\/02\\\/urogreen-cat.jpg\",\"width\":500,\"height\":500},{\"@type\":\"BreadcrumbList\",\"@id\":\"https:\\\/\\\/drasanvi.com\\\/fr\\\/producto\\\/urogreen-cat\\\/#breadcrumb\",\"itemListElement\":[{\"@type\":\"ListItem\",\"position\":1,\"name\":\"Portada\",\"item\":\"https:\\\/\\\/drasanvi.com\\\/fr\\\/\"},{\"@type\":\"ListItem\",\"position\":2,\"name\":\"Tienda\",\"item\":\"https:\\\/\\\/drasanvi.com\\\/fr\\\/tienda\\\/\"},{\"@type\":\"ListItem\",\"position\":3,\"name\":\"UroGreen cat\"}]},{\"@type\":\"WebSite\",\"@id\":\"https:\\\/\\\/drasanvi.com\\\/fr\\\/#website\",\"url\":\"https:\\\/\\\/drasanvi.com\\\/fr\\\/\",\"name\":\"Drasanvi Francia\",\"description\":\"L\u00edder en complementos alimenticios y cosm\u00e9tica natural.\",\"publisher\":{\"@id\":\"https:\\\/\\\/drasanvi.com\\\/fr\\\/#organization\"},\"potentialAction\":[{\"@type\":\"SearchAction\",\"target\":{\"@type\":\"EntryPoint\",\"urlTemplate\":\"https:\\\/\\\/drasanvi.com\\\/fr\\\/?s={search_term_string}\"},\"query-input\":{\"@type\":\"PropertyValueSpecification\",\"valueRequired\":true,\"valueName\":\"search_term_string\"}}],\"inLanguage\":\"fr-FR\"},{\"@type\":\"Organization\",\"@id\":\"https:\\\/\\\/drasanvi.com\\\/fr\\\/#organization\",\"name\":\"Drasanvi\",\"url\":\"https:\\\/\\\/drasanvi.com\\\/fr\\\/\",\"logo\":{\"@type\":\"ImageObject\",\"inLanguage\":\"fr-FR\",\"@id\":\"https:\\\/\\\/drasanvi.com\\\/fr\\\/#\\\/schema\\\/logo\\\/image\\\/\",\"url\":\"https:\\\/\\\/drasanvi.com\\\/wp-content\\\/uploads\\\/sites\\\/7\\\/2021\\\/07\\\/logo-drasanvi.png\",\"contentUrl\":\"https:\\\/\\\/drasanvi.com\\\/wp-content\\\/uploads\\\/sites\\\/7\\\/2021\\\/07\\\/logo-drasanvi.png\",\"width\":900,\"height\":300,\"caption\":\"Drasanvi\"},\"image\":{\"@id\":\"https:\\\/\\\/drasanvi.com\\\/fr\\\/#\\\/schema\\\/logo\\\/image\\\/\"}}]}<\/script>\n<!-- \/ Yoast SEO plugin. -->","yoast_head_json":{"title":"UroGreen cat - Drasanvi Francia","robots":{"index":"index","follow":"follow","max-snippet":"max-snippet:-1","max-image-preview":"max-image-preview:large","max-video-preview":"max-video-preview:-1"},"canonical":"https:\/\/drasanvi.com\/fr\/producto\/urogreen-cat\/","og_locale":"fr_FR","og_type":"article","og_title":"UroGreen cat - Drasanvi Francia","og_description":"UroGreen Cat promueve un tracto urinario sano en gatos. Contiene plantas y sustancias naturales de elevada calidad para favorecer un buen estado del tracto urinario de los gatos. En su desarrollo hemos tenido en cuenta las particularidades del gato en el desarrollo de problemas urinarios y su manifestaci\u00f3n.","og_url":"https:\/\/drasanvi.com\/fr\/producto\/urogreen-cat\/","og_site_name":"Drasanvi Francia","article_modified_time":"2022-03-10T12:15:28+00:00","og_image":[{"width":500,"height":500,"url":"https:\/\/drasanvi.com\/wp-content\/uploads\/sites\/7\/2022\/02\/urogreen-cat.jpg","type":"image\/jpeg"}],"twitter_card":"summary_large_image","schema":{"@context":"https:\/\/schema.org","@graph":[{"@type":"WebPage","@id":"https:\/\/drasanvi.com\/fr\/producto\/urogreen-cat\/","url":"https:\/\/drasanvi.com\/fr\/producto\/urogreen-cat\/","name":"UroGreen cat - Drasanvi Francia","isPartOf":{"@id":"https:\/\/drasanvi.com\/fr\/#website"},"primaryImageOfPage":{"@id":"https:\/\/drasanvi.com\/fr\/producto\/urogreen-cat\/#primaryimage"},"image":{"@id":"https:\/\/drasanvi.com\/fr\/producto\/urogreen-cat\/#primaryimage"},"thumbnailUrl":"https:\/\/drasanvi.com\/fr\/wp-content\/uploads\/sites\/7\/2022\/02\/urogreen-cat.jpg","datePublished":"2022-02-04T14:36:31+00:00","dateModified":"2022-03-10T12:15:28+00:00","breadcrumb":{"@id":"https:\/\/drasanvi.com\/fr\/producto\/urogreen-cat\/#breadcrumb"},"inLanguage":"fr-FR","potentialAction":[{"@type":"ReadAction","target":["https:\/\/drasanvi.com\/fr\/producto\/urogreen-cat\/"]}]},{"@type":"ImageObject","inLanguage":"fr-FR","@id":"https:\/\/drasanvi.com\/fr\/producto\/urogreen-cat\/#primaryimage","url":"https:\/\/drasanvi.com\/fr\/wp-content\/uploads\/sites\/7\/2022\/02\/urogreen-cat.jpg","contentUrl":"https:\/\/drasanvi.com\/fr\/wp-content\/uploads\/sites\/7\/2022\/02\/urogreen-cat.jpg","width":500,"height":500},{"@type":"BreadcrumbList","@id":"https:\/\/drasanvi.com\/fr\/producto\/urogreen-cat\/#breadcrumb","itemListElement":[{"@type":"ListItem","position":1,"name":"Portada","item":"https:\/\/drasanvi.com\/fr\/"},{"@type":"ListItem","position":2,"name":"Tienda","item":"https:\/\/drasanvi.com\/fr\/tienda\/"},{"@type":"ListItem","position":3,"name":"UroGreen cat"}]},{"@type":"WebSite","@id":"https:\/\/drasanvi.com\/fr\/#website","url":"https:\/\/drasanvi.com\/fr\/","name":"Drasanvi Francia","description":"L\u00edder en complementos alimenticios y cosm\u00e9tica natural.","publisher":{"@id":"https:\/\/drasanvi.com\/fr\/#organization"},"potentialAction":[{"@type":"SearchAction","target":{"@type":"EntryPoint","urlTemplate":"https:\/\/drasanvi.com\/fr\/?s={search_term_string}"},"query-input":{"@type":"PropertyValueSpecification","valueRequired":true,"valueName":"search_term_string"}}],"inLanguage":"fr-FR"},{"@type":"Organization","@id":"https:\/\/drasanvi.com\/fr\/#organization","name":"Drasanvi","url":"https:\/\/drasanvi.com\/fr\/","logo":{"@type":"ImageObject","inLanguage":"fr-FR","@id":"https:\/\/drasanvi.com\/fr\/#\/schema\/logo\/image\/","url":"https:\/\/drasanvi.com\/wp-content\/uploads\/sites\/7\/2021\/07\/logo-drasanvi.png","contentUrl":"https:\/\/drasanvi.com\/wp-content\/uploads\/sites\/7\/2021\/07\/logo-drasanvi.png","width":900,"height":300,"caption":"Drasanvi"},"image":{"@id":"https:\/\/drasanvi.com\/fr\/#\/schema\/logo\/image\/"}}]}},"_links":{"self":[{"href":"https:\/\/drasanvi.com\/fr\/wp-json\/wp\/v2\/product\/17520","targetHints":{"allow":["GET"]}}],"collection":[{"href":"https:\/\/drasanvi.com\/fr\/wp-json\/wp\/v2\/product"}],"about":[{"href":"https:\/\/drasanvi.com\/fr\/wp-json\/wp\/v2\/types\/product"}],"version-history":[{"count":0,"href":"https:\/\/drasanvi.com\/fr\/wp-json\/wp\/v2\/product\/17520\/revisions"}],"wp:featuredmedia":[{"embeddable":true,"href":"https:\/\/drasanvi.com\/fr\/wp-json\/wp\/v2\/media\/17522"}],"wp:attachment":[{"href":"https:\/\/drasanvi.com\/fr\/wp-json\/wp\/v2\/media?parent=17520"}],"wp:term":[{"taxonomy":"product_cat","embeddable":true,"href":"https:\/\/drasanvi.com\/fr\/wp-json\/wp\/v2\/product_cat?post=17520"},{"taxonomy":"product_tag","embeddable":true,"href":"https:\/\/drasanvi.com\/fr\/wp-json\/wp\/v2\/product_tag?post=17520"}],"curies":[{"name":"wp","href":"https:\/\/api.w.org\/{rel}","templated":true}]}}