{"id":17517,"date":"2022-02-04T16:36:31","date_gmt":"2022-02-04T14:36:31","guid":{"rendered":"https:\/\/drasanvi.com\/fr\/producto\/urogreen\/"},"modified":"2022-03-10T14:15:28","modified_gmt":"2022-03-10T12:15:28","slug":"urogreen","status":"publish","type":"product","link":"https:\/\/drasanvi.com\/fr\/producto\/urogreen\/","title":{"rendered":"UroGreen"},"content":{"rendered":"<h2>\u00bfQu\u00e9 es UroGreen?<\/h2>\n<p>UroGreen promueve un tracto urinario sano en perros, favoreciendo la diuresis y previniendo la inflamaci\u00f3n.<\/p>\n<p>Dentro de sus ingredientes se encuentran varios antiinflamatorios naturales y podemos destacar la Ashwagandha, planta utilizada com\u00fanmente en la Ayurveda y conocida como ginseng indio, cuyos flavonoides\u00a0 y whitan\u00f3lidos protegen de la inflaci\u00f3n e infecci\u00f3n del tracto urinario.<\/p>\n<p><b>Composici\u00f3n:\u00a0 <\/b>Glucosamina HCL, Extracto seco de: Ar\u00e1ndano rojo (<em>Vaccinium macrocarpon<\/em>),\u00a0 de Ortiga verde (<em>Urtica dioica<\/em>), de rizoma de C\u00farcuma Cursol\u00ae (<em>Curcuma longa<\/em>) y de ra\u00edz de Ashwagandha (2,5% <em>Withania somnifera<\/em>), Papa\u00edna 6000 USP.<\/p>\n<h2>Descripci\u00f3n de los ingredientes<\/h2>\n<ul>\n<li><strong>Vaccinium macrocarpon<\/strong>: el ar\u00e1ndano rojo contiene antocian\u00f3sidos, adem\u00e1s de ser rico en Vitamina C, que act\u00faa como antioxidante. Previene las infecciones urinarias de forma eficaz.<\/li>\n<li><strong>Urtica dioica<\/strong>: planta que ayuda en la eliminaci\u00f3n de l\u00edquidos, sin perder electrolitos, y conduce a una orina m\u00e1s diluida.<\/li>\n<li><strong>C\u00farcuma<\/strong>: contiene curcumina de elevada solubilidad y biodisponibilidad, por lo que previene la inflamaci\u00f3n y favorece un tracto urinario est\u00e9ril m\u00e1s eficazmente. Al ser una c\u00farcuma biodisponible, la cantidad necesaria a administrar es menor para conseguir la misma acci\u00f3n.<\/li>\n<li><strong>Papa\u00edna<\/strong>: apoya a la ortiga en la diuresis y previene la inflamaci\u00f3n de los tejidos.<\/li>\n<li><strong>Glucosamina<\/strong>: es un glicosaminoglicano que, de forma normal, se encuentra en las c\u00e9lulas de la mucosa vesical. Refuerza el epitelio y favorece un tracto urinario sano al promover su integridad y el buen estado del mismo.<\/li>\n<li><strong>Ashwagandha<\/strong>: planta utilizada en la medicina ayurv\u00e9dica y conocida como ginseng indio, con muchas propiedades. Entre ellas, una protectora del tracto urinario y preventiva de infecciones urinarias<\/li>\n<\/ul>\n<h3>Modo de administraci\u00f3n:<\/h3>\n<p>Administrar 1 comprimido por cada 10Kg de peso una vez al d\u00eda, preferiblemente sin alimento y\/o separado al menos 2 horas de la raci\u00f3n para una mejor asimilaci\u00f3n. Consultar a un profesional veterinario para administraciones durante periodos largos de forma continuada.<\/p>\n<p><strong>Presentaci\u00f3n<\/strong>: envases de 48 comprimidos.<\/p>\n","protected":false},"excerpt":{"rendered":"<p>UroGreen promueve un tracto urinario sano en perros, favoreciendo la diuresis y previniendo la inflamaci\u00f3n.<\/p>\n","protected":false},"featured_media":17519,"template":"","meta":{"inline_featured_image":false},"product_cat":[1302],"product_tag":[],"class_list":["post-17517","product","type-product","status-publish","has-post-thumbnail","hentry","product_cat-dr-green"],"yoast_head":"<!-- This site is optimized with the Yoast SEO plugin v27.5 - https:\/\/yoast.com\/product\/yoast-seo-wordpress\/ -->\n<title>UroGreen - Drasanvi Francia<\/title>\n<meta name=\"robots\" content=\"index, follow, max-snippet:-1, max-image-preview:large, max-video-preview:-1\" \/>\n<link rel=\"canonical\" href=\"https:\/\/drasanvi.com\/fr\/producto\/urogreen\/\" \/>\n<meta property=\"og:locale\" content=\"fr_FR\" \/>\n<meta property=\"og:type\" content=\"article\" \/>\n<meta property=\"og:title\" content=\"UroGreen - Drasanvi Francia\" \/>\n<meta property=\"og:description\" content=\"UroGreen promueve un tracto urinario sano en perros, favoreciendo la diuresis y previniendo la inflamaci\u00f3n.\" \/>\n<meta property=\"og:url\" content=\"https:\/\/drasanvi.com\/fr\/producto\/urogreen\/\" \/>\n<meta property=\"og:site_name\" content=\"Drasanvi Francia\" \/>\n<meta property=\"article:modified_time\" content=\"2022-03-10T12:15:28+00:00\" \/>\n<meta property=\"og:image\" content=\"https:\/\/drasanvi.com\/wp-content\/uploads\/sites\/7\/2022\/02\/urogreen.jpg\" \/>\n\t<meta property=\"og:image:width\" content=\"500\" \/>\n\t<meta property=\"og:image:height\" content=\"500\" \/>\n\t<meta property=\"og:image:type\" content=\"image\/jpeg\" \/>\n<meta name=\"twitter:card\" content=\"summary_large_image\" \/>\n<script type=\"application\/ld+json\" class=\"yoast-schema-graph\">{\"@context\":\"https:\\\/\\\/schema.org\",\"@graph\":[{\"@type\":\"WebPage\",\"@id\":\"https:\\\/\\\/drasanvi.com\\\/fr\\\/producto\\\/urogreen\\\/\",\"url\":\"https:\\\/\\\/drasanvi.com\\\/fr\\\/producto\\\/urogreen\\\/\",\"name\":\"UroGreen - Drasanvi Francia\",\"isPartOf\":{\"@id\":\"https:\\\/\\\/drasanvi.com\\\/fr\\\/#website\"},\"primaryImageOfPage\":{\"@id\":\"https:\\\/\\\/drasanvi.com\\\/fr\\\/producto\\\/urogreen\\\/#primaryimage\"},\"image\":{\"@id\":\"https:\\\/\\\/drasanvi.com\\\/fr\\\/producto\\\/urogreen\\\/#primaryimage\"},\"thumbnailUrl\":\"https:\\\/\\\/drasanvi.com\\\/fr\\\/wp-content\\\/uploads\\\/sites\\\/7\\\/2022\\\/02\\\/urogreen.jpg\",\"datePublished\":\"2022-02-04T14:36:31+00:00\",\"dateModified\":\"2022-03-10T12:15:28+00:00\",\"breadcrumb\":{\"@id\":\"https:\\\/\\\/drasanvi.com\\\/fr\\\/producto\\\/urogreen\\\/#breadcrumb\"},\"inLanguage\":\"fr-FR\",\"potentialAction\":[{\"@type\":\"ReadAction\",\"target\":[\"https:\\\/\\\/drasanvi.com\\\/fr\\\/producto\\\/urogreen\\\/\"]}]},{\"@type\":\"ImageObject\",\"inLanguage\":\"fr-FR\",\"@id\":\"https:\\\/\\\/drasanvi.com\\\/fr\\\/producto\\\/urogreen\\\/#primaryimage\",\"url\":\"https:\\\/\\\/drasanvi.com\\\/fr\\\/wp-content\\\/uploads\\\/sites\\\/7\\\/2022\\\/02\\\/urogreen.jpg\",\"contentUrl\":\"https:\\\/\\\/drasanvi.com\\\/fr\\\/wp-content\\\/uploads\\\/sites\\\/7\\\/2022\\\/02\\\/urogreen.jpg\",\"width\":500,\"height\":500},{\"@type\":\"BreadcrumbList\",\"@id\":\"https:\\\/\\\/drasanvi.com\\\/fr\\\/producto\\\/urogreen\\\/#breadcrumb\",\"itemListElement\":[{\"@type\":\"ListItem\",\"position\":1,\"name\":\"Portada\",\"item\":\"https:\\\/\\\/drasanvi.com\\\/fr\\\/\"},{\"@type\":\"ListItem\",\"position\":2,\"name\":\"Tienda\",\"item\":\"https:\\\/\\\/drasanvi.com\\\/fr\\\/tienda\\\/\"},{\"@type\":\"ListItem\",\"position\":3,\"name\":\"UroGreen\"}]},{\"@type\":\"WebSite\",\"@id\":\"https:\\\/\\\/drasanvi.com\\\/fr\\\/#website\",\"url\":\"https:\\\/\\\/drasanvi.com\\\/fr\\\/\",\"name\":\"Drasanvi Francia\",\"description\":\"L\u00edder en complementos alimenticios y cosm\u00e9tica natural.\",\"publisher\":{\"@id\":\"https:\\\/\\\/drasanvi.com\\\/fr\\\/#organization\"},\"potentialAction\":[{\"@type\":\"SearchAction\",\"target\":{\"@type\":\"EntryPoint\",\"urlTemplate\":\"https:\\\/\\\/drasanvi.com\\\/fr\\\/?s={search_term_string}\"},\"query-input\":{\"@type\":\"PropertyValueSpecification\",\"valueRequired\":true,\"valueName\":\"search_term_string\"}}],\"inLanguage\":\"fr-FR\"},{\"@type\":\"Organization\",\"@id\":\"https:\\\/\\\/drasanvi.com\\\/fr\\\/#organization\",\"name\":\"Drasanvi\",\"url\":\"https:\\\/\\\/drasanvi.com\\\/fr\\\/\",\"logo\":{\"@type\":\"ImageObject\",\"inLanguage\":\"fr-FR\",\"@id\":\"https:\\\/\\\/drasanvi.com\\\/fr\\\/#\\\/schema\\\/logo\\\/image\\\/\",\"url\":\"https:\\\/\\\/drasanvi.com\\\/wp-content\\\/uploads\\\/sites\\\/7\\\/2021\\\/07\\\/logo-drasanvi.png\",\"contentUrl\":\"https:\\\/\\\/drasanvi.com\\\/wp-content\\\/uploads\\\/sites\\\/7\\\/2021\\\/07\\\/logo-drasanvi.png\",\"width\":900,\"height\":300,\"caption\":\"Drasanvi\"},\"image\":{\"@id\":\"https:\\\/\\\/drasanvi.com\\\/fr\\\/#\\\/schema\\\/logo\\\/image\\\/\"}}]}<\/script>\n<!-- \/ Yoast SEO plugin. -->","yoast_head_json":{"title":"UroGreen - Drasanvi Francia","robots":{"index":"index","follow":"follow","max-snippet":"max-snippet:-1","max-image-preview":"max-image-preview:large","max-video-preview":"max-video-preview:-1"},"canonical":"https:\/\/drasanvi.com\/fr\/producto\/urogreen\/","og_locale":"fr_FR","og_type":"article","og_title":"UroGreen - Drasanvi Francia","og_description":"UroGreen promueve un tracto urinario sano en perros, favoreciendo la diuresis y previniendo la inflamaci\u00f3n.","og_url":"https:\/\/drasanvi.com\/fr\/producto\/urogreen\/","og_site_name":"Drasanvi Francia","article_modified_time":"2022-03-10T12:15:28+00:00","og_image":[{"width":500,"height":500,"url":"https:\/\/drasanvi.com\/wp-content\/uploads\/sites\/7\/2022\/02\/urogreen.jpg","type":"image\/jpeg"}],"twitter_card":"summary_large_image","schema":{"@context":"https:\/\/schema.org","@graph":[{"@type":"WebPage","@id":"https:\/\/drasanvi.com\/fr\/producto\/urogreen\/","url":"https:\/\/drasanvi.com\/fr\/producto\/urogreen\/","name":"UroGreen - Drasanvi Francia","isPartOf":{"@id":"https:\/\/drasanvi.com\/fr\/#website"},"primaryImageOfPage":{"@id":"https:\/\/drasanvi.com\/fr\/producto\/urogreen\/#primaryimage"},"image":{"@id":"https:\/\/drasanvi.com\/fr\/producto\/urogreen\/#primaryimage"},"thumbnailUrl":"https:\/\/drasanvi.com\/fr\/wp-content\/uploads\/sites\/7\/2022\/02\/urogreen.jpg","datePublished":"2022-02-04T14:36:31+00:00","dateModified":"2022-03-10T12:15:28+00:00","breadcrumb":{"@id":"https:\/\/drasanvi.com\/fr\/producto\/urogreen\/#breadcrumb"},"inLanguage":"fr-FR","potentialAction":[{"@type":"ReadAction","target":["https:\/\/drasanvi.com\/fr\/producto\/urogreen\/"]}]},{"@type":"ImageObject","inLanguage":"fr-FR","@id":"https:\/\/drasanvi.com\/fr\/producto\/urogreen\/#primaryimage","url":"https:\/\/drasanvi.com\/fr\/wp-content\/uploads\/sites\/7\/2022\/02\/urogreen.jpg","contentUrl":"https:\/\/drasanvi.com\/fr\/wp-content\/uploads\/sites\/7\/2022\/02\/urogreen.jpg","width":500,"height":500},{"@type":"BreadcrumbList","@id":"https:\/\/drasanvi.com\/fr\/producto\/urogreen\/#breadcrumb","itemListElement":[{"@type":"ListItem","position":1,"name":"Portada","item":"https:\/\/drasanvi.com\/fr\/"},{"@type":"ListItem","position":2,"name":"Tienda","item":"https:\/\/drasanvi.com\/fr\/tienda\/"},{"@type":"ListItem","position":3,"name":"UroGreen"}]},{"@type":"WebSite","@id":"https:\/\/drasanvi.com\/fr\/#website","url":"https:\/\/drasanvi.com\/fr\/","name":"Drasanvi Francia","description":"L\u00edder en complementos alimenticios y cosm\u00e9tica natural.","publisher":{"@id":"https:\/\/drasanvi.com\/fr\/#organization"},"potentialAction":[{"@type":"SearchAction","target":{"@type":"EntryPoint","urlTemplate":"https:\/\/drasanvi.com\/fr\/?s={search_term_string}"},"query-input":{"@type":"PropertyValueSpecification","valueRequired":true,"valueName":"search_term_string"}}],"inLanguage":"fr-FR"},{"@type":"Organization","@id":"https:\/\/drasanvi.com\/fr\/#organization","name":"Drasanvi","url":"https:\/\/drasanvi.com\/fr\/","logo":{"@type":"ImageObject","inLanguage":"fr-FR","@id":"https:\/\/drasanvi.com\/fr\/#\/schema\/logo\/image\/","url":"https:\/\/drasanvi.com\/wp-content\/uploads\/sites\/7\/2021\/07\/logo-drasanvi.png","contentUrl":"https:\/\/drasanvi.com\/wp-content\/uploads\/sites\/7\/2021\/07\/logo-drasanvi.png","width":900,"height":300,"caption":"Drasanvi"},"image":{"@id":"https:\/\/drasanvi.com\/fr\/#\/schema\/logo\/image\/"}}]}},"_links":{"self":[{"href":"https:\/\/drasanvi.com\/fr\/wp-json\/wp\/v2\/product\/17517","targetHints":{"allow":["GET"]}}],"collection":[{"href":"https:\/\/drasanvi.com\/fr\/wp-json\/wp\/v2\/product"}],"about":[{"href":"https:\/\/drasanvi.com\/fr\/wp-json\/wp\/v2\/types\/product"}],"version-history":[{"count":0,"href":"https:\/\/drasanvi.com\/fr\/wp-json\/wp\/v2\/product\/17517\/revisions"}],"wp:featuredmedia":[{"embeddable":true,"href":"https:\/\/drasanvi.com\/fr\/wp-json\/wp\/v2\/media\/17519"}],"wp:attachment":[{"href":"https:\/\/drasanvi.com\/fr\/wp-json\/wp\/v2\/media?parent=17517"}],"wp:term":[{"taxonomy":"product_cat","embeddable":true,"href":"https:\/\/drasanvi.com\/fr\/wp-json\/wp\/v2\/product_cat?post=17517"},{"taxonomy":"product_tag","embeddable":true,"href":"https:\/\/drasanvi.com\/fr\/wp-json\/wp\/v2\/product_tag?post=17517"}],"curies":[{"name":"wp","href":"https:\/\/api.w.org\/{rel}","templated":true}]}}