{"id":17508,"date":"2022-02-04T16:36:31","date_gmt":"2022-02-04T14:36:31","guid":{"rendered":"https:\/\/drasanvi.com\/fr\/producto\/movilgreen-plus\/"},"modified":"2022-03-10T14:15:27","modified_gmt":"2022-03-10T12:15:27","slug":"movilgreen-plus","status":"publish","type":"product","link":"https:\/\/drasanvi.com\/fr\/producto\/movilgreen-plus\/","title":{"rendered":"MovilGreen plus"},"content":{"rendered":"<h2>\u00bfQu\u00e9 es Movilgreen plus?<\/h2>\n<p>En la l\u00ednea de MovilGreen, pero como su nombre indica con un Plus en su contenido para evitar el dolor y la inflamaci\u00f3n en perros con mayores necesidades de cuidado a nivel articular.<\/p>\n<p>Est\u00e1 reforzado con plantas y extractos naturales con acci\u00f3n antiinflamatoria y contiene col\u00e1geno hidrolizado Tipo II, el mismo presente en el cart\u00edlago articular y de f\u00e1cil asimilaci\u00f3n por el organismo. Esta combinaci\u00f3n de ingredientes disminuye la inflamaci\u00f3n y el dolor a la vez que frena la progresi\u00f3n de la degeneraci\u00f3n del cart\u00edlago.<\/p>\n<p>Favorece el movimiento articular normal y facilita la actividad f\u00edsica en perros con problemas articulares.<\/p>\n<p><strong>COMPOSICI\u00d3N:\u00a0<\/strong>Glucosamina HCL, Sulfato de condroitina, extracto seco de Boswellia <em>(Boswellia serrata<\/em>), extracto seco de rizoma de C\u00farcuma Cursol\u00ae (<em>Curcuma<\/em> <em>longa L.), <\/em>extracto seco de Harpagofito<em> (Harpagophytum procumbens)<\/em>, Vitamina C (\u00e1cido asc\u00f3rbico), Vitamina E (alfatocoferol), Col\u00e1geno tipo II, \u00c1cido hialur\u00f3nico, Sulfato de Manganeso, Sulfato de Zinc, Selenito s\u00f3dico.<\/p>\n<h2>Descripci\u00f3n de los ingredientes<\/h2>\n<ul>\n<li><strong>Glicosaminoglicanos<\/strong>: Sulfato de condroitina y glucosamina. Son constituyentes del cart\u00edlago articular de forma natural, de esa forma, contribuyen al mantenimiento del mismo en condiciones saludables.<\/li>\n<li><strong>Col\u00e1geno tipo II<\/strong>: favorece la correcta movilidad de las articulaciones. Al tratarse de un col\u00e1geno tipo II, que es el propio del cart\u00edlago articular, el organismo lo reconoce y es m\u00e1s efectivo en su funci\u00f3n de mantenimiento de dicho cart\u00edlago, aumentando su aprovechamiento. Adem\u00e1s, se encuentra hidrolizado, por lo que su absorci\u00f3n y biodisponibilidad es mayor.<\/li>\n<li><strong>\u00c1cido hialur\u00f3nico<\/strong>: junto con los glicosaminoglicanos, forma parte del cart\u00edlago articular, por lo que ayuda en la conservaci\u00f3n del mismo y en su buen estado.<\/li>\n<li><strong>Harpagofito<\/strong>: se trata de una planta que previene el dolor y la inflamaci\u00f3n, por lo que favorece el bienestar articular.<\/li>\n<li><strong>C\u00farcuma<\/strong>: de elevada biodisponibilidad y calidad para que aumente su eficacia y acci\u00f3n sobre el tejido. Previene la inflamaci\u00f3n.<\/li>\n<li><strong>Boswellia<\/strong>: se trata de un \u00e1rbol de cuya resina se obtienen sustancias, los \u00e1cidos bosw\u00e9llicos, que previenen la inflamaci\u00f3n y favorecen la salud y resistencia articular, apoyando la acci\u00f3n de la c\u00farcuma con su asociaci\u00f3n.<\/li>\n<li><strong>Vitaminas C y E<\/strong>: como antioxidantes.<\/li>\n<li><strong>Manganeso, Selenio y Zinc<\/strong>: el Manganeso y el Selenio act\u00faan junto con las vitaminas como antioxidantes. El Zinc favorece el buen mantenimiento y regeneraci\u00f3n de los tejidos, as\u00ed como el metabolismo celular y la formaci\u00f3n de col\u00e1geno.<\/li>\n<\/ul>\n<h3>Modo de administraci\u00f3n:<\/h3>\n<p>Administrar 1 comprimido por cada 20 kg de peso, una vez al d\u00eda. Dosis inicial de tratamiento durante 40 d\u00edas, 2 o 3 veces al a\u00f1o. En mantenimiento, administrar la mitad de cantidad tras la pauta inicial o utilizar Movilgreen. Consultar con un profesional veterinario para administraciones m\u00e1s largas a las indicadas.<\/p>\n<p><strong>Presentaci\u00f3n<\/strong>: cajas de 60 comprimidos en bl\u00edster.<\/p>\n","protected":false},"excerpt":{"rendered":"<p>En la l\u00ednea de MovilGreen, pero como su nombre indica con un Plus en su contenido para evitar el dolor y la inflamaci\u00f3n en perros con mayores necesidades de cuidado a nivel articular.<\/p>\n","protected":false},"featured_media":17510,"template":"","meta":{"inline_featured_image":false},"product_cat":[1302],"product_tag":[],"class_list":["post-17508","product","type-product","status-publish","has-post-thumbnail","hentry","product_cat-dr-green"],"yoast_head":"<!-- This site is optimized with the Yoast SEO plugin v27.5 - https:\/\/yoast.com\/product\/yoast-seo-wordpress\/ -->\n<title>MovilGreen plus - Drasanvi Francia<\/title>\n<meta name=\"robots\" content=\"index, follow, max-snippet:-1, max-image-preview:large, max-video-preview:-1\" \/>\n<link rel=\"canonical\" href=\"https:\/\/drasanvi.com\/fr\/producto\/movilgreen-plus\/\" \/>\n<meta property=\"og:locale\" content=\"fr_FR\" \/>\n<meta property=\"og:type\" content=\"article\" \/>\n<meta property=\"og:title\" content=\"MovilGreen plus - Drasanvi Francia\" \/>\n<meta property=\"og:description\" content=\"En la l\u00ednea de MovilGreen, pero como su nombre indica con un Plus en su contenido para evitar el dolor y la inflamaci\u00f3n en perros con mayores necesidades de cuidado a nivel articular.\" \/>\n<meta property=\"og:url\" content=\"https:\/\/drasanvi.com\/fr\/producto\/movilgreen-plus\/\" \/>\n<meta property=\"og:site_name\" content=\"Drasanvi Francia\" \/>\n<meta property=\"article:modified_time\" content=\"2022-03-10T12:15:27+00:00\" \/>\n<meta property=\"og:image\" content=\"https:\/\/drasanvi.com\/wp-content\/uploads\/sites\/7\/2022\/02\/movilgreen-plus.jpg\" \/>\n\t<meta property=\"og:image:width\" content=\"500\" \/>\n\t<meta property=\"og:image:height\" content=\"500\" \/>\n\t<meta property=\"og:image:type\" content=\"image\/jpeg\" \/>\n<meta name=\"twitter:card\" content=\"summary_large_image\" \/>\n<script type=\"application\/ld+json\" class=\"yoast-schema-graph\">{\"@context\":\"https:\\\/\\\/schema.org\",\"@graph\":[{\"@type\":\"WebPage\",\"@id\":\"https:\\\/\\\/drasanvi.com\\\/fr\\\/producto\\\/movilgreen-plus\\\/\",\"url\":\"https:\\\/\\\/drasanvi.com\\\/fr\\\/producto\\\/movilgreen-plus\\\/\",\"name\":\"MovilGreen plus - Drasanvi Francia\",\"isPartOf\":{\"@id\":\"https:\\\/\\\/drasanvi.com\\\/fr\\\/#website\"},\"primaryImageOfPage\":{\"@id\":\"https:\\\/\\\/drasanvi.com\\\/fr\\\/producto\\\/movilgreen-plus\\\/#primaryimage\"},\"image\":{\"@id\":\"https:\\\/\\\/drasanvi.com\\\/fr\\\/producto\\\/movilgreen-plus\\\/#primaryimage\"},\"thumbnailUrl\":\"https:\\\/\\\/drasanvi.com\\\/fr\\\/wp-content\\\/uploads\\\/sites\\\/7\\\/2022\\\/02\\\/movilgreen-plus.jpg\",\"datePublished\":\"2022-02-04T14:36:31+00:00\",\"dateModified\":\"2022-03-10T12:15:27+00:00\",\"breadcrumb\":{\"@id\":\"https:\\\/\\\/drasanvi.com\\\/fr\\\/producto\\\/movilgreen-plus\\\/#breadcrumb\"},\"inLanguage\":\"fr-FR\",\"potentialAction\":[{\"@type\":\"ReadAction\",\"target\":[\"https:\\\/\\\/drasanvi.com\\\/fr\\\/producto\\\/movilgreen-plus\\\/\"]}]},{\"@type\":\"ImageObject\",\"inLanguage\":\"fr-FR\",\"@id\":\"https:\\\/\\\/drasanvi.com\\\/fr\\\/producto\\\/movilgreen-plus\\\/#primaryimage\",\"url\":\"https:\\\/\\\/drasanvi.com\\\/fr\\\/wp-content\\\/uploads\\\/sites\\\/7\\\/2022\\\/02\\\/movilgreen-plus.jpg\",\"contentUrl\":\"https:\\\/\\\/drasanvi.com\\\/fr\\\/wp-content\\\/uploads\\\/sites\\\/7\\\/2022\\\/02\\\/movilgreen-plus.jpg\",\"width\":500,\"height\":500},{\"@type\":\"BreadcrumbList\",\"@id\":\"https:\\\/\\\/drasanvi.com\\\/fr\\\/producto\\\/movilgreen-plus\\\/#breadcrumb\",\"itemListElement\":[{\"@type\":\"ListItem\",\"position\":1,\"name\":\"Portada\",\"item\":\"https:\\\/\\\/drasanvi.com\\\/fr\\\/\"},{\"@type\":\"ListItem\",\"position\":2,\"name\":\"Tienda\",\"item\":\"https:\\\/\\\/drasanvi.com\\\/fr\\\/tienda\\\/\"},{\"@type\":\"ListItem\",\"position\":3,\"name\":\"MovilGreen plus\"}]},{\"@type\":\"WebSite\",\"@id\":\"https:\\\/\\\/drasanvi.com\\\/fr\\\/#website\",\"url\":\"https:\\\/\\\/drasanvi.com\\\/fr\\\/\",\"name\":\"Drasanvi Francia\",\"description\":\"L\u00edder en complementos alimenticios y cosm\u00e9tica natural.\",\"publisher\":{\"@id\":\"https:\\\/\\\/drasanvi.com\\\/fr\\\/#organization\"},\"potentialAction\":[{\"@type\":\"SearchAction\",\"target\":{\"@type\":\"EntryPoint\",\"urlTemplate\":\"https:\\\/\\\/drasanvi.com\\\/fr\\\/?s={search_term_string}\"},\"query-input\":{\"@type\":\"PropertyValueSpecification\",\"valueRequired\":true,\"valueName\":\"search_term_string\"}}],\"inLanguage\":\"fr-FR\"},{\"@type\":\"Organization\",\"@id\":\"https:\\\/\\\/drasanvi.com\\\/fr\\\/#organization\",\"name\":\"Drasanvi\",\"url\":\"https:\\\/\\\/drasanvi.com\\\/fr\\\/\",\"logo\":{\"@type\":\"ImageObject\",\"inLanguage\":\"fr-FR\",\"@id\":\"https:\\\/\\\/drasanvi.com\\\/fr\\\/#\\\/schema\\\/logo\\\/image\\\/\",\"url\":\"https:\\\/\\\/drasanvi.com\\\/wp-content\\\/uploads\\\/sites\\\/7\\\/2021\\\/07\\\/logo-drasanvi.png\",\"contentUrl\":\"https:\\\/\\\/drasanvi.com\\\/wp-content\\\/uploads\\\/sites\\\/7\\\/2021\\\/07\\\/logo-drasanvi.png\",\"width\":900,\"height\":300,\"caption\":\"Drasanvi\"},\"image\":{\"@id\":\"https:\\\/\\\/drasanvi.com\\\/fr\\\/#\\\/schema\\\/logo\\\/image\\\/\"}}]}<\/script>\n<!-- \/ Yoast SEO plugin. -->","yoast_head_json":{"title":"MovilGreen plus - Drasanvi Francia","robots":{"index":"index","follow":"follow","max-snippet":"max-snippet:-1","max-image-preview":"max-image-preview:large","max-video-preview":"max-video-preview:-1"},"canonical":"https:\/\/drasanvi.com\/fr\/producto\/movilgreen-plus\/","og_locale":"fr_FR","og_type":"article","og_title":"MovilGreen plus - Drasanvi Francia","og_description":"En la l\u00ednea de MovilGreen, pero como su nombre indica con un Plus en su contenido para evitar el dolor y la inflamaci\u00f3n en perros con mayores necesidades de cuidado a nivel articular.","og_url":"https:\/\/drasanvi.com\/fr\/producto\/movilgreen-plus\/","og_site_name":"Drasanvi Francia","article_modified_time":"2022-03-10T12:15:27+00:00","og_image":[{"width":500,"height":500,"url":"https:\/\/drasanvi.com\/wp-content\/uploads\/sites\/7\/2022\/02\/movilgreen-plus.jpg","type":"image\/jpeg"}],"twitter_card":"summary_large_image","schema":{"@context":"https:\/\/schema.org","@graph":[{"@type":"WebPage","@id":"https:\/\/drasanvi.com\/fr\/producto\/movilgreen-plus\/","url":"https:\/\/drasanvi.com\/fr\/producto\/movilgreen-plus\/","name":"MovilGreen plus - Drasanvi Francia","isPartOf":{"@id":"https:\/\/drasanvi.com\/fr\/#website"},"primaryImageOfPage":{"@id":"https:\/\/drasanvi.com\/fr\/producto\/movilgreen-plus\/#primaryimage"},"image":{"@id":"https:\/\/drasanvi.com\/fr\/producto\/movilgreen-plus\/#primaryimage"},"thumbnailUrl":"https:\/\/drasanvi.com\/fr\/wp-content\/uploads\/sites\/7\/2022\/02\/movilgreen-plus.jpg","datePublished":"2022-02-04T14:36:31+00:00","dateModified":"2022-03-10T12:15:27+00:00","breadcrumb":{"@id":"https:\/\/drasanvi.com\/fr\/producto\/movilgreen-plus\/#breadcrumb"},"inLanguage":"fr-FR","potentialAction":[{"@type":"ReadAction","target":["https:\/\/drasanvi.com\/fr\/producto\/movilgreen-plus\/"]}]},{"@type":"ImageObject","inLanguage":"fr-FR","@id":"https:\/\/drasanvi.com\/fr\/producto\/movilgreen-plus\/#primaryimage","url":"https:\/\/drasanvi.com\/fr\/wp-content\/uploads\/sites\/7\/2022\/02\/movilgreen-plus.jpg","contentUrl":"https:\/\/drasanvi.com\/fr\/wp-content\/uploads\/sites\/7\/2022\/02\/movilgreen-plus.jpg","width":500,"height":500},{"@type":"BreadcrumbList","@id":"https:\/\/drasanvi.com\/fr\/producto\/movilgreen-plus\/#breadcrumb","itemListElement":[{"@type":"ListItem","position":1,"name":"Portada","item":"https:\/\/drasanvi.com\/fr\/"},{"@type":"ListItem","position":2,"name":"Tienda","item":"https:\/\/drasanvi.com\/fr\/tienda\/"},{"@type":"ListItem","position":3,"name":"MovilGreen plus"}]},{"@type":"WebSite","@id":"https:\/\/drasanvi.com\/fr\/#website","url":"https:\/\/drasanvi.com\/fr\/","name":"Drasanvi Francia","description":"L\u00edder en complementos alimenticios y cosm\u00e9tica natural.","publisher":{"@id":"https:\/\/drasanvi.com\/fr\/#organization"},"potentialAction":[{"@type":"SearchAction","target":{"@type":"EntryPoint","urlTemplate":"https:\/\/drasanvi.com\/fr\/?s={search_term_string}"},"query-input":{"@type":"PropertyValueSpecification","valueRequired":true,"valueName":"search_term_string"}}],"inLanguage":"fr-FR"},{"@type":"Organization","@id":"https:\/\/drasanvi.com\/fr\/#organization","name":"Drasanvi","url":"https:\/\/drasanvi.com\/fr\/","logo":{"@type":"ImageObject","inLanguage":"fr-FR","@id":"https:\/\/drasanvi.com\/fr\/#\/schema\/logo\/image\/","url":"https:\/\/drasanvi.com\/wp-content\/uploads\/sites\/7\/2021\/07\/logo-drasanvi.png","contentUrl":"https:\/\/drasanvi.com\/wp-content\/uploads\/sites\/7\/2021\/07\/logo-drasanvi.png","width":900,"height":300,"caption":"Drasanvi"},"image":{"@id":"https:\/\/drasanvi.com\/fr\/#\/schema\/logo\/image\/"}}]}},"_links":{"self":[{"href":"https:\/\/drasanvi.com\/fr\/wp-json\/wp\/v2\/product\/17508","targetHints":{"allow":["GET"]}}],"collection":[{"href":"https:\/\/drasanvi.com\/fr\/wp-json\/wp\/v2\/product"}],"about":[{"href":"https:\/\/drasanvi.com\/fr\/wp-json\/wp\/v2\/types\/product"}],"version-history":[{"count":0,"href":"https:\/\/drasanvi.com\/fr\/wp-json\/wp\/v2\/product\/17508\/revisions"}],"wp:featuredmedia":[{"embeddable":true,"href":"https:\/\/drasanvi.com\/fr\/wp-json\/wp\/v2\/media\/17510"}],"wp:attachment":[{"href":"https:\/\/drasanvi.com\/fr\/wp-json\/wp\/v2\/media?parent=17508"}],"wp:term":[{"taxonomy":"product_cat","embeddable":true,"href":"https:\/\/drasanvi.com\/fr\/wp-json\/wp\/v2\/product_cat?post=17508"},{"taxonomy":"product_tag","embeddable":true,"href":"https:\/\/drasanvi.com\/fr\/wp-json\/wp\/v2\/product_tag?post=17508"}],"curies":[{"name":"wp","href":"https:\/\/api.w.org\/{rel}","templated":true}]}}