{"id":17503,"date":"2022-02-04T16:36:31","date_gmt":"2022-02-04T14:36:31","guid":{"rendered":"https:\/\/drasanvi.com\/fr\/producto\/algigreen\/"},"modified":"2022-03-10T14:15:27","modified_gmt":"2022-03-10T12:15:27","slug":"algigreen","status":"publish","type":"product","link":"https:\/\/drasanvi.com\/fr\/producto\/algigreen\/","title":{"rendered":"AlgiGreen"},"content":{"rendered":"<h2>\u00bfQu\u00e9 es AlgiGreen?<\/h2>\n<p>Algigreen es el primer complemento nutricional para animales con sus caracter\u00edsticas, a base de plantas y otras sustancias naturales para provocar un bienestar f\u00edsico en perros y gatos a nivel articular y de tejidos blandos. Est\u00e1 formulado en comprimidos y en soluci\u00f3n oral (para que sea m\u00e1s f\u00e1cil de administrar en gatos).<\/p>\n<p>Sus ingredientes act\u00faan en conjunto, de forma que sea bien tolerado en un tratamiento a largo plazo, adem\u00e1s de ser eficaz \u00a0aliviando las molestias que puedan sufrir los animales en distintos momentos de su vida.<\/p>\n<p><strong>Los comprimidos<\/strong>\u00a0contienen Extracto seco de rizoma de C\u00farcuma Cursol\u00ae (<em>Curcuma<\/em> <em>longa L.), <\/em>PEA (Palmitoiletanolamida), Papa\u00edna 6000 USP, extracto seco de Boswellia (<em>Boswellia<\/em> <em>serrata<\/em>), de ra\u00edz de Harpagofito (<em>Harpagophytum procumbens<\/em>), Vitamina E, Vitamina C, Vitaminas B6, B12 y selenito s\u00f3dico.<\/p>\n<h2>Descripci\u00f3n de los ingredientes<\/h2>\n<ul>\n<li>\u00a0<strong>Harpagofito<\/strong>: tambi\u00e9n conocido como garra del diablo. Se trata de una planta que previene el dolor y la inflamaci\u00f3n, por lo que favorece el bienestar articular. Adem\u00e1s, presenta acci\u00f3n antioxidante, gracias a sus flavonoides, triterpenoides y fitosteroles.<\/li>\n<li><strong>C\u00farcuma<\/strong>: con curcumina de elevada biodisponibilidad para que aumente su eficacia y acci\u00f3n sobre el tejido. Previene la inflamaci\u00f3n de los tejidos. Forma sinergia junto con el Harpagofito al actuar ambos sobre la misma ruta inflamatoria.<\/li>\n<li><strong>Boswellia<\/strong>: es un \u00e1rbol de cuya resina se obtienen los \u00e1cidos bosw\u00e9llicos, que previenen la inflamaci\u00f3n en general y favorecen la salud y resistencia articular. Aumenta la acci\u00f3n de la c\u00farcuma de forma sin\u00e9rgica.<\/li>\n<li><strong>Papa\u00edna<\/strong>: enzima presente de forma natural en la papaya. Ayuda en la digesti\u00f3n de las prote\u00ednas y regula el proceso inflamatorio al favorecer una respuesta normal de dicho proceso y fomentando la reparaci\u00f3n de los tejidos.<\/li>\n<li><strong>Quercetina<\/strong>: flavonoide con acci\u00f3n antioxidante y antiinflamatoria. Est\u00e1 presente, de forma natural, en varios vegetales.<\/li>\n<li><strong>PEA (palmitoiletanolamida)<\/strong>: se trata de un compuesto lip\u00eddico natural presente en ciertos alimentos que previene la inflamaci\u00f3n y el dolor. Se produce en el organismo de forma natural, pero, en situaciones cr\u00f3nicas, deja de producirse en cantidades necesarias, por lo que su aporte externo, en estos casos, es de gran ayuda.<\/li>\n<li>Selenio, vitamina E y C: antioxidantes.<\/li>\n<li><strong>Vitaminas del grupo B<\/strong>: para favorecer la salud y buen estado del sistema nervioso<\/li>\n<\/ul>\n<h3>Modo de administraci\u00f3n:<\/h3>\n<p>Administrar una vez al d\u00eda 1 comp\/10 kg, preferiblemente sin alimento y\/o separado al menos 2 horas de la raci\u00f3n para una mejor asimilaci\u00f3n. Puede administrarse durante largos periodos de tiempo. Consultar con un profesional veterinario para administraciones largas.<\/p>\n<p><b>Presentaci\u00f3n<\/b>: cajas de 48 comprimidos en bl\u00edster.<\/p>\n","protected":false},"excerpt":{"rendered":"<p>Algigreen es el primer complemento nutricional para animales con sus caracter\u00edsticas, a base de plantas y otras sustancias naturales para provocar un bienestar f\u00edsico en perros y gatos a nivel articular y de tejidos blandos. Est\u00e1 formulado en comprimidos y en soluci\u00f3n oral (para que sea m\u00e1s f\u00e1cil de administrar en gatos).<\/p>\n","protected":false},"featured_media":17593,"template":"","meta":{"inline_featured_image":false},"product_cat":[1302],"product_tag":[],"class_list":["post-17503","product","type-product","status-publish","has-post-thumbnail","hentry","product_cat-dr-green"],"yoast_head":"<!-- This site is optimized with the Yoast SEO plugin v27.5 - https:\/\/yoast.com\/product\/yoast-seo-wordpress\/ -->\n<title>AlgiGreen - Drasanvi Francia<\/title>\n<meta name=\"robots\" content=\"index, follow, max-snippet:-1, max-image-preview:large, max-video-preview:-1\" \/>\n<link rel=\"canonical\" href=\"https:\/\/drasanvi.com\/fr\/producto\/algigreen\/\" \/>\n<meta property=\"og:locale\" content=\"fr_FR\" \/>\n<meta property=\"og:type\" content=\"article\" \/>\n<meta property=\"og:title\" content=\"AlgiGreen - Drasanvi Francia\" \/>\n<meta property=\"og:description\" content=\"Algigreen es el primer complemento nutricional para animales con sus caracter\u00edsticas, a base de plantas y otras sustancias naturales para provocar un bienestar f\u00edsico en perros y gatos a nivel articular y de tejidos blandos. Est\u00e1 formulado en comprimidos y en soluci\u00f3n oral (para que sea m\u00e1s f\u00e1cil de administrar en gatos).\" \/>\n<meta property=\"og:url\" content=\"https:\/\/drasanvi.com\/fr\/producto\/algigreen\/\" \/>\n<meta property=\"og:site_name\" content=\"Drasanvi Francia\" \/>\n<meta property=\"article:modified_time\" content=\"2022-03-10T12:15:27+00:00\" \/>\n<meta property=\"og:image\" content=\"https:\/\/drasanvi.com\/wp-content\/uploads\/sites\/7\/2022\/02\/algigreen.jpeg\" \/>\n\t<meta property=\"og:image:width\" content=\"500\" \/>\n\t<meta property=\"og:image:height\" content=\"500\" \/>\n\t<meta property=\"og:image:type\" content=\"image\/jpeg\" \/>\n<meta name=\"twitter:card\" content=\"summary_large_image\" \/>\n<script type=\"application\/ld+json\" class=\"yoast-schema-graph\">{\"@context\":\"https:\\\/\\\/schema.org\",\"@graph\":[{\"@type\":\"WebPage\",\"@id\":\"https:\\\/\\\/drasanvi.com\\\/fr\\\/producto\\\/algigreen\\\/\",\"url\":\"https:\\\/\\\/drasanvi.com\\\/fr\\\/producto\\\/algigreen\\\/\",\"name\":\"AlgiGreen - Drasanvi Francia\",\"isPartOf\":{\"@id\":\"https:\\\/\\\/drasanvi.com\\\/fr\\\/#website\"},\"primaryImageOfPage\":{\"@id\":\"https:\\\/\\\/drasanvi.com\\\/fr\\\/producto\\\/algigreen\\\/#primaryimage\"},\"image\":{\"@id\":\"https:\\\/\\\/drasanvi.com\\\/fr\\\/producto\\\/algigreen\\\/#primaryimage\"},\"thumbnailUrl\":\"https:\\\/\\\/drasanvi.com\\\/fr\\\/wp-content\\\/uploads\\\/sites\\\/7\\\/2022\\\/02\\\/algigreen.jpeg\",\"datePublished\":\"2022-02-04T14:36:31+00:00\",\"dateModified\":\"2022-03-10T12:15:27+00:00\",\"breadcrumb\":{\"@id\":\"https:\\\/\\\/drasanvi.com\\\/fr\\\/producto\\\/algigreen\\\/#breadcrumb\"},\"inLanguage\":\"fr-FR\",\"potentialAction\":[{\"@type\":\"ReadAction\",\"target\":[\"https:\\\/\\\/drasanvi.com\\\/fr\\\/producto\\\/algigreen\\\/\"]}]},{\"@type\":\"ImageObject\",\"inLanguage\":\"fr-FR\",\"@id\":\"https:\\\/\\\/drasanvi.com\\\/fr\\\/producto\\\/algigreen\\\/#primaryimage\",\"url\":\"https:\\\/\\\/drasanvi.com\\\/fr\\\/wp-content\\\/uploads\\\/sites\\\/7\\\/2022\\\/02\\\/algigreen.jpeg\",\"contentUrl\":\"https:\\\/\\\/drasanvi.com\\\/fr\\\/wp-content\\\/uploads\\\/sites\\\/7\\\/2022\\\/02\\\/algigreen.jpeg\",\"width\":500,\"height\":500},{\"@type\":\"BreadcrumbList\",\"@id\":\"https:\\\/\\\/drasanvi.com\\\/fr\\\/producto\\\/algigreen\\\/#breadcrumb\",\"itemListElement\":[{\"@type\":\"ListItem\",\"position\":1,\"name\":\"Portada\",\"item\":\"https:\\\/\\\/drasanvi.com\\\/fr\\\/\"},{\"@type\":\"ListItem\",\"position\":2,\"name\":\"Tienda\",\"item\":\"https:\\\/\\\/drasanvi.com\\\/fr\\\/tienda\\\/\"},{\"@type\":\"ListItem\",\"position\":3,\"name\":\"AlgiGreen\"}]},{\"@type\":\"WebSite\",\"@id\":\"https:\\\/\\\/drasanvi.com\\\/fr\\\/#website\",\"url\":\"https:\\\/\\\/drasanvi.com\\\/fr\\\/\",\"name\":\"Drasanvi Francia\",\"description\":\"L\u00edder en complementos alimenticios y cosm\u00e9tica natural.\",\"publisher\":{\"@id\":\"https:\\\/\\\/drasanvi.com\\\/fr\\\/#organization\"},\"potentialAction\":[{\"@type\":\"SearchAction\",\"target\":{\"@type\":\"EntryPoint\",\"urlTemplate\":\"https:\\\/\\\/drasanvi.com\\\/fr\\\/?s={search_term_string}\"},\"query-input\":{\"@type\":\"PropertyValueSpecification\",\"valueRequired\":true,\"valueName\":\"search_term_string\"}}],\"inLanguage\":\"fr-FR\"},{\"@type\":\"Organization\",\"@id\":\"https:\\\/\\\/drasanvi.com\\\/fr\\\/#organization\",\"name\":\"Drasanvi\",\"url\":\"https:\\\/\\\/drasanvi.com\\\/fr\\\/\",\"logo\":{\"@type\":\"ImageObject\",\"inLanguage\":\"fr-FR\",\"@id\":\"https:\\\/\\\/drasanvi.com\\\/fr\\\/#\\\/schema\\\/logo\\\/image\\\/\",\"url\":\"https:\\\/\\\/drasanvi.com\\\/wp-content\\\/uploads\\\/sites\\\/7\\\/2021\\\/07\\\/logo-drasanvi.png\",\"contentUrl\":\"https:\\\/\\\/drasanvi.com\\\/wp-content\\\/uploads\\\/sites\\\/7\\\/2021\\\/07\\\/logo-drasanvi.png\",\"width\":900,\"height\":300,\"caption\":\"Drasanvi\"},\"image\":{\"@id\":\"https:\\\/\\\/drasanvi.com\\\/fr\\\/#\\\/schema\\\/logo\\\/image\\\/\"}}]}<\/script>\n<!-- \/ Yoast SEO plugin. -->","yoast_head_json":{"title":"AlgiGreen - Drasanvi Francia","robots":{"index":"index","follow":"follow","max-snippet":"max-snippet:-1","max-image-preview":"max-image-preview:large","max-video-preview":"max-video-preview:-1"},"canonical":"https:\/\/drasanvi.com\/fr\/producto\/algigreen\/","og_locale":"fr_FR","og_type":"article","og_title":"AlgiGreen - Drasanvi Francia","og_description":"Algigreen es el primer complemento nutricional para animales con sus caracter\u00edsticas, a base de plantas y otras sustancias naturales para provocar un bienestar f\u00edsico en perros y gatos a nivel articular y de tejidos blandos. Est\u00e1 formulado en comprimidos y en soluci\u00f3n oral (para que sea m\u00e1s f\u00e1cil de administrar en gatos).","og_url":"https:\/\/drasanvi.com\/fr\/producto\/algigreen\/","og_site_name":"Drasanvi Francia","article_modified_time":"2022-03-10T12:15:27+00:00","og_image":[{"width":500,"height":500,"url":"https:\/\/drasanvi.com\/wp-content\/uploads\/sites\/7\/2022\/02\/algigreen.jpeg","type":"image\/jpeg"}],"twitter_card":"summary_large_image","schema":{"@context":"https:\/\/schema.org","@graph":[{"@type":"WebPage","@id":"https:\/\/drasanvi.com\/fr\/producto\/algigreen\/","url":"https:\/\/drasanvi.com\/fr\/producto\/algigreen\/","name":"AlgiGreen - Drasanvi Francia","isPartOf":{"@id":"https:\/\/drasanvi.com\/fr\/#website"},"primaryImageOfPage":{"@id":"https:\/\/drasanvi.com\/fr\/producto\/algigreen\/#primaryimage"},"image":{"@id":"https:\/\/drasanvi.com\/fr\/producto\/algigreen\/#primaryimage"},"thumbnailUrl":"https:\/\/drasanvi.com\/fr\/wp-content\/uploads\/sites\/7\/2022\/02\/algigreen.jpeg","datePublished":"2022-02-04T14:36:31+00:00","dateModified":"2022-03-10T12:15:27+00:00","breadcrumb":{"@id":"https:\/\/drasanvi.com\/fr\/producto\/algigreen\/#breadcrumb"},"inLanguage":"fr-FR","potentialAction":[{"@type":"ReadAction","target":["https:\/\/drasanvi.com\/fr\/producto\/algigreen\/"]}]},{"@type":"ImageObject","inLanguage":"fr-FR","@id":"https:\/\/drasanvi.com\/fr\/producto\/algigreen\/#primaryimage","url":"https:\/\/drasanvi.com\/fr\/wp-content\/uploads\/sites\/7\/2022\/02\/algigreen.jpeg","contentUrl":"https:\/\/drasanvi.com\/fr\/wp-content\/uploads\/sites\/7\/2022\/02\/algigreen.jpeg","width":500,"height":500},{"@type":"BreadcrumbList","@id":"https:\/\/drasanvi.com\/fr\/producto\/algigreen\/#breadcrumb","itemListElement":[{"@type":"ListItem","position":1,"name":"Portada","item":"https:\/\/drasanvi.com\/fr\/"},{"@type":"ListItem","position":2,"name":"Tienda","item":"https:\/\/drasanvi.com\/fr\/tienda\/"},{"@type":"ListItem","position":3,"name":"AlgiGreen"}]},{"@type":"WebSite","@id":"https:\/\/drasanvi.com\/fr\/#website","url":"https:\/\/drasanvi.com\/fr\/","name":"Drasanvi Francia","description":"L\u00edder en complementos alimenticios y cosm\u00e9tica natural.","publisher":{"@id":"https:\/\/drasanvi.com\/fr\/#organization"},"potentialAction":[{"@type":"SearchAction","target":{"@type":"EntryPoint","urlTemplate":"https:\/\/drasanvi.com\/fr\/?s={search_term_string}"},"query-input":{"@type":"PropertyValueSpecification","valueRequired":true,"valueName":"search_term_string"}}],"inLanguage":"fr-FR"},{"@type":"Organization","@id":"https:\/\/drasanvi.com\/fr\/#organization","name":"Drasanvi","url":"https:\/\/drasanvi.com\/fr\/","logo":{"@type":"ImageObject","inLanguage":"fr-FR","@id":"https:\/\/drasanvi.com\/fr\/#\/schema\/logo\/image\/","url":"https:\/\/drasanvi.com\/wp-content\/uploads\/sites\/7\/2021\/07\/logo-drasanvi.png","contentUrl":"https:\/\/drasanvi.com\/wp-content\/uploads\/sites\/7\/2021\/07\/logo-drasanvi.png","width":900,"height":300,"caption":"Drasanvi"},"image":{"@id":"https:\/\/drasanvi.com\/fr\/#\/schema\/logo\/image\/"}}]}},"_links":{"self":[{"href":"https:\/\/drasanvi.com\/fr\/wp-json\/wp\/v2\/product\/17503","targetHints":{"allow":["GET"]}}],"collection":[{"href":"https:\/\/drasanvi.com\/fr\/wp-json\/wp\/v2\/product"}],"about":[{"href":"https:\/\/drasanvi.com\/fr\/wp-json\/wp\/v2\/types\/product"}],"version-history":[{"count":0,"href":"https:\/\/drasanvi.com\/fr\/wp-json\/wp\/v2\/product\/17503\/revisions"}],"wp:featuredmedia":[{"embeddable":true,"href":"https:\/\/drasanvi.com\/fr\/wp-json\/wp\/v2\/media\/17593"}],"wp:attachment":[{"href":"https:\/\/drasanvi.com\/fr\/wp-json\/wp\/v2\/media?parent=17503"}],"wp:term":[{"taxonomy":"product_cat","embeddable":true,"href":"https:\/\/drasanvi.com\/fr\/wp-json\/wp\/v2\/product_cat?post=17503"},{"taxonomy":"product_tag","embeddable":true,"href":"https:\/\/drasanvi.com\/fr\/wp-json\/wp\/v2\/product_tag?post=17503"}],"curies":[{"name":"wp","href":"https:\/\/api.w.org\/{rel}","templated":true}]}}