{"id":16470,"date":"2022-02-28T15:09:09","date_gmt":"2022-02-28T13:09:09","guid":{"rendered":"https:\/\/drasanvi.com\/fr\/?post_type=product&#038;p=16470"},"modified":"2022-03-10T14:15:26","modified_gmt":"2022-03-10T12:15:26","slug":"levadura-roja-de-arroz-con-coenzima-q10","status":"publish","type":"product","link":"https:\/\/drasanvi.com\/fr\/producto\/levadura-roja-de-arroz-con-coenzima-q10\/","title":{"rendered":"Levadura Roja de Arroz con Coenzima Q10"},"content":{"rendered":"<h2>Ingredientes<\/h2>\n<p>Ingredientes  Cantidad \/ dosis diaria      Levadura Roja de arroz Monascus purpureus con aporte en Monacolina K (4%)  300 mg 12 mg      Coenzima Q10\u00a0Ubiquinona  50 mg      Otros ingredientes: Hidroxipropilmetilcelulosa, celulosa microcristalina, estearato de magnesio y di\u00f3xido de silicio.        Sin colorantes, az\u00facares y conservantes.<\/p>\n<h2>Modo de uso<\/h2>\n<p>Consumir una c\u00e1psula al d\u00eda, con una de las principales comidas. Es recomendable tomar la c\u00e1psula siempre a la misma hora.<\/p>\n<h3>Presentaci\u00f3n<\/h3>\n<p>Envase de 30 c\u00e1psulas de 492 mg. Peso total: 14.8 g (0.52 oz)<\/p>\n<h3>Advertencias<\/h3>\n<p>Complemento alimenticio a base de levadura roja de arroz y coenzima Q10.Los complementos alimenticios no deben utilizarse como sustitutivos de una dieta equilibrada. No superar la dosis diaria expresamente recomendada. Mantener fuera del alcance de los ni&ntilde;os m&aacute;s peque&ntilde;os. Conservar en un lugar fresco y seco.&nbsp;<\/p>\n<h2>Informaci\u00f3n adicional<\/h2>\n<p>Ingredientes  descripcion  cantidad\/dosis diaria      Levadura roja de arroz  (Monascus purpureus, Monacolina K 4%)  300 mg      Agente de recubrimiento  (Hidroxipropilmetilcelulosa)  96 mg      Coenzima Q10  (Ubiquinona)  \u00a050 mg      Agente de carga  (Celulosa microcristalina)  30 mg      Agente de carga  (Estearato de magnesio)  8 mg      Antiaglomerante  (Di\u00f3xido de silicio)  8 mg<\/p>\n","protected":false},"excerpt":{"rendered":"<p>La Levadura Roja de Arroz es un producto obtenido a partir de la levadura llamada\u00a0Monascus purpureus,\u00a0que crece sobre el arroz.La\u00a0Levadura Roja del Arroz presenta como principios activos\u00a0 unas sustancias llamadas\u00a0monacolinas, entre las que destaca, por sus beneficios para nuestro organismo,\u00a0la monacolina K.\u00a0 La monacolina K del arroz de levadura roja contribuye a\u00a0mantener niveles normales de colesterol sangu\u00edneo.\u00a0Para conseguir este efecto, los estudios se\u00f1alan que es necesario el consumo\u00a0 de al menos 10 mg de Monocolina K. Las c\u00e1psulas de Drasanvi aportan 12 mg de dicha sustancia por dosis diaria.Adem\u00e1s est\u00e1 enriquecida con Coenzima Q10.\u00a0<br \/><a id=\"boton-ficha\" href=\"https:\/\/panel.drasanvi.com\/fichas\/1\/032050431\" target=\"_blank\" rel=\"noopener\">Ficha t\u00e9cnica<\/a><\/p>\n","protected":false},"featured_media":20273,"template":"","meta":{"inline_featured_image":false},"product_cat":[111],"product_tag":[],"class_list":["post-16470","product","type-product","status-publish","has-post-thumbnail","hentry","product_cat-salud-cardiovascular","pa_contiene-altramuces-no","pa_contiene-apio-no","pa_contiene-cacahuetes-no","pa_contiene-crustaceos-no","pa_contiene-frutos-secos-no","pa_contiene-huevo-no","pa_contiene-leche-no","pa_contiene-moluscos-no","pa_contiene-mostaza-no","pa_contiene-pescado-no","pa_contiene-sesamo-no","pa_contiene-soja-no","pa_producto-bio-no","pa_producto-sin-gluten-si","pa_producto-vegano-si","pa_producto-vegetariano-no"],"yoast_head":"<!-- This site is optimized with the Yoast SEO plugin v27.5 - https:\/\/yoast.com\/product\/yoast-seo-wordpress\/ -->\n<title>Levadura Roja de Arroz con Coenzima Q10 - Drasanvi Francia<\/title>\n<meta name=\"robots\" content=\"index, follow, max-snippet:-1, max-image-preview:large, max-video-preview:-1\" \/>\n<link rel=\"canonical\" href=\"https:\/\/drasanvi.com\/fr\/producto\/levadura-roja-de-arroz-con-coenzima-q10\/\" \/>\n<meta property=\"og:locale\" content=\"fr_FR\" \/>\n<meta property=\"og:type\" content=\"article\" \/>\n<meta property=\"og:title\" content=\"Levadura Roja de Arroz con Coenzima Q10 - Drasanvi Francia\" \/>\n<meta property=\"og:description\" content=\"La Levadura Roja de Arroz es un producto obtenido a partir de la levadura llamada\u00a0Monascus purpureus,\u00a0que crece sobre el arroz.La\u00a0Levadura Roja del Arroz presenta como principios activos\u00a0 unas sustancias llamadas\u00a0monacolinas, entre las que destaca, por sus beneficios para nuestro organismo,\u00a0la monacolina K.\u00a0 La monacolina K del arroz de levadura roja contribuye a\u00a0mantener niveles normales de colesterol sangu\u00edneo.\u00a0Para conseguir este efecto, los estudios se\u00f1alan que es necesario el consumo\u00a0 de al menos 10 mg de Monocolina K. Las c\u00e1psulas de Drasanvi aportan 12 mg de dicha sustancia por dosis diaria.Adem\u00e1s est\u00e1 enriquecida con Coenzima Q10.\u00a0Ficha t\u00e9cnica\" \/>\n<meta property=\"og:url\" content=\"https:\/\/drasanvi.com\/fr\/producto\/levadura-roja-de-arroz-con-coenzima-q10\/\" \/>\n<meta property=\"og:site_name\" content=\"Drasanvi Francia\" \/>\n<meta property=\"article:modified_time\" content=\"2022-03-10T12:15:26+00:00\" \/>\n<meta property=\"og:image\" content=\"https:\/\/drasanvi.com\/wp-content\/uploads\/sites\/7\/2022\/02\/032050431.png\" \/>\n\t<meta property=\"og:image:width\" content=\"1000\" \/>\n\t<meta property=\"og:image:height\" content=\"1000\" \/>\n\t<meta property=\"og:image:type\" content=\"image\/png\" \/>\n<meta name=\"twitter:card\" content=\"summary_large_image\" \/>\n<script type=\"application\/ld+json\" class=\"yoast-schema-graph\">{\"@context\":\"https:\\\/\\\/schema.org\",\"@graph\":[{\"@type\":\"WebPage\",\"@id\":\"https:\\\/\\\/drasanvi.com\\\/fr\\\/producto\\\/levadura-roja-de-arroz-con-coenzima-q10\\\/\",\"url\":\"https:\\\/\\\/drasanvi.com\\\/fr\\\/producto\\\/levadura-roja-de-arroz-con-coenzima-q10\\\/\",\"name\":\"Levadura Roja de Arroz con Coenzima Q10 - Drasanvi Francia\",\"isPartOf\":{\"@id\":\"https:\\\/\\\/drasanvi.com\\\/fr\\\/#website\"},\"primaryImageOfPage\":{\"@id\":\"https:\\\/\\\/drasanvi.com\\\/fr\\\/producto\\\/levadura-roja-de-arroz-con-coenzima-q10\\\/#primaryimage\"},\"image\":{\"@id\":\"https:\\\/\\\/drasanvi.com\\\/fr\\\/producto\\\/levadura-roja-de-arroz-con-coenzima-q10\\\/#primaryimage\"},\"thumbnailUrl\":\"https:\\\/\\\/drasanvi.com\\\/fr\\\/wp-content\\\/uploads\\\/sites\\\/7\\\/2022\\\/02\\\/032050431.png\",\"datePublished\":\"2022-02-28T13:09:09+00:00\",\"dateModified\":\"2022-03-10T12:15:26+00:00\",\"breadcrumb\":{\"@id\":\"https:\\\/\\\/drasanvi.com\\\/fr\\\/producto\\\/levadura-roja-de-arroz-con-coenzima-q10\\\/#breadcrumb\"},\"inLanguage\":\"fr-FR\",\"potentialAction\":[{\"@type\":\"ReadAction\",\"target\":[\"https:\\\/\\\/drasanvi.com\\\/fr\\\/producto\\\/levadura-roja-de-arroz-con-coenzima-q10\\\/\"]}]},{\"@type\":\"ImageObject\",\"inLanguage\":\"fr-FR\",\"@id\":\"https:\\\/\\\/drasanvi.com\\\/fr\\\/producto\\\/levadura-roja-de-arroz-con-coenzima-q10\\\/#primaryimage\",\"url\":\"https:\\\/\\\/drasanvi.com\\\/fr\\\/wp-content\\\/uploads\\\/sites\\\/7\\\/2022\\\/02\\\/032050431.png\",\"contentUrl\":\"https:\\\/\\\/drasanvi.com\\\/fr\\\/wp-content\\\/uploads\\\/sites\\\/7\\\/2022\\\/02\\\/032050431.png\",\"width\":1000,\"height\":1000},{\"@type\":\"BreadcrumbList\",\"@id\":\"https:\\\/\\\/drasanvi.com\\\/fr\\\/producto\\\/levadura-roja-de-arroz-con-coenzima-q10\\\/#breadcrumb\",\"itemListElement\":[{\"@type\":\"ListItem\",\"position\":1,\"name\":\"Portada\",\"item\":\"https:\\\/\\\/drasanvi.com\\\/fr\\\/\"},{\"@type\":\"ListItem\",\"position\":2,\"name\":\"Tienda\",\"item\":\"https:\\\/\\\/drasanvi.com\\\/fr\\\/tienda\\\/\"},{\"@type\":\"ListItem\",\"position\":3,\"name\":\"Levadura Roja de Arroz con Coenzima Q10\"}]},{\"@type\":\"WebSite\",\"@id\":\"https:\\\/\\\/drasanvi.com\\\/fr\\\/#website\",\"url\":\"https:\\\/\\\/drasanvi.com\\\/fr\\\/\",\"name\":\"Drasanvi Francia\",\"description\":\"L\u00edder en complementos alimenticios y cosm\u00e9tica natural.\",\"publisher\":{\"@id\":\"https:\\\/\\\/drasanvi.com\\\/fr\\\/#organization\"},\"potentialAction\":[{\"@type\":\"SearchAction\",\"target\":{\"@type\":\"EntryPoint\",\"urlTemplate\":\"https:\\\/\\\/drasanvi.com\\\/fr\\\/?s={search_term_string}\"},\"query-input\":{\"@type\":\"PropertyValueSpecification\",\"valueRequired\":true,\"valueName\":\"search_term_string\"}}],\"inLanguage\":\"fr-FR\"},{\"@type\":\"Organization\",\"@id\":\"https:\\\/\\\/drasanvi.com\\\/fr\\\/#organization\",\"name\":\"Drasanvi\",\"url\":\"https:\\\/\\\/drasanvi.com\\\/fr\\\/\",\"logo\":{\"@type\":\"ImageObject\",\"inLanguage\":\"fr-FR\",\"@id\":\"https:\\\/\\\/drasanvi.com\\\/fr\\\/#\\\/schema\\\/logo\\\/image\\\/\",\"url\":\"https:\\\/\\\/drasanvi.com\\\/wp-content\\\/uploads\\\/sites\\\/7\\\/2021\\\/07\\\/logo-drasanvi.png\",\"contentUrl\":\"https:\\\/\\\/drasanvi.com\\\/wp-content\\\/uploads\\\/sites\\\/7\\\/2021\\\/07\\\/logo-drasanvi.png\",\"width\":900,\"height\":300,\"caption\":\"Drasanvi\"},\"image\":{\"@id\":\"https:\\\/\\\/drasanvi.com\\\/fr\\\/#\\\/schema\\\/logo\\\/image\\\/\"}}]}<\/script>\n<!-- \/ Yoast SEO plugin. -->","yoast_head_json":{"title":"Levadura Roja de Arroz con Coenzima Q10 - Drasanvi Francia","robots":{"index":"index","follow":"follow","max-snippet":"max-snippet:-1","max-image-preview":"max-image-preview:large","max-video-preview":"max-video-preview:-1"},"canonical":"https:\/\/drasanvi.com\/fr\/producto\/levadura-roja-de-arroz-con-coenzima-q10\/","og_locale":"fr_FR","og_type":"article","og_title":"Levadura Roja de Arroz con Coenzima Q10 - Drasanvi Francia","og_description":"La Levadura Roja de Arroz es un producto obtenido a partir de la levadura llamada\u00a0Monascus purpureus,\u00a0que crece sobre el arroz.La\u00a0Levadura Roja del Arroz presenta como principios activos\u00a0 unas sustancias llamadas\u00a0monacolinas, entre las que destaca, por sus beneficios para nuestro organismo,\u00a0la monacolina K.\u00a0 La monacolina K del arroz de levadura roja contribuye a\u00a0mantener niveles normales de colesterol sangu\u00edneo.\u00a0Para conseguir este efecto, los estudios se\u00f1alan que es necesario el consumo\u00a0 de al menos 10 mg de Monocolina K. Las c\u00e1psulas de Drasanvi aportan 12 mg de dicha sustancia por dosis diaria.Adem\u00e1s est\u00e1 enriquecida con Coenzima Q10.\u00a0Ficha t\u00e9cnica","og_url":"https:\/\/drasanvi.com\/fr\/producto\/levadura-roja-de-arroz-con-coenzima-q10\/","og_site_name":"Drasanvi Francia","article_modified_time":"2022-03-10T12:15:26+00:00","og_image":[{"width":1000,"height":1000,"url":"https:\/\/drasanvi.com\/wp-content\/uploads\/sites\/7\/2022\/02\/032050431.png","type":"image\/png"}],"twitter_card":"summary_large_image","schema":{"@context":"https:\/\/schema.org","@graph":[{"@type":"WebPage","@id":"https:\/\/drasanvi.com\/fr\/producto\/levadura-roja-de-arroz-con-coenzima-q10\/","url":"https:\/\/drasanvi.com\/fr\/producto\/levadura-roja-de-arroz-con-coenzima-q10\/","name":"Levadura Roja de Arroz con Coenzima Q10 - Drasanvi Francia","isPartOf":{"@id":"https:\/\/drasanvi.com\/fr\/#website"},"primaryImageOfPage":{"@id":"https:\/\/drasanvi.com\/fr\/producto\/levadura-roja-de-arroz-con-coenzima-q10\/#primaryimage"},"image":{"@id":"https:\/\/drasanvi.com\/fr\/producto\/levadura-roja-de-arroz-con-coenzima-q10\/#primaryimage"},"thumbnailUrl":"https:\/\/drasanvi.com\/fr\/wp-content\/uploads\/sites\/7\/2022\/02\/032050431.png","datePublished":"2022-02-28T13:09:09+00:00","dateModified":"2022-03-10T12:15:26+00:00","breadcrumb":{"@id":"https:\/\/drasanvi.com\/fr\/producto\/levadura-roja-de-arroz-con-coenzima-q10\/#breadcrumb"},"inLanguage":"fr-FR","potentialAction":[{"@type":"ReadAction","target":["https:\/\/drasanvi.com\/fr\/producto\/levadura-roja-de-arroz-con-coenzima-q10\/"]}]},{"@type":"ImageObject","inLanguage":"fr-FR","@id":"https:\/\/drasanvi.com\/fr\/producto\/levadura-roja-de-arroz-con-coenzima-q10\/#primaryimage","url":"https:\/\/drasanvi.com\/fr\/wp-content\/uploads\/sites\/7\/2022\/02\/032050431.png","contentUrl":"https:\/\/drasanvi.com\/fr\/wp-content\/uploads\/sites\/7\/2022\/02\/032050431.png","width":1000,"height":1000},{"@type":"BreadcrumbList","@id":"https:\/\/drasanvi.com\/fr\/producto\/levadura-roja-de-arroz-con-coenzima-q10\/#breadcrumb","itemListElement":[{"@type":"ListItem","position":1,"name":"Portada","item":"https:\/\/drasanvi.com\/fr\/"},{"@type":"ListItem","position":2,"name":"Tienda","item":"https:\/\/drasanvi.com\/fr\/tienda\/"},{"@type":"ListItem","position":3,"name":"Levadura Roja de Arroz con Coenzima Q10"}]},{"@type":"WebSite","@id":"https:\/\/drasanvi.com\/fr\/#website","url":"https:\/\/drasanvi.com\/fr\/","name":"Drasanvi Francia","description":"L\u00edder en complementos alimenticios y cosm\u00e9tica natural.","publisher":{"@id":"https:\/\/drasanvi.com\/fr\/#organization"},"potentialAction":[{"@type":"SearchAction","target":{"@type":"EntryPoint","urlTemplate":"https:\/\/drasanvi.com\/fr\/?s={search_term_string}"},"query-input":{"@type":"PropertyValueSpecification","valueRequired":true,"valueName":"search_term_string"}}],"inLanguage":"fr-FR"},{"@type":"Organization","@id":"https:\/\/drasanvi.com\/fr\/#organization","name":"Drasanvi","url":"https:\/\/drasanvi.com\/fr\/","logo":{"@type":"ImageObject","inLanguage":"fr-FR","@id":"https:\/\/drasanvi.com\/fr\/#\/schema\/logo\/image\/","url":"https:\/\/drasanvi.com\/wp-content\/uploads\/sites\/7\/2021\/07\/logo-drasanvi.png","contentUrl":"https:\/\/drasanvi.com\/wp-content\/uploads\/sites\/7\/2021\/07\/logo-drasanvi.png","width":900,"height":300,"caption":"Drasanvi"},"image":{"@id":"https:\/\/drasanvi.com\/fr\/#\/schema\/logo\/image\/"}}]}},"_links":{"self":[{"href":"https:\/\/drasanvi.com\/fr\/wp-json\/wp\/v2\/product\/16470","targetHints":{"allow":["GET"]}}],"collection":[{"href":"https:\/\/drasanvi.com\/fr\/wp-json\/wp\/v2\/product"}],"about":[{"href":"https:\/\/drasanvi.com\/fr\/wp-json\/wp\/v2\/types\/product"}],"version-history":[{"count":0,"href":"https:\/\/drasanvi.com\/fr\/wp-json\/wp\/v2\/product\/16470\/revisions"}],"wp:featuredmedia":[{"embeddable":true,"href":"https:\/\/drasanvi.com\/fr\/wp-json\/wp\/v2\/media\/20273"}],"wp:attachment":[{"href":"https:\/\/drasanvi.com\/fr\/wp-json\/wp\/v2\/media?parent=16470"}],"wp:term":[{"taxonomy":"product_cat","embeddable":true,"href":"https:\/\/drasanvi.com\/fr\/wp-json\/wp\/v2\/product_cat?post=16470"},{"taxonomy":"product_tag","embeddable":true,"href":"https:\/\/drasanvi.com\/fr\/wp-json\/wp\/v2\/product_tag?post=16470"}],"curies":[{"name":"wp","href":"https:\/\/api.w.org\/{rel}","templated":true}]}}