{"id":15591,"date":"2022-02-28T15:01:42","date_gmt":"2022-02-28T13:01:42","guid":{"rendered":"https:\/\/drasanvi.com\/fr\/?post_type=product&#038;p=15591"},"modified":"2022-03-10T14:15:24","modified_gmt":"2022-03-10T12:15:24","slug":"cellblock","status":"publish","type":"product","link":"https:\/\/drasanvi.com\/fr\/producto\/cellblock\/","title":{"rendered":"Cellblock"},"content":{"rendered":"<h2>Ingredientes<\/h2>\n<p>Ingrediente  Cantidad \/ dosis diaria      Extracto seco de Caf\u00e9 Verde (Svetol)Coffea canephora robusta P con aporte en \u00c1cido Clorogenico (50%)  375 mg 187,5 mg      Extracto seco de Fumaria Fumaria officinalis L.con aporte en Protopina (0,4%)   180 mg 0,72 mg      Extracto seco de Diente de Le\u00f3n Taraxacum officinale Weber con aporte en Inulina (2%)  180 mg 3,6 mg      Extracto seco de T\u00e9 Verde Camellia sinensis (L.) Kuntze.con aporte en Cafe\u00edna (6%)  165 mg 9,9 mg      Extracto seco de Centella Asi\u00e1tica Centella asiatica (L.) Urban con aporte en Asiaticosido (20%)  150 mg 30 mg      Extracto seco de Pi\u00f1a Ananas comosus (L.) Merril. equivalente a 750 mg de planta (extracto 5:1)  150 mg      Extracto seco de Ar\u00e1ndano Vaccinium myrtillus L. con aporte en Antocianinas (1%)  90 mg 0,9 mg      Zinc En forma de Gluconato de Zinc  69,93 mg      Cobre En forma de Gluconato de Cobre  6,93 mg      Vitamina A En forma de Acetato de Retinol  6 mg      Manganeso En forma de Sulfato de Manganeso  5,46 mg      Otros ingredientes: Celulosa Microcristalina, Estearato de Magnesio y Di\u00f3xido de Sil\u00edcio.        Sin colorantes, conservantes, edulcorantes ni az\u00facares a\u00f1adidos.<\/p>\n<h2>Modo de uso<\/h2>\n<p>Tomar 3 comprimidos al d\u00eda, repartidos en las principales comidas.<\/p>\n<h3>Presentaci\u00f3n<\/h3>\n<p>Envase de 45 comprimidos de 700 mg. Peso total: 21 g (0.74 oz)<\/p>\n<h3>Advertencias<\/h3>\n<p>Complemento alimenticio a base de plantas, vitaminas y minerales.Los complementos alimenticios no deben utilizarse como sustituto de una dieta equilibrada. No superar la dosis diaria expresamente recomendada. Mantener fuera del alcance de los ni&ntilde;os m&aacute;s peque&ntilde;os. Conservar en un lugar fresco y seco. Contiene t&eacute; y cafe&iacute;na (9,9 mg \/ dosis diaria). No se aconseja su uso en ni&ntilde;os, embarazadas o mujeres en per&iacute;odo de lactancia.<\/p>\n<h2>Informaci\u00f3n adicional<\/h2>\n<p>ingredientes  descripcion  cantidad\/dosis diaria      Agente carga  (Celulosa microcristalina)  691,68 mg      Extracto seco de Caf\u00e9 Verde (Svetol)  (Coffea canephora robusta P, \u00c1cido Clorog\u00e9nico 50%)  375 mg      Extracto seco de Fumaria  (Fumaria officinalis L, Protopina 0,4%)  180 mg      Extracto seco Diente de Le\u00f3n  (Taraxacum officinale weber, Inulina 2%)  180 mg      Extracto seco T\u00e9 Verde  (Camellia sinensis (L.) Cafe\u00edna 6%)  165 mg      Extracto seco de Centella Asi\u00e1tica  (Centella asiatica (L.) Urban, Asiatic\u00f3sido 20%)  150 mg      Extracto seco de Pi\u00f1a  (Ananas comosus (L.) Merril., ratio 5:1)  150 mg      Extracto seco de Ar\u00e1ndano  (Vaccinium myrtullus L, Antocianinas 1%)  90 mg      Gluconato Zinc  (Zinc 14,3%)  69,93 mg      Agente de carga  (Estearato de magnesio)  24 mg      Gluconato de Cobre  (Cobre 14,43%)  6,93 mg      Vitamina A  (Acetato de retinol  6 mg      Antiaglomerante  (Di\u00f3xido de silicio)  6 mg      Sulfato de Manganeso  (Manganeso 36,63%)  5,46 mg        Sin colorantes, conservantes, edulcorantes ni az\u00facares a\u00f1adidos.<\/p>\n<p>por dosis diaria (3 comprimidos)        Ingrediente  Porcentaje  Cantidad      Zinc  100%  10 mg      Cobre  100%  1 mg      Manganeso  100%  2 mg      Vitamina A  100%  800 \u00b5g        % VRN (Valores de Referencia de Nutrientes)<\/p>\n","protected":false},"excerpt":{"rendered":"<p>Cellblock es un complemento alimenticio formulado con ingredientes seleccionados de caf\u00e9 verde, t\u00e9 verde, pi\u00f1a, fumaria, diente de le\u00f3n y ar\u00e1ndano. Adem\u00e1s, incorpora Vitamina A y minerales como el Zinc, el Cobre y el Manganeso. De todos los ingredientes presentes en su composici\u00f3n, merece una menci\u00f3n especial el caf\u00e9 verde, que proviene de un extracto avalado por estudios cl\u00ednicos llamado Svetol\u00ae. Este extracto se caracteriza por una alta concentraci\u00f3n de \u00e1cido clorog\u00e9nico, que lo hace \u00fanico y especial.<br \/><a id=\"boton-ficha\" href=\"https:\/\/panel.drasanvi.com\/fichas\/1\/032050046\" target=\"_blank\" rel=\"noopener\">Ficha t\u00e9cnica<\/a><\/p>\n","protected":false},"featured_media":19874,"template":"","meta":{"inline_featured_image":false},"product_cat":[109],"product_tag":[],"class_list":["post-15591","product","type-product","status-publish","has-post-thumbnail","hentry","product_cat-peso-saludable","pa_contiene-altramuces-no","pa_contiene-apio-no","pa_contiene-cacahuetes-no","pa_contiene-crustaceos-no","pa_contiene-frutos-secos-no","pa_contiene-huevo-no","pa_contiene-leche-no","pa_contiene-moluscos-no","pa_contiene-mostaza-no","pa_contiene-pescado-no","pa_contiene-sesamo-no","pa_contiene-soja-no","pa_producto-bio-no","pa_producto-sin-gluten-si","pa_producto-vegano-si","pa_producto-vegetariano-si"],"yoast_head":"<!-- This site is optimized with the Yoast SEO plugin v27.5 - https:\/\/yoast.com\/product\/yoast-seo-wordpress\/ -->\n<title>Cellblock - Drasanvi Francia<\/title>\n<meta name=\"robots\" content=\"index, follow, max-snippet:-1, max-image-preview:large, max-video-preview:-1\" \/>\n<link rel=\"canonical\" href=\"https:\/\/drasanvi.com\/fr\/producto\/cellblock\/\" \/>\n<meta property=\"og:locale\" content=\"fr_FR\" \/>\n<meta property=\"og:type\" content=\"article\" \/>\n<meta property=\"og:title\" content=\"Cellblock - Drasanvi Francia\" \/>\n<meta property=\"og:description\" content=\"Cellblock es un complemento alimenticio formulado con ingredientes seleccionados de caf\u00e9 verde, t\u00e9 verde, pi\u00f1a, fumaria, diente de le\u00f3n y ar\u00e1ndano. Adem\u00e1s, incorpora Vitamina A y minerales como el Zinc, el Cobre y el Manganeso. De todos los ingredientes presentes en su composici\u00f3n, merece una menci\u00f3n especial el caf\u00e9 verde, que proviene de un extracto avalado por estudios cl\u00ednicos llamado Svetol\u00ae. Este extracto se caracteriza por una alta concentraci\u00f3n de \u00e1cido clorog\u00e9nico, que lo hace \u00fanico y especial.Ficha t\u00e9cnica\" \/>\n<meta property=\"og:url\" content=\"https:\/\/drasanvi.com\/fr\/producto\/cellblock\/\" \/>\n<meta property=\"og:site_name\" content=\"Drasanvi Francia\" \/>\n<meta property=\"article:modified_time\" content=\"2022-03-10T12:15:24+00:00\" \/>\n<meta property=\"og:image\" content=\"https:\/\/drasanvi.com\/wp-content\/uploads\/sites\/7\/2022\/02\/032050046.png\" \/>\n\t<meta property=\"og:image:width\" content=\"1000\" \/>\n\t<meta property=\"og:image:height\" content=\"1000\" \/>\n\t<meta property=\"og:image:type\" content=\"image\/png\" \/>\n<meta name=\"twitter:card\" content=\"summary_large_image\" \/>\n<script type=\"application\/ld+json\" class=\"yoast-schema-graph\">{\"@context\":\"https:\\\/\\\/schema.org\",\"@graph\":[{\"@type\":\"WebPage\",\"@id\":\"https:\\\/\\\/drasanvi.com\\\/fr\\\/producto\\\/cellblock\\\/\",\"url\":\"https:\\\/\\\/drasanvi.com\\\/fr\\\/producto\\\/cellblock\\\/\",\"name\":\"Cellblock - Drasanvi Francia\",\"isPartOf\":{\"@id\":\"https:\\\/\\\/drasanvi.com\\\/fr\\\/#website\"},\"primaryImageOfPage\":{\"@id\":\"https:\\\/\\\/drasanvi.com\\\/fr\\\/producto\\\/cellblock\\\/#primaryimage\"},\"image\":{\"@id\":\"https:\\\/\\\/drasanvi.com\\\/fr\\\/producto\\\/cellblock\\\/#primaryimage\"},\"thumbnailUrl\":\"https:\\\/\\\/drasanvi.com\\\/fr\\\/wp-content\\\/uploads\\\/sites\\\/7\\\/2022\\\/02\\\/032050046.png\",\"datePublished\":\"2022-02-28T13:01:42+00:00\",\"dateModified\":\"2022-03-10T12:15:24+00:00\",\"breadcrumb\":{\"@id\":\"https:\\\/\\\/drasanvi.com\\\/fr\\\/producto\\\/cellblock\\\/#breadcrumb\"},\"inLanguage\":\"fr-FR\",\"potentialAction\":[{\"@type\":\"ReadAction\",\"target\":[\"https:\\\/\\\/drasanvi.com\\\/fr\\\/producto\\\/cellblock\\\/\"]}]},{\"@type\":\"ImageObject\",\"inLanguage\":\"fr-FR\",\"@id\":\"https:\\\/\\\/drasanvi.com\\\/fr\\\/producto\\\/cellblock\\\/#primaryimage\",\"url\":\"https:\\\/\\\/drasanvi.com\\\/fr\\\/wp-content\\\/uploads\\\/sites\\\/7\\\/2022\\\/02\\\/032050046.png\",\"contentUrl\":\"https:\\\/\\\/drasanvi.com\\\/fr\\\/wp-content\\\/uploads\\\/sites\\\/7\\\/2022\\\/02\\\/032050046.png\",\"width\":1000,\"height\":1000},{\"@type\":\"BreadcrumbList\",\"@id\":\"https:\\\/\\\/drasanvi.com\\\/fr\\\/producto\\\/cellblock\\\/#breadcrumb\",\"itemListElement\":[{\"@type\":\"ListItem\",\"position\":1,\"name\":\"Portada\",\"item\":\"https:\\\/\\\/drasanvi.com\\\/fr\\\/\"},{\"@type\":\"ListItem\",\"position\":2,\"name\":\"Tienda\",\"item\":\"https:\\\/\\\/drasanvi.com\\\/fr\\\/tienda\\\/\"},{\"@type\":\"ListItem\",\"position\":3,\"name\":\"Cellblock\"}]},{\"@type\":\"WebSite\",\"@id\":\"https:\\\/\\\/drasanvi.com\\\/fr\\\/#website\",\"url\":\"https:\\\/\\\/drasanvi.com\\\/fr\\\/\",\"name\":\"Drasanvi Francia\",\"description\":\"L\u00edder en complementos alimenticios y cosm\u00e9tica natural.\",\"publisher\":{\"@id\":\"https:\\\/\\\/drasanvi.com\\\/fr\\\/#organization\"},\"potentialAction\":[{\"@type\":\"SearchAction\",\"target\":{\"@type\":\"EntryPoint\",\"urlTemplate\":\"https:\\\/\\\/drasanvi.com\\\/fr\\\/?s={search_term_string}\"},\"query-input\":{\"@type\":\"PropertyValueSpecification\",\"valueRequired\":true,\"valueName\":\"search_term_string\"}}],\"inLanguage\":\"fr-FR\"},{\"@type\":\"Organization\",\"@id\":\"https:\\\/\\\/drasanvi.com\\\/fr\\\/#organization\",\"name\":\"Drasanvi\",\"url\":\"https:\\\/\\\/drasanvi.com\\\/fr\\\/\",\"logo\":{\"@type\":\"ImageObject\",\"inLanguage\":\"fr-FR\",\"@id\":\"https:\\\/\\\/drasanvi.com\\\/fr\\\/#\\\/schema\\\/logo\\\/image\\\/\",\"url\":\"https:\\\/\\\/drasanvi.com\\\/wp-content\\\/uploads\\\/sites\\\/7\\\/2021\\\/07\\\/logo-drasanvi.png\",\"contentUrl\":\"https:\\\/\\\/drasanvi.com\\\/wp-content\\\/uploads\\\/sites\\\/7\\\/2021\\\/07\\\/logo-drasanvi.png\",\"width\":900,\"height\":300,\"caption\":\"Drasanvi\"},\"image\":{\"@id\":\"https:\\\/\\\/drasanvi.com\\\/fr\\\/#\\\/schema\\\/logo\\\/image\\\/\"}}]}<\/script>\n<!-- \/ Yoast SEO plugin. -->","yoast_head_json":{"title":"Cellblock - Drasanvi Francia","robots":{"index":"index","follow":"follow","max-snippet":"max-snippet:-1","max-image-preview":"max-image-preview:large","max-video-preview":"max-video-preview:-1"},"canonical":"https:\/\/drasanvi.com\/fr\/producto\/cellblock\/","og_locale":"fr_FR","og_type":"article","og_title":"Cellblock - Drasanvi Francia","og_description":"Cellblock es un complemento alimenticio formulado con ingredientes seleccionados de caf\u00e9 verde, t\u00e9 verde, pi\u00f1a, fumaria, diente de le\u00f3n y ar\u00e1ndano. Adem\u00e1s, incorpora Vitamina A y minerales como el Zinc, el Cobre y el Manganeso. De todos los ingredientes presentes en su composici\u00f3n, merece una menci\u00f3n especial el caf\u00e9 verde, que proviene de un extracto avalado por estudios cl\u00ednicos llamado Svetol\u00ae. Este extracto se caracteriza por una alta concentraci\u00f3n de \u00e1cido clorog\u00e9nico, que lo hace \u00fanico y especial.Ficha t\u00e9cnica","og_url":"https:\/\/drasanvi.com\/fr\/producto\/cellblock\/","og_site_name":"Drasanvi Francia","article_modified_time":"2022-03-10T12:15:24+00:00","og_image":[{"width":1000,"height":1000,"url":"https:\/\/drasanvi.com\/wp-content\/uploads\/sites\/7\/2022\/02\/032050046.png","type":"image\/png"}],"twitter_card":"summary_large_image","schema":{"@context":"https:\/\/schema.org","@graph":[{"@type":"WebPage","@id":"https:\/\/drasanvi.com\/fr\/producto\/cellblock\/","url":"https:\/\/drasanvi.com\/fr\/producto\/cellblock\/","name":"Cellblock - Drasanvi Francia","isPartOf":{"@id":"https:\/\/drasanvi.com\/fr\/#website"},"primaryImageOfPage":{"@id":"https:\/\/drasanvi.com\/fr\/producto\/cellblock\/#primaryimage"},"image":{"@id":"https:\/\/drasanvi.com\/fr\/producto\/cellblock\/#primaryimage"},"thumbnailUrl":"https:\/\/drasanvi.com\/fr\/wp-content\/uploads\/sites\/7\/2022\/02\/032050046.png","datePublished":"2022-02-28T13:01:42+00:00","dateModified":"2022-03-10T12:15:24+00:00","breadcrumb":{"@id":"https:\/\/drasanvi.com\/fr\/producto\/cellblock\/#breadcrumb"},"inLanguage":"fr-FR","potentialAction":[{"@type":"ReadAction","target":["https:\/\/drasanvi.com\/fr\/producto\/cellblock\/"]}]},{"@type":"ImageObject","inLanguage":"fr-FR","@id":"https:\/\/drasanvi.com\/fr\/producto\/cellblock\/#primaryimage","url":"https:\/\/drasanvi.com\/fr\/wp-content\/uploads\/sites\/7\/2022\/02\/032050046.png","contentUrl":"https:\/\/drasanvi.com\/fr\/wp-content\/uploads\/sites\/7\/2022\/02\/032050046.png","width":1000,"height":1000},{"@type":"BreadcrumbList","@id":"https:\/\/drasanvi.com\/fr\/producto\/cellblock\/#breadcrumb","itemListElement":[{"@type":"ListItem","position":1,"name":"Portada","item":"https:\/\/drasanvi.com\/fr\/"},{"@type":"ListItem","position":2,"name":"Tienda","item":"https:\/\/drasanvi.com\/fr\/tienda\/"},{"@type":"ListItem","position":3,"name":"Cellblock"}]},{"@type":"WebSite","@id":"https:\/\/drasanvi.com\/fr\/#website","url":"https:\/\/drasanvi.com\/fr\/","name":"Drasanvi Francia","description":"L\u00edder en complementos alimenticios y cosm\u00e9tica natural.","publisher":{"@id":"https:\/\/drasanvi.com\/fr\/#organization"},"potentialAction":[{"@type":"SearchAction","target":{"@type":"EntryPoint","urlTemplate":"https:\/\/drasanvi.com\/fr\/?s={search_term_string}"},"query-input":{"@type":"PropertyValueSpecification","valueRequired":true,"valueName":"search_term_string"}}],"inLanguage":"fr-FR"},{"@type":"Organization","@id":"https:\/\/drasanvi.com\/fr\/#organization","name":"Drasanvi","url":"https:\/\/drasanvi.com\/fr\/","logo":{"@type":"ImageObject","inLanguage":"fr-FR","@id":"https:\/\/drasanvi.com\/fr\/#\/schema\/logo\/image\/","url":"https:\/\/drasanvi.com\/wp-content\/uploads\/sites\/7\/2021\/07\/logo-drasanvi.png","contentUrl":"https:\/\/drasanvi.com\/wp-content\/uploads\/sites\/7\/2021\/07\/logo-drasanvi.png","width":900,"height":300,"caption":"Drasanvi"},"image":{"@id":"https:\/\/drasanvi.com\/fr\/#\/schema\/logo\/image\/"}}]}},"_links":{"self":[{"href":"https:\/\/drasanvi.com\/fr\/wp-json\/wp\/v2\/product\/15591","targetHints":{"allow":["GET"]}}],"collection":[{"href":"https:\/\/drasanvi.com\/fr\/wp-json\/wp\/v2\/product"}],"about":[{"href":"https:\/\/drasanvi.com\/fr\/wp-json\/wp\/v2\/types\/product"}],"version-history":[{"count":0,"href":"https:\/\/drasanvi.com\/fr\/wp-json\/wp\/v2\/product\/15591\/revisions"}],"wp:featuredmedia":[{"embeddable":true,"href":"https:\/\/drasanvi.com\/fr\/wp-json\/wp\/v2\/media\/19874"}],"wp:attachment":[{"href":"https:\/\/drasanvi.com\/fr\/wp-json\/wp\/v2\/media?parent=15591"}],"wp:term":[{"taxonomy":"product_cat","embeddable":true,"href":"https:\/\/drasanvi.com\/fr\/wp-json\/wp\/v2\/product_cat?post=15591"},{"taxonomy":"product_tag","embeddable":true,"href":"https:\/\/drasanvi.com\/fr\/wp-json\/wp\/v2\/product_tag?post=15591"}],"curies":[{"name":"wp","href":"https:\/\/api.w.org\/{rel}","templated":true}]}}