{"id":15575,"date":"2022-02-28T15:16:10","date_gmt":"2022-02-28T13:16:10","guid":{"rendered":"https:\/\/drasanvi.com\/fr\/?post_type=product&#038;p=15575"},"modified":"2022-03-10T14:15:23","modified_gmt":"2022-03-10T12:15:23","slug":"slimina-500ml","status":"publish","type":"product","link":"https:\/\/drasanvi.com\/fr\/producto\/slimina-500ml\/","title":{"rendered":"Slimina 500ml"},"content":{"rendered":"<h2>Ingredientes<\/h2>\n<p>Ingrediente  Cantidad \/ dosis diaria      Fructooligosac\u00e1ridos Procedente de mezcla de frutas y verduras  400 mg      Extracto fluido de Cola de Caballo Equisetum arvense L. con aporte en silice (1%)  200 mg 2 mg      Extracto fluido de R\u00e1bano NegroRaphanus sativus L. var. nigra (Mill.) Kerner.con aporte en glucosinolatos (0,5%)  192 mg 0,96 mg      Extracto fluido de Sa\u00faco Sambucus nigra L. con aporte en flavonoides (0,3%)  192 mg 0,576 mg      Extracto fluido de Romero Rosmarinus officinalis L. con aporte en flavonoides (1%)  192 mg 1,92 mg      Extracto seco de Boldo Peumus boldus Molina con aporte boldina (0,5%)  96 mg 0,48 mg      Extracto seco de Fumaria Fumaria officinalis L. con aporte en protopina (1%)  80 mg 0,8 mg      Extracto seco de Alcachofa Cynara scolymus L. aporta cinarina (2,5%)  72 mg 1,8 mg      Extracto seco de Naranja Citrus aurantium L.aporta sinefrina (6%)  48 mg 2,88 mg      Extracto seco de Bardana Arctium lappa L.con aporte en inulina (50%)  48 mg 24 mg      Extracto seco de Ma\u00edz Zea mays L.con aporte en saponidos (10%)  48 mg 4,8 mg      Extracto seco de T\u00e9 Verde Camellia sinensis (L.) Kuntze.con aporte en cafe\u00edna (6%)  48 mg 2,88 mg      Extracto seco de Grama Elymus repens L. Gould con aporte en Inositol (3%)  48 mg 1,44 mg      Vitamina B3 En forma de Nicotinamida  16 mg      L-carnitina En forma de Tartrato de L-carnitina  10 mg      Vitamina B6 En forma de Piridoxina clorhidrato  1,4 mg      Vitamina B2 En forma de Riboflavina  1,4 mg      Vitamina B1 En forma de Clorhidrato de Tiamina  1,1 mg      \u00c1cido F\u00f3lico En forma de \u00e1cido Pteroil-L-Glut\u00e1mico  200 ?g      Vitamina B12 En forma de Cianocobalamina  2,5 ?g      Otros ingredientes: Agua, Fructosa, Sorbato Pot\u00e1sico, \u00c1cido C\u00edtrico y Aroma de Lim\u00f3n.        Sin colorantes.<\/p>\n<h2>Modo de uso<\/h2>\n<p>Agitar antes de usar. Tomar 20 ml en ayunas, usando el vaso dosificador.<\/p>\n<h3>Presentaci\u00f3n<\/h3>\n<p>Envase de 500 ml (17.5 fl oz)<\/p>\n<h3>Advertencias<\/h3>\n<p>Complemento alimenticio a base de plantas y vitaminas.Contiene t&eacute; y cafe&iacute;na (2,88 mg \/ dosis diaria), no se aconseja su uso en ni&ntilde;os, embarazadas o en per&iacute;odo de lactancia. Contiene soja. No contiene alcohol.No superar la dosis diaria expresamente recomendada; Los complementos alimenticios no deben utilizarse como sustituto de una dieta equilibrada; Mantener fuera del alcance de los ni&ntilde;os m&aacute;s peque&ntilde;os. Conservar en un lugar fresco y seco.<\/p>\n<h2>Informaci\u00f3n adicional<\/h2>\n<p>ingrediente  descripcion  dosis diaria      Agua  \u00a0  13.040 mg      Fructosa  \u00a0  8.000 mg      Fructooligosac\u00e1ridos  \u00a0  400 mg      Extracto fluido de Cola de Caballo  (Equisetum arvense L., Silicio 1% )  200 mg      Extracto fluido de R\u00e1bano Negro  (Raphanus sativus L. var. nigra (Mill.) Kerner, Glucosinolatos 0,5%)  192 mg      Extracto fluido de Sauco  (Sambucus nigra L., Flavonoides 0,3%)  192 mg      Extracto fluido de Romero  (Rosmarinus officinalis L., Flavonoides 1%)  192 mg      Extracto seco de Boldo  (Peumus boldus Molina, Boldina 0,5%)  96 mg      Extracto seco de Fumaria  (Fumaria officinalis L., protopina1%)  80 mg      Extracto seco de Alcachofa  (Cynara scolymus L., Cinarina 2.5%)  72 mg      Extracto seco de Naranja  (Citrus aurantium L., sinefrina 6%)  48 mg      Extracto seco de Bardana  (Arctium lappa L, Inulina 50%)  48 mg      Extracto seco de Ma\u00edz  (Zea mays L, saponidos 10%)  48 mg      Extracto seco de T\u00e9 Verde  (Camellia sinensis (L.) Kuntze, Cafe\u00edna 6%)  48 mg      Extracto seco de grama  (Elymus repens L. Gould, Inositol 3%)  48 mg      Aroma\u00a0  (Aroma de lim\u00f3n)  28 mg      Acidulante  (\u00c1cido c\u00edtrico)  20 mg      Conservador  (Sorbato pot\u00e1sico)  20 mg      Vitamina B3  (Nicotinamida)  16 mg      L-carnitina  (Tartrato de L-Carnitina)  10 mg      Vitamina B6  (Clorhidrato de piroxidina)  1,4 mg      Vitamina B2  (Riboflavina)  1,4 mg      Vitamina B1  (Clrohidrato de tiamina)  1,1 mg      \u00c1cido F\u00f3lico  (\u00c1cido Pteroil-L-Glut\u00e1mico)  200 \u00b5g      Vitamina B12  (Cianocobalamina)  0,0025 mg<\/p>\n<p>INGREDIENTE  PORCENTAJE  DOSIS      Vitamina B3  100%  16 mg      Vitamina B6  100%  1,4 mg      Vitamina B2  100%  1,4 mg      Vitamina B1  100%  1,1 mg      \u00c1cido F\u00f3lico  100%  200 \u00b5g      Vitamina B12  100%  2,5 \u00b5g<\/p>\n","protected":false},"excerpt":{"rendered":"<p>Las vitaminas B1, B2, B3 B6 y B12 contribuyen al correcto \u00a0metabolismo energ\u00e9tico normal. Se trata de un complemento alimenticio rico en extractos vegetales, entre los que destacamos la Alcachofa, el T\u00e9 Verde o la Cola de Caballo. Estos extractos vegetales est\u00e1n reforzados con el amino\u00e1cido L-carnitina, fibra en forma de Fructooligosac\u00e1ridos y Vitaminas.<br \/><a id=\"boton-ficha\" href=\"https:\/\/panel.drasanvi.com\/fichas\/1\/032050033\" target=\"_blank\" rel=\"noopener\">Ficha t\u00e9cnica<\/a><\/p>\n","protected":false},"featured_media":20648,"template":"","meta":{"inline_featured_image":false},"product_cat":[109],"product_tag":[],"class_list":["post-15575","product","type-product","status-publish","has-post-thumbnail","hentry","product_cat-peso-saludable","pa_contiene-altramuces-no","pa_contiene-apio-no","pa_contiene-cacahuetes-no","pa_contiene-crustaceos-no","pa_contiene-frutos-secos-no","pa_contiene-huevo-no","pa_contiene-leche-no","pa_contiene-moluscos-no","pa_contiene-mostaza-no","pa_contiene-pescado-no","pa_contiene-sesamo-no","pa_contiene-soja-no","pa_producto-bio-no","pa_producto-sin-gluten-si","pa_producto-vegano-si","pa_producto-vegetariano-si"],"yoast_head":"<!-- This site is optimized with the Yoast SEO plugin v27.5 - https:\/\/yoast.com\/product\/yoast-seo-wordpress\/ -->\n<title>Slimina 500ml - Drasanvi Francia<\/title>\n<meta name=\"robots\" content=\"index, follow, max-snippet:-1, max-image-preview:large, max-video-preview:-1\" \/>\n<link rel=\"canonical\" href=\"https:\/\/drasanvi.com\/fr\/producto\/slimina-500ml\/\" \/>\n<meta property=\"og:locale\" content=\"fr_FR\" \/>\n<meta property=\"og:type\" content=\"article\" \/>\n<meta property=\"og:title\" content=\"Slimina 500ml - Drasanvi Francia\" \/>\n<meta property=\"og:description\" content=\"Las vitaminas B1, B2, B3 B6 y B12 contribuyen al correcto \u00a0metabolismo energ\u00e9tico normal. Se trata de un complemento alimenticio rico en extractos vegetales, entre los que destacamos la Alcachofa, el T\u00e9 Verde o la Cola de Caballo. Estos extractos vegetales est\u00e1n reforzados con el amino\u00e1cido L-carnitina, fibra en forma de Fructooligosac\u00e1ridos y Vitaminas.Ficha t\u00e9cnica\" \/>\n<meta property=\"og:url\" content=\"https:\/\/drasanvi.com\/fr\/producto\/slimina-500ml\/\" \/>\n<meta property=\"og:site_name\" content=\"Drasanvi Francia\" \/>\n<meta property=\"article:modified_time\" content=\"2022-03-10T12:15:23+00:00\" \/>\n<meta property=\"og:image\" content=\"https:\/\/drasanvi.com\/wp-content\/uploads\/sites\/7\/2022\/02\/032050033.png\" \/>\n\t<meta property=\"og:image:width\" content=\"1000\" \/>\n\t<meta property=\"og:image:height\" content=\"1000\" \/>\n\t<meta property=\"og:image:type\" content=\"image\/png\" \/>\n<meta name=\"twitter:card\" content=\"summary_large_image\" \/>\n<script type=\"application\/ld+json\" class=\"yoast-schema-graph\">{\"@context\":\"https:\\\/\\\/schema.org\",\"@graph\":[{\"@type\":\"WebPage\",\"@id\":\"https:\\\/\\\/drasanvi.com\\\/fr\\\/producto\\\/slimina-500ml\\\/\",\"url\":\"https:\\\/\\\/drasanvi.com\\\/fr\\\/producto\\\/slimina-500ml\\\/\",\"name\":\"Slimina 500ml - Drasanvi Francia\",\"isPartOf\":{\"@id\":\"https:\\\/\\\/drasanvi.com\\\/fr\\\/#website\"},\"primaryImageOfPage\":{\"@id\":\"https:\\\/\\\/drasanvi.com\\\/fr\\\/producto\\\/slimina-500ml\\\/#primaryimage\"},\"image\":{\"@id\":\"https:\\\/\\\/drasanvi.com\\\/fr\\\/producto\\\/slimina-500ml\\\/#primaryimage\"},\"thumbnailUrl\":\"https:\\\/\\\/drasanvi.com\\\/fr\\\/wp-content\\\/uploads\\\/sites\\\/7\\\/2022\\\/02\\\/032050033.png\",\"datePublished\":\"2022-02-28T13:16:10+00:00\",\"dateModified\":\"2022-03-10T12:15:23+00:00\",\"breadcrumb\":{\"@id\":\"https:\\\/\\\/drasanvi.com\\\/fr\\\/producto\\\/slimina-500ml\\\/#breadcrumb\"},\"inLanguage\":\"fr-FR\",\"potentialAction\":[{\"@type\":\"ReadAction\",\"target\":[\"https:\\\/\\\/drasanvi.com\\\/fr\\\/producto\\\/slimina-500ml\\\/\"]}]},{\"@type\":\"ImageObject\",\"inLanguage\":\"fr-FR\",\"@id\":\"https:\\\/\\\/drasanvi.com\\\/fr\\\/producto\\\/slimina-500ml\\\/#primaryimage\",\"url\":\"https:\\\/\\\/drasanvi.com\\\/fr\\\/wp-content\\\/uploads\\\/sites\\\/7\\\/2022\\\/02\\\/032050033.png\",\"contentUrl\":\"https:\\\/\\\/drasanvi.com\\\/fr\\\/wp-content\\\/uploads\\\/sites\\\/7\\\/2022\\\/02\\\/032050033.png\",\"width\":1000,\"height\":1000},{\"@type\":\"BreadcrumbList\",\"@id\":\"https:\\\/\\\/drasanvi.com\\\/fr\\\/producto\\\/slimina-500ml\\\/#breadcrumb\",\"itemListElement\":[{\"@type\":\"ListItem\",\"position\":1,\"name\":\"Portada\",\"item\":\"https:\\\/\\\/drasanvi.com\\\/fr\\\/\"},{\"@type\":\"ListItem\",\"position\":2,\"name\":\"Tienda\",\"item\":\"https:\\\/\\\/drasanvi.com\\\/fr\\\/tienda\\\/\"},{\"@type\":\"ListItem\",\"position\":3,\"name\":\"Slimina 500ml\"}]},{\"@type\":\"WebSite\",\"@id\":\"https:\\\/\\\/drasanvi.com\\\/fr\\\/#website\",\"url\":\"https:\\\/\\\/drasanvi.com\\\/fr\\\/\",\"name\":\"Drasanvi Francia\",\"description\":\"L\u00edder en complementos alimenticios y cosm\u00e9tica natural.\",\"publisher\":{\"@id\":\"https:\\\/\\\/drasanvi.com\\\/fr\\\/#organization\"},\"potentialAction\":[{\"@type\":\"SearchAction\",\"target\":{\"@type\":\"EntryPoint\",\"urlTemplate\":\"https:\\\/\\\/drasanvi.com\\\/fr\\\/?s={search_term_string}\"},\"query-input\":{\"@type\":\"PropertyValueSpecification\",\"valueRequired\":true,\"valueName\":\"search_term_string\"}}],\"inLanguage\":\"fr-FR\"},{\"@type\":\"Organization\",\"@id\":\"https:\\\/\\\/drasanvi.com\\\/fr\\\/#organization\",\"name\":\"Drasanvi\",\"url\":\"https:\\\/\\\/drasanvi.com\\\/fr\\\/\",\"logo\":{\"@type\":\"ImageObject\",\"inLanguage\":\"fr-FR\",\"@id\":\"https:\\\/\\\/drasanvi.com\\\/fr\\\/#\\\/schema\\\/logo\\\/image\\\/\",\"url\":\"https:\\\/\\\/drasanvi.com\\\/wp-content\\\/uploads\\\/sites\\\/7\\\/2021\\\/07\\\/logo-drasanvi.png\",\"contentUrl\":\"https:\\\/\\\/drasanvi.com\\\/wp-content\\\/uploads\\\/sites\\\/7\\\/2021\\\/07\\\/logo-drasanvi.png\",\"width\":900,\"height\":300,\"caption\":\"Drasanvi\"},\"image\":{\"@id\":\"https:\\\/\\\/drasanvi.com\\\/fr\\\/#\\\/schema\\\/logo\\\/image\\\/\"}}]}<\/script>\n<!-- \/ Yoast SEO plugin. -->","yoast_head_json":{"title":"Slimina 500ml - Drasanvi Francia","robots":{"index":"index","follow":"follow","max-snippet":"max-snippet:-1","max-image-preview":"max-image-preview:large","max-video-preview":"max-video-preview:-1"},"canonical":"https:\/\/drasanvi.com\/fr\/producto\/slimina-500ml\/","og_locale":"fr_FR","og_type":"article","og_title":"Slimina 500ml - Drasanvi Francia","og_description":"Las vitaminas B1, B2, B3 B6 y B12 contribuyen al correcto \u00a0metabolismo energ\u00e9tico normal. Se trata de un complemento alimenticio rico en extractos vegetales, entre los que destacamos la Alcachofa, el T\u00e9 Verde o la Cola de Caballo. Estos extractos vegetales est\u00e1n reforzados con el amino\u00e1cido L-carnitina, fibra en forma de Fructooligosac\u00e1ridos y Vitaminas.Ficha t\u00e9cnica","og_url":"https:\/\/drasanvi.com\/fr\/producto\/slimina-500ml\/","og_site_name":"Drasanvi Francia","article_modified_time":"2022-03-10T12:15:23+00:00","og_image":[{"width":1000,"height":1000,"url":"https:\/\/drasanvi.com\/wp-content\/uploads\/sites\/7\/2022\/02\/032050033.png","type":"image\/png"}],"twitter_card":"summary_large_image","schema":{"@context":"https:\/\/schema.org","@graph":[{"@type":"WebPage","@id":"https:\/\/drasanvi.com\/fr\/producto\/slimina-500ml\/","url":"https:\/\/drasanvi.com\/fr\/producto\/slimina-500ml\/","name":"Slimina 500ml - Drasanvi Francia","isPartOf":{"@id":"https:\/\/drasanvi.com\/fr\/#website"},"primaryImageOfPage":{"@id":"https:\/\/drasanvi.com\/fr\/producto\/slimina-500ml\/#primaryimage"},"image":{"@id":"https:\/\/drasanvi.com\/fr\/producto\/slimina-500ml\/#primaryimage"},"thumbnailUrl":"https:\/\/drasanvi.com\/fr\/wp-content\/uploads\/sites\/7\/2022\/02\/032050033.png","datePublished":"2022-02-28T13:16:10+00:00","dateModified":"2022-03-10T12:15:23+00:00","breadcrumb":{"@id":"https:\/\/drasanvi.com\/fr\/producto\/slimina-500ml\/#breadcrumb"},"inLanguage":"fr-FR","potentialAction":[{"@type":"ReadAction","target":["https:\/\/drasanvi.com\/fr\/producto\/slimina-500ml\/"]}]},{"@type":"ImageObject","inLanguage":"fr-FR","@id":"https:\/\/drasanvi.com\/fr\/producto\/slimina-500ml\/#primaryimage","url":"https:\/\/drasanvi.com\/fr\/wp-content\/uploads\/sites\/7\/2022\/02\/032050033.png","contentUrl":"https:\/\/drasanvi.com\/fr\/wp-content\/uploads\/sites\/7\/2022\/02\/032050033.png","width":1000,"height":1000},{"@type":"BreadcrumbList","@id":"https:\/\/drasanvi.com\/fr\/producto\/slimina-500ml\/#breadcrumb","itemListElement":[{"@type":"ListItem","position":1,"name":"Portada","item":"https:\/\/drasanvi.com\/fr\/"},{"@type":"ListItem","position":2,"name":"Tienda","item":"https:\/\/drasanvi.com\/fr\/tienda\/"},{"@type":"ListItem","position":3,"name":"Slimina 500ml"}]},{"@type":"WebSite","@id":"https:\/\/drasanvi.com\/fr\/#website","url":"https:\/\/drasanvi.com\/fr\/","name":"Drasanvi Francia","description":"L\u00edder en complementos alimenticios y cosm\u00e9tica natural.","publisher":{"@id":"https:\/\/drasanvi.com\/fr\/#organization"},"potentialAction":[{"@type":"SearchAction","target":{"@type":"EntryPoint","urlTemplate":"https:\/\/drasanvi.com\/fr\/?s={search_term_string}"},"query-input":{"@type":"PropertyValueSpecification","valueRequired":true,"valueName":"search_term_string"}}],"inLanguage":"fr-FR"},{"@type":"Organization","@id":"https:\/\/drasanvi.com\/fr\/#organization","name":"Drasanvi","url":"https:\/\/drasanvi.com\/fr\/","logo":{"@type":"ImageObject","inLanguage":"fr-FR","@id":"https:\/\/drasanvi.com\/fr\/#\/schema\/logo\/image\/","url":"https:\/\/drasanvi.com\/wp-content\/uploads\/sites\/7\/2021\/07\/logo-drasanvi.png","contentUrl":"https:\/\/drasanvi.com\/wp-content\/uploads\/sites\/7\/2021\/07\/logo-drasanvi.png","width":900,"height":300,"caption":"Drasanvi"},"image":{"@id":"https:\/\/drasanvi.com\/fr\/#\/schema\/logo\/image\/"}}]}},"_links":{"self":[{"href":"https:\/\/drasanvi.com\/fr\/wp-json\/wp\/v2\/product\/15575","targetHints":{"allow":["GET"]}}],"collection":[{"href":"https:\/\/drasanvi.com\/fr\/wp-json\/wp\/v2\/product"}],"about":[{"href":"https:\/\/drasanvi.com\/fr\/wp-json\/wp\/v2\/types\/product"}],"version-history":[{"count":0,"href":"https:\/\/drasanvi.com\/fr\/wp-json\/wp\/v2\/product\/15575\/revisions"}],"wp:featuredmedia":[{"embeddable":true,"href":"https:\/\/drasanvi.com\/fr\/wp-json\/wp\/v2\/media\/20648"}],"wp:attachment":[{"href":"https:\/\/drasanvi.com\/fr\/wp-json\/wp\/v2\/media?parent=15575"}],"wp:term":[{"taxonomy":"product_cat","embeddable":true,"href":"https:\/\/drasanvi.com\/fr\/wp-json\/wp\/v2\/product_cat?post=15575"},{"taxonomy":"product_tag","embeddable":true,"href":"https:\/\/drasanvi.com\/fr\/wp-json\/wp\/v2\/product_tag?post=15575"}],"curies":[{"name":"wp","href":"https:\/\/api.w.org\/{rel}","templated":true}]}}