{"id":15512,"date":"2022-02-28T15:05:06","date_gmt":"2022-02-28T13:05:06","guid":{"rendered":"https:\/\/drasanvi.com\/fr\/?post_type=product&#038;p=15512"},"modified":"2022-03-10T14:15:19","modified_gmt":"2022-03-10T12:15:19","slug":"drain-plus","status":"publish","type":"product","link":"https:\/\/drasanvi.com\/fr\/producto\/drain-plus\/","title":{"rendered":"Drain Plus"},"content":{"rendered":"<h2>Ingredientes<\/h2>\n<p>Ingredientes  Cantidad \/ dosis diaria      Extracto seco de Cola de Caballo Equisetum arvense L. con aporte en Silicio (7%)  700 mg ? 49 mg      Extracto seco de Zarzaparrilla Smilax aspera L.con aporte en Polifenoles (10%)  230 mg ? 23 mg      Zumo de Pomelo Rosa  220 mg      Extracto seco de Diente de Le\u00f3n Taraxacum officinale Weber con aporte en Flavonoides (2%)  160 mg ? 3,2 mg      Extracto seco de Pasiflora Passiflora incarnata L.con aporte en Flavonoides (4%)  160 mg ? 6,4 mg      Extracto seco de Gayuba Arctostaphylos uva-ursi Sprengel con aporte en Arbutina (10%)  160 mg ? 16 mg      Extracto seco de Alcachofera Cynara scolymus L.con aporte en Cinarina (2,5%)  80 mg ? 2 mg      Extracto seco de Ar\u00e1ndano Rojo Americano Vaccinium macrocarpon Ait. con aporte en Proantocianidinas (25%)  22,8 mg ? 5,7 mg      Otros ingredientes: Agua, Aroma de Lim\u00f3n, Sorbato de Potasio, \u00c1cido c\u00edtrico y Sucralosa.        Sin colorantes, ni az\u00facares a\u00f1adidos.<\/p>\n<h2>Modo de uso<\/h2>\n<p>Agitar bien antes de usar. Tomar 20 ml en el desayuno, usando el vaso dosificador.<\/p>\n<h3>Presentaci\u00f3n<\/h3>\n<p>Envase de 500 ml (17.5 fl oz)<\/p>\n<h3>Advertencias<\/h3>\n<p>Complemento alimenticio a base de plantas con edulcoranteLos complementos alimenticios no deben utilizarse como sustitutivos de una dieta equilibrada. No superar la dosis diaria expresamente recomendada. Mantener fuera del alcance de los ni&ntilde;os m&aacute;s peque&ntilde;os. Conservar en un lugar fresco y seco.<\/p>\n<h2>Informaci\u00f3n adicional<\/h2>\n<p>ingredientes  descripcion  dosis d\u00eda      Agua  \u00a0  20.000 mg      Extracto seco Cola de Caballo  (Equisetum arvense L., Silicio 7%)  700 mg      Extracto seco Zarzaparilla  (Smilax aspera L., Polifenoles 10%)  230 mg      Zumo Concentrado Pomelo Rosa  \u00a0  220 mg      Extracto seco Diente de Le\u00f3n  (Taraxacum officinale Weber, Flavonoides 2%)  160 mg      Extracto seco Pasiflora  (Passiflora incarnata L., Flavonoides 4%)  160 mg      Extracto seco Gayuba  (Arctostaphylos uva-ursi Sprengel Arbutina 10%)  160 mg      Extracto seco Alcachofera  (Cynara scolymus L., Cinarina 2,5%)  80 mg      Conservador  (Sorbato pot\u00e1sico)  40 mg      Aroma\u00a0  (Aroma de lim\u00f3n)  40 mg      Extracto seco Ar\u00e1ndano  (Vaccinium macrocarpon Ait., Proantocianidinas 25%)  22,8 mg      Acidulante  (\u00c1cido c\u00edtrico)  15 mg      Edulcorante  (Sucralosa)  4 mg<\/p>\n","protected":false},"excerpt":{"rendered":"<p>Drain Plus es un complemento alimenticio que se basa en la sinergia del extracto seco de Ar\u00e1ndano Rojo (Vaccimium\u00a0macrocarpom), conocido tambi\u00e9n como\u00a0Cramberry,\u00a0con la Cola de Caballo, la\u00a0Zarzaparrilla, el\u00a0Diente de Le\u00f3n, la\u00a0Pasiflora,\u00a0la\u00a0Gayuba y la\u00a0Alcachofera. Todas estas plantas se encuentran en forma de extracto seco, diluido en un zumo de pomelo rosa, aportando un\u00a0sabor muy refrescante.Con el fin de no aportar calor\u00edas, hemos incorporado sucralosa como edulcorante. Se trata de una sustancia procedente\u00a0de la sacarosa, pero sin aporte de calor\u00edas.<br \/><a id=\"boton-ficha\" href=\"https:\/\/panel.drasanvi.com\/fichas\/1\/032050141\" target=\"_blank\" rel=\"noopener\">Ficha t\u00e9cnica<\/a><\/p>\n","protected":false},"featured_media":20039,"template":"","meta":{"inline_featured_image":false},"product_cat":[109],"product_tag":[],"class_list":["post-15512","product","type-product","status-publish","has-post-thumbnail","hentry","product_cat-peso-saludable","pa_contiene-altramuces-no","pa_contiene-apio-no","pa_contiene-cacahuetes-no","pa_contiene-crustaceos-no","pa_contiene-frutos-secos-no","pa_contiene-huevo-no","pa_contiene-leche-no","pa_contiene-moluscos-no","pa_contiene-mostaza-no","pa_contiene-pescado-no","pa_contiene-sesamo-no","pa_contiene-soja-no","pa_producto-bio-no","pa_producto-sin-gluten-si","pa_producto-vegano-si","pa_producto-vegetariano-no"],"yoast_head":"<!-- This site is optimized with the Yoast SEO plugin v27.5 - https:\/\/yoast.com\/product\/yoast-seo-wordpress\/ -->\n<title>Drain Plus - Drasanvi Francia<\/title>\n<meta name=\"robots\" content=\"index, follow, max-snippet:-1, max-image-preview:large, max-video-preview:-1\" \/>\n<link rel=\"canonical\" href=\"https:\/\/drasanvi.com\/fr\/producto\/drain-plus\/\" \/>\n<meta property=\"og:locale\" content=\"fr_FR\" \/>\n<meta property=\"og:type\" content=\"article\" \/>\n<meta property=\"og:title\" content=\"Drain Plus - Drasanvi Francia\" \/>\n<meta property=\"og:description\" content=\"Drain Plus es un complemento alimenticio que se basa en la sinergia del extracto seco de Ar\u00e1ndano Rojo (Vaccimium\u00a0macrocarpom), conocido tambi\u00e9n como\u00a0Cramberry,\u00a0con la Cola de Caballo, la\u00a0Zarzaparrilla, el\u00a0Diente de Le\u00f3n, la\u00a0Pasiflora,\u00a0la\u00a0Gayuba y la\u00a0Alcachofera. Todas estas plantas se encuentran en forma de extracto seco, diluido en un zumo de pomelo rosa, aportando un\u00a0sabor muy refrescante.Con el fin de no aportar calor\u00edas, hemos incorporado sucralosa como edulcorante. Se trata de una sustancia procedente\u00a0de la sacarosa, pero sin aporte de calor\u00edas.Ficha t\u00e9cnica\" \/>\n<meta property=\"og:url\" content=\"https:\/\/drasanvi.com\/fr\/producto\/drain-plus\/\" \/>\n<meta property=\"og:site_name\" content=\"Drasanvi Francia\" \/>\n<meta property=\"article:modified_time\" content=\"2022-03-10T12:15:19+00:00\" \/>\n<meta property=\"og:image\" content=\"https:\/\/drasanvi.com\/wp-content\/uploads\/sites\/7\/2022\/02\/032050141.png\" \/>\n\t<meta property=\"og:image:width\" content=\"1000\" \/>\n\t<meta property=\"og:image:height\" content=\"1000\" \/>\n\t<meta property=\"og:image:type\" content=\"image\/png\" \/>\n<meta name=\"twitter:card\" content=\"summary_large_image\" \/>\n<script type=\"application\/ld+json\" class=\"yoast-schema-graph\">{\"@context\":\"https:\\\/\\\/schema.org\",\"@graph\":[{\"@type\":\"WebPage\",\"@id\":\"https:\\\/\\\/drasanvi.com\\\/fr\\\/producto\\\/drain-plus\\\/\",\"url\":\"https:\\\/\\\/drasanvi.com\\\/fr\\\/producto\\\/drain-plus\\\/\",\"name\":\"Drain Plus - Drasanvi Francia\",\"isPartOf\":{\"@id\":\"https:\\\/\\\/drasanvi.com\\\/fr\\\/#website\"},\"primaryImageOfPage\":{\"@id\":\"https:\\\/\\\/drasanvi.com\\\/fr\\\/producto\\\/drain-plus\\\/#primaryimage\"},\"image\":{\"@id\":\"https:\\\/\\\/drasanvi.com\\\/fr\\\/producto\\\/drain-plus\\\/#primaryimage\"},\"thumbnailUrl\":\"https:\\\/\\\/drasanvi.com\\\/fr\\\/wp-content\\\/uploads\\\/sites\\\/7\\\/2022\\\/02\\\/032050141.png\",\"datePublished\":\"2022-02-28T13:05:06+00:00\",\"dateModified\":\"2022-03-10T12:15:19+00:00\",\"breadcrumb\":{\"@id\":\"https:\\\/\\\/drasanvi.com\\\/fr\\\/producto\\\/drain-plus\\\/#breadcrumb\"},\"inLanguage\":\"fr-FR\",\"potentialAction\":[{\"@type\":\"ReadAction\",\"target\":[\"https:\\\/\\\/drasanvi.com\\\/fr\\\/producto\\\/drain-plus\\\/\"]}]},{\"@type\":\"ImageObject\",\"inLanguage\":\"fr-FR\",\"@id\":\"https:\\\/\\\/drasanvi.com\\\/fr\\\/producto\\\/drain-plus\\\/#primaryimage\",\"url\":\"https:\\\/\\\/drasanvi.com\\\/fr\\\/wp-content\\\/uploads\\\/sites\\\/7\\\/2022\\\/02\\\/032050141.png\",\"contentUrl\":\"https:\\\/\\\/drasanvi.com\\\/fr\\\/wp-content\\\/uploads\\\/sites\\\/7\\\/2022\\\/02\\\/032050141.png\",\"width\":1000,\"height\":1000},{\"@type\":\"BreadcrumbList\",\"@id\":\"https:\\\/\\\/drasanvi.com\\\/fr\\\/producto\\\/drain-plus\\\/#breadcrumb\",\"itemListElement\":[{\"@type\":\"ListItem\",\"position\":1,\"name\":\"Portada\",\"item\":\"https:\\\/\\\/drasanvi.com\\\/fr\\\/\"},{\"@type\":\"ListItem\",\"position\":2,\"name\":\"Tienda\",\"item\":\"https:\\\/\\\/drasanvi.com\\\/fr\\\/tienda\\\/\"},{\"@type\":\"ListItem\",\"position\":3,\"name\":\"Drain Plus\"}]},{\"@type\":\"WebSite\",\"@id\":\"https:\\\/\\\/drasanvi.com\\\/fr\\\/#website\",\"url\":\"https:\\\/\\\/drasanvi.com\\\/fr\\\/\",\"name\":\"Drasanvi Francia\",\"description\":\"L\u00edder en complementos alimenticios y cosm\u00e9tica natural.\",\"publisher\":{\"@id\":\"https:\\\/\\\/drasanvi.com\\\/fr\\\/#organization\"},\"potentialAction\":[{\"@type\":\"SearchAction\",\"target\":{\"@type\":\"EntryPoint\",\"urlTemplate\":\"https:\\\/\\\/drasanvi.com\\\/fr\\\/?s={search_term_string}\"},\"query-input\":{\"@type\":\"PropertyValueSpecification\",\"valueRequired\":true,\"valueName\":\"search_term_string\"}}],\"inLanguage\":\"fr-FR\"},{\"@type\":\"Organization\",\"@id\":\"https:\\\/\\\/drasanvi.com\\\/fr\\\/#organization\",\"name\":\"Drasanvi\",\"url\":\"https:\\\/\\\/drasanvi.com\\\/fr\\\/\",\"logo\":{\"@type\":\"ImageObject\",\"inLanguage\":\"fr-FR\",\"@id\":\"https:\\\/\\\/drasanvi.com\\\/fr\\\/#\\\/schema\\\/logo\\\/image\\\/\",\"url\":\"https:\\\/\\\/drasanvi.com\\\/wp-content\\\/uploads\\\/sites\\\/7\\\/2021\\\/07\\\/logo-drasanvi.png\",\"contentUrl\":\"https:\\\/\\\/drasanvi.com\\\/wp-content\\\/uploads\\\/sites\\\/7\\\/2021\\\/07\\\/logo-drasanvi.png\",\"width\":900,\"height\":300,\"caption\":\"Drasanvi\"},\"image\":{\"@id\":\"https:\\\/\\\/drasanvi.com\\\/fr\\\/#\\\/schema\\\/logo\\\/image\\\/\"}}]}<\/script>\n<!-- \/ Yoast SEO plugin. -->","yoast_head_json":{"title":"Drain Plus - Drasanvi Francia","robots":{"index":"index","follow":"follow","max-snippet":"max-snippet:-1","max-image-preview":"max-image-preview:large","max-video-preview":"max-video-preview:-1"},"canonical":"https:\/\/drasanvi.com\/fr\/producto\/drain-plus\/","og_locale":"fr_FR","og_type":"article","og_title":"Drain Plus - Drasanvi Francia","og_description":"Drain Plus es un complemento alimenticio que se basa en la sinergia del extracto seco de Ar\u00e1ndano Rojo (Vaccimium\u00a0macrocarpom), conocido tambi\u00e9n como\u00a0Cramberry,\u00a0con la Cola de Caballo, la\u00a0Zarzaparrilla, el\u00a0Diente de Le\u00f3n, la\u00a0Pasiflora,\u00a0la\u00a0Gayuba y la\u00a0Alcachofera. Todas estas plantas se encuentran en forma de extracto seco, diluido en un zumo de pomelo rosa, aportando un\u00a0sabor muy refrescante.Con el fin de no aportar calor\u00edas, hemos incorporado sucralosa como edulcorante. Se trata de una sustancia procedente\u00a0de la sacarosa, pero sin aporte de calor\u00edas.Ficha t\u00e9cnica","og_url":"https:\/\/drasanvi.com\/fr\/producto\/drain-plus\/","og_site_name":"Drasanvi Francia","article_modified_time":"2022-03-10T12:15:19+00:00","og_image":[{"width":1000,"height":1000,"url":"https:\/\/drasanvi.com\/wp-content\/uploads\/sites\/7\/2022\/02\/032050141.png","type":"image\/png"}],"twitter_card":"summary_large_image","schema":{"@context":"https:\/\/schema.org","@graph":[{"@type":"WebPage","@id":"https:\/\/drasanvi.com\/fr\/producto\/drain-plus\/","url":"https:\/\/drasanvi.com\/fr\/producto\/drain-plus\/","name":"Drain Plus - Drasanvi Francia","isPartOf":{"@id":"https:\/\/drasanvi.com\/fr\/#website"},"primaryImageOfPage":{"@id":"https:\/\/drasanvi.com\/fr\/producto\/drain-plus\/#primaryimage"},"image":{"@id":"https:\/\/drasanvi.com\/fr\/producto\/drain-plus\/#primaryimage"},"thumbnailUrl":"https:\/\/drasanvi.com\/fr\/wp-content\/uploads\/sites\/7\/2022\/02\/032050141.png","datePublished":"2022-02-28T13:05:06+00:00","dateModified":"2022-03-10T12:15:19+00:00","breadcrumb":{"@id":"https:\/\/drasanvi.com\/fr\/producto\/drain-plus\/#breadcrumb"},"inLanguage":"fr-FR","potentialAction":[{"@type":"ReadAction","target":["https:\/\/drasanvi.com\/fr\/producto\/drain-plus\/"]}]},{"@type":"ImageObject","inLanguage":"fr-FR","@id":"https:\/\/drasanvi.com\/fr\/producto\/drain-plus\/#primaryimage","url":"https:\/\/drasanvi.com\/fr\/wp-content\/uploads\/sites\/7\/2022\/02\/032050141.png","contentUrl":"https:\/\/drasanvi.com\/fr\/wp-content\/uploads\/sites\/7\/2022\/02\/032050141.png","width":1000,"height":1000},{"@type":"BreadcrumbList","@id":"https:\/\/drasanvi.com\/fr\/producto\/drain-plus\/#breadcrumb","itemListElement":[{"@type":"ListItem","position":1,"name":"Portada","item":"https:\/\/drasanvi.com\/fr\/"},{"@type":"ListItem","position":2,"name":"Tienda","item":"https:\/\/drasanvi.com\/fr\/tienda\/"},{"@type":"ListItem","position":3,"name":"Drain Plus"}]},{"@type":"WebSite","@id":"https:\/\/drasanvi.com\/fr\/#website","url":"https:\/\/drasanvi.com\/fr\/","name":"Drasanvi Francia","description":"L\u00edder en complementos alimenticios y cosm\u00e9tica natural.","publisher":{"@id":"https:\/\/drasanvi.com\/fr\/#organization"},"potentialAction":[{"@type":"SearchAction","target":{"@type":"EntryPoint","urlTemplate":"https:\/\/drasanvi.com\/fr\/?s={search_term_string}"},"query-input":{"@type":"PropertyValueSpecification","valueRequired":true,"valueName":"search_term_string"}}],"inLanguage":"fr-FR"},{"@type":"Organization","@id":"https:\/\/drasanvi.com\/fr\/#organization","name":"Drasanvi","url":"https:\/\/drasanvi.com\/fr\/","logo":{"@type":"ImageObject","inLanguage":"fr-FR","@id":"https:\/\/drasanvi.com\/fr\/#\/schema\/logo\/image\/","url":"https:\/\/drasanvi.com\/wp-content\/uploads\/sites\/7\/2021\/07\/logo-drasanvi.png","contentUrl":"https:\/\/drasanvi.com\/wp-content\/uploads\/sites\/7\/2021\/07\/logo-drasanvi.png","width":900,"height":300,"caption":"Drasanvi"},"image":{"@id":"https:\/\/drasanvi.com\/fr\/#\/schema\/logo\/image\/"}}]}},"_links":{"self":[{"href":"https:\/\/drasanvi.com\/fr\/wp-json\/wp\/v2\/product\/15512","targetHints":{"allow":["GET"]}}],"collection":[{"href":"https:\/\/drasanvi.com\/fr\/wp-json\/wp\/v2\/product"}],"about":[{"href":"https:\/\/drasanvi.com\/fr\/wp-json\/wp\/v2\/types\/product"}],"version-history":[{"count":0,"href":"https:\/\/drasanvi.com\/fr\/wp-json\/wp\/v2\/product\/15512\/revisions"}],"wp:featuredmedia":[{"embeddable":true,"href":"https:\/\/drasanvi.com\/fr\/wp-json\/wp\/v2\/media\/20039"}],"wp:attachment":[{"href":"https:\/\/drasanvi.com\/fr\/wp-json\/wp\/v2\/media?parent=15512"}],"wp:term":[{"taxonomy":"product_cat","embeddable":true,"href":"https:\/\/drasanvi.com\/fr\/wp-json\/wp\/v2\/product_cat?post=15512"},{"taxonomy":"product_tag","embeddable":true,"href":"https:\/\/drasanvi.com\/fr\/wp-json\/wp\/v2\/product_tag?post=15512"}],"curies":[{"name":"wp","href":"https:\/\/api.w.org\/{rel}","templated":true}]}}