{"id":15504,"date":"2022-02-28T15:05:06","date_gmt":"2022-02-28T13:05:06","guid":{"rendered":"https:\/\/drasanvi.com\/fr\/?post_type=product&#038;p=15504"},"modified":"2022-03-10T14:15:18","modified_gmt":"2022-03-10T12:15:18","slug":"diur-slim","status":"publish","type":"product","link":"https:\/\/drasanvi.com\/fr\/producto\/diur-slim\/","title":{"rendered":"Diur Slim"},"content":{"rendered":"<h2>Ingredientes<\/h2>\n<p>Ingrediente  Cantidad \/ dosis diaria      Potasio En forma de Dihidrogenofosfato pot\u00e1sico  525 mg      Magnesio En forma de Magnesio Glicerofosfato  450 mg      Extracto seco de Cola de Caballo Equisetum arvense L. con aporte en s\u00edlice (1%)  188 mg      Extracto seco de Ma\u00edz Zea mays L.  188 mg      Extracto seco de Vara de Oro Solidago virgaurea L.  188 mg      Extracto seco de Diente de Le\u00f3n Taraxacum officinale Weber  188 mg      Extracto fluido de Enebro Juniperus communis L  188,5 mg      Otros ingredientes: Agua, Fructosa, \u00c1cido C\u00edtrico, Sorbato Pot\u00e1sico y Aroma de Lim\u00f3n.        Sin az\u00facares a\u00f1adidos ni conservantes.<\/p>\n<h2>Modo de uso<\/h2>\n<p>Agitar bien antes de usar. Diluir 20-30 ml en una botella de agua de 1,5 l y beber durante el d\u00eda.<\/p>\n<h3>Presentaci\u00f3n<\/h3>\n<p>Envase de 250 ml (8.75 fl oz)<\/p>\n<h3>Advertencias<\/h3>\n<p>Complemento Alimenticio a base de plantas y minerales.Los complementos alimenticios no deben utilizarse como sustituto de una dieta equilibrada. No superar la dosis diaria expresamente recomendada. Mantener fuera del alcance de los ni&ntilde;os m&aacute;s peque&ntilde;os. Conservar en un lugar fresco y seco. Para la utilizaci&oacute;n prolongada consulte con un especialista (m&aacute;ximo 6 semanas). No utilizar con insuficiencia renal. Contiene soja.<\/p>\n<h2>Informaci\u00f3n adicional<\/h2>\n<p>ingredientes  descripcion  cantidad\/dosis diaria      Agua  \u00a0  17.400 mg      Fructosa  \u00a0  10.000 mg      Dihidr\u00f3genofosfato Pot\u00e1sico  \u00a0  525 mg      Glicerofosfato Magnesico  \u00a0  450 mg      Extracto seco Cola de Caballo  (Equisetum arvense L, Sil\u00edcio 1%)  188 mg      Extracto seco Maiz  (Zea mays L)  188 mg      Extracto seco Vara de Oro  (Solidago virgaurea L.)  188 mg      Extracto seco Diente de Le\u00f3n  (Taraxacum officinale Weber, Inulina 2%)  188 mg      Acidulante  (\u00c1cido c\u00edtrico)  180 mg      Extracto flu\u00eddo Enebro  (Juniperus communis L.)  187,5 mg      Conservador  (Sorbato pot\u00e1sico)  60 mg        Aroma    (Contiene soja) (Aroma lim\u00f3n)  50 mg<\/p>\n<p>Por dosis diaria (20 ml)        Ingrediente  Porcentaje  Cantidad      Magnesio  20.4%  76.4 mg      Potasio  7.5%  150.15 mg      F\u00f3sforo  21%  144.67 mg        % CDR (Cantidad Diaria Recomendada)<\/p>\n","protected":false},"excerpt":{"rendered":"<p>Diur\u00b7Slim es un complemento alimenticio con extractos vegetales de gran calidad. Por su importancia destacamos la Cola de Caballo, el Diente de Le\u00f3n y la Vara de Oro. Diur\u00b7Slim, en su estudiada composici\u00f3n incorpora sales de potasio y magnesio, ya que entre otras propiedades, el magnesio contribuye al equilibrio electrol\u00edtico.<br \/><a id=\"boton-ficha\" href=\"https:\/\/panel.drasanvi.com\/fichas\/1\/032050054\" target=\"_blank\" rel=\"noopener\">Ficha t\u00e9cnica<\/a><\/p>\n","protected":false},"featured_media":20037,"template":"","meta":{"inline_featured_image":false},"product_cat":[109],"product_tag":[],"class_list":["post-15504","product","type-product","status-publish","has-post-thumbnail","hentry","product_cat-peso-saludable","pa_contiene-altramuces-no","pa_contiene-apio-no","pa_contiene-cacahuetes-no","pa_contiene-crustaceos-no","pa_contiene-frutos-secos-no","pa_contiene-huevo-no","pa_contiene-leche-no","pa_contiene-moluscos-no","pa_contiene-mostaza-no","pa_contiene-pescado-no","pa_contiene-sesamo-no","pa_contiene-soja-si","pa_producto-bio-no","pa_producto-sin-gluten-si","pa_producto-vegano-si","pa_producto-vegetariano-si"],"yoast_head":"<!-- This site is optimized with the Yoast SEO plugin v27.5 - https:\/\/yoast.com\/product\/yoast-seo-wordpress\/ -->\n<title>Diur Slim - Drasanvi Francia<\/title>\n<meta name=\"robots\" content=\"index, follow, max-snippet:-1, max-image-preview:large, max-video-preview:-1\" \/>\n<link rel=\"canonical\" href=\"https:\/\/drasanvi.com\/fr\/producto\/diur-slim\/\" \/>\n<meta property=\"og:locale\" content=\"fr_FR\" \/>\n<meta property=\"og:type\" content=\"article\" \/>\n<meta property=\"og:title\" content=\"Diur Slim - Drasanvi Francia\" \/>\n<meta property=\"og:description\" content=\"Diur\u00b7Slim es un complemento alimenticio con extractos vegetales de gran calidad. Por su importancia destacamos la Cola de Caballo, el Diente de Le\u00f3n y la Vara de Oro. Diur\u00b7Slim, en su estudiada composici\u00f3n incorpora sales de potasio y magnesio, ya que entre otras propiedades, el magnesio contribuye al equilibrio electrol\u00edtico.Ficha t\u00e9cnica\" \/>\n<meta property=\"og:url\" content=\"https:\/\/drasanvi.com\/fr\/producto\/diur-slim\/\" \/>\n<meta property=\"og:site_name\" content=\"Drasanvi Francia\" \/>\n<meta property=\"article:modified_time\" content=\"2022-03-10T12:15:18+00:00\" \/>\n<meta property=\"og:image\" content=\"https:\/\/drasanvi.com\/wp-content\/uploads\/sites\/7\/2022\/02\/032050054.png\" \/>\n\t<meta property=\"og:image:width\" content=\"1000\" \/>\n\t<meta property=\"og:image:height\" content=\"1000\" \/>\n\t<meta property=\"og:image:type\" content=\"image\/png\" \/>\n<meta name=\"twitter:card\" content=\"summary_large_image\" \/>\n<script type=\"application\/ld+json\" class=\"yoast-schema-graph\">{\"@context\":\"https:\\\/\\\/schema.org\",\"@graph\":[{\"@type\":\"WebPage\",\"@id\":\"https:\\\/\\\/drasanvi.com\\\/fr\\\/producto\\\/diur-slim\\\/\",\"url\":\"https:\\\/\\\/drasanvi.com\\\/fr\\\/producto\\\/diur-slim\\\/\",\"name\":\"Diur Slim - Drasanvi Francia\",\"isPartOf\":{\"@id\":\"https:\\\/\\\/drasanvi.com\\\/fr\\\/#website\"},\"primaryImageOfPage\":{\"@id\":\"https:\\\/\\\/drasanvi.com\\\/fr\\\/producto\\\/diur-slim\\\/#primaryimage\"},\"image\":{\"@id\":\"https:\\\/\\\/drasanvi.com\\\/fr\\\/producto\\\/diur-slim\\\/#primaryimage\"},\"thumbnailUrl\":\"https:\\\/\\\/drasanvi.com\\\/fr\\\/wp-content\\\/uploads\\\/sites\\\/7\\\/2022\\\/02\\\/032050054.png\",\"datePublished\":\"2022-02-28T13:05:06+00:00\",\"dateModified\":\"2022-03-10T12:15:18+00:00\",\"breadcrumb\":{\"@id\":\"https:\\\/\\\/drasanvi.com\\\/fr\\\/producto\\\/diur-slim\\\/#breadcrumb\"},\"inLanguage\":\"fr-FR\",\"potentialAction\":[{\"@type\":\"ReadAction\",\"target\":[\"https:\\\/\\\/drasanvi.com\\\/fr\\\/producto\\\/diur-slim\\\/\"]}]},{\"@type\":\"ImageObject\",\"inLanguage\":\"fr-FR\",\"@id\":\"https:\\\/\\\/drasanvi.com\\\/fr\\\/producto\\\/diur-slim\\\/#primaryimage\",\"url\":\"https:\\\/\\\/drasanvi.com\\\/fr\\\/wp-content\\\/uploads\\\/sites\\\/7\\\/2022\\\/02\\\/032050054.png\",\"contentUrl\":\"https:\\\/\\\/drasanvi.com\\\/fr\\\/wp-content\\\/uploads\\\/sites\\\/7\\\/2022\\\/02\\\/032050054.png\",\"width\":1000,\"height\":1000},{\"@type\":\"BreadcrumbList\",\"@id\":\"https:\\\/\\\/drasanvi.com\\\/fr\\\/producto\\\/diur-slim\\\/#breadcrumb\",\"itemListElement\":[{\"@type\":\"ListItem\",\"position\":1,\"name\":\"Portada\",\"item\":\"https:\\\/\\\/drasanvi.com\\\/fr\\\/\"},{\"@type\":\"ListItem\",\"position\":2,\"name\":\"Tienda\",\"item\":\"https:\\\/\\\/drasanvi.com\\\/fr\\\/tienda\\\/\"},{\"@type\":\"ListItem\",\"position\":3,\"name\":\"Diur Slim\"}]},{\"@type\":\"WebSite\",\"@id\":\"https:\\\/\\\/drasanvi.com\\\/fr\\\/#website\",\"url\":\"https:\\\/\\\/drasanvi.com\\\/fr\\\/\",\"name\":\"Drasanvi Francia\",\"description\":\"L\u00edder en complementos alimenticios y cosm\u00e9tica natural.\",\"publisher\":{\"@id\":\"https:\\\/\\\/drasanvi.com\\\/fr\\\/#organization\"},\"potentialAction\":[{\"@type\":\"SearchAction\",\"target\":{\"@type\":\"EntryPoint\",\"urlTemplate\":\"https:\\\/\\\/drasanvi.com\\\/fr\\\/?s={search_term_string}\"},\"query-input\":{\"@type\":\"PropertyValueSpecification\",\"valueRequired\":true,\"valueName\":\"search_term_string\"}}],\"inLanguage\":\"fr-FR\"},{\"@type\":\"Organization\",\"@id\":\"https:\\\/\\\/drasanvi.com\\\/fr\\\/#organization\",\"name\":\"Drasanvi\",\"url\":\"https:\\\/\\\/drasanvi.com\\\/fr\\\/\",\"logo\":{\"@type\":\"ImageObject\",\"inLanguage\":\"fr-FR\",\"@id\":\"https:\\\/\\\/drasanvi.com\\\/fr\\\/#\\\/schema\\\/logo\\\/image\\\/\",\"url\":\"https:\\\/\\\/drasanvi.com\\\/wp-content\\\/uploads\\\/sites\\\/7\\\/2021\\\/07\\\/logo-drasanvi.png\",\"contentUrl\":\"https:\\\/\\\/drasanvi.com\\\/wp-content\\\/uploads\\\/sites\\\/7\\\/2021\\\/07\\\/logo-drasanvi.png\",\"width\":900,\"height\":300,\"caption\":\"Drasanvi\"},\"image\":{\"@id\":\"https:\\\/\\\/drasanvi.com\\\/fr\\\/#\\\/schema\\\/logo\\\/image\\\/\"}}]}<\/script>\n<!-- \/ Yoast SEO plugin. -->","yoast_head_json":{"title":"Diur Slim - Drasanvi Francia","robots":{"index":"index","follow":"follow","max-snippet":"max-snippet:-1","max-image-preview":"max-image-preview:large","max-video-preview":"max-video-preview:-1"},"canonical":"https:\/\/drasanvi.com\/fr\/producto\/diur-slim\/","og_locale":"fr_FR","og_type":"article","og_title":"Diur Slim - Drasanvi Francia","og_description":"Diur\u00b7Slim es un complemento alimenticio con extractos vegetales de gran calidad. Por su importancia destacamos la Cola de Caballo, el Diente de Le\u00f3n y la Vara de Oro. Diur\u00b7Slim, en su estudiada composici\u00f3n incorpora sales de potasio y magnesio, ya que entre otras propiedades, el magnesio contribuye al equilibrio electrol\u00edtico.Ficha t\u00e9cnica","og_url":"https:\/\/drasanvi.com\/fr\/producto\/diur-slim\/","og_site_name":"Drasanvi Francia","article_modified_time":"2022-03-10T12:15:18+00:00","og_image":[{"width":1000,"height":1000,"url":"https:\/\/drasanvi.com\/wp-content\/uploads\/sites\/7\/2022\/02\/032050054.png","type":"image\/png"}],"twitter_card":"summary_large_image","schema":{"@context":"https:\/\/schema.org","@graph":[{"@type":"WebPage","@id":"https:\/\/drasanvi.com\/fr\/producto\/diur-slim\/","url":"https:\/\/drasanvi.com\/fr\/producto\/diur-slim\/","name":"Diur Slim - Drasanvi Francia","isPartOf":{"@id":"https:\/\/drasanvi.com\/fr\/#website"},"primaryImageOfPage":{"@id":"https:\/\/drasanvi.com\/fr\/producto\/diur-slim\/#primaryimage"},"image":{"@id":"https:\/\/drasanvi.com\/fr\/producto\/diur-slim\/#primaryimage"},"thumbnailUrl":"https:\/\/drasanvi.com\/fr\/wp-content\/uploads\/sites\/7\/2022\/02\/032050054.png","datePublished":"2022-02-28T13:05:06+00:00","dateModified":"2022-03-10T12:15:18+00:00","breadcrumb":{"@id":"https:\/\/drasanvi.com\/fr\/producto\/diur-slim\/#breadcrumb"},"inLanguage":"fr-FR","potentialAction":[{"@type":"ReadAction","target":["https:\/\/drasanvi.com\/fr\/producto\/diur-slim\/"]}]},{"@type":"ImageObject","inLanguage":"fr-FR","@id":"https:\/\/drasanvi.com\/fr\/producto\/diur-slim\/#primaryimage","url":"https:\/\/drasanvi.com\/fr\/wp-content\/uploads\/sites\/7\/2022\/02\/032050054.png","contentUrl":"https:\/\/drasanvi.com\/fr\/wp-content\/uploads\/sites\/7\/2022\/02\/032050054.png","width":1000,"height":1000},{"@type":"BreadcrumbList","@id":"https:\/\/drasanvi.com\/fr\/producto\/diur-slim\/#breadcrumb","itemListElement":[{"@type":"ListItem","position":1,"name":"Portada","item":"https:\/\/drasanvi.com\/fr\/"},{"@type":"ListItem","position":2,"name":"Tienda","item":"https:\/\/drasanvi.com\/fr\/tienda\/"},{"@type":"ListItem","position":3,"name":"Diur Slim"}]},{"@type":"WebSite","@id":"https:\/\/drasanvi.com\/fr\/#website","url":"https:\/\/drasanvi.com\/fr\/","name":"Drasanvi Francia","description":"L\u00edder en complementos alimenticios y cosm\u00e9tica natural.","publisher":{"@id":"https:\/\/drasanvi.com\/fr\/#organization"},"potentialAction":[{"@type":"SearchAction","target":{"@type":"EntryPoint","urlTemplate":"https:\/\/drasanvi.com\/fr\/?s={search_term_string}"},"query-input":{"@type":"PropertyValueSpecification","valueRequired":true,"valueName":"search_term_string"}}],"inLanguage":"fr-FR"},{"@type":"Organization","@id":"https:\/\/drasanvi.com\/fr\/#organization","name":"Drasanvi","url":"https:\/\/drasanvi.com\/fr\/","logo":{"@type":"ImageObject","inLanguage":"fr-FR","@id":"https:\/\/drasanvi.com\/fr\/#\/schema\/logo\/image\/","url":"https:\/\/drasanvi.com\/wp-content\/uploads\/sites\/7\/2021\/07\/logo-drasanvi.png","contentUrl":"https:\/\/drasanvi.com\/wp-content\/uploads\/sites\/7\/2021\/07\/logo-drasanvi.png","width":900,"height":300,"caption":"Drasanvi"},"image":{"@id":"https:\/\/drasanvi.com\/fr\/#\/schema\/logo\/image\/"}}]}},"_links":{"self":[{"href":"https:\/\/drasanvi.com\/fr\/wp-json\/wp\/v2\/product\/15504","targetHints":{"allow":["GET"]}}],"collection":[{"href":"https:\/\/drasanvi.com\/fr\/wp-json\/wp\/v2\/product"}],"about":[{"href":"https:\/\/drasanvi.com\/fr\/wp-json\/wp\/v2\/types\/product"}],"version-history":[{"count":0,"href":"https:\/\/drasanvi.com\/fr\/wp-json\/wp\/v2\/product\/15504\/revisions"}],"wp:featuredmedia":[{"embeddable":true,"href":"https:\/\/drasanvi.com\/fr\/wp-json\/wp\/v2\/media\/20037"}],"wp:attachment":[{"href":"https:\/\/drasanvi.com\/fr\/wp-json\/wp\/v2\/media?parent=15504"}],"wp:term":[{"taxonomy":"product_cat","embeddable":true,"href":"https:\/\/drasanvi.com\/fr\/wp-json\/wp\/v2\/product_cat?post=15504"},{"taxonomy":"product_tag","embeddable":true,"href":"https:\/\/drasanvi.com\/fr\/wp-json\/wp\/v2\/product_tag?post=15504"}],"curies":[{"name":"wp","href":"https:\/\/api.w.org\/{rel}","templated":true}]}}