{"id":15482,"date":"2022-02-28T15:13:01","date_gmt":"2022-02-28T13:13:01","guid":{"rendered":"https:\/\/drasanvi.com\/fr\/?post_type=product&#038;p=15482"},"modified":"2022-03-10T14:15:18","modified_gmt":"2022-03-10T12:15:18","slug":"optimem","status":"publish","type":"product","link":"https:\/\/drasanvi.com\/fr\/producto\/optimem\/","title":{"rendered":"Optimem"},"content":{"rendered":"<h2>Ingredientes<\/h2>\n<p>Ingrediente  Cantidad \/ dosis diaria      Fosfatidilserina  200 mg      Fosfatidilcolina  100 mg      Extracto seco de Ginkgo Biloba  90 mg      L-metionina  50 mg      L-tript\u00f3fano  50 mg      L-glutamina  50 mg      Vitamina C En forma de \u00c1cido Asc\u00f3rbico  40 mg      L-fenilalanina  30 mg      Vitamina B5 En forma de Pantotenato de Calcio  12 mg      Vitamina B3 En forma de Nicotinamida  10 mg      Hierro En forma de Gluconato de Hierro  10 mg      Zinc En forma de Gluconato de Zinc   8 mg      Selenio En forma de Levadura de Selenio  8 mg      Coenzima Q10  1,5 mg      Vitamina E En forma de Acetato de Tocoferol  8 mg      Vitamina B6 En forma de Piridoxina Clorhidrato  1,5 mg      Vitamina B1 En forma de Tiamina Clorhidrato  1,2 mg      Vitamina B2 En forma de Riboflavina  1,2 mg      Cobre En forma de Gluconato de Cobre  1 mg      \u00c1cido F\u00f3lico En forma de \u00c1cido Pteroil-L-glut\u00e1mico  0,2 mg      Vitamina B12 En forma de Cianocabalamina  0,002 mg      Otros ingredientes: Celulosa Microcristalina, Estearato de Magnesio, Di\u00f3xido de Sil\u00edcio y Gelatina (Agente de recubrimiento).        Sin colorantes, edulcorantes, az\u00facares a\u00f1adidos, ni conservantes.<\/p>\n<h2>Modo de uso<\/h2>\n<p>Tomar 2 c\u00e1psulas al d\u00eda, acompa\u00f1adas de 0,2 l de agua.<\/p>\n<h3>Presentaci\u00f3n<\/h3>\n<p>Envase de 45 c\u00e1psulas de 528,55 mg. Peso total: 23,78 g (0.84 oz)<\/p>\n<h3>Advertencias<\/h3>\n<p>Complemento alimenticio a base de fosfol&iacute;pidos, amino&aacute;cidos, vitaminas y minerales.Los complementos alimenticios no deben utilizarse como sustituto de una dieta equilibrada. No superar la dosis diaria expresamente recomendada. Mantener fuera del alcance de los ni&ntilde;os m&aacute;s peque&ntilde;os. Conservar en un lugar fresco y seco. Consulte a su m&eacute;dico en caso de toma simult&aacute;nea de anticoagulantes.<\/p>\n<h2>Informaci\u00f3n adicional<\/h2>\n<p>INGREDIENTES  descripcion  MG\/ D\u00cdA        Fosfatidilserina    \u00a0  200 mg      Gelatina  (Envoltura)  192 mg      Agente de carga    (Celulosa microcristalina)    160 mg        Fosfatidilcolina    \u00a0  100 mg      Extracto seco de Ginkgo biloba  (Ginkgo biloba L.)  90 mg      L-Metionina  \u00a0  50 mg      L-Triptofano  \u00a0  50 mg      L-Glutamina  \u00a0  50 mg      Vitamina C  (\u00c1cido Asc\u00f3rbico)  40 mg      L-Fenilalanina  \u00a0  30 mg      Agente de carga  (Estearato de magnesio)  20 mg      Vitamina B5  (Pantotenato de c\u00e1lcio)  12 mg      Vitamina B3  (Nicotinamida)  10 mg      Gluconato de Hierro  \u00a0  10 mg      Gluconato de Zinc  \u00a0  10 mg      Coenzima Q10  \u00a0  8 mg      Levadura de selenio  \u00a0  8 mg      Vitamina E  (Acetato D-alpha tocoferol)  8 mg      Agente de carga  (Di\u00f3xido de silicio)  4 mg      Vitamina B6  (Clorhidrato de piridoxina)  1,5 mg      Vitamina B1  (Clorhidrato de tiamina)  1,2 mg      Vitamina B2  (Riboflavina)  1,2 mg      Gluconato de cobre  \u00a0  1 mg      \u00c1cido f\u00f3lico  (\u00c1cido pteroil-L-glut\u00e1mico)  0,2 mg      Vitamina B12  (Cianocobalamina)  0,002 mg<\/p>\n<p>por dosis diaria (2 c\u00e1psulas)        Ingrediente  Porcentaje  Cantidad      Vitamina B1  109.09%  1,2 mg      Vitamina B6  107.14%  1,5 mg      Vitamina B9  100%  0,2 mg      Vitamina B5  100%  12 mg      Vitamina B2  85.71%  1,2 mg      Vitamina B12  50%  2 \u00b5g      Vitamina B3  62.5%  10 mg      Vitamina C  50%  40 mg      Vitamina E  33.3%  4 mg      Selenio  29.09%  16 \u00b5g        % VRN (Cantidad Diaria Recomendada)<\/p>\n","protected":false},"excerpt":{"rendered":"<p>Optimem es un complemento alimenticio rico en vitaminas y minerales que incorpora fosfatidilcolina, fosfatidilserina y amino\u00e1cidos como la metionina, fenilalanina, L-glutamina y tript\u00f3fano. Una excelente composici\u00f3n de m\u00e1s de 20 ingredientes que contribuyen al correcto funcionamiento del sistema nervioso y, adem\u00e1s, ayuda a disminuir el cansancio y la fatiga.<br \/><a id=\"boton-ficha\" href=\"https:\/\/panel.drasanvi.com\/fichas\/1\/032050002\" target=\"_blank\" rel=\"noopener\">Ficha t\u00e9cnica<\/a><\/p>\n","protected":false},"featured_media":20479,"template":"","meta":{"inline_featured_image":false},"product_cat":[106],"product_tag":[],"class_list":["post-15482","product","type-product","status-publish","has-post-thumbnail","hentry","product_cat-memoria-rendimiento-mental","pa_contiene-altramuces-no","pa_contiene-apio-no","pa_contiene-cacahuetes-no","pa_contiene-crustaceos-no","pa_contiene-frutos-secos-no","pa_contiene-huevo-no","pa_contiene-leche-no","pa_contiene-moluscos-no","pa_contiene-mostaza-no","pa_contiene-pescado-no","pa_contiene-sesamo-no","pa_contiene-soja-si","pa_producto-bio-no","pa_producto-sin-gluten-si","pa_producto-vegano-si","pa_producto-vegetariano-no"],"yoast_head":"<!-- This site is optimized with the Yoast SEO plugin v27.4 - https:\/\/yoast.com\/product\/yoast-seo-wordpress\/ -->\n<title>Optimem - Drasanvi Francia<\/title>\n<meta name=\"robots\" content=\"index, follow, max-snippet:-1, max-image-preview:large, max-video-preview:-1\" \/>\n<link rel=\"canonical\" href=\"https:\/\/drasanvi.com\/fr\/producto\/optimem\/\" \/>\n<meta property=\"og:locale\" content=\"fr_FR\" \/>\n<meta property=\"og:type\" content=\"article\" \/>\n<meta property=\"og:title\" content=\"Optimem - Drasanvi Francia\" \/>\n<meta property=\"og:description\" content=\"Optimem es un complemento alimenticio rico en vitaminas y minerales que incorpora fosfatidilcolina, fosfatidilserina y amino\u00e1cidos como la metionina, fenilalanina, L-glutamina y tript\u00f3fano. Una excelente composici\u00f3n de m\u00e1s de 20 ingredientes que contribuyen al correcto funcionamiento del sistema nervioso y, adem\u00e1s, ayuda a disminuir el cansancio y la fatiga.Ficha t\u00e9cnica\" \/>\n<meta property=\"og:url\" content=\"https:\/\/drasanvi.com\/fr\/producto\/optimem\/\" \/>\n<meta property=\"og:site_name\" content=\"Drasanvi Francia\" \/>\n<meta property=\"article:modified_time\" content=\"2022-03-10T12:15:18+00:00\" \/>\n<meta property=\"og:image\" content=\"https:\/\/drasanvi.com\/wp-content\/uploads\/sites\/7\/2022\/02\/032050002.png\" \/>\n\t<meta property=\"og:image:width\" content=\"1000\" \/>\n\t<meta property=\"og:image:height\" content=\"1000\" \/>\n\t<meta property=\"og:image:type\" content=\"image\/png\" \/>\n<meta name=\"twitter:card\" content=\"summary_large_image\" \/>\n<script type=\"application\/ld+json\" class=\"yoast-schema-graph\">{\"@context\":\"https:\\\/\\\/schema.org\",\"@graph\":[{\"@type\":\"WebPage\",\"@id\":\"https:\\\/\\\/drasanvi.com\\\/fr\\\/producto\\\/optimem\\\/\",\"url\":\"https:\\\/\\\/drasanvi.com\\\/fr\\\/producto\\\/optimem\\\/\",\"name\":\"Optimem - Drasanvi Francia\",\"isPartOf\":{\"@id\":\"https:\\\/\\\/drasanvi.com\\\/fr\\\/#website\"},\"primaryImageOfPage\":{\"@id\":\"https:\\\/\\\/drasanvi.com\\\/fr\\\/producto\\\/optimem\\\/#primaryimage\"},\"image\":{\"@id\":\"https:\\\/\\\/drasanvi.com\\\/fr\\\/producto\\\/optimem\\\/#primaryimage\"},\"thumbnailUrl\":\"https:\\\/\\\/drasanvi.com\\\/fr\\\/wp-content\\\/uploads\\\/sites\\\/7\\\/2022\\\/02\\\/032050002.png\",\"datePublished\":\"2022-02-28T13:13:01+00:00\",\"dateModified\":\"2022-03-10T12:15:18+00:00\",\"breadcrumb\":{\"@id\":\"https:\\\/\\\/drasanvi.com\\\/fr\\\/producto\\\/optimem\\\/#breadcrumb\"},\"inLanguage\":\"fr-FR\",\"potentialAction\":[{\"@type\":\"ReadAction\",\"target\":[\"https:\\\/\\\/drasanvi.com\\\/fr\\\/producto\\\/optimem\\\/\"]}]},{\"@type\":\"ImageObject\",\"inLanguage\":\"fr-FR\",\"@id\":\"https:\\\/\\\/drasanvi.com\\\/fr\\\/producto\\\/optimem\\\/#primaryimage\",\"url\":\"https:\\\/\\\/drasanvi.com\\\/fr\\\/wp-content\\\/uploads\\\/sites\\\/7\\\/2022\\\/02\\\/032050002.png\",\"contentUrl\":\"https:\\\/\\\/drasanvi.com\\\/fr\\\/wp-content\\\/uploads\\\/sites\\\/7\\\/2022\\\/02\\\/032050002.png\",\"width\":1000,\"height\":1000},{\"@type\":\"BreadcrumbList\",\"@id\":\"https:\\\/\\\/drasanvi.com\\\/fr\\\/producto\\\/optimem\\\/#breadcrumb\",\"itemListElement\":[{\"@type\":\"ListItem\",\"position\":1,\"name\":\"Portada\",\"item\":\"https:\\\/\\\/drasanvi.com\\\/fr\\\/\"},{\"@type\":\"ListItem\",\"position\":2,\"name\":\"Tienda\",\"item\":\"https:\\\/\\\/drasanvi.com\\\/fr\\\/tienda\\\/\"},{\"@type\":\"ListItem\",\"position\":3,\"name\":\"Optimem\"}]},{\"@type\":\"WebSite\",\"@id\":\"https:\\\/\\\/drasanvi.com\\\/fr\\\/#website\",\"url\":\"https:\\\/\\\/drasanvi.com\\\/fr\\\/\",\"name\":\"Drasanvi Francia\",\"description\":\"L\u00edder en complementos alimenticios y cosm\u00e9tica natural.\",\"publisher\":{\"@id\":\"https:\\\/\\\/drasanvi.com\\\/fr\\\/#organization\"},\"potentialAction\":[{\"@type\":\"SearchAction\",\"target\":{\"@type\":\"EntryPoint\",\"urlTemplate\":\"https:\\\/\\\/drasanvi.com\\\/fr\\\/?s={search_term_string}\"},\"query-input\":{\"@type\":\"PropertyValueSpecification\",\"valueRequired\":true,\"valueName\":\"search_term_string\"}}],\"inLanguage\":\"fr-FR\"},{\"@type\":\"Organization\",\"@id\":\"https:\\\/\\\/drasanvi.com\\\/fr\\\/#organization\",\"name\":\"Drasanvi\",\"url\":\"https:\\\/\\\/drasanvi.com\\\/fr\\\/\",\"logo\":{\"@type\":\"ImageObject\",\"inLanguage\":\"fr-FR\",\"@id\":\"https:\\\/\\\/drasanvi.com\\\/fr\\\/#\\\/schema\\\/logo\\\/image\\\/\",\"url\":\"https:\\\/\\\/drasanvi.com\\\/wp-content\\\/uploads\\\/sites\\\/7\\\/2021\\\/07\\\/logo-drasanvi.png\",\"contentUrl\":\"https:\\\/\\\/drasanvi.com\\\/wp-content\\\/uploads\\\/sites\\\/7\\\/2021\\\/07\\\/logo-drasanvi.png\",\"width\":900,\"height\":300,\"caption\":\"Drasanvi\"},\"image\":{\"@id\":\"https:\\\/\\\/drasanvi.com\\\/fr\\\/#\\\/schema\\\/logo\\\/image\\\/\"}}]}<\/script>\n<!-- \/ Yoast SEO plugin. -->","yoast_head_json":{"title":"Optimem - Drasanvi Francia","robots":{"index":"index","follow":"follow","max-snippet":"max-snippet:-1","max-image-preview":"max-image-preview:large","max-video-preview":"max-video-preview:-1"},"canonical":"https:\/\/drasanvi.com\/fr\/producto\/optimem\/","og_locale":"fr_FR","og_type":"article","og_title":"Optimem - Drasanvi Francia","og_description":"Optimem es un complemento alimenticio rico en vitaminas y minerales que incorpora fosfatidilcolina, fosfatidilserina y amino\u00e1cidos como la metionina, fenilalanina, L-glutamina y tript\u00f3fano. Una excelente composici\u00f3n de m\u00e1s de 20 ingredientes que contribuyen al correcto funcionamiento del sistema nervioso y, adem\u00e1s, ayuda a disminuir el cansancio y la fatiga.Ficha t\u00e9cnica","og_url":"https:\/\/drasanvi.com\/fr\/producto\/optimem\/","og_site_name":"Drasanvi Francia","article_modified_time":"2022-03-10T12:15:18+00:00","og_image":[{"width":1000,"height":1000,"url":"https:\/\/drasanvi.com\/wp-content\/uploads\/sites\/7\/2022\/02\/032050002.png","type":"image\/png"}],"twitter_card":"summary_large_image","schema":{"@context":"https:\/\/schema.org","@graph":[{"@type":"WebPage","@id":"https:\/\/drasanvi.com\/fr\/producto\/optimem\/","url":"https:\/\/drasanvi.com\/fr\/producto\/optimem\/","name":"Optimem - Drasanvi Francia","isPartOf":{"@id":"https:\/\/drasanvi.com\/fr\/#website"},"primaryImageOfPage":{"@id":"https:\/\/drasanvi.com\/fr\/producto\/optimem\/#primaryimage"},"image":{"@id":"https:\/\/drasanvi.com\/fr\/producto\/optimem\/#primaryimage"},"thumbnailUrl":"https:\/\/drasanvi.com\/fr\/wp-content\/uploads\/sites\/7\/2022\/02\/032050002.png","datePublished":"2022-02-28T13:13:01+00:00","dateModified":"2022-03-10T12:15:18+00:00","breadcrumb":{"@id":"https:\/\/drasanvi.com\/fr\/producto\/optimem\/#breadcrumb"},"inLanguage":"fr-FR","potentialAction":[{"@type":"ReadAction","target":["https:\/\/drasanvi.com\/fr\/producto\/optimem\/"]}]},{"@type":"ImageObject","inLanguage":"fr-FR","@id":"https:\/\/drasanvi.com\/fr\/producto\/optimem\/#primaryimage","url":"https:\/\/drasanvi.com\/fr\/wp-content\/uploads\/sites\/7\/2022\/02\/032050002.png","contentUrl":"https:\/\/drasanvi.com\/fr\/wp-content\/uploads\/sites\/7\/2022\/02\/032050002.png","width":1000,"height":1000},{"@type":"BreadcrumbList","@id":"https:\/\/drasanvi.com\/fr\/producto\/optimem\/#breadcrumb","itemListElement":[{"@type":"ListItem","position":1,"name":"Portada","item":"https:\/\/drasanvi.com\/fr\/"},{"@type":"ListItem","position":2,"name":"Tienda","item":"https:\/\/drasanvi.com\/fr\/tienda\/"},{"@type":"ListItem","position":3,"name":"Optimem"}]},{"@type":"WebSite","@id":"https:\/\/drasanvi.com\/fr\/#website","url":"https:\/\/drasanvi.com\/fr\/","name":"Drasanvi Francia","description":"L\u00edder en complementos alimenticios y cosm\u00e9tica natural.","publisher":{"@id":"https:\/\/drasanvi.com\/fr\/#organization"},"potentialAction":[{"@type":"SearchAction","target":{"@type":"EntryPoint","urlTemplate":"https:\/\/drasanvi.com\/fr\/?s={search_term_string}"},"query-input":{"@type":"PropertyValueSpecification","valueRequired":true,"valueName":"search_term_string"}}],"inLanguage":"fr-FR"},{"@type":"Organization","@id":"https:\/\/drasanvi.com\/fr\/#organization","name":"Drasanvi","url":"https:\/\/drasanvi.com\/fr\/","logo":{"@type":"ImageObject","inLanguage":"fr-FR","@id":"https:\/\/drasanvi.com\/fr\/#\/schema\/logo\/image\/","url":"https:\/\/drasanvi.com\/wp-content\/uploads\/sites\/7\/2021\/07\/logo-drasanvi.png","contentUrl":"https:\/\/drasanvi.com\/wp-content\/uploads\/sites\/7\/2021\/07\/logo-drasanvi.png","width":900,"height":300,"caption":"Drasanvi"},"image":{"@id":"https:\/\/drasanvi.com\/fr\/#\/schema\/logo\/image\/"}}]}},"_links":{"self":[{"href":"https:\/\/drasanvi.com\/fr\/wp-json\/wp\/v2\/product\/15482","targetHints":{"allow":["GET"]}}],"collection":[{"href":"https:\/\/drasanvi.com\/fr\/wp-json\/wp\/v2\/product"}],"about":[{"href":"https:\/\/drasanvi.com\/fr\/wp-json\/wp\/v2\/types\/product"}],"version-history":[{"count":0,"href":"https:\/\/drasanvi.com\/fr\/wp-json\/wp\/v2\/product\/15482\/revisions"}],"wp:featuredmedia":[{"embeddable":true,"href":"https:\/\/drasanvi.com\/fr\/wp-json\/wp\/v2\/media\/20479"}],"wp:attachment":[{"href":"https:\/\/drasanvi.com\/fr\/wp-json\/wp\/v2\/media?parent=15482"}],"wp:term":[{"taxonomy":"product_cat","embeddable":true,"href":"https:\/\/drasanvi.com\/fr\/wp-json\/wp\/v2\/product_cat?post=15482"},{"taxonomy":"product_tag","embeddable":true,"href":"https:\/\/drasanvi.com\/fr\/wp-json\/wp\/v2\/product_tag?post=15482"}],"curies":[{"name":"wp","href":"https:\/\/api.w.org\/{rel}","templated":true}]}}