{"id":15452,"date":"2022-02-28T15:19:51","date_gmt":"2022-02-28T13:19:51","guid":{"rendered":"https:\/\/drasanvi.com\/fr\/?post_type=product&#038;p=15452"},"modified":"2022-03-15T17:23:22","modified_gmt":"2022-03-15T15:23:22","slug":"vitalpur-defensas","status":"publish","type":"product","link":"https:\/\/drasanvi.com\/fr\/producto\/vitalpur-defensas\/","title":{"rendered":"Vitalpur Defensas"},"content":{"rendered":"<h2>Ingredientes<\/h2>\n<p>Ingrediente Cantidad \/ dosis diaria Jalea Real 1500 mg Pr\u00f3polis En forma de extracto glicerinado 150 mg Vitamina C En forma de \u00c1cido asc\u00f3rbico 80 mg Extracto seco de Echinacea Equinacea purpurea (L) Moench con aporte en echinacosidos (0,6 %) 50 mg 0,3 mg Zinc En forma de gluconato de Zinc 35 mg Lactoferrina Or\u00edgen bovino 25 mg Cobre En forma de gluconato de cobre 7 mg Otros ingredientes: Agua, Aroma de Albaricoque, Sorbato de Potasio, \u00c1cido C\u00edtrico y Gluc\u00f3sidos de Steviol (Stevia rebaudiana Bertoni) Sin az\u00facares ni colorantes<\/p>\n<h2>Modo de uso<\/h2>\n<p>Se recomienda tomar 1 vial al d\u00eda en ayunas, preferiblemente diluido en agua, leche o zumo de fruta. Se recomienda el consumo de jalea diariamente, preferiblemente a la hora del desayuno.<\/p>\n<h3>Presentaci\u00f3n<\/h3>\n<p>Envase de 20 viales de 15 ml. Peso total: 300 ml (10.5 oz)<\/p>\n<h3>Advertencias<\/h3>\n<p>Complemento alimenticio a base de Jalea Real, plantas, vitaminas y minerales con edulcorante.No superar la dosis diaria expresamente recomendada; Los complementos alimenticios no deben utilizarse como sustituto de una dieta equilibrada; Mantener fuera del alcance de los ni\u00f1os m\u00e1s peque\u00f1os. Conservar en un lugar fresco y seco.Con edulcorante natural: gluc\u00f3sidos de steviol, extra\u00eddos de las hojas de la planta Stevia rebaudiana\u00a0Bertoni.<\/p>\n<h2>Informaci\u00f3n adicional<\/h2>\n<p>Ingrediente descripci\u00f3n dosis diaria Agua \u00a0 15.010 mg Jalea Real (10 HDA 4-5%) 1.500 mg Extracto Glicerinado Pr\u00f3polis \u00a0 150 mg Aroma\u00a0 (Aroma de albaricoque) 100 mg Vitamina C (\u00c1cido Asc\u00f3rbico) 80 mg Estracto seco de Equinacea purpurea (Echinacea purpurea, echinac\u00f3sidos 0,6%) 50 mg Gluconato de Zinc (Zinc 28.6%) 35 mg Conservador (Potasio sorbato) 30 mg Lactoferrina (Contiene leche, Origen Bovino) 25 mg Acidulante (\u00c1cido citrico) 20 mg Gluconato de Cobre (Cobre 12%) 7 mg Edulcorante (Gluc\u00f3sidos de steviol) 3 mg<\/p>\n<p>por dosis diaria (15 ml) Ingrediente Porcentaje Cantidad Zinc 100% 10 mg Vitamina C 100% 80 mg Cobre 84% 0,84 mg % VRN (Valores de Referencia de Nutrientes)<\/p>\n","protected":false},"excerpt":{"rendered":"<p>Contribuye al funcionamiento normal del sistema inmunitario. Vitalpur Defensas es un complemento alimenticio a base de Jalea Real (1500 mg), reforzada con sustancias que contribuyen al funcionamiento normal del sistema inmunitario como es el Zinc, el Cobre y la Vitamina C. Adem\u00e1s, en su composici\u00f3n encontramos Pr\u00f3polis, Echinacea y Lactoferrina (prote\u00edna presente en la leche materna de los mam\u00edferos). VitalPur Defensas no lleva az\u00facares a\u00f1adidos y opta por la Stevia (edulcorante extra\u00eddo de las hojas de una planta).<br \/>\n<a id=\"boton-ficha\" href=\"https:\/\/panel.drasanvi.com\/fichas\/1\/032050079\" target=\"_blank\" rel=\"noopener\">Ficha t\u00e9cnica<\/a><\/p>\n","protected":false},"featured_media":20867,"template":"","meta":{"inline_featured_image":false},"product_cat":[96,102],"product_tag":[],"class_list":["post-15452","product","type-product","status-publish","has-post-thumbnail","hentry","product_cat-defensa-invierno","product_cat-jalea-real","pa_contiene-altramuces-no","pa_contiene-apio-no","pa_contiene-cacahuetes-no","pa_contiene-crustaceos-no","pa_contiene-frutos-secos-no","pa_contiene-huevo-no","pa_contiene-leche-si","pa_contiene-moluscos-no","pa_contiene-mostaza-no","pa_contiene-pescado-no","pa_contiene-sesamo-no","pa_contiene-soja-no","pa_producto-bio-no","pa_producto-sin-gluten-si","pa_producto-vegano-no","pa_producto-vegetariano-si"],"yoast_head":"<!-- This site is optimized with the Yoast SEO plugin v27.4 - https:\/\/yoast.com\/product\/yoast-seo-wordpress\/ -->\n<title>Vitalpur Defensas - Drasanvi Francia<\/title>\n<meta name=\"robots\" content=\"index, follow, max-snippet:-1, max-image-preview:large, max-video-preview:-1\" \/>\n<link rel=\"canonical\" href=\"https:\/\/drasanvi.com\/fr\/producto\/vitalpur-defensas\/\" \/>\n<meta property=\"og:locale\" content=\"fr_FR\" \/>\n<meta property=\"og:type\" content=\"article\" \/>\n<meta property=\"og:title\" content=\"Vitalpur Defensas - Drasanvi Francia\" \/>\n<meta property=\"og:description\" content=\"Contribuye al funcionamiento normal del sistema inmunitario. Vitalpur Defensas es un complemento alimenticio a base de Jalea Real (1500 mg), reforzada con sustancias que contribuyen al funcionamiento normal del sistema inmunitario como es el Zinc, el Cobre y la Vitamina C. Adem\u00e1s, en su composici\u00f3n encontramos Pr\u00f3polis, Echinacea y Lactoferrina (prote\u00edna presente en la leche materna de los mam\u00edferos). VitalPur Defensas no lleva az\u00facares a\u00f1adidos y opta por la Stevia (edulcorante extra\u00eddo de las hojas de una planta). Ficha t\u00e9cnica\" \/>\n<meta property=\"og:url\" content=\"https:\/\/drasanvi.com\/fr\/producto\/vitalpur-defensas\/\" \/>\n<meta property=\"og:site_name\" content=\"Drasanvi Francia\" \/>\n<meta property=\"article:modified_time\" content=\"2022-03-15T15:23:22+00:00\" \/>\n<meta property=\"og:image\" content=\"https:\/\/drasanvi.com\/wp-content\/uploads\/sites\/7\/2022\/02\/032050079.png\" \/>\n\t<meta property=\"og:image:width\" content=\"1000\" \/>\n\t<meta property=\"og:image:height\" content=\"1000\" \/>\n\t<meta property=\"og:image:type\" content=\"image\/png\" \/>\n<meta name=\"twitter:card\" content=\"summary_large_image\" \/>\n<script type=\"application\/ld+json\" class=\"yoast-schema-graph\">{\"@context\":\"https:\\\/\\\/schema.org\",\"@graph\":[{\"@type\":\"WebPage\",\"@id\":\"https:\\\/\\\/drasanvi.com\\\/fr\\\/producto\\\/vitalpur-defensas\\\/\",\"url\":\"https:\\\/\\\/drasanvi.com\\\/fr\\\/producto\\\/vitalpur-defensas\\\/\",\"name\":\"Vitalpur Defensas - Drasanvi Francia\",\"isPartOf\":{\"@id\":\"https:\\\/\\\/drasanvi.com\\\/fr\\\/#website\"},\"primaryImageOfPage\":{\"@id\":\"https:\\\/\\\/drasanvi.com\\\/fr\\\/producto\\\/vitalpur-defensas\\\/#primaryimage\"},\"image\":{\"@id\":\"https:\\\/\\\/drasanvi.com\\\/fr\\\/producto\\\/vitalpur-defensas\\\/#primaryimage\"},\"thumbnailUrl\":\"https:\\\/\\\/drasanvi.com\\\/fr\\\/wp-content\\\/uploads\\\/sites\\\/7\\\/2022\\\/02\\\/032050079.png\",\"datePublished\":\"2022-02-28T13:19:51+00:00\",\"dateModified\":\"2022-03-15T15:23:22+00:00\",\"breadcrumb\":{\"@id\":\"https:\\\/\\\/drasanvi.com\\\/fr\\\/producto\\\/vitalpur-defensas\\\/#breadcrumb\"},\"inLanguage\":\"fr-FR\",\"potentialAction\":[{\"@type\":\"ReadAction\",\"target\":[\"https:\\\/\\\/drasanvi.com\\\/fr\\\/producto\\\/vitalpur-defensas\\\/\"]}]},{\"@type\":\"ImageObject\",\"inLanguage\":\"fr-FR\",\"@id\":\"https:\\\/\\\/drasanvi.com\\\/fr\\\/producto\\\/vitalpur-defensas\\\/#primaryimage\",\"url\":\"https:\\\/\\\/drasanvi.com\\\/fr\\\/wp-content\\\/uploads\\\/sites\\\/7\\\/2022\\\/02\\\/032050079.png\",\"contentUrl\":\"https:\\\/\\\/drasanvi.com\\\/fr\\\/wp-content\\\/uploads\\\/sites\\\/7\\\/2022\\\/02\\\/032050079.png\",\"width\":1000,\"height\":1000},{\"@type\":\"BreadcrumbList\",\"@id\":\"https:\\\/\\\/drasanvi.com\\\/fr\\\/producto\\\/vitalpur-defensas\\\/#breadcrumb\",\"itemListElement\":[{\"@type\":\"ListItem\",\"position\":1,\"name\":\"Portada\",\"item\":\"https:\\\/\\\/drasanvi.com\\\/fr\\\/\"},{\"@type\":\"ListItem\",\"position\":2,\"name\":\"Tienda\",\"item\":\"https:\\\/\\\/drasanvi.com\\\/fr\\\/tienda\\\/\"},{\"@type\":\"ListItem\",\"position\":3,\"name\":\"Vitalpur Defensas\"}]},{\"@type\":\"WebSite\",\"@id\":\"https:\\\/\\\/drasanvi.com\\\/fr\\\/#website\",\"url\":\"https:\\\/\\\/drasanvi.com\\\/fr\\\/\",\"name\":\"Drasanvi Francia\",\"description\":\"L\u00edder en complementos alimenticios y cosm\u00e9tica natural.\",\"publisher\":{\"@id\":\"https:\\\/\\\/drasanvi.com\\\/fr\\\/#organization\"},\"potentialAction\":[{\"@type\":\"SearchAction\",\"target\":{\"@type\":\"EntryPoint\",\"urlTemplate\":\"https:\\\/\\\/drasanvi.com\\\/fr\\\/?s={search_term_string}\"},\"query-input\":{\"@type\":\"PropertyValueSpecification\",\"valueRequired\":true,\"valueName\":\"search_term_string\"}}],\"inLanguage\":\"fr-FR\"},{\"@type\":\"Organization\",\"@id\":\"https:\\\/\\\/drasanvi.com\\\/fr\\\/#organization\",\"name\":\"Drasanvi\",\"url\":\"https:\\\/\\\/drasanvi.com\\\/fr\\\/\",\"logo\":{\"@type\":\"ImageObject\",\"inLanguage\":\"fr-FR\",\"@id\":\"https:\\\/\\\/drasanvi.com\\\/fr\\\/#\\\/schema\\\/logo\\\/image\\\/\",\"url\":\"https:\\\/\\\/drasanvi.com\\\/wp-content\\\/uploads\\\/sites\\\/7\\\/2021\\\/07\\\/logo-drasanvi.png\",\"contentUrl\":\"https:\\\/\\\/drasanvi.com\\\/wp-content\\\/uploads\\\/sites\\\/7\\\/2021\\\/07\\\/logo-drasanvi.png\",\"width\":900,\"height\":300,\"caption\":\"Drasanvi\"},\"image\":{\"@id\":\"https:\\\/\\\/drasanvi.com\\\/fr\\\/#\\\/schema\\\/logo\\\/image\\\/\"}}]}<\/script>\n<!-- \/ Yoast SEO plugin. -->","yoast_head_json":{"title":"Vitalpur Defensas - Drasanvi Francia","robots":{"index":"index","follow":"follow","max-snippet":"max-snippet:-1","max-image-preview":"max-image-preview:large","max-video-preview":"max-video-preview:-1"},"canonical":"https:\/\/drasanvi.com\/fr\/producto\/vitalpur-defensas\/","og_locale":"fr_FR","og_type":"article","og_title":"Vitalpur Defensas - Drasanvi Francia","og_description":"Contribuye al funcionamiento normal del sistema inmunitario. Vitalpur Defensas es un complemento alimenticio a base de Jalea Real (1500 mg), reforzada con sustancias que contribuyen al funcionamiento normal del sistema inmunitario como es el Zinc, el Cobre y la Vitamina C. Adem\u00e1s, en su composici\u00f3n encontramos Pr\u00f3polis, Echinacea y Lactoferrina (prote\u00edna presente en la leche materna de los mam\u00edferos). VitalPur Defensas no lleva az\u00facares a\u00f1adidos y opta por la Stevia (edulcorante extra\u00eddo de las hojas de una planta). Ficha t\u00e9cnica","og_url":"https:\/\/drasanvi.com\/fr\/producto\/vitalpur-defensas\/","og_site_name":"Drasanvi Francia","article_modified_time":"2022-03-15T15:23:22+00:00","og_image":[{"width":1000,"height":1000,"url":"https:\/\/drasanvi.com\/wp-content\/uploads\/sites\/7\/2022\/02\/032050079.png","type":"image\/png"}],"twitter_card":"summary_large_image","schema":{"@context":"https:\/\/schema.org","@graph":[{"@type":"WebPage","@id":"https:\/\/drasanvi.com\/fr\/producto\/vitalpur-defensas\/","url":"https:\/\/drasanvi.com\/fr\/producto\/vitalpur-defensas\/","name":"Vitalpur Defensas - Drasanvi Francia","isPartOf":{"@id":"https:\/\/drasanvi.com\/fr\/#website"},"primaryImageOfPage":{"@id":"https:\/\/drasanvi.com\/fr\/producto\/vitalpur-defensas\/#primaryimage"},"image":{"@id":"https:\/\/drasanvi.com\/fr\/producto\/vitalpur-defensas\/#primaryimage"},"thumbnailUrl":"https:\/\/drasanvi.com\/fr\/wp-content\/uploads\/sites\/7\/2022\/02\/032050079.png","datePublished":"2022-02-28T13:19:51+00:00","dateModified":"2022-03-15T15:23:22+00:00","breadcrumb":{"@id":"https:\/\/drasanvi.com\/fr\/producto\/vitalpur-defensas\/#breadcrumb"},"inLanguage":"fr-FR","potentialAction":[{"@type":"ReadAction","target":["https:\/\/drasanvi.com\/fr\/producto\/vitalpur-defensas\/"]}]},{"@type":"ImageObject","inLanguage":"fr-FR","@id":"https:\/\/drasanvi.com\/fr\/producto\/vitalpur-defensas\/#primaryimage","url":"https:\/\/drasanvi.com\/fr\/wp-content\/uploads\/sites\/7\/2022\/02\/032050079.png","contentUrl":"https:\/\/drasanvi.com\/fr\/wp-content\/uploads\/sites\/7\/2022\/02\/032050079.png","width":1000,"height":1000},{"@type":"BreadcrumbList","@id":"https:\/\/drasanvi.com\/fr\/producto\/vitalpur-defensas\/#breadcrumb","itemListElement":[{"@type":"ListItem","position":1,"name":"Portada","item":"https:\/\/drasanvi.com\/fr\/"},{"@type":"ListItem","position":2,"name":"Tienda","item":"https:\/\/drasanvi.com\/fr\/tienda\/"},{"@type":"ListItem","position":3,"name":"Vitalpur Defensas"}]},{"@type":"WebSite","@id":"https:\/\/drasanvi.com\/fr\/#website","url":"https:\/\/drasanvi.com\/fr\/","name":"Drasanvi Francia","description":"L\u00edder en complementos alimenticios y cosm\u00e9tica natural.","publisher":{"@id":"https:\/\/drasanvi.com\/fr\/#organization"},"potentialAction":[{"@type":"SearchAction","target":{"@type":"EntryPoint","urlTemplate":"https:\/\/drasanvi.com\/fr\/?s={search_term_string}"},"query-input":{"@type":"PropertyValueSpecification","valueRequired":true,"valueName":"search_term_string"}}],"inLanguage":"fr-FR"},{"@type":"Organization","@id":"https:\/\/drasanvi.com\/fr\/#organization","name":"Drasanvi","url":"https:\/\/drasanvi.com\/fr\/","logo":{"@type":"ImageObject","inLanguage":"fr-FR","@id":"https:\/\/drasanvi.com\/fr\/#\/schema\/logo\/image\/","url":"https:\/\/drasanvi.com\/wp-content\/uploads\/sites\/7\/2021\/07\/logo-drasanvi.png","contentUrl":"https:\/\/drasanvi.com\/wp-content\/uploads\/sites\/7\/2021\/07\/logo-drasanvi.png","width":900,"height":300,"caption":"Drasanvi"},"image":{"@id":"https:\/\/drasanvi.com\/fr\/#\/schema\/logo\/image\/"}}]}},"_links":{"self":[{"href":"https:\/\/drasanvi.com\/fr\/wp-json\/wp\/v2\/product\/15452","targetHints":{"allow":["GET"]}}],"collection":[{"href":"https:\/\/drasanvi.com\/fr\/wp-json\/wp\/v2\/product"}],"about":[{"href":"https:\/\/drasanvi.com\/fr\/wp-json\/wp\/v2\/types\/product"}],"version-history":[{"count":0,"href":"https:\/\/drasanvi.com\/fr\/wp-json\/wp\/v2\/product\/15452\/revisions"}],"wp:featuredmedia":[{"embeddable":true,"href":"https:\/\/drasanvi.com\/fr\/wp-json\/wp\/v2\/media\/20867"}],"wp:attachment":[{"href":"https:\/\/drasanvi.com\/fr\/wp-json\/wp\/v2\/media?parent=15452"}],"wp:term":[{"taxonomy":"product_cat","embeddable":true,"href":"https:\/\/drasanvi.com\/fr\/wp-json\/wp\/v2\/product_cat?post=15452"},{"taxonomy":"product_tag","embeddable":true,"href":"https:\/\/drasanvi.com\/fr\/wp-json\/wp\/v2\/product_tag?post=15452"}],"curies":[{"name":"wp","href":"https:\/\/api.w.org\/{rel}","templated":true}]}}