{"id":15444,"date":"2022-02-28T15:16:10","date_gmt":"2022-02-28T13:16:10","guid":{"rendered":"https:\/\/drasanvi.com\/fr\/?post_type=product&#038;p=15444"},"modified":"2022-03-10T14:15:16","modified_gmt":"2022-03-10T12:15:16","slug":"sintox-250-ml","status":"publish","type":"product","link":"https:\/\/drasanvi.com\/fr\/producto\/sintox-250-ml\/","title":{"rendered":"Sintox 250 ml"},"content":{"rendered":"<h2>Ingredientes<\/h2>\n<p>Ingrediente  Cantidad \/ dosis diaria      Miel Miel milflores  5400 mg      Pr\u00f3polis Como Extracto Glic\u00f3lico  450 mg      Extracto seco de B\u00e1lsamo del Per\u00fa Myroxylon balsamum extra\u00eddo del tronco del \u00e1rbol Myroxilum  450 mg      Extracto seco de Llant\u00e9n Plantago lanceolata L.aporta taninos (4%)  150 mg .\u00a06 mg      Extracto seco de Drosera Drosera rotundifolia  150 mg      Extracto seco de Malva Malva sylvestris L.obtenido de las flores  120 mg      Extracto seco de Eucalipto Eucalyptus globulus Labill.  120 mg      Vitamina C Como \u00c1cido Asc\u00f3rbico  66 mg      Gluconato de Zinc\u00a0Zinc  17,52 mg\u00a0. 2.5 mg      Aceite esencial de Pino Pinus sylvestris obtenido por arrastre de vapor de agua  9,6 mg      Cobre Como Gluconato de Cobre  3,6 mg      Manganeso Como Sulfato de Manganeso  2,76 mg      Otros ingredientes: Agua, Sirope de arroz, Carboxilmetil Celulosa y Sorbato Pot\u00e1sico.        Sin az\u00facares a\u00f1adidos ni colorantes.<\/p>\n<h2>Modo de uso<\/h2>\n<p>Tomar 30 ml al d\u00eda repartidos en 2-3 tomas. Pueden tomarse directamente o diluirse en alguna bebida caliente.<\/p>\n<h3>Presentaci\u00f3n<\/h3>\n<p>Envase de 250 ml (8.75 fl oz).<\/p>\n<h3>Advertencias<\/h3>\n<p>Complemento alimenticio a base de miel, plantas, vitaminas y minerales. No superar la dosis diaria expresamente recomendada; Los complementos alimenticios no deben utilizarse como sustituto de una dieta equilibrada; Mantener fuera del alcance de los ni&ntilde;os m&aacute;s peque&ntilde;os. Conservar en un lugar fresco y seco.<\/p>\n<h2>Informaci\u00f3n adicional<\/h2>\n<p>INGREDIENTES  DESCRIPCI\u00d3N  CANTIDAD DOSIS DIARIA      Agua  \u00a0  16200 mg      Sirope de Arroz  \u00a0  12.000 mg      Miel  \u00a0  5.400 mg      Extracto Fluido de Pr\u00f3polis  \u00a0  450 mg      Extracto seco de B\u00e1lsamo del Per\u00fa  (Myroxylon balsamum)  450 mg      Extracto seco de Llanten  (Plantago lanceolata L., Taninos 4%)  150 mg      Extracto seco de Drosera  (Drosera rotundifolia)  150 mg      Espesante  (Carboxilmetil Celulosa)  150 mg      Extracto seco de Malva  (Malva sylvestris L).  120 mg      Extracto seco de Eucalipto  (Eucalyptus globulus Labill.)  120 mg      Vitamina C  (\u00c1cido Asc\u00f3rbico)  66 mg      Conservador  (Sorbato pot\u00e1sico)  60 mg      Gluconato de Zinc  (Zinc 14.35%)  17.52 mg      Aceite esencial de Pino  (Pinus sylvestris)  9,6 mg      Gluconato de Cobre  (Cobre 14%)  3,6 mg      Sulfato de Manganeso  (Manganeso 36,4%)  2,76 mg<\/p>\n<p>por dosis diaria (30 ml)        Ingrediente  Porcentaje  Cantidad      Vitamina C  82.5%  66 mg      Cobre  50%  0,5 mg      Manganeso  50%  1 mg      Zinc  25%  2.5 mg        % VRN (Valor de Referencia de Nutrientes)<\/p>\n","protected":false},"excerpt":{"rendered":"<p>Sintox es un complemento alimenticio a base de Pr\u00f3polis. Se ha utilizado un Pr\u00f3polis de primera calidad, que al ser a\u00f1adido en forma de extracto podemos asegurar una titulaci\u00f3n cercana al 12% en Galangina (bioflavonoide). El Pr\u00f3polis es una sustancia elaborada por las abejas, a partir de componentes resinosos de las plantas. El Pr\u00f3polis est\u00e1 formado por resinas, b\u00e1lsamos, aceites esenciales y materia org\u00e1nica, entre las que destacan los flavonoides como la Galangina y la Quercitina. Adem\u00e1s del Pr\u00f3polis, podemos encontrar una excelente mezcla de extractos vegetales: B\u00e1lsamo del Per\u00fa, Pino, Llant\u00e9n, Drosera, Malva y Eucalipto. Sintox est\u00e1 enriquecido con Vitamina C, Cobre, Zinc y Manganeso, que contribuyen al correcto funcionamiento del sistema inmunitario.<br \/><a id=\"boton-ficha\" href=\"https:\/\/panel.drasanvi.com\/fichas\/1\/032050038\" target=\"_blank\" rel=\"noopener\">Ficha t\u00e9cnica<\/a><\/p>\n","protected":false},"featured_media":20644,"template":"","meta":{"inline_featured_image":false},"product_cat":[96],"product_tag":[],"class_list":["post-15444","product","type-product","status-publish","has-post-thumbnail","hentry","product_cat-defensa-invierno","pa_contiene-altramuces-no","pa_contiene-apio-no","pa_contiene-cacahuetes-no","pa_contiene-crustaceos-no","pa_contiene-frutos-secos-no","pa_contiene-huevo-no","pa_contiene-leche-no","pa_contiene-moluscos-no","pa_contiene-mostaza-no","pa_contiene-pescado-no","pa_contiene-sesamo-no","pa_contiene-soja-no","pa_producto-bio-no","pa_producto-sin-gluten-si","pa_producto-vegano-no","pa_producto-vegetariano-no"],"yoast_head":"<!-- This site is optimized with the Yoast SEO plugin v27.4 - https:\/\/yoast.com\/product\/yoast-seo-wordpress\/ -->\n<title>Sintox 250 ml - Drasanvi Francia<\/title>\n<meta name=\"robots\" content=\"index, follow, max-snippet:-1, max-image-preview:large, max-video-preview:-1\" \/>\n<link rel=\"canonical\" href=\"https:\/\/drasanvi.com\/fr\/producto\/sintox-250-ml\/\" \/>\n<meta property=\"og:locale\" content=\"fr_FR\" \/>\n<meta property=\"og:type\" content=\"article\" \/>\n<meta property=\"og:title\" content=\"Sintox 250 ml - Drasanvi Francia\" \/>\n<meta property=\"og:description\" content=\"Sintox es un complemento alimenticio a base de Pr\u00f3polis. Se ha utilizado un Pr\u00f3polis de primera calidad, que al ser a\u00f1adido en forma de extracto podemos asegurar una titulaci\u00f3n cercana al 12% en Galangina (bioflavonoide). El Pr\u00f3polis es una sustancia elaborada por las abejas, a partir de componentes resinosos de las plantas. El Pr\u00f3polis est\u00e1 formado por resinas, b\u00e1lsamos, aceites esenciales y materia org\u00e1nica, entre las que destacan los flavonoides como la Galangina y la Quercitina. Adem\u00e1s del Pr\u00f3polis, podemos encontrar una excelente mezcla de extractos vegetales: B\u00e1lsamo del Per\u00fa, Pino, Llant\u00e9n, Drosera, Malva y Eucalipto. Sintox est\u00e1 enriquecido con Vitamina C, Cobre, Zinc y Manganeso, que contribuyen al correcto funcionamiento del sistema inmunitario.Ficha t\u00e9cnica\" \/>\n<meta property=\"og:url\" content=\"https:\/\/drasanvi.com\/fr\/producto\/sintox-250-ml\/\" \/>\n<meta property=\"og:site_name\" content=\"Drasanvi Francia\" \/>\n<meta property=\"article:modified_time\" content=\"2022-03-10T12:15:16+00:00\" \/>\n<meta property=\"og:image\" content=\"https:\/\/drasanvi.com\/wp-content\/uploads\/sites\/7\/2022\/02\/032050038.png\" \/>\n\t<meta property=\"og:image:width\" content=\"1000\" \/>\n\t<meta property=\"og:image:height\" content=\"1000\" \/>\n\t<meta property=\"og:image:type\" content=\"image\/png\" \/>\n<meta name=\"twitter:card\" content=\"summary_large_image\" \/>\n<script type=\"application\/ld+json\" class=\"yoast-schema-graph\">{\"@context\":\"https:\\\/\\\/schema.org\",\"@graph\":[{\"@type\":\"WebPage\",\"@id\":\"https:\\\/\\\/drasanvi.com\\\/fr\\\/producto\\\/sintox-250-ml\\\/\",\"url\":\"https:\\\/\\\/drasanvi.com\\\/fr\\\/producto\\\/sintox-250-ml\\\/\",\"name\":\"Sintox 250 ml - Drasanvi Francia\",\"isPartOf\":{\"@id\":\"https:\\\/\\\/drasanvi.com\\\/fr\\\/#website\"},\"primaryImageOfPage\":{\"@id\":\"https:\\\/\\\/drasanvi.com\\\/fr\\\/producto\\\/sintox-250-ml\\\/#primaryimage\"},\"image\":{\"@id\":\"https:\\\/\\\/drasanvi.com\\\/fr\\\/producto\\\/sintox-250-ml\\\/#primaryimage\"},\"thumbnailUrl\":\"https:\\\/\\\/drasanvi.com\\\/fr\\\/wp-content\\\/uploads\\\/sites\\\/7\\\/2022\\\/02\\\/032050038.png\",\"datePublished\":\"2022-02-28T13:16:10+00:00\",\"dateModified\":\"2022-03-10T12:15:16+00:00\",\"breadcrumb\":{\"@id\":\"https:\\\/\\\/drasanvi.com\\\/fr\\\/producto\\\/sintox-250-ml\\\/#breadcrumb\"},\"inLanguage\":\"fr-FR\",\"potentialAction\":[{\"@type\":\"ReadAction\",\"target\":[\"https:\\\/\\\/drasanvi.com\\\/fr\\\/producto\\\/sintox-250-ml\\\/\"]}]},{\"@type\":\"ImageObject\",\"inLanguage\":\"fr-FR\",\"@id\":\"https:\\\/\\\/drasanvi.com\\\/fr\\\/producto\\\/sintox-250-ml\\\/#primaryimage\",\"url\":\"https:\\\/\\\/drasanvi.com\\\/fr\\\/wp-content\\\/uploads\\\/sites\\\/7\\\/2022\\\/02\\\/032050038.png\",\"contentUrl\":\"https:\\\/\\\/drasanvi.com\\\/fr\\\/wp-content\\\/uploads\\\/sites\\\/7\\\/2022\\\/02\\\/032050038.png\",\"width\":1000,\"height\":1000},{\"@type\":\"BreadcrumbList\",\"@id\":\"https:\\\/\\\/drasanvi.com\\\/fr\\\/producto\\\/sintox-250-ml\\\/#breadcrumb\",\"itemListElement\":[{\"@type\":\"ListItem\",\"position\":1,\"name\":\"Portada\",\"item\":\"https:\\\/\\\/drasanvi.com\\\/fr\\\/\"},{\"@type\":\"ListItem\",\"position\":2,\"name\":\"Tienda\",\"item\":\"https:\\\/\\\/drasanvi.com\\\/fr\\\/tienda\\\/\"},{\"@type\":\"ListItem\",\"position\":3,\"name\":\"Sintox 250 ml\"}]},{\"@type\":\"WebSite\",\"@id\":\"https:\\\/\\\/drasanvi.com\\\/fr\\\/#website\",\"url\":\"https:\\\/\\\/drasanvi.com\\\/fr\\\/\",\"name\":\"Drasanvi Francia\",\"description\":\"L\u00edder en complementos alimenticios y cosm\u00e9tica natural.\",\"publisher\":{\"@id\":\"https:\\\/\\\/drasanvi.com\\\/fr\\\/#organization\"},\"potentialAction\":[{\"@type\":\"SearchAction\",\"target\":{\"@type\":\"EntryPoint\",\"urlTemplate\":\"https:\\\/\\\/drasanvi.com\\\/fr\\\/?s={search_term_string}\"},\"query-input\":{\"@type\":\"PropertyValueSpecification\",\"valueRequired\":true,\"valueName\":\"search_term_string\"}}],\"inLanguage\":\"fr-FR\"},{\"@type\":\"Organization\",\"@id\":\"https:\\\/\\\/drasanvi.com\\\/fr\\\/#organization\",\"name\":\"Drasanvi\",\"url\":\"https:\\\/\\\/drasanvi.com\\\/fr\\\/\",\"logo\":{\"@type\":\"ImageObject\",\"inLanguage\":\"fr-FR\",\"@id\":\"https:\\\/\\\/drasanvi.com\\\/fr\\\/#\\\/schema\\\/logo\\\/image\\\/\",\"url\":\"https:\\\/\\\/drasanvi.com\\\/wp-content\\\/uploads\\\/sites\\\/7\\\/2021\\\/07\\\/logo-drasanvi.png\",\"contentUrl\":\"https:\\\/\\\/drasanvi.com\\\/wp-content\\\/uploads\\\/sites\\\/7\\\/2021\\\/07\\\/logo-drasanvi.png\",\"width\":900,\"height\":300,\"caption\":\"Drasanvi\"},\"image\":{\"@id\":\"https:\\\/\\\/drasanvi.com\\\/fr\\\/#\\\/schema\\\/logo\\\/image\\\/\"}}]}<\/script>\n<!-- \/ Yoast SEO plugin. -->","yoast_head_json":{"title":"Sintox 250 ml - Drasanvi Francia","robots":{"index":"index","follow":"follow","max-snippet":"max-snippet:-1","max-image-preview":"max-image-preview:large","max-video-preview":"max-video-preview:-1"},"canonical":"https:\/\/drasanvi.com\/fr\/producto\/sintox-250-ml\/","og_locale":"fr_FR","og_type":"article","og_title":"Sintox 250 ml - Drasanvi Francia","og_description":"Sintox es un complemento alimenticio a base de Pr\u00f3polis. Se ha utilizado un Pr\u00f3polis de primera calidad, que al ser a\u00f1adido en forma de extracto podemos asegurar una titulaci\u00f3n cercana al 12% en Galangina (bioflavonoide). El Pr\u00f3polis es una sustancia elaborada por las abejas, a partir de componentes resinosos de las plantas. El Pr\u00f3polis est\u00e1 formado por resinas, b\u00e1lsamos, aceites esenciales y materia org\u00e1nica, entre las que destacan los flavonoides como la Galangina y la Quercitina. Adem\u00e1s del Pr\u00f3polis, podemos encontrar una excelente mezcla de extractos vegetales: B\u00e1lsamo del Per\u00fa, Pino, Llant\u00e9n, Drosera, Malva y Eucalipto. Sintox est\u00e1 enriquecido con Vitamina C, Cobre, Zinc y Manganeso, que contribuyen al correcto funcionamiento del sistema inmunitario.Ficha t\u00e9cnica","og_url":"https:\/\/drasanvi.com\/fr\/producto\/sintox-250-ml\/","og_site_name":"Drasanvi Francia","article_modified_time":"2022-03-10T12:15:16+00:00","og_image":[{"width":1000,"height":1000,"url":"https:\/\/drasanvi.com\/wp-content\/uploads\/sites\/7\/2022\/02\/032050038.png","type":"image\/png"}],"twitter_card":"summary_large_image","schema":{"@context":"https:\/\/schema.org","@graph":[{"@type":"WebPage","@id":"https:\/\/drasanvi.com\/fr\/producto\/sintox-250-ml\/","url":"https:\/\/drasanvi.com\/fr\/producto\/sintox-250-ml\/","name":"Sintox 250 ml - Drasanvi Francia","isPartOf":{"@id":"https:\/\/drasanvi.com\/fr\/#website"},"primaryImageOfPage":{"@id":"https:\/\/drasanvi.com\/fr\/producto\/sintox-250-ml\/#primaryimage"},"image":{"@id":"https:\/\/drasanvi.com\/fr\/producto\/sintox-250-ml\/#primaryimage"},"thumbnailUrl":"https:\/\/drasanvi.com\/fr\/wp-content\/uploads\/sites\/7\/2022\/02\/032050038.png","datePublished":"2022-02-28T13:16:10+00:00","dateModified":"2022-03-10T12:15:16+00:00","breadcrumb":{"@id":"https:\/\/drasanvi.com\/fr\/producto\/sintox-250-ml\/#breadcrumb"},"inLanguage":"fr-FR","potentialAction":[{"@type":"ReadAction","target":["https:\/\/drasanvi.com\/fr\/producto\/sintox-250-ml\/"]}]},{"@type":"ImageObject","inLanguage":"fr-FR","@id":"https:\/\/drasanvi.com\/fr\/producto\/sintox-250-ml\/#primaryimage","url":"https:\/\/drasanvi.com\/fr\/wp-content\/uploads\/sites\/7\/2022\/02\/032050038.png","contentUrl":"https:\/\/drasanvi.com\/fr\/wp-content\/uploads\/sites\/7\/2022\/02\/032050038.png","width":1000,"height":1000},{"@type":"BreadcrumbList","@id":"https:\/\/drasanvi.com\/fr\/producto\/sintox-250-ml\/#breadcrumb","itemListElement":[{"@type":"ListItem","position":1,"name":"Portada","item":"https:\/\/drasanvi.com\/fr\/"},{"@type":"ListItem","position":2,"name":"Tienda","item":"https:\/\/drasanvi.com\/fr\/tienda\/"},{"@type":"ListItem","position":3,"name":"Sintox 250 ml"}]},{"@type":"WebSite","@id":"https:\/\/drasanvi.com\/fr\/#website","url":"https:\/\/drasanvi.com\/fr\/","name":"Drasanvi Francia","description":"L\u00edder en complementos alimenticios y cosm\u00e9tica natural.","publisher":{"@id":"https:\/\/drasanvi.com\/fr\/#organization"},"potentialAction":[{"@type":"SearchAction","target":{"@type":"EntryPoint","urlTemplate":"https:\/\/drasanvi.com\/fr\/?s={search_term_string}"},"query-input":{"@type":"PropertyValueSpecification","valueRequired":true,"valueName":"search_term_string"}}],"inLanguage":"fr-FR"},{"@type":"Organization","@id":"https:\/\/drasanvi.com\/fr\/#organization","name":"Drasanvi","url":"https:\/\/drasanvi.com\/fr\/","logo":{"@type":"ImageObject","inLanguage":"fr-FR","@id":"https:\/\/drasanvi.com\/fr\/#\/schema\/logo\/image\/","url":"https:\/\/drasanvi.com\/wp-content\/uploads\/sites\/7\/2021\/07\/logo-drasanvi.png","contentUrl":"https:\/\/drasanvi.com\/wp-content\/uploads\/sites\/7\/2021\/07\/logo-drasanvi.png","width":900,"height":300,"caption":"Drasanvi"},"image":{"@id":"https:\/\/drasanvi.com\/fr\/#\/schema\/logo\/image\/"}}]}},"_links":{"self":[{"href":"https:\/\/drasanvi.com\/fr\/wp-json\/wp\/v2\/product\/15444","targetHints":{"allow":["GET"]}}],"collection":[{"href":"https:\/\/drasanvi.com\/fr\/wp-json\/wp\/v2\/product"}],"about":[{"href":"https:\/\/drasanvi.com\/fr\/wp-json\/wp\/v2\/types\/product"}],"version-history":[{"count":0,"href":"https:\/\/drasanvi.com\/fr\/wp-json\/wp\/v2\/product\/15444\/revisions"}],"wp:featuredmedia":[{"embeddable":true,"href":"https:\/\/drasanvi.com\/fr\/wp-json\/wp\/v2\/media\/20644"}],"wp:attachment":[{"href":"https:\/\/drasanvi.com\/fr\/wp-json\/wp\/v2\/media?parent=15444"}],"wp:term":[{"taxonomy":"product_cat","embeddable":true,"href":"https:\/\/drasanvi.com\/fr\/wp-json\/wp\/v2\/product_cat?post=15444"},{"taxonomy":"product_tag","embeddable":true,"href":"https:\/\/drasanvi.com\/fr\/wp-json\/wp\/v2\/product_tag?post=15444"}],"curies":[{"name":"wp","href":"https:\/\/api.w.org\/{rel}","templated":true}]}}