{"id":15436,"date":"2022-02-28T15:09:09","date_gmt":"2022-02-28T13:09:09","guid":{"rendered":"https:\/\/drasanvi.com\/fr\/?post_type=product&#038;p=15436"},"modified":"2022-03-10T14:15:16","modified_gmt":"2022-03-10T12:15:16","slug":"lactoferrina-fermentos-lacticosvitamina-c","status":"publish","type":"product","link":"https:\/\/drasanvi.com\/fr\/producto\/lactoferrina-fermentos-lacticosvitamina-c\/","title":{"rendered":"Lactoferrina +Fermentos lacticos+Vitamina C"},"content":{"rendered":"<h2>Ingredientes<\/h2>\n<p>Ingredientes  Descripci\u00f3n  Cantidad \/ Dosis diaria      Vitamina C\u00a0  (\u00c1cido ascorbico)  200 mg\u00a0      Lactoferrina\u00a0  \u00a0  100 mg\u00a0      Fermentos l\u00e1cticos  \u00a0  50 mg\u00a0      Otros ingredientes  Celulosa microcrsitalina,(Agente de carga) Hidroxipropilmetilcelulosa (Envoltura) Estearato de magnesio (Agente de carga) y di\u00f3xido de silicio (Antiaglomerante)  \u00a0<\/p>\n<h2>Modo de uso<\/h2>\n<p>Tomar 1 capsula al d\u00eda, preferiblemente con el est\u00f3mago vacio.\u00a0<\/p>\n<h3>Presentaci\u00f3n<\/h3>\n<p>36 capsulas de 745 mg. Peso neto 26,82 g\u00a0<\/p>\n<h3>Advertencias<\/h3>\n<p>Complemento alimenticio a base de Lactoferrina, Fermentos l&aacute;cticos y Vitamina C. Los complementos alimenticios no deben utilizarse como sustitutivos de una dieta equilibrada y por un modo de vida sano. No superar la dosis diaria recomendada. Mantener fuera del alcance de los ni&ntilde;os. Conservar en un lugar fresco y seco.<\/p>\n<h2>Informaci\u00f3n adicional<\/h2>\n<p>Ingredientes  Descripci\u00f3n  Cantidad \/ Dosis diaria      Celulosa microcrialina\u00a0  (Agente de carga )\u00a0  250 mg\u00a0      Vitamina C\u00a0  (\u00c1cido Asc\u00f3rbico)\u00a0  200 mg\u00a0      Hidroxipropilmetilcelulosa  (Envoltura)  130 mg\u00a0        Lactoferrina\u00a0    \u00a0  100 mg\u00a0      Fermentos lacticos\u00a0    (Almid\u00f3n de ma\u00edz, Maltodextrina de ma\u00edz, Fructooligosac\u00e1ridos, Inulina, Dextrina de ma\u00edz, Cloruro de potasio, Proteina vegetal hidrolizada, Sulfato de magnesio), Bifidobacterium lactis (2 cepas), Enterococcus faecium, Lactobacillus acidophilus, Lactobacillus paracasei, Lactobacillus plantarum (2 cepas), Lactobacillus salivarius, Lactococcus lactis, Enzima amilasa, Aroma de Vainilla, Sulfato de manganeso)    50 mg\u00a0      Estearato de magnesio\u00a0  (Agente de carga)  10 mg\u00a0      Di\u00f3xido de silicio\u00a0  (Antiaglomerante)\u00a0  5 mg\u00a0<\/p>\n<p>por dosis diaria\u00a0        Ingrediente  Porcentaje  Cantidad      Vitamina C  250%  200 mg        % VRN (Valores de Referencia de Nutrientes)<\/p>\n","protected":false},"excerpt":{"rendered":"<p>La lactoferrina se trata de una glicoprote\u00edna que se encuentra en el calostro y en la leche. Tiene la cualidad de unirse al hierro, lo que le confiere mucha de sus propiedades.\u00a0  El efecto de la Lactoferrina, se potencia con el efecto de los Fermentos L\u00e1cticos y la vitamina C que contribuye al correcto funcionamiento del sistema inmune.\u00a0<br \/><a id=\"boton-ficha\" href=\"https:\/\/panel.drasanvi.com\/fichas\/1\/032050627\" target=\"_blank\" rel=\"noopener\">Ficha t\u00e9cnica<\/a><\/p>\n","protected":false},"featured_media":20250,"template":"","meta":{"inline_featured_image":false},"product_cat":[96],"product_tag":[],"class_list":["post-15436","product","type-product","status-publish","has-post-thumbnail","hentry","product_cat-defensa-invierno","pa_contiene-altramuces-no","pa_contiene-apio-no","pa_contiene-cacahuetes-no","pa_contiene-crustaceos-no","pa_contiene-frutos-secos-no","pa_contiene-huevo-no","pa_contiene-leche-si","pa_contiene-moluscos-no","pa_contiene-mostaza-no","pa_contiene-pescado-no","pa_contiene-sesamo-no","pa_contiene-soja-no","pa_producto-bio-no","pa_producto-sin-gluten-si","pa_producto-vegano-no","pa_producto-vegetariano-si"],"yoast_head":"<!-- This site is optimized with the Yoast SEO plugin v27.5 - https:\/\/yoast.com\/product\/yoast-seo-wordpress\/ -->\n<title>Lactoferrina +Fermentos lacticos+Vitamina C - Drasanvi Francia<\/title>\n<meta name=\"robots\" content=\"index, follow, max-snippet:-1, max-image-preview:large, max-video-preview:-1\" \/>\n<link rel=\"canonical\" href=\"https:\/\/drasanvi.com\/fr\/producto\/lactoferrina-fermentos-lacticosvitamina-c\/\" \/>\n<meta property=\"og:locale\" content=\"fr_FR\" \/>\n<meta property=\"og:type\" content=\"article\" \/>\n<meta property=\"og:title\" content=\"Lactoferrina +Fermentos lacticos+Vitamina C - Drasanvi Francia\" \/>\n<meta property=\"og:description\" content=\"La lactoferrina se trata de una glicoprote\u00edna que se encuentra en el calostro y en la leche. Tiene la cualidad de unirse al hierro, lo que le confiere mucha de sus propiedades.\u00a0 El efecto de la Lactoferrina, se potencia con el efecto de los Fermentos L\u00e1cticos y la vitamina C que contribuye al correcto funcionamiento del sistema inmune.\u00a0Ficha t\u00e9cnica\" \/>\n<meta property=\"og:url\" content=\"https:\/\/drasanvi.com\/fr\/producto\/lactoferrina-fermentos-lacticosvitamina-c\/\" \/>\n<meta property=\"og:site_name\" content=\"Drasanvi Francia\" \/>\n<meta property=\"article:modified_time\" content=\"2022-03-10T12:15:16+00:00\" \/>\n<meta property=\"og:image\" content=\"https:\/\/drasanvi.com\/wp-content\/uploads\/sites\/7\/2022\/02\/032050627.png\" \/>\n\t<meta property=\"og:image:width\" content=\"1000\" \/>\n\t<meta property=\"og:image:height\" content=\"1000\" \/>\n\t<meta property=\"og:image:type\" content=\"image\/png\" \/>\n<meta name=\"twitter:card\" content=\"summary_large_image\" \/>\n<script type=\"application\/ld+json\" class=\"yoast-schema-graph\">{\"@context\":\"https:\\\/\\\/schema.org\",\"@graph\":[{\"@type\":\"WebPage\",\"@id\":\"https:\\\/\\\/drasanvi.com\\\/fr\\\/producto\\\/lactoferrina-fermentos-lacticosvitamina-c\\\/\",\"url\":\"https:\\\/\\\/drasanvi.com\\\/fr\\\/producto\\\/lactoferrina-fermentos-lacticosvitamina-c\\\/\",\"name\":\"Lactoferrina +Fermentos lacticos+Vitamina C - Drasanvi Francia\",\"isPartOf\":{\"@id\":\"https:\\\/\\\/drasanvi.com\\\/fr\\\/#website\"},\"primaryImageOfPage\":{\"@id\":\"https:\\\/\\\/drasanvi.com\\\/fr\\\/producto\\\/lactoferrina-fermentos-lacticosvitamina-c\\\/#primaryimage\"},\"image\":{\"@id\":\"https:\\\/\\\/drasanvi.com\\\/fr\\\/producto\\\/lactoferrina-fermentos-lacticosvitamina-c\\\/#primaryimage\"},\"thumbnailUrl\":\"https:\\\/\\\/drasanvi.com\\\/fr\\\/wp-content\\\/uploads\\\/sites\\\/7\\\/2022\\\/02\\\/032050627.png\",\"datePublished\":\"2022-02-28T13:09:09+00:00\",\"dateModified\":\"2022-03-10T12:15:16+00:00\",\"breadcrumb\":{\"@id\":\"https:\\\/\\\/drasanvi.com\\\/fr\\\/producto\\\/lactoferrina-fermentos-lacticosvitamina-c\\\/#breadcrumb\"},\"inLanguage\":\"fr-FR\",\"potentialAction\":[{\"@type\":\"ReadAction\",\"target\":[\"https:\\\/\\\/drasanvi.com\\\/fr\\\/producto\\\/lactoferrina-fermentos-lacticosvitamina-c\\\/\"]}]},{\"@type\":\"ImageObject\",\"inLanguage\":\"fr-FR\",\"@id\":\"https:\\\/\\\/drasanvi.com\\\/fr\\\/producto\\\/lactoferrina-fermentos-lacticosvitamina-c\\\/#primaryimage\",\"url\":\"https:\\\/\\\/drasanvi.com\\\/fr\\\/wp-content\\\/uploads\\\/sites\\\/7\\\/2022\\\/02\\\/032050627.png\",\"contentUrl\":\"https:\\\/\\\/drasanvi.com\\\/fr\\\/wp-content\\\/uploads\\\/sites\\\/7\\\/2022\\\/02\\\/032050627.png\",\"width\":1000,\"height\":1000},{\"@type\":\"BreadcrumbList\",\"@id\":\"https:\\\/\\\/drasanvi.com\\\/fr\\\/producto\\\/lactoferrina-fermentos-lacticosvitamina-c\\\/#breadcrumb\",\"itemListElement\":[{\"@type\":\"ListItem\",\"position\":1,\"name\":\"Portada\",\"item\":\"https:\\\/\\\/drasanvi.com\\\/fr\\\/\"},{\"@type\":\"ListItem\",\"position\":2,\"name\":\"Tienda\",\"item\":\"https:\\\/\\\/drasanvi.com\\\/fr\\\/tienda\\\/\"},{\"@type\":\"ListItem\",\"position\":3,\"name\":\"Lactoferrina +Fermentos lacticos+Vitamina C\"}]},{\"@type\":\"WebSite\",\"@id\":\"https:\\\/\\\/drasanvi.com\\\/fr\\\/#website\",\"url\":\"https:\\\/\\\/drasanvi.com\\\/fr\\\/\",\"name\":\"Drasanvi Francia\",\"description\":\"L\u00edder en complementos alimenticios y cosm\u00e9tica natural.\",\"publisher\":{\"@id\":\"https:\\\/\\\/drasanvi.com\\\/fr\\\/#organization\"},\"potentialAction\":[{\"@type\":\"SearchAction\",\"target\":{\"@type\":\"EntryPoint\",\"urlTemplate\":\"https:\\\/\\\/drasanvi.com\\\/fr\\\/?s={search_term_string}\"},\"query-input\":{\"@type\":\"PropertyValueSpecification\",\"valueRequired\":true,\"valueName\":\"search_term_string\"}}],\"inLanguage\":\"fr-FR\"},{\"@type\":\"Organization\",\"@id\":\"https:\\\/\\\/drasanvi.com\\\/fr\\\/#organization\",\"name\":\"Drasanvi\",\"url\":\"https:\\\/\\\/drasanvi.com\\\/fr\\\/\",\"logo\":{\"@type\":\"ImageObject\",\"inLanguage\":\"fr-FR\",\"@id\":\"https:\\\/\\\/drasanvi.com\\\/fr\\\/#\\\/schema\\\/logo\\\/image\\\/\",\"url\":\"https:\\\/\\\/drasanvi.com\\\/wp-content\\\/uploads\\\/sites\\\/7\\\/2021\\\/07\\\/logo-drasanvi.png\",\"contentUrl\":\"https:\\\/\\\/drasanvi.com\\\/wp-content\\\/uploads\\\/sites\\\/7\\\/2021\\\/07\\\/logo-drasanvi.png\",\"width\":900,\"height\":300,\"caption\":\"Drasanvi\"},\"image\":{\"@id\":\"https:\\\/\\\/drasanvi.com\\\/fr\\\/#\\\/schema\\\/logo\\\/image\\\/\"}}]}<\/script>\n<!-- \/ Yoast SEO plugin. -->","yoast_head_json":{"title":"Lactoferrina +Fermentos lacticos+Vitamina C - Drasanvi Francia","robots":{"index":"index","follow":"follow","max-snippet":"max-snippet:-1","max-image-preview":"max-image-preview:large","max-video-preview":"max-video-preview:-1"},"canonical":"https:\/\/drasanvi.com\/fr\/producto\/lactoferrina-fermentos-lacticosvitamina-c\/","og_locale":"fr_FR","og_type":"article","og_title":"Lactoferrina +Fermentos lacticos+Vitamina C - Drasanvi Francia","og_description":"La lactoferrina se trata de una glicoprote\u00edna que se encuentra en el calostro y en la leche. Tiene la cualidad de unirse al hierro, lo que le confiere mucha de sus propiedades.\u00a0 El efecto de la Lactoferrina, se potencia con el efecto de los Fermentos L\u00e1cticos y la vitamina C que contribuye al correcto funcionamiento del sistema inmune.\u00a0Ficha t\u00e9cnica","og_url":"https:\/\/drasanvi.com\/fr\/producto\/lactoferrina-fermentos-lacticosvitamina-c\/","og_site_name":"Drasanvi Francia","article_modified_time":"2022-03-10T12:15:16+00:00","og_image":[{"width":1000,"height":1000,"url":"https:\/\/drasanvi.com\/wp-content\/uploads\/sites\/7\/2022\/02\/032050627.png","type":"image\/png"}],"twitter_card":"summary_large_image","schema":{"@context":"https:\/\/schema.org","@graph":[{"@type":"WebPage","@id":"https:\/\/drasanvi.com\/fr\/producto\/lactoferrina-fermentos-lacticosvitamina-c\/","url":"https:\/\/drasanvi.com\/fr\/producto\/lactoferrina-fermentos-lacticosvitamina-c\/","name":"Lactoferrina +Fermentos lacticos+Vitamina C - Drasanvi Francia","isPartOf":{"@id":"https:\/\/drasanvi.com\/fr\/#website"},"primaryImageOfPage":{"@id":"https:\/\/drasanvi.com\/fr\/producto\/lactoferrina-fermentos-lacticosvitamina-c\/#primaryimage"},"image":{"@id":"https:\/\/drasanvi.com\/fr\/producto\/lactoferrina-fermentos-lacticosvitamina-c\/#primaryimage"},"thumbnailUrl":"https:\/\/drasanvi.com\/fr\/wp-content\/uploads\/sites\/7\/2022\/02\/032050627.png","datePublished":"2022-02-28T13:09:09+00:00","dateModified":"2022-03-10T12:15:16+00:00","breadcrumb":{"@id":"https:\/\/drasanvi.com\/fr\/producto\/lactoferrina-fermentos-lacticosvitamina-c\/#breadcrumb"},"inLanguage":"fr-FR","potentialAction":[{"@type":"ReadAction","target":["https:\/\/drasanvi.com\/fr\/producto\/lactoferrina-fermentos-lacticosvitamina-c\/"]}]},{"@type":"ImageObject","inLanguage":"fr-FR","@id":"https:\/\/drasanvi.com\/fr\/producto\/lactoferrina-fermentos-lacticosvitamina-c\/#primaryimage","url":"https:\/\/drasanvi.com\/fr\/wp-content\/uploads\/sites\/7\/2022\/02\/032050627.png","contentUrl":"https:\/\/drasanvi.com\/fr\/wp-content\/uploads\/sites\/7\/2022\/02\/032050627.png","width":1000,"height":1000},{"@type":"BreadcrumbList","@id":"https:\/\/drasanvi.com\/fr\/producto\/lactoferrina-fermentos-lacticosvitamina-c\/#breadcrumb","itemListElement":[{"@type":"ListItem","position":1,"name":"Portada","item":"https:\/\/drasanvi.com\/fr\/"},{"@type":"ListItem","position":2,"name":"Tienda","item":"https:\/\/drasanvi.com\/fr\/tienda\/"},{"@type":"ListItem","position":3,"name":"Lactoferrina +Fermentos lacticos+Vitamina C"}]},{"@type":"WebSite","@id":"https:\/\/drasanvi.com\/fr\/#website","url":"https:\/\/drasanvi.com\/fr\/","name":"Drasanvi Francia","description":"L\u00edder en complementos alimenticios y cosm\u00e9tica natural.","publisher":{"@id":"https:\/\/drasanvi.com\/fr\/#organization"},"potentialAction":[{"@type":"SearchAction","target":{"@type":"EntryPoint","urlTemplate":"https:\/\/drasanvi.com\/fr\/?s={search_term_string}"},"query-input":{"@type":"PropertyValueSpecification","valueRequired":true,"valueName":"search_term_string"}}],"inLanguage":"fr-FR"},{"@type":"Organization","@id":"https:\/\/drasanvi.com\/fr\/#organization","name":"Drasanvi","url":"https:\/\/drasanvi.com\/fr\/","logo":{"@type":"ImageObject","inLanguage":"fr-FR","@id":"https:\/\/drasanvi.com\/fr\/#\/schema\/logo\/image\/","url":"https:\/\/drasanvi.com\/wp-content\/uploads\/sites\/7\/2021\/07\/logo-drasanvi.png","contentUrl":"https:\/\/drasanvi.com\/wp-content\/uploads\/sites\/7\/2021\/07\/logo-drasanvi.png","width":900,"height":300,"caption":"Drasanvi"},"image":{"@id":"https:\/\/drasanvi.com\/fr\/#\/schema\/logo\/image\/"}}]}},"_links":{"self":[{"href":"https:\/\/drasanvi.com\/fr\/wp-json\/wp\/v2\/product\/15436","targetHints":{"allow":["GET"]}}],"collection":[{"href":"https:\/\/drasanvi.com\/fr\/wp-json\/wp\/v2\/product"}],"about":[{"href":"https:\/\/drasanvi.com\/fr\/wp-json\/wp\/v2\/types\/product"}],"version-history":[{"count":0,"href":"https:\/\/drasanvi.com\/fr\/wp-json\/wp\/v2\/product\/15436\/revisions"}],"wp:featuredmedia":[{"embeddable":true,"href":"https:\/\/drasanvi.com\/fr\/wp-json\/wp\/v2\/media\/20250"}],"wp:attachment":[{"href":"https:\/\/drasanvi.com\/fr\/wp-json\/wp\/v2\/media?parent=15436"}],"wp:term":[{"taxonomy":"product_cat","embeddable":true,"href":"https:\/\/drasanvi.com\/fr\/wp-json\/wp\/v2\/product_cat?post=15436"},{"taxonomy":"product_tag","embeddable":true,"href":"https:\/\/drasanvi.com\/fr\/wp-json\/wp\/v2\/product_tag?post=15436"}],"curies":[{"name":"wp","href":"https:\/\/api.w.org\/{rel}","templated":true}]}}