{"id":15429,"date":"2022-02-28T15:08:24","date_gmt":"2022-02-28T13:08:24","guid":{"rendered":"https:\/\/drasanvi.com\/fr\/?post_type=product&#038;p=15429"},"modified":"2022-03-10T14:15:16","modified_gmt":"2022-03-10T12:15:16","slug":"jarabe-de-cebolla-para-ninos","status":"publish","type":"product","link":"https:\/\/drasanvi.com\/fr\/producto\/jarabe-de-cebolla-para-ninos\/","title":{"rendered":"Jarabe de Cebolla para ni\u00f1os"},"content":{"rendered":"<h2>Ingredientes<\/h2>\n<p>Ingredientes  mg \/ Dosis diaria)      Miel\u00a0  1999 mg      Extracto seco de Cebolla\u00a0Allium cepa\u00a0L. Estandarizado al 40% Quercitina  80 mg . 32 mg\u00a0      Extracto seco de Malva\u00a0Malva sylvestris\u00a0L. Estandarizado 0,5% polifenoles\u00a0  80 mg . 0,4 mg\u00a0      Otros Ingredientes:\u00a0Agua, \u00c1cido c\u00edtrico, Sorbato pot\u00e1sico, Goma Xantana, Aroma frutos del bosque.        Sin colorantes, ni az\u00facares a\u00f1adidos.<\/p>\n<h2>Modo de uso<\/h2>\n<p>Para ni\u00f1os mayores de tres a\u00f1os. Ingerir 15 ml al d\u00eda repartidos en dos tomas (de 7,5 ml) o tres (de 5 ml cada una)<\/p>\n<h3>Presentaci\u00f3n<\/h3>\n<p>Envase de 250ml (8.8 fl. oz.)<\/p>\n<h3>Advertencias<\/h3>\n<p>Complemento alimenticio a base de plantas.No superar la dosis diaria expresamente recomendada; Los complementos alimenticios no deben utilizarse como sustituto de una dieta equilibrada; Mantener fuera del alcance de los ni&ntilde;os m&aacute;s peque&ntilde;os. Conservar en un lugar fresco y seco.<\/p>\n<h2>Informaci\u00f3n adicional<\/h2>\n<p>Ingrediente  descripcion  cantidad\/dosis d\u00eda      Agua  \u00a0  13328 mg      Miel  \u00a0  1999 mg      Extracto seco de cebolla  (Allium cepa\u00a0L.)  80 mg      Extracto seco de malva  (Malva sylvestris\u00a0L.)  80 mg      Acidulante  (\u00c1cido c\u00edtrico)  40 mg      Conservador  (Sorbato pot\u00e1sico)  27 mg      Estabilizante  (Goma xantana)  27 mg      Aroma\u00a0  (Aroma frutos del bosque)  20 mg<\/p>\n","protected":false},"excerpt":{"rendered":"<p>La fitoterapia tradicional siempre ha sido un buen recurso para molestias cotidianas. Por ello, unimos tradici\u00f3n e innovaci\u00f3n en nuestro jarabe de Cebolla.Miel, extracto de cebolla y malva, que ayuda a suavizar la garganta. Todo ello, con un agradable sabor a frutas del bosque, que facilita la toma de los m\u00e1s peque\u00f1os de la casa.\u00a0<br \/><a id=\"boton-ficha\" href=\"https:\/\/panel.drasanvi.com\/fichas\/1\/032050393\" target=\"_blank\" rel=\"noopener\">Ficha t\u00e9cnica<\/a><\/p>\n","protected":false},"featured_media":20239,"template":"","meta":{"inline_featured_image":false},"product_cat":[96,108],"product_tag":[],"class_list":["post-15429","product","type-product","status-publish","has-post-thumbnail","hentry","product_cat-defensa-invierno","product_cat-ninos","pa_contiene-altramuces-no","pa_contiene-apio-no","pa_contiene-cacahuetes-no","pa_contiene-crustaceos-no","pa_contiene-frutos-secos-no","pa_contiene-huevo-no","pa_contiene-leche-no","pa_contiene-moluscos-no","pa_contiene-mostaza-no","pa_contiene-pescado-no","pa_contiene-sesamo-no","pa_contiene-soja-no","pa_producto-bio-no","pa_producto-sin-gluten-si","pa_producto-vegano-no","pa_producto-vegetariano-no"],"yoast_head":"<!-- This site is optimized with the Yoast SEO plugin v27.5 - https:\/\/yoast.com\/product\/yoast-seo-wordpress\/ -->\n<title>Jarabe de Cebolla para ni\u00f1os - Drasanvi Francia<\/title>\n<meta name=\"robots\" content=\"index, follow, max-snippet:-1, max-image-preview:large, max-video-preview:-1\" \/>\n<link rel=\"canonical\" href=\"https:\/\/drasanvi.com\/fr\/producto\/jarabe-de-cebolla-para-ninos\/\" \/>\n<meta property=\"og:locale\" content=\"fr_FR\" \/>\n<meta property=\"og:type\" content=\"article\" \/>\n<meta property=\"og:title\" content=\"Jarabe de Cebolla para ni\u00f1os - Drasanvi Francia\" \/>\n<meta property=\"og:description\" content=\"La fitoterapia tradicional siempre ha sido un buen recurso para molestias cotidianas. Por ello, unimos tradici\u00f3n e innovaci\u00f3n en nuestro jarabe de Cebolla.Miel, extracto de cebolla y malva, que ayuda a suavizar la garganta. Todo ello, con un agradable sabor a frutas del bosque, que facilita la toma de los m\u00e1s peque\u00f1os de la casa.\u00a0Ficha t\u00e9cnica\" \/>\n<meta property=\"og:url\" content=\"https:\/\/drasanvi.com\/fr\/producto\/jarabe-de-cebolla-para-ninos\/\" \/>\n<meta property=\"og:site_name\" content=\"Drasanvi Francia\" \/>\n<meta property=\"article:modified_time\" content=\"2022-03-10T12:15:16+00:00\" \/>\n<meta property=\"og:image\" content=\"https:\/\/drasanvi.com\/wp-content\/uploads\/sites\/7\/2022\/02\/032050393.png\" \/>\n\t<meta property=\"og:image:width\" content=\"1000\" \/>\n\t<meta property=\"og:image:height\" content=\"1000\" \/>\n\t<meta property=\"og:image:type\" content=\"image\/png\" \/>\n<meta name=\"twitter:card\" content=\"summary_large_image\" \/>\n<script type=\"application\/ld+json\" class=\"yoast-schema-graph\">{\"@context\":\"https:\\\/\\\/schema.org\",\"@graph\":[{\"@type\":\"WebPage\",\"@id\":\"https:\\\/\\\/drasanvi.com\\\/fr\\\/producto\\\/jarabe-de-cebolla-para-ninos\\\/\",\"url\":\"https:\\\/\\\/drasanvi.com\\\/fr\\\/producto\\\/jarabe-de-cebolla-para-ninos\\\/\",\"name\":\"Jarabe de Cebolla para ni\u00f1os - Drasanvi Francia\",\"isPartOf\":{\"@id\":\"https:\\\/\\\/drasanvi.com\\\/fr\\\/#website\"},\"primaryImageOfPage\":{\"@id\":\"https:\\\/\\\/drasanvi.com\\\/fr\\\/producto\\\/jarabe-de-cebolla-para-ninos\\\/#primaryimage\"},\"image\":{\"@id\":\"https:\\\/\\\/drasanvi.com\\\/fr\\\/producto\\\/jarabe-de-cebolla-para-ninos\\\/#primaryimage\"},\"thumbnailUrl\":\"https:\\\/\\\/drasanvi.com\\\/fr\\\/wp-content\\\/uploads\\\/sites\\\/7\\\/2022\\\/02\\\/032050393.png\",\"datePublished\":\"2022-02-28T13:08:24+00:00\",\"dateModified\":\"2022-03-10T12:15:16+00:00\",\"breadcrumb\":{\"@id\":\"https:\\\/\\\/drasanvi.com\\\/fr\\\/producto\\\/jarabe-de-cebolla-para-ninos\\\/#breadcrumb\"},\"inLanguage\":\"fr-FR\",\"potentialAction\":[{\"@type\":\"ReadAction\",\"target\":[\"https:\\\/\\\/drasanvi.com\\\/fr\\\/producto\\\/jarabe-de-cebolla-para-ninos\\\/\"]}]},{\"@type\":\"ImageObject\",\"inLanguage\":\"fr-FR\",\"@id\":\"https:\\\/\\\/drasanvi.com\\\/fr\\\/producto\\\/jarabe-de-cebolla-para-ninos\\\/#primaryimage\",\"url\":\"https:\\\/\\\/drasanvi.com\\\/fr\\\/wp-content\\\/uploads\\\/sites\\\/7\\\/2022\\\/02\\\/032050393.png\",\"contentUrl\":\"https:\\\/\\\/drasanvi.com\\\/fr\\\/wp-content\\\/uploads\\\/sites\\\/7\\\/2022\\\/02\\\/032050393.png\",\"width\":1000,\"height\":1000},{\"@type\":\"BreadcrumbList\",\"@id\":\"https:\\\/\\\/drasanvi.com\\\/fr\\\/producto\\\/jarabe-de-cebolla-para-ninos\\\/#breadcrumb\",\"itemListElement\":[{\"@type\":\"ListItem\",\"position\":1,\"name\":\"Portada\",\"item\":\"https:\\\/\\\/drasanvi.com\\\/fr\\\/\"},{\"@type\":\"ListItem\",\"position\":2,\"name\":\"Tienda\",\"item\":\"https:\\\/\\\/drasanvi.com\\\/fr\\\/tienda\\\/\"},{\"@type\":\"ListItem\",\"position\":3,\"name\":\"Jarabe de Cebolla para ni\u00f1os\"}]},{\"@type\":\"WebSite\",\"@id\":\"https:\\\/\\\/drasanvi.com\\\/fr\\\/#website\",\"url\":\"https:\\\/\\\/drasanvi.com\\\/fr\\\/\",\"name\":\"Drasanvi Francia\",\"description\":\"L\u00edder en complementos alimenticios y cosm\u00e9tica natural.\",\"publisher\":{\"@id\":\"https:\\\/\\\/drasanvi.com\\\/fr\\\/#organization\"},\"potentialAction\":[{\"@type\":\"SearchAction\",\"target\":{\"@type\":\"EntryPoint\",\"urlTemplate\":\"https:\\\/\\\/drasanvi.com\\\/fr\\\/?s={search_term_string}\"},\"query-input\":{\"@type\":\"PropertyValueSpecification\",\"valueRequired\":true,\"valueName\":\"search_term_string\"}}],\"inLanguage\":\"fr-FR\"},{\"@type\":\"Organization\",\"@id\":\"https:\\\/\\\/drasanvi.com\\\/fr\\\/#organization\",\"name\":\"Drasanvi\",\"url\":\"https:\\\/\\\/drasanvi.com\\\/fr\\\/\",\"logo\":{\"@type\":\"ImageObject\",\"inLanguage\":\"fr-FR\",\"@id\":\"https:\\\/\\\/drasanvi.com\\\/fr\\\/#\\\/schema\\\/logo\\\/image\\\/\",\"url\":\"https:\\\/\\\/drasanvi.com\\\/wp-content\\\/uploads\\\/sites\\\/7\\\/2021\\\/07\\\/logo-drasanvi.png\",\"contentUrl\":\"https:\\\/\\\/drasanvi.com\\\/wp-content\\\/uploads\\\/sites\\\/7\\\/2021\\\/07\\\/logo-drasanvi.png\",\"width\":900,\"height\":300,\"caption\":\"Drasanvi\"},\"image\":{\"@id\":\"https:\\\/\\\/drasanvi.com\\\/fr\\\/#\\\/schema\\\/logo\\\/image\\\/\"}}]}<\/script>\n<!-- \/ Yoast SEO plugin. -->","yoast_head_json":{"title":"Jarabe de Cebolla para ni\u00f1os - Drasanvi Francia","robots":{"index":"index","follow":"follow","max-snippet":"max-snippet:-1","max-image-preview":"max-image-preview:large","max-video-preview":"max-video-preview:-1"},"canonical":"https:\/\/drasanvi.com\/fr\/producto\/jarabe-de-cebolla-para-ninos\/","og_locale":"fr_FR","og_type":"article","og_title":"Jarabe de Cebolla para ni\u00f1os - Drasanvi Francia","og_description":"La fitoterapia tradicional siempre ha sido un buen recurso para molestias cotidianas. Por ello, unimos tradici\u00f3n e innovaci\u00f3n en nuestro jarabe de Cebolla.Miel, extracto de cebolla y malva, que ayuda a suavizar la garganta. Todo ello, con un agradable sabor a frutas del bosque, que facilita la toma de los m\u00e1s peque\u00f1os de la casa.\u00a0Ficha t\u00e9cnica","og_url":"https:\/\/drasanvi.com\/fr\/producto\/jarabe-de-cebolla-para-ninos\/","og_site_name":"Drasanvi Francia","article_modified_time":"2022-03-10T12:15:16+00:00","og_image":[{"width":1000,"height":1000,"url":"https:\/\/drasanvi.com\/wp-content\/uploads\/sites\/7\/2022\/02\/032050393.png","type":"image\/png"}],"twitter_card":"summary_large_image","schema":{"@context":"https:\/\/schema.org","@graph":[{"@type":"WebPage","@id":"https:\/\/drasanvi.com\/fr\/producto\/jarabe-de-cebolla-para-ninos\/","url":"https:\/\/drasanvi.com\/fr\/producto\/jarabe-de-cebolla-para-ninos\/","name":"Jarabe de Cebolla para ni\u00f1os - Drasanvi Francia","isPartOf":{"@id":"https:\/\/drasanvi.com\/fr\/#website"},"primaryImageOfPage":{"@id":"https:\/\/drasanvi.com\/fr\/producto\/jarabe-de-cebolla-para-ninos\/#primaryimage"},"image":{"@id":"https:\/\/drasanvi.com\/fr\/producto\/jarabe-de-cebolla-para-ninos\/#primaryimage"},"thumbnailUrl":"https:\/\/drasanvi.com\/fr\/wp-content\/uploads\/sites\/7\/2022\/02\/032050393.png","datePublished":"2022-02-28T13:08:24+00:00","dateModified":"2022-03-10T12:15:16+00:00","breadcrumb":{"@id":"https:\/\/drasanvi.com\/fr\/producto\/jarabe-de-cebolla-para-ninos\/#breadcrumb"},"inLanguage":"fr-FR","potentialAction":[{"@type":"ReadAction","target":["https:\/\/drasanvi.com\/fr\/producto\/jarabe-de-cebolla-para-ninos\/"]}]},{"@type":"ImageObject","inLanguage":"fr-FR","@id":"https:\/\/drasanvi.com\/fr\/producto\/jarabe-de-cebolla-para-ninos\/#primaryimage","url":"https:\/\/drasanvi.com\/fr\/wp-content\/uploads\/sites\/7\/2022\/02\/032050393.png","contentUrl":"https:\/\/drasanvi.com\/fr\/wp-content\/uploads\/sites\/7\/2022\/02\/032050393.png","width":1000,"height":1000},{"@type":"BreadcrumbList","@id":"https:\/\/drasanvi.com\/fr\/producto\/jarabe-de-cebolla-para-ninos\/#breadcrumb","itemListElement":[{"@type":"ListItem","position":1,"name":"Portada","item":"https:\/\/drasanvi.com\/fr\/"},{"@type":"ListItem","position":2,"name":"Tienda","item":"https:\/\/drasanvi.com\/fr\/tienda\/"},{"@type":"ListItem","position":3,"name":"Jarabe de Cebolla para ni\u00f1os"}]},{"@type":"WebSite","@id":"https:\/\/drasanvi.com\/fr\/#website","url":"https:\/\/drasanvi.com\/fr\/","name":"Drasanvi Francia","description":"L\u00edder en complementos alimenticios y cosm\u00e9tica natural.","publisher":{"@id":"https:\/\/drasanvi.com\/fr\/#organization"},"potentialAction":[{"@type":"SearchAction","target":{"@type":"EntryPoint","urlTemplate":"https:\/\/drasanvi.com\/fr\/?s={search_term_string}"},"query-input":{"@type":"PropertyValueSpecification","valueRequired":true,"valueName":"search_term_string"}}],"inLanguage":"fr-FR"},{"@type":"Organization","@id":"https:\/\/drasanvi.com\/fr\/#organization","name":"Drasanvi","url":"https:\/\/drasanvi.com\/fr\/","logo":{"@type":"ImageObject","inLanguage":"fr-FR","@id":"https:\/\/drasanvi.com\/fr\/#\/schema\/logo\/image\/","url":"https:\/\/drasanvi.com\/wp-content\/uploads\/sites\/7\/2021\/07\/logo-drasanvi.png","contentUrl":"https:\/\/drasanvi.com\/wp-content\/uploads\/sites\/7\/2021\/07\/logo-drasanvi.png","width":900,"height":300,"caption":"Drasanvi"},"image":{"@id":"https:\/\/drasanvi.com\/fr\/#\/schema\/logo\/image\/"}}]}},"_links":{"self":[{"href":"https:\/\/drasanvi.com\/fr\/wp-json\/wp\/v2\/product\/15429","targetHints":{"allow":["GET"]}}],"collection":[{"href":"https:\/\/drasanvi.com\/fr\/wp-json\/wp\/v2\/product"}],"about":[{"href":"https:\/\/drasanvi.com\/fr\/wp-json\/wp\/v2\/types\/product"}],"version-history":[{"count":0,"href":"https:\/\/drasanvi.com\/fr\/wp-json\/wp\/v2\/product\/15429\/revisions"}],"wp:featuredmedia":[{"embeddable":true,"href":"https:\/\/drasanvi.com\/fr\/wp-json\/wp\/v2\/media\/20239"}],"wp:attachment":[{"href":"https:\/\/drasanvi.com\/fr\/wp-json\/wp\/v2\/media?parent=15429"}],"wp:term":[{"taxonomy":"product_cat","embeddable":true,"href":"https:\/\/drasanvi.com\/fr\/wp-json\/wp\/v2\/product_cat?post=15429"},{"taxonomy":"product_tag","embeddable":true,"href":"https:\/\/drasanvi.com\/fr\/wp-json\/wp\/v2\/product_tag?post=15429"}],"curies":[{"name":"wp","href":"https:\/\/api.w.org\/{rel}","templated":true}]}}