{"id":15253,"date":"2022-02-28T15:07:40","date_gmt":"2022-02-28T13:07:40","guid":{"rendered":"https:\/\/drasanvi.com\/fr\/?post_type=product&#038;p=15253"},"modified":"2022-03-10T14:14:59","modified_gmt":"2022-03-10T12:14:59","slug":"jabon-de-alepo","status":"publish","type":"product","link":"https:\/\/drasanvi.com\/fr\/producto\/jabon-de-alepo\/","title":{"rendered":"Jab\u00f3n de Alepo"},"content":{"rendered":"<h2>Ingredientes<\/h2>\n<p>Olea europaea Fruit Oil, Laurus nobilis Leaf Oil, Aqua, Sodium Hydroxide.<\/p>\n<h2>Modo de uso<\/h2>\n<p>Mojar las manos con agua tibia y, seguidamente, frotar suavemente el jab\u00f3n para crear espuma. Aplicar por cara y cuerpo.\u00a0<\/p>\n<h3>Presentaci\u00f3n<\/h3>\n<p>Peso neto 200 g (7,05 oz)<\/p>\n<h3>Advertencias<\/h3>\n<p>No ingerir. Evitar el contacto con los ojos.<\/p>\n<h2>Informaci\u00f3n adicional<\/h2>\n<p>Olea europaea Fruit Oil, Laurus nobilis Leaf Oil, Aqua, Sodium Hydroxide.<\/p>\n<p>Receta tradicional: Aceite de oliva, 30% de aceite\u00a0 de laurel, agua, hidr\u00f3xido de sodio.<\/p>\n","protected":false},"excerpt":{"rendered":"<p>El Jab\u00f3n de Alepo es uno de los primeros jabones conocidos de la historia, cuyo origen se remonta a hace 2000 a\u00f1os. Gracias a la tradici\u00f3n , ha pasado de generaci\u00f3n en generaci\u00f3n, hasta nuestros d\u00edas.Su secreto reside en sus componentes, que lo hacen un jab\u00f3n dermatol\u00f3gicamente suave. No contiene colorantes, conservantes, perfumes ni productos qu\u00edmicos. Indicado para todo tipo de pieles, incluso las m\u00e1s sensibles y delicadas.Gracias al aceite de oliva, conseguimos una piel nutrida y suave, y la Vitamina E produce un efecto antioxidante. Por otro lado, el aceite de laurel nos ayuda a regular las pieles grasas, a la vez que reduce las posibles irritaciones de pieles sensibles .Ideal para limpiar cara y cuerpo, as\u00ed como para utilizarlo en el afeitado, ya que ayudar\u00e1 a que no se infecten los posibles cortes.<br \/><a id=\"boton-ficha\" href=\"https:\/\/panel.drasanvi.com\/fichas\/1\/032060102\" target=\"_blank\" rel=\"noopener\">Ficha t\u00e9cnica<\/a><\/p>\n","protected":false},"featured_media":20192,"template":"","meta":{"inline_featured_image":false},"product_cat":[94],"product_tag":[],"class_list":["post-15253","product","type-product","status-publish","has-post-thumbnail","hentry","product_cat-cosmetica","pa_contiene-altramuces-no","pa_contiene-apio-no","pa_contiene-cacahuetes-no","pa_contiene-crustaceos-no","pa_contiene-frutos-secos-no","pa_contiene-huevo-no","pa_contiene-leche-no","pa_contiene-moluscos-no","pa_contiene-mostaza-no","pa_contiene-pescado-no","pa_contiene-sesamo-no","pa_contiene-soja-no","pa_producto-bio-no","pa_producto-sin-gluten-si","pa_producto-vegano-si","pa_producto-vegetariano-no"],"yoast_head":"<!-- This site is optimized with the Yoast SEO plugin v27.5 - https:\/\/yoast.com\/product\/yoast-seo-wordpress\/ -->\n<title>Jab\u00f3n de Alepo - Drasanvi Francia<\/title>\n<meta name=\"robots\" content=\"index, follow, max-snippet:-1, max-image-preview:large, max-video-preview:-1\" \/>\n<link rel=\"canonical\" href=\"https:\/\/drasanvi.com\/fr\/producto\/jabon-de-alepo\/\" \/>\n<meta property=\"og:locale\" content=\"fr_FR\" \/>\n<meta property=\"og:type\" content=\"article\" \/>\n<meta property=\"og:title\" content=\"Jab\u00f3n de Alepo - Drasanvi Francia\" \/>\n<meta property=\"og:description\" content=\"El Jab\u00f3n de Alepo es uno de los primeros jabones conocidos de la historia, cuyo origen se remonta a hace 2000 a\u00f1os. Gracias a la tradici\u00f3n , ha pasado de generaci\u00f3n en generaci\u00f3n, hasta nuestros d\u00edas.Su secreto reside en sus componentes, que lo hacen un jab\u00f3n dermatol\u00f3gicamente suave. No contiene colorantes, conservantes, perfumes ni productos qu\u00edmicos. Indicado para todo tipo de pieles, incluso las m\u00e1s sensibles y delicadas.Gracias al aceite de oliva, conseguimos una piel nutrida y suave, y la Vitamina E produce un efecto antioxidante. Por otro lado, el aceite de laurel nos ayuda a regular las pieles grasas, a la vez que reduce las posibles irritaciones de pieles sensibles .Ideal para limpiar cara y cuerpo, as\u00ed como para utilizarlo en el afeitado, ya que ayudar\u00e1 a que no se infecten los posibles cortes.Ficha t\u00e9cnica\" \/>\n<meta property=\"og:url\" content=\"https:\/\/drasanvi.com\/fr\/producto\/jabon-de-alepo\/\" \/>\n<meta property=\"og:site_name\" content=\"Drasanvi Francia\" \/>\n<meta property=\"article:modified_time\" content=\"2022-03-10T12:14:59+00:00\" \/>\n<meta property=\"og:image\" content=\"https:\/\/drasanvi.com\/wp-content\/uploads\/sites\/7\/2022\/02\/032060102.png\" \/>\n\t<meta property=\"og:image:width\" content=\"1000\" \/>\n\t<meta property=\"og:image:height\" content=\"1000\" \/>\n\t<meta property=\"og:image:type\" content=\"image\/png\" \/>\n<meta name=\"twitter:card\" content=\"summary_large_image\" \/>\n<script type=\"application\/ld+json\" class=\"yoast-schema-graph\">{\"@context\":\"https:\\\/\\\/schema.org\",\"@graph\":[{\"@type\":\"WebPage\",\"@id\":\"https:\\\/\\\/drasanvi.com\\\/fr\\\/producto\\\/jabon-de-alepo\\\/\",\"url\":\"https:\\\/\\\/drasanvi.com\\\/fr\\\/producto\\\/jabon-de-alepo\\\/\",\"name\":\"Jab\u00f3n de Alepo - Drasanvi Francia\",\"isPartOf\":{\"@id\":\"https:\\\/\\\/drasanvi.com\\\/fr\\\/#website\"},\"primaryImageOfPage\":{\"@id\":\"https:\\\/\\\/drasanvi.com\\\/fr\\\/producto\\\/jabon-de-alepo\\\/#primaryimage\"},\"image\":{\"@id\":\"https:\\\/\\\/drasanvi.com\\\/fr\\\/producto\\\/jabon-de-alepo\\\/#primaryimage\"},\"thumbnailUrl\":\"https:\\\/\\\/drasanvi.com\\\/fr\\\/wp-content\\\/uploads\\\/sites\\\/7\\\/2022\\\/02\\\/032060102.png\",\"datePublished\":\"2022-02-28T13:07:40+00:00\",\"dateModified\":\"2022-03-10T12:14:59+00:00\",\"breadcrumb\":{\"@id\":\"https:\\\/\\\/drasanvi.com\\\/fr\\\/producto\\\/jabon-de-alepo\\\/#breadcrumb\"},\"inLanguage\":\"fr-FR\",\"potentialAction\":[{\"@type\":\"ReadAction\",\"target\":[\"https:\\\/\\\/drasanvi.com\\\/fr\\\/producto\\\/jabon-de-alepo\\\/\"]}]},{\"@type\":\"ImageObject\",\"inLanguage\":\"fr-FR\",\"@id\":\"https:\\\/\\\/drasanvi.com\\\/fr\\\/producto\\\/jabon-de-alepo\\\/#primaryimage\",\"url\":\"https:\\\/\\\/drasanvi.com\\\/fr\\\/wp-content\\\/uploads\\\/sites\\\/7\\\/2022\\\/02\\\/032060102.png\",\"contentUrl\":\"https:\\\/\\\/drasanvi.com\\\/fr\\\/wp-content\\\/uploads\\\/sites\\\/7\\\/2022\\\/02\\\/032060102.png\",\"width\":1000,\"height\":1000},{\"@type\":\"BreadcrumbList\",\"@id\":\"https:\\\/\\\/drasanvi.com\\\/fr\\\/producto\\\/jabon-de-alepo\\\/#breadcrumb\",\"itemListElement\":[{\"@type\":\"ListItem\",\"position\":1,\"name\":\"Portada\",\"item\":\"https:\\\/\\\/drasanvi.com\\\/fr\\\/\"},{\"@type\":\"ListItem\",\"position\":2,\"name\":\"Tienda\",\"item\":\"https:\\\/\\\/drasanvi.com\\\/fr\\\/tienda\\\/\"},{\"@type\":\"ListItem\",\"position\":3,\"name\":\"Jab\u00f3n de Alepo\"}]},{\"@type\":\"WebSite\",\"@id\":\"https:\\\/\\\/drasanvi.com\\\/fr\\\/#website\",\"url\":\"https:\\\/\\\/drasanvi.com\\\/fr\\\/\",\"name\":\"Drasanvi Francia\",\"description\":\"L\u00edder en complementos alimenticios y cosm\u00e9tica natural.\",\"publisher\":{\"@id\":\"https:\\\/\\\/drasanvi.com\\\/fr\\\/#organization\"},\"potentialAction\":[{\"@type\":\"SearchAction\",\"target\":{\"@type\":\"EntryPoint\",\"urlTemplate\":\"https:\\\/\\\/drasanvi.com\\\/fr\\\/?s={search_term_string}\"},\"query-input\":{\"@type\":\"PropertyValueSpecification\",\"valueRequired\":true,\"valueName\":\"search_term_string\"}}],\"inLanguage\":\"fr-FR\"},{\"@type\":\"Organization\",\"@id\":\"https:\\\/\\\/drasanvi.com\\\/fr\\\/#organization\",\"name\":\"Drasanvi\",\"url\":\"https:\\\/\\\/drasanvi.com\\\/fr\\\/\",\"logo\":{\"@type\":\"ImageObject\",\"inLanguage\":\"fr-FR\",\"@id\":\"https:\\\/\\\/drasanvi.com\\\/fr\\\/#\\\/schema\\\/logo\\\/image\\\/\",\"url\":\"https:\\\/\\\/drasanvi.com\\\/wp-content\\\/uploads\\\/sites\\\/7\\\/2021\\\/07\\\/logo-drasanvi.png\",\"contentUrl\":\"https:\\\/\\\/drasanvi.com\\\/wp-content\\\/uploads\\\/sites\\\/7\\\/2021\\\/07\\\/logo-drasanvi.png\",\"width\":900,\"height\":300,\"caption\":\"Drasanvi\"},\"image\":{\"@id\":\"https:\\\/\\\/drasanvi.com\\\/fr\\\/#\\\/schema\\\/logo\\\/image\\\/\"}}]}<\/script>\n<!-- \/ Yoast SEO plugin. -->","yoast_head_json":{"title":"Jab\u00f3n de Alepo - Drasanvi Francia","robots":{"index":"index","follow":"follow","max-snippet":"max-snippet:-1","max-image-preview":"max-image-preview:large","max-video-preview":"max-video-preview:-1"},"canonical":"https:\/\/drasanvi.com\/fr\/producto\/jabon-de-alepo\/","og_locale":"fr_FR","og_type":"article","og_title":"Jab\u00f3n de Alepo - Drasanvi Francia","og_description":"El Jab\u00f3n de Alepo es uno de los primeros jabones conocidos de la historia, cuyo origen se remonta a hace 2000 a\u00f1os. Gracias a la tradici\u00f3n , ha pasado de generaci\u00f3n en generaci\u00f3n, hasta nuestros d\u00edas.Su secreto reside en sus componentes, que lo hacen un jab\u00f3n dermatol\u00f3gicamente suave. No contiene colorantes, conservantes, perfumes ni productos qu\u00edmicos. Indicado para todo tipo de pieles, incluso las m\u00e1s sensibles y delicadas.Gracias al aceite de oliva, conseguimos una piel nutrida y suave, y la Vitamina E produce un efecto antioxidante. Por otro lado, el aceite de laurel nos ayuda a regular las pieles grasas, a la vez que reduce las posibles irritaciones de pieles sensibles .Ideal para limpiar cara y cuerpo, as\u00ed como para utilizarlo en el afeitado, ya que ayudar\u00e1 a que no se infecten los posibles cortes.Ficha t\u00e9cnica","og_url":"https:\/\/drasanvi.com\/fr\/producto\/jabon-de-alepo\/","og_site_name":"Drasanvi Francia","article_modified_time":"2022-03-10T12:14:59+00:00","og_image":[{"width":1000,"height":1000,"url":"https:\/\/drasanvi.com\/wp-content\/uploads\/sites\/7\/2022\/02\/032060102.png","type":"image\/png"}],"twitter_card":"summary_large_image","schema":{"@context":"https:\/\/schema.org","@graph":[{"@type":"WebPage","@id":"https:\/\/drasanvi.com\/fr\/producto\/jabon-de-alepo\/","url":"https:\/\/drasanvi.com\/fr\/producto\/jabon-de-alepo\/","name":"Jab\u00f3n de Alepo - Drasanvi Francia","isPartOf":{"@id":"https:\/\/drasanvi.com\/fr\/#website"},"primaryImageOfPage":{"@id":"https:\/\/drasanvi.com\/fr\/producto\/jabon-de-alepo\/#primaryimage"},"image":{"@id":"https:\/\/drasanvi.com\/fr\/producto\/jabon-de-alepo\/#primaryimage"},"thumbnailUrl":"https:\/\/drasanvi.com\/fr\/wp-content\/uploads\/sites\/7\/2022\/02\/032060102.png","datePublished":"2022-02-28T13:07:40+00:00","dateModified":"2022-03-10T12:14:59+00:00","breadcrumb":{"@id":"https:\/\/drasanvi.com\/fr\/producto\/jabon-de-alepo\/#breadcrumb"},"inLanguage":"fr-FR","potentialAction":[{"@type":"ReadAction","target":["https:\/\/drasanvi.com\/fr\/producto\/jabon-de-alepo\/"]}]},{"@type":"ImageObject","inLanguage":"fr-FR","@id":"https:\/\/drasanvi.com\/fr\/producto\/jabon-de-alepo\/#primaryimage","url":"https:\/\/drasanvi.com\/fr\/wp-content\/uploads\/sites\/7\/2022\/02\/032060102.png","contentUrl":"https:\/\/drasanvi.com\/fr\/wp-content\/uploads\/sites\/7\/2022\/02\/032060102.png","width":1000,"height":1000},{"@type":"BreadcrumbList","@id":"https:\/\/drasanvi.com\/fr\/producto\/jabon-de-alepo\/#breadcrumb","itemListElement":[{"@type":"ListItem","position":1,"name":"Portada","item":"https:\/\/drasanvi.com\/fr\/"},{"@type":"ListItem","position":2,"name":"Tienda","item":"https:\/\/drasanvi.com\/fr\/tienda\/"},{"@type":"ListItem","position":3,"name":"Jab\u00f3n de Alepo"}]},{"@type":"WebSite","@id":"https:\/\/drasanvi.com\/fr\/#website","url":"https:\/\/drasanvi.com\/fr\/","name":"Drasanvi Francia","description":"L\u00edder en complementos alimenticios y cosm\u00e9tica natural.","publisher":{"@id":"https:\/\/drasanvi.com\/fr\/#organization"},"potentialAction":[{"@type":"SearchAction","target":{"@type":"EntryPoint","urlTemplate":"https:\/\/drasanvi.com\/fr\/?s={search_term_string}"},"query-input":{"@type":"PropertyValueSpecification","valueRequired":true,"valueName":"search_term_string"}}],"inLanguage":"fr-FR"},{"@type":"Organization","@id":"https:\/\/drasanvi.com\/fr\/#organization","name":"Drasanvi","url":"https:\/\/drasanvi.com\/fr\/","logo":{"@type":"ImageObject","inLanguage":"fr-FR","@id":"https:\/\/drasanvi.com\/fr\/#\/schema\/logo\/image\/","url":"https:\/\/drasanvi.com\/wp-content\/uploads\/sites\/7\/2021\/07\/logo-drasanvi.png","contentUrl":"https:\/\/drasanvi.com\/wp-content\/uploads\/sites\/7\/2021\/07\/logo-drasanvi.png","width":900,"height":300,"caption":"Drasanvi"},"image":{"@id":"https:\/\/drasanvi.com\/fr\/#\/schema\/logo\/image\/"}}]}},"_links":{"self":[{"href":"https:\/\/drasanvi.com\/fr\/wp-json\/wp\/v2\/product\/15253","targetHints":{"allow":["GET"]}}],"collection":[{"href":"https:\/\/drasanvi.com\/fr\/wp-json\/wp\/v2\/product"}],"about":[{"href":"https:\/\/drasanvi.com\/fr\/wp-json\/wp\/v2\/types\/product"}],"version-history":[{"count":0,"href":"https:\/\/drasanvi.com\/fr\/wp-json\/wp\/v2\/product\/15253\/revisions"}],"wp:featuredmedia":[{"embeddable":true,"href":"https:\/\/drasanvi.com\/fr\/wp-json\/wp\/v2\/media\/20192"}],"wp:attachment":[{"href":"https:\/\/drasanvi.com\/fr\/wp-json\/wp\/v2\/media?parent=15253"}],"wp:term":[{"taxonomy":"product_cat","embeddable":true,"href":"https:\/\/drasanvi.com\/fr\/wp-json\/wp\/v2\/product_cat?post=15253"},{"taxonomy":"product_tag","embeddable":true,"href":"https:\/\/drasanvi.com\/fr\/wp-json\/wp\/v2\/product_tag?post=15253"}],"curies":[{"name":"wp","href":"https:\/\/api.w.org\/{rel}","templated":true}]}}