{"id":15229,"date":"2022-02-28T15:05:43","date_gmt":"2022-02-28T13:05:43","guid":{"rendered":"https:\/\/drasanvi.com\/fr\/?post_type=product&#038;p=15229"},"modified":"2022-03-10T14:14:58","modified_gmt":"2022-03-10T12:14:58","slug":"gel-aloe-vera-400-ml","status":"publish","type":"product","link":"https:\/\/drasanvi.com\/fr\/producto\/gel-aloe-vera-400-ml\/","title":{"rendered":"Gel Aloe Vera 400 ml"},"content":{"rendered":"<h2>Ingredientes<\/h2>\n<p>Aloe Barbadensis Leaf Extract, Glycerin, Ppropylene glycol, Triethanolamine, Carbomer, Phenylpropanol, Propanediol, Caprylyl glycol, Tocopherol, Citirc acid, Sodium benzoate, Potassium sorbate.<\/p>\n<h2>Modo de uso<\/h2>\n<p>Aplicar directamente sobre la piel limpia, con un ligero masaje hasta su total absorci\u00f3n y volver a realizar esta acci\u00f3n tantas veces como sea necesario.<\/p>\n<h3>Presentaci\u00f3n<\/h3>\n<p>Envase airless de 400ml (14fl oz)<\/p>\n<h3>Advertencias<\/h3>\n<p>Producto cosm\u00e9tico. Uso externo. No ingerir. Evitar el contacto directo con los ojos. Mantener fuera del alcance de los ni\u00f1os. Conservar en un lugar fresco y seco.<\/p>\n<h2>Informaci\u00f3n adicional<\/h2>\n<p>Aloe Barbadensis Leaf Extract, Glycerin, Ppropylene glycol, Triethanolamine, Carbomer, Phenylpropanol, Propanediol, Caprylyl glycol, Tocopherol, Citirc acid, Sodium benzoate, Potassium sorbate.<\/p>\n<p>Componente  Acci\u00f3n  Efecto      Aloe Barbadensis Miller  Es el mayor regenerador natural y el m\u00e1s r\u00e1pido que existe. Cualquier problema cut\u00e1neo puede tratarse con el Aloe Vera y acelerar su resoluci\u00f3n, ya que penetra hasta ocho veces m\u00e1s en la piel que cualquier otro producto regenerador.  Se le atribuye un poder regenerador extraordinario de tejidos da\u00f1ados, ya que estimula el sistema inmunitario a la vez que colabora en la producci\u00f3n de c\u00e9lulas fibrobl\u00e1sticas, fundamentales en los procesos curativos.      Vitamina E  Tiene propiedades regeneradoras de los tejidos, estimula el metabolismo celular de la piel y protege su contenido normal en grasas. Es un potente inhibidor de radicales libres. La misma acci\u00f3n reductora de esta vitamina es un excelente profil\u00e1ctico de la destrucci\u00f3n de las c\u00e9lular por la energ\u00eda solar.  Antioxidante, combate los radicales libres.<\/p>\n","protected":false},"excerpt":{"rendered":"<p>El gel de Aloe Vera de Drasanvi es un cosm\u00e9tico natural con propiedades nutritivas, calmantes, cicatrizantes y bactericidas. Entre los principales beneficios del Aloe Vera se encuentra\u00a0su gran capacidad para\u00a0estimular la renovaci\u00f3n celular, a la vez que hidrata y calma intensamente las pieles secas o castigadas por el sol, la depilaci\u00f3n l\u00e1ser, el afeitado o cualquier tipo de irritaci\u00f3n cut\u00e1nea.  Gracias a la vitamina E potencia su efecto regenerador, restaurando y manteniendo la hidrataci\u00f3n natural de la piel,\u00a0activando la s\u00edntesis de col\u00e1geno y mejorando su\u00a0firmeza.  De esta forma, la piel est\u00e1 protegida, hidratada y luce visiblemente m\u00e1s joven. Es ideal para pieles secas y sensibles.  Se presenta en formato\u00a0Airless para evitar\u00a0que el gel\u00a0entre en contacto con el aire, con el fin de preservar\u00a0todas las cualidades de sus ingredientes\u00a0nativos.<br \/><a id=\"boton-ficha\" href=\"https:\/\/panel.drasanvi.com\/fichas\/1\/032060100\" target=\"_blank\" rel=\"noopener\">Ficha t\u00e9cnica<\/a><\/p>\n","protected":false},"featured_media":20095,"template":"","meta":{"inline_featured_image":false},"product_cat":[94],"product_tag":[],"class_list":["post-15229","product","type-product","status-publish","has-post-thumbnail","hentry","product_cat-cosmetica","pa_contiene-altramuces-no","pa_contiene-apio-no","pa_contiene-cacahuetes-no","pa_contiene-crustaceos-no","pa_contiene-frutos-secos-no","pa_contiene-huevo-no","pa_contiene-leche-no","pa_contiene-moluscos-no","pa_contiene-mostaza-no","pa_contiene-pescado-no","pa_contiene-sesamo-no","pa_contiene-soja-no","pa_producto-bio-no","pa_producto-sin-gluten-si","pa_producto-vegano-si","pa_producto-vegetariano-no"],"yoast_head":"<!-- This site is optimized with the Yoast SEO plugin v27.5 - https:\/\/yoast.com\/product\/yoast-seo-wordpress\/ -->\n<title>Gel Aloe Vera 400 ml - Drasanvi Francia<\/title>\n<meta name=\"robots\" content=\"index, follow, max-snippet:-1, max-image-preview:large, max-video-preview:-1\" \/>\n<link rel=\"canonical\" href=\"https:\/\/drasanvi.com\/fr\/producto\/gel-aloe-vera-400-ml\/\" \/>\n<meta property=\"og:locale\" content=\"fr_FR\" \/>\n<meta property=\"og:type\" content=\"article\" \/>\n<meta property=\"og:title\" content=\"Gel Aloe Vera 400 ml - Drasanvi Francia\" \/>\n<meta property=\"og:description\" content=\"El gel de Aloe Vera de Drasanvi es un cosm\u00e9tico natural con propiedades nutritivas, calmantes, cicatrizantes y bactericidas. Entre los principales beneficios del Aloe Vera se encuentra\u00a0su gran capacidad para\u00a0estimular la renovaci\u00f3n celular, a la vez que hidrata y calma intensamente las pieles secas o castigadas por el sol, la depilaci\u00f3n l\u00e1ser, el afeitado o cualquier tipo de irritaci\u00f3n cut\u00e1nea. Gracias a la vitamina E potencia su efecto regenerador, restaurando y manteniendo la hidrataci\u00f3n natural de la piel,\u00a0activando la s\u00edntesis de col\u00e1geno y mejorando su\u00a0firmeza. De esta forma, la piel est\u00e1 protegida, hidratada y luce visiblemente m\u00e1s joven. Es ideal para pieles secas y sensibles. Se presenta en formato\u00a0Airless para evitar\u00a0que el gel\u00a0entre en contacto con el aire, con el fin de preservar\u00a0todas las cualidades de sus ingredientes\u00a0nativos.Ficha t\u00e9cnica\" \/>\n<meta property=\"og:url\" content=\"https:\/\/drasanvi.com\/fr\/producto\/gel-aloe-vera-400-ml\/\" \/>\n<meta property=\"og:site_name\" content=\"Drasanvi Francia\" \/>\n<meta property=\"article:modified_time\" content=\"2022-03-10T12:14:58+00:00\" \/>\n<meta property=\"og:image\" content=\"https:\/\/drasanvi.com\/wp-content\/uploads\/sites\/7\/2022\/02\/032060100.png\" \/>\n\t<meta property=\"og:image:width\" content=\"1000\" \/>\n\t<meta property=\"og:image:height\" content=\"1000\" \/>\n\t<meta property=\"og:image:type\" content=\"image\/png\" \/>\n<meta name=\"twitter:card\" content=\"summary_large_image\" \/>\n<script type=\"application\/ld+json\" class=\"yoast-schema-graph\">{\"@context\":\"https:\\\/\\\/schema.org\",\"@graph\":[{\"@type\":\"WebPage\",\"@id\":\"https:\\\/\\\/drasanvi.com\\\/fr\\\/producto\\\/gel-aloe-vera-400-ml\\\/\",\"url\":\"https:\\\/\\\/drasanvi.com\\\/fr\\\/producto\\\/gel-aloe-vera-400-ml\\\/\",\"name\":\"Gel Aloe Vera 400 ml - Drasanvi Francia\",\"isPartOf\":{\"@id\":\"https:\\\/\\\/drasanvi.com\\\/fr\\\/#website\"},\"primaryImageOfPage\":{\"@id\":\"https:\\\/\\\/drasanvi.com\\\/fr\\\/producto\\\/gel-aloe-vera-400-ml\\\/#primaryimage\"},\"image\":{\"@id\":\"https:\\\/\\\/drasanvi.com\\\/fr\\\/producto\\\/gel-aloe-vera-400-ml\\\/#primaryimage\"},\"thumbnailUrl\":\"https:\\\/\\\/drasanvi.com\\\/fr\\\/wp-content\\\/uploads\\\/sites\\\/7\\\/2022\\\/02\\\/032060100.png\",\"datePublished\":\"2022-02-28T13:05:43+00:00\",\"dateModified\":\"2022-03-10T12:14:58+00:00\",\"breadcrumb\":{\"@id\":\"https:\\\/\\\/drasanvi.com\\\/fr\\\/producto\\\/gel-aloe-vera-400-ml\\\/#breadcrumb\"},\"inLanguage\":\"fr-FR\",\"potentialAction\":[{\"@type\":\"ReadAction\",\"target\":[\"https:\\\/\\\/drasanvi.com\\\/fr\\\/producto\\\/gel-aloe-vera-400-ml\\\/\"]}]},{\"@type\":\"ImageObject\",\"inLanguage\":\"fr-FR\",\"@id\":\"https:\\\/\\\/drasanvi.com\\\/fr\\\/producto\\\/gel-aloe-vera-400-ml\\\/#primaryimage\",\"url\":\"https:\\\/\\\/drasanvi.com\\\/fr\\\/wp-content\\\/uploads\\\/sites\\\/7\\\/2022\\\/02\\\/032060100.png\",\"contentUrl\":\"https:\\\/\\\/drasanvi.com\\\/fr\\\/wp-content\\\/uploads\\\/sites\\\/7\\\/2022\\\/02\\\/032060100.png\",\"width\":1000,\"height\":1000},{\"@type\":\"BreadcrumbList\",\"@id\":\"https:\\\/\\\/drasanvi.com\\\/fr\\\/producto\\\/gel-aloe-vera-400-ml\\\/#breadcrumb\",\"itemListElement\":[{\"@type\":\"ListItem\",\"position\":1,\"name\":\"Portada\",\"item\":\"https:\\\/\\\/drasanvi.com\\\/fr\\\/\"},{\"@type\":\"ListItem\",\"position\":2,\"name\":\"Tienda\",\"item\":\"https:\\\/\\\/drasanvi.com\\\/fr\\\/tienda\\\/\"},{\"@type\":\"ListItem\",\"position\":3,\"name\":\"Gel Aloe Vera 400 ml\"}]},{\"@type\":\"WebSite\",\"@id\":\"https:\\\/\\\/drasanvi.com\\\/fr\\\/#website\",\"url\":\"https:\\\/\\\/drasanvi.com\\\/fr\\\/\",\"name\":\"Drasanvi Francia\",\"description\":\"L\u00edder en complementos alimenticios y cosm\u00e9tica natural.\",\"publisher\":{\"@id\":\"https:\\\/\\\/drasanvi.com\\\/fr\\\/#organization\"},\"potentialAction\":[{\"@type\":\"SearchAction\",\"target\":{\"@type\":\"EntryPoint\",\"urlTemplate\":\"https:\\\/\\\/drasanvi.com\\\/fr\\\/?s={search_term_string}\"},\"query-input\":{\"@type\":\"PropertyValueSpecification\",\"valueRequired\":true,\"valueName\":\"search_term_string\"}}],\"inLanguage\":\"fr-FR\"},{\"@type\":\"Organization\",\"@id\":\"https:\\\/\\\/drasanvi.com\\\/fr\\\/#organization\",\"name\":\"Drasanvi\",\"url\":\"https:\\\/\\\/drasanvi.com\\\/fr\\\/\",\"logo\":{\"@type\":\"ImageObject\",\"inLanguage\":\"fr-FR\",\"@id\":\"https:\\\/\\\/drasanvi.com\\\/fr\\\/#\\\/schema\\\/logo\\\/image\\\/\",\"url\":\"https:\\\/\\\/drasanvi.com\\\/wp-content\\\/uploads\\\/sites\\\/7\\\/2021\\\/07\\\/logo-drasanvi.png\",\"contentUrl\":\"https:\\\/\\\/drasanvi.com\\\/wp-content\\\/uploads\\\/sites\\\/7\\\/2021\\\/07\\\/logo-drasanvi.png\",\"width\":900,\"height\":300,\"caption\":\"Drasanvi\"},\"image\":{\"@id\":\"https:\\\/\\\/drasanvi.com\\\/fr\\\/#\\\/schema\\\/logo\\\/image\\\/\"}}]}<\/script>\n<!-- \/ Yoast SEO plugin. -->","yoast_head_json":{"title":"Gel Aloe Vera 400 ml - Drasanvi Francia","robots":{"index":"index","follow":"follow","max-snippet":"max-snippet:-1","max-image-preview":"max-image-preview:large","max-video-preview":"max-video-preview:-1"},"canonical":"https:\/\/drasanvi.com\/fr\/producto\/gel-aloe-vera-400-ml\/","og_locale":"fr_FR","og_type":"article","og_title":"Gel Aloe Vera 400 ml - Drasanvi Francia","og_description":"El gel de Aloe Vera de Drasanvi es un cosm\u00e9tico natural con propiedades nutritivas, calmantes, cicatrizantes y bactericidas. Entre los principales beneficios del Aloe Vera se encuentra\u00a0su gran capacidad para\u00a0estimular la renovaci\u00f3n celular, a la vez que hidrata y calma intensamente las pieles secas o castigadas por el sol, la depilaci\u00f3n l\u00e1ser, el afeitado o cualquier tipo de irritaci\u00f3n cut\u00e1nea. Gracias a la vitamina E potencia su efecto regenerador, restaurando y manteniendo la hidrataci\u00f3n natural de la piel,\u00a0activando la s\u00edntesis de col\u00e1geno y mejorando su\u00a0firmeza. De esta forma, la piel est\u00e1 protegida, hidratada y luce visiblemente m\u00e1s joven. Es ideal para pieles secas y sensibles. Se presenta en formato\u00a0Airless para evitar\u00a0que el gel\u00a0entre en contacto con el aire, con el fin de preservar\u00a0todas las cualidades de sus ingredientes\u00a0nativos.Ficha t\u00e9cnica","og_url":"https:\/\/drasanvi.com\/fr\/producto\/gel-aloe-vera-400-ml\/","og_site_name":"Drasanvi Francia","article_modified_time":"2022-03-10T12:14:58+00:00","og_image":[{"width":1000,"height":1000,"url":"https:\/\/drasanvi.com\/wp-content\/uploads\/sites\/7\/2022\/02\/032060100.png","type":"image\/png"}],"twitter_card":"summary_large_image","schema":{"@context":"https:\/\/schema.org","@graph":[{"@type":"WebPage","@id":"https:\/\/drasanvi.com\/fr\/producto\/gel-aloe-vera-400-ml\/","url":"https:\/\/drasanvi.com\/fr\/producto\/gel-aloe-vera-400-ml\/","name":"Gel Aloe Vera 400 ml - Drasanvi Francia","isPartOf":{"@id":"https:\/\/drasanvi.com\/fr\/#website"},"primaryImageOfPage":{"@id":"https:\/\/drasanvi.com\/fr\/producto\/gel-aloe-vera-400-ml\/#primaryimage"},"image":{"@id":"https:\/\/drasanvi.com\/fr\/producto\/gel-aloe-vera-400-ml\/#primaryimage"},"thumbnailUrl":"https:\/\/drasanvi.com\/fr\/wp-content\/uploads\/sites\/7\/2022\/02\/032060100.png","datePublished":"2022-02-28T13:05:43+00:00","dateModified":"2022-03-10T12:14:58+00:00","breadcrumb":{"@id":"https:\/\/drasanvi.com\/fr\/producto\/gel-aloe-vera-400-ml\/#breadcrumb"},"inLanguage":"fr-FR","potentialAction":[{"@type":"ReadAction","target":["https:\/\/drasanvi.com\/fr\/producto\/gel-aloe-vera-400-ml\/"]}]},{"@type":"ImageObject","inLanguage":"fr-FR","@id":"https:\/\/drasanvi.com\/fr\/producto\/gel-aloe-vera-400-ml\/#primaryimage","url":"https:\/\/drasanvi.com\/fr\/wp-content\/uploads\/sites\/7\/2022\/02\/032060100.png","contentUrl":"https:\/\/drasanvi.com\/fr\/wp-content\/uploads\/sites\/7\/2022\/02\/032060100.png","width":1000,"height":1000},{"@type":"BreadcrumbList","@id":"https:\/\/drasanvi.com\/fr\/producto\/gel-aloe-vera-400-ml\/#breadcrumb","itemListElement":[{"@type":"ListItem","position":1,"name":"Portada","item":"https:\/\/drasanvi.com\/fr\/"},{"@type":"ListItem","position":2,"name":"Tienda","item":"https:\/\/drasanvi.com\/fr\/tienda\/"},{"@type":"ListItem","position":3,"name":"Gel Aloe Vera 400 ml"}]},{"@type":"WebSite","@id":"https:\/\/drasanvi.com\/fr\/#website","url":"https:\/\/drasanvi.com\/fr\/","name":"Drasanvi Francia","description":"L\u00edder en complementos alimenticios y cosm\u00e9tica natural.","publisher":{"@id":"https:\/\/drasanvi.com\/fr\/#organization"},"potentialAction":[{"@type":"SearchAction","target":{"@type":"EntryPoint","urlTemplate":"https:\/\/drasanvi.com\/fr\/?s={search_term_string}"},"query-input":{"@type":"PropertyValueSpecification","valueRequired":true,"valueName":"search_term_string"}}],"inLanguage":"fr-FR"},{"@type":"Organization","@id":"https:\/\/drasanvi.com\/fr\/#organization","name":"Drasanvi","url":"https:\/\/drasanvi.com\/fr\/","logo":{"@type":"ImageObject","inLanguage":"fr-FR","@id":"https:\/\/drasanvi.com\/fr\/#\/schema\/logo\/image\/","url":"https:\/\/drasanvi.com\/wp-content\/uploads\/sites\/7\/2021\/07\/logo-drasanvi.png","contentUrl":"https:\/\/drasanvi.com\/wp-content\/uploads\/sites\/7\/2021\/07\/logo-drasanvi.png","width":900,"height":300,"caption":"Drasanvi"},"image":{"@id":"https:\/\/drasanvi.com\/fr\/#\/schema\/logo\/image\/"}}]}},"_links":{"self":[{"href":"https:\/\/drasanvi.com\/fr\/wp-json\/wp\/v2\/product\/15229","targetHints":{"allow":["GET"]}}],"collection":[{"href":"https:\/\/drasanvi.com\/fr\/wp-json\/wp\/v2\/product"}],"about":[{"href":"https:\/\/drasanvi.com\/fr\/wp-json\/wp\/v2\/types\/product"}],"version-history":[{"count":0,"href":"https:\/\/drasanvi.com\/fr\/wp-json\/wp\/v2\/product\/15229\/revisions"}],"wp:featuredmedia":[{"embeddable":true,"href":"https:\/\/drasanvi.com\/fr\/wp-json\/wp\/v2\/media\/20095"}],"wp:attachment":[{"href":"https:\/\/drasanvi.com\/fr\/wp-json\/wp\/v2\/media?parent=15229"}],"wp:term":[{"taxonomy":"product_cat","embeddable":true,"href":"https:\/\/drasanvi.com\/fr\/wp-json\/wp\/v2\/product_cat?post=15229"},{"taxonomy":"product_tag","embeddable":true,"href":"https:\/\/drasanvi.com\/fr\/wp-json\/wp\/v2\/product_tag?post=15229"}],"curies":[{"name":"wp","href":"https:\/\/api.w.org\/{rel}","templated":true}]}}