{"id":15176,"date":"2022-02-28T15:13:01","date_gmt":"2022-02-28T13:13:01","guid":{"rendered":"https:\/\/drasanvi.com\/fr\/?post_type=product&#038;p=15176"},"modified":"2022-03-10T14:14:56","modified_gmt":"2022-03-10T12:14:56","slug":"omepur-3","status":"publish","type":"product","link":"https:\/\/drasanvi.com\/fr\/producto\/omepur-3\/","title":{"rendered":"Omepur 3"},"content":{"rendered":"<h2>Ingredientes<\/h2>\n<p>Ingrediente  Cantidad \/ dosis diaria      Aceite de Pescado concentrado EPA (\u00c1cido eicosapentanoico) DHA (\u00c1cido docosahexaenoico) Otros tipos de Omega 3  1000 mg 480 mg 340 mg 180 mg      Vitamina E Como Acetato de tocoferol  0,4 mg      Otros ingredientes: Gelatina, Glicerina y Sorbitol (Agente de recubrimiento).        Sin colorantes, edulcorantes, az\u00facares a\u00f1adidos ni conservantes.<\/p>\n<h2>Modo de uso<\/h2>\n<p>Tomar 2 perlas al d\u00eda, acompa\u00f1adas de 0,1 litro de agua.<\/p>\n<h3>Presentaci\u00f3n<\/h3>\n<p>Envase de 45 perlas gastroprotegidas de 800 mg. Peso total: 36 g (1.26 oz)<\/p>\n<h3>Advertencias<\/h3>\n<p>Complemento alimenticio a base de aceite de pescado y vitamina E.&nbsp;No superar la dosis diaria expresamente recomendada; Los complementos alimenticios no deben utilizarse como sustituto de una dieta equilibrada; Mantener fuera del alcance de los ni&ntilde;os m&aacute;s peque&ntilde;os.&nbsp;<\/p>\n<h2>Informaci\u00f3n adicional<\/h2>\n<p>ingrediente  descripcion  dosis diaria        Aceite de Pescado concentrado*    (Contiene pescado) (Contiene crust\u00e1ceos) (EPA 48%, DHA 34%, Otros Omega 3 18%)  1000 mg        Agente de recubrimiento    (Contiene soja) (Gelatina, Glicerina, Sorbitol)  599,6 mg      Vitamina E  Acetato de tocoferol  0,4 mg<\/p>\n<p>Por dosis diaria (2 perlas)        Ingrediente  Porcentaje  Cantidad      Vitamina E  66%  52 mg        %VRN (Valores Recomendados de Nutrientes)<\/p>\n","protected":false},"excerpt":{"rendered":"<p>Omepur 3\u00ae es un complemento alimenticio rico en \u00e1cidos grasos del tipo Omega 3, concretamente DHA y EPA. Posee una alta pureza de estas sustancias, tal es as\u00ed, que se alcanza una gran concentraci\u00f3n de Omega 3 por c\u00e1psula de 480 mg de EPA, 340 mg de DHA y 180 mg de otro tipos de Omega 3. Se trata de sustancias con importantes propiedades: el DHA contribuye al mantenimiento de la visi\u00f3n y el cerebro en condiciones normales. El EPA y DHA contribuyen al funcionamiento normal del coraz\u00f3n. El aceite de pescado utilizado se extrae de anchoas y sardinas \u00a0de las Costas del \u00cdndico, asegurando un ambiente limpio y poco contaminado. Adem\u00e1s de la alta calidad del aceite utilizado, este complemento presenta una tecnolog\u00eda muy innovadora: la c\u00e1psula posee un recubrimiento especial que la convierte en gastroprotegida, es decir, atraviesa la barrera g\u00e1strica del est\u00f3mago deshaci\u00e9ndose, directamente, en el intestino.<br \/><a id=\"boton-ficha\" href=\"https:\/\/panel.drasanvi.com\/fichas\/1\/032050029\" target=\"_blank\" rel=\"noopener\">Ficha t\u00e9cnica<\/a><\/p>\n","protected":false},"featured_media":20471,"template":"","meta":{"inline_featured_image":false},"product_cat":[93,111],"product_tag":[],"class_list":["post-15176","product","type-product","status-publish","has-post-thumbnail","hentry","product_cat-circulacion","product_cat-salud-cardiovascular","pa_contiene-altramuces-no","pa_contiene-apio-no","pa_contiene-cacahuetes-no","pa_contiene-crustaceos-si","pa_contiene-frutos-secos-no","pa_contiene-huevo-no","pa_contiene-leche-no","pa_contiene-moluscos-no","pa_contiene-mostaza-no","pa_contiene-pescado-si","pa_contiene-sesamo-no","pa_contiene-soja-si","pa_producto-bio-no","pa_producto-sin-gluten-si","pa_producto-vegano-no","pa_producto-vegetariano-no"],"yoast_head":"<!-- This site is optimized with the Yoast SEO plugin v27.5 - https:\/\/yoast.com\/product\/yoast-seo-wordpress\/ -->\n<title>Omepur 3 - Drasanvi Francia<\/title>\n<meta name=\"robots\" content=\"index, follow, max-snippet:-1, max-image-preview:large, max-video-preview:-1\" \/>\n<link rel=\"canonical\" href=\"https:\/\/drasanvi.com\/fr\/producto\/omepur-3\/\" \/>\n<meta property=\"og:locale\" content=\"fr_FR\" \/>\n<meta property=\"og:type\" content=\"article\" \/>\n<meta property=\"og:title\" content=\"Omepur 3 - Drasanvi Francia\" \/>\n<meta property=\"og:description\" content=\"Omepur 3\u00ae es un complemento alimenticio rico en \u00e1cidos grasos del tipo Omega 3, concretamente DHA y EPA. Posee una alta pureza de estas sustancias, tal es as\u00ed, que se alcanza una gran concentraci\u00f3n de Omega 3 por c\u00e1psula de 480 mg de EPA, 340 mg de DHA y 180 mg de otro tipos de Omega 3. Se trata de sustancias con importantes propiedades: el DHA contribuye al mantenimiento de la visi\u00f3n y el cerebro en condiciones normales. El EPA y DHA contribuyen al funcionamiento normal del coraz\u00f3n. El aceite de pescado utilizado se extrae de anchoas y sardinas \u00a0de las Costas del \u00cdndico, asegurando un ambiente limpio y poco contaminado. Adem\u00e1s de la alta calidad del aceite utilizado, este complemento presenta una tecnolog\u00eda muy innovadora: la c\u00e1psula posee un recubrimiento especial que la convierte en gastroprotegida, es decir, atraviesa la barrera g\u00e1strica del est\u00f3mago deshaci\u00e9ndose, directamente, en el intestino.Ficha t\u00e9cnica\" \/>\n<meta property=\"og:url\" content=\"https:\/\/drasanvi.com\/fr\/producto\/omepur-3\/\" \/>\n<meta property=\"og:site_name\" content=\"Drasanvi Francia\" \/>\n<meta property=\"article:modified_time\" content=\"2022-03-10T12:14:56+00:00\" \/>\n<meta property=\"og:image\" content=\"https:\/\/drasanvi.com\/wp-content\/uploads\/sites\/7\/2022\/02\/032050029.png\" \/>\n\t<meta property=\"og:image:width\" content=\"1000\" \/>\n\t<meta property=\"og:image:height\" content=\"1000\" \/>\n\t<meta property=\"og:image:type\" content=\"image\/png\" \/>\n<meta name=\"twitter:card\" content=\"summary_large_image\" \/>\n<script type=\"application\/ld+json\" class=\"yoast-schema-graph\">{\"@context\":\"https:\\\/\\\/schema.org\",\"@graph\":[{\"@type\":\"WebPage\",\"@id\":\"https:\\\/\\\/drasanvi.com\\\/fr\\\/producto\\\/omepur-3\\\/\",\"url\":\"https:\\\/\\\/drasanvi.com\\\/fr\\\/producto\\\/omepur-3\\\/\",\"name\":\"Omepur 3 - Drasanvi Francia\",\"isPartOf\":{\"@id\":\"https:\\\/\\\/drasanvi.com\\\/fr\\\/#website\"},\"primaryImageOfPage\":{\"@id\":\"https:\\\/\\\/drasanvi.com\\\/fr\\\/producto\\\/omepur-3\\\/#primaryimage\"},\"image\":{\"@id\":\"https:\\\/\\\/drasanvi.com\\\/fr\\\/producto\\\/omepur-3\\\/#primaryimage\"},\"thumbnailUrl\":\"https:\\\/\\\/drasanvi.com\\\/fr\\\/wp-content\\\/uploads\\\/sites\\\/7\\\/2022\\\/02\\\/032050029.png\",\"datePublished\":\"2022-02-28T13:13:01+00:00\",\"dateModified\":\"2022-03-10T12:14:56+00:00\",\"breadcrumb\":{\"@id\":\"https:\\\/\\\/drasanvi.com\\\/fr\\\/producto\\\/omepur-3\\\/#breadcrumb\"},\"inLanguage\":\"fr-FR\",\"potentialAction\":[{\"@type\":\"ReadAction\",\"target\":[\"https:\\\/\\\/drasanvi.com\\\/fr\\\/producto\\\/omepur-3\\\/\"]}]},{\"@type\":\"ImageObject\",\"inLanguage\":\"fr-FR\",\"@id\":\"https:\\\/\\\/drasanvi.com\\\/fr\\\/producto\\\/omepur-3\\\/#primaryimage\",\"url\":\"https:\\\/\\\/drasanvi.com\\\/fr\\\/wp-content\\\/uploads\\\/sites\\\/7\\\/2022\\\/02\\\/032050029.png\",\"contentUrl\":\"https:\\\/\\\/drasanvi.com\\\/fr\\\/wp-content\\\/uploads\\\/sites\\\/7\\\/2022\\\/02\\\/032050029.png\",\"width\":1000,\"height\":1000},{\"@type\":\"BreadcrumbList\",\"@id\":\"https:\\\/\\\/drasanvi.com\\\/fr\\\/producto\\\/omepur-3\\\/#breadcrumb\",\"itemListElement\":[{\"@type\":\"ListItem\",\"position\":1,\"name\":\"Portada\",\"item\":\"https:\\\/\\\/drasanvi.com\\\/fr\\\/\"},{\"@type\":\"ListItem\",\"position\":2,\"name\":\"Tienda\",\"item\":\"https:\\\/\\\/drasanvi.com\\\/fr\\\/tienda\\\/\"},{\"@type\":\"ListItem\",\"position\":3,\"name\":\"Omepur 3\"}]},{\"@type\":\"WebSite\",\"@id\":\"https:\\\/\\\/drasanvi.com\\\/fr\\\/#website\",\"url\":\"https:\\\/\\\/drasanvi.com\\\/fr\\\/\",\"name\":\"Drasanvi Francia\",\"description\":\"L\u00edder en complementos alimenticios y cosm\u00e9tica natural.\",\"publisher\":{\"@id\":\"https:\\\/\\\/drasanvi.com\\\/fr\\\/#organization\"},\"potentialAction\":[{\"@type\":\"SearchAction\",\"target\":{\"@type\":\"EntryPoint\",\"urlTemplate\":\"https:\\\/\\\/drasanvi.com\\\/fr\\\/?s={search_term_string}\"},\"query-input\":{\"@type\":\"PropertyValueSpecification\",\"valueRequired\":true,\"valueName\":\"search_term_string\"}}],\"inLanguage\":\"fr-FR\"},{\"@type\":\"Organization\",\"@id\":\"https:\\\/\\\/drasanvi.com\\\/fr\\\/#organization\",\"name\":\"Drasanvi\",\"url\":\"https:\\\/\\\/drasanvi.com\\\/fr\\\/\",\"logo\":{\"@type\":\"ImageObject\",\"inLanguage\":\"fr-FR\",\"@id\":\"https:\\\/\\\/drasanvi.com\\\/fr\\\/#\\\/schema\\\/logo\\\/image\\\/\",\"url\":\"https:\\\/\\\/drasanvi.com\\\/wp-content\\\/uploads\\\/sites\\\/7\\\/2021\\\/07\\\/logo-drasanvi.png\",\"contentUrl\":\"https:\\\/\\\/drasanvi.com\\\/wp-content\\\/uploads\\\/sites\\\/7\\\/2021\\\/07\\\/logo-drasanvi.png\",\"width\":900,\"height\":300,\"caption\":\"Drasanvi\"},\"image\":{\"@id\":\"https:\\\/\\\/drasanvi.com\\\/fr\\\/#\\\/schema\\\/logo\\\/image\\\/\"}}]}<\/script>\n<!-- \/ Yoast SEO plugin. -->","yoast_head_json":{"title":"Omepur 3 - Drasanvi Francia","robots":{"index":"index","follow":"follow","max-snippet":"max-snippet:-1","max-image-preview":"max-image-preview:large","max-video-preview":"max-video-preview:-1"},"canonical":"https:\/\/drasanvi.com\/fr\/producto\/omepur-3\/","og_locale":"fr_FR","og_type":"article","og_title":"Omepur 3 - Drasanvi Francia","og_description":"Omepur 3\u00ae es un complemento alimenticio rico en \u00e1cidos grasos del tipo Omega 3, concretamente DHA y EPA. Posee una alta pureza de estas sustancias, tal es as\u00ed, que se alcanza una gran concentraci\u00f3n de Omega 3 por c\u00e1psula de 480 mg de EPA, 340 mg de DHA y 180 mg de otro tipos de Omega 3. Se trata de sustancias con importantes propiedades: el DHA contribuye al mantenimiento de la visi\u00f3n y el cerebro en condiciones normales. El EPA y DHA contribuyen al funcionamiento normal del coraz\u00f3n. El aceite de pescado utilizado se extrae de anchoas y sardinas \u00a0de las Costas del \u00cdndico, asegurando un ambiente limpio y poco contaminado. Adem\u00e1s de la alta calidad del aceite utilizado, este complemento presenta una tecnolog\u00eda muy innovadora: la c\u00e1psula posee un recubrimiento especial que la convierte en gastroprotegida, es decir, atraviesa la barrera g\u00e1strica del est\u00f3mago deshaci\u00e9ndose, directamente, en el intestino.Ficha t\u00e9cnica","og_url":"https:\/\/drasanvi.com\/fr\/producto\/omepur-3\/","og_site_name":"Drasanvi Francia","article_modified_time":"2022-03-10T12:14:56+00:00","og_image":[{"width":1000,"height":1000,"url":"https:\/\/drasanvi.com\/wp-content\/uploads\/sites\/7\/2022\/02\/032050029.png","type":"image\/png"}],"twitter_card":"summary_large_image","schema":{"@context":"https:\/\/schema.org","@graph":[{"@type":"WebPage","@id":"https:\/\/drasanvi.com\/fr\/producto\/omepur-3\/","url":"https:\/\/drasanvi.com\/fr\/producto\/omepur-3\/","name":"Omepur 3 - Drasanvi Francia","isPartOf":{"@id":"https:\/\/drasanvi.com\/fr\/#website"},"primaryImageOfPage":{"@id":"https:\/\/drasanvi.com\/fr\/producto\/omepur-3\/#primaryimage"},"image":{"@id":"https:\/\/drasanvi.com\/fr\/producto\/omepur-3\/#primaryimage"},"thumbnailUrl":"https:\/\/drasanvi.com\/fr\/wp-content\/uploads\/sites\/7\/2022\/02\/032050029.png","datePublished":"2022-02-28T13:13:01+00:00","dateModified":"2022-03-10T12:14:56+00:00","breadcrumb":{"@id":"https:\/\/drasanvi.com\/fr\/producto\/omepur-3\/#breadcrumb"},"inLanguage":"fr-FR","potentialAction":[{"@type":"ReadAction","target":["https:\/\/drasanvi.com\/fr\/producto\/omepur-3\/"]}]},{"@type":"ImageObject","inLanguage":"fr-FR","@id":"https:\/\/drasanvi.com\/fr\/producto\/omepur-3\/#primaryimage","url":"https:\/\/drasanvi.com\/fr\/wp-content\/uploads\/sites\/7\/2022\/02\/032050029.png","contentUrl":"https:\/\/drasanvi.com\/fr\/wp-content\/uploads\/sites\/7\/2022\/02\/032050029.png","width":1000,"height":1000},{"@type":"BreadcrumbList","@id":"https:\/\/drasanvi.com\/fr\/producto\/omepur-3\/#breadcrumb","itemListElement":[{"@type":"ListItem","position":1,"name":"Portada","item":"https:\/\/drasanvi.com\/fr\/"},{"@type":"ListItem","position":2,"name":"Tienda","item":"https:\/\/drasanvi.com\/fr\/tienda\/"},{"@type":"ListItem","position":3,"name":"Omepur 3"}]},{"@type":"WebSite","@id":"https:\/\/drasanvi.com\/fr\/#website","url":"https:\/\/drasanvi.com\/fr\/","name":"Drasanvi Francia","description":"L\u00edder en complementos alimenticios y cosm\u00e9tica natural.","publisher":{"@id":"https:\/\/drasanvi.com\/fr\/#organization"},"potentialAction":[{"@type":"SearchAction","target":{"@type":"EntryPoint","urlTemplate":"https:\/\/drasanvi.com\/fr\/?s={search_term_string}"},"query-input":{"@type":"PropertyValueSpecification","valueRequired":true,"valueName":"search_term_string"}}],"inLanguage":"fr-FR"},{"@type":"Organization","@id":"https:\/\/drasanvi.com\/fr\/#organization","name":"Drasanvi","url":"https:\/\/drasanvi.com\/fr\/","logo":{"@type":"ImageObject","inLanguage":"fr-FR","@id":"https:\/\/drasanvi.com\/fr\/#\/schema\/logo\/image\/","url":"https:\/\/drasanvi.com\/wp-content\/uploads\/sites\/7\/2021\/07\/logo-drasanvi.png","contentUrl":"https:\/\/drasanvi.com\/wp-content\/uploads\/sites\/7\/2021\/07\/logo-drasanvi.png","width":900,"height":300,"caption":"Drasanvi"},"image":{"@id":"https:\/\/drasanvi.com\/fr\/#\/schema\/logo\/image\/"}}]}},"_links":{"self":[{"href":"https:\/\/drasanvi.com\/fr\/wp-json\/wp\/v2\/product\/15176","targetHints":{"allow":["GET"]}}],"collection":[{"href":"https:\/\/drasanvi.com\/fr\/wp-json\/wp\/v2\/product"}],"about":[{"href":"https:\/\/drasanvi.com\/fr\/wp-json\/wp\/v2\/types\/product"}],"version-history":[{"count":0,"href":"https:\/\/drasanvi.com\/fr\/wp-json\/wp\/v2\/product\/15176\/revisions"}],"wp:featuredmedia":[{"embeddable":true,"href":"https:\/\/drasanvi.com\/fr\/wp-json\/wp\/v2\/media\/20471"}],"wp:attachment":[{"href":"https:\/\/drasanvi.com\/fr\/wp-json\/wp\/v2\/media?parent=15176"}],"wp:term":[{"taxonomy":"product_cat","embeddable":true,"href":"https:\/\/drasanvi.com\/fr\/wp-json\/wp\/v2\/product_cat?post=15176"},{"taxonomy":"product_tag","embeddable":true,"href":"https:\/\/drasanvi.com\/fr\/wp-json\/wp\/v2\/product_tag?post=15176"}],"curies":[{"name":"wp","href":"https:\/\/api.w.org\/{rel}","templated":true}]}}