{"id":15100,"date":"2022-02-28T14:58:13","date_gmt":"2022-02-28T12:58:13","guid":{"rendered":"https:\/\/drasanvi.com\/fr\/?post_type=product&#038;p=15100"},"modified":"2022-03-10T14:14:53","modified_gmt":"2022-03-10T12:14:53","slug":"barrita-proteica-con-chocolate","status":"publish","type":"product","link":"https:\/\/drasanvi.com\/fr\/producto\/barrita-proteica-con-chocolate\/","title":{"rendered":"Barrita proteica con chocolate"},"content":{"rendered":"<h2>Ingredientes<\/h2>\n<p>Prote\u00edna L\u00c1CTEA (CASEINATO c\u00e1lcico, prote\u00edna de SUERO aislada, emulgente: lecitina de SOJA), cobertura de chocolate con LECHE 40% cacao (az\u00facar, manteca de cacao, LECHE entera en polvo, pasta de cacao, LACTOSUERO en polvo, MANTEQUILLA concentrada, emulgentes: lecitina de\u00a0SOJA\u00a0y polirricinoleato de poliglicerol, aroma) (14,7%), jarabe de glucosa, humectante: glicerina, jarabe de oligofructosa, aislado de prote\u00edna de SOJA, jarabe de col\u00e1geno (col\u00e1geno, agua, conservadores: sorbato pot\u00e1sico, benzoato s\u00f3dico), aceite de girasol (aceite de girasol, dimetilsiloxano), cacao en polvo, aroma.<\/p>\n<h2>Modo de uso<\/h2>\n<p>Listo para consumir.<\/p>\n<h3>Presentaci\u00f3n<\/h3>\n<p>Peso total 35 g (1,23 oz)<\/p>\n<h3>Advertencias<\/h3>\n<p>Conservar en un lugar fresco y seco.Un consumo excesivo puede tener efectos laxantes.Contiene leche y soja.Puede contener trazas de gluten, huevo, cacahuete, frutos de c\u00e1scara, s\u00e9samo, sulfitos y\/o derivados de los mismos.<\/p>\n<h2>Informaci\u00f3n adicional<\/h2>\n<p>Prote\u00edna L\u00c1CTEA (CASEINATO c\u00e1lcico, prote\u00edna de SUERO aislada, emulgente: lecitina de SOJA), cobertura de chocolate con LECHE 40% cacao (az\u00facar, manteca de cacao, LECHE entera en polvo, pasta de cacao, LACTOSUERO en polvo, MANTEQUILLA concentrada, emulgentes: lecitina de\u00a0SOJA\u00a0y polirricinoleato de poliglicerol, aroma) (14,7%), jarabe de glucosa, humectante: glicerina, jarabe de oligofructosa, aislado de prote\u00edna de SOJA, jarabe de col\u00e1geno (col\u00e1geno, agua, conservadores: sorbato pot\u00e1sico, benzoato s\u00f3dico), aceite de girasol (aceite de girasol, dimetilsiloxano), cacao en polvo, aroma.<\/p>\n<p>por 1 barrita (35 g)        \u00a0  Por 100 g  Por 35 g\u00a0      Valor Energ\u00e9tico  1558 kJ \/ 371 kcal  545 kJ \/ 130 kcal      Grasas  9,9 g  3,5 g      de las cuales saturadas  4,2 g  1,5 g      Hidratos de carbono  31,5 g  11,0 g      \u00a0de los cuales  \u00a0  \u00a0      \u00a0az\u00facares  19,5 g  6,8 g      polialcoholes*  10,5 g  3,7 g      Fibra Alimentaria  6,8 g  2,4 g      Prote\u00ednas  39,7 g  13,9 g      Sal  0,33 g  0,11 g      \u00c1cido Oleico  2,5 g  0,9 g<\/p>\n","protected":false},"excerpt":{"rendered":"<p>Nuestras barritas proteicas cuentan con un gran equilibrio nutricional: la cantidad de prote\u00edna siempre es mayor que la de carbohidratos y grasas.Barrita con alto valor proteico (40%).<br \/><a id=\"boton-ficha\" href=\"https:\/\/panel.drasanvi.com\/fichas\/1\/032010113\" target=\"_blank\" rel=\"noopener\">Ficha t\u00e9cnica<\/a><\/p>\n","protected":false},"featured_media":19697,"template":"","meta":{"inline_featured_image":false},"product_cat":[89,97,109],"product_tag":[],"class_list":["post-15100","product","type-product","status-publish","has-post-thumbnail","hentry","product_cat-alimentation","product_cat-deporte","product_cat-peso-saludable","pa_contiene-altramuces-no","pa_contiene-apio-no","pa_contiene-cacahuetes-si","pa_contiene-crustaceos-no","pa_contiene-frutos-secos-si","pa_contiene-huevo-si","pa_contiene-leche-si","pa_contiene-moluscos-no","pa_contiene-mostaza-no","pa_contiene-pescado-no","pa_contiene-sesamo-si","pa_contiene-soja-si","pa_producto-bio-no","pa_producto-sin-gluten-no","pa_producto-vegano-no","pa_producto-vegetariano-no"],"yoast_head":"<!-- This site is optimized with the Yoast SEO plugin v27.5 - https:\/\/yoast.com\/product\/yoast-seo-wordpress\/ -->\n<title>Barrita proteica con chocolate - Drasanvi Francia<\/title>\n<meta name=\"robots\" content=\"index, follow, max-snippet:-1, max-image-preview:large, max-video-preview:-1\" \/>\n<link rel=\"canonical\" href=\"https:\/\/drasanvi.com\/fr\/producto\/barrita-proteica-con-chocolate\/\" \/>\n<meta property=\"og:locale\" content=\"fr_FR\" \/>\n<meta property=\"og:type\" content=\"article\" \/>\n<meta property=\"og:title\" content=\"Barrita proteica con chocolate - Drasanvi Francia\" \/>\n<meta property=\"og:description\" content=\"Nuestras barritas proteicas cuentan con un gran equilibrio nutricional: la cantidad de prote\u00edna siempre es mayor que la de carbohidratos y grasas.Barrita con alto valor proteico (40%).Ficha t\u00e9cnica\" \/>\n<meta property=\"og:url\" content=\"https:\/\/drasanvi.com\/fr\/producto\/barrita-proteica-con-chocolate\/\" \/>\n<meta property=\"og:site_name\" content=\"Drasanvi Francia\" \/>\n<meta property=\"article:modified_time\" content=\"2022-03-10T12:14:53+00:00\" \/>\n<meta property=\"og:image\" content=\"https:\/\/drasanvi.com\/wp-content\/uploads\/sites\/7\/2022\/02\/032010113.png\" \/>\n\t<meta property=\"og:image:width\" content=\"1000\" \/>\n\t<meta property=\"og:image:height\" content=\"1000\" \/>\n\t<meta property=\"og:image:type\" content=\"image\/png\" \/>\n<meta name=\"twitter:card\" content=\"summary_large_image\" \/>\n<script type=\"application\/ld+json\" class=\"yoast-schema-graph\">{\"@context\":\"https:\\\/\\\/schema.org\",\"@graph\":[{\"@type\":\"WebPage\",\"@id\":\"https:\\\/\\\/drasanvi.com\\\/fr\\\/producto\\\/barrita-proteica-con-chocolate\\\/\",\"url\":\"https:\\\/\\\/drasanvi.com\\\/fr\\\/producto\\\/barrita-proteica-con-chocolate\\\/\",\"name\":\"Barrita proteica con chocolate - Drasanvi Francia\",\"isPartOf\":{\"@id\":\"https:\\\/\\\/drasanvi.com\\\/fr\\\/#website\"},\"primaryImageOfPage\":{\"@id\":\"https:\\\/\\\/drasanvi.com\\\/fr\\\/producto\\\/barrita-proteica-con-chocolate\\\/#primaryimage\"},\"image\":{\"@id\":\"https:\\\/\\\/drasanvi.com\\\/fr\\\/producto\\\/barrita-proteica-con-chocolate\\\/#primaryimage\"},\"thumbnailUrl\":\"https:\\\/\\\/drasanvi.com\\\/fr\\\/wp-content\\\/uploads\\\/sites\\\/7\\\/2022\\\/02\\\/032010113.png\",\"datePublished\":\"2022-02-28T12:58:13+00:00\",\"dateModified\":\"2022-03-10T12:14:53+00:00\",\"breadcrumb\":{\"@id\":\"https:\\\/\\\/drasanvi.com\\\/fr\\\/producto\\\/barrita-proteica-con-chocolate\\\/#breadcrumb\"},\"inLanguage\":\"fr-FR\",\"potentialAction\":[{\"@type\":\"ReadAction\",\"target\":[\"https:\\\/\\\/drasanvi.com\\\/fr\\\/producto\\\/barrita-proteica-con-chocolate\\\/\"]}]},{\"@type\":\"ImageObject\",\"inLanguage\":\"fr-FR\",\"@id\":\"https:\\\/\\\/drasanvi.com\\\/fr\\\/producto\\\/barrita-proteica-con-chocolate\\\/#primaryimage\",\"url\":\"https:\\\/\\\/drasanvi.com\\\/fr\\\/wp-content\\\/uploads\\\/sites\\\/7\\\/2022\\\/02\\\/032010113.png\",\"contentUrl\":\"https:\\\/\\\/drasanvi.com\\\/fr\\\/wp-content\\\/uploads\\\/sites\\\/7\\\/2022\\\/02\\\/032010113.png\",\"width\":1000,\"height\":1000},{\"@type\":\"BreadcrumbList\",\"@id\":\"https:\\\/\\\/drasanvi.com\\\/fr\\\/producto\\\/barrita-proteica-con-chocolate\\\/#breadcrumb\",\"itemListElement\":[{\"@type\":\"ListItem\",\"position\":1,\"name\":\"Portada\",\"item\":\"https:\\\/\\\/drasanvi.com\\\/fr\\\/\"},{\"@type\":\"ListItem\",\"position\":2,\"name\":\"Tienda\",\"item\":\"https:\\\/\\\/drasanvi.com\\\/fr\\\/tienda\\\/\"},{\"@type\":\"ListItem\",\"position\":3,\"name\":\"Barrita proteica con chocolate\"}]},{\"@type\":\"WebSite\",\"@id\":\"https:\\\/\\\/drasanvi.com\\\/fr\\\/#website\",\"url\":\"https:\\\/\\\/drasanvi.com\\\/fr\\\/\",\"name\":\"Drasanvi Francia\",\"description\":\"L\u00edder en complementos alimenticios y cosm\u00e9tica natural.\",\"publisher\":{\"@id\":\"https:\\\/\\\/drasanvi.com\\\/fr\\\/#organization\"},\"potentialAction\":[{\"@type\":\"SearchAction\",\"target\":{\"@type\":\"EntryPoint\",\"urlTemplate\":\"https:\\\/\\\/drasanvi.com\\\/fr\\\/?s={search_term_string}\"},\"query-input\":{\"@type\":\"PropertyValueSpecification\",\"valueRequired\":true,\"valueName\":\"search_term_string\"}}],\"inLanguage\":\"fr-FR\"},{\"@type\":\"Organization\",\"@id\":\"https:\\\/\\\/drasanvi.com\\\/fr\\\/#organization\",\"name\":\"Drasanvi\",\"url\":\"https:\\\/\\\/drasanvi.com\\\/fr\\\/\",\"logo\":{\"@type\":\"ImageObject\",\"inLanguage\":\"fr-FR\",\"@id\":\"https:\\\/\\\/drasanvi.com\\\/fr\\\/#\\\/schema\\\/logo\\\/image\\\/\",\"url\":\"https:\\\/\\\/drasanvi.com\\\/wp-content\\\/uploads\\\/sites\\\/7\\\/2021\\\/07\\\/logo-drasanvi.png\",\"contentUrl\":\"https:\\\/\\\/drasanvi.com\\\/wp-content\\\/uploads\\\/sites\\\/7\\\/2021\\\/07\\\/logo-drasanvi.png\",\"width\":900,\"height\":300,\"caption\":\"Drasanvi\"},\"image\":{\"@id\":\"https:\\\/\\\/drasanvi.com\\\/fr\\\/#\\\/schema\\\/logo\\\/image\\\/\"}}]}<\/script>\n<!-- \/ Yoast SEO plugin. -->","yoast_head_json":{"title":"Barrita proteica con chocolate - Drasanvi Francia","robots":{"index":"index","follow":"follow","max-snippet":"max-snippet:-1","max-image-preview":"max-image-preview:large","max-video-preview":"max-video-preview:-1"},"canonical":"https:\/\/drasanvi.com\/fr\/producto\/barrita-proteica-con-chocolate\/","og_locale":"fr_FR","og_type":"article","og_title":"Barrita proteica con chocolate - Drasanvi Francia","og_description":"Nuestras barritas proteicas cuentan con un gran equilibrio nutricional: la cantidad de prote\u00edna siempre es mayor que la de carbohidratos y grasas.Barrita con alto valor proteico (40%).Ficha t\u00e9cnica","og_url":"https:\/\/drasanvi.com\/fr\/producto\/barrita-proteica-con-chocolate\/","og_site_name":"Drasanvi Francia","article_modified_time":"2022-03-10T12:14:53+00:00","og_image":[{"width":1000,"height":1000,"url":"https:\/\/drasanvi.com\/wp-content\/uploads\/sites\/7\/2022\/02\/032010113.png","type":"image\/png"}],"twitter_card":"summary_large_image","schema":{"@context":"https:\/\/schema.org","@graph":[{"@type":"WebPage","@id":"https:\/\/drasanvi.com\/fr\/producto\/barrita-proteica-con-chocolate\/","url":"https:\/\/drasanvi.com\/fr\/producto\/barrita-proteica-con-chocolate\/","name":"Barrita proteica con chocolate - Drasanvi Francia","isPartOf":{"@id":"https:\/\/drasanvi.com\/fr\/#website"},"primaryImageOfPage":{"@id":"https:\/\/drasanvi.com\/fr\/producto\/barrita-proteica-con-chocolate\/#primaryimage"},"image":{"@id":"https:\/\/drasanvi.com\/fr\/producto\/barrita-proteica-con-chocolate\/#primaryimage"},"thumbnailUrl":"https:\/\/drasanvi.com\/fr\/wp-content\/uploads\/sites\/7\/2022\/02\/032010113.png","datePublished":"2022-02-28T12:58:13+00:00","dateModified":"2022-03-10T12:14:53+00:00","breadcrumb":{"@id":"https:\/\/drasanvi.com\/fr\/producto\/barrita-proteica-con-chocolate\/#breadcrumb"},"inLanguage":"fr-FR","potentialAction":[{"@type":"ReadAction","target":["https:\/\/drasanvi.com\/fr\/producto\/barrita-proteica-con-chocolate\/"]}]},{"@type":"ImageObject","inLanguage":"fr-FR","@id":"https:\/\/drasanvi.com\/fr\/producto\/barrita-proteica-con-chocolate\/#primaryimage","url":"https:\/\/drasanvi.com\/fr\/wp-content\/uploads\/sites\/7\/2022\/02\/032010113.png","contentUrl":"https:\/\/drasanvi.com\/fr\/wp-content\/uploads\/sites\/7\/2022\/02\/032010113.png","width":1000,"height":1000},{"@type":"BreadcrumbList","@id":"https:\/\/drasanvi.com\/fr\/producto\/barrita-proteica-con-chocolate\/#breadcrumb","itemListElement":[{"@type":"ListItem","position":1,"name":"Portada","item":"https:\/\/drasanvi.com\/fr\/"},{"@type":"ListItem","position":2,"name":"Tienda","item":"https:\/\/drasanvi.com\/fr\/tienda\/"},{"@type":"ListItem","position":3,"name":"Barrita proteica con chocolate"}]},{"@type":"WebSite","@id":"https:\/\/drasanvi.com\/fr\/#website","url":"https:\/\/drasanvi.com\/fr\/","name":"Drasanvi Francia","description":"L\u00edder en complementos alimenticios y cosm\u00e9tica natural.","publisher":{"@id":"https:\/\/drasanvi.com\/fr\/#organization"},"potentialAction":[{"@type":"SearchAction","target":{"@type":"EntryPoint","urlTemplate":"https:\/\/drasanvi.com\/fr\/?s={search_term_string}"},"query-input":{"@type":"PropertyValueSpecification","valueRequired":true,"valueName":"search_term_string"}}],"inLanguage":"fr-FR"},{"@type":"Organization","@id":"https:\/\/drasanvi.com\/fr\/#organization","name":"Drasanvi","url":"https:\/\/drasanvi.com\/fr\/","logo":{"@type":"ImageObject","inLanguage":"fr-FR","@id":"https:\/\/drasanvi.com\/fr\/#\/schema\/logo\/image\/","url":"https:\/\/drasanvi.com\/wp-content\/uploads\/sites\/7\/2021\/07\/logo-drasanvi.png","contentUrl":"https:\/\/drasanvi.com\/wp-content\/uploads\/sites\/7\/2021\/07\/logo-drasanvi.png","width":900,"height":300,"caption":"Drasanvi"},"image":{"@id":"https:\/\/drasanvi.com\/fr\/#\/schema\/logo\/image\/"}}]}},"_links":{"self":[{"href":"https:\/\/drasanvi.com\/fr\/wp-json\/wp\/v2\/product\/15100","targetHints":{"allow":["GET"]}}],"collection":[{"href":"https:\/\/drasanvi.com\/fr\/wp-json\/wp\/v2\/product"}],"about":[{"href":"https:\/\/drasanvi.com\/fr\/wp-json\/wp\/v2\/types\/product"}],"version-history":[{"count":0,"href":"https:\/\/drasanvi.com\/fr\/wp-json\/wp\/v2\/product\/15100\/revisions"}],"wp:featuredmedia":[{"embeddable":true,"href":"https:\/\/drasanvi.com\/fr\/wp-json\/wp\/v2\/media\/19697"}],"wp:attachment":[{"href":"https:\/\/drasanvi.com\/fr\/wp-json\/wp\/v2\/media?parent=15100"}],"wp:term":[{"taxonomy":"product_cat","embeddable":true,"href":"https:\/\/drasanvi.com\/fr\/wp-json\/wp\/v2\/product_cat?post=15100"},{"taxonomy":"product_tag","embeddable":true,"href":"https:\/\/drasanvi.com\/fr\/wp-json\/wp\/v2\/product_tag?post=15100"}],"curies":[{"name":"wp","href":"https:\/\/api.w.org\/{rel}","templated":true}]}}