{"id":15076,"date":"2022-02-28T14:58:13","date_gmt":"2022-02-28T12:58:13","guid":{"rendered":"https:\/\/drasanvi.com\/fr\/?post_type=product&#038;p=15076"},"modified":"2022-03-10T14:14:52","modified_gmt":"2022-03-10T12:14:52","slug":"barrita-energetica-con-chocolate","status":"publish","type":"product","link":"https:\/\/drasanvi.com\/fr\/producto\/barrita-energetica-con-chocolate\/","title":{"rendered":"Barrita energ\u00e9tica con chocolate"},"content":{"rendered":"<h2>Ingredientes<\/h2>\n<p>Jarabe de glucosa, jarabe de az\u00facar invertido, cobertura de chocolate negro 60% cacao (pasta de cacao, az\u00facar, manteca de cacao, emulgente: lecitina de SOJA, aroma, emulgente: polirricinoleato de poliglicerol) (9,4%), az\u00facar, copos de AVENA (GLUTEN), harina de arroz, harina de AVENA (GLUTEN), maltodextrina, arroz inflado (harina de arroz, harina de AVENA, harina de TRIGO, extracto de malta de CEBADA, az\u00facar, SUERO en polvo, cloruro s\u00f3dico, dextrosa), galleta speculoos \u00a0(harina de TRIGO, az\u00facar, aceites vegetales (palma, colza), sirope de caramelo, agente gasificante: hidr\u00f3geno carbonato de sodio, sal, canela], cacao en polvo, aceite de girasol (aceite de girasol, dimetilsiloxano), aroma, sal marina.<\/p>\n<h2>Modo de uso<\/h2>\n<p>Listo para consumir.<\/p>\n<h3>Presentaci\u00f3n<\/h3>\n<p>Peso total 40 g (1,41 oz)<\/p>\n<h3>Advertencias<\/h3>\n<p>Conservar en un lugar fresco y seco.Contiene gluten, soja y leche.Puede contener trazas de huevo, cacahuete, frutos de c\u00e1scara, s\u00e9samo, sulfitos y\/o derivados de los mismos.<\/p>\n<h2>Informaci\u00f3n adicional<\/h2>\n<p>Jarabe de glucosa, jarabe de az\u00facar invertido, cobertura de chocolate negro 60% cacao (pasta de cacao, az\u00facar, manteca de cacao, emulgente: lecitina de SOJA, aroma, emulgente: polirricinoleato de poliglicerol) (9,4%), az\u00facar, copos de AVENA (GLUTEN), harina de arroz, harina de AVENA (GLUTEN), maltodextrina, arroz inflado (harina de arroz, harina de AVENA, harina de TRIGO, extracto de malta de CEBADA, az\u00facar, SUERO en polvo, cloruro s\u00f3dico, dextrosa), galleta speculoos \u00a0(harina de TRIGO, az\u00facar, aceites vegetales (palma, colza), sirope de caramelo, agente gasificante: hidr\u00f3geno carbonato de sodio, sal, canela], cacao en polvo, aceite de girasol (aceite de girasol, dimetilsiloxano), aroma, sal marina.<\/p>\n<p>por 1 barrita (40 g)        \u00a0  Por 100 g  Por 40 g\u00a0      Valor Energ\u00e9tico  1618 kJ \/ 384 kcal  647 kJ \/ 154 kcal      Grasas  8,4 g  3,3 g      de las cuales saturadas  3,5 g  1,4 g      Hidratos de carbono  69,6 g  27,8 g      \u00a0de los cuales  \u00a0  \u00a0      \u00a0az\u00facares  37,1 g  14,9 g      polialcoholes*  0,50 g  0,20 g      Fibra Alimentaria  4,5 g  1,8 g      Prote\u00ednas  5,5 g  2,2 g      Sal  0,42 g  0,17 g      \u00c1cido oleico  1,3 g  0,5 g<\/p>\n","protected":false},"excerpt":{"rendered":"<p>Nuestras barritas energ\u00e9ticas son una fuente \u00a0importante de hidratos de carbono. Con el fin de optimizar su consumo y \u00a0obtener los mejores resultados, \u00a0posee una estudiada combinaci\u00f3n de hidratos de carbono de asimilaci\u00f3n r\u00e1pida y\u00a0lenta.Posee m\u00e1s de un 70% de hidratos de carbono\u00a0<br \/><a id=\"boton-ficha\" href=\"https:\/\/panel.drasanvi.com\/fichas\/1\/032010116\" target=\"_blank\" rel=\"noopener\">Ficha t\u00e9cnica<\/a><\/p>\n","protected":false},"featured_media":19682,"template":"","meta":{"inline_featured_image":false},"product_cat":[89,99,97],"product_tag":[],"class_list":["post-15076","product","type-product","status-publish","has-post-thumbnail","hentry","product_cat-alimentation","product_cat-energia-vitalidad","product_cat-deporte","pa_contiene-altramuces-no","pa_contiene-apio-no","pa_contiene-cacahuetes-si","pa_contiene-crustaceos-no","pa_contiene-frutos-secos-si","pa_contiene-huevo-si","pa_contiene-leche-si","pa_contiene-moluscos-no","pa_contiene-mostaza-no","pa_contiene-pescado-no","pa_contiene-sesamo-si","pa_contiene-soja-si","pa_producto-bio-no","pa_producto-sin-gluten-no","pa_producto-vegano-no","pa_producto-vegetariano-no"],"yoast_head":"<!-- This site is optimized with the Yoast SEO plugin v27.5 - https:\/\/yoast.com\/product\/yoast-seo-wordpress\/ -->\n<title>Barrita energ\u00e9tica con chocolate - Drasanvi Francia<\/title>\n<meta name=\"robots\" content=\"index, follow, max-snippet:-1, max-image-preview:large, max-video-preview:-1\" \/>\n<link rel=\"canonical\" href=\"https:\/\/drasanvi.com\/fr\/producto\/barrita-energetica-con-chocolate\/\" \/>\n<meta property=\"og:locale\" content=\"fr_FR\" \/>\n<meta property=\"og:type\" content=\"article\" \/>\n<meta property=\"og:title\" content=\"Barrita energ\u00e9tica con chocolate - Drasanvi Francia\" \/>\n<meta property=\"og:description\" content=\"Nuestras barritas energ\u00e9ticas son una fuente \u00a0importante de hidratos de carbono. Con el fin de optimizar su consumo y \u00a0obtener los mejores resultados, \u00a0posee una estudiada combinaci\u00f3n de hidratos de carbono de asimilaci\u00f3n r\u00e1pida y\u00a0lenta.Posee m\u00e1s de un 70% de hidratos de carbono\u00a0Ficha t\u00e9cnica\" \/>\n<meta property=\"og:url\" content=\"https:\/\/drasanvi.com\/fr\/producto\/barrita-energetica-con-chocolate\/\" \/>\n<meta property=\"og:site_name\" content=\"Drasanvi Francia\" \/>\n<meta property=\"article:modified_time\" content=\"2022-03-10T12:14:52+00:00\" \/>\n<meta property=\"og:image\" content=\"https:\/\/drasanvi.com\/wp-content\/uploads\/sites\/7\/2022\/02\/032010116.png\" \/>\n\t<meta property=\"og:image:width\" content=\"1000\" \/>\n\t<meta property=\"og:image:height\" content=\"1000\" \/>\n\t<meta property=\"og:image:type\" content=\"image\/png\" \/>\n<meta name=\"twitter:card\" content=\"summary_large_image\" \/>\n<script type=\"application\/ld+json\" class=\"yoast-schema-graph\">{\"@context\":\"https:\\\/\\\/schema.org\",\"@graph\":[{\"@type\":\"WebPage\",\"@id\":\"https:\\\/\\\/drasanvi.com\\\/fr\\\/producto\\\/barrita-energetica-con-chocolate\\\/\",\"url\":\"https:\\\/\\\/drasanvi.com\\\/fr\\\/producto\\\/barrita-energetica-con-chocolate\\\/\",\"name\":\"Barrita energ\u00e9tica con chocolate - Drasanvi Francia\",\"isPartOf\":{\"@id\":\"https:\\\/\\\/drasanvi.com\\\/fr\\\/#website\"},\"primaryImageOfPage\":{\"@id\":\"https:\\\/\\\/drasanvi.com\\\/fr\\\/producto\\\/barrita-energetica-con-chocolate\\\/#primaryimage\"},\"image\":{\"@id\":\"https:\\\/\\\/drasanvi.com\\\/fr\\\/producto\\\/barrita-energetica-con-chocolate\\\/#primaryimage\"},\"thumbnailUrl\":\"https:\\\/\\\/drasanvi.com\\\/fr\\\/wp-content\\\/uploads\\\/sites\\\/7\\\/2022\\\/02\\\/032010116.png\",\"datePublished\":\"2022-02-28T12:58:13+00:00\",\"dateModified\":\"2022-03-10T12:14:52+00:00\",\"breadcrumb\":{\"@id\":\"https:\\\/\\\/drasanvi.com\\\/fr\\\/producto\\\/barrita-energetica-con-chocolate\\\/#breadcrumb\"},\"inLanguage\":\"fr-FR\",\"potentialAction\":[{\"@type\":\"ReadAction\",\"target\":[\"https:\\\/\\\/drasanvi.com\\\/fr\\\/producto\\\/barrita-energetica-con-chocolate\\\/\"]}]},{\"@type\":\"ImageObject\",\"inLanguage\":\"fr-FR\",\"@id\":\"https:\\\/\\\/drasanvi.com\\\/fr\\\/producto\\\/barrita-energetica-con-chocolate\\\/#primaryimage\",\"url\":\"https:\\\/\\\/drasanvi.com\\\/fr\\\/wp-content\\\/uploads\\\/sites\\\/7\\\/2022\\\/02\\\/032010116.png\",\"contentUrl\":\"https:\\\/\\\/drasanvi.com\\\/fr\\\/wp-content\\\/uploads\\\/sites\\\/7\\\/2022\\\/02\\\/032010116.png\",\"width\":1000,\"height\":1000},{\"@type\":\"BreadcrumbList\",\"@id\":\"https:\\\/\\\/drasanvi.com\\\/fr\\\/producto\\\/barrita-energetica-con-chocolate\\\/#breadcrumb\",\"itemListElement\":[{\"@type\":\"ListItem\",\"position\":1,\"name\":\"Portada\",\"item\":\"https:\\\/\\\/drasanvi.com\\\/fr\\\/\"},{\"@type\":\"ListItem\",\"position\":2,\"name\":\"Tienda\",\"item\":\"https:\\\/\\\/drasanvi.com\\\/fr\\\/tienda\\\/\"},{\"@type\":\"ListItem\",\"position\":3,\"name\":\"Barrita energ\u00e9tica con chocolate\"}]},{\"@type\":\"WebSite\",\"@id\":\"https:\\\/\\\/drasanvi.com\\\/fr\\\/#website\",\"url\":\"https:\\\/\\\/drasanvi.com\\\/fr\\\/\",\"name\":\"Drasanvi Francia\",\"description\":\"L\u00edder en complementos alimenticios y cosm\u00e9tica natural.\",\"publisher\":{\"@id\":\"https:\\\/\\\/drasanvi.com\\\/fr\\\/#organization\"},\"potentialAction\":[{\"@type\":\"SearchAction\",\"target\":{\"@type\":\"EntryPoint\",\"urlTemplate\":\"https:\\\/\\\/drasanvi.com\\\/fr\\\/?s={search_term_string}\"},\"query-input\":{\"@type\":\"PropertyValueSpecification\",\"valueRequired\":true,\"valueName\":\"search_term_string\"}}],\"inLanguage\":\"fr-FR\"},{\"@type\":\"Organization\",\"@id\":\"https:\\\/\\\/drasanvi.com\\\/fr\\\/#organization\",\"name\":\"Drasanvi\",\"url\":\"https:\\\/\\\/drasanvi.com\\\/fr\\\/\",\"logo\":{\"@type\":\"ImageObject\",\"inLanguage\":\"fr-FR\",\"@id\":\"https:\\\/\\\/drasanvi.com\\\/fr\\\/#\\\/schema\\\/logo\\\/image\\\/\",\"url\":\"https:\\\/\\\/drasanvi.com\\\/wp-content\\\/uploads\\\/sites\\\/7\\\/2021\\\/07\\\/logo-drasanvi.png\",\"contentUrl\":\"https:\\\/\\\/drasanvi.com\\\/wp-content\\\/uploads\\\/sites\\\/7\\\/2021\\\/07\\\/logo-drasanvi.png\",\"width\":900,\"height\":300,\"caption\":\"Drasanvi\"},\"image\":{\"@id\":\"https:\\\/\\\/drasanvi.com\\\/fr\\\/#\\\/schema\\\/logo\\\/image\\\/\"}}]}<\/script>\n<!-- \/ Yoast SEO plugin. -->","yoast_head_json":{"title":"Barrita energ\u00e9tica con chocolate - Drasanvi Francia","robots":{"index":"index","follow":"follow","max-snippet":"max-snippet:-1","max-image-preview":"max-image-preview:large","max-video-preview":"max-video-preview:-1"},"canonical":"https:\/\/drasanvi.com\/fr\/producto\/barrita-energetica-con-chocolate\/","og_locale":"fr_FR","og_type":"article","og_title":"Barrita energ\u00e9tica con chocolate - Drasanvi Francia","og_description":"Nuestras barritas energ\u00e9ticas son una fuente \u00a0importante de hidratos de carbono. Con el fin de optimizar su consumo y \u00a0obtener los mejores resultados, \u00a0posee una estudiada combinaci\u00f3n de hidratos de carbono de asimilaci\u00f3n r\u00e1pida y\u00a0lenta.Posee m\u00e1s de un 70% de hidratos de carbono\u00a0Ficha t\u00e9cnica","og_url":"https:\/\/drasanvi.com\/fr\/producto\/barrita-energetica-con-chocolate\/","og_site_name":"Drasanvi Francia","article_modified_time":"2022-03-10T12:14:52+00:00","og_image":[{"width":1000,"height":1000,"url":"https:\/\/drasanvi.com\/wp-content\/uploads\/sites\/7\/2022\/02\/032010116.png","type":"image\/png"}],"twitter_card":"summary_large_image","schema":{"@context":"https:\/\/schema.org","@graph":[{"@type":"WebPage","@id":"https:\/\/drasanvi.com\/fr\/producto\/barrita-energetica-con-chocolate\/","url":"https:\/\/drasanvi.com\/fr\/producto\/barrita-energetica-con-chocolate\/","name":"Barrita energ\u00e9tica con chocolate - Drasanvi Francia","isPartOf":{"@id":"https:\/\/drasanvi.com\/fr\/#website"},"primaryImageOfPage":{"@id":"https:\/\/drasanvi.com\/fr\/producto\/barrita-energetica-con-chocolate\/#primaryimage"},"image":{"@id":"https:\/\/drasanvi.com\/fr\/producto\/barrita-energetica-con-chocolate\/#primaryimage"},"thumbnailUrl":"https:\/\/drasanvi.com\/fr\/wp-content\/uploads\/sites\/7\/2022\/02\/032010116.png","datePublished":"2022-02-28T12:58:13+00:00","dateModified":"2022-03-10T12:14:52+00:00","breadcrumb":{"@id":"https:\/\/drasanvi.com\/fr\/producto\/barrita-energetica-con-chocolate\/#breadcrumb"},"inLanguage":"fr-FR","potentialAction":[{"@type":"ReadAction","target":["https:\/\/drasanvi.com\/fr\/producto\/barrita-energetica-con-chocolate\/"]}]},{"@type":"ImageObject","inLanguage":"fr-FR","@id":"https:\/\/drasanvi.com\/fr\/producto\/barrita-energetica-con-chocolate\/#primaryimage","url":"https:\/\/drasanvi.com\/fr\/wp-content\/uploads\/sites\/7\/2022\/02\/032010116.png","contentUrl":"https:\/\/drasanvi.com\/fr\/wp-content\/uploads\/sites\/7\/2022\/02\/032010116.png","width":1000,"height":1000},{"@type":"BreadcrumbList","@id":"https:\/\/drasanvi.com\/fr\/producto\/barrita-energetica-con-chocolate\/#breadcrumb","itemListElement":[{"@type":"ListItem","position":1,"name":"Portada","item":"https:\/\/drasanvi.com\/fr\/"},{"@type":"ListItem","position":2,"name":"Tienda","item":"https:\/\/drasanvi.com\/fr\/tienda\/"},{"@type":"ListItem","position":3,"name":"Barrita energ\u00e9tica con chocolate"}]},{"@type":"WebSite","@id":"https:\/\/drasanvi.com\/fr\/#website","url":"https:\/\/drasanvi.com\/fr\/","name":"Drasanvi Francia","description":"L\u00edder en complementos alimenticios y cosm\u00e9tica natural.","publisher":{"@id":"https:\/\/drasanvi.com\/fr\/#organization"},"potentialAction":[{"@type":"SearchAction","target":{"@type":"EntryPoint","urlTemplate":"https:\/\/drasanvi.com\/fr\/?s={search_term_string}"},"query-input":{"@type":"PropertyValueSpecification","valueRequired":true,"valueName":"search_term_string"}}],"inLanguage":"fr-FR"},{"@type":"Organization","@id":"https:\/\/drasanvi.com\/fr\/#organization","name":"Drasanvi","url":"https:\/\/drasanvi.com\/fr\/","logo":{"@type":"ImageObject","inLanguage":"fr-FR","@id":"https:\/\/drasanvi.com\/fr\/#\/schema\/logo\/image\/","url":"https:\/\/drasanvi.com\/wp-content\/uploads\/sites\/7\/2021\/07\/logo-drasanvi.png","contentUrl":"https:\/\/drasanvi.com\/wp-content\/uploads\/sites\/7\/2021\/07\/logo-drasanvi.png","width":900,"height":300,"caption":"Drasanvi"},"image":{"@id":"https:\/\/drasanvi.com\/fr\/#\/schema\/logo\/image\/"}}]}},"_links":{"self":[{"href":"https:\/\/drasanvi.com\/fr\/wp-json\/wp\/v2\/product\/15076","targetHints":{"allow":["GET"]}}],"collection":[{"href":"https:\/\/drasanvi.com\/fr\/wp-json\/wp\/v2\/product"}],"about":[{"href":"https:\/\/drasanvi.com\/fr\/wp-json\/wp\/v2\/types\/product"}],"version-history":[{"count":0,"href":"https:\/\/drasanvi.com\/fr\/wp-json\/wp\/v2\/product\/15076\/revisions"}],"wp:featuredmedia":[{"embeddable":true,"href":"https:\/\/drasanvi.com\/fr\/wp-json\/wp\/v2\/media\/19682"}],"wp:attachment":[{"href":"https:\/\/drasanvi.com\/fr\/wp-json\/wp\/v2\/media?parent=15076"}],"wp:term":[{"taxonomy":"product_cat","embeddable":true,"href":"https:\/\/drasanvi.com\/fr\/wp-json\/wp\/v2\/product_cat?post=15076"},{"taxonomy":"product_tag","embeddable":true,"href":"https:\/\/drasanvi.com\/fr\/wp-json\/wp\/v2\/product_tag?post=15076"}],"curies":[{"name":"wp","href":"https:\/\/api.w.org\/{rel}","templated":true}]}}