{"id":15020,"date":"2022-02-28T15:13:01","date_gmt":"2022-02-28T13:13:01","guid":{"rendered":"https:\/\/drasanvi.com\/fr\/?post_type=product&#038;p=15020"},"modified":"2022-03-10T14:14:50","modified_gmt":"2022-03-10T12:14:50","slug":"omega-3-6-9-1000mg-bote-24-perlas-nutrabasicos","status":"publish","type":"product","link":"https:\/\/drasanvi.com\/fr\/producto\/omega-3-6-9-1000mg-bote-24-perlas-nutrabasicos\/","title":{"rendered":"Omega 3-6-9 1000mg Bote 24 Perlas Nutrabasicos"},"content":{"rendered":"<h2>Ingredientes<\/h2>\n<p>INGREDIENTES  Mg\/dosis d\u00eda)      Aceite de pescado rico en Omega 3 Con aporte en  EPA DHA   332 mg . 56,76 mg 39,84 mg      Aceite de Onagra Con aporte en GLA  332 mg 33,2 mg       Aceite de Lino con aporte en\u00a0\u00c1cido linol\u00e9ico\u00a0\u00c1cido Oleico  332 mg\u00a0.\u00a0215,8 mg 79,68 mg      Vitamina E En forma de D-alfa tocoferol  5 mg       Otros ingredientes: Gelatina y Glicerina.<\/p>\n<h2>Modo de uso<\/h2>\n<p>Consumir una perla al d\u00eda, preferiblemente con la comida.<\/p>\n<h3>Presentaci\u00f3n<\/h3>\n<p>Envase de 24 perlas de 1.387mg. Peso total: 33.29 g (1.17 oz).<\/p>\n<h3>Advertencias<\/h3>\n<p>Complemento alimenticio a base de aceite de pescado, aceite de plantas y vitamina E.Los complementos alimenticios no deben utilizarse como sustitutivos de una dieta equilibrada. No superar la dosis diaria expresamente recomendada. Mantener fuera del alcance de los ni&ntilde;os m&aacute;s peque&ntilde;os. Conservar en un lugar fresco y seco.<\/p>\n<h2>Informaci\u00f3n adicional<\/h2>\n<p>INGREDIENTES  descripcion  mg\/dosis d\u00eda        Aceite de Pescado rico en Omega 3    ( Contiene pescado, 59,76 mg EPA y 39,84 mg DHA)  332 mg      Aceite de Onagra  ( 33,2 mg GLA)  332mg      Aceite de Lino  (215,8 mg \u00c1cido linol\u00e9nico y 79,68 mg de \u00e4cido Oleico)  332 mg      Agente de recubrimiento  (Gelatina)  291,63 mg       Agente de recubrimiento  (Glicerina)  94,95 mg       Vitamina E  (D-alfa tocoferol)  5 mg<\/p>\n<p>Vitamina E  27,92%  3,35 mg<\/p>\n","protected":false},"excerpt":{"rendered":"<p>Omega 3, 6 y 9 cumplen distintas funciones dentro del cuerpo y es necesario incorporar dosis equilibradas de estas sustancias.Los Omegas 3 y los Omegas 6 son \u00c1cidos Grasos esenciales poliinsaturados,Los Omegas 3 incluyen el \u00c1cido Alfa Linol\u00e9nico (ALA), \u00c1cido Estearid\u00f3nico (SDA), \u00c1cido Eicosatetranoico (ETA), \u00c1cido Eicosapentanoico (EPA), \u00c1cido Docosapentanoico (DPA) y \u00c1cido Docosahexanoico (DHA).Los Omegas 6 incluyen, entre otros, el \u00c1cido Linoleico (LA), \u00c1cido Gamma-Linol\u00e9nico (GLA) y \u00c1cido Araquid\u00f3nico (AA).Los Omegas 9 no son \u00c1cidos Grasos Insaturados. Pertenecen a este grupo los conocidos \u00e1cidos oleicos, presentes en aceite de oliva y de girasol, entre otros.Gracias a su aporte en \u00c1cido Alfa Linol\u00e9nico, \u00c1cido Linoleico, y el \u00c1cido Oleico, las perlas de Omega 3-6-9 \u00a0de Drasanvi\u00ae contribuyen a mantener niveles normales de colesterol sangu\u00edneo.El \u00c1cido Oleico es una grasa insaturada.<br \/><a id=\"boton-ficha\" href=\"https:\/\/panel.drasanvi.com\/fichas\/1\/032050539\" target=\"_blank\" rel=\"noopener\">Ficha t\u00e9cnica<\/a><\/p>\n","protected":false},"featured_media":20469,"template":"","meta":{"inline_featured_image":false},"product_cat":[111],"product_tag":[],"class_list":["post-15020","product","type-product","status-publish","has-post-thumbnail","hentry","product_cat-salud-cardiovascular","pa_contiene-altramuces-no","pa_contiene-apio-no","pa_contiene-cacahuetes-no","pa_contiene-crustaceos-no","pa_contiene-frutos-secos-no","pa_contiene-huevo-no","pa_contiene-leche-no","pa_contiene-moluscos-no","pa_contiene-mostaza-no","pa_contiene-pescado-no","pa_contiene-sesamo-no","pa_contiene-soja-no","pa_producto-bio-no","pa_producto-sin-gluten-si","pa_producto-vegano-no","pa_producto-vegetariano-no"],"yoast_head":"<!-- This site is optimized with the Yoast SEO plugin v27.5 - https:\/\/yoast.com\/product\/yoast-seo-wordpress\/ -->\n<title>Omega 3-6-9 1000mg Bote 24 Perlas Nutrabasicos - Drasanvi Francia<\/title>\n<meta name=\"robots\" content=\"index, follow, max-snippet:-1, max-image-preview:large, max-video-preview:-1\" \/>\n<link rel=\"canonical\" href=\"https:\/\/drasanvi.com\/fr\/producto\/omega-3-6-9-1000mg-bote-24-perlas-nutrabasicos\/\" \/>\n<meta property=\"og:locale\" content=\"fr_FR\" \/>\n<meta property=\"og:type\" content=\"article\" \/>\n<meta property=\"og:title\" content=\"Omega 3-6-9 1000mg Bote 24 Perlas Nutrabasicos - Drasanvi Francia\" \/>\n<meta property=\"og:description\" content=\"Omega 3, 6 y 9 cumplen distintas funciones dentro del cuerpo y es necesario incorporar dosis equilibradas de estas sustancias.Los Omegas 3 y los Omegas 6 son \u00c1cidos Grasos esenciales poliinsaturados,Los Omegas 3 incluyen el \u00c1cido Alfa Linol\u00e9nico (ALA), \u00c1cido Estearid\u00f3nico (SDA), \u00c1cido Eicosatetranoico (ETA), \u00c1cido Eicosapentanoico (EPA), \u00c1cido Docosapentanoico (DPA) y \u00c1cido Docosahexanoico (DHA).Los Omegas 6 incluyen, entre otros, el \u00c1cido Linoleico (LA), \u00c1cido Gamma-Linol\u00e9nico (GLA) y \u00c1cido Araquid\u00f3nico (AA).Los Omegas 9 no son \u00c1cidos Grasos Insaturados. Pertenecen a este grupo los conocidos \u00e1cidos oleicos, presentes en aceite de oliva y de girasol, entre otros.Gracias a su aporte en \u00c1cido Alfa Linol\u00e9nico, \u00c1cido Linoleico, y el \u00c1cido Oleico, las perlas de Omega 3-6-9 \u00a0de Drasanvi\u00ae contribuyen a mantener niveles normales de colesterol sangu\u00edneo.El \u00c1cido Oleico es una grasa insaturada.Ficha t\u00e9cnica\" \/>\n<meta property=\"og:url\" content=\"https:\/\/drasanvi.com\/fr\/producto\/omega-3-6-9-1000mg-bote-24-perlas-nutrabasicos\/\" \/>\n<meta property=\"og:site_name\" content=\"Drasanvi Francia\" \/>\n<meta property=\"article:modified_time\" content=\"2022-03-10T12:14:50+00:00\" \/>\n<meta property=\"og:image\" content=\"https:\/\/drasanvi.com\/wp-content\/uploads\/sites\/7\/2022\/02\/032050539.png\" \/>\n\t<meta property=\"og:image:width\" content=\"1000\" \/>\n\t<meta property=\"og:image:height\" content=\"1000\" \/>\n\t<meta property=\"og:image:type\" content=\"image\/png\" \/>\n<meta name=\"twitter:card\" content=\"summary_large_image\" \/>\n<script type=\"application\/ld+json\" class=\"yoast-schema-graph\">{\"@context\":\"https:\\\/\\\/schema.org\",\"@graph\":[{\"@type\":\"WebPage\",\"@id\":\"https:\\\/\\\/drasanvi.com\\\/fr\\\/producto\\\/omega-3-6-9-1000mg-bote-24-perlas-nutrabasicos\\\/\",\"url\":\"https:\\\/\\\/drasanvi.com\\\/fr\\\/producto\\\/omega-3-6-9-1000mg-bote-24-perlas-nutrabasicos\\\/\",\"name\":\"Omega 3-6-9 1000mg Bote 24 Perlas Nutrabasicos - Drasanvi Francia\",\"isPartOf\":{\"@id\":\"https:\\\/\\\/drasanvi.com\\\/fr\\\/#website\"},\"primaryImageOfPage\":{\"@id\":\"https:\\\/\\\/drasanvi.com\\\/fr\\\/producto\\\/omega-3-6-9-1000mg-bote-24-perlas-nutrabasicos\\\/#primaryimage\"},\"image\":{\"@id\":\"https:\\\/\\\/drasanvi.com\\\/fr\\\/producto\\\/omega-3-6-9-1000mg-bote-24-perlas-nutrabasicos\\\/#primaryimage\"},\"thumbnailUrl\":\"https:\\\/\\\/drasanvi.com\\\/fr\\\/wp-content\\\/uploads\\\/sites\\\/7\\\/2022\\\/02\\\/032050539.png\",\"datePublished\":\"2022-02-28T13:13:01+00:00\",\"dateModified\":\"2022-03-10T12:14:50+00:00\",\"breadcrumb\":{\"@id\":\"https:\\\/\\\/drasanvi.com\\\/fr\\\/producto\\\/omega-3-6-9-1000mg-bote-24-perlas-nutrabasicos\\\/#breadcrumb\"},\"inLanguage\":\"fr-FR\",\"potentialAction\":[{\"@type\":\"ReadAction\",\"target\":[\"https:\\\/\\\/drasanvi.com\\\/fr\\\/producto\\\/omega-3-6-9-1000mg-bote-24-perlas-nutrabasicos\\\/\"]}]},{\"@type\":\"ImageObject\",\"inLanguage\":\"fr-FR\",\"@id\":\"https:\\\/\\\/drasanvi.com\\\/fr\\\/producto\\\/omega-3-6-9-1000mg-bote-24-perlas-nutrabasicos\\\/#primaryimage\",\"url\":\"https:\\\/\\\/drasanvi.com\\\/fr\\\/wp-content\\\/uploads\\\/sites\\\/7\\\/2022\\\/02\\\/032050539.png\",\"contentUrl\":\"https:\\\/\\\/drasanvi.com\\\/fr\\\/wp-content\\\/uploads\\\/sites\\\/7\\\/2022\\\/02\\\/032050539.png\",\"width\":1000,\"height\":1000},{\"@type\":\"BreadcrumbList\",\"@id\":\"https:\\\/\\\/drasanvi.com\\\/fr\\\/producto\\\/omega-3-6-9-1000mg-bote-24-perlas-nutrabasicos\\\/#breadcrumb\",\"itemListElement\":[{\"@type\":\"ListItem\",\"position\":1,\"name\":\"Portada\",\"item\":\"https:\\\/\\\/drasanvi.com\\\/fr\\\/\"},{\"@type\":\"ListItem\",\"position\":2,\"name\":\"Tienda\",\"item\":\"https:\\\/\\\/drasanvi.com\\\/fr\\\/tienda\\\/\"},{\"@type\":\"ListItem\",\"position\":3,\"name\":\"Omega 3-6-9 1000mg Bote 24 Perlas Nutrabasicos\"}]},{\"@type\":\"WebSite\",\"@id\":\"https:\\\/\\\/drasanvi.com\\\/fr\\\/#website\",\"url\":\"https:\\\/\\\/drasanvi.com\\\/fr\\\/\",\"name\":\"Drasanvi Francia\",\"description\":\"L\u00edder en complementos alimenticios y cosm\u00e9tica natural.\",\"publisher\":{\"@id\":\"https:\\\/\\\/drasanvi.com\\\/fr\\\/#organization\"},\"potentialAction\":[{\"@type\":\"SearchAction\",\"target\":{\"@type\":\"EntryPoint\",\"urlTemplate\":\"https:\\\/\\\/drasanvi.com\\\/fr\\\/?s={search_term_string}\"},\"query-input\":{\"@type\":\"PropertyValueSpecification\",\"valueRequired\":true,\"valueName\":\"search_term_string\"}}],\"inLanguage\":\"fr-FR\"},{\"@type\":\"Organization\",\"@id\":\"https:\\\/\\\/drasanvi.com\\\/fr\\\/#organization\",\"name\":\"Drasanvi\",\"url\":\"https:\\\/\\\/drasanvi.com\\\/fr\\\/\",\"logo\":{\"@type\":\"ImageObject\",\"inLanguage\":\"fr-FR\",\"@id\":\"https:\\\/\\\/drasanvi.com\\\/fr\\\/#\\\/schema\\\/logo\\\/image\\\/\",\"url\":\"https:\\\/\\\/drasanvi.com\\\/wp-content\\\/uploads\\\/sites\\\/7\\\/2021\\\/07\\\/logo-drasanvi.png\",\"contentUrl\":\"https:\\\/\\\/drasanvi.com\\\/wp-content\\\/uploads\\\/sites\\\/7\\\/2021\\\/07\\\/logo-drasanvi.png\",\"width\":900,\"height\":300,\"caption\":\"Drasanvi\"},\"image\":{\"@id\":\"https:\\\/\\\/drasanvi.com\\\/fr\\\/#\\\/schema\\\/logo\\\/image\\\/\"}}]}<\/script>\n<!-- \/ Yoast SEO plugin. -->","yoast_head_json":{"title":"Omega 3-6-9 1000mg Bote 24 Perlas Nutrabasicos - Drasanvi Francia","robots":{"index":"index","follow":"follow","max-snippet":"max-snippet:-1","max-image-preview":"max-image-preview:large","max-video-preview":"max-video-preview:-1"},"canonical":"https:\/\/drasanvi.com\/fr\/producto\/omega-3-6-9-1000mg-bote-24-perlas-nutrabasicos\/","og_locale":"fr_FR","og_type":"article","og_title":"Omega 3-6-9 1000mg Bote 24 Perlas Nutrabasicos - Drasanvi Francia","og_description":"Omega 3, 6 y 9 cumplen distintas funciones dentro del cuerpo y es necesario incorporar dosis equilibradas de estas sustancias.Los Omegas 3 y los Omegas 6 son \u00c1cidos Grasos esenciales poliinsaturados,Los Omegas 3 incluyen el \u00c1cido Alfa Linol\u00e9nico (ALA), \u00c1cido Estearid\u00f3nico (SDA), \u00c1cido Eicosatetranoico (ETA), \u00c1cido Eicosapentanoico (EPA), \u00c1cido Docosapentanoico (DPA) y \u00c1cido Docosahexanoico (DHA).Los Omegas 6 incluyen, entre otros, el \u00c1cido Linoleico (LA), \u00c1cido Gamma-Linol\u00e9nico (GLA) y \u00c1cido Araquid\u00f3nico (AA).Los Omegas 9 no son \u00c1cidos Grasos Insaturados. Pertenecen a este grupo los conocidos \u00e1cidos oleicos, presentes en aceite de oliva y de girasol, entre otros.Gracias a su aporte en \u00c1cido Alfa Linol\u00e9nico, \u00c1cido Linoleico, y el \u00c1cido Oleico, las perlas de Omega 3-6-9 \u00a0de Drasanvi\u00ae contribuyen a mantener niveles normales de colesterol sangu\u00edneo.El \u00c1cido Oleico es una grasa insaturada.Ficha t\u00e9cnica","og_url":"https:\/\/drasanvi.com\/fr\/producto\/omega-3-6-9-1000mg-bote-24-perlas-nutrabasicos\/","og_site_name":"Drasanvi Francia","article_modified_time":"2022-03-10T12:14:50+00:00","og_image":[{"width":1000,"height":1000,"url":"https:\/\/drasanvi.com\/wp-content\/uploads\/sites\/7\/2022\/02\/032050539.png","type":"image\/png"}],"twitter_card":"summary_large_image","schema":{"@context":"https:\/\/schema.org","@graph":[{"@type":"WebPage","@id":"https:\/\/drasanvi.com\/fr\/producto\/omega-3-6-9-1000mg-bote-24-perlas-nutrabasicos\/","url":"https:\/\/drasanvi.com\/fr\/producto\/omega-3-6-9-1000mg-bote-24-perlas-nutrabasicos\/","name":"Omega 3-6-9 1000mg Bote 24 Perlas Nutrabasicos - Drasanvi Francia","isPartOf":{"@id":"https:\/\/drasanvi.com\/fr\/#website"},"primaryImageOfPage":{"@id":"https:\/\/drasanvi.com\/fr\/producto\/omega-3-6-9-1000mg-bote-24-perlas-nutrabasicos\/#primaryimage"},"image":{"@id":"https:\/\/drasanvi.com\/fr\/producto\/omega-3-6-9-1000mg-bote-24-perlas-nutrabasicos\/#primaryimage"},"thumbnailUrl":"https:\/\/drasanvi.com\/fr\/wp-content\/uploads\/sites\/7\/2022\/02\/032050539.png","datePublished":"2022-02-28T13:13:01+00:00","dateModified":"2022-03-10T12:14:50+00:00","breadcrumb":{"@id":"https:\/\/drasanvi.com\/fr\/producto\/omega-3-6-9-1000mg-bote-24-perlas-nutrabasicos\/#breadcrumb"},"inLanguage":"fr-FR","potentialAction":[{"@type":"ReadAction","target":["https:\/\/drasanvi.com\/fr\/producto\/omega-3-6-9-1000mg-bote-24-perlas-nutrabasicos\/"]}]},{"@type":"ImageObject","inLanguage":"fr-FR","@id":"https:\/\/drasanvi.com\/fr\/producto\/omega-3-6-9-1000mg-bote-24-perlas-nutrabasicos\/#primaryimage","url":"https:\/\/drasanvi.com\/fr\/wp-content\/uploads\/sites\/7\/2022\/02\/032050539.png","contentUrl":"https:\/\/drasanvi.com\/fr\/wp-content\/uploads\/sites\/7\/2022\/02\/032050539.png","width":1000,"height":1000},{"@type":"BreadcrumbList","@id":"https:\/\/drasanvi.com\/fr\/producto\/omega-3-6-9-1000mg-bote-24-perlas-nutrabasicos\/#breadcrumb","itemListElement":[{"@type":"ListItem","position":1,"name":"Portada","item":"https:\/\/drasanvi.com\/fr\/"},{"@type":"ListItem","position":2,"name":"Tienda","item":"https:\/\/drasanvi.com\/fr\/tienda\/"},{"@type":"ListItem","position":3,"name":"Omega 3-6-9 1000mg Bote 24 Perlas Nutrabasicos"}]},{"@type":"WebSite","@id":"https:\/\/drasanvi.com\/fr\/#website","url":"https:\/\/drasanvi.com\/fr\/","name":"Drasanvi Francia","description":"L\u00edder en complementos alimenticios y cosm\u00e9tica natural.","publisher":{"@id":"https:\/\/drasanvi.com\/fr\/#organization"},"potentialAction":[{"@type":"SearchAction","target":{"@type":"EntryPoint","urlTemplate":"https:\/\/drasanvi.com\/fr\/?s={search_term_string}"},"query-input":{"@type":"PropertyValueSpecification","valueRequired":true,"valueName":"search_term_string"}}],"inLanguage":"fr-FR"},{"@type":"Organization","@id":"https:\/\/drasanvi.com\/fr\/#organization","name":"Drasanvi","url":"https:\/\/drasanvi.com\/fr\/","logo":{"@type":"ImageObject","inLanguage":"fr-FR","@id":"https:\/\/drasanvi.com\/fr\/#\/schema\/logo\/image\/","url":"https:\/\/drasanvi.com\/wp-content\/uploads\/sites\/7\/2021\/07\/logo-drasanvi.png","contentUrl":"https:\/\/drasanvi.com\/wp-content\/uploads\/sites\/7\/2021\/07\/logo-drasanvi.png","width":900,"height":300,"caption":"Drasanvi"},"image":{"@id":"https:\/\/drasanvi.com\/fr\/#\/schema\/logo\/image\/"}}]}},"_links":{"self":[{"href":"https:\/\/drasanvi.com\/fr\/wp-json\/wp\/v2\/product\/15020","targetHints":{"allow":["GET"]}}],"collection":[{"href":"https:\/\/drasanvi.com\/fr\/wp-json\/wp\/v2\/product"}],"about":[{"href":"https:\/\/drasanvi.com\/fr\/wp-json\/wp\/v2\/types\/product"}],"version-history":[{"count":0,"href":"https:\/\/drasanvi.com\/fr\/wp-json\/wp\/v2\/product\/15020\/revisions"}],"wp:featuredmedia":[{"embeddable":true,"href":"https:\/\/drasanvi.com\/fr\/wp-json\/wp\/v2\/media\/20469"}],"wp:attachment":[{"href":"https:\/\/drasanvi.com\/fr\/wp-json\/wp\/v2\/media?parent=15020"}],"wp:term":[{"taxonomy":"product_cat","embeddable":true,"href":"https:\/\/drasanvi.com\/fr\/wp-json\/wp\/v2\/product_cat?post=15020"},{"taxonomy":"product_tag","embeddable":true,"href":"https:\/\/drasanvi.com\/fr\/wp-json\/wp\/v2\/product_tag?post=15020"}],"curies":[{"name":"wp","href":"https:\/\/api.w.org\/{rel}","templated":true}]}}