{"id":15004,"date":"2022-02-28T15:12:21","date_gmt":"2022-02-28T13:12:21","guid":{"rendered":"https:\/\/drasanvi.com\/fr\/?post_type=product&#038;p=15004"},"modified":"2022-03-10T14:14:49","modified_gmt":"2022-03-10T12:14:49","slug":"omega-3-1000mg-bote-100-perlas-nutrabasicos","status":"publish","type":"product","link":"https:\/\/drasanvi.com\/fr\/producto\/omega-3-1000mg-bote-100-perlas-nutrabasicos\/","title":{"rendered":"Omega 3 1000mg Bote 100 Perlas Nutrabasicos"},"content":{"rendered":"<h2>Ingredientes<\/h2>\n<p>INGREDIENTES  Mg\/dosis d\u00eda      Aceite de pescado. Con aporte en: EPA DHA   1.000 mg.180 mg120 mg      Vitamina E natural ( 67%) Como D-alpha tocoferol  20 mg       Otros Ingredientes: Gelatina y Glicerina        Sin colorantes, conservantes ni az\u00facares a\u00f1adidos.<\/p>\n<h2>Modo de uso<\/h2>\n<p>Consumir 1 perla al d\u00eda, preferiblemente con la comida.<\/p>\n<h3>Presentaci\u00f3n<\/h3>\n<p>Envase de 100 perlas de 1.400 mg. Peso total: 140 g (5 oz).<\/p>\n<h3>Advertencias<\/h3>\n<p>Complemento Alimenticio a base de aceite de pescado y vitamina e. Los complementos alimenticios no deben utilizarse como sustitutivos de una dieta equilibrada. No superar la dosis diaria expresamente recomendada. Mantener fuera del alcance de los ni&ntilde;os m&aacute;s peque&ntilde;os.&nbsp;Conservar en un lugar fresco y seco.<\/p>\n<h2>Informaci\u00f3n adicional<\/h2>\n<p>INGREDIENTES  descripcion  mg\/dosis d\u00eda        Aceite de pescado    (EPA 18% y DHA 12%)  1.000 mg      Vitamina E Natural  Como D-alpha tocoferol  20 mg      Agente\u00a0 de recubrimiento  (Gelatina y Glicerina)  63,5 mg<\/p>\n<p>Vitamina E  111 %  13,4 mg<\/p>\n","protected":false},"excerpt":{"rendered":"<p>El Omega 3 es un \u00c1cido Graso poliinsaturado, una\u00a0sustancia que el cuerpo no puede sintetizar y es necesario incorporar con la dieta. Est\u00e1 presente en pescados (generalmente en pescado azul) y en algunas semillas vegetales como lino, ch\u00eda\u00a0o las nueces.Existen 6 tipos de \u00c1cidos grasos Omega 3, siendo base de todos ellos el \u00e1cido alfa linol\u00e9nico (LNA). De estos seis, ganan importancia el \u00c1cido Eicosapentanoico (EPA) y el \u00c1cido Docosahexaenoico (DHA).Las perlas Omega 3 de Drasanvi aportan 180 mg de EPA y 120 mg de DHA por perla. Gracias a su contenido en EPA Y DHA, las perlas\u00a0Omega 3 de Drasanvi contribuyen al buen funcionamiento del coraz\u00f3n.<br \/><a id=\"boton-ficha\" href=\"https:\/\/panel.drasanvi.com\/fichas\/1\/032050523\" target=\"_blank\" rel=\"noopener\">Ficha t\u00e9cnica<\/a><\/p>\n","protected":false},"featured_media":20459,"template":"","meta":{"inline_featured_image":false},"product_cat":[111],"product_tag":[],"class_list":["post-15004","product","type-product","status-publish","has-post-thumbnail","hentry","product_cat-salud-cardiovascular","pa_contiene-altramuces-no","pa_contiene-apio-no","pa_contiene-cacahuetes-no","pa_contiene-crustaceos-no","pa_contiene-frutos-secos-no","pa_contiene-huevo-no","pa_contiene-leche-no","pa_contiene-moluscos-no","pa_contiene-mostaza-no","pa_contiene-pescado-si","pa_contiene-sesamo-no","pa_contiene-soja-no","pa_producto-bio-no","pa_producto-sin-gluten-si","pa_producto-vegano-no","pa_producto-vegetariano-no"],"yoast_head":"<!-- This site is optimized with the Yoast SEO plugin v27.4 - https:\/\/yoast.com\/product\/yoast-seo-wordpress\/ -->\n<title>Omega 3 1000mg Bote 100 Perlas Nutrabasicos - Drasanvi Francia<\/title>\n<meta name=\"robots\" content=\"index, follow, max-snippet:-1, max-image-preview:large, max-video-preview:-1\" \/>\n<link rel=\"canonical\" href=\"https:\/\/drasanvi.com\/fr\/producto\/omega-3-1000mg-bote-100-perlas-nutrabasicos\/\" \/>\n<meta property=\"og:locale\" content=\"fr_FR\" \/>\n<meta property=\"og:type\" content=\"article\" \/>\n<meta property=\"og:title\" content=\"Omega 3 1000mg Bote 100 Perlas Nutrabasicos - Drasanvi Francia\" \/>\n<meta property=\"og:description\" content=\"El Omega 3 es un \u00c1cido Graso poliinsaturado, una\u00a0sustancia que el cuerpo no puede sintetizar y es necesario incorporar con la dieta. Est\u00e1 presente en pescados (generalmente en pescado azul) y en algunas semillas vegetales como lino, ch\u00eda\u00a0o las nueces.Existen 6 tipos de \u00c1cidos grasos Omega 3, siendo base de todos ellos el \u00e1cido alfa linol\u00e9nico (LNA). De estos seis, ganan importancia el \u00c1cido Eicosapentanoico (EPA) y el \u00c1cido Docosahexaenoico (DHA).Las perlas Omega 3 de Drasanvi aportan 180 mg de EPA y 120 mg de DHA por perla. Gracias a su contenido en EPA Y DHA, las perlas\u00a0Omega 3 de Drasanvi contribuyen al buen funcionamiento del coraz\u00f3n.Ficha t\u00e9cnica\" \/>\n<meta property=\"og:url\" content=\"https:\/\/drasanvi.com\/fr\/producto\/omega-3-1000mg-bote-100-perlas-nutrabasicos\/\" \/>\n<meta property=\"og:site_name\" content=\"Drasanvi Francia\" \/>\n<meta property=\"article:modified_time\" content=\"2022-03-10T12:14:49+00:00\" \/>\n<meta property=\"og:image\" content=\"https:\/\/drasanvi.com\/wp-content\/uploads\/sites\/7\/2022\/02\/032050523.png\" \/>\n\t<meta property=\"og:image:width\" content=\"1000\" \/>\n\t<meta property=\"og:image:height\" content=\"1000\" \/>\n\t<meta property=\"og:image:type\" content=\"image\/png\" \/>\n<meta name=\"twitter:card\" content=\"summary_large_image\" \/>\n<script type=\"application\/ld+json\" class=\"yoast-schema-graph\">{\"@context\":\"https:\\\/\\\/schema.org\",\"@graph\":[{\"@type\":\"WebPage\",\"@id\":\"https:\\\/\\\/drasanvi.com\\\/fr\\\/producto\\\/omega-3-1000mg-bote-100-perlas-nutrabasicos\\\/\",\"url\":\"https:\\\/\\\/drasanvi.com\\\/fr\\\/producto\\\/omega-3-1000mg-bote-100-perlas-nutrabasicos\\\/\",\"name\":\"Omega 3 1000mg Bote 100 Perlas Nutrabasicos - Drasanvi Francia\",\"isPartOf\":{\"@id\":\"https:\\\/\\\/drasanvi.com\\\/fr\\\/#website\"},\"primaryImageOfPage\":{\"@id\":\"https:\\\/\\\/drasanvi.com\\\/fr\\\/producto\\\/omega-3-1000mg-bote-100-perlas-nutrabasicos\\\/#primaryimage\"},\"image\":{\"@id\":\"https:\\\/\\\/drasanvi.com\\\/fr\\\/producto\\\/omega-3-1000mg-bote-100-perlas-nutrabasicos\\\/#primaryimage\"},\"thumbnailUrl\":\"https:\\\/\\\/drasanvi.com\\\/fr\\\/wp-content\\\/uploads\\\/sites\\\/7\\\/2022\\\/02\\\/032050523.png\",\"datePublished\":\"2022-02-28T13:12:21+00:00\",\"dateModified\":\"2022-03-10T12:14:49+00:00\",\"breadcrumb\":{\"@id\":\"https:\\\/\\\/drasanvi.com\\\/fr\\\/producto\\\/omega-3-1000mg-bote-100-perlas-nutrabasicos\\\/#breadcrumb\"},\"inLanguage\":\"fr-FR\",\"potentialAction\":[{\"@type\":\"ReadAction\",\"target\":[\"https:\\\/\\\/drasanvi.com\\\/fr\\\/producto\\\/omega-3-1000mg-bote-100-perlas-nutrabasicos\\\/\"]}]},{\"@type\":\"ImageObject\",\"inLanguage\":\"fr-FR\",\"@id\":\"https:\\\/\\\/drasanvi.com\\\/fr\\\/producto\\\/omega-3-1000mg-bote-100-perlas-nutrabasicos\\\/#primaryimage\",\"url\":\"https:\\\/\\\/drasanvi.com\\\/fr\\\/wp-content\\\/uploads\\\/sites\\\/7\\\/2022\\\/02\\\/032050523.png\",\"contentUrl\":\"https:\\\/\\\/drasanvi.com\\\/fr\\\/wp-content\\\/uploads\\\/sites\\\/7\\\/2022\\\/02\\\/032050523.png\",\"width\":1000,\"height\":1000},{\"@type\":\"BreadcrumbList\",\"@id\":\"https:\\\/\\\/drasanvi.com\\\/fr\\\/producto\\\/omega-3-1000mg-bote-100-perlas-nutrabasicos\\\/#breadcrumb\",\"itemListElement\":[{\"@type\":\"ListItem\",\"position\":1,\"name\":\"Portada\",\"item\":\"https:\\\/\\\/drasanvi.com\\\/fr\\\/\"},{\"@type\":\"ListItem\",\"position\":2,\"name\":\"Tienda\",\"item\":\"https:\\\/\\\/drasanvi.com\\\/fr\\\/tienda\\\/\"},{\"@type\":\"ListItem\",\"position\":3,\"name\":\"Omega 3 1000mg Bote 100 Perlas Nutrabasicos\"}]},{\"@type\":\"WebSite\",\"@id\":\"https:\\\/\\\/drasanvi.com\\\/fr\\\/#website\",\"url\":\"https:\\\/\\\/drasanvi.com\\\/fr\\\/\",\"name\":\"Drasanvi Francia\",\"description\":\"L\u00edder en complementos alimenticios y cosm\u00e9tica natural.\",\"publisher\":{\"@id\":\"https:\\\/\\\/drasanvi.com\\\/fr\\\/#organization\"},\"potentialAction\":[{\"@type\":\"SearchAction\",\"target\":{\"@type\":\"EntryPoint\",\"urlTemplate\":\"https:\\\/\\\/drasanvi.com\\\/fr\\\/?s={search_term_string}\"},\"query-input\":{\"@type\":\"PropertyValueSpecification\",\"valueRequired\":true,\"valueName\":\"search_term_string\"}}],\"inLanguage\":\"fr-FR\"},{\"@type\":\"Organization\",\"@id\":\"https:\\\/\\\/drasanvi.com\\\/fr\\\/#organization\",\"name\":\"Drasanvi\",\"url\":\"https:\\\/\\\/drasanvi.com\\\/fr\\\/\",\"logo\":{\"@type\":\"ImageObject\",\"inLanguage\":\"fr-FR\",\"@id\":\"https:\\\/\\\/drasanvi.com\\\/fr\\\/#\\\/schema\\\/logo\\\/image\\\/\",\"url\":\"https:\\\/\\\/drasanvi.com\\\/wp-content\\\/uploads\\\/sites\\\/7\\\/2021\\\/07\\\/logo-drasanvi.png\",\"contentUrl\":\"https:\\\/\\\/drasanvi.com\\\/wp-content\\\/uploads\\\/sites\\\/7\\\/2021\\\/07\\\/logo-drasanvi.png\",\"width\":900,\"height\":300,\"caption\":\"Drasanvi\"},\"image\":{\"@id\":\"https:\\\/\\\/drasanvi.com\\\/fr\\\/#\\\/schema\\\/logo\\\/image\\\/\"}}]}<\/script>\n<!-- \/ Yoast SEO plugin. -->","yoast_head_json":{"title":"Omega 3 1000mg Bote 100 Perlas Nutrabasicos - Drasanvi Francia","robots":{"index":"index","follow":"follow","max-snippet":"max-snippet:-1","max-image-preview":"max-image-preview:large","max-video-preview":"max-video-preview:-1"},"canonical":"https:\/\/drasanvi.com\/fr\/producto\/omega-3-1000mg-bote-100-perlas-nutrabasicos\/","og_locale":"fr_FR","og_type":"article","og_title":"Omega 3 1000mg Bote 100 Perlas Nutrabasicos - Drasanvi Francia","og_description":"El Omega 3 es un \u00c1cido Graso poliinsaturado, una\u00a0sustancia que el cuerpo no puede sintetizar y es necesario incorporar con la dieta. Est\u00e1 presente en pescados (generalmente en pescado azul) y en algunas semillas vegetales como lino, ch\u00eda\u00a0o las nueces.Existen 6 tipos de \u00c1cidos grasos Omega 3, siendo base de todos ellos el \u00e1cido alfa linol\u00e9nico (LNA). De estos seis, ganan importancia el \u00c1cido Eicosapentanoico (EPA) y el \u00c1cido Docosahexaenoico (DHA).Las perlas Omega 3 de Drasanvi aportan 180 mg de EPA y 120 mg de DHA por perla. Gracias a su contenido en EPA Y DHA, las perlas\u00a0Omega 3 de Drasanvi contribuyen al buen funcionamiento del coraz\u00f3n.Ficha t\u00e9cnica","og_url":"https:\/\/drasanvi.com\/fr\/producto\/omega-3-1000mg-bote-100-perlas-nutrabasicos\/","og_site_name":"Drasanvi Francia","article_modified_time":"2022-03-10T12:14:49+00:00","og_image":[{"width":1000,"height":1000,"url":"https:\/\/drasanvi.com\/wp-content\/uploads\/sites\/7\/2022\/02\/032050523.png","type":"image\/png"}],"twitter_card":"summary_large_image","schema":{"@context":"https:\/\/schema.org","@graph":[{"@type":"WebPage","@id":"https:\/\/drasanvi.com\/fr\/producto\/omega-3-1000mg-bote-100-perlas-nutrabasicos\/","url":"https:\/\/drasanvi.com\/fr\/producto\/omega-3-1000mg-bote-100-perlas-nutrabasicos\/","name":"Omega 3 1000mg Bote 100 Perlas Nutrabasicos - Drasanvi Francia","isPartOf":{"@id":"https:\/\/drasanvi.com\/fr\/#website"},"primaryImageOfPage":{"@id":"https:\/\/drasanvi.com\/fr\/producto\/omega-3-1000mg-bote-100-perlas-nutrabasicos\/#primaryimage"},"image":{"@id":"https:\/\/drasanvi.com\/fr\/producto\/omega-3-1000mg-bote-100-perlas-nutrabasicos\/#primaryimage"},"thumbnailUrl":"https:\/\/drasanvi.com\/fr\/wp-content\/uploads\/sites\/7\/2022\/02\/032050523.png","datePublished":"2022-02-28T13:12:21+00:00","dateModified":"2022-03-10T12:14:49+00:00","breadcrumb":{"@id":"https:\/\/drasanvi.com\/fr\/producto\/omega-3-1000mg-bote-100-perlas-nutrabasicos\/#breadcrumb"},"inLanguage":"fr-FR","potentialAction":[{"@type":"ReadAction","target":["https:\/\/drasanvi.com\/fr\/producto\/omega-3-1000mg-bote-100-perlas-nutrabasicos\/"]}]},{"@type":"ImageObject","inLanguage":"fr-FR","@id":"https:\/\/drasanvi.com\/fr\/producto\/omega-3-1000mg-bote-100-perlas-nutrabasicos\/#primaryimage","url":"https:\/\/drasanvi.com\/fr\/wp-content\/uploads\/sites\/7\/2022\/02\/032050523.png","contentUrl":"https:\/\/drasanvi.com\/fr\/wp-content\/uploads\/sites\/7\/2022\/02\/032050523.png","width":1000,"height":1000},{"@type":"BreadcrumbList","@id":"https:\/\/drasanvi.com\/fr\/producto\/omega-3-1000mg-bote-100-perlas-nutrabasicos\/#breadcrumb","itemListElement":[{"@type":"ListItem","position":1,"name":"Portada","item":"https:\/\/drasanvi.com\/fr\/"},{"@type":"ListItem","position":2,"name":"Tienda","item":"https:\/\/drasanvi.com\/fr\/tienda\/"},{"@type":"ListItem","position":3,"name":"Omega 3 1000mg Bote 100 Perlas Nutrabasicos"}]},{"@type":"WebSite","@id":"https:\/\/drasanvi.com\/fr\/#website","url":"https:\/\/drasanvi.com\/fr\/","name":"Drasanvi Francia","description":"L\u00edder en complementos alimenticios y cosm\u00e9tica natural.","publisher":{"@id":"https:\/\/drasanvi.com\/fr\/#organization"},"potentialAction":[{"@type":"SearchAction","target":{"@type":"EntryPoint","urlTemplate":"https:\/\/drasanvi.com\/fr\/?s={search_term_string}"},"query-input":{"@type":"PropertyValueSpecification","valueRequired":true,"valueName":"search_term_string"}}],"inLanguage":"fr-FR"},{"@type":"Organization","@id":"https:\/\/drasanvi.com\/fr\/#organization","name":"Drasanvi","url":"https:\/\/drasanvi.com\/fr\/","logo":{"@type":"ImageObject","inLanguage":"fr-FR","@id":"https:\/\/drasanvi.com\/fr\/#\/schema\/logo\/image\/","url":"https:\/\/drasanvi.com\/wp-content\/uploads\/sites\/7\/2021\/07\/logo-drasanvi.png","contentUrl":"https:\/\/drasanvi.com\/wp-content\/uploads\/sites\/7\/2021\/07\/logo-drasanvi.png","width":900,"height":300,"caption":"Drasanvi"},"image":{"@id":"https:\/\/drasanvi.com\/fr\/#\/schema\/logo\/image\/"}}]}},"_links":{"self":[{"href":"https:\/\/drasanvi.com\/fr\/wp-json\/wp\/v2\/product\/15004","targetHints":{"allow":["GET"]}}],"collection":[{"href":"https:\/\/drasanvi.com\/fr\/wp-json\/wp\/v2\/product"}],"about":[{"href":"https:\/\/drasanvi.com\/fr\/wp-json\/wp\/v2\/types\/product"}],"version-history":[{"count":0,"href":"https:\/\/drasanvi.com\/fr\/wp-json\/wp\/v2\/product\/15004\/revisions"}],"wp:featuredmedia":[{"embeddable":true,"href":"https:\/\/drasanvi.com\/fr\/wp-json\/wp\/v2\/media\/20459"}],"wp:attachment":[{"href":"https:\/\/drasanvi.com\/fr\/wp-json\/wp\/v2\/media?parent=15004"}],"wp:term":[{"taxonomy":"product_cat","embeddable":true,"href":"https:\/\/drasanvi.com\/fr\/wp-json\/wp\/v2\/product_cat?post=15004"},{"taxonomy":"product_tag","embeddable":true,"href":"https:\/\/drasanvi.com\/fr\/wp-json\/wp\/v2\/product_tag?post=15004"}],"curies":[{"name":"wp","href":"https:\/\/api.w.org\/{rel}","templated":true}]}}