{"id":14919,"date":"2022-02-28T15:12:21","date_gmt":"2022-02-28T13:12:21","guid":{"rendered":"https:\/\/drasanvi.com\/fr\/?post_type=product&#038;p=14919"},"modified":"2022-03-10T14:14:44","modified_gmt":"2022-03-10T12:14:44","slug":"nutrabasics-aceite-de-borraja-500-bote-90-perlas","status":"publish","type":"product","link":"https:\/\/drasanvi.com\/fr\/producto\/nutrabasics-aceite-de-borraja-500-bote-90-perlas\/","title":{"rendered":"Nutrabasics-Aceite de Borraja 500 bote 90 perlas"},"content":{"rendered":"<h2>Ingredientes<\/h2>\n<p>INGREDIENTES  Mg\/dosis d\u00eda      Aceite de borraja Borago officinalis L. Con aporte en GLA..  1.000 mg. 200 mg      Vitamina E En forma de D-alpha tocoferol   . 20 mg      Otros ingredientes: Gelatina y Glicerina        Sin colorantes, conservantes ni az\u00facares a\u00f1adidos.<\/p>\n<h2>Modo de uso<\/h2>\n<p>Consumir dos perlas al d\u00eda, preferiblemente, con las comidas.<\/p>\n<h3>Presentaci\u00f3n<\/h3>\n<p>Envase de 90 perlas de 710 mg. Peso total: 63,9 g (2,25 oz).<\/p>\n<h3>Advertencias<\/h3>\n<p>Los complementos alimenticios no deben utilizarse como sustitutivos de una dieta equilibrada. No superar la dosis diaria expresamente recomendada. Mantener fuera del alcance de los ni&ntilde;os m&aacute;s peque&ntilde;os. Conservar en un lugar fresco y seco.<\/p>\n<h2>Informaci\u00f3n adicional<\/h2>\n<p>ingrediente  descripcion  cantidad dosis diaria      Aceite de Borraja  (Borago officinalis L. 20% GLA)  1.000 mg      Agente de recubrimiento  (Gelatina y glicerina)  127 mg      Vitamina E  (D-alpha tocoferol)  20 mg<\/p>\n<p>Vitamina E  112%  13,44 mg<\/p>\n","protected":false},"excerpt":{"rendered":"<p>El Aceite de Borraja es obtenido de las semillas de\u00a0Borago officinalis\u00a0L,\u00a0una\u00a0planta frecuente en el Mediterr\u00e1neo\u00a0y muy valorada, tanto por su consumo como\u00a0verdura como\u00a0por su aceite.El Aceite de Borraja es muy rico en \u00c1cido Gamma Linol\u00e9nico (GLA), un \u00c1cido Graso esencial (el cuerpo no puede sintetizarlo directamente)\u00a0 de la serie Omega 6.Gracias a su aporte en Vitamina E, contribuye a la protecci\u00f3n de las c\u00e9lulas frente al da\u00f1o oxidativo.<br \/><a id=\"boton-ficha\" href=\"https:\/\/panel.drasanvi.com\/fichas\/1\/032050512\" target=\"_blank\" rel=\"noopener\">Ficha t\u00e9cnica<\/a><\/p>\n","protected":false},"featured_media":20450,"template":"","meta":{"inline_featured_image":false},"product_cat":[91,107,111],"product_tag":[],"class_list":["post-14919","product","type-product","status-publish","has-post-thumbnail","hentry","product_cat-cabello-piel-unas","product_cat-mujer","product_cat-salud-cardiovascular","pa_contiene-altramuces-no","pa_contiene-apio-no","pa_contiene-cacahuetes-no","pa_contiene-crustaceos-no","pa_contiene-frutos-secos-no","pa_contiene-huevo-no","pa_contiene-leche-no","pa_contiene-moluscos-no","pa_contiene-mostaza-no","pa_contiene-pescado-no","pa_contiene-sesamo-no","pa_contiene-soja-no","pa_producto-bio-no","pa_producto-sin-gluten-si","pa_producto-vegano-no","pa_producto-vegetariano-no"],"yoast_head":"<!-- This site is optimized with the Yoast SEO plugin v27.4 - https:\/\/yoast.com\/product\/yoast-seo-wordpress\/ -->\n<title>Nutrabasics-Aceite de Borraja 500 bote 90 perlas - Drasanvi Francia<\/title>\n<meta name=\"robots\" content=\"index, follow, max-snippet:-1, max-image-preview:large, max-video-preview:-1\" \/>\n<link rel=\"canonical\" href=\"https:\/\/drasanvi.com\/fr\/producto\/nutrabasics-aceite-de-borraja-500-bote-90-perlas\/\" \/>\n<meta property=\"og:locale\" content=\"fr_FR\" \/>\n<meta property=\"og:type\" content=\"article\" \/>\n<meta property=\"og:title\" content=\"Nutrabasics-Aceite de Borraja 500 bote 90 perlas - Drasanvi Francia\" \/>\n<meta property=\"og:description\" content=\"El Aceite de Borraja es obtenido de las semillas de\u00a0Borago officinalis\u00a0L,\u00a0una\u00a0planta frecuente en el Mediterr\u00e1neo\u00a0y muy valorada, tanto por su consumo como\u00a0verdura como\u00a0por su aceite.El Aceite de Borraja es muy rico en \u00c1cido Gamma Linol\u00e9nico (GLA), un \u00c1cido Graso esencial (el cuerpo no puede sintetizarlo directamente)\u00a0 de la serie Omega 6.Gracias a su aporte en Vitamina E, contribuye a la protecci\u00f3n de las c\u00e9lulas frente al da\u00f1o oxidativo.Ficha t\u00e9cnica\" \/>\n<meta property=\"og:url\" content=\"https:\/\/drasanvi.com\/fr\/producto\/nutrabasics-aceite-de-borraja-500-bote-90-perlas\/\" \/>\n<meta property=\"og:site_name\" content=\"Drasanvi Francia\" \/>\n<meta property=\"article:modified_time\" content=\"2022-03-10T12:14:44+00:00\" \/>\n<meta property=\"og:image\" content=\"https:\/\/drasanvi.com\/wp-content\/uploads\/sites\/7\/2022\/02\/032050512.png\" \/>\n\t<meta property=\"og:image:width\" content=\"1000\" \/>\n\t<meta property=\"og:image:height\" content=\"1000\" \/>\n\t<meta property=\"og:image:type\" content=\"image\/png\" \/>\n<meta name=\"twitter:card\" content=\"summary_large_image\" \/>\n<script type=\"application\/ld+json\" class=\"yoast-schema-graph\">{\"@context\":\"https:\\\/\\\/schema.org\",\"@graph\":[{\"@type\":\"WebPage\",\"@id\":\"https:\\\/\\\/drasanvi.com\\\/fr\\\/producto\\\/nutrabasics-aceite-de-borraja-500-bote-90-perlas\\\/\",\"url\":\"https:\\\/\\\/drasanvi.com\\\/fr\\\/producto\\\/nutrabasics-aceite-de-borraja-500-bote-90-perlas\\\/\",\"name\":\"Nutrabasics-Aceite de Borraja 500 bote 90 perlas - Drasanvi Francia\",\"isPartOf\":{\"@id\":\"https:\\\/\\\/drasanvi.com\\\/fr\\\/#website\"},\"primaryImageOfPage\":{\"@id\":\"https:\\\/\\\/drasanvi.com\\\/fr\\\/producto\\\/nutrabasics-aceite-de-borraja-500-bote-90-perlas\\\/#primaryimage\"},\"image\":{\"@id\":\"https:\\\/\\\/drasanvi.com\\\/fr\\\/producto\\\/nutrabasics-aceite-de-borraja-500-bote-90-perlas\\\/#primaryimage\"},\"thumbnailUrl\":\"https:\\\/\\\/drasanvi.com\\\/fr\\\/wp-content\\\/uploads\\\/sites\\\/7\\\/2022\\\/02\\\/032050512.png\",\"datePublished\":\"2022-02-28T13:12:21+00:00\",\"dateModified\":\"2022-03-10T12:14:44+00:00\",\"breadcrumb\":{\"@id\":\"https:\\\/\\\/drasanvi.com\\\/fr\\\/producto\\\/nutrabasics-aceite-de-borraja-500-bote-90-perlas\\\/#breadcrumb\"},\"inLanguage\":\"fr-FR\",\"potentialAction\":[{\"@type\":\"ReadAction\",\"target\":[\"https:\\\/\\\/drasanvi.com\\\/fr\\\/producto\\\/nutrabasics-aceite-de-borraja-500-bote-90-perlas\\\/\"]}]},{\"@type\":\"ImageObject\",\"inLanguage\":\"fr-FR\",\"@id\":\"https:\\\/\\\/drasanvi.com\\\/fr\\\/producto\\\/nutrabasics-aceite-de-borraja-500-bote-90-perlas\\\/#primaryimage\",\"url\":\"https:\\\/\\\/drasanvi.com\\\/fr\\\/wp-content\\\/uploads\\\/sites\\\/7\\\/2022\\\/02\\\/032050512.png\",\"contentUrl\":\"https:\\\/\\\/drasanvi.com\\\/fr\\\/wp-content\\\/uploads\\\/sites\\\/7\\\/2022\\\/02\\\/032050512.png\",\"width\":1000,\"height\":1000},{\"@type\":\"BreadcrumbList\",\"@id\":\"https:\\\/\\\/drasanvi.com\\\/fr\\\/producto\\\/nutrabasics-aceite-de-borraja-500-bote-90-perlas\\\/#breadcrumb\",\"itemListElement\":[{\"@type\":\"ListItem\",\"position\":1,\"name\":\"Portada\",\"item\":\"https:\\\/\\\/drasanvi.com\\\/fr\\\/\"},{\"@type\":\"ListItem\",\"position\":2,\"name\":\"Tienda\",\"item\":\"https:\\\/\\\/drasanvi.com\\\/fr\\\/tienda\\\/\"},{\"@type\":\"ListItem\",\"position\":3,\"name\":\"Nutrabasics-Aceite de Borraja 500 bote 90 perlas\"}]},{\"@type\":\"WebSite\",\"@id\":\"https:\\\/\\\/drasanvi.com\\\/fr\\\/#website\",\"url\":\"https:\\\/\\\/drasanvi.com\\\/fr\\\/\",\"name\":\"Drasanvi Francia\",\"description\":\"L\u00edder en complementos alimenticios y cosm\u00e9tica natural.\",\"publisher\":{\"@id\":\"https:\\\/\\\/drasanvi.com\\\/fr\\\/#organization\"},\"potentialAction\":[{\"@type\":\"SearchAction\",\"target\":{\"@type\":\"EntryPoint\",\"urlTemplate\":\"https:\\\/\\\/drasanvi.com\\\/fr\\\/?s={search_term_string}\"},\"query-input\":{\"@type\":\"PropertyValueSpecification\",\"valueRequired\":true,\"valueName\":\"search_term_string\"}}],\"inLanguage\":\"fr-FR\"},{\"@type\":\"Organization\",\"@id\":\"https:\\\/\\\/drasanvi.com\\\/fr\\\/#organization\",\"name\":\"Drasanvi\",\"url\":\"https:\\\/\\\/drasanvi.com\\\/fr\\\/\",\"logo\":{\"@type\":\"ImageObject\",\"inLanguage\":\"fr-FR\",\"@id\":\"https:\\\/\\\/drasanvi.com\\\/fr\\\/#\\\/schema\\\/logo\\\/image\\\/\",\"url\":\"https:\\\/\\\/drasanvi.com\\\/wp-content\\\/uploads\\\/sites\\\/7\\\/2021\\\/07\\\/logo-drasanvi.png\",\"contentUrl\":\"https:\\\/\\\/drasanvi.com\\\/wp-content\\\/uploads\\\/sites\\\/7\\\/2021\\\/07\\\/logo-drasanvi.png\",\"width\":900,\"height\":300,\"caption\":\"Drasanvi\"},\"image\":{\"@id\":\"https:\\\/\\\/drasanvi.com\\\/fr\\\/#\\\/schema\\\/logo\\\/image\\\/\"}}]}<\/script>\n<!-- \/ Yoast SEO plugin. -->","yoast_head_json":{"title":"Nutrabasics-Aceite de Borraja 500 bote 90 perlas - Drasanvi Francia","robots":{"index":"index","follow":"follow","max-snippet":"max-snippet:-1","max-image-preview":"max-image-preview:large","max-video-preview":"max-video-preview:-1"},"canonical":"https:\/\/drasanvi.com\/fr\/producto\/nutrabasics-aceite-de-borraja-500-bote-90-perlas\/","og_locale":"fr_FR","og_type":"article","og_title":"Nutrabasics-Aceite de Borraja 500 bote 90 perlas - Drasanvi Francia","og_description":"El Aceite de Borraja es obtenido de las semillas de\u00a0Borago officinalis\u00a0L,\u00a0una\u00a0planta frecuente en el Mediterr\u00e1neo\u00a0y muy valorada, tanto por su consumo como\u00a0verdura como\u00a0por su aceite.El Aceite de Borraja es muy rico en \u00c1cido Gamma Linol\u00e9nico (GLA), un \u00c1cido Graso esencial (el cuerpo no puede sintetizarlo directamente)\u00a0 de la serie Omega 6.Gracias a su aporte en Vitamina E, contribuye a la protecci\u00f3n de las c\u00e9lulas frente al da\u00f1o oxidativo.Ficha t\u00e9cnica","og_url":"https:\/\/drasanvi.com\/fr\/producto\/nutrabasics-aceite-de-borraja-500-bote-90-perlas\/","og_site_name":"Drasanvi Francia","article_modified_time":"2022-03-10T12:14:44+00:00","og_image":[{"width":1000,"height":1000,"url":"https:\/\/drasanvi.com\/wp-content\/uploads\/sites\/7\/2022\/02\/032050512.png","type":"image\/png"}],"twitter_card":"summary_large_image","schema":{"@context":"https:\/\/schema.org","@graph":[{"@type":"WebPage","@id":"https:\/\/drasanvi.com\/fr\/producto\/nutrabasics-aceite-de-borraja-500-bote-90-perlas\/","url":"https:\/\/drasanvi.com\/fr\/producto\/nutrabasics-aceite-de-borraja-500-bote-90-perlas\/","name":"Nutrabasics-Aceite de Borraja 500 bote 90 perlas - Drasanvi Francia","isPartOf":{"@id":"https:\/\/drasanvi.com\/fr\/#website"},"primaryImageOfPage":{"@id":"https:\/\/drasanvi.com\/fr\/producto\/nutrabasics-aceite-de-borraja-500-bote-90-perlas\/#primaryimage"},"image":{"@id":"https:\/\/drasanvi.com\/fr\/producto\/nutrabasics-aceite-de-borraja-500-bote-90-perlas\/#primaryimage"},"thumbnailUrl":"https:\/\/drasanvi.com\/fr\/wp-content\/uploads\/sites\/7\/2022\/02\/032050512.png","datePublished":"2022-02-28T13:12:21+00:00","dateModified":"2022-03-10T12:14:44+00:00","breadcrumb":{"@id":"https:\/\/drasanvi.com\/fr\/producto\/nutrabasics-aceite-de-borraja-500-bote-90-perlas\/#breadcrumb"},"inLanguage":"fr-FR","potentialAction":[{"@type":"ReadAction","target":["https:\/\/drasanvi.com\/fr\/producto\/nutrabasics-aceite-de-borraja-500-bote-90-perlas\/"]}]},{"@type":"ImageObject","inLanguage":"fr-FR","@id":"https:\/\/drasanvi.com\/fr\/producto\/nutrabasics-aceite-de-borraja-500-bote-90-perlas\/#primaryimage","url":"https:\/\/drasanvi.com\/fr\/wp-content\/uploads\/sites\/7\/2022\/02\/032050512.png","contentUrl":"https:\/\/drasanvi.com\/fr\/wp-content\/uploads\/sites\/7\/2022\/02\/032050512.png","width":1000,"height":1000},{"@type":"BreadcrumbList","@id":"https:\/\/drasanvi.com\/fr\/producto\/nutrabasics-aceite-de-borraja-500-bote-90-perlas\/#breadcrumb","itemListElement":[{"@type":"ListItem","position":1,"name":"Portada","item":"https:\/\/drasanvi.com\/fr\/"},{"@type":"ListItem","position":2,"name":"Tienda","item":"https:\/\/drasanvi.com\/fr\/tienda\/"},{"@type":"ListItem","position":3,"name":"Nutrabasics-Aceite de Borraja 500 bote 90 perlas"}]},{"@type":"WebSite","@id":"https:\/\/drasanvi.com\/fr\/#website","url":"https:\/\/drasanvi.com\/fr\/","name":"Drasanvi Francia","description":"L\u00edder en complementos alimenticios y cosm\u00e9tica natural.","publisher":{"@id":"https:\/\/drasanvi.com\/fr\/#organization"},"potentialAction":[{"@type":"SearchAction","target":{"@type":"EntryPoint","urlTemplate":"https:\/\/drasanvi.com\/fr\/?s={search_term_string}"},"query-input":{"@type":"PropertyValueSpecification","valueRequired":true,"valueName":"search_term_string"}}],"inLanguage":"fr-FR"},{"@type":"Organization","@id":"https:\/\/drasanvi.com\/fr\/#organization","name":"Drasanvi","url":"https:\/\/drasanvi.com\/fr\/","logo":{"@type":"ImageObject","inLanguage":"fr-FR","@id":"https:\/\/drasanvi.com\/fr\/#\/schema\/logo\/image\/","url":"https:\/\/drasanvi.com\/wp-content\/uploads\/sites\/7\/2021\/07\/logo-drasanvi.png","contentUrl":"https:\/\/drasanvi.com\/wp-content\/uploads\/sites\/7\/2021\/07\/logo-drasanvi.png","width":900,"height":300,"caption":"Drasanvi"},"image":{"@id":"https:\/\/drasanvi.com\/fr\/#\/schema\/logo\/image\/"}}]}},"_links":{"self":[{"href":"https:\/\/drasanvi.com\/fr\/wp-json\/wp\/v2\/product\/14919","targetHints":{"allow":["GET"]}}],"collection":[{"href":"https:\/\/drasanvi.com\/fr\/wp-json\/wp\/v2\/product"}],"about":[{"href":"https:\/\/drasanvi.com\/fr\/wp-json\/wp\/v2\/types\/product"}],"version-history":[{"count":0,"href":"https:\/\/drasanvi.com\/fr\/wp-json\/wp\/v2\/product\/14919\/revisions"}],"wp:featuredmedia":[{"embeddable":true,"href":"https:\/\/drasanvi.com\/fr\/wp-json\/wp\/v2\/media\/20450"}],"wp:attachment":[{"href":"https:\/\/drasanvi.com\/fr\/wp-json\/wp\/v2\/media?parent=14919"}],"wp:term":[{"taxonomy":"product_cat","embeddable":true,"href":"https:\/\/drasanvi.com\/fr\/wp-json\/wp\/v2\/product_cat?post=14919"},{"taxonomy":"product_tag","embeddable":true,"href":"https:\/\/drasanvi.com\/fr\/wp-json\/wp\/v2\/product_tag?post=14919"}],"curies":[{"name":"wp","href":"https:\/\/api.w.org\/{rel}","templated":true}]}}