{"id":14847,"date":"2022-02-28T15:14:21","date_gmt":"2022-02-28T13:14:21","guid":{"rendered":"https:\/\/drasanvi.com\/fr\/?post_type=product&#038;p=14847"},"modified":"2022-03-10T14:14:38","modified_gmt":"2022-03-10T12:14:38","slug":"propolis-30-capsulas-nutrabasicos","status":"publish","type":"product","link":"https:\/\/drasanvi.com\/fr\/producto\/propolis-30-capsulas-nutrabasicos\/","title":{"rendered":"Pr\u00f3polis 30 c\u00e1psulas Nutrabasicos"},"content":{"rendered":"<h2>Ingredientes<\/h2>\n<p>INGREDIENTES  INFORMACION BOT\u00c1NICA  FUNCI\u00d3N  INGREDIENTES (MG\/DOSIS D\u00cdA)      Pr\u00f3polis Con aporte en Galangina 10-12%   350 mg 35 mg      Otros Ingredientes: Hidroxipropilmetilcelulosa, Celulosa microcristalina, Estearato de Magnesio y Di\u00f3xido de Silicio        Sin colorantes, conservantes ni az\u00facares a\u00f1adidos.<\/p>\n<h2>Modo de uso<\/h2>\n<p>Tomar una c\u00e1psula al d\u00eda, preferiblemente con el desayuno.<\/p>\n<h3>Presentaci\u00f3n<\/h3>\n<p>Envase de 30 c\u00e1psulas de 486 mg. Peso total: 14,6 g (0,52 oz).<\/p>\n<h3>Advertencias<\/h3>\n<p>Complemento alimenticio a base de pr&oacute;polis.Los complementos alimenticios no deben utilizarse como sustitutivos de una dieta equilibrada. No superar la dosis diaria expresamente recomendada. Mantener fuera del alcance de los ni&ntilde;os m&aacute;s peque&ntilde;os Conservar en un lugar fresco y seco.<\/p>\n<h2>Informaci\u00f3n adicional<\/h2>\n<p>INGREDIENTES  descripcion  cantidad\/dosis diaria      Pr\u00f3polis  (Galangina 10-12%)  350 mg      Agente de recubrimiento  (Hidroxipropilmetilcelulosa)  96 mg      Agente de carga  (Celulosa microcristalina)  20 mg      Agente de carga  (Estearato de magnesio)  10 mg      Antiaglomerante  (Di\u00f3xido de silicio)  10 mg<\/p>\n","protected":false},"excerpt":{"rendered":"<p>El Pr\u00f3polis es una sustancia resinosa creada por las abejas para mantener est\u00e9ril sus colmenas. Se trata de una sustancia muy valorada. Sin embargo, sus propiedades dependen de la calidad del mismo. Un buen origen, una correcta extracci\u00f3n y un modo de conservaci\u00f3n adecuado permiten asegurar una buena calidad. Drasanvi\u00ae ha optado por un Pr\u00f3polis estandarizado. De esta manera, garantizamos siempre la misma cantidad de principio activo a trav\u00e9s del tiempo.<br \/><a id=\"boton-ficha\" href=\"https:\/\/panel.drasanvi.com\/fichas\/1\/032050156\" target=\"_blank\" rel=\"noopener\">Ficha t\u00e9cnica<\/a><\/p>\n","protected":false},"featured_media":20541,"template":"","meta":{"inline_featured_image":false},"product_cat":[96],"product_tag":[],"class_list":["post-14847","product","type-product","status-publish","has-post-thumbnail","hentry","product_cat-defensa-invierno","pa_contiene-altramuces-no","pa_contiene-apio-no","pa_contiene-cacahuetes-no","pa_contiene-crustaceos-no","pa_contiene-frutos-secos-no","pa_contiene-huevo-no","pa_contiene-leche-no","pa_contiene-moluscos-no","pa_contiene-mostaza-no","pa_contiene-pescado-no","pa_contiene-sesamo-no","pa_contiene-soja-no","pa_producto-bio-no","pa_producto-sin-gluten-si","pa_producto-vegano-no","pa_producto-vegetariano-si"],"yoast_head":"<!-- This site is optimized with the Yoast SEO plugin v27.4 - https:\/\/yoast.com\/product\/yoast-seo-wordpress\/ -->\n<title>Pr\u00f3polis 30 c\u00e1psulas Nutrabasicos - Drasanvi Francia<\/title>\n<meta name=\"robots\" content=\"index, follow, max-snippet:-1, max-image-preview:large, max-video-preview:-1\" \/>\n<link rel=\"canonical\" href=\"https:\/\/drasanvi.com\/fr\/producto\/propolis-30-capsulas-nutrabasicos\/\" \/>\n<meta property=\"og:locale\" content=\"fr_FR\" \/>\n<meta property=\"og:type\" content=\"article\" \/>\n<meta property=\"og:title\" content=\"Pr\u00f3polis 30 c\u00e1psulas Nutrabasicos - Drasanvi Francia\" \/>\n<meta property=\"og:description\" content=\"El Pr\u00f3polis es una sustancia resinosa creada por las abejas para mantener est\u00e9ril sus colmenas. Se trata de una sustancia muy valorada. Sin embargo, sus propiedades dependen de la calidad del mismo. Un buen origen, una correcta extracci\u00f3n y un modo de conservaci\u00f3n adecuado permiten asegurar una buena calidad. Drasanvi\u00ae ha optado por un Pr\u00f3polis estandarizado. De esta manera, garantizamos siempre la misma cantidad de principio activo a trav\u00e9s del tiempo.Ficha t\u00e9cnica\" \/>\n<meta property=\"og:url\" content=\"https:\/\/drasanvi.com\/fr\/producto\/propolis-30-capsulas-nutrabasicos\/\" \/>\n<meta property=\"og:site_name\" content=\"Drasanvi Francia\" \/>\n<meta property=\"article:modified_time\" content=\"2022-03-10T12:14:38+00:00\" \/>\n<meta property=\"og:image\" content=\"https:\/\/drasanvi.com\/wp-content\/uploads\/sites\/7\/2022\/02\/032050156.png\" \/>\n\t<meta property=\"og:image:width\" content=\"1000\" \/>\n\t<meta property=\"og:image:height\" content=\"1000\" \/>\n\t<meta property=\"og:image:type\" content=\"image\/png\" \/>\n<meta name=\"twitter:card\" content=\"summary_large_image\" \/>\n<script type=\"application\/ld+json\" class=\"yoast-schema-graph\">{\"@context\":\"https:\\\/\\\/schema.org\",\"@graph\":[{\"@type\":\"WebPage\",\"@id\":\"https:\\\/\\\/drasanvi.com\\\/fr\\\/producto\\\/propolis-30-capsulas-nutrabasicos\\\/\",\"url\":\"https:\\\/\\\/drasanvi.com\\\/fr\\\/producto\\\/propolis-30-capsulas-nutrabasicos\\\/\",\"name\":\"Pr\u00f3polis 30 c\u00e1psulas Nutrabasicos - Drasanvi Francia\",\"isPartOf\":{\"@id\":\"https:\\\/\\\/drasanvi.com\\\/fr\\\/#website\"},\"primaryImageOfPage\":{\"@id\":\"https:\\\/\\\/drasanvi.com\\\/fr\\\/producto\\\/propolis-30-capsulas-nutrabasicos\\\/#primaryimage\"},\"image\":{\"@id\":\"https:\\\/\\\/drasanvi.com\\\/fr\\\/producto\\\/propolis-30-capsulas-nutrabasicos\\\/#primaryimage\"},\"thumbnailUrl\":\"https:\\\/\\\/drasanvi.com\\\/fr\\\/wp-content\\\/uploads\\\/sites\\\/7\\\/2022\\\/02\\\/032050156.png\",\"datePublished\":\"2022-02-28T13:14:21+00:00\",\"dateModified\":\"2022-03-10T12:14:38+00:00\",\"breadcrumb\":{\"@id\":\"https:\\\/\\\/drasanvi.com\\\/fr\\\/producto\\\/propolis-30-capsulas-nutrabasicos\\\/#breadcrumb\"},\"inLanguage\":\"fr-FR\",\"potentialAction\":[{\"@type\":\"ReadAction\",\"target\":[\"https:\\\/\\\/drasanvi.com\\\/fr\\\/producto\\\/propolis-30-capsulas-nutrabasicos\\\/\"]}]},{\"@type\":\"ImageObject\",\"inLanguage\":\"fr-FR\",\"@id\":\"https:\\\/\\\/drasanvi.com\\\/fr\\\/producto\\\/propolis-30-capsulas-nutrabasicos\\\/#primaryimage\",\"url\":\"https:\\\/\\\/drasanvi.com\\\/fr\\\/wp-content\\\/uploads\\\/sites\\\/7\\\/2022\\\/02\\\/032050156.png\",\"contentUrl\":\"https:\\\/\\\/drasanvi.com\\\/fr\\\/wp-content\\\/uploads\\\/sites\\\/7\\\/2022\\\/02\\\/032050156.png\",\"width\":1000,\"height\":1000},{\"@type\":\"BreadcrumbList\",\"@id\":\"https:\\\/\\\/drasanvi.com\\\/fr\\\/producto\\\/propolis-30-capsulas-nutrabasicos\\\/#breadcrumb\",\"itemListElement\":[{\"@type\":\"ListItem\",\"position\":1,\"name\":\"Portada\",\"item\":\"https:\\\/\\\/drasanvi.com\\\/fr\\\/\"},{\"@type\":\"ListItem\",\"position\":2,\"name\":\"Tienda\",\"item\":\"https:\\\/\\\/drasanvi.com\\\/fr\\\/tienda\\\/\"},{\"@type\":\"ListItem\",\"position\":3,\"name\":\"Pr\u00f3polis 30 c\u00e1psulas Nutrabasicos\"}]},{\"@type\":\"WebSite\",\"@id\":\"https:\\\/\\\/drasanvi.com\\\/fr\\\/#website\",\"url\":\"https:\\\/\\\/drasanvi.com\\\/fr\\\/\",\"name\":\"Drasanvi Francia\",\"description\":\"L\u00edder en complementos alimenticios y cosm\u00e9tica natural.\",\"publisher\":{\"@id\":\"https:\\\/\\\/drasanvi.com\\\/fr\\\/#organization\"},\"potentialAction\":[{\"@type\":\"SearchAction\",\"target\":{\"@type\":\"EntryPoint\",\"urlTemplate\":\"https:\\\/\\\/drasanvi.com\\\/fr\\\/?s={search_term_string}\"},\"query-input\":{\"@type\":\"PropertyValueSpecification\",\"valueRequired\":true,\"valueName\":\"search_term_string\"}}],\"inLanguage\":\"fr-FR\"},{\"@type\":\"Organization\",\"@id\":\"https:\\\/\\\/drasanvi.com\\\/fr\\\/#organization\",\"name\":\"Drasanvi\",\"url\":\"https:\\\/\\\/drasanvi.com\\\/fr\\\/\",\"logo\":{\"@type\":\"ImageObject\",\"inLanguage\":\"fr-FR\",\"@id\":\"https:\\\/\\\/drasanvi.com\\\/fr\\\/#\\\/schema\\\/logo\\\/image\\\/\",\"url\":\"https:\\\/\\\/drasanvi.com\\\/wp-content\\\/uploads\\\/sites\\\/7\\\/2021\\\/07\\\/logo-drasanvi.png\",\"contentUrl\":\"https:\\\/\\\/drasanvi.com\\\/wp-content\\\/uploads\\\/sites\\\/7\\\/2021\\\/07\\\/logo-drasanvi.png\",\"width\":900,\"height\":300,\"caption\":\"Drasanvi\"},\"image\":{\"@id\":\"https:\\\/\\\/drasanvi.com\\\/fr\\\/#\\\/schema\\\/logo\\\/image\\\/\"}}]}<\/script>\n<!-- \/ Yoast SEO plugin. -->","yoast_head_json":{"title":"Pr\u00f3polis 30 c\u00e1psulas Nutrabasicos - Drasanvi Francia","robots":{"index":"index","follow":"follow","max-snippet":"max-snippet:-1","max-image-preview":"max-image-preview:large","max-video-preview":"max-video-preview:-1"},"canonical":"https:\/\/drasanvi.com\/fr\/producto\/propolis-30-capsulas-nutrabasicos\/","og_locale":"fr_FR","og_type":"article","og_title":"Pr\u00f3polis 30 c\u00e1psulas Nutrabasicos - Drasanvi Francia","og_description":"El Pr\u00f3polis es una sustancia resinosa creada por las abejas para mantener est\u00e9ril sus colmenas. Se trata de una sustancia muy valorada. Sin embargo, sus propiedades dependen de la calidad del mismo. Un buen origen, una correcta extracci\u00f3n y un modo de conservaci\u00f3n adecuado permiten asegurar una buena calidad. Drasanvi\u00ae ha optado por un Pr\u00f3polis estandarizado. De esta manera, garantizamos siempre la misma cantidad de principio activo a trav\u00e9s del tiempo.Ficha t\u00e9cnica","og_url":"https:\/\/drasanvi.com\/fr\/producto\/propolis-30-capsulas-nutrabasicos\/","og_site_name":"Drasanvi Francia","article_modified_time":"2022-03-10T12:14:38+00:00","og_image":[{"width":1000,"height":1000,"url":"https:\/\/drasanvi.com\/wp-content\/uploads\/sites\/7\/2022\/02\/032050156.png","type":"image\/png"}],"twitter_card":"summary_large_image","schema":{"@context":"https:\/\/schema.org","@graph":[{"@type":"WebPage","@id":"https:\/\/drasanvi.com\/fr\/producto\/propolis-30-capsulas-nutrabasicos\/","url":"https:\/\/drasanvi.com\/fr\/producto\/propolis-30-capsulas-nutrabasicos\/","name":"Pr\u00f3polis 30 c\u00e1psulas Nutrabasicos - Drasanvi Francia","isPartOf":{"@id":"https:\/\/drasanvi.com\/fr\/#website"},"primaryImageOfPage":{"@id":"https:\/\/drasanvi.com\/fr\/producto\/propolis-30-capsulas-nutrabasicos\/#primaryimage"},"image":{"@id":"https:\/\/drasanvi.com\/fr\/producto\/propolis-30-capsulas-nutrabasicos\/#primaryimage"},"thumbnailUrl":"https:\/\/drasanvi.com\/fr\/wp-content\/uploads\/sites\/7\/2022\/02\/032050156.png","datePublished":"2022-02-28T13:14:21+00:00","dateModified":"2022-03-10T12:14:38+00:00","breadcrumb":{"@id":"https:\/\/drasanvi.com\/fr\/producto\/propolis-30-capsulas-nutrabasicos\/#breadcrumb"},"inLanguage":"fr-FR","potentialAction":[{"@type":"ReadAction","target":["https:\/\/drasanvi.com\/fr\/producto\/propolis-30-capsulas-nutrabasicos\/"]}]},{"@type":"ImageObject","inLanguage":"fr-FR","@id":"https:\/\/drasanvi.com\/fr\/producto\/propolis-30-capsulas-nutrabasicos\/#primaryimage","url":"https:\/\/drasanvi.com\/fr\/wp-content\/uploads\/sites\/7\/2022\/02\/032050156.png","contentUrl":"https:\/\/drasanvi.com\/fr\/wp-content\/uploads\/sites\/7\/2022\/02\/032050156.png","width":1000,"height":1000},{"@type":"BreadcrumbList","@id":"https:\/\/drasanvi.com\/fr\/producto\/propolis-30-capsulas-nutrabasicos\/#breadcrumb","itemListElement":[{"@type":"ListItem","position":1,"name":"Portada","item":"https:\/\/drasanvi.com\/fr\/"},{"@type":"ListItem","position":2,"name":"Tienda","item":"https:\/\/drasanvi.com\/fr\/tienda\/"},{"@type":"ListItem","position":3,"name":"Pr\u00f3polis 30 c\u00e1psulas Nutrabasicos"}]},{"@type":"WebSite","@id":"https:\/\/drasanvi.com\/fr\/#website","url":"https:\/\/drasanvi.com\/fr\/","name":"Drasanvi Francia","description":"L\u00edder en complementos alimenticios y cosm\u00e9tica natural.","publisher":{"@id":"https:\/\/drasanvi.com\/fr\/#organization"},"potentialAction":[{"@type":"SearchAction","target":{"@type":"EntryPoint","urlTemplate":"https:\/\/drasanvi.com\/fr\/?s={search_term_string}"},"query-input":{"@type":"PropertyValueSpecification","valueRequired":true,"valueName":"search_term_string"}}],"inLanguage":"fr-FR"},{"@type":"Organization","@id":"https:\/\/drasanvi.com\/fr\/#organization","name":"Drasanvi","url":"https:\/\/drasanvi.com\/fr\/","logo":{"@type":"ImageObject","inLanguage":"fr-FR","@id":"https:\/\/drasanvi.com\/fr\/#\/schema\/logo\/image\/","url":"https:\/\/drasanvi.com\/wp-content\/uploads\/sites\/7\/2021\/07\/logo-drasanvi.png","contentUrl":"https:\/\/drasanvi.com\/wp-content\/uploads\/sites\/7\/2021\/07\/logo-drasanvi.png","width":900,"height":300,"caption":"Drasanvi"},"image":{"@id":"https:\/\/drasanvi.com\/fr\/#\/schema\/logo\/image\/"}}]}},"_links":{"self":[{"href":"https:\/\/drasanvi.com\/fr\/wp-json\/wp\/v2\/product\/14847","targetHints":{"allow":["GET"]}}],"collection":[{"href":"https:\/\/drasanvi.com\/fr\/wp-json\/wp\/v2\/product"}],"about":[{"href":"https:\/\/drasanvi.com\/fr\/wp-json\/wp\/v2\/types\/product"}],"version-history":[{"count":0,"href":"https:\/\/drasanvi.com\/fr\/wp-json\/wp\/v2\/product\/14847\/revisions"}],"wp:featuredmedia":[{"embeddable":true,"href":"https:\/\/drasanvi.com\/fr\/wp-json\/wp\/v2\/media\/20541"}],"wp:attachment":[{"href":"https:\/\/drasanvi.com\/fr\/wp-json\/wp\/v2\/media?parent=14847"}],"wp:term":[{"taxonomy":"product_cat","embeddable":true,"href":"https:\/\/drasanvi.com\/fr\/wp-json\/wp\/v2\/product_cat?post=14847"},{"taxonomy":"product_tag","embeddable":true,"href":"https:\/\/drasanvi.com\/fr\/wp-json\/wp\/v2\/product_tag?post=14847"}],"curies":[{"name":"wp","href":"https:\/\/api.w.org\/{rel}","templated":true}]}}