{"id":14817,"date":"2022-02-28T15:09:09","date_gmt":"2022-02-28T13:09:09","guid":{"rendered":"https:\/\/drasanvi.com\/fr\/?post_type=product&#038;p=14817"},"modified":"2022-03-10T14:14:36","modified_gmt":"2022-03-10T12:14:36","slug":"levadura-roja-de-arroz-30-capsulas-nutrabasicos","status":"publish","type":"product","link":"https:\/\/drasanvi.com\/fr\/producto\/levadura-roja-de-arroz-30-capsulas-nutrabasicos\/","title":{"rendered":"Levadura roja de arroz 30 c\u00e1psulas Nutrabasicos"},"content":{"rendered":"<h2>Ingredientes<\/h2>\n<p>Ingredientes  Cantidad \/ dosis diaria      Levadura Roja de arroz Monascus purpureus con aporte en Monacolina K (4%)  300 mg 12 mg      Otros ingredientes: Hidroxipropilmetilcelulosa, celulosa microcristalina, estearato de magnesio y di\u00f3xido de silicio.        Sin colorantes, az\u00facares y conservantes.<\/p>\n<h2>Modo de uso<\/h2>\n<p>Consumir una c\u00e1psula al d\u00eda con una de las principales comidas. Es recomendable tomar la c\u00e1psula siempre a la misma hora.<\/p>\n<h3>Presentaci\u00f3n<\/h3>\n<p>Envase de 30 c\u00e1psulas de 466 mg. Peso total: 14 g (0.49 oz)<\/p>\n<h3>Advertencias<\/h3>\n<p>Complemento alimenticio a base de levadura roja de arroz.Los complementos alimenticios no deben utilizarse como sustitutivos de una dieta equilibrada. No superar la dosis diaria expresamente recomendada. Mantener fuera del alcance de los ni&ntilde;os m&aacute;s peque&ntilde;os. Conservar en un lugar fresco y seco.<\/p>\n<h2>Informaci\u00f3n adicional<\/h2>\n<p>ingredientes  descripcion  cantidad\/dosis diaria      Levadura roja de arroz  (Monascus purpureus, Monacolina K 4%)  300 mg      Agente de recubrimiento  (Hidroxipropilmetilcelulosa)  96 mg      Agente de carga  (Celulosa microcristalina)  40 mg      Agente de carga  (Estearato de magnesio)  20 mg      Antiaglomerante  (Di\u00f3xido de silicio)  10 mg<\/p>\n","protected":false},"excerpt":{"rendered":"<p>La Levadura Roja de Arroz \u00a0es un producto obtenido a partir de una levadura denominada Monascus purpureus, que crece sobre el arroz. Este arroz fermentado ha servido de alimento, durante siglos, en varios pa\u00edses del continente asi\u00e1tico. La Levadura Roja del Arroz presenta como principios activos llamados monocolinas. De todas ellas, ha sido la monocolina K la que ha demostrado su contribuci\u00f3n a mantener los niveles normales de colesterol. Para poder hacer esta afirmaci\u00f3n, todos los estudios se\u00f1alan un consumo m\u00ednimo de Monocolina K de 10 mg. Las c\u00e1psulas de Drasanvi aportan 12 mg de dicha sustancia por dosis diaria.<br \/><a id=\"boton-ficha\" href=\"https:\/\/panel.drasanvi.com\/fichas\/1\/032050131\" target=\"_blank\" rel=\"noopener\">Ficha t\u00e9cnica<\/a><\/p>\n","protected":false},"featured_media":20271,"template":"","meta":{"inline_featured_image":false},"product_cat":[111],"product_tag":[],"class_list":["post-14817","product","type-product","status-publish","has-post-thumbnail","hentry","product_cat-salud-cardiovascular","pa_contiene-altramuces-no","pa_contiene-apio-no","pa_contiene-cacahuetes-no","pa_contiene-crustaceos-no","pa_contiene-frutos-secos-no","pa_contiene-huevo-no","pa_contiene-leche-no","pa_contiene-moluscos-no","pa_contiene-mostaza-no","pa_contiene-pescado-no","pa_contiene-sesamo-no","pa_contiene-soja-no","pa_producto-bio-no","pa_producto-sin-gluten-si","pa_producto-vegano-si","pa_producto-vegetariano-no"],"yoast_head":"<!-- This site is optimized with the Yoast SEO plugin v27.5 - https:\/\/yoast.com\/product\/yoast-seo-wordpress\/ -->\n<title>Levadura roja de arroz 30 c\u00e1psulas Nutrabasicos - Drasanvi Francia<\/title>\n<meta name=\"robots\" content=\"index, follow, max-snippet:-1, max-image-preview:large, max-video-preview:-1\" \/>\n<link rel=\"canonical\" href=\"https:\/\/drasanvi.com\/fr\/producto\/levadura-roja-de-arroz-30-capsulas-nutrabasicos\/\" \/>\n<meta property=\"og:locale\" content=\"fr_FR\" \/>\n<meta property=\"og:type\" content=\"article\" \/>\n<meta property=\"og:title\" content=\"Levadura roja de arroz 30 c\u00e1psulas Nutrabasicos - Drasanvi Francia\" \/>\n<meta property=\"og:description\" content=\"La Levadura Roja de Arroz \u00a0es un producto obtenido a partir de una levadura denominada Monascus purpureus, que crece sobre el arroz. Este arroz fermentado ha servido de alimento, durante siglos, en varios pa\u00edses del continente asi\u00e1tico. La Levadura Roja del Arroz presenta como principios activos llamados monocolinas. De todas ellas, ha sido la monocolina K la que ha demostrado su contribuci\u00f3n a mantener los niveles normales de colesterol. Para poder hacer esta afirmaci\u00f3n, todos los estudios se\u00f1alan un consumo m\u00ednimo de Monocolina K de 10 mg. Las c\u00e1psulas de Drasanvi aportan 12 mg de dicha sustancia por dosis diaria.Ficha t\u00e9cnica\" \/>\n<meta property=\"og:url\" content=\"https:\/\/drasanvi.com\/fr\/producto\/levadura-roja-de-arroz-30-capsulas-nutrabasicos\/\" \/>\n<meta property=\"og:site_name\" content=\"Drasanvi Francia\" \/>\n<meta property=\"article:modified_time\" content=\"2022-03-10T12:14:36+00:00\" \/>\n<meta property=\"og:image\" content=\"https:\/\/drasanvi.com\/wp-content\/uploads\/sites\/7\/2022\/02\/032050131.png\" \/>\n\t<meta property=\"og:image:width\" content=\"1000\" \/>\n\t<meta property=\"og:image:height\" content=\"1000\" \/>\n\t<meta property=\"og:image:type\" content=\"image\/png\" \/>\n<meta name=\"twitter:card\" content=\"summary_large_image\" \/>\n<script type=\"application\/ld+json\" class=\"yoast-schema-graph\">{\"@context\":\"https:\\\/\\\/schema.org\",\"@graph\":[{\"@type\":\"WebPage\",\"@id\":\"https:\\\/\\\/drasanvi.com\\\/fr\\\/producto\\\/levadura-roja-de-arroz-30-capsulas-nutrabasicos\\\/\",\"url\":\"https:\\\/\\\/drasanvi.com\\\/fr\\\/producto\\\/levadura-roja-de-arroz-30-capsulas-nutrabasicos\\\/\",\"name\":\"Levadura roja de arroz 30 c\u00e1psulas Nutrabasicos - Drasanvi Francia\",\"isPartOf\":{\"@id\":\"https:\\\/\\\/drasanvi.com\\\/fr\\\/#website\"},\"primaryImageOfPage\":{\"@id\":\"https:\\\/\\\/drasanvi.com\\\/fr\\\/producto\\\/levadura-roja-de-arroz-30-capsulas-nutrabasicos\\\/#primaryimage\"},\"image\":{\"@id\":\"https:\\\/\\\/drasanvi.com\\\/fr\\\/producto\\\/levadura-roja-de-arroz-30-capsulas-nutrabasicos\\\/#primaryimage\"},\"thumbnailUrl\":\"https:\\\/\\\/drasanvi.com\\\/fr\\\/wp-content\\\/uploads\\\/sites\\\/7\\\/2022\\\/02\\\/032050131.png\",\"datePublished\":\"2022-02-28T13:09:09+00:00\",\"dateModified\":\"2022-03-10T12:14:36+00:00\",\"breadcrumb\":{\"@id\":\"https:\\\/\\\/drasanvi.com\\\/fr\\\/producto\\\/levadura-roja-de-arroz-30-capsulas-nutrabasicos\\\/#breadcrumb\"},\"inLanguage\":\"fr-FR\",\"potentialAction\":[{\"@type\":\"ReadAction\",\"target\":[\"https:\\\/\\\/drasanvi.com\\\/fr\\\/producto\\\/levadura-roja-de-arroz-30-capsulas-nutrabasicos\\\/\"]}]},{\"@type\":\"ImageObject\",\"inLanguage\":\"fr-FR\",\"@id\":\"https:\\\/\\\/drasanvi.com\\\/fr\\\/producto\\\/levadura-roja-de-arroz-30-capsulas-nutrabasicos\\\/#primaryimage\",\"url\":\"https:\\\/\\\/drasanvi.com\\\/fr\\\/wp-content\\\/uploads\\\/sites\\\/7\\\/2022\\\/02\\\/032050131.png\",\"contentUrl\":\"https:\\\/\\\/drasanvi.com\\\/fr\\\/wp-content\\\/uploads\\\/sites\\\/7\\\/2022\\\/02\\\/032050131.png\",\"width\":1000,\"height\":1000},{\"@type\":\"BreadcrumbList\",\"@id\":\"https:\\\/\\\/drasanvi.com\\\/fr\\\/producto\\\/levadura-roja-de-arroz-30-capsulas-nutrabasicos\\\/#breadcrumb\",\"itemListElement\":[{\"@type\":\"ListItem\",\"position\":1,\"name\":\"Portada\",\"item\":\"https:\\\/\\\/drasanvi.com\\\/fr\\\/\"},{\"@type\":\"ListItem\",\"position\":2,\"name\":\"Tienda\",\"item\":\"https:\\\/\\\/drasanvi.com\\\/fr\\\/tienda\\\/\"},{\"@type\":\"ListItem\",\"position\":3,\"name\":\"Levadura roja de arroz 30 c\u00e1psulas Nutrabasicos\"}]},{\"@type\":\"WebSite\",\"@id\":\"https:\\\/\\\/drasanvi.com\\\/fr\\\/#website\",\"url\":\"https:\\\/\\\/drasanvi.com\\\/fr\\\/\",\"name\":\"Drasanvi Francia\",\"description\":\"L\u00edder en complementos alimenticios y cosm\u00e9tica natural.\",\"publisher\":{\"@id\":\"https:\\\/\\\/drasanvi.com\\\/fr\\\/#organization\"},\"potentialAction\":[{\"@type\":\"SearchAction\",\"target\":{\"@type\":\"EntryPoint\",\"urlTemplate\":\"https:\\\/\\\/drasanvi.com\\\/fr\\\/?s={search_term_string}\"},\"query-input\":{\"@type\":\"PropertyValueSpecification\",\"valueRequired\":true,\"valueName\":\"search_term_string\"}}],\"inLanguage\":\"fr-FR\"},{\"@type\":\"Organization\",\"@id\":\"https:\\\/\\\/drasanvi.com\\\/fr\\\/#organization\",\"name\":\"Drasanvi\",\"url\":\"https:\\\/\\\/drasanvi.com\\\/fr\\\/\",\"logo\":{\"@type\":\"ImageObject\",\"inLanguage\":\"fr-FR\",\"@id\":\"https:\\\/\\\/drasanvi.com\\\/fr\\\/#\\\/schema\\\/logo\\\/image\\\/\",\"url\":\"https:\\\/\\\/drasanvi.com\\\/wp-content\\\/uploads\\\/sites\\\/7\\\/2021\\\/07\\\/logo-drasanvi.png\",\"contentUrl\":\"https:\\\/\\\/drasanvi.com\\\/wp-content\\\/uploads\\\/sites\\\/7\\\/2021\\\/07\\\/logo-drasanvi.png\",\"width\":900,\"height\":300,\"caption\":\"Drasanvi\"},\"image\":{\"@id\":\"https:\\\/\\\/drasanvi.com\\\/fr\\\/#\\\/schema\\\/logo\\\/image\\\/\"}}]}<\/script>\n<!-- \/ Yoast SEO plugin. -->","yoast_head_json":{"title":"Levadura roja de arroz 30 c\u00e1psulas Nutrabasicos - Drasanvi Francia","robots":{"index":"index","follow":"follow","max-snippet":"max-snippet:-1","max-image-preview":"max-image-preview:large","max-video-preview":"max-video-preview:-1"},"canonical":"https:\/\/drasanvi.com\/fr\/producto\/levadura-roja-de-arroz-30-capsulas-nutrabasicos\/","og_locale":"fr_FR","og_type":"article","og_title":"Levadura roja de arroz 30 c\u00e1psulas Nutrabasicos - Drasanvi Francia","og_description":"La Levadura Roja de Arroz \u00a0es un producto obtenido a partir de una levadura denominada Monascus purpureus, que crece sobre el arroz. Este arroz fermentado ha servido de alimento, durante siglos, en varios pa\u00edses del continente asi\u00e1tico. La Levadura Roja del Arroz presenta como principios activos llamados monocolinas. De todas ellas, ha sido la monocolina K la que ha demostrado su contribuci\u00f3n a mantener los niveles normales de colesterol. Para poder hacer esta afirmaci\u00f3n, todos los estudios se\u00f1alan un consumo m\u00ednimo de Monocolina K de 10 mg. Las c\u00e1psulas de Drasanvi aportan 12 mg de dicha sustancia por dosis diaria.Ficha t\u00e9cnica","og_url":"https:\/\/drasanvi.com\/fr\/producto\/levadura-roja-de-arroz-30-capsulas-nutrabasicos\/","og_site_name":"Drasanvi Francia","article_modified_time":"2022-03-10T12:14:36+00:00","og_image":[{"width":1000,"height":1000,"url":"https:\/\/drasanvi.com\/wp-content\/uploads\/sites\/7\/2022\/02\/032050131.png","type":"image\/png"}],"twitter_card":"summary_large_image","schema":{"@context":"https:\/\/schema.org","@graph":[{"@type":"WebPage","@id":"https:\/\/drasanvi.com\/fr\/producto\/levadura-roja-de-arroz-30-capsulas-nutrabasicos\/","url":"https:\/\/drasanvi.com\/fr\/producto\/levadura-roja-de-arroz-30-capsulas-nutrabasicos\/","name":"Levadura roja de arroz 30 c\u00e1psulas Nutrabasicos - Drasanvi Francia","isPartOf":{"@id":"https:\/\/drasanvi.com\/fr\/#website"},"primaryImageOfPage":{"@id":"https:\/\/drasanvi.com\/fr\/producto\/levadura-roja-de-arroz-30-capsulas-nutrabasicos\/#primaryimage"},"image":{"@id":"https:\/\/drasanvi.com\/fr\/producto\/levadura-roja-de-arroz-30-capsulas-nutrabasicos\/#primaryimage"},"thumbnailUrl":"https:\/\/drasanvi.com\/fr\/wp-content\/uploads\/sites\/7\/2022\/02\/032050131.png","datePublished":"2022-02-28T13:09:09+00:00","dateModified":"2022-03-10T12:14:36+00:00","breadcrumb":{"@id":"https:\/\/drasanvi.com\/fr\/producto\/levadura-roja-de-arroz-30-capsulas-nutrabasicos\/#breadcrumb"},"inLanguage":"fr-FR","potentialAction":[{"@type":"ReadAction","target":["https:\/\/drasanvi.com\/fr\/producto\/levadura-roja-de-arroz-30-capsulas-nutrabasicos\/"]}]},{"@type":"ImageObject","inLanguage":"fr-FR","@id":"https:\/\/drasanvi.com\/fr\/producto\/levadura-roja-de-arroz-30-capsulas-nutrabasicos\/#primaryimage","url":"https:\/\/drasanvi.com\/fr\/wp-content\/uploads\/sites\/7\/2022\/02\/032050131.png","contentUrl":"https:\/\/drasanvi.com\/fr\/wp-content\/uploads\/sites\/7\/2022\/02\/032050131.png","width":1000,"height":1000},{"@type":"BreadcrumbList","@id":"https:\/\/drasanvi.com\/fr\/producto\/levadura-roja-de-arroz-30-capsulas-nutrabasicos\/#breadcrumb","itemListElement":[{"@type":"ListItem","position":1,"name":"Portada","item":"https:\/\/drasanvi.com\/fr\/"},{"@type":"ListItem","position":2,"name":"Tienda","item":"https:\/\/drasanvi.com\/fr\/tienda\/"},{"@type":"ListItem","position":3,"name":"Levadura roja de arroz 30 c\u00e1psulas Nutrabasicos"}]},{"@type":"WebSite","@id":"https:\/\/drasanvi.com\/fr\/#website","url":"https:\/\/drasanvi.com\/fr\/","name":"Drasanvi Francia","description":"L\u00edder en complementos alimenticios y cosm\u00e9tica natural.","publisher":{"@id":"https:\/\/drasanvi.com\/fr\/#organization"},"potentialAction":[{"@type":"SearchAction","target":{"@type":"EntryPoint","urlTemplate":"https:\/\/drasanvi.com\/fr\/?s={search_term_string}"},"query-input":{"@type":"PropertyValueSpecification","valueRequired":true,"valueName":"search_term_string"}}],"inLanguage":"fr-FR"},{"@type":"Organization","@id":"https:\/\/drasanvi.com\/fr\/#organization","name":"Drasanvi","url":"https:\/\/drasanvi.com\/fr\/","logo":{"@type":"ImageObject","inLanguage":"fr-FR","@id":"https:\/\/drasanvi.com\/fr\/#\/schema\/logo\/image\/","url":"https:\/\/drasanvi.com\/wp-content\/uploads\/sites\/7\/2021\/07\/logo-drasanvi.png","contentUrl":"https:\/\/drasanvi.com\/wp-content\/uploads\/sites\/7\/2021\/07\/logo-drasanvi.png","width":900,"height":300,"caption":"Drasanvi"},"image":{"@id":"https:\/\/drasanvi.com\/fr\/#\/schema\/logo\/image\/"}}]}},"_links":{"self":[{"href":"https:\/\/drasanvi.com\/fr\/wp-json\/wp\/v2\/product\/14817","targetHints":{"allow":["GET"]}}],"collection":[{"href":"https:\/\/drasanvi.com\/fr\/wp-json\/wp\/v2\/product"}],"about":[{"href":"https:\/\/drasanvi.com\/fr\/wp-json\/wp\/v2\/types\/product"}],"version-history":[{"count":0,"href":"https:\/\/drasanvi.com\/fr\/wp-json\/wp\/v2\/product\/14817\/revisions"}],"wp:featuredmedia":[{"embeddable":true,"href":"https:\/\/drasanvi.com\/fr\/wp-json\/wp\/v2\/media\/20271"}],"wp:attachment":[{"href":"https:\/\/drasanvi.com\/fr\/wp-json\/wp\/v2\/media?parent=14817"}],"wp:term":[{"taxonomy":"product_cat","embeddable":true,"href":"https:\/\/drasanvi.com\/fr\/wp-json\/wp\/v2\/product_cat?post=14817"},{"taxonomy":"product_tag","embeddable":true,"href":"https:\/\/drasanvi.com\/fr\/wp-json\/wp\/v2\/product_tag?post=14817"}],"curies":[{"name":"wp","href":"https:\/\/api.w.org\/{rel}","templated":true}]}}