{"id":14629,"date":"2022-02-28T15:06:57","date_gmt":"2022-02-28T13:06:57","guid":{"rendered":"https:\/\/drasanvi.com\/fr\/?post_type=product&#038;p=14629"},"modified":"2022-03-10T14:14:34","modified_gmt":"2022-03-10T12:14:34","slug":"ginseng-coreano-60-capsulas-nutrabasicos","status":"publish","type":"product","link":"https:\/\/drasanvi.com\/fr\/producto\/ginseng-coreano-60-capsulas-nutrabasicos\/","title":{"rendered":"Ginseng Coreano 60 c\u00e1psulas Nutrabasicos"},"content":{"rendered":"<h2>Ingredientes<\/h2>\n<p>Ingredientes  Cantidad \/ dosis diaria      Extracto seco de Ginseng coreano Panax ginseng C.A. Meyer (Ratio 3:1) con aporte en Ginsen\u00f3sidos (4%)  600 mg24 mg      Otros ingredientes: Hidroxipropilmetilcelulosa, celulosa microcristalina, estearato de magnesio y di\u00f3xido de silicio.        Sin colorantes, az\u00facares a\u00f1adidos ni conservantes.<\/p>\n<h2>Modo de uso<\/h2>\n<p>Tomar dos c\u00e1psulas al d\u00eda, repartidas en las principales comidas.<\/p>\n<h3>Presentaci\u00f3n<\/h3>\n<p>Envase de 60 c\u00e1psulas de 546 mg. Peso total: 32.76 g (1.15 oz).<\/p>\n<h3>Advertencias<\/h3>\n<p>Complemento alimenticio a base de plantas.No superar la dosis diaria expresamente recomendada; Los complementos alimenticios no deben utilizarse como sustituto de una dieta equilibrada; Mantener fuera del alcance de los ni&ntilde;os m&aacute;s peque&ntilde;os. Conservar en un lugar fresco y seco.<\/p>\n<h2>Informaci\u00f3n adicional<\/h2>\n<p>ingredientes  descripcion  cantidad\/dosis diaria      Extracto seco Ginseng  (Panax ginseng C.A. Meyer, Ratio 3:1,Ginsen\u00f3sidos 4%)  600 mg      Agente de carga  (Celulosa microcristalina)  200 mg      Agente de recubrimiento  (Hidroxipropilmetilcelulosa)  192 mg      Agente de carga  (Estearato de magnesio)  80 mg      Antiaglomerante  (Di\u00f3xido de magnesio)  20 mg<\/p>\n","protected":false},"excerpt":{"rendered":"<p>El ginseng coreano es una planta de la cual se aprovecha la ra\u00edz. Las ra\u00edces necesitan m\u00e1s a\u00f1os de crecimiento para concentrar una mayor cantidad de principio activo. El ginseng coreano ayuda a mantener la energ\u00eda, la vitalidad y el bienestar mental.\u00a0 Una vez alcanzada la madurez \u00f3ptima para la recolecci\u00f3n (que puede transcurrir varios a\u00f1os), la ra\u00edz del ginseng es arrancada para eliminar, posteriormente, los restos de tierra. Despu\u00e9s, se calienta para retirar los tegumentos y proceder a la extracci\u00f3n de principios activos.<br \/><a id=\"boton-ficha\" href=\"https:\/\/panel.drasanvi.com\/fichas\/1\/032050127\" target=\"_blank\" rel=\"noopener\">Ficha t\u00e9cnica<\/a><\/p>\n","protected":false},"featured_media":20155,"template":"","meta":{"inline_featured_image":false},"product_cat":[99],"product_tag":[],"class_list":["post-14629","product","type-product","status-publish","has-post-thumbnail","hentry","product_cat-energia-vitalidad","pa_contiene-altramuces-no","pa_contiene-apio-no","pa_contiene-cacahuetes-no","pa_contiene-crustaceos-no","pa_contiene-frutos-secos-no","pa_contiene-huevo-no","pa_contiene-leche-no","pa_contiene-moluscos-no","pa_contiene-mostaza-no","pa_contiene-pescado-no","pa_contiene-sesamo-no","pa_contiene-soja-no","pa_producto-bio-no","pa_producto-sin-gluten-si","pa_producto-vegano-si","pa_producto-vegetariano-no"],"yoast_head":"<!-- This site is optimized with the Yoast SEO plugin v27.4 - https:\/\/yoast.com\/product\/yoast-seo-wordpress\/ -->\n<title>Ginseng Coreano 60 c\u00e1psulas Nutrabasicos - Drasanvi Francia<\/title>\n<meta name=\"robots\" content=\"index, follow, max-snippet:-1, max-image-preview:large, max-video-preview:-1\" \/>\n<link rel=\"canonical\" href=\"https:\/\/drasanvi.com\/fr\/producto\/ginseng-coreano-60-capsulas-nutrabasicos\/\" \/>\n<meta property=\"og:locale\" content=\"fr_FR\" \/>\n<meta property=\"og:type\" content=\"article\" \/>\n<meta property=\"og:title\" content=\"Ginseng Coreano 60 c\u00e1psulas Nutrabasicos - Drasanvi Francia\" \/>\n<meta property=\"og:description\" content=\"El ginseng coreano es una planta de la cual se aprovecha la ra\u00edz. Las ra\u00edces necesitan m\u00e1s a\u00f1os de crecimiento para concentrar una mayor cantidad de principio activo. El ginseng coreano ayuda a mantener la energ\u00eda, la vitalidad y el bienestar mental.\u00a0 Una vez alcanzada la madurez \u00f3ptima para la recolecci\u00f3n (que puede transcurrir varios a\u00f1os), la ra\u00edz del ginseng es arrancada para eliminar, posteriormente, los restos de tierra. Despu\u00e9s, se calienta para retirar los tegumentos y proceder a la extracci\u00f3n de principios activos.Ficha t\u00e9cnica\" \/>\n<meta property=\"og:url\" content=\"https:\/\/drasanvi.com\/fr\/producto\/ginseng-coreano-60-capsulas-nutrabasicos\/\" \/>\n<meta property=\"og:site_name\" content=\"Drasanvi Francia\" \/>\n<meta property=\"article:modified_time\" content=\"2022-03-10T12:14:34+00:00\" \/>\n<meta property=\"og:image\" content=\"https:\/\/drasanvi.com\/wp-content\/uploads\/sites\/7\/2022\/02\/032050127.png\" \/>\n\t<meta property=\"og:image:width\" content=\"1000\" \/>\n\t<meta property=\"og:image:height\" content=\"1000\" \/>\n\t<meta property=\"og:image:type\" content=\"image\/png\" \/>\n<meta name=\"twitter:card\" content=\"summary_large_image\" \/>\n<script type=\"application\/ld+json\" class=\"yoast-schema-graph\">{\"@context\":\"https:\\\/\\\/schema.org\",\"@graph\":[{\"@type\":\"WebPage\",\"@id\":\"https:\\\/\\\/drasanvi.com\\\/fr\\\/producto\\\/ginseng-coreano-60-capsulas-nutrabasicos\\\/\",\"url\":\"https:\\\/\\\/drasanvi.com\\\/fr\\\/producto\\\/ginseng-coreano-60-capsulas-nutrabasicos\\\/\",\"name\":\"Ginseng Coreano 60 c\u00e1psulas Nutrabasicos - Drasanvi Francia\",\"isPartOf\":{\"@id\":\"https:\\\/\\\/drasanvi.com\\\/fr\\\/#website\"},\"primaryImageOfPage\":{\"@id\":\"https:\\\/\\\/drasanvi.com\\\/fr\\\/producto\\\/ginseng-coreano-60-capsulas-nutrabasicos\\\/#primaryimage\"},\"image\":{\"@id\":\"https:\\\/\\\/drasanvi.com\\\/fr\\\/producto\\\/ginseng-coreano-60-capsulas-nutrabasicos\\\/#primaryimage\"},\"thumbnailUrl\":\"https:\\\/\\\/drasanvi.com\\\/fr\\\/wp-content\\\/uploads\\\/sites\\\/7\\\/2022\\\/02\\\/032050127.png\",\"datePublished\":\"2022-02-28T13:06:57+00:00\",\"dateModified\":\"2022-03-10T12:14:34+00:00\",\"breadcrumb\":{\"@id\":\"https:\\\/\\\/drasanvi.com\\\/fr\\\/producto\\\/ginseng-coreano-60-capsulas-nutrabasicos\\\/#breadcrumb\"},\"inLanguage\":\"fr-FR\",\"potentialAction\":[{\"@type\":\"ReadAction\",\"target\":[\"https:\\\/\\\/drasanvi.com\\\/fr\\\/producto\\\/ginseng-coreano-60-capsulas-nutrabasicos\\\/\"]}]},{\"@type\":\"ImageObject\",\"inLanguage\":\"fr-FR\",\"@id\":\"https:\\\/\\\/drasanvi.com\\\/fr\\\/producto\\\/ginseng-coreano-60-capsulas-nutrabasicos\\\/#primaryimage\",\"url\":\"https:\\\/\\\/drasanvi.com\\\/fr\\\/wp-content\\\/uploads\\\/sites\\\/7\\\/2022\\\/02\\\/032050127.png\",\"contentUrl\":\"https:\\\/\\\/drasanvi.com\\\/fr\\\/wp-content\\\/uploads\\\/sites\\\/7\\\/2022\\\/02\\\/032050127.png\",\"width\":1000,\"height\":1000},{\"@type\":\"BreadcrumbList\",\"@id\":\"https:\\\/\\\/drasanvi.com\\\/fr\\\/producto\\\/ginseng-coreano-60-capsulas-nutrabasicos\\\/#breadcrumb\",\"itemListElement\":[{\"@type\":\"ListItem\",\"position\":1,\"name\":\"Portada\",\"item\":\"https:\\\/\\\/drasanvi.com\\\/fr\\\/\"},{\"@type\":\"ListItem\",\"position\":2,\"name\":\"Tienda\",\"item\":\"https:\\\/\\\/drasanvi.com\\\/fr\\\/tienda\\\/\"},{\"@type\":\"ListItem\",\"position\":3,\"name\":\"Ginseng Coreano 60 c\u00e1psulas Nutrabasicos\"}]},{\"@type\":\"WebSite\",\"@id\":\"https:\\\/\\\/drasanvi.com\\\/fr\\\/#website\",\"url\":\"https:\\\/\\\/drasanvi.com\\\/fr\\\/\",\"name\":\"Drasanvi Francia\",\"description\":\"L\u00edder en complementos alimenticios y cosm\u00e9tica natural.\",\"publisher\":{\"@id\":\"https:\\\/\\\/drasanvi.com\\\/fr\\\/#organization\"},\"potentialAction\":[{\"@type\":\"SearchAction\",\"target\":{\"@type\":\"EntryPoint\",\"urlTemplate\":\"https:\\\/\\\/drasanvi.com\\\/fr\\\/?s={search_term_string}\"},\"query-input\":{\"@type\":\"PropertyValueSpecification\",\"valueRequired\":true,\"valueName\":\"search_term_string\"}}],\"inLanguage\":\"fr-FR\"},{\"@type\":\"Organization\",\"@id\":\"https:\\\/\\\/drasanvi.com\\\/fr\\\/#organization\",\"name\":\"Drasanvi\",\"url\":\"https:\\\/\\\/drasanvi.com\\\/fr\\\/\",\"logo\":{\"@type\":\"ImageObject\",\"inLanguage\":\"fr-FR\",\"@id\":\"https:\\\/\\\/drasanvi.com\\\/fr\\\/#\\\/schema\\\/logo\\\/image\\\/\",\"url\":\"https:\\\/\\\/drasanvi.com\\\/wp-content\\\/uploads\\\/sites\\\/7\\\/2021\\\/07\\\/logo-drasanvi.png\",\"contentUrl\":\"https:\\\/\\\/drasanvi.com\\\/wp-content\\\/uploads\\\/sites\\\/7\\\/2021\\\/07\\\/logo-drasanvi.png\",\"width\":900,\"height\":300,\"caption\":\"Drasanvi\"},\"image\":{\"@id\":\"https:\\\/\\\/drasanvi.com\\\/fr\\\/#\\\/schema\\\/logo\\\/image\\\/\"}}]}<\/script>\n<!-- \/ Yoast SEO plugin. -->","yoast_head_json":{"title":"Ginseng Coreano 60 c\u00e1psulas Nutrabasicos - Drasanvi Francia","robots":{"index":"index","follow":"follow","max-snippet":"max-snippet:-1","max-image-preview":"max-image-preview:large","max-video-preview":"max-video-preview:-1"},"canonical":"https:\/\/drasanvi.com\/fr\/producto\/ginseng-coreano-60-capsulas-nutrabasicos\/","og_locale":"fr_FR","og_type":"article","og_title":"Ginseng Coreano 60 c\u00e1psulas Nutrabasicos - Drasanvi Francia","og_description":"El ginseng coreano es una planta de la cual se aprovecha la ra\u00edz. Las ra\u00edces necesitan m\u00e1s a\u00f1os de crecimiento para concentrar una mayor cantidad de principio activo. El ginseng coreano ayuda a mantener la energ\u00eda, la vitalidad y el bienestar mental.\u00a0 Una vez alcanzada la madurez \u00f3ptima para la recolecci\u00f3n (que puede transcurrir varios a\u00f1os), la ra\u00edz del ginseng es arrancada para eliminar, posteriormente, los restos de tierra. Despu\u00e9s, se calienta para retirar los tegumentos y proceder a la extracci\u00f3n de principios activos.Ficha t\u00e9cnica","og_url":"https:\/\/drasanvi.com\/fr\/producto\/ginseng-coreano-60-capsulas-nutrabasicos\/","og_site_name":"Drasanvi Francia","article_modified_time":"2022-03-10T12:14:34+00:00","og_image":[{"width":1000,"height":1000,"url":"https:\/\/drasanvi.com\/wp-content\/uploads\/sites\/7\/2022\/02\/032050127.png","type":"image\/png"}],"twitter_card":"summary_large_image","schema":{"@context":"https:\/\/schema.org","@graph":[{"@type":"WebPage","@id":"https:\/\/drasanvi.com\/fr\/producto\/ginseng-coreano-60-capsulas-nutrabasicos\/","url":"https:\/\/drasanvi.com\/fr\/producto\/ginseng-coreano-60-capsulas-nutrabasicos\/","name":"Ginseng Coreano 60 c\u00e1psulas Nutrabasicos - Drasanvi Francia","isPartOf":{"@id":"https:\/\/drasanvi.com\/fr\/#website"},"primaryImageOfPage":{"@id":"https:\/\/drasanvi.com\/fr\/producto\/ginseng-coreano-60-capsulas-nutrabasicos\/#primaryimage"},"image":{"@id":"https:\/\/drasanvi.com\/fr\/producto\/ginseng-coreano-60-capsulas-nutrabasicos\/#primaryimage"},"thumbnailUrl":"https:\/\/drasanvi.com\/fr\/wp-content\/uploads\/sites\/7\/2022\/02\/032050127.png","datePublished":"2022-02-28T13:06:57+00:00","dateModified":"2022-03-10T12:14:34+00:00","breadcrumb":{"@id":"https:\/\/drasanvi.com\/fr\/producto\/ginseng-coreano-60-capsulas-nutrabasicos\/#breadcrumb"},"inLanguage":"fr-FR","potentialAction":[{"@type":"ReadAction","target":["https:\/\/drasanvi.com\/fr\/producto\/ginseng-coreano-60-capsulas-nutrabasicos\/"]}]},{"@type":"ImageObject","inLanguage":"fr-FR","@id":"https:\/\/drasanvi.com\/fr\/producto\/ginseng-coreano-60-capsulas-nutrabasicos\/#primaryimage","url":"https:\/\/drasanvi.com\/fr\/wp-content\/uploads\/sites\/7\/2022\/02\/032050127.png","contentUrl":"https:\/\/drasanvi.com\/fr\/wp-content\/uploads\/sites\/7\/2022\/02\/032050127.png","width":1000,"height":1000},{"@type":"BreadcrumbList","@id":"https:\/\/drasanvi.com\/fr\/producto\/ginseng-coreano-60-capsulas-nutrabasicos\/#breadcrumb","itemListElement":[{"@type":"ListItem","position":1,"name":"Portada","item":"https:\/\/drasanvi.com\/fr\/"},{"@type":"ListItem","position":2,"name":"Tienda","item":"https:\/\/drasanvi.com\/fr\/tienda\/"},{"@type":"ListItem","position":3,"name":"Ginseng Coreano 60 c\u00e1psulas Nutrabasicos"}]},{"@type":"WebSite","@id":"https:\/\/drasanvi.com\/fr\/#website","url":"https:\/\/drasanvi.com\/fr\/","name":"Drasanvi Francia","description":"L\u00edder en complementos alimenticios y cosm\u00e9tica natural.","publisher":{"@id":"https:\/\/drasanvi.com\/fr\/#organization"},"potentialAction":[{"@type":"SearchAction","target":{"@type":"EntryPoint","urlTemplate":"https:\/\/drasanvi.com\/fr\/?s={search_term_string}"},"query-input":{"@type":"PropertyValueSpecification","valueRequired":true,"valueName":"search_term_string"}}],"inLanguage":"fr-FR"},{"@type":"Organization","@id":"https:\/\/drasanvi.com\/fr\/#organization","name":"Drasanvi","url":"https:\/\/drasanvi.com\/fr\/","logo":{"@type":"ImageObject","inLanguage":"fr-FR","@id":"https:\/\/drasanvi.com\/fr\/#\/schema\/logo\/image\/","url":"https:\/\/drasanvi.com\/wp-content\/uploads\/sites\/7\/2021\/07\/logo-drasanvi.png","contentUrl":"https:\/\/drasanvi.com\/wp-content\/uploads\/sites\/7\/2021\/07\/logo-drasanvi.png","width":900,"height":300,"caption":"Drasanvi"},"image":{"@id":"https:\/\/drasanvi.com\/fr\/#\/schema\/logo\/image\/"}}]}},"_links":{"self":[{"href":"https:\/\/drasanvi.com\/fr\/wp-json\/wp\/v2\/product\/14629","targetHints":{"allow":["GET"]}}],"collection":[{"href":"https:\/\/drasanvi.com\/fr\/wp-json\/wp\/v2\/product"}],"about":[{"href":"https:\/\/drasanvi.com\/fr\/wp-json\/wp\/v2\/types\/product"}],"version-history":[{"count":0,"href":"https:\/\/drasanvi.com\/fr\/wp-json\/wp\/v2\/product\/14629\/revisions"}],"wp:featuredmedia":[{"embeddable":true,"href":"https:\/\/drasanvi.com\/fr\/wp-json\/wp\/v2\/media\/20155"}],"wp:attachment":[{"href":"https:\/\/drasanvi.com\/fr\/wp-json\/wp\/v2\/media?parent=14629"}],"wp:term":[{"taxonomy":"product_cat","embeddable":true,"href":"https:\/\/drasanvi.com\/fr\/wp-json\/wp\/v2\/product_cat?post=14629"},{"taxonomy":"product_tag","embeddable":true,"href":"https:\/\/drasanvi.com\/fr\/wp-json\/wp\/v2\/product_tag?post=14629"}],"curies":[{"name":"wp","href":"https:\/\/api.w.org\/{rel}","templated":true}]}}