{"id":14607,"date":"2022-02-28T15:03:43","date_gmt":"2022-02-28T13:03:43","guid":{"rendered":"https:\/\/drasanvi.com\/fr\/?post_type=product&#038;p=14607"},"modified":"2022-03-10T14:14:32","modified_gmt":"2022-03-10T12:14:32","slug":"condroitina-y-glucosamina-48-capsulas-nutrabasicos","status":"publish","type":"product","link":"https:\/\/drasanvi.com\/fr\/producto\/condroitina-y-glucosamina-48-capsulas-nutrabasicos\/","title":{"rendered":"Condroitina y glucosamina 48 c\u00e1psulas Nutrabasicos"},"content":{"rendered":"<h2>Ingredientes<\/h2>\n<p>Ingrediente  Cantidad por dosis diaria      D-glucosamina HCL  1000 mg      Sulfato de CondroitinaProcedencia marina\u00a0  400 mg      Otros ingredientes: Hidroxipropilmetilcelulosa, celulosa microcristalina, estearato de magnesio y di\u00f3xido de silicio        Sin colorantes, conservantes ni az\u00facares a\u00f1adidos.<\/p>\n<h2>Modo de uso<\/h2>\n<p>Tomar dos c\u00e1psulas al d\u00eda, preferiblemente, en comidas principales<\/p>\n<h3>Presentaci\u00f3n<\/h3>\n<p>Envase de 48 c\u00e1psulas vegetales de 865 mg. Peso total: 41,52 g (1,47 oz).<\/p>\n<h3>Advertencias<\/h3>\n<p>Complemento alimenticio a base de Condroitina y Glucosamina.Los complementos alimenticios no deben utilizarse como sustitutivos de una dieta equilibrada. No superar la dosis diaria expresamente recomendada. Mantener fuera del alcance de los ni&ntilde;os m&aacute;s peque&ntilde;os. Conservar en un lugar fresco y seco. No debe ser consumido por mujeres embarazadas o en periodo de lactancia, ni ni&ntilde;os ni por adolescentes.<\/p>\n<h2>Informaci\u00f3n adicional<\/h2>\n<p>ingredientes  descripcion  cantidad\/dosis diaria        D-Glucosamina HCL    (Contiene crust\u00e1ceo)  1000 mg        Sulfato de Condroitina    (Contiene pescado, Procedencia marina)  400 mg      Agente de recubrimiento  (Hidroxipropilmetilcelulosa)  260 mg      Agente de carga  (Celulosa microcristalina)  50 mg      Agente de carga  (Estearato de magnesio)  10 mg      Antiaglomerante  (Di\u00f3xido de silicio)  10 mg<\/p>\n","protected":false},"excerpt":{"rendered":"<p>La condroitina y la glucosamina son dos sustancias ampliamente utilizadas y conocidas. La condroitina, tambi\u00e9n conocida como condroit\u00edn sulfato, se trata de una sustancia que generalmente se encuentra asociado a prote\u00ednas. Esta asociaci\u00f3n forma agregados de alto peso molecular, denominados proteoglicanos (una de las dos sustancias mayoritarias de cart\u00edlago articular). La condroitina de Drasanvi es de origen marino. El Clorhidrato de glucosamina, conocido como glucosamina, es un aminoaz\u00facar que participa en la glicosilaci\u00f3n de algunas prote\u00ednas y l\u00edpidos. Esto la convierte en un precursor de glicosaminoglicanos, glucol\u00edpidos y proteoglicanos (una de las dos sustancias mayoritarias del cart\u00edlago articular). La glucosamina utilizada en nuestras c\u00e1psulas es HCl.<br \/><a id=\"boton-ficha\" href=\"https:\/\/panel.drasanvi.com\/fichas\/1\/032050147\" target=\"_blank\" rel=\"noopener\">Ficha t\u00e9cnica<\/a><\/p>\n","protected":false},"featured_media":19992,"template":"","meta":{"inline_featured_image":false},"product_cat":[101],"product_tag":[],"class_list":["post-14607","product","type-product","status-publish","has-post-thumbnail","hentry","product_cat-huesos-articulaciones","pa_contiene-altramuces-no","pa_contiene-apio-no","pa_contiene-cacahuetes-no","pa_contiene-crustaceos-si","pa_contiene-frutos-secos-no","pa_contiene-huevo-no","pa_contiene-leche-no","pa_contiene-moluscos-no","pa_contiene-mostaza-no","pa_contiene-pescado-si","pa_contiene-sesamo-no","pa_contiene-soja-no","pa_producto-bio-no","pa_producto-sin-gluten-si","pa_producto-vegano-no","pa_producto-vegetariano-no"],"yoast_head":"<!-- This site is optimized with the Yoast SEO plugin v27.4 - https:\/\/yoast.com\/product\/yoast-seo-wordpress\/ -->\n<title>Condroitina y glucosamina 48 c\u00e1psulas Nutrabasicos - Drasanvi Francia<\/title>\n<meta name=\"robots\" content=\"index, follow, max-snippet:-1, max-image-preview:large, max-video-preview:-1\" \/>\n<link rel=\"canonical\" href=\"https:\/\/drasanvi.com\/fr\/producto\/condroitina-y-glucosamina-48-capsulas-nutrabasicos\/\" \/>\n<meta property=\"og:locale\" content=\"fr_FR\" \/>\n<meta property=\"og:type\" content=\"article\" \/>\n<meta property=\"og:title\" content=\"Condroitina y glucosamina 48 c\u00e1psulas Nutrabasicos - Drasanvi Francia\" \/>\n<meta property=\"og:description\" content=\"La condroitina y la glucosamina son dos sustancias ampliamente utilizadas y conocidas. La condroitina, tambi\u00e9n conocida como condroit\u00edn sulfato, se trata de una sustancia que generalmente se encuentra asociado a prote\u00ednas. Esta asociaci\u00f3n forma agregados de alto peso molecular, denominados proteoglicanos (una de las dos sustancias mayoritarias de cart\u00edlago articular). La condroitina de Drasanvi es de origen marino. El Clorhidrato de glucosamina, conocido como glucosamina, es un aminoaz\u00facar que participa en la glicosilaci\u00f3n de algunas prote\u00ednas y l\u00edpidos. Esto la convierte en un precursor de glicosaminoglicanos, glucol\u00edpidos y proteoglicanos (una de las dos sustancias mayoritarias del cart\u00edlago articular). La glucosamina utilizada en nuestras c\u00e1psulas es HCl.Ficha t\u00e9cnica\" \/>\n<meta property=\"og:url\" content=\"https:\/\/drasanvi.com\/fr\/producto\/condroitina-y-glucosamina-48-capsulas-nutrabasicos\/\" \/>\n<meta property=\"og:site_name\" content=\"Drasanvi Francia\" \/>\n<meta property=\"article:modified_time\" content=\"2022-03-10T12:14:32+00:00\" \/>\n<meta property=\"og:image\" content=\"https:\/\/drasanvi.com\/wp-content\/uploads\/sites\/7\/2022\/02\/032050147.png\" \/>\n\t<meta property=\"og:image:width\" content=\"1000\" \/>\n\t<meta property=\"og:image:height\" content=\"1000\" \/>\n\t<meta property=\"og:image:type\" content=\"image\/png\" \/>\n<meta name=\"twitter:card\" content=\"summary_large_image\" \/>\n<script type=\"application\/ld+json\" class=\"yoast-schema-graph\">{\"@context\":\"https:\\\/\\\/schema.org\",\"@graph\":[{\"@type\":\"WebPage\",\"@id\":\"https:\\\/\\\/drasanvi.com\\\/fr\\\/producto\\\/condroitina-y-glucosamina-48-capsulas-nutrabasicos\\\/\",\"url\":\"https:\\\/\\\/drasanvi.com\\\/fr\\\/producto\\\/condroitina-y-glucosamina-48-capsulas-nutrabasicos\\\/\",\"name\":\"Condroitina y glucosamina 48 c\u00e1psulas Nutrabasicos - Drasanvi Francia\",\"isPartOf\":{\"@id\":\"https:\\\/\\\/drasanvi.com\\\/fr\\\/#website\"},\"primaryImageOfPage\":{\"@id\":\"https:\\\/\\\/drasanvi.com\\\/fr\\\/producto\\\/condroitina-y-glucosamina-48-capsulas-nutrabasicos\\\/#primaryimage\"},\"image\":{\"@id\":\"https:\\\/\\\/drasanvi.com\\\/fr\\\/producto\\\/condroitina-y-glucosamina-48-capsulas-nutrabasicos\\\/#primaryimage\"},\"thumbnailUrl\":\"https:\\\/\\\/drasanvi.com\\\/fr\\\/wp-content\\\/uploads\\\/sites\\\/7\\\/2022\\\/02\\\/032050147.png\",\"datePublished\":\"2022-02-28T13:03:43+00:00\",\"dateModified\":\"2022-03-10T12:14:32+00:00\",\"breadcrumb\":{\"@id\":\"https:\\\/\\\/drasanvi.com\\\/fr\\\/producto\\\/condroitina-y-glucosamina-48-capsulas-nutrabasicos\\\/#breadcrumb\"},\"inLanguage\":\"fr-FR\",\"potentialAction\":[{\"@type\":\"ReadAction\",\"target\":[\"https:\\\/\\\/drasanvi.com\\\/fr\\\/producto\\\/condroitina-y-glucosamina-48-capsulas-nutrabasicos\\\/\"]}]},{\"@type\":\"ImageObject\",\"inLanguage\":\"fr-FR\",\"@id\":\"https:\\\/\\\/drasanvi.com\\\/fr\\\/producto\\\/condroitina-y-glucosamina-48-capsulas-nutrabasicos\\\/#primaryimage\",\"url\":\"https:\\\/\\\/drasanvi.com\\\/fr\\\/wp-content\\\/uploads\\\/sites\\\/7\\\/2022\\\/02\\\/032050147.png\",\"contentUrl\":\"https:\\\/\\\/drasanvi.com\\\/fr\\\/wp-content\\\/uploads\\\/sites\\\/7\\\/2022\\\/02\\\/032050147.png\",\"width\":1000,\"height\":1000},{\"@type\":\"BreadcrumbList\",\"@id\":\"https:\\\/\\\/drasanvi.com\\\/fr\\\/producto\\\/condroitina-y-glucosamina-48-capsulas-nutrabasicos\\\/#breadcrumb\",\"itemListElement\":[{\"@type\":\"ListItem\",\"position\":1,\"name\":\"Portada\",\"item\":\"https:\\\/\\\/drasanvi.com\\\/fr\\\/\"},{\"@type\":\"ListItem\",\"position\":2,\"name\":\"Tienda\",\"item\":\"https:\\\/\\\/drasanvi.com\\\/fr\\\/tienda\\\/\"},{\"@type\":\"ListItem\",\"position\":3,\"name\":\"Condroitina y glucosamina 48 c\u00e1psulas Nutrabasicos\"}]},{\"@type\":\"WebSite\",\"@id\":\"https:\\\/\\\/drasanvi.com\\\/fr\\\/#website\",\"url\":\"https:\\\/\\\/drasanvi.com\\\/fr\\\/\",\"name\":\"Drasanvi Francia\",\"description\":\"L\u00edder en complementos alimenticios y cosm\u00e9tica natural.\",\"publisher\":{\"@id\":\"https:\\\/\\\/drasanvi.com\\\/fr\\\/#organization\"},\"potentialAction\":[{\"@type\":\"SearchAction\",\"target\":{\"@type\":\"EntryPoint\",\"urlTemplate\":\"https:\\\/\\\/drasanvi.com\\\/fr\\\/?s={search_term_string}\"},\"query-input\":{\"@type\":\"PropertyValueSpecification\",\"valueRequired\":true,\"valueName\":\"search_term_string\"}}],\"inLanguage\":\"fr-FR\"},{\"@type\":\"Organization\",\"@id\":\"https:\\\/\\\/drasanvi.com\\\/fr\\\/#organization\",\"name\":\"Drasanvi\",\"url\":\"https:\\\/\\\/drasanvi.com\\\/fr\\\/\",\"logo\":{\"@type\":\"ImageObject\",\"inLanguage\":\"fr-FR\",\"@id\":\"https:\\\/\\\/drasanvi.com\\\/fr\\\/#\\\/schema\\\/logo\\\/image\\\/\",\"url\":\"https:\\\/\\\/drasanvi.com\\\/wp-content\\\/uploads\\\/sites\\\/7\\\/2021\\\/07\\\/logo-drasanvi.png\",\"contentUrl\":\"https:\\\/\\\/drasanvi.com\\\/wp-content\\\/uploads\\\/sites\\\/7\\\/2021\\\/07\\\/logo-drasanvi.png\",\"width\":900,\"height\":300,\"caption\":\"Drasanvi\"},\"image\":{\"@id\":\"https:\\\/\\\/drasanvi.com\\\/fr\\\/#\\\/schema\\\/logo\\\/image\\\/\"}}]}<\/script>\n<!-- \/ Yoast SEO plugin. -->","yoast_head_json":{"title":"Condroitina y glucosamina 48 c\u00e1psulas Nutrabasicos - Drasanvi Francia","robots":{"index":"index","follow":"follow","max-snippet":"max-snippet:-1","max-image-preview":"max-image-preview:large","max-video-preview":"max-video-preview:-1"},"canonical":"https:\/\/drasanvi.com\/fr\/producto\/condroitina-y-glucosamina-48-capsulas-nutrabasicos\/","og_locale":"fr_FR","og_type":"article","og_title":"Condroitina y glucosamina 48 c\u00e1psulas Nutrabasicos - Drasanvi Francia","og_description":"La condroitina y la glucosamina son dos sustancias ampliamente utilizadas y conocidas. La condroitina, tambi\u00e9n conocida como condroit\u00edn sulfato, se trata de una sustancia que generalmente se encuentra asociado a prote\u00ednas. Esta asociaci\u00f3n forma agregados de alto peso molecular, denominados proteoglicanos (una de las dos sustancias mayoritarias de cart\u00edlago articular). La condroitina de Drasanvi es de origen marino. El Clorhidrato de glucosamina, conocido como glucosamina, es un aminoaz\u00facar que participa en la glicosilaci\u00f3n de algunas prote\u00ednas y l\u00edpidos. Esto la convierte en un precursor de glicosaminoglicanos, glucol\u00edpidos y proteoglicanos (una de las dos sustancias mayoritarias del cart\u00edlago articular). La glucosamina utilizada en nuestras c\u00e1psulas es HCl.Ficha t\u00e9cnica","og_url":"https:\/\/drasanvi.com\/fr\/producto\/condroitina-y-glucosamina-48-capsulas-nutrabasicos\/","og_site_name":"Drasanvi Francia","article_modified_time":"2022-03-10T12:14:32+00:00","og_image":[{"width":1000,"height":1000,"url":"https:\/\/drasanvi.com\/wp-content\/uploads\/sites\/7\/2022\/02\/032050147.png","type":"image\/png"}],"twitter_card":"summary_large_image","schema":{"@context":"https:\/\/schema.org","@graph":[{"@type":"WebPage","@id":"https:\/\/drasanvi.com\/fr\/producto\/condroitina-y-glucosamina-48-capsulas-nutrabasicos\/","url":"https:\/\/drasanvi.com\/fr\/producto\/condroitina-y-glucosamina-48-capsulas-nutrabasicos\/","name":"Condroitina y glucosamina 48 c\u00e1psulas Nutrabasicos - Drasanvi Francia","isPartOf":{"@id":"https:\/\/drasanvi.com\/fr\/#website"},"primaryImageOfPage":{"@id":"https:\/\/drasanvi.com\/fr\/producto\/condroitina-y-glucosamina-48-capsulas-nutrabasicos\/#primaryimage"},"image":{"@id":"https:\/\/drasanvi.com\/fr\/producto\/condroitina-y-glucosamina-48-capsulas-nutrabasicos\/#primaryimage"},"thumbnailUrl":"https:\/\/drasanvi.com\/fr\/wp-content\/uploads\/sites\/7\/2022\/02\/032050147.png","datePublished":"2022-02-28T13:03:43+00:00","dateModified":"2022-03-10T12:14:32+00:00","breadcrumb":{"@id":"https:\/\/drasanvi.com\/fr\/producto\/condroitina-y-glucosamina-48-capsulas-nutrabasicos\/#breadcrumb"},"inLanguage":"fr-FR","potentialAction":[{"@type":"ReadAction","target":["https:\/\/drasanvi.com\/fr\/producto\/condroitina-y-glucosamina-48-capsulas-nutrabasicos\/"]}]},{"@type":"ImageObject","inLanguage":"fr-FR","@id":"https:\/\/drasanvi.com\/fr\/producto\/condroitina-y-glucosamina-48-capsulas-nutrabasicos\/#primaryimage","url":"https:\/\/drasanvi.com\/fr\/wp-content\/uploads\/sites\/7\/2022\/02\/032050147.png","contentUrl":"https:\/\/drasanvi.com\/fr\/wp-content\/uploads\/sites\/7\/2022\/02\/032050147.png","width":1000,"height":1000},{"@type":"BreadcrumbList","@id":"https:\/\/drasanvi.com\/fr\/producto\/condroitina-y-glucosamina-48-capsulas-nutrabasicos\/#breadcrumb","itemListElement":[{"@type":"ListItem","position":1,"name":"Portada","item":"https:\/\/drasanvi.com\/fr\/"},{"@type":"ListItem","position":2,"name":"Tienda","item":"https:\/\/drasanvi.com\/fr\/tienda\/"},{"@type":"ListItem","position":3,"name":"Condroitina y glucosamina 48 c\u00e1psulas Nutrabasicos"}]},{"@type":"WebSite","@id":"https:\/\/drasanvi.com\/fr\/#website","url":"https:\/\/drasanvi.com\/fr\/","name":"Drasanvi Francia","description":"L\u00edder en complementos alimenticios y cosm\u00e9tica natural.","publisher":{"@id":"https:\/\/drasanvi.com\/fr\/#organization"},"potentialAction":[{"@type":"SearchAction","target":{"@type":"EntryPoint","urlTemplate":"https:\/\/drasanvi.com\/fr\/?s={search_term_string}"},"query-input":{"@type":"PropertyValueSpecification","valueRequired":true,"valueName":"search_term_string"}}],"inLanguage":"fr-FR"},{"@type":"Organization","@id":"https:\/\/drasanvi.com\/fr\/#organization","name":"Drasanvi","url":"https:\/\/drasanvi.com\/fr\/","logo":{"@type":"ImageObject","inLanguage":"fr-FR","@id":"https:\/\/drasanvi.com\/fr\/#\/schema\/logo\/image\/","url":"https:\/\/drasanvi.com\/wp-content\/uploads\/sites\/7\/2021\/07\/logo-drasanvi.png","contentUrl":"https:\/\/drasanvi.com\/wp-content\/uploads\/sites\/7\/2021\/07\/logo-drasanvi.png","width":900,"height":300,"caption":"Drasanvi"},"image":{"@id":"https:\/\/drasanvi.com\/fr\/#\/schema\/logo\/image\/"}}]}},"_links":{"self":[{"href":"https:\/\/drasanvi.com\/fr\/wp-json\/wp\/v2\/product\/14607","targetHints":{"allow":["GET"]}}],"collection":[{"href":"https:\/\/drasanvi.com\/fr\/wp-json\/wp\/v2\/product"}],"about":[{"href":"https:\/\/drasanvi.com\/fr\/wp-json\/wp\/v2\/types\/product"}],"version-history":[{"count":0,"href":"https:\/\/drasanvi.com\/fr\/wp-json\/wp\/v2\/product\/14607\/revisions"}],"wp:featuredmedia":[{"embeddable":true,"href":"https:\/\/drasanvi.com\/fr\/wp-json\/wp\/v2\/media\/19992"}],"wp:attachment":[{"href":"https:\/\/drasanvi.com\/fr\/wp-json\/wp\/v2\/media?parent=14607"}],"wp:term":[{"taxonomy":"product_cat","embeddable":true,"href":"https:\/\/drasanvi.com\/fr\/wp-json\/wp\/v2\/product_cat?post=14607"},{"taxonomy":"product_tag","embeddable":true,"href":"https:\/\/drasanvi.com\/fr\/wp-json\/wp\/v2\/product_tag?post=14607"}],"curies":[{"name":"wp","href":"https:\/\/api.w.org\/{rel}","templated":true}]}}