{"id":14504,"date":"2022-02-28T15:11:03","date_gmt":"2022-02-28T13:11:03","guid":{"rendered":"https:\/\/drasanvi.com\/fr\/?post_type=product&#038;p=14504"},"modified":"2022-03-10T14:14:25","modified_gmt":"2022-03-10T12:14:25","slug":"nutrabasics-acido-folico","status":"publish","type":"product","link":"https:\/\/drasanvi.com\/fr\/producto\/nutrabasics-acido-folico\/","title":{"rendered":"Nutrabasics &#8211; \u00c1cido F\u00f3lico"},"content":{"rendered":"<h2>Ingredientes<\/h2>\n<p>Ingredientes  Cantidad \/ dosis diaria      \u00c1cido f\u00f3lico Como \u00e1cido pteroil-L-glut\u00e1mico  400 \u00b5g      Otros ingredientes: Hidroxipropilmetilcelulosa, celulosa microcristalina, estearato de magnesio y di\u00f3xido de silicio.        Sin colorantes, az\u00facares a\u00f1adidos ni conservantes.<\/p>\n<h2>Modo de uso<\/h2>\n<p>Consumir una c\u00e1psula al d\u00eda con una de las principales comidas.<\/p>\n<h3>Presentaci\u00f3n<\/h3>\n<p>Envase de 30 c\u00e1psulas de 396,4 mg. Peso total: 11,89 g (0.41 oz)<\/p>\n<h3>Advertencias<\/h3>\n<p>Complemento alimenticio a base de vitaminas.No superar la dosis diaria expresamente recomendada; Los complementos alimenticios no deben utilizarse como sustituto de una dieta equilibrada; Mantener fuera del alcance de los ni&ntilde;os m&aacute;s peque&ntilde;os. Conservar en un lugar fresco y seco.<\/p>\n<h2>Informaci\u00f3n adicional<\/h2>\n<p>ingredientes  descripcion  cantidad\/dosis diaria      Agente de carga  (Celulosa microcristalina)  250 mg      Agente de recubrimiento  (Hidroxipropilmetilcelulosa)  96 mg      Agente de carga  (Estearato de magnesio)  40 mg      Antiaglomerante  (Di\u00f3xido de silicio)  10 mg      \u00c1cido f\u00f3lico  (\u00c1cido pteroil-L-glut\u00e1mico)  0,4 mg<\/p>\n","protected":false},"excerpt":{"rendered":"<p>El \u00c1cido\u00a0F\u00f3lico es una vitamina del grupo B, conocida como vitamina B9. Se trata de una vitamina cuyas funciones, aprobadas por la EFSA son:    Contribuye al crecimiento de los tejidos maternos durante el embarazo.  Contribuye a la s\u00edntesis normal de amino\u00e1cidos.  Contribuye a la formaci\u00f3n normal de c\u00e9lulas sangu\u00edneas.  Contribuye a la funci\u00f3n psicol\u00f3gica normal.  Contribuye al funcionamiento normal del sistema inmunitario.  Ayudan a disminuir el cansancio y la fatiga.  Contribuyen al proceso de divisi\u00f3n celular.    Las fuentes alimenticias del \u00c1cido F\u00f3lico son v\u00edsceras, verduras de hoja verde, levadura de cerveza y frutos secos. Las c\u00e1psulas de Drasanvi incorporan en su composici\u00f3n 400 \u00b5g de \u00c1cido F\u00f3lico en forma de \u00e1cido pteroil-L-glut\u00e1mico. La cantidad por c\u00e1psula aporta el 100% de la Cantidad Diaria Recomendada.<br \/><a id=\"boton-ficha\" href=\"https:\/\/panel.drasanvi.com\/fichas\/1\/032050039\" target=\"_blank\" rel=\"noopener\">Ficha t\u00e9cnica<\/a><\/p>\n","protected":false},"featured_media":20386,"template":"","meta":{"inline_featured_image":false},"product_cat":[107,118],"product_tag":[],"class_list":["post-14504","product","type-product","status-publish","has-post-thumbnail","hentry","product_cat-mujer","product_cat-vitaminas-minerales","pa_contiene-altramuces-no","pa_contiene-apio-no","pa_contiene-cacahuetes-no","pa_contiene-crustaceos-no","pa_contiene-frutos-secos-no","pa_contiene-huevo-no","pa_contiene-leche-no","pa_contiene-moluscos-no","pa_contiene-mostaza-no","pa_contiene-pescado-no","pa_contiene-sesamo-no","pa_contiene-soja-no","pa_producto-bio-no","pa_producto-sin-gluten-si","pa_producto-vegano-si","pa_producto-vegetariano-si"],"yoast_head":"<!-- This site is optimized with the Yoast SEO plugin v27.5 - https:\/\/yoast.com\/product\/yoast-seo-wordpress\/ -->\n<title>Nutrabasics - \u00c1cido F\u00f3lico - Drasanvi Francia<\/title>\n<meta name=\"robots\" content=\"index, follow, max-snippet:-1, max-image-preview:large, max-video-preview:-1\" \/>\n<link rel=\"canonical\" href=\"https:\/\/drasanvi.com\/fr\/producto\/nutrabasics-acido-folico\/\" \/>\n<meta property=\"og:locale\" content=\"fr_FR\" \/>\n<meta property=\"og:type\" content=\"article\" \/>\n<meta property=\"og:title\" content=\"Nutrabasics - \u00c1cido F\u00f3lico - Drasanvi Francia\" \/>\n<meta property=\"og:description\" content=\"El \u00c1cido\u00a0F\u00f3lico es una vitamina del grupo B, conocida como vitamina B9. Se trata de una vitamina cuyas funciones, aprobadas por la EFSA son:  Contribuye al crecimiento de los tejidos maternos durante el embarazo. Contribuye a la s\u00edntesis normal de amino\u00e1cidos. Contribuye a la formaci\u00f3n normal de c\u00e9lulas sangu\u00edneas. Contribuye a la funci\u00f3n psicol\u00f3gica normal. Contribuye al funcionamiento normal del sistema inmunitario. Ayudan a disminuir el cansancio y la fatiga. Contribuyen al proceso de divisi\u00f3n celular.  Las fuentes alimenticias del \u00c1cido F\u00f3lico son v\u00edsceras, verduras de hoja verde, levadura de cerveza y frutos secos. Las c\u00e1psulas de Drasanvi incorporan en su composici\u00f3n 400 \u00b5g de \u00c1cido F\u00f3lico en forma de \u00e1cido pteroil-L-glut\u00e1mico. La cantidad por c\u00e1psula aporta el 100% de la Cantidad Diaria Recomendada.Ficha t\u00e9cnica\" \/>\n<meta property=\"og:url\" content=\"https:\/\/drasanvi.com\/fr\/producto\/nutrabasics-acido-folico\/\" \/>\n<meta property=\"og:site_name\" content=\"Drasanvi Francia\" \/>\n<meta property=\"article:modified_time\" content=\"2022-03-10T12:14:25+00:00\" \/>\n<meta property=\"og:image\" content=\"https:\/\/drasanvi.com\/wp-content\/uploads\/sites\/7\/2022\/02\/032050039.png\" \/>\n\t<meta property=\"og:image:width\" content=\"1000\" \/>\n\t<meta property=\"og:image:height\" content=\"1000\" \/>\n\t<meta property=\"og:image:type\" content=\"image\/png\" \/>\n<meta name=\"twitter:card\" content=\"summary_large_image\" \/>\n<script type=\"application\/ld+json\" class=\"yoast-schema-graph\">{\"@context\":\"https:\\\/\\\/schema.org\",\"@graph\":[{\"@type\":\"WebPage\",\"@id\":\"https:\\\/\\\/drasanvi.com\\\/fr\\\/producto\\\/nutrabasics-acido-folico\\\/\",\"url\":\"https:\\\/\\\/drasanvi.com\\\/fr\\\/producto\\\/nutrabasics-acido-folico\\\/\",\"name\":\"Nutrabasics - \u00c1cido F\u00f3lico - Drasanvi Francia\",\"isPartOf\":{\"@id\":\"https:\\\/\\\/drasanvi.com\\\/fr\\\/#website\"},\"primaryImageOfPage\":{\"@id\":\"https:\\\/\\\/drasanvi.com\\\/fr\\\/producto\\\/nutrabasics-acido-folico\\\/#primaryimage\"},\"image\":{\"@id\":\"https:\\\/\\\/drasanvi.com\\\/fr\\\/producto\\\/nutrabasics-acido-folico\\\/#primaryimage\"},\"thumbnailUrl\":\"https:\\\/\\\/drasanvi.com\\\/fr\\\/wp-content\\\/uploads\\\/sites\\\/7\\\/2022\\\/02\\\/032050039.png\",\"datePublished\":\"2022-02-28T13:11:03+00:00\",\"dateModified\":\"2022-03-10T12:14:25+00:00\",\"breadcrumb\":{\"@id\":\"https:\\\/\\\/drasanvi.com\\\/fr\\\/producto\\\/nutrabasics-acido-folico\\\/#breadcrumb\"},\"inLanguage\":\"fr-FR\",\"potentialAction\":[{\"@type\":\"ReadAction\",\"target\":[\"https:\\\/\\\/drasanvi.com\\\/fr\\\/producto\\\/nutrabasics-acido-folico\\\/\"]}]},{\"@type\":\"ImageObject\",\"inLanguage\":\"fr-FR\",\"@id\":\"https:\\\/\\\/drasanvi.com\\\/fr\\\/producto\\\/nutrabasics-acido-folico\\\/#primaryimage\",\"url\":\"https:\\\/\\\/drasanvi.com\\\/fr\\\/wp-content\\\/uploads\\\/sites\\\/7\\\/2022\\\/02\\\/032050039.png\",\"contentUrl\":\"https:\\\/\\\/drasanvi.com\\\/fr\\\/wp-content\\\/uploads\\\/sites\\\/7\\\/2022\\\/02\\\/032050039.png\",\"width\":1000,\"height\":1000},{\"@type\":\"BreadcrumbList\",\"@id\":\"https:\\\/\\\/drasanvi.com\\\/fr\\\/producto\\\/nutrabasics-acido-folico\\\/#breadcrumb\",\"itemListElement\":[{\"@type\":\"ListItem\",\"position\":1,\"name\":\"Portada\",\"item\":\"https:\\\/\\\/drasanvi.com\\\/fr\\\/\"},{\"@type\":\"ListItem\",\"position\":2,\"name\":\"Tienda\",\"item\":\"https:\\\/\\\/drasanvi.com\\\/fr\\\/tienda\\\/\"},{\"@type\":\"ListItem\",\"position\":3,\"name\":\"Nutrabasics &#8211; \u00c1cido F\u00f3lico\"}]},{\"@type\":\"WebSite\",\"@id\":\"https:\\\/\\\/drasanvi.com\\\/fr\\\/#website\",\"url\":\"https:\\\/\\\/drasanvi.com\\\/fr\\\/\",\"name\":\"Drasanvi Francia\",\"description\":\"L\u00edder en complementos alimenticios y cosm\u00e9tica natural.\",\"publisher\":{\"@id\":\"https:\\\/\\\/drasanvi.com\\\/fr\\\/#organization\"},\"potentialAction\":[{\"@type\":\"SearchAction\",\"target\":{\"@type\":\"EntryPoint\",\"urlTemplate\":\"https:\\\/\\\/drasanvi.com\\\/fr\\\/?s={search_term_string}\"},\"query-input\":{\"@type\":\"PropertyValueSpecification\",\"valueRequired\":true,\"valueName\":\"search_term_string\"}}],\"inLanguage\":\"fr-FR\"},{\"@type\":\"Organization\",\"@id\":\"https:\\\/\\\/drasanvi.com\\\/fr\\\/#organization\",\"name\":\"Drasanvi\",\"url\":\"https:\\\/\\\/drasanvi.com\\\/fr\\\/\",\"logo\":{\"@type\":\"ImageObject\",\"inLanguage\":\"fr-FR\",\"@id\":\"https:\\\/\\\/drasanvi.com\\\/fr\\\/#\\\/schema\\\/logo\\\/image\\\/\",\"url\":\"https:\\\/\\\/drasanvi.com\\\/wp-content\\\/uploads\\\/sites\\\/7\\\/2021\\\/07\\\/logo-drasanvi.png\",\"contentUrl\":\"https:\\\/\\\/drasanvi.com\\\/wp-content\\\/uploads\\\/sites\\\/7\\\/2021\\\/07\\\/logo-drasanvi.png\",\"width\":900,\"height\":300,\"caption\":\"Drasanvi\"},\"image\":{\"@id\":\"https:\\\/\\\/drasanvi.com\\\/fr\\\/#\\\/schema\\\/logo\\\/image\\\/\"}}]}<\/script>\n<!-- \/ Yoast SEO plugin. -->","yoast_head_json":{"title":"Nutrabasics - \u00c1cido F\u00f3lico - Drasanvi Francia","robots":{"index":"index","follow":"follow","max-snippet":"max-snippet:-1","max-image-preview":"max-image-preview:large","max-video-preview":"max-video-preview:-1"},"canonical":"https:\/\/drasanvi.com\/fr\/producto\/nutrabasics-acido-folico\/","og_locale":"fr_FR","og_type":"article","og_title":"Nutrabasics - \u00c1cido F\u00f3lico - Drasanvi Francia","og_description":"El \u00c1cido\u00a0F\u00f3lico es una vitamina del grupo B, conocida como vitamina B9. Se trata de una vitamina cuyas funciones, aprobadas por la EFSA son:  Contribuye al crecimiento de los tejidos maternos durante el embarazo. Contribuye a la s\u00edntesis normal de amino\u00e1cidos. Contribuye a la formaci\u00f3n normal de c\u00e9lulas sangu\u00edneas. Contribuye a la funci\u00f3n psicol\u00f3gica normal. Contribuye al funcionamiento normal del sistema inmunitario. Ayudan a disminuir el cansancio y la fatiga. Contribuyen al proceso de divisi\u00f3n celular.  Las fuentes alimenticias del \u00c1cido F\u00f3lico son v\u00edsceras, verduras de hoja verde, levadura de cerveza y frutos secos. Las c\u00e1psulas de Drasanvi incorporan en su composici\u00f3n 400 \u00b5g de \u00c1cido F\u00f3lico en forma de \u00e1cido pteroil-L-glut\u00e1mico. La cantidad por c\u00e1psula aporta el 100% de la Cantidad Diaria Recomendada.Ficha t\u00e9cnica","og_url":"https:\/\/drasanvi.com\/fr\/producto\/nutrabasics-acido-folico\/","og_site_name":"Drasanvi Francia","article_modified_time":"2022-03-10T12:14:25+00:00","og_image":[{"width":1000,"height":1000,"url":"https:\/\/drasanvi.com\/wp-content\/uploads\/sites\/7\/2022\/02\/032050039.png","type":"image\/png"}],"twitter_card":"summary_large_image","schema":{"@context":"https:\/\/schema.org","@graph":[{"@type":"WebPage","@id":"https:\/\/drasanvi.com\/fr\/producto\/nutrabasics-acido-folico\/","url":"https:\/\/drasanvi.com\/fr\/producto\/nutrabasics-acido-folico\/","name":"Nutrabasics - \u00c1cido F\u00f3lico - Drasanvi Francia","isPartOf":{"@id":"https:\/\/drasanvi.com\/fr\/#website"},"primaryImageOfPage":{"@id":"https:\/\/drasanvi.com\/fr\/producto\/nutrabasics-acido-folico\/#primaryimage"},"image":{"@id":"https:\/\/drasanvi.com\/fr\/producto\/nutrabasics-acido-folico\/#primaryimage"},"thumbnailUrl":"https:\/\/drasanvi.com\/fr\/wp-content\/uploads\/sites\/7\/2022\/02\/032050039.png","datePublished":"2022-02-28T13:11:03+00:00","dateModified":"2022-03-10T12:14:25+00:00","breadcrumb":{"@id":"https:\/\/drasanvi.com\/fr\/producto\/nutrabasics-acido-folico\/#breadcrumb"},"inLanguage":"fr-FR","potentialAction":[{"@type":"ReadAction","target":["https:\/\/drasanvi.com\/fr\/producto\/nutrabasics-acido-folico\/"]}]},{"@type":"ImageObject","inLanguage":"fr-FR","@id":"https:\/\/drasanvi.com\/fr\/producto\/nutrabasics-acido-folico\/#primaryimage","url":"https:\/\/drasanvi.com\/fr\/wp-content\/uploads\/sites\/7\/2022\/02\/032050039.png","contentUrl":"https:\/\/drasanvi.com\/fr\/wp-content\/uploads\/sites\/7\/2022\/02\/032050039.png","width":1000,"height":1000},{"@type":"BreadcrumbList","@id":"https:\/\/drasanvi.com\/fr\/producto\/nutrabasics-acido-folico\/#breadcrumb","itemListElement":[{"@type":"ListItem","position":1,"name":"Portada","item":"https:\/\/drasanvi.com\/fr\/"},{"@type":"ListItem","position":2,"name":"Tienda","item":"https:\/\/drasanvi.com\/fr\/tienda\/"},{"@type":"ListItem","position":3,"name":"Nutrabasics &#8211; \u00c1cido F\u00f3lico"}]},{"@type":"WebSite","@id":"https:\/\/drasanvi.com\/fr\/#website","url":"https:\/\/drasanvi.com\/fr\/","name":"Drasanvi Francia","description":"L\u00edder en complementos alimenticios y cosm\u00e9tica natural.","publisher":{"@id":"https:\/\/drasanvi.com\/fr\/#organization"},"potentialAction":[{"@type":"SearchAction","target":{"@type":"EntryPoint","urlTemplate":"https:\/\/drasanvi.com\/fr\/?s={search_term_string}"},"query-input":{"@type":"PropertyValueSpecification","valueRequired":true,"valueName":"search_term_string"}}],"inLanguage":"fr-FR"},{"@type":"Organization","@id":"https:\/\/drasanvi.com\/fr\/#organization","name":"Drasanvi","url":"https:\/\/drasanvi.com\/fr\/","logo":{"@type":"ImageObject","inLanguage":"fr-FR","@id":"https:\/\/drasanvi.com\/fr\/#\/schema\/logo\/image\/","url":"https:\/\/drasanvi.com\/wp-content\/uploads\/sites\/7\/2021\/07\/logo-drasanvi.png","contentUrl":"https:\/\/drasanvi.com\/wp-content\/uploads\/sites\/7\/2021\/07\/logo-drasanvi.png","width":900,"height":300,"caption":"Drasanvi"},"image":{"@id":"https:\/\/drasanvi.com\/fr\/#\/schema\/logo\/image\/"}}]}},"_links":{"self":[{"href":"https:\/\/drasanvi.com\/fr\/wp-json\/wp\/v2\/product\/14504","targetHints":{"allow":["GET"]}}],"collection":[{"href":"https:\/\/drasanvi.com\/fr\/wp-json\/wp\/v2\/product"}],"about":[{"href":"https:\/\/drasanvi.com\/fr\/wp-json\/wp\/v2\/types\/product"}],"version-history":[{"count":0,"href":"https:\/\/drasanvi.com\/fr\/wp-json\/wp\/v2\/product\/14504\/revisions"}],"wp:featuredmedia":[{"embeddable":true,"href":"https:\/\/drasanvi.com\/fr\/wp-json\/wp\/v2\/media\/20386"}],"wp:attachment":[{"href":"https:\/\/drasanvi.com\/fr\/wp-json\/wp\/v2\/media?parent=14504"}],"wp:term":[{"taxonomy":"product_cat","embeddable":true,"href":"https:\/\/drasanvi.com\/fr\/wp-json\/wp\/v2\/product_cat?post=14504"},{"taxonomy":"product_tag","embeddable":true,"href":"https:\/\/drasanvi.com\/fr\/wp-json\/wp\/v2\/product_tag?post=14504"}],"curies":[{"name":"wp","href":"https:\/\/api.w.org\/{rel}","templated":true}]}}