{"id":14388,"date":"2022-02-28T15:01:42","date_gmt":"2022-02-28T13:01:42","guid":{"rendered":"https:\/\/drasanvi.com\/fr\/?post_type=product&#038;p=14388"},"modified":"2022-03-10T14:14:16","modified_gmt":"2022-03-10T12:14:16","slug":"champu-arbol-del-te-bio-500-ml","status":"publish","type":"product","link":"https:\/\/drasanvi.com\/fr\/producto\/champu-arbol-del-te-bio-500-ml\/","title":{"rendered":"Champ\u00fa \u00e1rbol del t\u00e9 BIO 500 ml"},"content":{"rendered":"<h2>Ingredientes<\/h2>\n<p>Aqua (Water),\u00a0Aloe barbadensis\u00a0Leaf Extract*, Sodium Lauryl Sulfate, Cocamidopropyl Betaine, Disodium Cocoamphodiacetate, Glycerin,\u00a0Melaleuca\u00a0alternifolia\u00a0Leaf Oil*, Benzyl Alcohol, Guar Hydroxypropyltrimonium Chloride, Salicylic Acid, Potassium Sorbate, Sodium Benzoate, Citric Acid, Sorbic Acid, Limonene.*Ingrediente procedente de la Agricultura Ecol\u00f3gicaEl 35,32 % del total de los ingredientes procede de la Agricultura Ecol\u00f3gica.96,97% del total es de origen natural.COSMOS ORGANIC certificado por Ecocert Greenlife seg\u00fan el est\u00e1ndar COSMOS ( disponible en http:\/\/ COSMOS.ecocert.com)<\/p>\n<h2>Modo de uso<\/h2>\n<p>Aplicar una peque\u00f1a cantidad en el cabello previamente h\u00famedo y masajear. A continuaci\u00f3n, aclarar con abundante agua.<\/p>\n<h3>Presentaci\u00f3n<\/h3>\n<p>Envase de 500 ml (16,9 fl oz)<\/p>\n<h3>Advertencias<\/h3>\n<p>Uso t&oacute;pico.Producto destinado exclusivamente a la higiene.<\/p>\n<h2>Informaci\u00f3n adicional<\/h2>\n<p>Aqua (Water), Aloe barbadensis Leaf Extract*, Sodium Lauryl Sulfate, Cocamidopropyl Betaine, Disodium Cocoamphodiacetate, Glycerin, Melaleuca\u00a0alternifolia Leaf Oil*, Benzyl Alcohol, Guar Hydroxypropyltrimonium Chloride, Salicylic Acid, Potassium Sorbate, Sodium Benzoate, Citric Acid, Sorbic Acid, Limonene.*Ingrediente procedente de la Agricultura Ecol\u00f3gicaEl 35,32 % del total de los ingredientes procede de la Agricultura Ecol\u00f3gica.96,97% del total es de origen natural.COSMOS ORGANIC certificado por Ecocert Greenlife seg\u00fan el est\u00e1ndar COSMOS ( disponible en http:\/\/ COSMOS.ecocert.com)<\/p>\n<p>Extracto de Aloe vera, aceite esencial del \u00c1rbol del te.<\/p>\n<p>Aceite Esencial de \u00c1rbol del te.<\/p>\n","protected":false},"excerpt":{"rendered":"<p>El Champ\u00fa de \u00c1rbol del T\u00e9 de Drasanvi est\u00e1 indicado para todo tipo de cabello. Su formulaci\u00f3n rica en aceite esencial del \u00c1rbol del T\u00e9, lo convierte en un producto purificante y preventivo.Indicado para todo tipo de cabellosPurificante, preventivo<br \/><a id=\"boton-ficha\" href=\"https:\/\/panel.drasanvi.com\/fichas\/1\/032060114\" target=\"_blank\" rel=\"noopener\">Ficha t\u00e9cnica<\/a><\/p>\n","protected":false},"featured_media":19885,"template":"","meta":{"inline_featured_image":false},"product_cat":[94,100],"product_tag":[],"class_list":["post-14388","product","type-product","status-publish","has-post-thumbnail","hentry","product_cat-cosmetica","product_cat-fitoaromaterapia","pa_contiene-altramuces-no","pa_contiene-apio-no","pa_contiene-cacahuetes-no","pa_contiene-crustaceos-no","pa_contiene-frutos-secos-no","pa_contiene-huevo-no","pa_contiene-leche-no","pa_contiene-moluscos-no","pa_contiene-mostaza-no","pa_contiene-pescado-no","pa_contiene-sesamo-no","pa_contiene-soja-no","pa_producto-bio-si","pa_producto-sin-gluten-si","pa_producto-vegano-si","pa_producto-vegetariano-no"],"yoast_head":"<!-- This site is optimized with the Yoast SEO plugin v27.4 - https:\/\/yoast.com\/product\/yoast-seo-wordpress\/ -->\n<title>Champ\u00fa \u00e1rbol del t\u00e9 BIO 500 ml - Drasanvi Francia<\/title>\n<meta name=\"robots\" content=\"index, follow, max-snippet:-1, max-image-preview:large, max-video-preview:-1\" \/>\n<link rel=\"canonical\" href=\"https:\/\/drasanvi.com\/fr\/producto\/champu-arbol-del-te-bio-500-ml\/\" \/>\n<meta property=\"og:locale\" content=\"fr_FR\" \/>\n<meta property=\"og:type\" content=\"article\" \/>\n<meta property=\"og:title\" content=\"Champ\u00fa \u00e1rbol del t\u00e9 BIO 500 ml - Drasanvi Francia\" \/>\n<meta property=\"og:description\" content=\"El Champ\u00fa de \u00c1rbol del T\u00e9 de Drasanvi est\u00e1 indicado para todo tipo de cabello. Su formulaci\u00f3n rica en aceite esencial del \u00c1rbol del T\u00e9, lo convierte en un producto purificante y preventivo.Indicado para todo tipo de cabellosPurificante, preventivoFicha t\u00e9cnica\" \/>\n<meta property=\"og:url\" content=\"https:\/\/drasanvi.com\/fr\/producto\/champu-arbol-del-te-bio-500-ml\/\" \/>\n<meta property=\"og:site_name\" content=\"Drasanvi Francia\" \/>\n<meta property=\"article:modified_time\" content=\"2022-03-10T12:14:16+00:00\" \/>\n<meta property=\"og:image\" content=\"https:\/\/drasanvi.com\/wp-content\/uploads\/sites\/7\/2022\/02\/032060114.png\" \/>\n\t<meta property=\"og:image:width\" content=\"1000\" \/>\n\t<meta property=\"og:image:height\" content=\"1000\" \/>\n\t<meta property=\"og:image:type\" content=\"image\/png\" \/>\n<meta name=\"twitter:card\" content=\"summary_large_image\" \/>\n<script type=\"application\/ld+json\" class=\"yoast-schema-graph\">{\"@context\":\"https:\\\/\\\/schema.org\",\"@graph\":[{\"@type\":\"WebPage\",\"@id\":\"https:\\\/\\\/drasanvi.com\\\/fr\\\/producto\\\/champu-arbol-del-te-bio-500-ml\\\/\",\"url\":\"https:\\\/\\\/drasanvi.com\\\/fr\\\/producto\\\/champu-arbol-del-te-bio-500-ml\\\/\",\"name\":\"Champ\u00fa \u00e1rbol del t\u00e9 BIO 500 ml - Drasanvi Francia\",\"isPartOf\":{\"@id\":\"https:\\\/\\\/drasanvi.com\\\/fr\\\/#website\"},\"primaryImageOfPage\":{\"@id\":\"https:\\\/\\\/drasanvi.com\\\/fr\\\/producto\\\/champu-arbol-del-te-bio-500-ml\\\/#primaryimage\"},\"image\":{\"@id\":\"https:\\\/\\\/drasanvi.com\\\/fr\\\/producto\\\/champu-arbol-del-te-bio-500-ml\\\/#primaryimage\"},\"thumbnailUrl\":\"https:\\\/\\\/drasanvi.com\\\/fr\\\/wp-content\\\/uploads\\\/sites\\\/7\\\/2022\\\/02\\\/032060114.png\",\"datePublished\":\"2022-02-28T13:01:42+00:00\",\"dateModified\":\"2022-03-10T12:14:16+00:00\",\"breadcrumb\":{\"@id\":\"https:\\\/\\\/drasanvi.com\\\/fr\\\/producto\\\/champu-arbol-del-te-bio-500-ml\\\/#breadcrumb\"},\"inLanguage\":\"fr-FR\",\"potentialAction\":[{\"@type\":\"ReadAction\",\"target\":[\"https:\\\/\\\/drasanvi.com\\\/fr\\\/producto\\\/champu-arbol-del-te-bio-500-ml\\\/\"]}]},{\"@type\":\"ImageObject\",\"inLanguage\":\"fr-FR\",\"@id\":\"https:\\\/\\\/drasanvi.com\\\/fr\\\/producto\\\/champu-arbol-del-te-bio-500-ml\\\/#primaryimage\",\"url\":\"https:\\\/\\\/drasanvi.com\\\/fr\\\/wp-content\\\/uploads\\\/sites\\\/7\\\/2022\\\/02\\\/032060114.png\",\"contentUrl\":\"https:\\\/\\\/drasanvi.com\\\/fr\\\/wp-content\\\/uploads\\\/sites\\\/7\\\/2022\\\/02\\\/032060114.png\",\"width\":1000,\"height\":1000},{\"@type\":\"BreadcrumbList\",\"@id\":\"https:\\\/\\\/drasanvi.com\\\/fr\\\/producto\\\/champu-arbol-del-te-bio-500-ml\\\/#breadcrumb\",\"itemListElement\":[{\"@type\":\"ListItem\",\"position\":1,\"name\":\"Portada\",\"item\":\"https:\\\/\\\/drasanvi.com\\\/fr\\\/\"},{\"@type\":\"ListItem\",\"position\":2,\"name\":\"Tienda\",\"item\":\"https:\\\/\\\/drasanvi.com\\\/fr\\\/tienda\\\/\"},{\"@type\":\"ListItem\",\"position\":3,\"name\":\"Champ\u00fa \u00e1rbol del t\u00e9 BIO 500 ml\"}]},{\"@type\":\"WebSite\",\"@id\":\"https:\\\/\\\/drasanvi.com\\\/fr\\\/#website\",\"url\":\"https:\\\/\\\/drasanvi.com\\\/fr\\\/\",\"name\":\"Drasanvi Francia\",\"description\":\"L\u00edder en complementos alimenticios y cosm\u00e9tica natural.\",\"publisher\":{\"@id\":\"https:\\\/\\\/drasanvi.com\\\/fr\\\/#organization\"},\"potentialAction\":[{\"@type\":\"SearchAction\",\"target\":{\"@type\":\"EntryPoint\",\"urlTemplate\":\"https:\\\/\\\/drasanvi.com\\\/fr\\\/?s={search_term_string}\"},\"query-input\":{\"@type\":\"PropertyValueSpecification\",\"valueRequired\":true,\"valueName\":\"search_term_string\"}}],\"inLanguage\":\"fr-FR\"},{\"@type\":\"Organization\",\"@id\":\"https:\\\/\\\/drasanvi.com\\\/fr\\\/#organization\",\"name\":\"Drasanvi\",\"url\":\"https:\\\/\\\/drasanvi.com\\\/fr\\\/\",\"logo\":{\"@type\":\"ImageObject\",\"inLanguage\":\"fr-FR\",\"@id\":\"https:\\\/\\\/drasanvi.com\\\/fr\\\/#\\\/schema\\\/logo\\\/image\\\/\",\"url\":\"https:\\\/\\\/drasanvi.com\\\/wp-content\\\/uploads\\\/sites\\\/7\\\/2021\\\/07\\\/logo-drasanvi.png\",\"contentUrl\":\"https:\\\/\\\/drasanvi.com\\\/wp-content\\\/uploads\\\/sites\\\/7\\\/2021\\\/07\\\/logo-drasanvi.png\",\"width\":900,\"height\":300,\"caption\":\"Drasanvi\"},\"image\":{\"@id\":\"https:\\\/\\\/drasanvi.com\\\/fr\\\/#\\\/schema\\\/logo\\\/image\\\/\"}}]}<\/script>\n<!-- \/ Yoast SEO plugin. -->","yoast_head_json":{"title":"Champ\u00fa \u00e1rbol del t\u00e9 BIO 500 ml - Drasanvi Francia","robots":{"index":"index","follow":"follow","max-snippet":"max-snippet:-1","max-image-preview":"max-image-preview:large","max-video-preview":"max-video-preview:-1"},"canonical":"https:\/\/drasanvi.com\/fr\/producto\/champu-arbol-del-te-bio-500-ml\/","og_locale":"fr_FR","og_type":"article","og_title":"Champ\u00fa \u00e1rbol del t\u00e9 BIO 500 ml - Drasanvi Francia","og_description":"El Champ\u00fa de \u00c1rbol del T\u00e9 de Drasanvi est\u00e1 indicado para todo tipo de cabello. Su formulaci\u00f3n rica en aceite esencial del \u00c1rbol del T\u00e9, lo convierte en un producto purificante y preventivo.Indicado para todo tipo de cabellosPurificante, preventivoFicha t\u00e9cnica","og_url":"https:\/\/drasanvi.com\/fr\/producto\/champu-arbol-del-te-bio-500-ml\/","og_site_name":"Drasanvi Francia","article_modified_time":"2022-03-10T12:14:16+00:00","og_image":[{"width":1000,"height":1000,"url":"https:\/\/drasanvi.com\/wp-content\/uploads\/sites\/7\/2022\/02\/032060114.png","type":"image\/png"}],"twitter_card":"summary_large_image","schema":{"@context":"https:\/\/schema.org","@graph":[{"@type":"WebPage","@id":"https:\/\/drasanvi.com\/fr\/producto\/champu-arbol-del-te-bio-500-ml\/","url":"https:\/\/drasanvi.com\/fr\/producto\/champu-arbol-del-te-bio-500-ml\/","name":"Champ\u00fa \u00e1rbol del t\u00e9 BIO 500 ml - Drasanvi Francia","isPartOf":{"@id":"https:\/\/drasanvi.com\/fr\/#website"},"primaryImageOfPage":{"@id":"https:\/\/drasanvi.com\/fr\/producto\/champu-arbol-del-te-bio-500-ml\/#primaryimage"},"image":{"@id":"https:\/\/drasanvi.com\/fr\/producto\/champu-arbol-del-te-bio-500-ml\/#primaryimage"},"thumbnailUrl":"https:\/\/drasanvi.com\/fr\/wp-content\/uploads\/sites\/7\/2022\/02\/032060114.png","datePublished":"2022-02-28T13:01:42+00:00","dateModified":"2022-03-10T12:14:16+00:00","breadcrumb":{"@id":"https:\/\/drasanvi.com\/fr\/producto\/champu-arbol-del-te-bio-500-ml\/#breadcrumb"},"inLanguage":"fr-FR","potentialAction":[{"@type":"ReadAction","target":["https:\/\/drasanvi.com\/fr\/producto\/champu-arbol-del-te-bio-500-ml\/"]}]},{"@type":"ImageObject","inLanguage":"fr-FR","@id":"https:\/\/drasanvi.com\/fr\/producto\/champu-arbol-del-te-bio-500-ml\/#primaryimage","url":"https:\/\/drasanvi.com\/fr\/wp-content\/uploads\/sites\/7\/2022\/02\/032060114.png","contentUrl":"https:\/\/drasanvi.com\/fr\/wp-content\/uploads\/sites\/7\/2022\/02\/032060114.png","width":1000,"height":1000},{"@type":"BreadcrumbList","@id":"https:\/\/drasanvi.com\/fr\/producto\/champu-arbol-del-te-bio-500-ml\/#breadcrumb","itemListElement":[{"@type":"ListItem","position":1,"name":"Portada","item":"https:\/\/drasanvi.com\/fr\/"},{"@type":"ListItem","position":2,"name":"Tienda","item":"https:\/\/drasanvi.com\/fr\/tienda\/"},{"@type":"ListItem","position":3,"name":"Champ\u00fa \u00e1rbol del t\u00e9 BIO 500 ml"}]},{"@type":"WebSite","@id":"https:\/\/drasanvi.com\/fr\/#website","url":"https:\/\/drasanvi.com\/fr\/","name":"Drasanvi Francia","description":"L\u00edder en complementos alimenticios y cosm\u00e9tica natural.","publisher":{"@id":"https:\/\/drasanvi.com\/fr\/#organization"},"potentialAction":[{"@type":"SearchAction","target":{"@type":"EntryPoint","urlTemplate":"https:\/\/drasanvi.com\/fr\/?s={search_term_string}"},"query-input":{"@type":"PropertyValueSpecification","valueRequired":true,"valueName":"search_term_string"}}],"inLanguage":"fr-FR"},{"@type":"Organization","@id":"https:\/\/drasanvi.com\/fr\/#organization","name":"Drasanvi","url":"https:\/\/drasanvi.com\/fr\/","logo":{"@type":"ImageObject","inLanguage":"fr-FR","@id":"https:\/\/drasanvi.com\/fr\/#\/schema\/logo\/image\/","url":"https:\/\/drasanvi.com\/wp-content\/uploads\/sites\/7\/2021\/07\/logo-drasanvi.png","contentUrl":"https:\/\/drasanvi.com\/wp-content\/uploads\/sites\/7\/2021\/07\/logo-drasanvi.png","width":900,"height":300,"caption":"Drasanvi"},"image":{"@id":"https:\/\/drasanvi.com\/fr\/#\/schema\/logo\/image\/"}}]}},"_links":{"self":[{"href":"https:\/\/drasanvi.com\/fr\/wp-json\/wp\/v2\/product\/14388","targetHints":{"allow":["GET"]}}],"collection":[{"href":"https:\/\/drasanvi.com\/fr\/wp-json\/wp\/v2\/product"}],"about":[{"href":"https:\/\/drasanvi.com\/fr\/wp-json\/wp\/v2\/types\/product"}],"version-history":[{"count":0,"href":"https:\/\/drasanvi.com\/fr\/wp-json\/wp\/v2\/product\/14388\/revisions"}],"wp:featuredmedia":[{"embeddable":true,"href":"https:\/\/drasanvi.com\/fr\/wp-json\/wp\/v2\/media\/19885"}],"wp:attachment":[{"href":"https:\/\/drasanvi.com\/fr\/wp-json\/wp\/v2\/media?parent=14388"}],"wp:term":[{"taxonomy":"product_cat","embeddable":true,"href":"https:\/\/drasanvi.com\/fr\/wp-json\/wp\/v2\/product_cat?post=14388"},{"taxonomy":"product_tag","embeddable":true,"href":"https:\/\/drasanvi.com\/fr\/wp-json\/wp\/v2\/product_tag?post=14388"}],"curies":[{"name":"wp","href":"https:\/\/api.w.org\/{rel}","templated":true}]}}