{"id":14352,"date":"2022-02-28T15:09:51","date_gmt":"2022-02-28T13:09:51","guid":{"rendered":"https:\/\/drasanvi.com\/fr\/?post_type=product&#038;p=14352"},"modified":"2022-03-10T14:14:14","modified_gmt":"2022-03-10T12:14:14","slug":"locion-corporal-de-aceite-de-oliva-bio-300-ml","status":"publish","type":"product","link":"https:\/\/drasanvi.com\/fr\/producto\/locion-corporal-de-aceite-de-oliva-bio-300-ml\/","title":{"rendered":"Loci\u00f3n corporal de Aceite de oliva BIO 300 ml"},"content":{"rendered":"<h2>Ingredientes<\/h2>\n<p>Aloe barbadensis\u00a0Leaf Extract*, Aqua (Water), Cetearyl Alcohol, Glycerin, Coco-Caprylate\/Caprate,\u00a0Prunus amygdalus dulcis\u00a0(Sweet Almond) Oil*,\u00a0Olea europaea\u00a0(Olive) Fruit Oil*, Glyceryl Stearate,\u00a0Argania spinosa\u00a0(Argan) Kernel Oil*,\u00a0Oryza sativa\u00a0(Rice) Starch,\u00a0Citrus reticulata\u00a0Peel Oil*, Glycine Soja (Soybean) Oil, Cellulose Gum,\u00a0Lavandula hybrida\u00a0Herb Oil*, Potassium Palmitoyl Hydrolyzed Wheat Protein, Benzyl Alcohol, Salicylic Acid, Potassium Sorbate, Sodium Benzoate, Sodium Hydroxide, Tocopherol, Citric Acid, Beta-Sitosterol, Sorbic Acid, Squalene, Limonene, Linalool.*Ingrediente procedente de la Agricultura Ecol\u00f3gicaEl 54,25% del total de los ingredientes procede de la Agricultura Ecol\u00f3gica.98,89% del total es de origen naturalCOSMOS ORGANIC certificado por Ecocert Greenlife seg\u00fan el est\u00e1ndar COSMOS disponible en http:\/\/ COSMOS.ecocert.com<\/p>\n<h2>Modo de uso<\/h2>\n<p>Aplicar una peque\u00f1a dosis en la piel limpia y seca mediante un masaje suave hasta completa absorci\u00f3n del producto.\u00a0<\/p>\n<h3>Presentaci\u00f3n<\/h3>\n<p>Envase de 300 ml (10,14 fl oz)<\/p>\n<h3>Advertencias<\/h3>\n<p>Uso t&oacute;pico.Producto destinado exclusivamente a la higiene.<\/p>\n<h2>Informaci\u00f3n adicional<\/h2>\n<p>Aloe barbadensis Leaf Extract*, Aqua (Water), Cetearyl Alcohol, Glycerin, Coco-Caprylate\/Caprate, Prunus amygdalus dulcis (Sweet Almond) Oil*, Olea europaea (Olive) Fruit Oil*, Glyceryl Stearate, Argania spinosa (Argan) Kernel Oil*, Oryza sativa (Rice) Starch, Citrus reticulata Peel Oil*, Glycine Soja (Soybean) Oil, Cellulose Gum, Lavandula hybrida Herb Oil*, Potassium Palmitoyl Hydrolyzed Wheat Protein, Benzyl Alcohol, Salicylic Acid, Potassium Sorbate, Sodium Benzoate, Sodium Hydroxide, Tocopherol, Citric Acid, Beta-Sitosterol, Sorbic Acid, Squalene, Limonene, Linalool.*Ingrediente procedente de la Agricultura Ecol\u00f3gicaEl 54,25% del total de los ingredientes procede de la Agricultura Ecol\u00f3gica.98,89% del total es de origen naturalCOSMOS ORGANIC certificado por Ecocert Greenlife seg\u00fan el est\u00e1ndar COSMOS disponible en http:\/\/ COSMOS.ecocert.com<\/p>\n<p>Aceite de Oliva Virgen obtenida con primera presi\u00f3n en fr\u00edo, aceite esencial quimiotipado de Mandarina, aceite esencial quimiotipado de Lavand\u00edn, extracto de Aloe vera, Aceite de Almendras dulces, Aceite de Arg\u00e1n.<\/p>\n","protected":false},"excerpt":{"rendered":"<p>La Loci\u00f3n corporal de Aceite de Oliva de Drasanvi est\u00e1 indicada para pieles secas y desvitalizadas.Gracias a su formulaci\u00f3n, rica en Aceite de Oliva Virgen y aceites esenciales quimiotipados de Mandarina y Lavand\u00edn, nos calma la piel y nos aporta nutrici\u00f3n, adem\u00e1s de ayudarnos a parar los radicales libres gracias a su poder antioxidante.Su aroma suave afrutado nos aportar\u00e1 calma y serenidad.Indicada para pieles secas y desvitalizadasCalmante, nutritiva y antoxidante<br \/><a id=\"boton-ficha\" href=\"https:\/\/panel.drasanvi.com\/fichas\/1\/032060122\" target=\"_blank\" rel=\"noopener\">Ficha t\u00e9cnica<\/a><\/p>\n","protected":false},"featured_media":20298,"template":"","meta":{"inline_featured_image":false},"product_cat":[94,100],"product_tag":[],"class_list":["post-14352","product","type-product","status-publish","has-post-thumbnail","hentry","product_cat-cosmetica","product_cat-fitoaromaterapia","pa_contiene-altramuces-no","pa_contiene-apio-no","pa_contiene-cacahuetes-no","pa_contiene-crustaceos-no","pa_contiene-frutos-secos-no","pa_contiene-huevo-no","pa_contiene-leche-no","pa_contiene-moluscos-no","pa_contiene-mostaza-no","pa_contiene-pescado-no","pa_contiene-sesamo-no","pa_contiene-soja-no","pa_producto-bio-si","pa_producto-sin-gluten-si","pa_producto-vegano-si","pa_producto-vegetariano-no"],"yoast_head":"<!-- This site is optimized with the Yoast SEO plugin v27.5 - https:\/\/yoast.com\/product\/yoast-seo-wordpress\/ -->\n<title>Loci\u00f3n corporal de Aceite de oliva BIO 300 ml - Drasanvi Francia<\/title>\n<meta name=\"robots\" content=\"index, follow, max-snippet:-1, max-image-preview:large, max-video-preview:-1\" \/>\n<link rel=\"canonical\" href=\"https:\/\/drasanvi.com\/fr\/producto\/locion-corporal-de-aceite-de-oliva-bio-300-ml\/\" \/>\n<meta property=\"og:locale\" content=\"fr_FR\" \/>\n<meta property=\"og:type\" content=\"article\" \/>\n<meta property=\"og:title\" content=\"Loci\u00f3n corporal de Aceite de oliva BIO 300 ml - Drasanvi Francia\" \/>\n<meta property=\"og:description\" content=\"La Loci\u00f3n corporal de Aceite de Oliva de Drasanvi est\u00e1 indicada para pieles secas y desvitalizadas.Gracias a su formulaci\u00f3n, rica en Aceite de Oliva Virgen y aceites esenciales quimiotipados de Mandarina y Lavand\u00edn, nos calma la piel y nos aporta nutrici\u00f3n, adem\u00e1s de ayudarnos a parar los radicales libres gracias a su poder antioxidante.Su aroma suave afrutado nos aportar\u00e1 calma y serenidad.Indicada para pieles secas y desvitalizadasCalmante, nutritiva y antoxidanteFicha t\u00e9cnica\" \/>\n<meta property=\"og:url\" content=\"https:\/\/drasanvi.com\/fr\/producto\/locion-corporal-de-aceite-de-oliva-bio-300-ml\/\" \/>\n<meta property=\"og:site_name\" content=\"Drasanvi Francia\" \/>\n<meta property=\"article:modified_time\" content=\"2022-03-10T12:14:14+00:00\" \/>\n<meta property=\"og:image\" content=\"https:\/\/drasanvi.com\/wp-content\/uploads\/sites\/7\/2022\/02\/032060122.png\" \/>\n\t<meta property=\"og:image:width\" content=\"1000\" \/>\n\t<meta property=\"og:image:height\" content=\"1000\" \/>\n\t<meta property=\"og:image:type\" content=\"image\/png\" \/>\n<meta name=\"twitter:card\" content=\"summary_large_image\" \/>\n<script type=\"application\/ld+json\" class=\"yoast-schema-graph\">{\"@context\":\"https:\\\/\\\/schema.org\",\"@graph\":[{\"@type\":\"WebPage\",\"@id\":\"https:\\\/\\\/drasanvi.com\\\/fr\\\/producto\\\/locion-corporal-de-aceite-de-oliva-bio-300-ml\\\/\",\"url\":\"https:\\\/\\\/drasanvi.com\\\/fr\\\/producto\\\/locion-corporal-de-aceite-de-oliva-bio-300-ml\\\/\",\"name\":\"Loci\u00f3n corporal de Aceite de oliva BIO 300 ml - Drasanvi Francia\",\"isPartOf\":{\"@id\":\"https:\\\/\\\/drasanvi.com\\\/fr\\\/#website\"},\"primaryImageOfPage\":{\"@id\":\"https:\\\/\\\/drasanvi.com\\\/fr\\\/producto\\\/locion-corporal-de-aceite-de-oliva-bio-300-ml\\\/#primaryimage\"},\"image\":{\"@id\":\"https:\\\/\\\/drasanvi.com\\\/fr\\\/producto\\\/locion-corporal-de-aceite-de-oliva-bio-300-ml\\\/#primaryimage\"},\"thumbnailUrl\":\"https:\\\/\\\/drasanvi.com\\\/fr\\\/wp-content\\\/uploads\\\/sites\\\/7\\\/2022\\\/02\\\/032060122.png\",\"datePublished\":\"2022-02-28T13:09:51+00:00\",\"dateModified\":\"2022-03-10T12:14:14+00:00\",\"breadcrumb\":{\"@id\":\"https:\\\/\\\/drasanvi.com\\\/fr\\\/producto\\\/locion-corporal-de-aceite-de-oliva-bio-300-ml\\\/#breadcrumb\"},\"inLanguage\":\"fr-FR\",\"potentialAction\":[{\"@type\":\"ReadAction\",\"target\":[\"https:\\\/\\\/drasanvi.com\\\/fr\\\/producto\\\/locion-corporal-de-aceite-de-oliva-bio-300-ml\\\/\"]}]},{\"@type\":\"ImageObject\",\"inLanguage\":\"fr-FR\",\"@id\":\"https:\\\/\\\/drasanvi.com\\\/fr\\\/producto\\\/locion-corporal-de-aceite-de-oliva-bio-300-ml\\\/#primaryimage\",\"url\":\"https:\\\/\\\/drasanvi.com\\\/fr\\\/wp-content\\\/uploads\\\/sites\\\/7\\\/2022\\\/02\\\/032060122.png\",\"contentUrl\":\"https:\\\/\\\/drasanvi.com\\\/fr\\\/wp-content\\\/uploads\\\/sites\\\/7\\\/2022\\\/02\\\/032060122.png\",\"width\":1000,\"height\":1000},{\"@type\":\"BreadcrumbList\",\"@id\":\"https:\\\/\\\/drasanvi.com\\\/fr\\\/producto\\\/locion-corporal-de-aceite-de-oliva-bio-300-ml\\\/#breadcrumb\",\"itemListElement\":[{\"@type\":\"ListItem\",\"position\":1,\"name\":\"Portada\",\"item\":\"https:\\\/\\\/drasanvi.com\\\/fr\\\/\"},{\"@type\":\"ListItem\",\"position\":2,\"name\":\"Tienda\",\"item\":\"https:\\\/\\\/drasanvi.com\\\/fr\\\/tienda\\\/\"},{\"@type\":\"ListItem\",\"position\":3,\"name\":\"Loci\u00f3n corporal de Aceite de oliva BIO 300 ml\"}]},{\"@type\":\"WebSite\",\"@id\":\"https:\\\/\\\/drasanvi.com\\\/fr\\\/#website\",\"url\":\"https:\\\/\\\/drasanvi.com\\\/fr\\\/\",\"name\":\"Drasanvi Francia\",\"description\":\"L\u00edder en complementos alimenticios y cosm\u00e9tica natural.\",\"publisher\":{\"@id\":\"https:\\\/\\\/drasanvi.com\\\/fr\\\/#organization\"},\"potentialAction\":[{\"@type\":\"SearchAction\",\"target\":{\"@type\":\"EntryPoint\",\"urlTemplate\":\"https:\\\/\\\/drasanvi.com\\\/fr\\\/?s={search_term_string}\"},\"query-input\":{\"@type\":\"PropertyValueSpecification\",\"valueRequired\":true,\"valueName\":\"search_term_string\"}}],\"inLanguage\":\"fr-FR\"},{\"@type\":\"Organization\",\"@id\":\"https:\\\/\\\/drasanvi.com\\\/fr\\\/#organization\",\"name\":\"Drasanvi\",\"url\":\"https:\\\/\\\/drasanvi.com\\\/fr\\\/\",\"logo\":{\"@type\":\"ImageObject\",\"inLanguage\":\"fr-FR\",\"@id\":\"https:\\\/\\\/drasanvi.com\\\/fr\\\/#\\\/schema\\\/logo\\\/image\\\/\",\"url\":\"https:\\\/\\\/drasanvi.com\\\/wp-content\\\/uploads\\\/sites\\\/7\\\/2021\\\/07\\\/logo-drasanvi.png\",\"contentUrl\":\"https:\\\/\\\/drasanvi.com\\\/wp-content\\\/uploads\\\/sites\\\/7\\\/2021\\\/07\\\/logo-drasanvi.png\",\"width\":900,\"height\":300,\"caption\":\"Drasanvi\"},\"image\":{\"@id\":\"https:\\\/\\\/drasanvi.com\\\/fr\\\/#\\\/schema\\\/logo\\\/image\\\/\"}}]}<\/script>\n<!-- \/ Yoast SEO plugin. -->","yoast_head_json":{"title":"Loci\u00f3n corporal de Aceite de oliva BIO 300 ml - Drasanvi Francia","robots":{"index":"index","follow":"follow","max-snippet":"max-snippet:-1","max-image-preview":"max-image-preview:large","max-video-preview":"max-video-preview:-1"},"canonical":"https:\/\/drasanvi.com\/fr\/producto\/locion-corporal-de-aceite-de-oliva-bio-300-ml\/","og_locale":"fr_FR","og_type":"article","og_title":"Loci\u00f3n corporal de Aceite de oliva BIO 300 ml - Drasanvi Francia","og_description":"La Loci\u00f3n corporal de Aceite de Oliva de Drasanvi est\u00e1 indicada para pieles secas y desvitalizadas.Gracias a su formulaci\u00f3n, rica en Aceite de Oliva Virgen y aceites esenciales quimiotipados de Mandarina y Lavand\u00edn, nos calma la piel y nos aporta nutrici\u00f3n, adem\u00e1s de ayudarnos a parar los radicales libres gracias a su poder antioxidante.Su aroma suave afrutado nos aportar\u00e1 calma y serenidad.Indicada para pieles secas y desvitalizadasCalmante, nutritiva y antoxidanteFicha t\u00e9cnica","og_url":"https:\/\/drasanvi.com\/fr\/producto\/locion-corporal-de-aceite-de-oliva-bio-300-ml\/","og_site_name":"Drasanvi Francia","article_modified_time":"2022-03-10T12:14:14+00:00","og_image":[{"width":1000,"height":1000,"url":"https:\/\/drasanvi.com\/wp-content\/uploads\/sites\/7\/2022\/02\/032060122.png","type":"image\/png"}],"twitter_card":"summary_large_image","schema":{"@context":"https:\/\/schema.org","@graph":[{"@type":"WebPage","@id":"https:\/\/drasanvi.com\/fr\/producto\/locion-corporal-de-aceite-de-oliva-bio-300-ml\/","url":"https:\/\/drasanvi.com\/fr\/producto\/locion-corporal-de-aceite-de-oliva-bio-300-ml\/","name":"Loci\u00f3n corporal de Aceite de oliva BIO 300 ml - Drasanvi Francia","isPartOf":{"@id":"https:\/\/drasanvi.com\/fr\/#website"},"primaryImageOfPage":{"@id":"https:\/\/drasanvi.com\/fr\/producto\/locion-corporal-de-aceite-de-oliva-bio-300-ml\/#primaryimage"},"image":{"@id":"https:\/\/drasanvi.com\/fr\/producto\/locion-corporal-de-aceite-de-oliva-bio-300-ml\/#primaryimage"},"thumbnailUrl":"https:\/\/drasanvi.com\/fr\/wp-content\/uploads\/sites\/7\/2022\/02\/032060122.png","datePublished":"2022-02-28T13:09:51+00:00","dateModified":"2022-03-10T12:14:14+00:00","breadcrumb":{"@id":"https:\/\/drasanvi.com\/fr\/producto\/locion-corporal-de-aceite-de-oliva-bio-300-ml\/#breadcrumb"},"inLanguage":"fr-FR","potentialAction":[{"@type":"ReadAction","target":["https:\/\/drasanvi.com\/fr\/producto\/locion-corporal-de-aceite-de-oliva-bio-300-ml\/"]}]},{"@type":"ImageObject","inLanguage":"fr-FR","@id":"https:\/\/drasanvi.com\/fr\/producto\/locion-corporal-de-aceite-de-oliva-bio-300-ml\/#primaryimage","url":"https:\/\/drasanvi.com\/fr\/wp-content\/uploads\/sites\/7\/2022\/02\/032060122.png","contentUrl":"https:\/\/drasanvi.com\/fr\/wp-content\/uploads\/sites\/7\/2022\/02\/032060122.png","width":1000,"height":1000},{"@type":"BreadcrumbList","@id":"https:\/\/drasanvi.com\/fr\/producto\/locion-corporal-de-aceite-de-oliva-bio-300-ml\/#breadcrumb","itemListElement":[{"@type":"ListItem","position":1,"name":"Portada","item":"https:\/\/drasanvi.com\/fr\/"},{"@type":"ListItem","position":2,"name":"Tienda","item":"https:\/\/drasanvi.com\/fr\/tienda\/"},{"@type":"ListItem","position":3,"name":"Loci\u00f3n corporal de Aceite de oliva BIO 300 ml"}]},{"@type":"WebSite","@id":"https:\/\/drasanvi.com\/fr\/#website","url":"https:\/\/drasanvi.com\/fr\/","name":"Drasanvi Francia","description":"L\u00edder en complementos alimenticios y cosm\u00e9tica natural.","publisher":{"@id":"https:\/\/drasanvi.com\/fr\/#organization"},"potentialAction":[{"@type":"SearchAction","target":{"@type":"EntryPoint","urlTemplate":"https:\/\/drasanvi.com\/fr\/?s={search_term_string}"},"query-input":{"@type":"PropertyValueSpecification","valueRequired":true,"valueName":"search_term_string"}}],"inLanguage":"fr-FR"},{"@type":"Organization","@id":"https:\/\/drasanvi.com\/fr\/#organization","name":"Drasanvi","url":"https:\/\/drasanvi.com\/fr\/","logo":{"@type":"ImageObject","inLanguage":"fr-FR","@id":"https:\/\/drasanvi.com\/fr\/#\/schema\/logo\/image\/","url":"https:\/\/drasanvi.com\/wp-content\/uploads\/sites\/7\/2021\/07\/logo-drasanvi.png","contentUrl":"https:\/\/drasanvi.com\/wp-content\/uploads\/sites\/7\/2021\/07\/logo-drasanvi.png","width":900,"height":300,"caption":"Drasanvi"},"image":{"@id":"https:\/\/drasanvi.com\/fr\/#\/schema\/logo\/image\/"}}]}},"_links":{"self":[{"href":"https:\/\/drasanvi.com\/fr\/wp-json\/wp\/v2\/product\/14352","targetHints":{"allow":["GET"]}}],"collection":[{"href":"https:\/\/drasanvi.com\/fr\/wp-json\/wp\/v2\/product"}],"about":[{"href":"https:\/\/drasanvi.com\/fr\/wp-json\/wp\/v2\/types\/product"}],"version-history":[{"count":0,"href":"https:\/\/drasanvi.com\/fr\/wp-json\/wp\/v2\/product\/14352\/revisions"}],"wp:featuredmedia":[{"embeddable":true,"href":"https:\/\/drasanvi.com\/fr\/wp-json\/wp\/v2\/media\/20298"}],"wp:attachment":[{"href":"https:\/\/drasanvi.com\/fr\/wp-json\/wp\/v2\/media?parent=14352"}],"wp:term":[{"taxonomy":"product_cat","embeddable":true,"href":"https:\/\/drasanvi.com\/fr\/wp-json\/wp\/v2\/product_cat?post=14352"},{"taxonomy":"product_tag","embeddable":true,"href":"https:\/\/drasanvi.com\/fr\/wp-json\/wp\/v2\/product_tag?post=14352"}],"curies":[{"name":"wp","href":"https:\/\/api.w.org\/{rel}","templated":true}]}}