{"id":14253,"date":"2022-02-28T15:15:40","date_gmt":"2022-02-28T13:15:40","guid":{"rendered":"https:\/\/drasanvi.com\/fr\/?post_type=product&#038;p=14253"},"modified":"2022-03-10T14:14:05","modified_gmt":"2022-03-10T12:14:05","slug":"serum-rosa-mosqueta-bio-30-ml","status":"publish","type":"product","link":"https:\/\/drasanvi.com\/fr\/producto\/serum-rosa-mosqueta-bio-30-ml\/","title":{"rendered":"S\u00e9rum Rosa Mosqueta BIO 30 ml"},"content":{"rendered":"<h2>Ingredientes<\/h2>\n<p>Aloe barbadensis\u00a0Leaf Extract*, Aqua (Water), Cetearyl Alcohol, Glycerin,\u00a0Butyrospermum parkii\u00a0(Shea) Butter*, Glyceryl Stearate SE,\u00a0Rosa canina\u00a0Fruit Oil*,\u00a0Olea europaea\u00a0(Olive) Fruit Oil*,\u00a0Oryza sativa\u00a0(Rice) Starch, Betaine,\u00a0Rosa canina\u00a0Fruit Extract*,\u00a0Pelargonium graveolens\u00a0Flower Oil*,\u00a0Argania spinosa\u00a0(Argan) Kernel Oil*,\u00a0Prunus amygdalus\u00a0dulcis\u00a0(Sweet Almond) Oil*,\u00a0Corylus avellana\u00a0Seed Oil*,\u00a0Hamamelis virginiana\u00a0(Witch Hazel) Leaf Extract, Glycine Soja (Soybean) Oil, Xanthan Gum, Benzyl Alcohol, Sodium PCA, Sodium Hydroxide, Salicylic Acid, Citric Acid, Tocopherol, Beta-Sitosterol, Sorbic Acid, Squalene, Potassium Sorbate, Sodium Benzoate, Citronellol, Geraniol, Linalool.  *Ingrediente procedente de la Agricultura Ecol\u00f3gica\u00a0El 67,63 % del total de los ingredientes procede de la Agricultura Ecol\u00f3gica. 98,90% del total es de origen naturalCOSMOS ORGANIC certificado por Ecocert Greenlife seg\u00fan el est\u00e1ndar COSMOS (disponible en http:\/\/ COSMOS.ecocert.com)\u00a0<\/p>\n<h2>Modo de uso<\/h2>\n<p>Tras la limpieza de la piel con el mousse desmaquillante de Rosa mosqueta, aplicar una peque\u00f1a cantidad en rostro y cuello mediante un masaje suave y ascendente. Seguidamente, aplicar la crema de tratamiento de la misma l\u00ednea. Aplicar ma\u00f1ana y noche antes de la crema de tratamiento.\u00a0\u00a0<\/p>\n<h3>Presentaci\u00f3n<\/h3>\n<p>Envase de 30 ml (1,06 fl oz)<\/p>\n<h3>Advertencias<\/h3>\n<p>Uso t&oacute;pico. Producto destinado exclusivamente a la higiene personal.<\/p>\n<h2>Informaci\u00f3n adicional<\/h2>\n<p>Aloe barbadensis Leaf Extract*, Aqua (Water), Cetearyl Alcohol, Glycerin, Butyrospermum parkii (Shea) Butter*, Glyceryl Stearate SE, Rosa canina Fruit Oil*, Olea europaea (Olive) Fruit Oil*, Oryza sativa (Rice) Starch, Betaine, Rosa canina Fruit Extract*, Pelargonium graveolens Flower Oil*, Argania spinosa (Argan) Kernel Oil*, Prunus amygdalus dulcis (Sweet Almond) Oil*, Corylus avellana Seed Oil*, Hamamelis virginiana (Witch Hazel) Leaf Extract, Glycine Soja (Soybean) Oil, Xanthan Gum, Benzyl Alcohol, Sodium PCA, Sodium Hydroxide, Salicylic Acid, Citric Acid, Tocopherol, Beta-Sitosterol, Sorbic Acid, Squalene, Potassium Sorbate, Sodium Benzoate, Citronellol, Geraniol, Linalool.  *Ingrediente procedente de la Agricultura Ecol\u00f3gica El 67,63 % del total de los ingredientes procede de la Agricultura Ecol\u00f3gica. 98,90% del total es de origen naturalCOSMOS ORGANIC certificado por Ecocert Greenlife seg\u00fan el est\u00e1ndar COSMOS (disponible en http:\/\/ COSMOS.ecocert.com)\u00a0<\/p>\n<p>Aceite vegetal de rosa mosqueta, aceite esencial de Geranio Egipto, extracto de Aloe vera, Aceite vegetal de Oliva, extracto de Rosa mosqueta, manteca de Karit\u00e9 .<\/p>\n","protected":false},"excerpt":{"rendered":"<p>El s\u00e9rum de Rosa mosqueta de Drasanvi est\u00e1 indicado para pieles secas y maduras. Gracias a su composici\u00f3n rica en aceite de Rosa mosqueta y aceite esencial de Geranio, conseguimos una piel hidratada y firme.Su aroma suave y foral, nos aportar\u00e1 vigor y feminidad.Indicado para pieles secas y madurasAntiarrugas y reafirmante<br \/><a id=\"boton-ficha\" href=\"https:\/\/panel.drasanvi.com\/fichas\/1\/032060130\" target=\"_blank\" rel=\"noopener\">Ficha t\u00e9cnica<\/a><\/p>\n","protected":false},"featured_media":20620,"template":"","meta":{"inline_featured_image":false},"product_cat":[94,100],"product_tag":[],"class_list":["post-14253","product","type-product","status-publish","has-post-thumbnail","hentry","product_cat-cosmetica","product_cat-fitoaromaterapia","pa_contiene-altramuces-no","pa_contiene-apio-no","pa_contiene-cacahuetes-no","pa_contiene-crustaceos-no","pa_contiene-frutos-secos-no","pa_contiene-huevo-no","pa_contiene-leche-no","pa_contiene-moluscos-no","pa_contiene-mostaza-no","pa_contiene-pescado-no","pa_contiene-sesamo-no","pa_contiene-soja-no","pa_producto-bio-si","pa_producto-sin-gluten-si","pa_producto-vegano-si","pa_producto-vegetariano-no"],"yoast_head":"<!-- This site is optimized with the Yoast SEO plugin v27.4 - https:\/\/yoast.com\/product\/yoast-seo-wordpress\/ -->\n<title>S\u00e9rum Rosa Mosqueta BIO 30 ml - Drasanvi Francia<\/title>\n<meta name=\"robots\" content=\"index, follow, max-snippet:-1, max-image-preview:large, max-video-preview:-1\" \/>\n<link rel=\"canonical\" href=\"https:\/\/drasanvi.com\/fr\/producto\/serum-rosa-mosqueta-bio-30-ml\/\" \/>\n<meta property=\"og:locale\" content=\"fr_FR\" \/>\n<meta property=\"og:type\" content=\"article\" \/>\n<meta property=\"og:title\" content=\"S\u00e9rum Rosa Mosqueta BIO 30 ml - Drasanvi Francia\" \/>\n<meta property=\"og:description\" content=\"El s\u00e9rum de Rosa mosqueta de Drasanvi est\u00e1 indicado para pieles secas y maduras. Gracias a su composici\u00f3n rica en aceite de Rosa mosqueta y aceite esencial de Geranio, conseguimos una piel hidratada y firme.Su aroma suave y foral, nos aportar\u00e1 vigor y feminidad.Indicado para pieles secas y madurasAntiarrugas y reafirmanteFicha t\u00e9cnica\" \/>\n<meta property=\"og:url\" content=\"https:\/\/drasanvi.com\/fr\/producto\/serum-rosa-mosqueta-bio-30-ml\/\" \/>\n<meta property=\"og:site_name\" content=\"Drasanvi Francia\" \/>\n<meta property=\"article:modified_time\" content=\"2022-03-10T12:14:05+00:00\" \/>\n<meta property=\"og:image\" content=\"https:\/\/drasanvi.com\/wp-content\/uploads\/sites\/7\/2022\/02\/032060130.png\" \/>\n\t<meta property=\"og:image:width\" content=\"1000\" \/>\n\t<meta property=\"og:image:height\" content=\"1000\" \/>\n\t<meta property=\"og:image:type\" content=\"image\/png\" \/>\n<meta name=\"twitter:card\" content=\"summary_large_image\" \/>\n<script type=\"application\/ld+json\" class=\"yoast-schema-graph\">{\"@context\":\"https:\\\/\\\/schema.org\",\"@graph\":[{\"@type\":\"WebPage\",\"@id\":\"https:\\\/\\\/drasanvi.com\\\/fr\\\/producto\\\/serum-rosa-mosqueta-bio-30-ml\\\/\",\"url\":\"https:\\\/\\\/drasanvi.com\\\/fr\\\/producto\\\/serum-rosa-mosqueta-bio-30-ml\\\/\",\"name\":\"S\u00e9rum Rosa Mosqueta BIO 30 ml - Drasanvi Francia\",\"isPartOf\":{\"@id\":\"https:\\\/\\\/drasanvi.com\\\/fr\\\/#website\"},\"primaryImageOfPage\":{\"@id\":\"https:\\\/\\\/drasanvi.com\\\/fr\\\/producto\\\/serum-rosa-mosqueta-bio-30-ml\\\/#primaryimage\"},\"image\":{\"@id\":\"https:\\\/\\\/drasanvi.com\\\/fr\\\/producto\\\/serum-rosa-mosqueta-bio-30-ml\\\/#primaryimage\"},\"thumbnailUrl\":\"https:\\\/\\\/drasanvi.com\\\/fr\\\/wp-content\\\/uploads\\\/sites\\\/7\\\/2022\\\/02\\\/032060130.png\",\"datePublished\":\"2022-02-28T13:15:40+00:00\",\"dateModified\":\"2022-03-10T12:14:05+00:00\",\"breadcrumb\":{\"@id\":\"https:\\\/\\\/drasanvi.com\\\/fr\\\/producto\\\/serum-rosa-mosqueta-bio-30-ml\\\/#breadcrumb\"},\"inLanguage\":\"fr-FR\",\"potentialAction\":[{\"@type\":\"ReadAction\",\"target\":[\"https:\\\/\\\/drasanvi.com\\\/fr\\\/producto\\\/serum-rosa-mosqueta-bio-30-ml\\\/\"]}]},{\"@type\":\"ImageObject\",\"inLanguage\":\"fr-FR\",\"@id\":\"https:\\\/\\\/drasanvi.com\\\/fr\\\/producto\\\/serum-rosa-mosqueta-bio-30-ml\\\/#primaryimage\",\"url\":\"https:\\\/\\\/drasanvi.com\\\/fr\\\/wp-content\\\/uploads\\\/sites\\\/7\\\/2022\\\/02\\\/032060130.png\",\"contentUrl\":\"https:\\\/\\\/drasanvi.com\\\/fr\\\/wp-content\\\/uploads\\\/sites\\\/7\\\/2022\\\/02\\\/032060130.png\",\"width\":1000,\"height\":1000},{\"@type\":\"BreadcrumbList\",\"@id\":\"https:\\\/\\\/drasanvi.com\\\/fr\\\/producto\\\/serum-rosa-mosqueta-bio-30-ml\\\/#breadcrumb\",\"itemListElement\":[{\"@type\":\"ListItem\",\"position\":1,\"name\":\"Portada\",\"item\":\"https:\\\/\\\/drasanvi.com\\\/fr\\\/\"},{\"@type\":\"ListItem\",\"position\":2,\"name\":\"Tienda\",\"item\":\"https:\\\/\\\/drasanvi.com\\\/fr\\\/tienda\\\/\"},{\"@type\":\"ListItem\",\"position\":3,\"name\":\"S\u00e9rum Rosa Mosqueta BIO 30 ml\"}]},{\"@type\":\"WebSite\",\"@id\":\"https:\\\/\\\/drasanvi.com\\\/fr\\\/#website\",\"url\":\"https:\\\/\\\/drasanvi.com\\\/fr\\\/\",\"name\":\"Drasanvi Francia\",\"description\":\"L\u00edder en complementos alimenticios y cosm\u00e9tica natural.\",\"publisher\":{\"@id\":\"https:\\\/\\\/drasanvi.com\\\/fr\\\/#organization\"},\"potentialAction\":[{\"@type\":\"SearchAction\",\"target\":{\"@type\":\"EntryPoint\",\"urlTemplate\":\"https:\\\/\\\/drasanvi.com\\\/fr\\\/?s={search_term_string}\"},\"query-input\":{\"@type\":\"PropertyValueSpecification\",\"valueRequired\":true,\"valueName\":\"search_term_string\"}}],\"inLanguage\":\"fr-FR\"},{\"@type\":\"Organization\",\"@id\":\"https:\\\/\\\/drasanvi.com\\\/fr\\\/#organization\",\"name\":\"Drasanvi\",\"url\":\"https:\\\/\\\/drasanvi.com\\\/fr\\\/\",\"logo\":{\"@type\":\"ImageObject\",\"inLanguage\":\"fr-FR\",\"@id\":\"https:\\\/\\\/drasanvi.com\\\/fr\\\/#\\\/schema\\\/logo\\\/image\\\/\",\"url\":\"https:\\\/\\\/drasanvi.com\\\/wp-content\\\/uploads\\\/sites\\\/7\\\/2021\\\/07\\\/logo-drasanvi.png\",\"contentUrl\":\"https:\\\/\\\/drasanvi.com\\\/wp-content\\\/uploads\\\/sites\\\/7\\\/2021\\\/07\\\/logo-drasanvi.png\",\"width\":900,\"height\":300,\"caption\":\"Drasanvi\"},\"image\":{\"@id\":\"https:\\\/\\\/drasanvi.com\\\/fr\\\/#\\\/schema\\\/logo\\\/image\\\/\"}}]}<\/script>\n<!-- \/ Yoast SEO plugin. -->","yoast_head_json":{"title":"S\u00e9rum Rosa Mosqueta BIO 30 ml - Drasanvi Francia","robots":{"index":"index","follow":"follow","max-snippet":"max-snippet:-1","max-image-preview":"max-image-preview:large","max-video-preview":"max-video-preview:-1"},"canonical":"https:\/\/drasanvi.com\/fr\/producto\/serum-rosa-mosqueta-bio-30-ml\/","og_locale":"fr_FR","og_type":"article","og_title":"S\u00e9rum Rosa Mosqueta BIO 30 ml - Drasanvi Francia","og_description":"El s\u00e9rum de Rosa mosqueta de Drasanvi est\u00e1 indicado para pieles secas y maduras. Gracias a su composici\u00f3n rica en aceite de Rosa mosqueta y aceite esencial de Geranio, conseguimos una piel hidratada y firme.Su aroma suave y foral, nos aportar\u00e1 vigor y feminidad.Indicado para pieles secas y madurasAntiarrugas y reafirmanteFicha t\u00e9cnica","og_url":"https:\/\/drasanvi.com\/fr\/producto\/serum-rosa-mosqueta-bio-30-ml\/","og_site_name":"Drasanvi Francia","article_modified_time":"2022-03-10T12:14:05+00:00","og_image":[{"width":1000,"height":1000,"url":"https:\/\/drasanvi.com\/wp-content\/uploads\/sites\/7\/2022\/02\/032060130.png","type":"image\/png"}],"twitter_card":"summary_large_image","schema":{"@context":"https:\/\/schema.org","@graph":[{"@type":"WebPage","@id":"https:\/\/drasanvi.com\/fr\/producto\/serum-rosa-mosqueta-bio-30-ml\/","url":"https:\/\/drasanvi.com\/fr\/producto\/serum-rosa-mosqueta-bio-30-ml\/","name":"S\u00e9rum Rosa Mosqueta BIO 30 ml - Drasanvi Francia","isPartOf":{"@id":"https:\/\/drasanvi.com\/fr\/#website"},"primaryImageOfPage":{"@id":"https:\/\/drasanvi.com\/fr\/producto\/serum-rosa-mosqueta-bio-30-ml\/#primaryimage"},"image":{"@id":"https:\/\/drasanvi.com\/fr\/producto\/serum-rosa-mosqueta-bio-30-ml\/#primaryimage"},"thumbnailUrl":"https:\/\/drasanvi.com\/fr\/wp-content\/uploads\/sites\/7\/2022\/02\/032060130.png","datePublished":"2022-02-28T13:15:40+00:00","dateModified":"2022-03-10T12:14:05+00:00","breadcrumb":{"@id":"https:\/\/drasanvi.com\/fr\/producto\/serum-rosa-mosqueta-bio-30-ml\/#breadcrumb"},"inLanguage":"fr-FR","potentialAction":[{"@type":"ReadAction","target":["https:\/\/drasanvi.com\/fr\/producto\/serum-rosa-mosqueta-bio-30-ml\/"]}]},{"@type":"ImageObject","inLanguage":"fr-FR","@id":"https:\/\/drasanvi.com\/fr\/producto\/serum-rosa-mosqueta-bio-30-ml\/#primaryimage","url":"https:\/\/drasanvi.com\/fr\/wp-content\/uploads\/sites\/7\/2022\/02\/032060130.png","contentUrl":"https:\/\/drasanvi.com\/fr\/wp-content\/uploads\/sites\/7\/2022\/02\/032060130.png","width":1000,"height":1000},{"@type":"BreadcrumbList","@id":"https:\/\/drasanvi.com\/fr\/producto\/serum-rosa-mosqueta-bio-30-ml\/#breadcrumb","itemListElement":[{"@type":"ListItem","position":1,"name":"Portada","item":"https:\/\/drasanvi.com\/fr\/"},{"@type":"ListItem","position":2,"name":"Tienda","item":"https:\/\/drasanvi.com\/fr\/tienda\/"},{"@type":"ListItem","position":3,"name":"S\u00e9rum Rosa Mosqueta BIO 30 ml"}]},{"@type":"WebSite","@id":"https:\/\/drasanvi.com\/fr\/#website","url":"https:\/\/drasanvi.com\/fr\/","name":"Drasanvi Francia","description":"L\u00edder en complementos alimenticios y cosm\u00e9tica natural.","publisher":{"@id":"https:\/\/drasanvi.com\/fr\/#organization"},"potentialAction":[{"@type":"SearchAction","target":{"@type":"EntryPoint","urlTemplate":"https:\/\/drasanvi.com\/fr\/?s={search_term_string}"},"query-input":{"@type":"PropertyValueSpecification","valueRequired":true,"valueName":"search_term_string"}}],"inLanguage":"fr-FR"},{"@type":"Organization","@id":"https:\/\/drasanvi.com\/fr\/#organization","name":"Drasanvi","url":"https:\/\/drasanvi.com\/fr\/","logo":{"@type":"ImageObject","inLanguage":"fr-FR","@id":"https:\/\/drasanvi.com\/fr\/#\/schema\/logo\/image\/","url":"https:\/\/drasanvi.com\/wp-content\/uploads\/sites\/7\/2021\/07\/logo-drasanvi.png","contentUrl":"https:\/\/drasanvi.com\/wp-content\/uploads\/sites\/7\/2021\/07\/logo-drasanvi.png","width":900,"height":300,"caption":"Drasanvi"},"image":{"@id":"https:\/\/drasanvi.com\/fr\/#\/schema\/logo\/image\/"}}]}},"_links":{"self":[{"href":"https:\/\/drasanvi.com\/fr\/wp-json\/wp\/v2\/product\/14253","targetHints":{"allow":["GET"]}}],"collection":[{"href":"https:\/\/drasanvi.com\/fr\/wp-json\/wp\/v2\/product"}],"about":[{"href":"https:\/\/drasanvi.com\/fr\/wp-json\/wp\/v2\/types\/product"}],"version-history":[{"count":0,"href":"https:\/\/drasanvi.com\/fr\/wp-json\/wp\/v2\/product\/14253\/revisions"}],"wp:featuredmedia":[{"embeddable":true,"href":"https:\/\/drasanvi.com\/fr\/wp-json\/wp\/v2\/media\/20620"}],"wp:attachment":[{"href":"https:\/\/drasanvi.com\/fr\/wp-json\/wp\/v2\/media?parent=14253"}],"wp:term":[{"taxonomy":"product_cat","embeddable":true,"href":"https:\/\/drasanvi.com\/fr\/wp-json\/wp\/v2\/product_cat?post=14253"},{"taxonomy":"product_tag","embeddable":true,"href":"https:\/\/drasanvi.com\/fr\/wp-json\/wp\/v2\/product_tag?post=14253"}],"curies":[{"name":"wp","href":"https:\/\/api.w.org\/{rel}","templated":true}]}}