{"id":14046,"date":"2022-02-28T15:11:03","date_gmt":"2022-02-28T13:11:03","guid":{"rendered":"https:\/\/drasanvi.com\/fr\/?post_type=product&#038;p=14046"},"modified":"2022-03-10T14:13:53","modified_gmt":"2022-03-10T12:13:53","slug":"mousse-desmaquillante-cannabis-ecocert-bio-150ml","status":"publish","type":"product","link":"https:\/\/drasanvi.com\/fr\/producto\/mousse-desmaquillante-cannabis-ecocert-bio-150ml\/","title":{"rendered":"Mousse Desmaquillante Cannabis Ecocert BIO 150ml"},"content":{"rendered":"<h2>Ingredientes<\/h2>\n<p>Aloe Barbadensis Leaf Extract*, Aqua (Water), Glycerin, Betaine, Decyl Glucoside, Propanediol, Cocamidopropyl Betaine, Disodium Cocoamphodiacetate, Cannabis Sativa Seed Extract*, Cananga Odorata Flower Oil*, \u00a0Benzyl Alcohol , Sodium PCA,\u00a0 Potassium Sorbate , Sodium Benzoate, Salicylic Acid, Citric Acid, Sodium Hydroxide, Sorbic Acid\u00a0*Ingredientes procedentes de la Agricultura Ecol\u00f3gica\u00a0El 59,95% del total de los ingredientes procede de la Agricultura Ecol\u00f3gica.\u00a098,10% del total es de origen natural\u00a0COSMOS ORGANIC certificado por Ecocert Greenlife seg\u00fan el est\u00e1ndar COSMOS disponible en http:\/\/ COSMOS.ecocert.com \u00a0<\/p>\n<h2>Modo de uso<\/h2>\n<p>Informaci\u00f3n t\u00e9cnica:A.E. de Ylang ylang (cananga odorata)Quimiotipo: D-germacreno , \u00a0farnesenoOrigen: EgiptoExtracci\u00f3n: destilaci\u00f3n por arrastre de vapor de aguaParte destilada: hoja\u00a0<\/p>\n<h3>Presentaci\u00f3n<\/h3>\n<p>Envase de 150 ml (5,07 fl oz)<\/p>\n<h3>Advertencias<\/h3>\n<p>Uso t&oacute;picoProducto destinado exclusivamente a la higiene<\/p>\n<h2>Informaci\u00f3n adicional<\/h2>\n<p>Aloe Barbadensis Leaf Extract*, Aqua (Water), Glycerin, Betaine, Decyl Glucoside, Propanediol, Cocamidopropyl Betaine, Disodium Cocoamphodiacetate, Cannabis Sativa Seed Extract*, Cananga Odorata Flower Oil*, \u00a0Benzyl Alcohol , Sodium PCA,\u00a0 Potassium Sorbate , Sodium Benzoate, Salicylic Acid, Citric Acid, Sodium Hydroxide, Sorbic Acid *Ingredientes procedentes de la Agricultura Ecol\u00f3gica\u00a0El 59,95% del total de los ingredientes procede de la Agricultura Ecol\u00f3gica.\u00a098,10% del total es de origen natural\u00a0COSMOS ORGANIC certificado por Ecocert Greenlife seg\u00fan el est\u00e1ndar COSMOS disponible en http:\/\/ COSMOS.ecocert.com\u00a0\u00a0<\/p>\n<p>Extracto de Aloe Vera, extracto de Cannabis, Aceite Esencial de Ylang Ylang,<\/p>\n","protected":false},"excerpt":{"rendered":"<p>El Mousse limpiador de Cannabis de Drasanvi es una soluci\u00f3n ideal para limpiar en profundidad las pieles mas sensibles (gracias al aceite esencial quimiotipado de ylang ylang), eliminando hasta el maquillaje m\u00e1s resistente. La agradable textura en mousse es f\u00e1cil de aplicar y nos asegura una limpieza facial eficaz a diario.Su aroma florar nos aportar\u00e1 una sensaci\u00f3n de alegr\u00eda. Todo tipo de piel, hasta las m\u00e1s sensibles.\u00a0<br \/><a id=\"boton-ficha\" href=\"https:\/\/panel.drasanvi.com\/fichas\/1\/032060732\" target=\"_blank\" rel=\"noopener\">Ficha t\u00e9cnica<\/a><\/p>\n","protected":false},"featured_media":20361,"template":"","meta":{"inline_featured_image":false},"product_cat":[92],"product_tag":[],"class_list":["post-14046","product","type-product","status-publish","has-post-thumbnail","hentry","product_cat-cannabis-cbd","pa_contiene-altramuces-no","pa_contiene-apio-no","pa_contiene-cacahuetes-no","pa_contiene-crustaceos-no","pa_contiene-frutos-secos-no","pa_contiene-huevo-no","pa_contiene-leche-no","pa_contiene-moluscos-no","pa_contiene-mostaza-no","pa_contiene-pescado-no","pa_contiene-sesamo-no","pa_contiene-soja-no","pa_producto-bio-si","pa_producto-sin-gluten-si","pa_producto-vegano-si","pa_producto-vegetariano-no"],"yoast_head":"<!-- This site is optimized with the Yoast SEO plugin v27.4 - https:\/\/yoast.com\/product\/yoast-seo-wordpress\/ -->\n<title>Mousse Desmaquillante Cannabis Ecocert BIO 150ml - Drasanvi Francia<\/title>\n<meta name=\"robots\" content=\"index, follow, max-snippet:-1, max-image-preview:large, max-video-preview:-1\" \/>\n<link rel=\"canonical\" href=\"https:\/\/drasanvi.com\/fr\/producto\/mousse-desmaquillante-cannabis-ecocert-bio-150ml\/\" \/>\n<meta property=\"og:locale\" content=\"fr_FR\" \/>\n<meta property=\"og:type\" content=\"article\" \/>\n<meta property=\"og:title\" content=\"Mousse Desmaquillante Cannabis Ecocert BIO 150ml - Drasanvi Francia\" \/>\n<meta property=\"og:description\" content=\"El Mousse limpiador de Cannabis de Drasanvi es una soluci\u00f3n ideal para limpiar en profundidad las pieles mas sensibles (gracias al aceite esencial quimiotipado de ylang ylang), eliminando hasta el maquillaje m\u00e1s resistente. La agradable textura en mousse es f\u00e1cil de aplicar y nos asegura una limpieza facial eficaz a diario.Su aroma florar nos aportar\u00e1 una sensaci\u00f3n de alegr\u00eda. Todo tipo de piel, hasta las m\u00e1s sensibles.\u00a0Ficha t\u00e9cnica\" \/>\n<meta property=\"og:url\" content=\"https:\/\/drasanvi.com\/fr\/producto\/mousse-desmaquillante-cannabis-ecocert-bio-150ml\/\" \/>\n<meta property=\"og:site_name\" content=\"Drasanvi Francia\" \/>\n<meta property=\"article:modified_time\" content=\"2022-03-10T12:13:53+00:00\" \/>\n<meta property=\"og:image\" content=\"https:\/\/drasanvi.com\/wp-content\/uploads\/sites\/7\/2022\/02\/032060732.png\" \/>\n\t<meta property=\"og:image:width\" content=\"768\" \/>\n\t<meta property=\"og:image:height\" content=\"768\" \/>\n\t<meta property=\"og:image:type\" content=\"image\/png\" \/>\n<meta name=\"twitter:card\" content=\"summary_large_image\" \/>\n<script type=\"application\/ld+json\" class=\"yoast-schema-graph\">{\"@context\":\"https:\\\/\\\/schema.org\",\"@graph\":[{\"@type\":\"WebPage\",\"@id\":\"https:\\\/\\\/drasanvi.com\\\/fr\\\/producto\\\/mousse-desmaquillante-cannabis-ecocert-bio-150ml\\\/\",\"url\":\"https:\\\/\\\/drasanvi.com\\\/fr\\\/producto\\\/mousse-desmaquillante-cannabis-ecocert-bio-150ml\\\/\",\"name\":\"Mousse Desmaquillante Cannabis Ecocert BIO 150ml - Drasanvi Francia\",\"isPartOf\":{\"@id\":\"https:\\\/\\\/drasanvi.com\\\/fr\\\/#website\"},\"primaryImageOfPage\":{\"@id\":\"https:\\\/\\\/drasanvi.com\\\/fr\\\/producto\\\/mousse-desmaquillante-cannabis-ecocert-bio-150ml\\\/#primaryimage\"},\"image\":{\"@id\":\"https:\\\/\\\/drasanvi.com\\\/fr\\\/producto\\\/mousse-desmaquillante-cannabis-ecocert-bio-150ml\\\/#primaryimage\"},\"thumbnailUrl\":\"https:\\\/\\\/drasanvi.com\\\/fr\\\/wp-content\\\/uploads\\\/sites\\\/7\\\/2022\\\/02\\\/032060732.png\",\"datePublished\":\"2022-02-28T13:11:03+00:00\",\"dateModified\":\"2022-03-10T12:13:53+00:00\",\"breadcrumb\":{\"@id\":\"https:\\\/\\\/drasanvi.com\\\/fr\\\/producto\\\/mousse-desmaquillante-cannabis-ecocert-bio-150ml\\\/#breadcrumb\"},\"inLanguage\":\"fr-FR\",\"potentialAction\":[{\"@type\":\"ReadAction\",\"target\":[\"https:\\\/\\\/drasanvi.com\\\/fr\\\/producto\\\/mousse-desmaquillante-cannabis-ecocert-bio-150ml\\\/\"]}]},{\"@type\":\"ImageObject\",\"inLanguage\":\"fr-FR\",\"@id\":\"https:\\\/\\\/drasanvi.com\\\/fr\\\/producto\\\/mousse-desmaquillante-cannabis-ecocert-bio-150ml\\\/#primaryimage\",\"url\":\"https:\\\/\\\/drasanvi.com\\\/fr\\\/wp-content\\\/uploads\\\/sites\\\/7\\\/2022\\\/02\\\/032060732.png\",\"contentUrl\":\"https:\\\/\\\/drasanvi.com\\\/fr\\\/wp-content\\\/uploads\\\/sites\\\/7\\\/2022\\\/02\\\/032060732.png\",\"width\":768,\"height\":768},{\"@type\":\"BreadcrumbList\",\"@id\":\"https:\\\/\\\/drasanvi.com\\\/fr\\\/producto\\\/mousse-desmaquillante-cannabis-ecocert-bio-150ml\\\/#breadcrumb\",\"itemListElement\":[{\"@type\":\"ListItem\",\"position\":1,\"name\":\"Portada\",\"item\":\"https:\\\/\\\/drasanvi.com\\\/fr\\\/\"},{\"@type\":\"ListItem\",\"position\":2,\"name\":\"Tienda\",\"item\":\"https:\\\/\\\/drasanvi.com\\\/fr\\\/tienda\\\/\"},{\"@type\":\"ListItem\",\"position\":3,\"name\":\"Mousse Desmaquillante Cannabis Ecocert BIO 150ml\"}]},{\"@type\":\"WebSite\",\"@id\":\"https:\\\/\\\/drasanvi.com\\\/fr\\\/#website\",\"url\":\"https:\\\/\\\/drasanvi.com\\\/fr\\\/\",\"name\":\"Drasanvi Francia\",\"description\":\"L\u00edder en complementos alimenticios y cosm\u00e9tica natural.\",\"publisher\":{\"@id\":\"https:\\\/\\\/drasanvi.com\\\/fr\\\/#organization\"},\"potentialAction\":[{\"@type\":\"SearchAction\",\"target\":{\"@type\":\"EntryPoint\",\"urlTemplate\":\"https:\\\/\\\/drasanvi.com\\\/fr\\\/?s={search_term_string}\"},\"query-input\":{\"@type\":\"PropertyValueSpecification\",\"valueRequired\":true,\"valueName\":\"search_term_string\"}}],\"inLanguage\":\"fr-FR\"},{\"@type\":\"Organization\",\"@id\":\"https:\\\/\\\/drasanvi.com\\\/fr\\\/#organization\",\"name\":\"Drasanvi\",\"url\":\"https:\\\/\\\/drasanvi.com\\\/fr\\\/\",\"logo\":{\"@type\":\"ImageObject\",\"inLanguage\":\"fr-FR\",\"@id\":\"https:\\\/\\\/drasanvi.com\\\/fr\\\/#\\\/schema\\\/logo\\\/image\\\/\",\"url\":\"https:\\\/\\\/drasanvi.com\\\/wp-content\\\/uploads\\\/sites\\\/7\\\/2021\\\/07\\\/logo-drasanvi.png\",\"contentUrl\":\"https:\\\/\\\/drasanvi.com\\\/wp-content\\\/uploads\\\/sites\\\/7\\\/2021\\\/07\\\/logo-drasanvi.png\",\"width\":900,\"height\":300,\"caption\":\"Drasanvi\"},\"image\":{\"@id\":\"https:\\\/\\\/drasanvi.com\\\/fr\\\/#\\\/schema\\\/logo\\\/image\\\/\"}}]}<\/script>\n<!-- \/ Yoast SEO plugin. -->","yoast_head_json":{"title":"Mousse Desmaquillante Cannabis Ecocert BIO 150ml - Drasanvi Francia","robots":{"index":"index","follow":"follow","max-snippet":"max-snippet:-1","max-image-preview":"max-image-preview:large","max-video-preview":"max-video-preview:-1"},"canonical":"https:\/\/drasanvi.com\/fr\/producto\/mousse-desmaquillante-cannabis-ecocert-bio-150ml\/","og_locale":"fr_FR","og_type":"article","og_title":"Mousse Desmaquillante Cannabis Ecocert BIO 150ml - Drasanvi Francia","og_description":"El Mousse limpiador de Cannabis de Drasanvi es una soluci\u00f3n ideal para limpiar en profundidad las pieles mas sensibles (gracias al aceite esencial quimiotipado de ylang ylang), eliminando hasta el maquillaje m\u00e1s resistente. La agradable textura en mousse es f\u00e1cil de aplicar y nos asegura una limpieza facial eficaz a diario.Su aroma florar nos aportar\u00e1 una sensaci\u00f3n de alegr\u00eda. Todo tipo de piel, hasta las m\u00e1s sensibles.\u00a0Ficha t\u00e9cnica","og_url":"https:\/\/drasanvi.com\/fr\/producto\/mousse-desmaquillante-cannabis-ecocert-bio-150ml\/","og_site_name":"Drasanvi Francia","article_modified_time":"2022-03-10T12:13:53+00:00","og_image":[{"width":768,"height":768,"url":"https:\/\/drasanvi.com\/wp-content\/uploads\/sites\/7\/2022\/02\/032060732.png","type":"image\/png"}],"twitter_card":"summary_large_image","schema":{"@context":"https:\/\/schema.org","@graph":[{"@type":"WebPage","@id":"https:\/\/drasanvi.com\/fr\/producto\/mousse-desmaquillante-cannabis-ecocert-bio-150ml\/","url":"https:\/\/drasanvi.com\/fr\/producto\/mousse-desmaquillante-cannabis-ecocert-bio-150ml\/","name":"Mousse Desmaquillante Cannabis Ecocert BIO 150ml - Drasanvi Francia","isPartOf":{"@id":"https:\/\/drasanvi.com\/fr\/#website"},"primaryImageOfPage":{"@id":"https:\/\/drasanvi.com\/fr\/producto\/mousse-desmaquillante-cannabis-ecocert-bio-150ml\/#primaryimage"},"image":{"@id":"https:\/\/drasanvi.com\/fr\/producto\/mousse-desmaquillante-cannabis-ecocert-bio-150ml\/#primaryimage"},"thumbnailUrl":"https:\/\/drasanvi.com\/fr\/wp-content\/uploads\/sites\/7\/2022\/02\/032060732.png","datePublished":"2022-02-28T13:11:03+00:00","dateModified":"2022-03-10T12:13:53+00:00","breadcrumb":{"@id":"https:\/\/drasanvi.com\/fr\/producto\/mousse-desmaquillante-cannabis-ecocert-bio-150ml\/#breadcrumb"},"inLanguage":"fr-FR","potentialAction":[{"@type":"ReadAction","target":["https:\/\/drasanvi.com\/fr\/producto\/mousse-desmaquillante-cannabis-ecocert-bio-150ml\/"]}]},{"@type":"ImageObject","inLanguage":"fr-FR","@id":"https:\/\/drasanvi.com\/fr\/producto\/mousse-desmaquillante-cannabis-ecocert-bio-150ml\/#primaryimage","url":"https:\/\/drasanvi.com\/fr\/wp-content\/uploads\/sites\/7\/2022\/02\/032060732.png","contentUrl":"https:\/\/drasanvi.com\/fr\/wp-content\/uploads\/sites\/7\/2022\/02\/032060732.png","width":768,"height":768},{"@type":"BreadcrumbList","@id":"https:\/\/drasanvi.com\/fr\/producto\/mousse-desmaquillante-cannabis-ecocert-bio-150ml\/#breadcrumb","itemListElement":[{"@type":"ListItem","position":1,"name":"Portada","item":"https:\/\/drasanvi.com\/fr\/"},{"@type":"ListItem","position":2,"name":"Tienda","item":"https:\/\/drasanvi.com\/fr\/tienda\/"},{"@type":"ListItem","position":3,"name":"Mousse Desmaquillante Cannabis Ecocert BIO 150ml"}]},{"@type":"WebSite","@id":"https:\/\/drasanvi.com\/fr\/#website","url":"https:\/\/drasanvi.com\/fr\/","name":"Drasanvi Francia","description":"L\u00edder en complementos alimenticios y cosm\u00e9tica natural.","publisher":{"@id":"https:\/\/drasanvi.com\/fr\/#organization"},"potentialAction":[{"@type":"SearchAction","target":{"@type":"EntryPoint","urlTemplate":"https:\/\/drasanvi.com\/fr\/?s={search_term_string}"},"query-input":{"@type":"PropertyValueSpecification","valueRequired":true,"valueName":"search_term_string"}}],"inLanguage":"fr-FR"},{"@type":"Organization","@id":"https:\/\/drasanvi.com\/fr\/#organization","name":"Drasanvi","url":"https:\/\/drasanvi.com\/fr\/","logo":{"@type":"ImageObject","inLanguage":"fr-FR","@id":"https:\/\/drasanvi.com\/fr\/#\/schema\/logo\/image\/","url":"https:\/\/drasanvi.com\/wp-content\/uploads\/sites\/7\/2021\/07\/logo-drasanvi.png","contentUrl":"https:\/\/drasanvi.com\/wp-content\/uploads\/sites\/7\/2021\/07\/logo-drasanvi.png","width":900,"height":300,"caption":"Drasanvi"},"image":{"@id":"https:\/\/drasanvi.com\/fr\/#\/schema\/logo\/image\/"}}]}},"_links":{"self":[{"href":"https:\/\/drasanvi.com\/fr\/wp-json\/wp\/v2\/product\/14046","targetHints":{"allow":["GET"]}}],"collection":[{"href":"https:\/\/drasanvi.com\/fr\/wp-json\/wp\/v2\/product"}],"about":[{"href":"https:\/\/drasanvi.com\/fr\/wp-json\/wp\/v2\/types\/product"}],"version-history":[{"count":0,"href":"https:\/\/drasanvi.com\/fr\/wp-json\/wp\/v2\/product\/14046\/revisions"}],"wp:featuredmedia":[{"embeddable":true,"href":"https:\/\/drasanvi.com\/fr\/wp-json\/wp\/v2\/media\/20361"}],"wp:attachment":[{"href":"https:\/\/drasanvi.com\/fr\/wp-json\/wp\/v2\/media?parent=14046"}],"wp:term":[{"taxonomy":"product_cat","embeddable":true,"href":"https:\/\/drasanvi.com\/fr\/wp-json\/wp\/v2\/product_cat?post=14046"},{"taxonomy":"product_tag","embeddable":true,"href":"https:\/\/drasanvi.com\/fr\/wp-json\/wp\/v2\/product_tag?post=14046"}],"curies":[{"name":"wp","href":"https:\/\/api.w.org\/{rel}","templated":true}]}}