{"id":14001,"date":"2021-08-04T14:39:38","date_gmt":"2021-08-04T12:39:38","guid":{"rendered":"https:\/\/drasanvi.com\/fr\/?post_type=product&#038;p=14001"},"modified":"2022-03-10T14:17:07","modified_gmt":"2022-03-10T12:17:07","slug":"cannabis-zen-azul-30-capsulas","status":"publish","type":"product","link":"https:\/\/drasanvi.com\/fr\/producto\/cannabis-zen-azul-30-capsulas\/","title":{"rendered":"Cannabis zen Azul 30 capsulas"},"content":{"rendered":"<div class=\"table-responsive\">\n<table>\n<tbody>\n<tr>\n<th>Ingredientes<\/th>\n<th>Descripci\u00f3n<\/th>\n<th>Cantidad \/ Dosis diaria<\/th>\n<\/tr>\n<tr>\n<td>Extracto seco de amapola de California&nbsp;&nbsp;<\/td>\n<td>Eschscholzia californica<\/td>\n<td>140 mg&nbsp;<\/td>\n<\/tr>\n<tr>\n<td>GABA&nbsp;<\/td>\n<td>&nbsp;<\/td>\n<td>70 mg&nbsp;<\/td>\n<\/tr>\n<tr>\n<td>Extracto semilla c\u00e1\u00f1amo&nbsp;<\/td>\n<td><em>Cannabis sativa var sativa<\/em><\/td>\n<td>50 mg&nbsp;<\/td>\n<\/tr>\n<tr>\n<td>Extracto seco de Magnolia&nbsp;<\/td>\n<td><em>Magnolia grandiflora L. al 90% Honokiol<\/em><\/td>\n<td>50 mg&nbsp;<\/td>\n<\/tr>\n<tr>\n<td>Extracto seco de l\u00fapulo&nbsp;<\/td>\n<td><em>Humulus lupulus 2,5% Flavonoides&nbsp;<\/em><\/td>\n<td>40 mg&nbsp;<\/td>\n<\/tr>\n<tr>\n<td>Vitamina B6<\/td>\n<td>Piridoximina clorhidrato&nbsp;<\/td>\n<td>1,4 mg&nbsp;<\/td>\n<\/tr>\n<tr>\n<td>Otros ingredientes<\/td>\n<td>Hidroxipropilmetilcelulosa, Celulosa microcristina, esterato de magnesio, di\u00f3xido de silicio<\/td>\n<td>&nbsp;<\/td>\n<\/tr>\n<\/tbody>\n<\/table>\n<\/div>\n","protected":false},"excerpt":{"rendered":"<p>Nuestras c\u00e1psulas de Cannabis aprovechan las propiedades del c\u00e1\u00f1amo industrial junto con el Magnolia, L\u00fapulo y Vitamina B6, que contribuye al correcto funcionamiento de la funci\u00f3n psicol\u00f3gica normal.\u00a0  Toma uno al d\u00eda, preferiblemente, antes dormir, pero, puedes elegir el momento que m\u00e1s se ajuste a tus necesidades.\u00a0<br \/><a id=\"boton-ficha\" href=\"https:\/\/panel.drasanvi.com\/fichas\/1\/032057036\" target=\"_blank\" rel=\"noopener\">Ficha t\u00e9cnica<\/a><\/p>\n","protected":false},"featured_media":14006,"template":"","meta":{"inline_featured_image":false},"product_cat":[92],"product_tag":[],"class_list":["post-14001","product","type-product","status-publish","has-post-thumbnail","hentry","product_cat-cannabis-cbd"],"yoast_head":"<!-- This site is optimized with the Yoast SEO plugin v27.5 - https:\/\/yoast.com\/product\/yoast-seo-wordpress\/ -->\n<title>Cannabis zen Azul 30 capsulas - Drasanvi Francia<\/title>\n<meta name=\"robots\" content=\"index, follow, max-snippet:-1, max-image-preview:large, max-video-preview:-1\" \/>\n<link rel=\"canonical\" href=\"https:\/\/drasanvi.com\/fr\/producto\/cannabis-zen-azul-30-capsulas\/\" \/>\n<meta property=\"og:locale\" content=\"fr_FR\" \/>\n<meta property=\"og:type\" content=\"article\" \/>\n<meta property=\"og:title\" content=\"Cannabis zen Azul 30 capsulas - Drasanvi Francia\" \/>\n<meta property=\"og:description\" content=\"Nuestras c\u00e1psulas de Cannabis aprovechan las propiedades del c\u00e1\u00f1amo industrial junto con el Magnolia, L\u00fapulo y Vitamina B6, que contribuye al correcto funcionamiento de la funci\u00f3n psicol\u00f3gica normal.\u00a0 Toma uno al d\u00eda, preferiblemente, antes dormir, pero, puedes elegir el momento que m\u00e1s se ajuste a tus necesidades.\u00a0Ficha t\u00e9cnica\" \/>\n<meta property=\"og:url\" content=\"https:\/\/drasanvi.com\/fr\/producto\/cannabis-zen-azul-30-capsulas\/\" \/>\n<meta property=\"og:site_name\" content=\"Drasanvi Francia\" \/>\n<meta property=\"article:modified_time\" content=\"2022-03-10T12:17:07+00:00\" \/>\n<meta property=\"og:image\" content=\"https:\/\/drasanvi.com\/wp-content\/uploads\/sites\/7\/2021\/08\/cannabis-zen-azul-30-capsulas-drasanvi.png\" \/>\n\t<meta property=\"og:image:width\" content=\"768\" \/>\n\t<meta property=\"og:image:height\" content=\"768\" \/>\n\t<meta property=\"og:image:type\" content=\"image\/png\" \/>\n<meta name=\"twitter:card\" content=\"summary_large_image\" \/>\n<script type=\"application\/ld+json\" class=\"yoast-schema-graph\">{\"@context\":\"https:\\\/\\\/schema.org\",\"@graph\":[{\"@type\":\"WebPage\",\"@id\":\"https:\\\/\\\/drasanvi.com\\\/fr\\\/producto\\\/cannabis-zen-azul-30-capsulas\\\/\",\"url\":\"https:\\\/\\\/drasanvi.com\\\/fr\\\/producto\\\/cannabis-zen-azul-30-capsulas\\\/\",\"name\":\"Cannabis zen Azul 30 capsulas - Drasanvi Francia\",\"isPartOf\":{\"@id\":\"https:\\\/\\\/drasanvi.com\\\/fr\\\/#website\"},\"primaryImageOfPage\":{\"@id\":\"https:\\\/\\\/drasanvi.com\\\/fr\\\/producto\\\/cannabis-zen-azul-30-capsulas\\\/#primaryimage\"},\"image\":{\"@id\":\"https:\\\/\\\/drasanvi.com\\\/fr\\\/producto\\\/cannabis-zen-azul-30-capsulas\\\/#primaryimage\"},\"thumbnailUrl\":\"https:\\\/\\\/drasanvi.com\\\/fr\\\/wp-content\\\/uploads\\\/sites\\\/7\\\/2021\\\/08\\\/cannabis-zen-azul-30-capsulas-drasanvi.png\",\"datePublished\":\"2021-08-04T12:39:38+00:00\",\"dateModified\":\"2022-03-10T12:17:07+00:00\",\"breadcrumb\":{\"@id\":\"https:\\\/\\\/drasanvi.com\\\/fr\\\/producto\\\/cannabis-zen-azul-30-capsulas\\\/#breadcrumb\"},\"inLanguage\":\"fr-FR\",\"potentialAction\":[{\"@type\":\"ReadAction\",\"target\":[\"https:\\\/\\\/drasanvi.com\\\/fr\\\/producto\\\/cannabis-zen-azul-30-capsulas\\\/\"]}]},{\"@type\":\"ImageObject\",\"inLanguage\":\"fr-FR\",\"@id\":\"https:\\\/\\\/drasanvi.com\\\/fr\\\/producto\\\/cannabis-zen-azul-30-capsulas\\\/#primaryimage\",\"url\":\"https:\\\/\\\/drasanvi.com\\\/fr\\\/wp-content\\\/uploads\\\/sites\\\/7\\\/2021\\\/08\\\/cannabis-zen-azul-30-capsulas-drasanvi.png\",\"contentUrl\":\"https:\\\/\\\/drasanvi.com\\\/fr\\\/wp-content\\\/uploads\\\/sites\\\/7\\\/2021\\\/08\\\/cannabis-zen-azul-30-capsulas-drasanvi.png\",\"width\":768,\"height\":768,\"caption\":\"Cannabis zen Azul 30 capsula\"},{\"@type\":\"BreadcrumbList\",\"@id\":\"https:\\\/\\\/drasanvi.com\\\/fr\\\/producto\\\/cannabis-zen-azul-30-capsulas\\\/#breadcrumb\",\"itemListElement\":[{\"@type\":\"ListItem\",\"position\":1,\"name\":\"Portada\",\"item\":\"https:\\\/\\\/drasanvi.com\\\/fr\\\/\"},{\"@type\":\"ListItem\",\"position\":2,\"name\":\"Tienda\",\"item\":\"https:\\\/\\\/drasanvi.com\\\/fr\\\/tienda\\\/\"},{\"@type\":\"ListItem\",\"position\":3,\"name\":\"Cannabis zen Azul 30 capsulas\"}]},{\"@type\":\"WebSite\",\"@id\":\"https:\\\/\\\/drasanvi.com\\\/fr\\\/#website\",\"url\":\"https:\\\/\\\/drasanvi.com\\\/fr\\\/\",\"name\":\"Drasanvi Francia\",\"description\":\"L\u00edder en complementos alimenticios y cosm\u00e9tica natural.\",\"publisher\":{\"@id\":\"https:\\\/\\\/drasanvi.com\\\/fr\\\/#organization\"},\"potentialAction\":[{\"@type\":\"SearchAction\",\"target\":{\"@type\":\"EntryPoint\",\"urlTemplate\":\"https:\\\/\\\/drasanvi.com\\\/fr\\\/?s={search_term_string}\"},\"query-input\":{\"@type\":\"PropertyValueSpecification\",\"valueRequired\":true,\"valueName\":\"search_term_string\"}}],\"inLanguage\":\"fr-FR\"},{\"@type\":\"Organization\",\"@id\":\"https:\\\/\\\/drasanvi.com\\\/fr\\\/#organization\",\"name\":\"Drasanvi\",\"url\":\"https:\\\/\\\/drasanvi.com\\\/fr\\\/\",\"logo\":{\"@type\":\"ImageObject\",\"inLanguage\":\"fr-FR\",\"@id\":\"https:\\\/\\\/drasanvi.com\\\/fr\\\/#\\\/schema\\\/logo\\\/image\\\/\",\"url\":\"https:\\\/\\\/drasanvi.com\\\/wp-content\\\/uploads\\\/sites\\\/7\\\/2021\\\/07\\\/logo-drasanvi.png\",\"contentUrl\":\"https:\\\/\\\/drasanvi.com\\\/wp-content\\\/uploads\\\/sites\\\/7\\\/2021\\\/07\\\/logo-drasanvi.png\",\"width\":900,\"height\":300,\"caption\":\"Drasanvi\"},\"image\":{\"@id\":\"https:\\\/\\\/drasanvi.com\\\/fr\\\/#\\\/schema\\\/logo\\\/image\\\/\"}}]}<\/script>\n<!-- \/ Yoast SEO plugin. -->","yoast_head_json":{"title":"Cannabis zen Azul 30 capsulas - Drasanvi Francia","robots":{"index":"index","follow":"follow","max-snippet":"max-snippet:-1","max-image-preview":"max-image-preview:large","max-video-preview":"max-video-preview:-1"},"canonical":"https:\/\/drasanvi.com\/fr\/producto\/cannabis-zen-azul-30-capsulas\/","og_locale":"fr_FR","og_type":"article","og_title":"Cannabis zen Azul 30 capsulas - Drasanvi Francia","og_description":"Nuestras c\u00e1psulas de Cannabis aprovechan las propiedades del c\u00e1\u00f1amo industrial junto con el Magnolia, L\u00fapulo y Vitamina B6, que contribuye al correcto funcionamiento de la funci\u00f3n psicol\u00f3gica normal.\u00a0 Toma uno al d\u00eda, preferiblemente, antes dormir, pero, puedes elegir el momento que m\u00e1s se ajuste a tus necesidades.\u00a0Ficha t\u00e9cnica","og_url":"https:\/\/drasanvi.com\/fr\/producto\/cannabis-zen-azul-30-capsulas\/","og_site_name":"Drasanvi Francia","article_modified_time":"2022-03-10T12:17:07+00:00","og_image":[{"width":768,"height":768,"url":"https:\/\/drasanvi.com\/wp-content\/uploads\/sites\/7\/2021\/08\/cannabis-zen-azul-30-capsulas-drasanvi.png","type":"image\/png"}],"twitter_card":"summary_large_image","schema":{"@context":"https:\/\/schema.org","@graph":[{"@type":"WebPage","@id":"https:\/\/drasanvi.com\/fr\/producto\/cannabis-zen-azul-30-capsulas\/","url":"https:\/\/drasanvi.com\/fr\/producto\/cannabis-zen-azul-30-capsulas\/","name":"Cannabis zen Azul 30 capsulas - Drasanvi Francia","isPartOf":{"@id":"https:\/\/drasanvi.com\/fr\/#website"},"primaryImageOfPage":{"@id":"https:\/\/drasanvi.com\/fr\/producto\/cannabis-zen-azul-30-capsulas\/#primaryimage"},"image":{"@id":"https:\/\/drasanvi.com\/fr\/producto\/cannabis-zen-azul-30-capsulas\/#primaryimage"},"thumbnailUrl":"https:\/\/drasanvi.com\/fr\/wp-content\/uploads\/sites\/7\/2021\/08\/cannabis-zen-azul-30-capsulas-drasanvi.png","datePublished":"2021-08-04T12:39:38+00:00","dateModified":"2022-03-10T12:17:07+00:00","breadcrumb":{"@id":"https:\/\/drasanvi.com\/fr\/producto\/cannabis-zen-azul-30-capsulas\/#breadcrumb"},"inLanguage":"fr-FR","potentialAction":[{"@type":"ReadAction","target":["https:\/\/drasanvi.com\/fr\/producto\/cannabis-zen-azul-30-capsulas\/"]}]},{"@type":"ImageObject","inLanguage":"fr-FR","@id":"https:\/\/drasanvi.com\/fr\/producto\/cannabis-zen-azul-30-capsulas\/#primaryimage","url":"https:\/\/drasanvi.com\/fr\/wp-content\/uploads\/sites\/7\/2021\/08\/cannabis-zen-azul-30-capsulas-drasanvi.png","contentUrl":"https:\/\/drasanvi.com\/fr\/wp-content\/uploads\/sites\/7\/2021\/08\/cannabis-zen-azul-30-capsulas-drasanvi.png","width":768,"height":768,"caption":"Cannabis zen Azul 30 capsula"},{"@type":"BreadcrumbList","@id":"https:\/\/drasanvi.com\/fr\/producto\/cannabis-zen-azul-30-capsulas\/#breadcrumb","itemListElement":[{"@type":"ListItem","position":1,"name":"Portada","item":"https:\/\/drasanvi.com\/fr\/"},{"@type":"ListItem","position":2,"name":"Tienda","item":"https:\/\/drasanvi.com\/fr\/tienda\/"},{"@type":"ListItem","position":3,"name":"Cannabis zen Azul 30 capsulas"}]},{"@type":"WebSite","@id":"https:\/\/drasanvi.com\/fr\/#website","url":"https:\/\/drasanvi.com\/fr\/","name":"Drasanvi Francia","description":"L\u00edder en complementos alimenticios y cosm\u00e9tica natural.","publisher":{"@id":"https:\/\/drasanvi.com\/fr\/#organization"},"potentialAction":[{"@type":"SearchAction","target":{"@type":"EntryPoint","urlTemplate":"https:\/\/drasanvi.com\/fr\/?s={search_term_string}"},"query-input":{"@type":"PropertyValueSpecification","valueRequired":true,"valueName":"search_term_string"}}],"inLanguage":"fr-FR"},{"@type":"Organization","@id":"https:\/\/drasanvi.com\/fr\/#organization","name":"Drasanvi","url":"https:\/\/drasanvi.com\/fr\/","logo":{"@type":"ImageObject","inLanguage":"fr-FR","@id":"https:\/\/drasanvi.com\/fr\/#\/schema\/logo\/image\/","url":"https:\/\/drasanvi.com\/wp-content\/uploads\/sites\/7\/2021\/07\/logo-drasanvi.png","contentUrl":"https:\/\/drasanvi.com\/wp-content\/uploads\/sites\/7\/2021\/07\/logo-drasanvi.png","width":900,"height":300,"caption":"Drasanvi"},"image":{"@id":"https:\/\/drasanvi.com\/fr\/#\/schema\/logo\/image\/"}}]}},"_links":{"self":[{"href":"https:\/\/drasanvi.com\/fr\/wp-json\/wp\/v2\/product\/14001","targetHints":{"allow":["GET"]}}],"collection":[{"href":"https:\/\/drasanvi.com\/fr\/wp-json\/wp\/v2\/product"}],"about":[{"href":"https:\/\/drasanvi.com\/fr\/wp-json\/wp\/v2\/types\/product"}],"version-history":[{"count":0,"href":"https:\/\/drasanvi.com\/fr\/wp-json\/wp\/v2\/product\/14001\/revisions"}],"wp:featuredmedia":[{"embeddable":true,"href":"https:\/\/drasanvi.com\/fr\/wp-json\/wp\/v2\/media\/14006"}],"wp:attachment":[{"href":"https:\/\/drasanvi.com\/fr\/wp-json\/wp\/v2\/media?parent=14001"}],"wp:term":[{"taxonomy":"product_cat","embeddable":true,"href":"https:\/\/drasanvi.com\/fr\/wp-json\/wp\/v2\/product_cat?post=14001"},{"taxonomy":"product_tag","embeddable":true,"href":"https:\/\/drasanvi.com\/fr\/wp-json\/wp\/v2\/product_tag?post=14001"}],"curies":[{"name":"wp","href":"https:\/\/api.w.org\/{rel}","templated":true}]}}