{"id":13924,"date":"2021-08-04T13:37:11","date_gmt":"2021-08-04T11:37:11","guid":{"rendered":"https:\/\/drasanvi.com\/fr\/?post_type=product&#038;p=13924"},"modified":"2022-03-10T14:17:31","modified_gmt":"2022-03-10T12:17:31","slug":"bisglicinato-de-zinc-90-comprimidos","status":"publish","type":"product","link":"https:\/\/drasanvi.com\/fr\/producto\/bisglicinato-de-zinc-90-comprimidos\/","title":{"rendered":"Bisglicinato de Zinc 90 comprimidos"},"content":{"rendered":"<div class=\"table-responsive\">\n<table>\n<tbody>\n<tr>\n<td>Ingredientes<\/td>\n<td>mg \/ Dosis diaria)<\/td>\n<\/tr>\n<tr>\n<td><strong>Bisglicinato de Zinc&nbsp;<\/strong><em>&nbsp;Zinc 20%<\/em><\/td>\n<td><strong>100 mg<\/strong><em>.<\/em><em>20mg<\/em><\/td>\n<\/tr>\n<tr>\n<td><strong>Otros Ingredientes: <\/strong><em>Celulosa microcristalina, Magnesio estearato y Di\u00f3xido de Silicio<\/em><\/td>\n<\/tr>\n<\/tbody>\n<\/table>\n<p>Sin colorantes, conservantes ni az\u00facares a\u00f1adidos.<\/p>\n<\/div>\n<p>div><\/p>\n","protected":false},"excerpt":{"rendered":"<p>El Zinc es un mineral esencial para la vida y relacionado con numerosas funciones en el organismo, desde la funci\u00f3n cognitiva hasta el mantenimiento de la visi\u00f3n normal.No obstante hay que elegir una fuente de Zinc con alta biodisponibilidad, por esa raz\u00f3n decidimos a\u00f1adir el Zinc en forma de Bisglicinato, el cual se ha demostrado que se absorbe un 43% m\u00e1s que otras fuentes de zinc m\u00e1s utilizadas como el gluconato.<br \/><a id=\"boton-ficha\" href=\"https:\/\/panel.drasanvi.com\/fichas\/1\/032050454\" target=\"_blank\" rel=\"noopener\">Ficha t\u00e9cnica<\/a><\/p>\n","protected":false},"featured_media":13930,"template":"","meta":{"inline_featured_image":false},"product_cat":[118],"product_tag":[],"class_list":["post-13924","product","type-product","status-publish","has-post-thumbnail","hentry","product_cat-vitaminas-minerales"],"yoast_head":"<!-- This site is optimized with the Yoast SEO plugin v27.4 - https:\/\/yoast.com\/product\/yoast-seo-wordpress\/ -->\n<title>Bisglicinato de Zinc 90 comprimidos - Drasanvi Francia<\/title>\n<meta name=\"robots\" content=\"index, follow, max-snippet:-1, max-image-preview:large, max-video-preview:-1\" \/>\n<link rel=\"canonical\" href=\"https:\/\/drasanvi.com\/fr\/producto\/bisglicinato-de-zinc-90-comprimidos\/\" \/>\n<meta property=\"og:locale\" content=\"fr_FR\" \/>\n<meta property=\"og:type\" content=\"article\" \/>\n<meta property=\"og:title\" content=\"Bisglicinato de Zinc 90 comprimidos - Drasanvi Francia\" \/>\n<meta property=\"og:description\" content=\"El Zinc es un mineral esencial para la vida y relacionado con numerosas funciones en el organismo, desde la funci\u00f3n cognitiva hasta el mantenimiento de la visi\u00f3n normal.No obstante hay que elegir una fuente de Zinc con alta biodisponibilidad, por esa raz\u00f3n decidimos a\u00f1adir el Zinc en forma de Bisglicinato, el cual se ha demostrado que se absorbe un 43% m\u00e1s que otras fuentes de zinc m\u00e1s utilizadas como el gluconato.Ficha t\u00e9cnica\" \/>\n<meta property=\"og:url\" content=\"https:\/\/drasanvi.com\/fr\/producto\/bisglicinato-de-zinc-90-comprimidos\/\" \/>\n<meta property=\"og:site_name\" content=\"Drasanvi Francia\" \/>\n<meta property=\"article:modified_time\" content=\"2022-03-10T12:17:31+00:00\" \/>\n<meta property=\"og:image\" content=\"https:\/\/drasanvi.com\/wp-content\/uploads\/sites\/7\/2021\/08\/bisglicinato-de-zinc-90-comprimidos.png\" \/>\n\t<meta property=\"og:image:width\" content=\"1000\" \/>\n\t<meta property=\"og:image:height\" content=\"1000\" \/>\n\t<meta property=\"og:image:type\" content=\"image\/png\" \/>\n<meta name=\"twitter:card\" content=\"summary_large_image\" \/>\n<script type=\"application\/ld+json\" class=\"yoast-schema-graph\">{\"@context\":\"https:\\\/\\\/schema.org\",\"@graph\":[{\"@type\":\"WebPage\",\"@id\":\"https:\\\/\\\/drasanvi.com\\\/fr\\\/producto\\\/bisglicinato-de-zinc-90-comprimidos\\\/\",\"url\":\"https:\\\/\\\/drasanvi.com\\\/fr\\\/producto\\\/bisglicinato-de-zinc-90-comprimidos\\\/\",\"name\":\"Bisglicinato de Zinc 90 comprimidos - Drasanvi Francia\",\"isPartOf\":{\"@id\":\"https:\\\/\\\/drasanvi.com\\\/fr\\\/#website\"},\"primaryImageOfPage\":{\"@id\":\"https:\\\/\\\/drasanvi.com\\\/fr\\\/producto\\\/bisglicinato-de-zinc-90-comprimidos\\\/#primaryimage\"},\"image\":{\"@id\":\"https:\\\/\\\/drasanvi.com\\\/fr\\\/producto\\\/bisglicinato-de-zinc-90-comprimidos\\\/#primaryimage\"},\"thumbnailUrl\":\"https:\\\/\\\/drasanvi.com\\\/fr\\\/wp-content\\\/uploads\\\/sites\\\/7\\\/2021\\\/08\\\/bisglicinato-de-zinc-90-comprimidos.png\",\"datePublished\":\"2021-08-04T11:37:11+00:00\",\"dateModified\":\"2022-03-10T12:17:31+00:00\",\"breadcrumb\":{\"@id\":\"https:\\\/\\\/drasanvi.com\\\/fr\\\/producto\\\/bisglicinato-de-zinc-90-comprimidos\\\/#breadcrumb\"},\"inLanguage\":\"fr-FR\",\"potentialAction\":[{\"@type\":\"ReadAction\",\"target\":[\"https:\\\/\\\/drasanvi.com\\\/fr\\\/producto\\\/bisglicinato-de-zinc-90-comprimidos\\\/\"]}]},{\"@type\":\"ImageObject\",\"inLanguage\":\"fr-FR\",\"@id\":\"https:\\\/\\\/drasanvi.com\\\/fr\\\/producto\\\/bisglicinato-de-zinc-90-comprimidos\\\/#primaryimage\",\"url\":\"https:\\\/\\\/drasanvi.com\\\/fr\\\/wp-content\\\/uploads\\\/sites\\\/7\\\/2021\\\/08\\\/bisglicinato-de-zinc-90-comprimidos.png\",\"contentUrl\":\"https:\\\/\\\/drasanvi.com\\\/fr\\\/wp-content\\\/uploads\\\/sites\\\/7\\\/2021\\\/08\\\/bisglicinato-de-zinc-90-comprimidos.png\",\"width\":1000,\"height\":1000,\"caption\":\"Bisglicinato de Zinc 90 comprimidos\"},{\"@type\":\"BreadcrumbList\",\"@id\":\"https:\\\/\\\/drasanvi.com\\\/fr\\\/producto\\\/bisglicinato-de-zinc-90-comprimidos\\\/#breadcrumb\",\"itemListElement\":[{\"@type\":\"ListItem\",\"position\":1,\"name\":\"Portada\",\"item\":\"https:\\\/\\\/drasanvi.com\\\/fr\\\/\"},{\"@type\":\"ListItem\",\"position\":2,\"name\":\"Tienda\",\"item\":\"https:\\\/\\\/drasanvi.com\\\/fr\\\/tienda\\\/\"},{\"@type\":\"ListItem\",\"position\":3,\"name\":\"Bisglicinato de Zinc 90 comprimidos\"}]},{\"@type\":\"WebSite\",\"@id\":\"https:\\\/\\\/drasanvi.com\\\/fr\\\/#website\",\"url\":\"https:\\\/\\\/drasanvi.com\\\/fr\\\/\",\"name\":\"Drasanvi Francia\",\"description\":\"L\u00edder en complementos alimenticios y cosm\u00e9tica natural.\",\"publisher\":{\"@id\":\"https:\\\/\\\/drasanvi.com\\\/fr\\\/#organization\"},\"potentialAction\":[{\"@type\":\"SearchAction\",\"target\":{\"@type\":\"EntryPoint\",\"urlTemplate\":\"https:\\\/\\\/drasanvi.com\\\/fr\\\/?s={search_term_string}\"},\"query-input\":{\"@type\":\"PropertyValueSpecification\",\"valueRequired\":true,\"valueName\":\"search_term_string\"}}],\"inLanguage\":\"fr-FR\"},{\"@type\":\"Organization\",\"@id\":\"https:\\\/\\\/drasanvi.com\\\/fr\\\/#organization\",\"name\":\"Drasanvi\",\"url\":\"https:\\\/\\\/drasanvi.com\\\/fr\\\/\",\"logo\":{\"@type\":\"ImageObject\",\"inLanguage\":\"fr-FR\",\"@id\":\"https:\\\/\\\/drasanvi.com\\\/fr\\\/#\\\/schema\\\/logo\\\/image\\\/\",\"url\":\"https:\\\/\\\/drasanvi.com\\\/wp-content\\\/uploads\\\/sites\\\/7\\\/2021\\\/07\\\/logo-drasanvi.png\",\"contentUrl\":\"https:\\\/\\\/drasanvi.com\\\/wp-content\\\/uploads\\\/sites\\\/7\\\/2021\\\/07\\\/logo-drasanvi.png\",\"width\":900,\"height\":300,\"caption\":\"Drasanvi\"},\"image\":{\"@id\":\"https:\\\/\\\/drasanvi.com\\\/fr\\\/#\\\/schema\\\/logo\\\/image\\\/\"}}]}<\/script>\n<!-- \/ Yoast SEO plugin. -->","yoast_head_json":{"title":"Bisglicinato de Zinc 90 comprimidos - Drasanvi Francia","robots":{"index":"index","follow":"follow","max-snippet":"max-snippet:-1","max-image-preview":"max-image-preview:large","max-video-preview":"max-video-preview:-1"},"canonical":"https:\/\/drasanvi.com\/fr\/producto\/bisglicinato-de-zinc-90-comprimidos\/","og_locale":"fr_FR","og_type":"article","og_title":"Bisglicinato de Zinc 90 comprimidos - Drasanvi Francia","og_description":"El Zinc es un mineral esencial para la vida y relacionado con numerosas funciones en el organismo, desde la funci\u00f3n cognitiva hasta el mantenimiento de la visi\u00f3n normal.No obstante hay que elegir una fuente de Zinc con alta biodisponibilidad, por esa raz\u00f3n decidimos a\u00f1adir el Zinc en forma de Bisglicinato, el cual se ha demostrado que se absorbe un 43% m\u00e1s que otras fuentes de zinc m\u00e1s utilizadas como el gluconato.Ficha t\u00e9cnica","og_url":"https:\/\/drasanvi.com\/fr\/producto\/bisglicinato-de-zinc-90-comprimidos\/","og_site_name":"Drasanvi Francia","article_modified_time":"2022-03-10T12:17:31+00:00","og_image":[{"width":1000,"height":1000,"url":"https:\/\/drasanvi.com\/wp-content\/uploads\/sites\/7\/2021\/08\/bisglicinato-de-zinc-90-comprimidos.png","type":"image\/png"}],"twitter_card":"summary_large_image","schema":{"@context":"https:\/\/schema.org","@graph":[{"@type":"WebPage","@id":"https:\/\/drasanvi.com\/fr\/producto\/bisglicinato-de-zinc-90-comprimidos\/","url":"https:\/\/drasanvi.com\/fr\/producto\/bisglicinato-de-zinc-90-comprimidos\/","name":"Bisglicinato de Zinc 90 comprimidos - Drasanvi Francia","isPartOf":{"@id":"https:\/\/drasanvi.com\/fr\/#website"},"primaryImageOfPage":{"@id":"https:\/\/drasanvi.com\/fr\/producto\/bisglicinato-de-zinc-90-comprimidos\/#primaryimage"},"image":{"@id":"https:\/\/drasanvi.com\/fr\/producto\/bisglicinato-de-zinc-90-comprimidos\/#primaryimage"},"thumbnailUrl":"https:\/\/drasanvi.com\/fr\/wp-content\/uploads\/sites\/7\/2021\/08\/bisglicinato-de-zinc-90-comprimidos.png","datePublished":"2021-08-04T11:37:11+00:00","dateModified":"2022-03-10T12:17:31+00:00","breadcrumb":{"@id":"https:\/\/drasanvi.com\/fr\/producto\/bisglicinato-de-zinc-90-comprimidos\/#breadcrumb"},"inLanguage":"fr-FR","potentialAction":[{"@type":"ReadAction","target":["https:\/\/drasanvi.com\/fr\/producto\/bisglicinato-de-zinc-90-comprimidos\/"]}]},{"@type":"ImageObject","inLanguage":"fr-FR","@id":"https:\/\/drasanvi.com\/fr\/producto\/bisglicinato-de-zinc-90-comprimidos\/#primaryimage","url":"https:\/\/drasanvi.com\/fr\/wp-content\/uploads\/sites\/7\/2021\/08\/bisglicinato-de-zinc-90-comprimidos.png","contentUrl":"https:\/\/drasanvi.com\/fr\/wp-content\/uploads\/sites\/7\/2021\/08\/bisglicinato-de-zinc-90-comprimidos.png","width":1000,"height":1000,"caption":"Bisglicinato de Zinc 90 comprimidos"},{"@type":"BreadcrumbList","@id":"https:\/\/drasanvi.com\/fr\/producto\/bisglicinato-de-zinc-90-comprimidos\/#breadcrumb","itemListElement":[{"@type":"ListItem","position":1,"name":"Portada","item":"https:\/\/drasanvi.com\/fr\/"},{"@type":"ListItem","position":2,"name":"Tienda","item":"https:\/\/drasanvi.com\/fr\/tienda\/"},{"@type":"ListItem","position":3,"name":"Bisglicinato de Zinc 90 comprimidos"}]},{"@type":"WebSite","@id":"https:\/\/drasanvi.com\/fr\/#website","url":"https:\/\/drasanvi.com\/fr\/","name":"Drasanvi Francia","description":"L\u00edder en complementos alimenticios y cosm\u00e9tica natural.","publisher":{"@id":"https:\/\/drasanvi.com\/fr\/#organization"},"potentialAction":[{"@type":"SearchAction","target":{"@type":"EntryPoint","urlTemplate":"https:\/\/drasanvi.com\/fr\/?s={search_term_string}"},"query-input":{"@type":"PropertyValueSpecification","valueRequired":true,"valueName":"search_term_string"}}],"inLanguage":"fr-FR"},{"@type":"Organization","@id":"https:\/\/drasanvi.com\/fr\/#organization","name":"Drasanvi","url":"https:\/\/drasanvi.com\/fr\/","logo":{"@type":"ImageObject","inLanguage":"fr-FR","@id":"https:\/\/drasanvi.com\/fr\/#\/schema\/logo\/image\/","url":"https:\/\/drasanvi.com\/wp-content\/uploads\/sites\/7\/2021\/07\/logo-drasanvi.png","contentUrl":"https:\/\/drasanvi.com\/wp-content\/uploads\/sites\/7\/2021\/07\/logo-drasanvi.png","width":900,"height":300,"caption":"Drasanvi"},"image":{"@id":"https:\/\/drasanvi.com\/fr\/#\/schema\/logo\/image\/"}}]}},"_links":{"self":[{"href":"https:\/\/drasanvi.com\/fr\/wp-json\/wp\/v2\/product\/13924","targetHints":{"allow":["GET"]}}],"collection":[{"href":"https:\/\/drasanvi.com\/fr\/wp-json\/wp\/v2\/product"}],"about":[{"href":"https:\/\/drasanvi.com\/fr\/wp-json\/wp\/v2\/types\/product"}],"version-history":[{"count":0,"href":"https:\/\/drasanvi.com\/fr\/wp-json\/wp\/v2\/product\/13924\/revisions"}],"wp:featuredmedia":[{"embeddable":true,"href":"https:\/\/drasanvi.com\/fr\/wp-json\/wp\/v2\/media\/13930"}],"wp:attachment":[{"href":"https:\/\/drasanvi.com\/fr\/wp-json\/wp\/v2\/media?parent=13924"}],"wp:term":[{"taxonomy":"product_cat","embeddable":true,"href":"https:\/\/drasanvi.com\/fr\/wp-json\/wp\/v2\/product_cat?post=13924"},{"taxonomy":"product_tag","embeddable":true,"href":"https:\/\/drasanvi.com\/fr\/wp-json\/wp\/v2\/product_tag?post=13924"}],"curies":[{"name":"wp","href":"https:\/\/api.w.org\/{rel}","templated":true}]}}