{"id":13901,"date":"2022-02-28T14:56:48","date_gmt":"2022-02-28T12:56:48","guid":{"rendered":"https:\/\/drasanvi.com\/fr\/?post_type=product&#038;p=13901"},"modified":"2022-03-10T14:13:44","modified_gmt":"2022-03-10T12:13:44","slug":"acido-folico-90-comprimidos","status":"publish","type":"product","link":"https:\/\/drasanvi.com\/fr\/producto\/acido-folico-90-comprimidos\/","title":{"rendered":"\u00c1cido f\u00f3lico 90 comprimidos"},"content":{"rendered":"<h2>Ingredientes<\/h2>\n<p>Ingredientes  mg \/ Dosis diaria      \u00c1cido f\u00f3licoComo \u00e1cido pteroil-L-glut\u00e1mico  400 \u00b5g      Otros Ingredientes:\u00a0\u00a0Celulosa microcristalina (agente de carga), Estearato de magnesio (agente de carga) y d\u00ed\u00f3xido de silicio (antiaglomerante).        Sin colorantes, conservantes ni az\u00facares a\u00f1adidos.<\/p>\n<h2>Modo de uso<\/h2>\n<p>Tomar un comprimido al d\u00eda con el desayuno.<\/p>\n<h3>Presentaci\u00f3n<\/h3>\n<p>90 comprimidos de 588,4 mg. Peso neto 52.96g (1.86oz)<\/p>\n<h3>Advertencias<\/h3>\n<p>Complemento alimenticio a base de vitamina. No superar la dosis diaria expresamente recomendada; Los complementos alimenticios no deben utilizarse como sustituto de una dieta equilibrada; Mantener fuera del alcance de los ni&ntilde;os m&aacute;s peque&ntilde;os. Conservar en un lugar fresco y seco.<\/p>\n<h2>Informaci\u00f3n adicional<\/h2>\n<p>ingredientes  descripcion  cantidad\/dosis diaria      Agente de carga  (Celulosa microcristalina)  560 mg      Agente de carga  (Estearato de magnesio)  20 mg      Antiaglomerante  (Di\u00f3xido de silicio)  8 mg      \u00c1cido f\u00f3lico  (\u00c1cido pteroil-L-glut\u00e1mico)  400 \u00b5g<\/p>\n<p>por dosis diaria (1 comprimido)        Ingrediente  Porcentaje  Cantidad      \u00c1cido f\u00f3lico  200%  400 \u00b5g        % VRN (Valor de Referencia de Nutrientes)<\/p>\n","protected":false},"excerpt":{"rendered":"<p>El\u00a0\u00e1cido f\u00f3lico, folacina o\u00a0\u00e1cido pteroil-L-glut\u00e1mico,\u00a0tambi\u00e9n\u00a0 se conoce como vitamina B9, es una vitamina hidrosoluble del complejo de vitaminas B.Las fuentes\u00a0alimenticias del \u00c1cido F\u00f3lico son v\u00edsceras, verduras de hoja verde, levadura de cerveza y frutos secos.<br \/><a id=\"boton-ficha\" href=\"https:\/\/panel.drasanvi.com\/fichas\/1\/032050450\" target=\"_blank\" rel=\"noopener\">Ficha t\u00e9cnica<\/a><\/p>\n","protected":false},"featured_media":19601,"template":"","meta":{"inline_featured_image":false},"product_cat":[107,118],"product_tag":[],"class_list":["post-13901","product","type-product","status-publish","has-post-thumbnail","hentry","product_cat-mujer","product_cat-vitaminas-minerales","pa_contiene-altramuces-no","pa_contiene-apio-no","pa_contiene-cacahuetes-no","pa_contiene-crustaceos-no","pa_contiene-frutos-secos-no","pa_contiene-huevo-no","pa_contiene-leche-no","pa_contiene-moluscos-no","pa_contiene-mostaza-no","pa_contiene-pescado-no","pa_contiene-sesamo-no","pa_contiene-soja-no","pa_producto-bio-no","pa_producto-sin-gluten-si","pa_producto-vegano-si","pa_producto-vegetariano-no"],"yoast_head":"<!-- This site is optimized with the Yoast SEO plugin v27.4 - https:\/\/yoast.com\/product\/yoast-seo-wordpress\/ -->\n<title>\u00c1cido f\u00f3lico 90 comprimidos - Drasanvi Francia<\/title>\n<meta name=\"robots\" content=\"index, follow, max-snippet:-1, max-image-preview:large, max-video-preview:-1\" \/>\n<link rel=\"canonical\" href=\"https:\/\/drasanvi.com\/fr\/producto\/acido-folico-90-comprimidos\/\" \/>\n<meta property=\"og:locale\" content=\"fr_FR\" \/>\n<meta property=\"og:type\" content=\"article\" \/>\n<meta property=\"og:title\" content=\"\u00c1cido f\u00f3lico 90 comprimidos - Drasanvi Francia\" \/>\n<meta property=\"og:description\" content=\"El\u00a0\u00e1cido f\u00f3lico, folacina o\u00a0\u00e1cido pteroil-L-glut\u00e1mico,\u00a0tambi\u00e9n\u00a0 se conoce como vitamina B9, es una vitamina hidrosoluble del complejo de vitaminas B.Las fuentes\u00a0alimenticias del \u00c1cido F\u00f3lico son v\u00edsceras, verduras de hoja verde, levadura de cerveza y frutos secos.Ficha t\u00e9cnica\" \/>\n<meta property=\"og:url\" content=\"https:\/\/drasanvi.com\/fr\/producto\/acido-folico-90-comprimidos\/\" \/>\n<meta property=\"og:site_name\" content=\"Drasanvi Francia\" \/>\n<meta property=\"article:modified_time\" content=\"2022-03-10T12:13:44+00:00\" \/>\n<meta property=\"og:image\" content=\"https:\/\/drasanvi.com\/wp-content\/uploads\/sites\/7\/2022\/02\/032050450.png\" \/>\n\t<meta property=\"og:image:width\" content=\"1200\" \/>\n\t<meta property=\"og:image:height\" content=\"1200\" \/>\n\t<meta property=\"og:image:type\" content=\"image\/png\" \/>\n<meta name=\"twitter:card\" content=\"summary_large_image\" \/>\n<script type=\"application\/ld+json\" class=\"yoast-schema-graph\">{\"@context\":\"https:\\\/\\\/schema.org\",\"@graph\":[{\"@type\":\"WebPage\",\"@id\":\"https:\\\/\\\/drasanvi.com\\\/fr\\\/producto\\\/acido-folico-90-comprimidos\\\/\",\"url\":\"https:\\\/\\\/drasanvi.com\\\/fr\\\/producto\\\/acido-folico-90-comprimidos\\\/\",\"name\":\"\u00c1cido f\u00f3lico 90 comprimidos - Drasanvi Francia\",\"isPartOf\":{\"@id\":\"https:\\\/\\\/drasanvi.com\\\/fr\\\/#website\"},\"primaryImageOfPage\":{\"@id\":\"https:\\\/\\\/drasanvi.com\\\/fr\\\/producto\\\/acido-folico-90-comprimidos\\\/#primaryimage\"},\"image\":{\"@id\":\"https:\\\/\\\/drasanvi.com\\\/fr\\\/producto\\\/acido-folico-90-comprimidos\\\/#primaryimage\"},\"thumbnailUrl\":\"https:\\\/\\\/drasanvi.com\\\/fr\\\/wp-content\\\/uploads\\\/sites\\\/7\\\/2022\\\/02\\\/032050450.png\",\"datePublished\":\"2022-02-28T12:56:48+00:00\",\"dateModified\":\"2022-03-10T12:13:44+00:00\",\"breadcrumb\":{\"@id\":\"https:\\\/\\\/drasanvi.com\\\/fr\\\/producto\\\/acido-folico-90-comprimidos\\\/#breadcrumb\"},\"inLanguage\":\"fr-FR\",\"potentialAction\":[{\"@type\":\"ReadAction\",\"target\":[\"https:\\\/\\\/drasanvi.com\\\/fr\\\/producto\\\/acido-folico-90-comprimidos\\\/\"]}]},{\"@type\":\"ImageObject\",\"inLanguage\":\"fr-FR\",\"@id\":\"https:\\\/\\\/drasanvi.com\\\/fr\\\/producto\\\/acido-folico-90-comprimidos\\\/#primaryimage\",\"url\":\"https:\\\/\\\/drasanvi.com\\\/fr\\\/wp-content\\\/uploads\\\/sites\\\/7\\\/2022\\\/02\\\/032050450.png\",\"contentUrl\":\"https:\\\/\\\/drasanvi.com\\\/fr\\\/wp-content\\\/uploads\\\/sites\\\/7\\\/2022\\\/02\\\/032050450.png\",\"width\":1200,\"height\":1200},{\"@type\":\"BreadcrumbList\",\"@id\":\"https:\\\/\\\/drasanvi.com\\\/fr\\\/producto\\\/acido-folico-90-comprimidos\\\/#breadcrumb\",\"itemListElement\":[{\"@type\":\"ListItem\",\"position\":1,\"name\":\"Portada\",\"item\":\"https:\\\/\\\/drasanvi.com\\\/fr\\\/\"},{\"@type\":\"ListItem\",\"position\":2,\"name\":\"Tienda\",\"item\":\"https:\\\/\\\/drasanvi.com\\\/fr\\\/tienda\\\/\"},{\"@type\":\"ListItem\",\"position\":3,\"name\":\"\u00c1cido f\u00f3lico 90 comprimidos\"}]},{\"@type\":\"WebSite\",\"@id\":\"https:\\\/\\\/drasanvi.com\\\/fr\\\/#website\",\"url\":\"https:\\\/\\\/drasanvi.com\\\/fr\\\/\",\"name\":\"Drasanvi Francia\",\"description\":\"L\u00edder en complementos alimenticios y cosm\u00e9tica natural.\",\"publisher\":{\"@id\":\"https:\\\/\\\/drasanvi.com\\\/fr\\\/#organization\"},\"potentialAction\":[{\"@type\":\"SearchAction\",\"target\":{\"@type\":\"EntryPoint\",\"urlTemplate\":\"https:\\\/\\\/drasanvi.com\\\/fr\\\/?s={search_term_string}\"},\"query-input\":{\"@type\":\"PropertyValueSpecification\",\"valueRequired\":true,\"valueName\":\"search_term_string\"}}],\"inLanguage\":\"fr-FR\"},{\"@type\":\"Organization\",\"@id\":\"https:\\\/\\\/drasanvi.com\\\/fr\\\/#organization\",\"name\":\"Drasanvi\",\"url\":\"https:\\\/\\\/drasanvi.com\\\/fr\\\/\",\"logo\":{\"@type\":\"ImageObject\",\"inLanguage\":\"fr-FR\",\"@id\":\"https:\\\/\\\/drasanvi.com\\\/fr\\\/#\\\/schema\\\/logo\\\/image\\\/\",\"url\":\"https:\\\/\\\/drasanvi.com\\\/wp-content\\\/uploads\\\/sites\\\/7\\\/2021\\\/07\\\/logo-drasanvi.png\",\"contentUrl\":\"https:\\\/\\\/drasanvi.com\\\/wp-content\\\/uploads\\\/sites\\\/7\\\/2021\\\/07\\\/logo-drasanvi.png\",\"width\":900,\"height\":300,\"caption\":\"Drasanvi\"},\"image\":{\"@id\":\"https:\\\/\\\/drasanvi.com\\\/fr\\\/#\\\/schema\\\/logo\\\/image\\\/\"}}]}<\/script>\n<!-- \/ Yoast SEO plugin. -->","yoast_head_json":{"title":"\u00c1cido f\u00f3lico 90 comprimidos - Drasanvi Francia","robots":{"index":"index","follow":"follow","max-snippet":"max-snippet:-1","max-image-preview":"max-image-preview:large","max-video-preview":"max-video-preview:-1"},"canonical":"https:\/\/drasanvi.com\/fr\/producto\/acido-folico-90-comprimidos\/","og_locale":"fr_FR","og_type":"article","og_title":"\u00c1cido f\u00f3lico 90 comprimidos - Drasanvi Francia","og_description":"El\u00a0\u00e1cido f\u00f3lico, folacina o\u00a0\u00e1cido pteroil-L-glut\u00e1mico,\u00a0tambi\u00e9n\u00a0 se conoce como vitamina B9, es una vitamina hidrosoluble del complejo de vitaminas B.Las fuentes\u00a0alimenticias del \u00c1cido F\u00f3lico son v\u00edsceras, verduras de hoja verde, levadura de cerveza y frutos secos.Ficha t\u00e9cnica","og_url":"https:\/\/drasanvi.com\/fr\/producto\/acido-folico-90-comprimidos\/","og_site_name":"Drasanvi Francia","article_modified_time":"2022-03-10T12:13:44+00:00","og_image":[{"width":1200,"height":1200,"url":"https:\/\/drasanvi.com\/wp-content\/uploads\/sites\/7\/2022\/02\/032050450.png","type":"image\/png"}],"twitter_card":"summary_large_image","schema":{"@context":"https:\/\/schema.org","@graph":[{"@type":"WebPage","@id":"https:\/\/drasanvi.com\/fr\/producto\/acido-folico-90-comprimidos\/","url":"https:\/\/drasanvi.com\/fr\/producto\/acido-folico-90-comprimidos\/","name":"\u00c1cido f\u00f3lico 90 comprimidos - Drasanvi Francia","isPartOf":{"@id":"https:\/\/drasanvi.com\/fr\/#website"},"primaryImageOfPage":{"@id":"https:\/\/drasanvi.com\/fr\/producto\/acido-folico-90-comprimidos\/#primaryimage"},"image":{"@id":"https:\/\/drasanvi.com\/fr\/producto\/acido-folico-90-comprimidos\/#primaryimage"},"thumbnailUrl":"https:\/\/drasanvi.com\/fr\/wp-content\/uploads\/sites\/7\/2022\/02\/032050450.png","datePublished":"2022-02-28T12:56:48+00:00","dateModified":"2022-03-10T12:13:44+00:00","breadcrumb":{"@id":"https:\/\/drasanvi.com\/fr\/producto\/acido-folico-90-comprimidos\/#breadcrumb"},"inLanguage":"fr-FR","potentialAction":[{"@type":"ReadAction","target":["https:\/\/drasanvi.com\/fr\/producto\/acido-folico-90-comprimidos\/"]}]},{"@type":"ImageObject","inLanguage":"fr-FR","@id":"https:\/\/drasanvi.com\/fr\/producto\/acido-folico-90-comprimidos\/#primaryimage","url":"https:\/\/drasanvi.com\/fr\/wp-content\/uploads\/sites\/7\/2022\/02\/032050450.png","contentUrl":"https:\/\/drasanvi.com\/fr\/wp-content\/uploads\/sites\/7\/2022\/02\/032050450.png","width":1200,"height":1200},{"@type":"BreadcrumbList","@id":"https:\/\/drasanvi.com\/fr\/producto\/acido-folico-90-comprimidos\/#breadcrumb","itemListElement":[{"@type":"ListItem","position":1,"name":"Portada","item":"https:\/\/drasanvi.com\/fr\/"},{"@type":"ListItem","position":2,"name":"Tienda","item":"https:\/\/drasanvi.com\/fr\/tienda\/"},{"@type":"ListItem","position":3,"name":"\u00c1cido f\u00f3lico 90 comprimidos"}]},{"@type":"WebSite","@id":"https:\/\/drasanvi.com\/fr\/#website","url":"https:\/\/drasanvi.com\/fr\/","name":"Drasanvi Francia","description":"L\u00edder en complementos alimenticios y cosm\u00e9tica natural.","publisher":{"@id":"https:\/\/drasanvi.com\/fr\/#organization"},"potentialAction":[{"@type":"SearchAction","target":{"@type":"EntryPoint","urlTemplate":"https:\/\/drasanvi.com\/fr\/?s={search_term_string}"},"query-input":{"@type":"PropertyValueSpecification","valueRequired":true,"valueName":"search_term_string"}}],"inLanguage":"fr-FR"},{"@type":"Organization","@id":"https:\/\/drasanvi.com\/fr\/#organization","name":"Drasanvi","url":"https:\/\/drasanvi.com\/fr\/","logo":{"@type":"ImageObject","inLanguage":"fr-FR","@id":"https:\/\/drasanvi.com\/fr\/#\/schema\/logo\/image\/","url":"https:\/\/drasanvi.com\/wp-content\/uploads\/sites\/7\/2021\/07\/logo-drasanvi.png","contentUrl":"https:\/\/drasanvi.com\/wp-content\/uploads\/sites\/7\/2021\/07\/logo-drasanvi.png","width":900,"height":300,"caption":"Drasanvi"},"image":{"@id":"https:\/\/drasanvi.com\/fr\/#\/schema\/logo\/image\/"}}]}},"_links":{"self":[{"href":"https:\/\/drasanvi.com\/fr\/wp-json\/wp\/v2\/product\/13901","targetHints":{"allow":["GET"]}}],"collection":[{"href":"https:\/\/drasanvi.com\/fr\/wp-json\/wp\/v2\/product"}],"about":[{"href":"https:\/\/drasanvi.com\/fr\/wp-json\/wp\/v2\/types\/product"}],"version-history":[{"count":0,"href":"https:\/\/drasanvi.com\/fr\/wp-json\/wp\/v2\/product\/13901\/revisions"}],"wp:featuredmedia":[{"embeddable":true,"href":"https:\/\/drasanvi.com\/fr\/wp-json\/wp\/v2\/media\/19601"}],"wp:attachment":[{"href":"https:\/\/drasanvi.com\/fr\/wp-json\/wp\/v2\/media?parent=13901"}],"wp:term":[{"taxonomy":"product_cat","embeddable":true,"href":"https:\/\/drasanvi.com\/fr\/wp-json\/wp\/v2\/product_cat?post=13901"},{"taxonomy":"product_tag","embeddable":true,"href":"https:\/\/drasanvi.com\/fr\/wp-json\/wp\/v2\/product_tag?post=13901"}],"curies":[{"name":"wp","href":"https:\/\/api.w.org\/{rel}","templated":true}]}}