{"id":13864,"date":"2022-02-28T15:21:00","date_gmt":"2022-02-28T13:21:00","guid":{"rendered":"https:\/\/drasanvi.com\/fr\/?post_type=product&#038;p=13864"},"modified":"2022-03-10T14:13:42","modified_gmt":"2022-03-10T12:13:42","slug":"vitamina-d3-4000-ui-90-comprimidos","status":"publish","type":"product","link":"https:\/\/drasanvi.com\/fr\/producto\/vitamina-d3-4000-ui-90-comprimidos\/","title":{"rendered":"Vitamina D3 4000 UI 90 comprimidos"},"content":{"rendered":"<h2>Ingredientes<\/h2>\n<p>Ingredientes  mg \/ Dosis diaria)      Vitamina D3\u00a0\u00a0Colecalciferol  40 mg (100 \u00b5g)      Otros Ingredientes: Celulosa microcristalina, Magnesio estearato y Di\u00f3xido de Silicio        Sin colorantes, conservantes ni az\u00facares a\u00f1adidos.<\/p>\n<h2>Modo de uso<\/h2>\n<p>Tomar un comprimido al d\u00eda, junto con la comida<\/p>\n<h3>Presentaci\u00f3n<\/h3>\n<p>90 comprimidos de 566 mg (51 g)<\/p>\n<h3>Advertencias<\/h3>\n<p>Complemento alimenticio a base de vitamina.Los complementos alimenticios no deben utilizarse como sustituto de una dieta equilibrada. No superar la dosis diaria expresamente recomendada. Mantener fuera del alcance de los ni&ntilde;os m&aacute;s peque&ntilde;os. Conservar en un lugar fresco y seco.<\/p>\n<h2>Informaci\u00f3n adicional<\/h2>\n<p>Ingrediente  Descripci\u00f3n  Dosis diaria      Agente de carga  (Celulosa microcristalina)   500\u00a0 mg      Vitamina D3  (Colecalciferol)  40 mg      Agente de carga  (Estearato de magnesio)   20 mg       Antiaglomerante  (Di\u00f3xido de silicio)  6 mg\u00a0        \u00a0\u00a0<\/p>\n<p>por dosis diaria        Ingrediente  Porcentaje  Cantidad      Vitamina D  2000 %  100 \u00b5g        % VRN\u00a0 (Valor de Referencia Nutricional )<\/p>\n","protected":false},"excerpt":{"rendered":"<p>La\u00a0vitamina D3\u00a0es una vitamina soluble en grasa que nuestra piel sintetiza al exponerse a la luz solar o a trav\u00e9s de una correcta alimentaci\u00f3n o complementaci\u00f3n.\u00a0 Afecta a nuestro estado de \u00e1nimo y a nuestro bienestar as\u00ed como a la salud de los huesos y de las articulaciones.Para poder disponer de ella es necesario el correcto aporte de Vitamina y la correcta exposici\u00f3n solar. Si no disponemos de alguna de las dos fuentes podemos desarrollar un estado carencial<br \/><a id=\"boton-ficha\" href=\"https:\/\/panel.drasanvi.com\/fichas\/1\/032050458\" target=\"_blank\" rel=\"noopener\">Ficha t\u00e9cnica<\/a><\/p>\n","protected":false},"featured_media":20902,"template":"","meta":{"inline_featured_image":false},"product_cat":[118],"product_tag":[],"class_list":["post-13864","product","type-product","status-publish","has-post-thumbnail","hentry","product_cat-vitaminas-minerales","pa_contiene-altramuces-no","pa_contiene-apio-no","pa_contiene-cacahuetes-no","pa_contiene-crustaceos-no","pa_contiene-frutos-secos-no","pa_contiene-huevo-no","pa_contiene-leche-no","pa_contiene-moluscos-no","pa_contiene-mostaza-no","pa_contiene-pescado-no","pa_contiene-sesamo-no","pa_contiene-soja-no","pa_producto-bio-no","pa_producto-sin-gluten-si","pa_producto-vegano-no","pa_producto-vegetariano-si"],"yoast_head":"<!-- This site is optimized with the Yoast SEO plugin v27.4 - https:\/\/yoast.com\/product\/yoast-seo-wordpress\/ -->\n<title>Vitamina D3 4000 UI 90 comprimidos - Drasanvi Francia<\/title>\n<meta name=\"robots\" content=\"index, follow, max-snippet:-1, max-image-preview:large, max-video-preview:-1\" \/>\n<link rel=\"canonical\" href=\"https:\/\/drasanvi.com\/fr\/producto\/vitamina-d3-4000-ui-90-comprimidos\/\" \/>\n<meta property=\"og:locale\" content=\"fr_FR\" \/>\n<meta property=\"og:type\" content=\"article\" \/>\n<meta property=\"og:title\" content=\"Vitamina D3 4000 UI 90 comprimidos - Drasanvi Francia\" \/>\n<meta property=\"og:description\" content=\"La\u00a0vitamina D3\u00a0es una vitamina soluble en grasa que nuestra piel sintetiza al exponerse a la luz solar o a trav\u00e9s de una correcta alimentaci\u00f3n o complementaci\u00f3n.\u00a0 Afecta a nuestro estado de \u00e1nimo y a nuestro bienestar as\u00ed como a la salud de los huesos y de las articulaciones.Para poder disponer de ella es necesario el correcto aporte de Vitamina y la correcta exposici\u00f3n solar. Si no disponemos de alguna de las dos fuentes podemos desarrollar un estado carencialFicha t\u00e9cnica\" \/>\n<meta property=\"og:url\" content=\"https:\/\/drasanvi.com\/fr\/producto\/vitamina-d3-4000-ui-90-comprimidos\/\" \/>\n<meta property=\"og:site_name\" content=\"Drasanvi Francia\" \/>\n<meta property=\"article:modified_time\" content=\"2022-03-10T12:13:42+00:00\" \/>\n<meta property=\"og:image\" content=\"https:\/\/drasanvi.com\/wp-content\/uploads\/sites\/7\/2022\/02\/032050458.png\" \/>\n\t<meta property=\"og:image:width\" content=\"1000\" \/>\n\t<meta property=\"og:image:height\" content=\"1000\" \/>\n\t<meta property=\"og:image:type\" content=\"image\/png\" \/>\n<meta name=\"twitter:card\" content=\"summary_large_image\" \/>\n<script type=\"application\/ld+json\" class=\"yoast-schema-graph\">{\"@context\":\"https:\\\/\\\/schema.org\",\"@graph\":[{\"@type\":\"WebPage\",\"@id\":\"https:\\\/\\\/drasanvi.com\\\/fr\\\/producto\\\/vitamina-d3-4000-ui-90-comprimidos\\\/\",\"url\":\"https:\\\/\\\/drasanvi.com\\\/fr\\\/producto\\\/vitamina-d3-4000-ui-90-comprimidos\\\/\",\"name\":\"Vitamina D3 4000 UI 90 comprimidos - Drasanvi Francia\",\"isPartOf\":{\"@id\":\"https:\\\/\\\/drasanvi.com\\\/fr\\\/#website\"},\"primaryImageOfPage\":{\"@id\":\"https:\\\/\\\/drasanvi.com\\\/fr\\\/producto\\\/vitamina-d3-4000-ui-90-comprimidos\\\/#primaryimage\"},\"image\":{\"@id\":\"https:\\\/\\\/drasanvi.com\\\/fr\\\/producto\\\/vitamina-d3-4000-ui-90-comprimidos\\\/#primaryimage\"},\"thumbnailUrl\":\"https:\\\/\\\/drasanvi.com\\\/fr\\\/wp-content\\\/uploads\\\/sites\\\/7\\\/2022\\\/02\\\/032050458.png\",\"datePublished\":\"2022-02-28T13:21:00+00:00\",\"dateModified\":\"2022-03-10T12:13:42+00:00\",\"breadcrumb\":{\"@id\":\"https:\\\/\\\/drasanvi.com\\\/fr\\\/producto\\\/vitamina-d3-4000-ui-90-comprimidos\\\/#breadcrumb\"},\"inLanguage\":\"fr-FR\",\"potentialAction\":[{\"@type\":\"ReadAction\",\"target\":[\"https:\\\/\\\/drasanvi.com\\\/fr\\\/producto\\\/vitamina-d3-4000-ui-90-comprimidos\\\/\"]}]},{\"@type\":\"ImageObject\",\"inLanguage\":\"fr-FR\",\"@id\":\"https:\\\/\\\/drasanvi.com\\\/fr\\\/producto\\\/vitamina-d3-4000-ui-90-comprimidos\\\/#primaryimage\",\"url\":\"https:\\\/\\\/drasanvi.com\\\/fr\\\/wp-content\\\/uploads\\\/sites\\\/7\\\/2022\\\/02\\\/032050458.png\",\"contentUrl\":\"https:\\\/\\\/drasanvi.com\\\/fr\\\/wp-content\\\/uploads\\\/sites\\\/7\\\/2022\\\/02\\\/032050458.png\",\"width\":1000,\"height\":1000},{\"@type\":\"BreadcrumbList\",\"@id\":\"https:\\\/\\\/drasanvi.com\\\/fr\\\/producto\\\/vitamina-d3-4000-ui-90-comprimidos\\\/#breadcrumb\",\"itemListElement\":[{\"@type\":\"ListItem\",\"position\":1,\"name\":\"Portada\",\"item\":\"https:\\\/\\\/drasanvi.com\\\/fr\\\/\"},{\"@type\":\"ListItem\",\"position\":2,\"name\":\"Tienda\",\"item\":\"https:\\\/\\\/drasanvi.com\\\/fr\\\/tienda\\\/\"},{\"@type\":\"ListItem\",\"position\":3,\"name\":\"Vitamina D3 4000 UI 90 comprimidos\"}]},{\"@type\":\"WebSite\",\"@id\":\"https:\\\/\\\/drasanvi.com\\\/fr\\\/#website\",\"url\":\"https:\\\/\\\/drasanvi.com\\\/fr\\\/\",\"name\":\"Drasanvi Francia\",\"description\":\"L\u00edder en complementos alimenticios y cosm\u00e9tica natural.\",\"publisher\":{\"@id\":\"https:\\\/\\\/drasanvi.com\\\/fr\\\/#organization\"},\"potentialAction\":[{\"@type\":\"SearchAction\",\"target\":{\"@type\":\"EntryPoint\",\"urlTemplate\":\"https:\\\/\\\/drasanvi.com\\\/fr\\\/?s={search_term_string}\"},\"query-input\":{\"@type\":\"PropertyValueSpecification\",\"valueRequired\":true,\"valueName\":\"search_term_string\"}}],\"inLanguage\":\"fr-FR\"},{\"@type\":\"Organization\",\"@id\":\"https:\\\/\\\/drasanvi.com\\\/fr\\\/#organization\",\"name\":\"Drasanvi\",\"url\":\"https:\\\/\\\/drasanvi.com\\\/fr\\\/\",\"logo\":{\"@type\":\"ImageObject\",\"inLanguage\":\"fr-FR\",\"@id\":\"https:\\\/\\\/drasanvi.com\\\/fr\\\/#\\\/schema\\\/logo\\\/image\\\/\",\"url\":\"https:\\\/\\\/drasanvi.com\\\/wp-content\\\/uploads\\\/sites\\\/7\\\/2021\\\/07\\\/logo-drasanvi.png\",\"contentUrl\":\"https:\\\/\\\/drasanvi.com\\\/wp-content\\\/uploads\\\/sites\\\/7\\\/2021\\\/07\\\/logo-drasanvi.png\",\"width\":900,\"height\":300,\"caption\":\"Drasanvi\"},\"image\":{\"@id\":\"https:\\\/\\\/drasanvi.com\\\/fr\\\/#\\\/schema\\\/logo\\\/image\\\/\"}}]}<\/script>\n<!-- \/ Yoast SEO plugin. -->","yoast_head_json":{"title":"Vitamina D3 4000 UI 90 comprimidos - Drasanvi Francia","robots":{"index":"index","follow":"follow","max-snippet":"max-snippet:-1","max-image-preview":"max-image-preview:large","max-video-preview":"max-video-preview:-1"},"canonical":"https:\/\/drasanvi.com\/fr\/producto\/vitamina-d3-4000-ui-90-comprimidos\/","og_locale":"fr_FR","og_type":"article","og_title":"Vitamina D3 4000 UI 90 comprimidos - Drasanvi Francia","og_description":"La\u00a0vitamina D3\u00a0es una vitamina soluble en grasa que nuestra piel sintetiza al exponerse a la luz solar o a trav\u00e9s de una correcta alimentaci\u00f3n o complementaci\u00f3n.\u00a0 Afecta a nuestro estado de \u00e1nimo y a nuestro bienestar as\u00ed como a la salud de los huesos y de las articulaciones.Para poder disponer de ella es necesario el correcto aporte de Vitamina y la correcta exposici\u00f3n solar. Si no disponemos de alguna de las dos fuentes podemos desarrollar un estado carencialFicha t\u00e9cnica","og_url":"https:\/\/drasanvi.com\/fr\/producto\/vitamina-d3-4000-ui-90-comprimidos\/","og_site_name":"Drasanvi Francia","article_modified_time":"2022-03-10T12:13:42+00:00","og_image":[{"width":1000,"height":1000,"url":"https:\/\/drasanvi.com\/wp-content\/uploads\/sites\/7\/2022\/02\/032050458.png","type":"image\/png"}],"twitter_card":"summary_large_image","schema":{"@context":"https:\/\/schema.org","@graph":[{"@type":"WebPage","@id":"https:\/\/drasanvi.com\/fr\/producto\/vitamina-d3-4000-ui-90-comprimidos\/","url":"https:\/\/drasanvi.com\/fr\/producto\/vitamina-d3-4000-ui-90-comprimidos\/","name":"Vitamina D3 4000 UI 90 comprimidos - Drasanvi Francia","isPartOf":{"@id":"https:\/\/drasanvi.com\/fr\/#website"},"primaryImageOfPage":{"@id":"https:\/\/drasanvi.com\/fr\/producto\/vitamina-d3-4000-ui-90-comprimidos\/#primaryimage"},"image":{"@id":"https:\/\/drasanvi.com\/fr\/producto\/vitamina-d3-4000-ui-90-comprimidos\/#primaryimage"},"thumbnailUrl":"https:\/\/drasanvi.com\/fr\/wp-content\/uploads\/sites\/7\/2022\/02\/032050458.png","datePublished":"2022-02-28T13:21:00+00:00","dateModified":"2022-03-10T12:13:42+00:00","breadcrumb":{"@id":"https:\/\/drasanvi.com\/fr\/producto\/vitamina-d3-4000-ui-90-comprimidos\/#breadcrumb"},"inLanguage":"fr-FR","potentialAction":[{"@type":"ReadAction","target":["https:\/\/drasanvi.com\/fr\/producto\/vitamina-d3-4000-ui-90-comprimidos\/"]}]},{"@type":"ImageObject","inLanguage":"fr-FR","@id":"https:\/\/drasanvi.com\/fr\/producto\/vitamina-d3-4000-ui-90-comprimidos\/#primaryimage","url":"https:\/\/drasanvi.com\/fr\/wp-content\/uploads\/sites\/7\/2022\/02\/032050458.png","contentUrl":"https:\/\/drasanvi.com\/fr\/wp-content\/uploads\/sites\/7\/2022\/02\/032050458.png","width":1000,"height":1000},{"@type":"BreadcrumbList","@id":"https:\/\/drasanvi.com\/fr\/producto\/vitamina-d3-4000-ui-90-comprimidos\/#breadcrumb","itemListElement":[{"@type":"ListItem","position":1,"name":"Portada","item":"https:\/\/drasanvi.com\/fr\/"},{"@type":"ListItem","position":2,"name":"Tienda","item":"https:\/\/drasanvi.com\/fr\/tienda\/"},{"@type":"ListItem","position":3,"name":"Vitamina D3 4000 UI 90 comprimidos"}]},{"@type":"WebSite","@id":"https:\/\/drasanvi.com\/fr\/#website","url":"https:\/\/drasanvi.com\/fr\/","name":"Drasanvi Francia","description":"L\u00edder en complementos alimenticios y cosm\u00e9tica natural.","publisher":{"@id":"https:\/\/drasanvi.com\/fr\/#organization"},"potentialAction":[{"@type":"SearchAction","target":{"@type":"EntryPoint","urlTemplate":"https:\/\/drasanvi.com\/fr\/?s={search_term_string}"},"query-input":{"@type":"PropertyValueSpecification","valueRequired":true,"valueName":"search_term_string"}}],"inLanguage":"fr-FR"},{"@type":"Organization","@id":"https:\/\/drasanvi.com\/fr\/#organization","name":"Drasanvi","url":"https:\/\/drasanvi.com\/fr\/","logo":{"@type":"ImageObject","inLanguage":"fr-FR","@id":"https:\/\/drasanvi.com\/fr\/#\/schema\/logo\/image\/","url":"https:\/\/drasanvi.com\/wp-content\/uploads\/sites\/7\/2021\/07\/logo-drasanvi.png","contentUrl":"https:\/\/drasanvi.com\/wp-content\/uploads\/sites\/7\/2021\/07\/logo-drasanvi.png","width":900,"height":300,"caption":"Drasanvi"},"image":{"@id":"https:\/\/drasanvi.com\/fr\/#\/schema\/logo\/image\/"}}]}},"_links":{"self":[{"href":"https:\/\/drasanvi.com\/fr\/wp-json\/wp\/v2\/product\/13864","targetHints":{"allow":["GET"]}}],"collection":[{"href":"https:\/\/drasanvi.com\/fr\/wp-json\/wp\/v2\/product"}],"about":[{"href":"https:\/\/drasanvi.com\/fr\/wp-json\/wp\/v2\/types\/product"}],"version-history":[{"count":0,"href":"https:\/\/drasanvi.com\/fr\/wp-json\/wp\/v2\/product\/13864\/revisions"}],"wp:featuredmedia":[{"embeddable":true,"href":"https:\/\/drasanvi.com\/fr\/wp-json\/wp\/v2\/media\/20902"}],"wp:attachment":[{"href":"https:\/\/drasanvi.com\/fr\/wp-json\/wp\/v2\/media?parent=13864"}],"wp:term":[{"taxonomy":"product_cat","embeddable":true,"href":"https:\/\/drasanvi.com\/fr\/wp-json\/wp\/v2\/product_cat?post=13864"},{"taxonomy":"product_tag","embeddable":true,"href":"https:\/\/drasanvi.com\/fr\/wp-json\/wp\/v2\/product_tag?post=13864"}],"curies":[{"name":"wp","href":"https:\/\/api.w.org\/{rel}","templated":true}]}}