{"id":13845,"date":"2022-02-28T15:01:42","date_gmt":"2022-02-28T13:01:42","guid":{"rendered":"https:\/\/drasanvi.com\/fr\/?post_type=product&#038;p=13845"},"modified":"2022-03-15T15:46:34","modified_gmt":"2022-03-15T13:46:34","slug":"champu-biotina-y-aloe-vera-pelos-grasos-100-ml","status":"publish","type":"product","link":"https:\/\/drasanvi.com\/fr\/producto\/champu-biotina-y-aloe-vera-pelos-grasos-100-ml\/","title":{"rendered":"Champ\u00fa Biotina y Aloe vera &#8211; Pelos grasos 100 ml"},"content":{"rendered":"<h2>Ingredientes<\/h2>\n<p>Biotina, aloe vera, tiolisina complex, extracto de quillaya y extracto de quina.<\/p>\n<h2>Modo de uso<\/h2>\n<p>Aplicar una peque\u00f1a cantidad de champ\u00fa sobre el cuero cabelludo y masajear. Dejar actuar unos minutos y, finalmente, aclarar con abundante agua.<\/p>\n<h3>Presentaci\u00f3n<\/h3>\n<p>Envase 100 ml (3,38 fl oz)<\/p>\n<h3>Advertencias<\/h3>\n<p>Uso externo. No ingerir. Mantener fuera del alcance de los ni\u00f1os. Evitar el contacto con los ojos.&rsquo; por &lsquo;Uso externo. No ingerir. Mantener fuera del alcance de los ni\u00f1os. Evitar el contacto con los ojos.<\/p>\n<h2>Informaci\u00f3n adicional<\/h2>\n<p>Aqua(Water), Sodium Laureth Sulfate, Cocamide Dea, Cocamidopropyl Betaine, Aloe Barbadensis Leaf Extract, Polyquaternium-7, Lysine Carboxymethyl Cysteinate, Lysine Thiazolidine Carboxylate, Quillaja Saponaria Bark Extract, Cinchona Succirubra Bark Extract, Guar Hydroxypropyltrimonium Chloride, Parfum(Fragrance), Biotin, Styrene\/Acrylates Copolymer, Glycerin, Propylene Glycol, Phenoxyethanol, Sodium Chloride, Disodium Edta, Citric Acid, Ethylhexylglycerin, Sodium Hydroxide, Sodium Benzoate, Potassium Sorbate, Limonene, Linalool.<\/p>\n<p>Componente Acci\u00f3n Efecto Biotina Constituye una vitamina esencial en el crecimiento y salud del cabello. Una deficiencia de la misma est\u00e1 asociada a procesos de alopecia. Ayudan a fortalecer la ra\u00edz del cabello, fortaleciendo el mismo y facilitando su crecimiento. Aloe Vera Penetra con facilidad abriendo los poros, facilitando el acceso a sustancias beneciosas, adem\u00e1s logra una limpieza profunda de las impurezas del cabello. Facilita la nutrici\u00f3n y regeneraci\u00f3n del cabello. Elimina las impurezas, facilitando la oxigenaci\u00f3n del cabello. Tiolisina complex Gracias a los enlaces de azufre que se unen a los amino\u00e1cidos de las glicoprote\u00ednas de la piel, ayuda a disminuir producci\u00f3n de grasa. Efecto seborregulador Extracto de quillaya Contiene saponinas, las cuales tienen efectos detergentes y taninos, con actividad astringente. Astringente y seborregulador Extracto de quina Por su contenido en taninos, act\u00faa como astringente y purificante. Purificante y astringente<\/p>\n","protected":false},"excerpt":{"rendered":"<p>Champ\u00fa especialmente dise\u00f1ado para cabellos grasos. Ayuda a limpiar el exceso de sebo depositado en la fibra capilar proporcionando un acabado m\u00e1s suave y sin brillos. Se obtiene un cabello m\u00e1s natural y sin sensaci\u00f3n de pesadez. Formulado con una combinaci\u00f3n de activos seboreguladores que, no s\u00f3lo ayudan a eliminar el exceso de grasa, sino que tambi\u00e9n ayudan a minimizar la aparici\u00f3n de caspa.<br \/>\n<a id=\"boton-ficha\" href=\"https:\/\/panel.drasanvi.com\/fichas\/1\/032060654\" target=\"_blank\" rel=\"noopener\">Ficha t\u00e9cnica<\/a><\/p>\n","protected":false},"featured_media":19887,"template":"","meta":{"inline_featured_image":false},"product_cat":[94],"product_tag":[],"class_list":["post-13845","product","type-product","status-publish","has-post-thumbnail","hentry","product_cat-cosmetica","pa_contiene-altramuces-no","pa_contiene-apio-no","pa_contiene-cacahuetes-no","pa_contiene-crustaceos-no","pa_contiene-frutos-secos-no","pa_contiene-huevo-no","pa_contiene-leche-no","pa_contiene-moluscos-no","pa_contiene-mostaza-no","pa_contiene-pescado-no","pa_contiene-sesamo-no","pa_contiene-soja-no","pa_producto-bio-no","pa_producto-sin-gluten-si","pa_producto-vegano-si","pa_producto-vegetariano-no"],"yoast_head":"<!-- This site is optimized with the Yoast SEO plugin v27.5 - https:\/\/yoast.com\/product\/yoast-seo-wordpress\/ -->\n<title>Champ\u00fa Biotina y Aloe vera - Pelos grasos 100 ml - Drasanvi Francia<\/title>\n<meta name=\"robots\" content=\"index, follow, max-snippet:-1, max-image-preview:large, max-video-preview:-1\" \/>\n<link rel=\"canonical\" href=\"https:\/\/drasanvi.com\/fr\/producto\/champu-biotina-y-aloe-vera-pelos-grasos-100-ml\/\" \/>\n<meta property=\"og:locale\" content=\"fr_FR\" \/>\n<meta property=\"og:type\" content=\"article\" \/>\n<meta property=\"og:title\" content=\"Champ\u00fa Biotina y Aloe vera - Pelos grasos 100 ml - Drasanvi Francia\" \/>\n<meta property=\"og:description\" content=\"Champ\u00fa especialmente dise\u00f1ado para cabellos grasos. Ayuda a limpiar el exceso de sebo depositado en la fibra capilar proporcionando un acabado m\u00e1s suave y sin brillos. Se obtiene un cabello m\u00e1s natural y sin sensaci\u00f3n de pesadez. Formulado con una combinaci\u00f3n de activos seboreguladores que, no s\u00f3lo ayudan a eliminar el exceso de grasa, sino que tambi\u00e9n ayudan a minimizar la aparici\u00f3n de caspa. Ficha t\u00e9cnica\" \/>\n<meta property=\"og:url\" content=\"https:\/\/drasanvi.com\/fr\/producto\/champu-biotina-y-aloe-vera-pelos-grasos-100-ml\/\" \/>\n<meta property=\"og:site_name\" content=\"Drasanvi Francia\" \/>\n<meta property=\"article:modified_time\" content=\"2022-03-15T13:46:34+00:00\" \/>\n<meta property=\"og:image\" content=\"https:\/\/drasanvi.com\/wp-content\/uploads\/sites\/7\/2022\/02\/032060654.png\" \/>\n\t<meta property=\"og:image:width\" content=\"1200\" \/>\n\t<meta property=\"og:image:height\" content=\"1200\" \/>\n\t<meta property=\"og:image:type\" content=\"image\/png\" \/>\n<meta name=\"twitter:card\" content=\"summary_large_image\" \/>\n<script type=\"application\/ld+json\" class=\"yoast-schema-graph\">{\"@context\":\"https:\\\/\\\/schema.org\",\"@graph\":[{\"@type\":\"WebPage\",\"@id\":\"https:\\\/\\\/drasanvi.com\\\/fr\\\/producto\\\/champu-biotina-y-aloe-vera-pelos-grasos-100-ml\\\/\",\"url\":\"https:\\\/\\\/drasanvi.com\\\/fr\\\/producto\\\/champu-biotina-y-aloe-vera-pelos-grasos-100-ml\\\/\",\"name\":\"Champ\u00fa Biotina y Aloe vera - Pelos grasos 100 ml - Drasanvi Francia\",\"isPartOf\":{\"@id\":\"https:\\\/\\\/drasanvi.com\\\/fr\\\/#website\"},\"primaryImageOfPage\":{\"@id\":\"https:\\\/\\\/drasanvi.com\\\/fr\\\/producto\\\/champu-biotina-y-aloe-vera-pelos-grasos-100-ml\\\/#primaryimage\"},\"image\":{\"@id\":\"https:\\\/\\\/drasanvi.com\\\/fr\\\/producto\\\/champu-biotina-y-aloe-vera-pelos-grasos-100-ml\\\/#primaryimage\"},\"thumbnailUrl\":\"https:\\\/\\\/drasanvi.com\\\/fr\\\/wp-content\\\/uploads\\\/sites\\\/7\\\/2022\\\/02\\\/032060654.png\",\"datePublished\":\"2022-02-28T13:01:42+00:00\",\"dateModified\":\"2022-03-15T13:46:34+00:00\",\"breadcrumb\":{\"@id\":\"https:\\\/\\\/drasanvi.com\\\/fr\\\/producto\\\/champu-biotina-y-aloe-vera-pelos-grasos-100-ml\\\/#breadcrumb\"},\"inLanguage\":\"fr-FR\",\"potentialAction\":[{\"@type\":\"ReadAction\",\"target\":[\"https:\\\/\\\/drasanvi.com\\\/fr\\\/producto\\\/champu-biotina-y-aloe-vera-pelos-grasos-100-ml\\\/\"]}]},{\"@type\":\"ImageObject\",\"inLanguage\":\"fr-FR\",\"@id\":\"https:\\\/\\\/drasanvi.com\\\/fr\\\/producto\\\/champu-biotina-y-aloe-vera-pelos-grasos-100-ml\\\/#primaryimage\",\"url\":\"https:\\\/\\\/drasanvi.com\\\/fr\\\/wp-content\\\/uploads\\\/sites\\\/7\\\/2022\\\/02\\\/032060654.png\",\"contentUrl\":\"https:\\\/\\\/drasanvi.com\\\/fr\\\/wp-content\\\/uploads\\\/sites\\\/7\\\/2022\\\/02\\\/032060654.png\",\"width\":1200,\"height\":1200},{\"@type\":\"BreadcrumbList\",\"@id\":\"https:\\\/\\\/drasanvi.com\\\/fr\\\/producto\\\/champu-biotina-y-aloe-vera-pelos-grasos-100-ml\\\/#breadcrumb\",\"itemListElement\":[{\"@type\":\"ListItem\",\"position\":1,\"name\":\"Portada\",\"item\":\"https:\\\/\\\/drasanvi.com\\\/fr\\\/\"},{\"@type\":\"ListItem\",\"position\":2,\"name\":\"Tienda\",\"item\":\"https:\\\/\\\/drasanvi.com\\\/fr\\\/tienda\\\/\"},{\"@type\":\"ListItem\",\"position\":3,\"name\":\"Champ\u00fa Biotina y Aloe vera &#8211; Pelos grasos 100 ml\"}]},{\"@type\":\"WebSite\",\"@id\":\"https:\\\/\\\/drasanvi.com\\\/fr\\\/#website\",\"url\":\"https:\\\/\\\/drasanvi.com\\\/fr\\\/\",\"name\":\"Drasanvi Francia\",\"description\":\"L\u00edder en complementos alimenticios y cosm\u00e9tica natural.\",\"publisher\":{\"@id\":\"https:\\\/\\\/drasanvi.com\\\/fr\\\/#organization\"},\"potentialAction\":[{\"@type\":\"SearchAction\",\"target\":{\"@type\":\"EntryPoint\",\"urlTemplate\":\"https:\\\/\\\/drasanvi.com\\\/fr\\\/?s={search_term_string}\"},\"query-input\":{\"@type\":\"PropertyValueSpecification\",\"valueRequired\":true,\"valueName\":\"search_term_string\"}}],\"inLanguage\":\"fr-FR\"},{\"@type\":\"Organization\",\"@id\":\"https:\\\/\\\/drasanvi.com\\\/fr\\\/#organization\",\"name\":\"Drasanvi\",\"url\":\"https:\\\/\\\/drasanvi.com\\\/fr\\\/\",\"logo\":{\"@type\":\"ImageObject\",\"inLanguage\":\"fr-FR\",\"@id\":\"https:\\\/\\\/drasanvi.com\\\/fr\\\/#\\\/schema\\\/logo\\\/image\\\/\",\"url\":\"https:\\\/\\\/drasanvi.com\\\/wp-content\\\/uploads\\\/sites\\\/7\\\/2021\\\/07\\\/logo-drasanvi.png\",\"contentUrl\":\"https:\\\/\\\/drasanvi.com\\\/wp-content\\\/uploads\\\/sites\\\/7\\\/2021\\\/07\\\/logo-drasanvi.png\",\"width\":900,\"height\":300,\"caption\":\"Drasanvi\"},\"image\":{\"@id\":\"https:\\\/\\\/drasanvi.com\\\/fr\\\/#\\\/schema\\\/logo\\\/image\\\/\"}}]}<\/script>\n<!-- \/ Yoast SEO plugin. -->","yoast_head_json":{"title":"Champ\u00fa Biotina y Aloe vera - Pelos grasos 100 ml - Drasanvi Francia","robots":{"index":"index","follow":"follow","max-snippet":"max-snippet:-1","max-image-preview":"max-image-preview:large","max-video-preview":"max-video-preview:-1"},"canonical":"https:\/\/drasanvi.com\/fr\/producto\/champu-biotina-y-aloe-vera-pelos-grasos-100-ml\/","og_locale":"fr_FR","og_type":"article","og_title":"Champ\u00fa Biotina y Aloe vera - Pelos grasos 100 ml - Drasanvi Francia","og_description":"Champ\u00fa especialmente dise\u00f1ado para cabellos grasos. Ayuda a limpiar el exceso de sebo depositado en la fibra capilar proporcionando un acabado m\u00e1s suave y sin brillos. Se obtiene un cabello m\u00e1s natural y sin sensaci\u00f3n de pesadez. Formulado con una combinaci\u00f3n de activos seboreguladores que, no s\u00f3lo ayudan a eliminar el exceso de grasa, sino que tambi\u00e9n ayudan a minimizar la aparici\u00f3n de caspa. Ficha t\u00e9cnica","og_url":"https:\/\/drasanvi.com\/fr\/producto\/champu-biotina-y-aloe-vera-pelos-grasos-100-ml\/","og_site_name":"Drasanvi Francia","article_modified_time":"2022-03-15T13:46:34+00:00","og_image":[{"width":1200,"height":1200,"url":"https:\/\/drasanvi.com\/wp-content\/uploads\/sites\/7\/2022\/02\/032060654.png","type":"image\/png"}],"twitter_card":"summary_large_image","schema":{"@context":"https:\/\/schema.org","@graph":[{"@type":"WebPage","@id":"https:\/\/drasanvi.com\/fr\/producto\/champu-biotina-y-aloe-vera-pelos-grasos-100-ml\/","url":"https:\/\/drasanvi.com\/fr\/producto\/champu-biotina-y-aloe-vera-pelos-grasos-100-ml\/","name":"Champ\u00fa Biotina y Aloe vera - Pelos grasos 100 ml - Drasanvi Francia","isPartOf":{"@id":"https:\/\/drasanvi.com\/fr\/#website"},"primaryImageOfPage":{"@id":"https:\/\/drasanvi.com\/fr\/producto\/champu-biotina-y-aloe-vera-pelos-grasos-100-ml\/#primaryimage"},"image":{"@id":"https:\/\/drasanvi.com\/fr\/producto\/champu-biotina-y-aloe-vera-pelos-grasos-100-ml\/#primaryimage"},"thumbnailUrl":"https:\/\/drasanvi.com\/fr\/wp-content\/uploads\/sites\/7\/2022\/02\/032060654.png","datePublished":"2022-02-28T13:01:42+00:00","dateModified":"2022-03-15T13:46:34+00:00","breadcrumb":{"@id":"https:\/\/drasanvi.com\/fr\/producto\/champu-biotina-y-aloe-vera-pelos-grasos-100-ml\/#breadcrumb"},"inLanguage":"fr-FR","potentialAction":[{"@type":"ReadAction","target":["https:\/\/drasanvi.com\/fr\/producto\/champu-biotina-y-aloe-vera-pelos-grasos-100-ml\/"]}]},{"@type":"ImageObject","inLanguage":"fr-FR","@id":"https:\/\/drasanvi.com\/fr\/producto\/champu-biotina-y-aloe-vera-pelos-grasos-100-ml\/#primaryimage","url":"https:\/\/drasanvi.com\/fr\/wp-content\/uploads\/sites\/7\/2022\/02\/032060654.png","contentUrl":"https:\/\/drasanvi.com\/fr\/wp-content\/uploads\/sites\/7\/2022\/02\/032060654.png","width":1200,"height":1200},{"@type":"BreadcrumbList","@id":"https:\/\/drasanvi.com\/fr\/producto\/champu-biotina-y-aloe-vera-pelos-grasos-100-ml\/#breadcrumb","itemListElement":[{"@type":"ListItem","position":1,"name":"Portada","item":"https:\/\/drasanvi.com\/fr\/"},{"@type":"ListItem","position":2,"name":"Tienda","item":"https:\/\/drasanvi.com\/fr\/tienda\/"},{"@type":"ListItem","position":3,"name":"Champ\u00fa Biotina y Aloe vera &#8211; Pelos grasos 100 ml"}]},{"@type":"WebSite","@id":"https:\/\/drasanvi.com\/fr\/#website","url":"https:\/\/drasanvi.com\/fr\/","name":"Drasanvi Francia","description":"L\u00edder en complementos alimenticios y cosm\u00e9tica natural.","publisher":{"@id":"https:\/\/drasanvi.com\/fr\/#organization"},"potentialAction":[{"@type":"SearchAction","target":{"@type":"EntryPoint","urlTemplate":"https:\/\/drasanvi.com\/fr\/?s={search_term_string}"},"query-input":{"@type":"PropertyValueSpecification","valueRequired":true,"valueName":"search_term_string"}}],"inLanguage":"fr-FR"},{"@type":"Organization","@id":"https:\/\/drasanvi.com\/fr\/#organization","name":"Drasanvi","url":"https:\/\/drasanvi.com\/fr\/","logo":{"@type":"ImageObject","inLanguage":"fr-FR","@id":"https:\/\/drasanvi.com\/fr\/#\/schema\/logo\/image\/","url":"https:\/\/drasanvi.com\/wp-content\/uploads\/sites\/7\/2021\/07\/logo-drasanvi.png","contentUrl":"https:\/\/drasanvi.com\/wp-content\/uploads\/sites\/7\/2021\/07\/logo-drasanvi.png","width":900,"height":300,"caption":"Drasanvi"},"image":{"@id":"https:\/\/drasanvi.com\/fr\/#\/schema\/logo\/image\/"}}]}},"_links":{"self":[{"href":"https:\/\/drasanvi.com\/fr\/wp-json\/wp\/v2\/product\/13845","targetHints":{"allow":["GET"]}}],"collection":[{"href":"https:\/\/drasanvi.com\/fr\/wp-json\/wp\/v2\/product"}],"about":[{"href":"https:\/\/drasanvi.com\/fr\/wp-json\/wp\/v2\/types\/product"}],"version-history":[{"count":0,"href":"https:\/\/drasanvi.com\/fr\/wp-json\/wp\/v2\/product\/13845\/revisions"}],"wp:featuredmedia":[{"embeddable":true,"href":"https:\/\/drasanvi.com\/fr\/wp-json\/wp\/v2\/media\/19887"}],"wp:attachment":[{"href":"https:\/\/drasanvi.com\/fr\/wp-json\/wp\/v2\/media?parent=13845"}],"wp:term":[{"taxonomy":"product_cat","embeddable":true,"href":"https:\/\/drasanvi.com\/fr\/wp-json\/wp\/v2\/product_cat?post=13845"},{"taxonomy":"product_tag","embeddable":true,"href":"https:\/\/drasanvi.com\/fr\/wp-json\/wp\/v2\/product_tag?post=13845"}],"curies":[{"name":"wp","href":"https:\/\/api.w.org\/{rel}","templated":true}]}}