{"id":13787,"date":"2022-02-28T15:21:00","date_gmt":"2022-02-28T13:21:00","guid":{"rendered":"https:\/\/drasanvi.com\/fr\/?post_type=product&#038;p=13787"},"modified":"2022-03-15T17:36:35","modified_gmt":"2022-03-15T15:36:35","slug":"vitamolas-multivitaminico","status":"publish","type":"product","link":"https:\/\/drasanvi.com\/fr\/producto\/vitamolas-multivitaminico\/","title":{"rendered":"Vitamolas multivitam\u00ednico"},"content":{"rendered":"<h2>Ingredientes<\/h2>\n<p>Ingredientes mg \/ Dosis diaria) Vitamina CEn forma de \u00e1cido asc\u00f3rbico 60 mg Zinc \u00a0En forma de gluconato de zinc 3,84 mg Mezcla de frutas y verduras Extracto de te verde (23%), Mezcla de zumos de frutas (Ar\u00e1ndano, pomelo, papaya, pi\u00f1a, fresa, manzana, albaricoque, cereza, naranja y grosella negra), mezcla de zumos de vegetales (zanahoria, tomate, brocoli, col, cebolla, ajo, esparragos, aceitunas,pepino) y extracto de uvas (10%) 40 mg Vitamina EEn forma de D-alfatocoferol\u00a0 18 mg Vitamina B3En forma de nicotinamida 12 mg Vitamina\u00a0 B5En forma de D-pantotenato de calcio 4,5 mg Vitamina AEn forma de acetato de retinol 3,99 mg Vitamina B12En forma de cianocobalamina\u00a0 1,875mg Vitamina D3En forma de colecalciferol 1,5 mg Vitamina B6En forma de clorhidrato de piridoxina 1,05 mg Yoduro potasio 0,15 mg \u00c1cido f\u00f3licoEn forma de \u00e1cido pteroil-L-glut\u00e1mico 150 \u00b5g Biotina 37,5 \u00b5g Otros Ingredientes: Jarabe de maltitol (edulcorante), jarabe de sorbitol (edulcorante), maltitol en polvo (edulcotante), pectina (gelificante), agua, acido citrico (acidulante), aroma de lim\u00f3n (aroma), curcimina (colorante). Sin colorantes, conservantes ni az\u00facares a\u00f1adidos.<\/p>\n<h2>Modo de uso<\/h2>\n<p>Tomar 2 gominolas al d\u00eda, 1 en el desayuno y 1 al mediod\u00eda<\/p>\n<h3>Presentaci\u00f3n<\/h3>\n<p>Envase de 60\u00a0gominolas de 2,5 g. Peso total 150 g (5,2 oz)<\/p>\n<h3>Advertencias<\/h3>\n<p>Complemento alimenticio a base de plantas, mezcla de frutas, vitaminas y minerales con edulcorantes. Los complementos alimenticios no deben utilizarse como sustitutivos de una dieta equilibrada. No superar la dosis diaria expresamente recomendada. Mantener fuera del alcance de los ni\u00f1os m\u00e1s peque\u00f1os.\u00a0Conservar en un lugar fresco y seco. Tomar el producto con mucha agua para asegurarse de que la sustancia llega al est\u00f3mago. Se advierte de peligro de asfixia para personas con problemas de degluci\u00f3n. Evitar el consumo junto con medicamentos y otros complementos alimenticios a base de fibra.<\/p>\n<h2>Informaci\u00f3n adicional<\/h2>\n<p>Ingrediente Descripcion Cantiadad dosis diaria (2 gominolas) Edulcorante (Jarabe de maltitol) 3228 mg Edulcorante (Jarabe de sorbitol) 739 mg Edulcorante (Maltitol en polvo) 650 mg Pectina de frutas \u00a0 127,5 mg Vitamina C microencapsulada (\u00c1cido asc\u00f3rbico) 60 mg Mezcla de frutas Extracto de te verde (23%), Mezcla de zumos de frutas (Ar\u00e1ndano 3%, pomelo 1.2%, papaya 2%, pi\u00f1a 2%, fresa 2%, manzana 2%, albaricoque 2%, cereza 2%, naranja 2% y grosella negra 1.5%), mezcla de zumos de vegetales (zanahoria 3%, tomate 1.2%, brocoli 1.5%, col 1.5%, cebolla 1.5%, ajo 1.5%, esparragos 1%, aceitunas 1.5% , pepino 1.5%) y extracto\u00a0de uvas (10%) 40 mg Agua \u00a0 30 mg Acidulante (\u00c1cido c\u00edtrico) 30 mg Gluconato de zinc (Zinc 14.35%) 26,78 mg Vitamina E (D-alfatocoferol) 18 mg Aroma\u00a0 (Aroma lim\u00f3n) 12,5 mg Colorante (Curcumina) 12,5 mg Vitamina B3 (Nicotinamida) 12 mg Vitamina\u00a0 B5 (D-pantotenato de calcio) 4.5 mg Vitamina A (Acetato de tocoferol) 3.99 mg Vitamina B12 (Cianocobalamina) 1.875 mg Vitamina D3 (colecalciferol) 1.5 mg Vitamina B6 (Clorhidrato de piridoxina) 1.05 mg Yoduro pot\u00e1sico \u00a0 0,15 mg \u00c1cido f\u00f3lico (\u00e1cido pteroil-L-glut\u00e1mico) 150 \u00b5g Biotina (D-biotina) 37.5 \u00b5g<\/p>\n<p>Por 100 g Por dosis diaria (2 gominolas) Valor energ\u00e9tico 1463 kJ &#8211; 348 kcal 73 kJ-17,4 kcal Grasas<\/p>\n","protected":false},"excerpt":{"rendered":"<p>Las Vitamolas de Drasanvi son gominolas elaboradas a base de pectina de fruta (sin gelatina) sin az\u00facares y sin al\u00e9rgenos. Nuestras gominolas combinan la acci\u00f3n de vitaminas y minerales, reforz\u00e1ndola\u00a0 con una mezcla de frutas y verduras. Pensado para adultos que necesiten un aporte de vitaminas y minerales. Por su contenido en Vitamina C, Vitamina B12 y Biotina contribuyen al metabolismo energ\u00e9tico normal. Por su contenido en Vitamina E y Vitamina D3 contribuye a la protecci\u00f3n de las c\u00e9lulas frente al da\u00f1o oxidativo. Por su contenido en Vitaminas B3, B5, B6 y \u00e1cido f\u00f3lico contribuyen a disminuir el cansancio y la fatiga. Por su contenido en Yodo contribuye a la funci\u00f3n congnitiva normal. Por su contenido en Zinc contribuye a la s\u00edntesis prote\u00ednica normal.<br \/>\n<a id=\"boton-ficha\" href=\"https:\/\/panel.drasanvi.com\/fichas\/1\/032050595\" target=\"_blank\" rel=\"noopener\">Ficha t\u00e9cnica<\/a><\/p>\n","protected":false},"featured_media":20925,"template":"","meta":{"inline_featured_image":false},"product_cat":[99,118],"product_tag":[],"class_list":["post-13787","product","type-product","status-publish","has-post-thumbnail","hentry","product_cat-energia-vitalidad","product_cat-vitaminas-minerales","pa_contiene-altramuces-no","pa_contiene-apio-no","pa_contiene-cacahuetes-no","pa_contiene-crustaceos-no","pa_contiene-frutos-secos-no","pa_contiene-huevo-no","pa_contiene-leche-no","pa_contiene-moluscos-no","pa_contiene-mostaza-no","pa_contiene-pescado-no","pa_contiene-sesamo-no","pa_contiene-soja-no","pa_producto-bio-no","pa_producto-sin-gluten-si","pa_producto-vegano-si","pa_producto-vegetariano-no"],"yoast_head":"<!-- This site is optimized with the Yoast SEO plugin v27.4 - https:\/\/yoast.com\/product\/yoast-seo-wordpress\/ -->\n<title>Vitamolas multivitam\u00ednico - Drasanvi Francia<\/title>\n<meta name=\"robots\" content=\"index, follow, max-snippet:-1, max-image-preview:large, max-video-preview:-1\" \/>\n<link rel=\"canonical\" href=\"https:\/\/drasanvi.com\/fr\/producto\/vitamolas-multivitaminico\/\" \/>\n<meta property=\"og:locale\" content=\"fr_FR\" \/>\n<meta property=\"og:type\" content=\"article\" \/>\n<meta property=\"og:title\" content=\"Vitamolas multivitam\u00ednico - Drasanvi Francia\" \/>\n<meta property=\"og:description\" content=\"Las Vitamolas de Drasanvi son gominolas elaboradas a base de pectina de fruta (sin gelatina) sin az\u00facares y sin al\u00e9rgenos. Nuestras gominolas combinan la acci\u00f3n de vitaminas y minerales, reforz\u00e1ndola\u00a0 con una mezcla de frutas y verduras. Pensado para adultos que necesiten un aporte de vitaminas y minerales. Por su contenido en Vitamina C, Vitamina B12 y Biotina contribuyen al metabolismo energ\u00e9tico normal. Por su contenido en Vitamina E y Vitamina D3 contribuye a la protecci\u00f3n de las c\u00e9lulas frente al da\u00f1o oxidativo. Por su contenido en Vitaminas B3, B5, B6 y \u00e1cido f\u00f3lico contribuyen a disminuir el cansancio y la fatiga. Por su contenido en Yodo contribuye a la funci\u00f3n congnitiva normal. Por su contenido en Zinc contribuye a la s\u00edntesis prote\u00ednica normal. Ficha t\u00e9cnica\" \/>\n<meta property=\"og:url\" content=\"https:\/\/drasanvi.com\/fr\/producto\/vitamolas-multivitaminico\/\" \/>\n<meta property=\"og:site_name\" content=\"Drasanvi Francia\" \/>\n<meta property=\"article:modified_time\" content=\"2022-03-15T15:36:35+00:00\" \/>\n<meta property=\"og:image\" content=\"https:\/\/drasanvi.com\/wp-content\/uploads\/sites\/7\/2022\/02\/032050595.png\" \/>\n\t<meta property=\"og:image:width\" content=\"1000\" \/>\n\t<meta property=\"og:image:height\" content=\"1000\" \/>\n\t<meta property=\"og:image:type\" content=\"image\/png\" \/>\n<meta name=\"twitter:card\" content=\"summary_large_image\" \/>\n<script type=\"application\/ld+json\" class=\"yoast-schema-graph\">{\"@context\":\"https:\\\/\\\/schema.org\",\"@graph\":[{\"@type\":\"WebPage\",\"@id\":\"https:\\\/\\\/drasanvi.com\\\/fr\\\/producto\\\/vitamolas-multivitaminico\\\/\",\"url\":\"https:\\\/\\\/drasanvi.com\\\/fr\\\/producto\\\/vitamolas-multivitaminico\\\/\",\"name\":\"Vitamolas multivitam\u00ednico - Drasanvi Francia\",\"isPartOf\":{\"@id\":\"https:\\\/\\\/drasanvi.com\\\/fr\\\/#website\"},\"primaryImageOfPage\":{\"@id\":\"https:\\\/\\\/drasanvi.com\\\/fr\\\/producto\\\/vitamolas-multivitaminico\\\/#primaryimage\"},\"image\":{\"@id\":\"https:\\\/\\\/drasanvi.com\\\/fr\\\/producto\\\/vitamolas-multivitaminico\\\/#primaryimage\"},\"thumbnailUrl\":\"https:\\\/\\\/drasanvi.com\\\/fr\\\/wp-content\\\/uploads\\\/sites\\\/7\\\/2022\\\/02\\\/032050595.png\",\"datePublished\":\"2022-02-28T13:21:00+00:00\",\"dateModified\":\"2022-03-15T15:36:35+00:00\",\"breadcrumb\":{\"@id\":\"https:\\\/\\\/drasanvi.com\\\/fr\\\/producto\\\/vitamolas-multivitaminico\\\/#breadcrumb\"},\"inLanguage\":\"fr-FR\",\"potentialAction\":[{\"@type\":\"ReadAction\",\"target\":[\"https:\\\/\\\/drasanvi.com\\\/fr\\\/producto\\\/vitamolas-multivitaminico\\\/\"]}]},{\"@type\":\"ImageObject\",\"inLanguage\":\"fr-FR\",\"@id\":\"https:\\\/\\\/drasanvi.com\\\/fr\\\/producto\\\/vitamolas-multivitaminico\\\/#primaryimage\",\"url\":\"https:\\\/\\\/drasanvi.com\\\/fr\\\/wp-content\\\/uploads\\\/sites\\\/7\\\/2022\\\/02\\\/032050595.png\",\"contentUrl\":\"https:\\\/\\\/drasanvi.com\\\/fr\\\/wp-content\\\/uploads\\\/sites\\\/7\\\/2022\\\/02\\\/032050595.png\",\"width\":1000,\"height\":1000},{\"@type\":\"BreadcrumbList\",\"@id\":\"https:\\\/\\\/drasanvi.com\\\/fr\\\/producto\\\/vitamolas-multivitaminico\\\/#breadcrumb\",\"itemListElement\":[{\"@type\":\"ListItem\",\"position\":1,\"name\":\"Portada\",\"item\":\"https:\\\/\\\/drasanvi.com\\\/fr\\\/\"},{\"@type\":\"ListItem\",\"position\":2,\"name\":\"Tienda\",\"item\":\"https:\\\/\\\/drasanvi.com\\\/fr\\\/tienda\\\/\"},{\"@type\":\"ListItem\",\"position\":3,\"name\":\"Vitamolas multivitam\u00ednico\"}]},{\"@type\":\"WebSite\",\"@id\":\"https:\\\/\\\/drasanvi.com\\\/fr\\\/#website\",\"url\":\"https:\\\/\\\/drasanvi.com\\\/fr\\\/\",\"name\":\"Drasanvi Francia\",\"description\":\"L\u00edder en complementos alimenticios y cosm\u00e9tica natural.\",\"publisher\":{\"@id\":\"https:\\\/\\\/drasanvi.com\\\/fr\\\/#organization\"},\"potentialAction\":[{\"@type\":\"SearchAction\",\"target\":{\"@type\":\"EntryPoint\",\"urlTemplate\":\"https:\\\/\\\/drasanvi.com\\\/fr\\\/?s={search_term_string}\"},\"query-input\":{\"@type\":\"PropertyValueSpecification\",\"valueRequired\":true,\"valueName\":\"search_term_string\"}}],\"inLanguage\":\"fr-FR\"},{\"@type\":\"Organization\",\"@id\":\"https:\\\/\\\/drasanvi.com\\\/fr\\\/#organization\",\"name\":\"Drasanvi\",\"url\":\"https:\\\/\\\/drasanvi.com\\\/fr\\\/\",\"logo\":{\"@type\":\"ImageObject\",\"inLanguage\":\"fr-FR\",\"@id\":\"https:\\\/\\\/drasanvi.com\\\/fr\\\/#\\\/schema\\\/logo\\\/image\\\/\",\"url\":\"https:\\\/\\\/drasanvi.com\\\/wp-content\\\/uploads\\\/sites\\\/7\\\/2021\\\/07\\\/logo-drasanvi.png\",\"contentUrl\":\"https:\\\/\\\/drasanvi.com\\\/wp-content\\\/uploads\\\/sites\\\/7\\\/2021\\\/07\\\/logo-drasanvi.png\",\"width\":900,\"height\":300,\"caption\":\"Drasanvi\"},\"image\":{\"@id\":\"https:\\\/\\\/drasanvi.com\\\/fr\\\/#\\\/schema\\\/logo\\\/image\\\/\"}}]}<\/script>\n<!-- \/ Yoast SEO plugin. -->","yoast_head_json":{"title":"Vitamolas multivitam\u00ednico - Drasanvi Francia","robots":{"index":"index","follow":"follow","max-snippet":"max-snippet:-1","max-image-preview":"max-image-preview:large","max-video-preview":"max-video-preview:-1"},"canonical":"https:\/\/drasanvi.com\/fr\/producto\/vitamolas-multivitaminico\/","og_locale":"fr_FR","og_type":"article","og_title":"Vitamolas multivitam\u00ednico - Drasanvi Francia","og_description":"Las Vitamolas de Drasanvi son gominolas elaboradas a base de pectina de fruta (sin gelatina) sin az\u00facares y sin al\u00e9rgenos. Nuestras gominolas combinan la acci\u00f3n de vitaminas y minerales, reforz\u00e1ndola\u00a0 con una mezcla de frutas y verduras. Pensado para adultos que necesiten un aporte de vitaminas y minerales. Por su contenido en Vitamina C, Vitamina B12 y Biotina contribuyen al metabolismo energ\u00e9tico normal. Por su contenido en Vitamina E y Vitamina D3 contribuye a la protecci\u00f3n de las c\u00e9lulas frente al da\u00f1o oxidativo. Por su contenido en Vitaminas B3, B5, B6 y \u00e1cido f\u00f3lico contribuyen a disminuir el cansancio y la fatiga. Por su contenido en Yodo contribuye a la funci\u00f3n congnitiva normal. Por su contenido en Zinc contribuye a la s\u00edntesis prote\u00ednica normal. Ficha t\u00e9cnica","og_url":"https:\/\/drasanvi.com\/fr\/producto\/vitamolas-multivitaminico\/","og_site_name":"Drasanvi Francia","article_modified_time":"2022-03-15T15:36:35+00:00","og_image":[{"width":1000,"height":1000,"url":"https:\/\/drasanvi.com\/wp-content\/uploads\/sites\/7\/2022\/02\/032050595.png","type":"image\/png"}],"twitter_card":"summary_large_image","schema":{"@context":"https:\/\/schema.org","@graph":[{"@type":"WebPage","@id":"https:\/\/drasanvi.com\/fr\/producto\/vitamolas-multivitaminico\/","url":"https:\/\/drasanvi.com\/fr\/producto\/vitamolas-multivitaminico\/","name":"Vitamolas multivitam\u00ednico - Drasanvi Francia","isPartOf":{"@id":"https:\/\/drasanvi.com\/fr\/#website"},"primaryImageOfPage":{"@id":"https:\/\/drasanvi.com\/fr\/producto\/vitamolas-multivitaminico\/#primaryimage"},"image":{"@id":"https:\/\/drasanvi.com\/fr\/producto\/vitamolas-multivitaminico\/#primaryimage"},"thumbnailUrl":"https:\/\/drasanvi.com\/fr\/wp-content\/uploads\/sites\/7\/2022\/02\/032050595.png","datePublished":"2022-02-28T13:21:00+00:00","dateModified":"2022-03-15T15:36:35+00:00","breadcrumb":{"@id":"https:\/\/drasanvi.com\/fr\/producto\/vitamolas-multivitaminico\/#breadcrumb"},"inLanguage":"fr-FR","potentialAction":[{"@type":"ReadAction","target":["https:\/\/drasanvi.com\/fr\/producto\/vitamolas-multivitaminico\/"]}]},{"@type":"ImageObject","inLanguage":"fr-FR","@id":"https:\/\/drasanvi.com\/fr\/producto\/vitamolas-multivitaminico\/#primaryimage","url":"https:\/\/drasanvi.com\/fr\/wp-content\/uploads\/sites\/7\/2022\/02\/032050595.png","contentUrl":"https:\/\/drasanvi.com\/fr\/wp-content\/uploads\/sites\/7\/2022\/02\/032050595.png","width":1000,"height":1000},{"@type":"BreadcrumbList","@id":"https:\/\/drasanvi.com\/fr\/producto\/vitamolas-multivitaminico\/#breadcrumb","itemListElement":[{"@type":"ListItem","position":1,"name":"Portada","item":"https:\/\/drasanvi.com\/fr\/"},{"@type":"ListItem","position":2,"name":"Tienda","item":"https:\/\/drasanvi.com\/fr\/tienda\/"},{"@type":"ListItem","position":3,"name":"Vitamolas multivitam\u00ednico"}]},{"@type":"WebSite","@id":"https:\/\/drasanvi.com\/fr\/#website","url":"https:\/\/drasanvi.com\/fr\/","name":"Drasanvi Francia","description":"L\u00edder en complementos alimenticios y cosm\u00e9tica natural.","publisher":{"@id":"https:\/\/drasanvi.com\/fr\/#organization"},"potentialAction":[{"@type":"SearchAction","target":{"@type":"EntryPoint","urlTemplate":"https:\/\/drasanvi.com\/fr\/?s={search_term_string}"},"query-input":{"@type":"PropertyValueSpecification","valueRequired":true,"valueName":"search_term_string"}}],"inLanguage":"fr-FR"},{"@type":"Organization","@id":"https:\/\/drasanvi.com\/fr\/#organization","name":"Drasanvi","url":"https:\/\/drasanvi.com\/fr\/","logo":{"@type":"ImageObject","inLanguage":"fr-FR","@id":"https:\/\/drasanvi.com\/fr\/#\/schema\/logo\/image\/","url":"https:\/\/drasanvi.com\/wp-content\/uploads\/sites\/7\/2021\/07\/logo-drasanvi.png","contentUrl":"https:\/\/drasanvi.com\/wp-content\/uploads\/sites\/7\/2021\/07\/logo-drasanvi.png","width":900,"height":300,"caption":"Drasanvi"},"image":{"@id":"https:\/\/drasanvi.com\/fr\/#\/schema\/logo\/image\/"}}]}},"_links":{"self":[{"href":"https:\/\/drasanvi.com\/fr\/wp-json\/wp\/v2\/product\/13787","targetHints":{"allow":["GET"]}}],"collection":[{"href":"https:\/\/drasanvi.com\/fr\/wp-json\/wp\/v2\/product"}],"about":[{"href":"https:\/\/drasanvi.com\/fr\/wp-json\/wp\/v2\/types\/product"}],"version-history":[{"count":0,"href":"https:\/\/drasanvi.com\/fr\/wp-json\/wp\/v2\/product\/13787\/revisions"}],"wp:featuredmedia":[{"embeddable":true,"href":"https:\/\/drasanvi.com\/fr\/wp-json\/wp\/v2\/media\/20925"}],"wp:attachment":[{"href":"https:\/\/drasanvi.com\/fr\/wp-json\/wp\/v2\/media?parent=13787"}],"wp:term":[{"taxonomy":"product_cat","embeddable":true,"href":"https:\/\/drasanvi.com\/fr\/wp-json\/wp\/v2\/product_cat?post=13787"},{"taxonomy":"product_tag","embeddable":true,"href":"https:\/\/drasanvi.com\/fr\/wp-json\/wp\/v2\/product_tag?post=13787"}],"curies":[{"name":"wp","href":"https:\/\/api.w.org\/{rel}","templated":true}]}}